{"id":10014,"date":"2024-07-27T13:12:42","date_gmt":"2024-07-27T07:42:42","guid":{"rendered":"https:\/\/conexmetals.com\/product\/aluminio-colocado-em-lugs\/"},"modified":"2024-09-16T12:03:16","modified_gmt":"2024-09-16T06:33:16","slug":"aluminio-colocado-em-lugs","status":"publish","type":"product","link":"https:\/\/conexmetals.com\/pt-br\/produto\/aluminio-colocado-em-lugs\/","title":{"rendered":"Alum\u00ednio colocado em Lugs"},"content":{"rendered":"","protected":false},"excerpt":{"rendered":"<p><img fetchpriority=\"high\" decoding=\"async\" class=\"size-full wp-image-6333 alignright\" src=\"https:\/\/conexmetals.com\/wp-content\/uploads\/2023\/08\/background-2.jpg\" alt=\"desenho de linha de coloca\u00e7\u00e3o de cobre em terminais\" width=\"295\" height=\"300\">  Na Conex Metals, fabricamos conectores de alum\u00ednio de alta qualidade, terminais e grampos para enterramento direto em instala\u00e7\u00f5es de pain\u00e9is solares. Nossos produtos s\u00e3o projetados para m\u00e1xima resist\u00eancia e condutividade, garantindo solu\u00e7\u00f5es de aterramento confi\u00e1veis. <strong>Principais caracter\u00edsticas:<\/strong> &#8211; Feito de cobre eletrol\u00edtico puro de alta resist\u00eancia para desempenho ideal &#8211; Listado pela UL467 para enterramento direto em terra ou concreto &#8211; Design de face aberta para coloca\u00e7\u00e3o r\u00e1pida e f\u00e1cil de condutores sem corte ou quebra &#8211; Acomoda fios de cobre n\u00ba 14 &#8211; n\u00ba 4 &#8211; Design de entrada lateral para instala\u00e7\u00e3o r\u00e1pida de condutores cont\u00ednuos em v\u00e1rios locais &#8211; Constru\u00eddo em cobre eletrol\u00edtico e a\u00e7o inoxid\u00e1vel AISI 304 para durabilidade &#8211; Em conformidade com os padr\u00f5es UL\/CSA <strong>Aplica\u00e7\u00f5es ideais:<\/strong> &#8211; Aterramento de piscinas &#8211; Instala\u00e7\u00f5es de pain\u00e9is solares Nossos conectores de cobre oferecem uma solu\u00e7\u00e3o confi\u00e1vel e eficiente para necessidades de aterramento. Com seu design de face aberta e recurso de entrada lateral, os instaladores podem conectar condutores de forma r\u00e1pida e f\u00e1cil a v\u00e1rios locais sem quebras. Confie na Conex Metals para Conectores Lay-In de Cobre de alta qualidade que atendem aos seus requisitos de aterramento. <strong>Terminais Lay-In de Cobre<\/strong> &#8211; Feitos de liga de cobre de alta resist\u00eancia para m\u00e1xima durabilidade &#8211; Adequados para enterramento direto na terra ou concreto &#8211; Projetados para uso somente com condutores de cobre &#8211; Apresentam um design de instala\u00e7\u00e3o conveniente para f\u00e1cil instala\u00e7\u00e3o &#8211; Listado pela cULus 467 para conformidade com os padr\u00f5es de seguran\u00e7a       [table id=\"329\" \/]<\/p>\n<p>&nbsp;<\/p>\n<p><strong><img decoding=\"async\" class=\"size-full wp-image-6341 alignleft\" src=\"https:\/\/conexmetals.com\/wp-content\/uploads\/2023\/08\/Bronze-hot-line-clamps-1-1.png\" alt=\"\" width=\"295\" height=\"300\">Tal\u00f5es de encaixe de alum\u00ednio<\/strong>  &#8211; Constru\u00eddo em liga de alum\u00ednio extrudado de alta resist\u00eancia para resist\u00eancia \u00e0 corros\u00e3o &#8211; Estanhado eletrol\u00edtico para melhor condutividade &#8211; Fornece baixa resist\u00eancia de contato para conex\u00f5es confi\u00e1veis &#8211; Adequado para uso com condutores de cobre ou alum\u00ednio para aplica\u00e7\u00f5es de aterramento e loop cont\u00ednuo &#8211; Listado cULus 467 para conformidade com padr\u00f5es de seguran\u00e7a  &nbsp;<\/p>\n<p>&nbsp;<\/p>\n[table id=\"326\" \/]\n<p>&nbsp;<\/p>\n<p><strong><img decoding=\"async\" class=\"size-full wp-image-6342 alignright\" src=\"https:\/\/conexmetals.com\/wp-content\/uploads\/2023\/08\/Bronze-hot-line-clamps-2-1.png\" alt=\"\" width=\"295\" height=\"300\">Tal\u00f5es de encaixe de alum\u00ednio<\/strong><\/p>\n<p><strong>Principais caracter\u00edsticas:<\/strong> &#8211; Constru\u00eddo em liga de alum\u00ednio extrudado de alta resist\u00eancia para durabilidade excepcional e resist\u00eancia \u00e0 corros\u00e3o &#8211; Estanhado com parafuso de a\u00e7o inoxid\u00e1vel para maior condutividade e conex\u00f5es seguras &#8211; Fornece baixa resist\u00eancia de contato para aterramento confi\u00e1vel e eficiente &#8211; Acomoda tamanhos de condutor de 14 AWG a 6 AWG &#8211; Adequado para uso com condutores de cobre ou alum\u00ednio para aterramento e aplica\u00e7\u00f5es de loop cont\u00ednuo &#8211; Listado cULus 467, garantindo conformidade com os padr\u00f5es de seguran\u00e7a  [table id=\"327\" \/]<\/p>\n[table id=\"328\" \/]\n","protected":false},"featured_media":10015,"template":"","meta":[],"product_brand":[],"product_cat":[340],"product_tag":[],"class_list":{"0":"post-10014","1":"product","2":"type-product","3":"status-publish","4":"has-post-thumbnail","6":"product_cat-componentes-de-aluminio-pt-br","8":"first","9":"instock","10":"shipping-taxable","11":"product-type-simple"},"yoast_head":"<!-- This site is optimized with the Yoast SEO plugin v27.3 - https:\/\/yoast.com\/product\/yoast-seo-wordpress\/ -->\n<title>Alum\u00ednio colocado em Lugs<\/title>\n<meta name=\"description\" content=\"A Conex Metals oferece uma ampla gama de terminais de encaixe de alum\u00ednio, incluindo terminais de encaixe de cobre, projetados para f\u00e1cil instala\u00e7\u00e3o e desempenho confi\u00e1vel. Nossos terminais de encaixe e conectores s\u00e3o adequados para v\u00e1rias aplica\u00e7\u00f5es, incluindo terminais de enterramento direto. Como fabricantes e exportadores l\u00edderes da \u00cdndia, fornecemos solu\u00e7\u00f5es de terminais de encaixe de alta qualidade para sistemas de gerenciamento de edif\u00edcios. Explore nossa cole\u00e7\u00e3o na Home Depot, com terminais de encaixe 4\/0 e muito mais.\" \/>\n<meta name=\"robots\" content=\"index, follow, max-snippet:-1, max-image-preview:large, max-video-preview:-1\" \/>\n<link rel=\"canonical\" href=\"https:\/\/conexmetals.com\/pt-br\/produto\/aluminio-colocado-em-lugs\/\" \/>\n<script type=\"application\/ld+json\" class=\"yoast-schema-graph\">{\"@context\":\"https:\\\/\\\/schema.org\",\"@graph\":[{\"@type\":\"WebPage\",\"@id\":\"https:\\\/\\\/conexmetals.com\\\/pt-br\\\/produto\\\/aluminio-colocado-em-lugs\\\/\",\"url\":\"https:\\\/\\\/conexmetals.com\\\/pt-br\\\/produto\\\/aluminio-colocado-em-lugs\\\/\",\"name\":\"Alum\u00ednio colocado em Lugs\",\"isPartOf\":{\"@id\":\"https:\\\/\\\/conexmetals.com\\\/pt-br\\\/#website\"},\"primaryImageOfPage\":{\"@id\":\"https:\\\/\\\/conexmetals.com\\\/pt-br\\\/produto\\\/aluminio-colocado-em-lugs\\\/#primaryimage\"},\"image\":{\"@id\":\"https:\\\/\\\/conexmetals.com\\\/pt-br\\\/produto\\\/aluminio-colocado-em-lugs\\\/#primaryimage\"},\"thumbnailUrl\":\"https:\\\/\\\/conexmetals.com\\\/wp-content\\\/uploads\\\/2024\\\/07\\\/Aluminum-lay-in-Lugs.jpg\",\"datePublished\":\"2024-07-27T07:42:42+00:00\",\"dateModified\":\"2024-09-16T06:33:16+00:00\",\"description\":\"A Conex Metals oferece uma ampla gama de terminais de encaixe de alum\u00ednio, incluindo terminais de encaixe de cobre, projetados para f\u00e1cil instala\u00e7\u00e3o e desempenho confi\u00e1vel. Nossos terminais de encaixe e conectores s\u00e3o adequados para v\u00e1rias aplica\u00e7\u00f5es, incluindo terminais de enterramento direto. Como fabricantes e exportadores l\u00edderes da \u00cdndia, fornecemos solu\u00e7\u00f5es de terminais de encaixe de alta qualidade para sistemas de gerenciamento de edif\u00edcios. Explore nossa cole\u00e7\u00e3o na Home Depot, com terminais de encaixe 4\\\/0 e muito mais.\",\"breadcrumb\":{\"@id\":\"https:\\\/\\\/conexmetals.com\\\/pt-br\\\/produto\\\/aluminio-colocado-em-lugs\\\/#breadcrumb\"},\"inLanguage\":\"pt-BR\",\"potentialAction\":[{\"@type\":\"ReadAction\",\"target\":[\"https:\\\/\\\/conexmetals.com\\\/pt-br\\\/produto\\\/aluminio-colocado-em-lugs\\\/\"]}]},{\"@type\":\"ImageObject\",\"inLanguage\":\"pt-BR\",\"@id\":\"https:\\\/\\\/conexmetals.com\\\/pt-br\\\/produto\\\/aluminio-colocado-em-lugs\\\/#primaryimage\",\"url\":\"https:\\\/\\\/conexmetals.com\\\/wp-content\\\/uploads\\\/2024\\\/07\\\/Aluminum-lay-in-Lugs.jpg\",\"contentUrl\":\"https:\\\/\\\/conexmetals.com\\\/wp-content\\\/uploads\\\/2024\\\/07\\\/Aluminum-lay-in-Lugs.jpg\",\"width\":350,\"height\":350},{\"@type\":\"BreadcrumbList\",\"@id\":\"https:\\\/\\\/conexmetals.com\\\/pt-br\\\/produto\\\/aluminio-colocado-em-lugs\\\/#breadcrumb\",\"itemListElement\":[{\"@type\":\"ListItem\",\"position\":1,\"name\":\"Home\",\"item\":\"https:\\\/\\\/conexmetals.com\\\/pt-br\\\/lar\\\/\"},{\"@type\":\"ListItem\",\"position\":2,\"name\":\"Products\",\"item\":\"https:\\\/\\\/conexmetals.com\\\/products\\\/\"},{\"@type\":\"ListItem\",\"position\":3,\"name\":\"Alum\u00ednio colocado em Lugs\"}]},{\"@type\":\"WebSite\",\"@id\":\"https:\\\/\\\/conexmetals.com\\\/pt-br\\\/#website\",\"url\":\"https:\\\/\\\/conexmetals.com\\\/pt-br\\\/\",\"name\":\"Conex Metals Brass Fittings Brass Parts Copper Parts Brass Components Brass Plumbing Fittings India\",\"description\":\"Manufacturer of Bronze Fittings casting Copper Brass parts components\",\"publisher\":{\"@id\":\"https:\\\/\\\/conexmetals.com\\\/pt-br\\\/#organization\"},\"potentialAction\":[{\"@type\":\"SearchAction\",\"target\":{\"@type\":\"EntryPoint\",\"urlTemplate\":\"https:\\\/\\\/conexmetals.com\\\/pt-br\\\/?s={search_term_string}\"},\"query-input\":{\"@type\":\"PropertyValueSpecification\",\"valueRequired\":true,\"valueName\":\"search_term_string\"}}],\"inLanguage\":\"pt-BR\"},{\"@type\":\"Organization\",\"@id\":\"https:\\\/\\\/conexmetals.com\\\/pt-br\\\/#organization\",\"name\":\"Conex Metals Brass Fittings Brass Parts Copper Parts Brass Components Brass Plumbing Fittings India\",\"url\":\"https:\\\/\\\/conexmetals.com\\\/pt-br\\\/\",\"logo\":{\"@type\":\"ImageObject\",\"inLanguage\":\"pt-BR\",\"@id\":\"https:\\\/\\\/conexmetals.com\\\/pt-br\\\/#\\\/schema\\\/logo\\\/image\\\/\",\"url\":\"https:\\\/\\\/conexmetals.com\\\/wp-content\\\/uploads\\\/2024\\\/03\\\/conex-metals-logo.webp\",\"contentUrl\":\"https:\\\/\\\/conexmetals.com\\\/wp-content\\\/uploads\\\/2024\\\/03\\\/conex-metals-logo.webp\",\"width\":300,\"height\":121,\"caption\":\"Conex Metals Brass Fittings Brass Parts Copper Parts Brass Components Brass Plumbing Fittings India\"},\"image\":{\"@id\":\"https:\\\/\\\/conexmetals.com\\\/pt-br\\\/#\\\/schema\\\/logo\\\/image\\\/\"},\"sameAs\":[\"https:\\\/\\\/www.facebook.com\\\/conexbrass\",\"https:\\\/\\\/x.com\\\/conexindia\",\"https:\\\/\\\/www.linkedin.com\\\/company\\\/conex-metals-india\\\/\",\"https:\\\/\\\/www.instagram.com\\\/conexindia\\\/\"]}]}<\/script>\n<!-- \/ Yoast SEO plugin. -->","yoast_head_json":{"title":"Alum\u00ednio colocado em Lugs","description":"A Conex Metals oferece uma ampla gama de terminais de encaixe de alum\u00ednio, incluindo terminais de encaixe de cobre, projetados para f\u00e1cil instala\u00e7\u00e3o e desempenho confi\u00e1vel. Nossos terminais de encaixe e conectores s\u00e3o adequados para v\u00e1rias aplica\u00e7\u00f5es, incluindo terminais de enterramento direto. Como fabricantes e exportadores l\u00edderes da \u00cdndia, fornecemos solu\u00e7\u00f5es de terminais de encaixe de alta qualidade para sistemas de gerenciamento de edif\u00edcios. Explore nossa cole\u00e7\u00e3o na Home Depot, com terminais de encaixe 4\/0 e muito mais.","robots":{"index":"index","follow":"follow","max-snippet":"max-snippet:-1","max-image-preview":"max-image-preview:large","max-video-preview":"max-video-preview:-1"},"canonical":"https:\/\/conexmetals.com\/pt-br\/produto\/aluminio-colocado-em-lugs\/","schema":{"@context":"https:\/\/schema.org","@graph":[{"@type":"WebPage","@id":"https:\/\/conexmetals.com\/pt-br\/produto\/aluminio-colocado-em-lugs\/","url":"https:\/\/conexmetals.com\/pt-br\/produto\/aluminio-colocado-em-lugs\/","name":"Alum\u00ednio colocado em Lugs","isPartOf":{"@id":"https:\/\/conexmetals.com\/pt-br\/#website"},"primaryImageOfPage":{"@id":"https:\/\/conexmetals.com\/pt-br\/produto\/aluminio-colocado-em-lugs\/#primaryimage"},"image":{"@id":"https:\/\/conexmetals.com\/pt-br\/produto\/aluminio-colocado-em-lugs\/#primaryimage"},"thumbnailUrl":"https:\/\/conexmetals.com\/wp-content\/uploads\/2024\/07\/Aluminum-lay-in-Lugs.jpg","datePublished":"2024-07-27T07:42:42+00:00","dateModified":"2024-09-16T06:33:16+00:00","description":"A Conex Metals oferece uma ampla gama de terminais de encaixe de alum\u00ednio, incluindo terminais de encaixe de cobre, projetados para f\u00e1cil instala\u00e7\u00e3o e desempenho confi\u00e1vel. Nossos terminais de encaixe e conectores s\u00e3o adequados para v\u00e1rias aplica\u00e7\u00f5es, incluindo terminais de enterramento direto. Como fabricantes e exportadores l\u00edderes da \u00cdndia, fornecemos solu\u00e7\u00f5es de terminais de encaixe de alta qualidade para sistemas de gerenciamento de edif\u00edcios. Explore nossa cole\u00e7\u00e3o na Home Depot, com terminais de encaixe 4\/0 e muito mais.","breadcrumb":{"@id":"https:\/\/conexmetals.com\/pt-br\/produto\/aluminio-colocado-em-lugs\/#breadcrumb"},"inLanguage":"pt-BR","potentialAction":[{"@type":"ReadAction","target":["https:\/\/conexmetals.com\/pt-br\/produto\/aluminio-colocado-em-lugs\/"]}]},{"@type":"ImageObject","inLanguage":"pt-BR","@id":"https:\/\/conexmetals.com\/pt-br\/produto\/aluminio-colocado-em-lugs\/#primaryimage","url":"https:\/\/conexmetals.com\/wp-content\/uploads\/2024\/07\/Aluminum-lay-in-Lugs.jpg","contentUrl":"https:\/\/conexmetals.com\/wp-content\/uploads\/2024\/07\/Aluminum-lay-in-Lugs.jpg","width":350,"height":350},{"@type":"BreadcrumbList","@id":"https:\/\/conexmetals.com\/pt-br\/produto\/aluminio-colocado-em-lugs\/#breadcrumb","itemListElement":[{"@type":"ListItem","position":1,"name":"Home","item":"https:\/\/conexmetals.com\/pt-br\/lar\/"},{"@type":"ListItem","position":2,"name":"Products","item":"https:\/\/conexmetals.com\/products\/"},{"@type":"ListItem","position":3,"name":"Alum\u00ednio colocado em Lugs"}]},{"@type":"WebSite","@id":"https:\/\/conexmetals.com\/pt-br\/#website","url":"https:\/\/conexmetals.com\/pt-br\/","name":"Conex Metals Brass Fittings Brass Parts Copper Parts Brass Components Brass Plumbing Fittings India","description":"Manufacturer of Bronze Fittings casting Copper Brass parts components","publisher":{"@id":"https:\/\/conexmetals.com\/pt-br\/#organization"},"potentialAction":[{"@type":"SearchAction","target":{"@type":"EntryPoint","urlTemplate":"https:\/\/conexmetals.com\/pt-br\/?s={search_term_string}"},"query-input":{"@type":"PropertyValueSpecification","valueRequired":true,"valueName":"search_term_string"}}],"inLanguage":"pt-BR"},{"@type":"Organization","@id":"https:\/\/conexmetals.com\/pt-br\/#organization","name":"Conex Metals Brass Fittings Brass Parts Copper Parts Brass Components Brass Plumbing Fittings India","url":"https:\/\/conexmetals.com\/pt-br\/","logo":{"@type":"ImageObject","inLanguage":"pt-BR","@id":"https:\/\/conexmetals.com\/pt-br\/#\/schema\/logo\/image\/","url":"https:\/\/conexmetals.com\/wp-content\/uploads\/2024\/03\/conex-metals-logo.webp","contentUrl":"https:\/\/conexmetals.com\/wp-content\/uploads\/2024\/03\/conex-metals-logo.webp","width":300,"height":121,"caption":"Conex Metals Brass Fittings Brass Parts Copper Parts Brass Components Brass Plumbing Fittings India"},"image":{"@id":"https:\/\/conexmetals.com\/pt-br\/#\/schema\/logo\/image\/"},"sameAs":["https:\/\/www.facebook.com\/conexbrass","https:\/\/x.com\/conexindia","https:\/\/www.linkedin.com\/company\/conex-metals-india\/","https:\/\/www.instagram.com\/conexindia\/"]}]}},"_links":{"self":[{"href":"https:\/\/conexmetals.com\/pt-br\/wp-json\/wp\/v2\/product\/10014","targetHints":{"allow":["GET"]}}],"collection":[{"href":"https:\/\/conexmetals.com\/pt-br\/wp-json\/wp\/v2\/product"}],"about":[{"href":"https:\/\/conexmetals.com\/pt-br\/wp-json\/wp\/v2\/types\/product"}],"wp:featuredmedia":[{"embeddable":true,"href":"https:\/\/conexmetals.com\/pt-br\/wp-json\/wp\/v2\/media\/10015"}],"wp:attachment":[{"href":"https:\/\/conexmetals.com\/pt-br\/wp-json\/wp\/v2\/media?parent=10014"}],"wp:term":[{"taxonomy":"product_brand","embeddable":true,"href":"https:\/\/conexmetals.com\/pt-br\/wp-json\/wp\/v2\/product_brand?post=10014"},{"taxonomy":"product_cat","embeddable":true,"href":"https:\/\/conexmetals.com\/pt-br\/wp-json\/wp\/v2\/product_cat?post=10014"},{"taxonomy":"product_tag","embeddable":true,"href":"https:\/\/conexmetals.com\/pt-br\/wp-json\/wp\/v2\/product_tag?post=10014"}],"curies":[{"name":"wp","href":"https:\/\/api.w.org\/{rel}","templated":true}]}}