{"id":10018,"date":"2024-07-13T14:28:20","date_gmt":"2024-07-13T08:58:20","guid":{"rendered":"https:\/\/conexmetals.com\/product\/c90500-bronze-de-estanho-cda-905\/"},"modified":"2024-09-16T12:39:42","modified_gmt":"2024-09-16T07:09:42","slug":"c90500-bronze-de-estanho-cda-905","status":"publish","type":"product","link":"https:\/\/conexmetals.com\/pt-br\/produto\/c90500-bronze-de-estanho-cda-905\/","title":{"rendered":"C90500 Bronze de estanho (CDA 905)"},"content":{"rendered":"","protected":false},"excerpt":{"rendered":"<p>C90500 (CDA 905) \u00e9 uma renomada liga de bronze para fundi\u00e7\u00e3o produzida na \u00cdndia, celebrada por sua excelente resist\u00eancia \u00e0 corros\u00e3o e versatilidade em aplica\u00e7\u00f5es industriais. A Conex Metals \u00e9 sua fonte confi\u00e1vel para C90500 Tin Bronze, tamb\u00e9m conhecido como Gun Metal SAE 62, oferecendo s\u00f3lidos, barras tubulares e fundi\u00e7\u00f5es sob encomenda. Oferecemos op\u00e7\u00f5es de fundi\u00e7\u00e3o prontas para uso e especiais para atender \u00e0s suas necessidades espec\u00edficas. Nossa equipe de especialistas determinar\u00e1 o m\u00e9todo de fundi\u00e7\u00e3o ideal com base em seu tamanho, especifica\u00e7\u00e3o e quantidade desejada. <strong>C90500 Tin Bronze \u00e9 uma liga vers\u00e1til usada em v\u00e1rias aplica\u00e7\u00f5es exigentes, incluindo:<\/strong> &#8211; Rolamentos e buchas &#8211; Componentes de v\u00e1lvulas &#8211; Conex\u00f5es de vapor &#8211; Impulsores de bomba &#8211; An\u00e9is de veda\u00e7\u00e3o &#8211; Engrenagens <strong>Composi\u00e7\u00e3o qu\u00edmica do C90500 Tin Bronze:<\/strong> (% m\u00e1x., a menos que seja mostrado como intervalo ou m\u00edn.)[table id=\"303\" \/] (1) Na determina\u00e7\u00e3o do Cu min., o Cu pode ser calculado como Cu + Ni. (2) O valor de Ni inclui Co. (3) Para fundi\u00e7\u00f5es cont\u00ednuas, P deve ser 1,5%, m\u00e1x. Nota: Cu + Soma dos Elementos Nomeados, 99,7% min. <strong>C90500 Propriedades Mec\u00e2nicas do Bronze Estanho:<\/strong> (medido \u00e0 temperatura ambiente, 68 F (20 C)[table id=\"304\" \/] *Resist\u00eancia \u00e0 fadiga: 100 x 10 <sup>6<\/sup> ciclos, a menos que indicado como [N]X 10 <sup>6<\/sup> . <strong>C90500 Bronze estanho Especifica\u00e7\u00f5es aplic\u00e1veis:<\/strong>      [table id=\"305\" \/]<strong><br \/>\n<\/strong><\/p>\n<p>&nbsp;<\/p>\n","protected":false},"featured_media":0,"template":"","meta":[],"product_brand":[],"product_cat":[337],"product_tag":[],"class_list":{"0":"post-10018","1":"product","2":"type-product","3":"status-publish","5":"product_cat-produtos","7":"first","8":"instock","9":"shipping-taxable","10":"product-type-simple"},"yoast_head":"<!-- This site is optimized with the Yoast SEO plugin v27.3 - https:\/\/yoast.com\/product\/yoast-seo-wordpress\/ -->\n<title>C90500 Bronze de estanho (CDA 905)<\/title>\n<meta name=\"description\" content=\"A Conex Metals \u00e9 uma fabricante indiana l\u00edder de pe\u00e7as fundidas de Liga C90500 e Bronze C90500. Nossa fundi\u00e7\u00e3o indiana produz pe\u00e7as fundidas de Liga de Bronze CDA 905 usinadas em CNC de alta qualidade, com foco em precis\u00e3o e durabilidade em pe\u00e7as fundidas de bronze mangan\u00eas. Escolha-nos para produtos de bronze C90500 confi\u00e1veis na \u00cdndia.\" \/>\n<meta name=\"robots\" content=\"index, follow, max-snippet:-1, max-image-preview:large, max-video-preview:-1\" \/>\n<link rel=\"canonical\" href=\"https:\/\/conexmetals.com\/pt-br\/produto\/c90500-bronze-de-estanho-cda-905\/\" \/>\n<script type=\"application\/ld+json\" class=\"yoast-schema-graph\">{\"@context\":\"https:\\\/\\\/schema.org\",\"@graph\":[{\"@type\":\"WebPage\",\"@id\":\"https:\\\/\\\/conexmetals.com\\\/pt-br\\\/produto\\\/c90500-bronze-de-estanho-cda-905\\\/\",\"url\":\"https:\\\/\\\/conexmetals.com\\\/pt-br\\\/produto\\\/c90500-bronze-de-estanho-cda-905\\\/\",\"name\":\"C90500 Bronze de estanho (CDA 905)\",\"isPartOf\":{\"@id\":\"https:\\\/\\\/conexmetals.com\\\/pt-br\\\/#website\"},\"datePublished\":\"2024-07-13T08:58:20+00:00\",\"dateModified\":\"2024-09-16T07:09:42+00:00\",\"description\":\"A Conex Metals \u00e9 uma fabricante indiana l\u00edder de pe\u00e7as fundidas de Liga C90500 e Bronze C90500. Nossa fundi\u00e7\u00e3o indiana produz pe\u00e7as fundidas de Liga de Bronze CDA 905 usinadas em CNC de alta qualidade, com foco em precis\u00e3o e durabilidade em pe\u00e7as fundidas de bronze mangan\u00eas. Escolha-nos para produtos de bronze C90500 confi\u00e1veis na \u00cdndia.\",\"breadcrumb\":{\"@id\":\"https:\\\/\\\/conexmetals.com\\\/pt-br\\\/produto\\\/c90500-bronze-de-estanho-cda-905\\\/#breadcrumb\"},\"inLanguage\":\"pt-BR\",\"potentialAction\":[{\"@type\":\"ReadAction\",\"target\":[\"https:\\\/\\\/conexmetals.com\\\/pt-br\\\/produto\\\/c90500-bronze-de-estanho-cda-905\\\/\"]}]},{\"@type\":\"BreadcrumbList\",\"@id\":\"https:\\\/\\\/conexmetals.com\\\/pt-br\\\/produto\\\/c90500-bronze-de-estanho-cda-905\\\/#breadcrumb\",\"itemListElement\":[{\"@type\":\"ListItem\",\"position\":1,\"name\":\"Home\",\"item\":\"https:\\\/\\\/conexmetals.com\\\/pt-br\\\/lar\\\/\"},{\"@type\":\"ListItem\",\"position\":2,\"name\":\"Products\",\"item\":\"https:\\\/\\\/conexmetals.com\\\/products\\\/\"},{\"@type\":\"ListItem\",\"position\":3,\"name\":\"C90500 Bronze de estanho (CDA 905)\"}]},{\"@type\":\"WebSite\",\"@id\":\"https:\\\/\\\/conexmetals.com\\\/pt-br\\\/#website\",\"url\":\"https:\\\/\\\/conexmetals.com\\\/pt-br\\\/\",\"name\":\"Conex Metals Brass Fittings Brass Parts Copper Parts Brass Components Brass Plumbing Fittings India\",\"description\":\"Manufacturer of Bronze Fittings casting Copper Brass parts components\",\"publisher\":{\"@id\":\"https:\\\/\\\/conexmetals.com\\\/pt-br\\\/#organization\"},\"potentialAction\":[{\"@type\":\"SearchAction\",\"target\":{\"@type\":\"EntryPoint\",\"urlTemplate\":\"https:\\\/\\\/conexmetals.com\\\/pt-br\\\/?s={search_term_string}\"},\"query-input\":{\"@type\":\"PropertyValueSpecification\",\"valueRequired\":true,\"valueName\":\"search_term_string\"}}],\"inLanguage\":\"pt-BR\"},{\"@type\":\"Organization\",\"@id\":\"https:\\\/\\\/conexmetals.com\\\/pt-br\\\/#organization\",\"name\":\"Conex Metals Brass Fittings Brass Parts Copper Parts Brass Components Brass Plumbing Fittings India\",\"url\":\"https:\\\/\\\/conexmetals.com\\\/pt-br\\\/\",\"logo\":{\"@type\":\"ImageObject\",\"inLanguage\":\"pt-BR\",\"@id\":\"https:\\\/\\\/conexmetals.com\\\/pt-br\\\/#\\\/schema\\\/logo\\\/image\\\/\",\"url\":\"https:\\\/\\\/conexmetals.com\\\/wp-content\\\/uploads\\\/2024\\\/03\\\/conex-metals-logo.webp\",\"contentUrl\":\"https:\\\/\\\/conexmetals.com\\\/wp-content\\\/uploads\\\/2024\\\/03\\\/conex-metals-logo.webp\",\"width\":300,\"height\":121,\"caption\":\"Conex Metals Brass Fittings Brass Parts Copper Parts Brass Components Brass Plumbing Fittings India\"},\"image\":{\"@id\":\"https:\\\/\\\/conexmetals.com\\\/pt-br\\\/#\\\/schema\\\/logo\\\/image\\\/\"},\"sameAs\":[\"https:\\\/\\\/www.facebook.com\\\/conexbrass\",\"https:\\\/\\\/x.com\\\/conexindia\",\"https:\\\/\\\/www.linkedin.com\\\/company\\\/conex-metals-india\\\/\",\"https:\\\/\\\/www.instagram.com\\\/conexindia\\\/\"]}]}<\/script>\n<!-- \/ Yoast SEO plugin. -->","yoast_head_json":{"title":"C90500 Bronze de estanho (CDA 905)","description":"A Conex Metals \u00e9 uma fabricante indiana l\u00edder de pe\u00e7as fundidas de Liga C90500 e Bronze C90500. Nossa fundi\u00e7\u00e3o indiana produz pe\u00e7as fundidas de Liga de Bronze CDA 905 usinadas em CNC de alta qualidade, com foco em precis\u00e3o e durabilidade em pe\u00e7as fundidas de bronze mangan\u00eas. Escolha-nos para produtos de bronze C90500 confi\u00e1veis na \u00cdndia.","robots":{"index":"index","follow":"follow","max-snippet":"max-snippet:-1","max-image-preview":"max-image-preview:large","max-video-preview":"max-video-preview:-1"},"canonical":"https:\/\/conexmetals.com\/pt-br\/produto\/c90500-bronze-de-estanho-cda-905\/","schema":{"@context":"https:\/\/schema.org","@graph":[{"@type":"WebPage","@id":"https:\/\/conexmetals.com\/pt-br\/produto\/c90500-bronze-de-estanho-cda-905\/","url":"https:\/\/conexmetals.com\/pt-br\/produto\/c90500-bronze-de-estanho-cda-905\/","name":"C90500 Bronze de estanho (CDA 905)","isPartOf":{"@id":"https:\/\/conexmetals.com\/pt-br\/#website"},"datePublished":"2024-07-13T08:58:20+00:00","dateModified":"2024-09-16T07:09:42+00:00","description":"A Conex Metals \u00e9 uma fabricante indiana l\u00edder de pe\u00e7as fundidas de Liga C90500 e Bronze C90500. Nossa fundi\u00e7\u00e3o indiana produz pe\u00e7as fundidas de Liga de Bronze CDA 905 usinadas em CNC de alta qualidade, com foco em precis\u00e3o e durabilidade em pe\u00e7as fundidas de bronze mangan\u00eas. Escolha-nos para produtos de bronze C90500 confi\u00e1veis na \u00cdndia.","breadcrumb":{"@id":"https:\/\/conexmetals.com\/pt-br\/produto\/c90500-bronze-de-estanho-cda-905\/#breadcrumb"},"inLanguage":"pt-BR","potentialAction":[{"@type":"ReadAction","target":["https:\/\/conexmetals.com\/pt-br\/produto\/c90500-bronze-de-estanho-cda-905\/"]}]},{"@type":"BreadcrumbList","@id":"https:\/\/conexmetals.com\/pt-br\/produto\/c90500-bronze-de-estanho-cda-905\/#breadcrumb","itemListElement":[{"@type":"ListItem","position":1,"name":"Home","item":"https:\/\/conexmetals.com\/pt-br\/lar\/"},{"@type":"ListItem","position":2,"name":"Products","item":"https:\/\/conexmetals.com\/products\/"},{"@type":"ListItem","position":3,"name":"C90500 Bronze de estanho (CDA 905)"}]},{"@type":"WebSite","@id":"https:\/\/conexmetals.com\/pt-br\/#website","url":"https:\/\/conexmetals.com\/pt-br\/","name":"Conex Metals Brass Fittings Brass Parts Copper Parts Brass Components Brass Plumbing Fittings India","description":"Manufacturer of Bronze Fittings casting Copper Brass parts components","publisher":{"@id":"https:\/\/conexmetals.com\/pt-br\/#organization"},"potentialAction":[{"@type":"SearchAction","target":{"@type":"EntryPoint","urlTemplate":"https:\/\/conexmetals.com\/pt-br\/?s={search_term_string}"},"query-input":{"@type":"PropertyValueSpecification","valueRequired":true,"valueName":"search_term_string"}}],"inLanguage":"pt-BR"},{"@type":"Organization","@id":"https:\/\/conexmetals.com\/pt-br\/#organization","name":"Conex Metals Brass Fittings Brass Parts Copper Parts Brass Components Brass Plumbing Fittings India","url":"https:\/\/conexmetals.com\/pt-br\/","logo":{"@type":"ImageObject","inLanguage":"pt-BR","@id":"https:\/\/conexmetals.com\/pt-br\/#\/schema\/logo\/image\/","url":"https:\/\/conexmetals.com\/wp-content\/uploads\/2024\/03\/conex-metals-logo.webp","contentUrl":"https:\/\/conexmetals.com\/wp-content\/uploads\/2024\/03\/conex-metals-logo.webp","width":300,"height":121,"caption":"Conex Metals Brass Fittings Brass Parts Copper Parts Brass Components Brass Plumbing Fittings India"},"image":{"@id":"https:\/\/conexmetals.com\/pt-br\/#\/schema\/logo\/image\/"},"sameAs":["https:\/\/www.facebook.com\/conexbrass","https:\/\/x.com\/conexindia","https:\/\/www.linkedin.com\/company\/conex-metals-india\/","https:\/\/www.instagram.com\/conexindia\/"]}]}},"_links":{"self":[{"href":"https:\/\/conexmetals.com\/pt-br\/wp-json\/wp\/v2\/product\/10018","targetHints":{"allow":["GET"]}}],"collection":[{"href":"https:\/\/conexmetals.com\/pt-br\/wp-json\/wp\/v2\/product"}],"about":[{"href":"https:\/\/conexmetals.com\/pt-br\/wp-json\/wp\/v2\/types\/product"}],"wp:attachment":[{"href":"https:\/\/conexmetals.com\/pt-br\/wp-json\/wp\/v2\/media?parent=10018"}],"wp:term":[{"taxonomy":"product_brand","embeddable":true,"href":"https:\/\/conexmetals.com\/pt-br\/wp-json\/wp\/v2\/product_brand?post=10018"},{"taxonomy":"product_cat","embeddable":true,"href":"https:\/\/conexmetals.com\/pt-br\/wp-json\/wp\/v2\/product_cat?post=10018"},{"taxonomy":"product_tag","embeddable":true,"href":"https:\/\/conexmetals.com\/pt-br\/wp-json\/wp\/v2\/product_tag?post=10018"}],"curies":[{"name":"wp","href":"https:\/\/api.w.org\/{rel}","templated":true}]}}