{"id":10023,"date":"2024-07-12T18:04:13","date_gmt":"2024-07-12T12:34:13","guid":{"rendered":"https:\/\/conexmetals.com\/product\/conectores-mecanicos-de-aluminio\/"},"modified":"2024-09-16T12:39:42","modified_gmt":"2024-09-16T07:09:42","slug":"conectores-mecanicos-de-aluminio","status":"publish","type":"product","link":"https:\/\/conexmetals.com\/pt-br\/produto\/conectores-mecanicos-de-aluminio\/","title":{"rendered":"Conectores mec\u00e2nicos de alum\u00ednio"},"content":{"rendered":"","protected":false},"excerpt":{"rendered":"<p>&nbsp;<\/p>\n<p><span style=\"color: #000000;\"><strong>TERMINAIS DE CABO MEC\u00c2NICOS COM 2 PARAFUSOS E 4 PARAFUSOS<\/strong><\/span> <\/p>\n<hr>\n<p><img fetchpriority=\"high\" decoding=\"async\" class=\"size-full wp-image-6147 alignleft\" src=\"https:\/\/conexmetals.com\/wp-content\/uploads\/2024\/07\/Aluminum-Mecanical-Lugs-Connectors-type1.png\" alt=\" Conectores de terminais mec\u00e2nicos de alum\u00ednio tipo 1\" width=\"300\" height=\"177\"><img decoding=\"async\" class=\"size-full wp-image-6148 alignleft\" src=\"https:\/\/conexmetals.com\/wp-content\/uploads\/2024\/07\/Aluminum-Mecanical-Lugs-Connectors-Type2.png\" alt=\"Conectores de terminais mec\u00e2nicos de alum\u00ednio tipo 2\" width=\"300\" height=\"197\">&nbsp;&nbsp;&nbsp;&nbsp;&nbsp;&nbsp;[table id=\"302\" \/] A Conex Metals fornece conectores e terminais mec\u00e2nicos de alum\u00ednio de alta qualidade, projetados para garantir conex\u00f5es el\u00e9tricas seguras e confi\u00e1veis. Esses terminais s\u00e3o amplamente utilizados em v\u00e1rios setores, incluindo os setores industrial, comercial e residencial. Feitos de alum\u00ednio resistente \u00e0 corros\u00e3o, eles oferecem excelente condutividade el\u00e9trica e durabilidade.    <strong>Principais caracter\u00edsticas:<\/strong><\/p>\n<ol>\n<li><strong>Material<\/strong> : Constru\u00eddo em alum\u00ednio leve e resistente \u00e0 corros\u00e3o.<\/li>\n<li><strong>Tipos<\/strong> :\n<ul>\n<li><strong>Tipo I<\/strong> : Equipado com 2 parafusos.<\/li>\n<li><strong>Tipo II<\/strong> : Equipado com 4 parafusos.<\/li>\n<\/ul>\n<\/li>\n<li><strong>Parafusos<\/strong> : Parafusos de cabe\u00e7a sextavada (M-5, M-6, M-8, M-10) para fixa\u00e7\u00e3o segura do cabo.<\/li>\n<li><strong>Dimens\u00f5es<\/strong> : Dispon\u00edvel em v\u00e1rios tamanhos para acomodar diferentes especifica\u00e7\u00f5es de cabos.<\/li>\n<li><strong>Tamanhos de cabos<\/strong> : compat\u00edveis com uma ampla variedade de tamanhos de cabos, normalmente medidos em mil\u00edmetros quadrados (mm\u00b2).<\/li>\n<\/ol>\n<p><strong>Casos de uso:<\/strong><\/p>\n<ol>\n<li><strong>Pain\u00e9is el\u00e9tricos<\/strong> : facilitam conex\u00f5es seguras de cabos dentro de pain\u00e9is el\u00e9tricos.<\/li>\n<li><strong>Distribui\u00e7\u00e3o de energia<\/strong> : garante conex\u00f5es robustas em sistemas de distribui\u00e7\u00e3o de energia.<\/li>\n<li><strong>Equipamentos industriais<\/strong> : comumente usados em m\u00e1quinas e instala\u00e7\u00f5es industriais.<\/li>\n<li><strong>Fia\u00e7\u00e3o residencial<\/strong> : fornece conex\u00f5es seguras e protegidas em sistemas el\u00e9tricos residenciais.<\/li>\n<li><strong>Aparelhagem de manobra e controle<\/strong> : Essencial em montagens de aparelhagem de manobra e controle para gerenciamento eficiente de circuitos el\u00e9tricos.<\/li>\n<\/ol>\n<p> <strong>Especifica\u00e7\u00f5es:<\/strong> <strong>Tipo I (2 parafusos):<\/strong><\/p>\n<ul>\n<li><strong>H2B 10<\/strong> : Para cabos de 10 mm\u00b2, dimens\u00f5es: A=4, G=6, D=15, J=32,5, Parafuso=M-5<\/li>\n<li><strong>H2B 16<\/strong> : Para cabos de 16 mm\u00b2, dimens\u00f5es: A=5,1, G=8,5, D=17, J=37, Parafuso=M-5<\/li>\n<li><strong>H2B 25<\/strong> : Para cabos de 25 mm\u00b2, dimens\u00f5es: A=6,3, G=8,5, D=18,75, J=42, Parafuso=M-5<\/li>\n<li><strong>H2B 35<\/strong> : Para cabos de 35 mm\u00b2, dimens\u00f5es: A=7,5, G=10,5, D=21,5, J=4, Parafuso=M-5<\/li>\n<\/ul>\n<p><strong>Tipo II (4 parafusos):<\/strong><\/p>\n<ul>\n<li><strong>H4B 50<\/strong> : Para cabos de 50 mm\u00b2, dimens\u00f5es: A=9,5, G=10,5, D=23, J=56,5, Parafuso=M-6<\/li>\n<li><strong>H4B 75<\/strong> : Para cabos de 75 mm\u00b2, dimens\u00f5es: A=11, G=13,25, D=26, J=61, Parafuso=M-6<\/li>\n<li><strong>H4B 100<\/strong> : Para cabos de 100 mm\u00b2, dimens\u00f5es: A=13, G=14,3, D=29, J=65, Parafuso=M-6<\/li>\n<li><strong>H4B 120<\/strong> : Para cabos de 120 mm\u00b2, dimens\u00f5es: A=14, G=14,8, D=32, J=71, Parafuso=M-6<\/li>\n<li><strong>H4B 170<\/strong> : Para cabos de 170 mm\u00b2, dimens\u00f5es: A=16, G=16, D=33, J=81, Parafuso=M-8<\/li>\n<li><strong>H4B 200<\/strong> : Para cabos de 200 mm\u00b2, dimens\u00f5es: A=17, G=17, D=35, J=85, Parafuso=M-8<\/li>\n<li><strong>H4B 250<\/strong> : Para cabos de 250 mm\u00b2, dimens\u00f5es: A=18, G=17, D=38, J=87,5, Parafuso=M-8<\/li>\n<li><strong>H4B 300<\/strong> : Para cabos de 300 mm\u00b2, dimens\u00f5es: A=21, G=19,8, D=45, J=118, Parafuso=M-10<\/li>\n<li><strong>H4B 400\/500<\/strong> : Para cabos de 400\/500 mm\u00b2, dimens\u00f5es: A=25,5, G=22, D=53, J=132, Parafuso=M-10<\/li>\n<li><strong>H4B 700<\/strong> : Para cabos de 700 mm\u00b2, dimens\u00f5es: A=34, G=22, D=60, J=150, Parafuso=M-10<\/li>\n<\/ul>\n<p>  Os terminais e conectores mec\u00e2nicos de alum\u00ednio da Conex Metals s\u00e3o projetados para atender aos mais altos padr\u00f5es de qualidade e confiabilidade, garantindo desempenho ideal em todas as aplica\u00e7\u00f5es el\u00e9tricas.<\/p>\n","protected":false},"featured_media":10026,"template":"","meta":[],"product_brand":[],"product_cat":[340],"product_tag":[],"class_list":{"0":"post-10023","1":"product","2":"type-product","3":"status-publish","4":"has-post-thumbnail","6":"product_cat-componentes-de-aluminio-pt-br","8":"first","9":"instock","10":"shipping-taxable","11":"product-type-simple"},"yoast_head":"<!-- This site is optimized with the Yoast SEO plugin v27.3 - https:\/\/yoast.com\/product\/yoast-seo-wordpress\/ -->\n<title>Conectores mec\u00e2nicos de alum\u00ednio<\/title>\n<meta name=\"description\" content=\"A Conex Metals oferece terminais de alum\u00ednio de alta qualidade, conectores mec\u00e2nicos e terminais el\u00e9tricos para conex\u00f5es el\u00e9tricas seguras e confi\u00e1veis. Ideais para aplica\u00e7\u00f5es de distribui\u00e7\u00e3o de energia, aterramento e transformadores, nossos produtos s\u00e3o feitos de liga de alum\u00ednio de alta resist\u00eancia, garantindo resist\u00eancia \u00e0 corros\u00e3o e condutividade ideal. Perfeitos para instala\u00e7\u00f5es el\u00e9tricas profissionais, incluindo terminais condutores, terminais aparafusados, conectores de barramento e conectores de cabo. Escolha a Conex Metals para conectores el\u00e9tricos mec\u00e2nicos resistentes \u00e0 corros\u00e3o e de alta resist\u00eancia.\" \/>\n<meta name=\"robots\" content=\"index, follow, max-snippet:-1, max-image-preview:large, max-video-preview:-1\" \/>\n<link rel=\"canonical\" href=\"https:\/\/conexmetals.com\/pt-br\/produto\/conectores-mecanicos-de-aluminio\/\" \/>\n<script type=\"application\/ld+json\" class=\"yoast-schema-graph\">{\"@context\":\"https:\\\/\\\/schema.org\",\"@graph\":[{\"@type\":\"WebPage\",\"@id\":\"https:\\\/\\\/conexmetals.com\\\/pt-br\\\/produto\\\/conectores-mecanicos-de-aluminio\\\/\",\"url\":\"https:\\\/\\\/conexmetals.com\\\/pt-br\\\/produto\\\/conectores-mecanicos-de-aluminio\\\/\",\"name\":\"Conectores mec\u00e2nicos de alum\u00ednio\",\"isPartOf\":{\"@id\":\"https:\\\/\\\/conexmetals.com\\\/pt-br\\\/#website\"},\"primaryImageOfPage\":{\"@id\":\"https:\\\/\\\/conexmetals.com\\\/pt-br\\\/produto\\\/conectores-mecanicos-de-aluminio\\\/#primaryimage\"},\"image\":{\"@id\":\"https:\\\/\\\/conexmetals.com\\\/pt-br\\\/produto\\\/conectores-mecanicos-de-aluminio\\\/#primaryimage\"},\"thumbnailUrl\":\"https:\\\/\\\/conexmetals.com\\\/wp-content\\\/uploads\\\/2024\\\/07\\\/Brass-Electrical-Accessories.jpg\",\"datePublished\":\"2024-07-12T12:34:13+00:00\",\"dateModified\":\"2024-09-16T07:09:42+00:00\",\"description\":\"A Conex Metals oferece terminais de alum\u00ednio de alta qualidade, conectores mec\u00e2nicos e terminais el\u00e9tricos para conex\u00f5es el\u00e9tricas seguras e confi\u00e1veis. Ideais para aplica\u00e7\u00f5es de distribui\u00e7\u00e3o de energia, aterramento e transformadores, nossos produtos s\u00e3o feitos de liga de alum\u00ednio de alta resist\u00eancia, garantindo resist\u00eancia \u00e0 corros\u00e3o e condutividade ideal. Perfeitos para instala\u00e7\u00f5es el\u00e9tricas profissionais, incluindo terminais condutores, terminais aparafusados, conectores de barramento e conectores de cabo. Escolha a Conex Metals para conectores el\u00e9tricos mec\u00e2nicos resistentes \u00e0 corros\u00e3o e de alta resist\u00eancia.\",\"breadcrumb\":{\"@id\":\"https:\\\/\\\/conexmetals.com\\\/pt-br\\\/produto\\\/conectores-mecanicos-de-aluminio\\\/#breadcrumb\"},\"inLanguage\":\"pt-BR\",\"potentialAction\":[{\"@type\":\"ReadAction\",\"target\":[\"https:\\\/\\\/conexmetals.com\\\/pt-br\\\/produto\\\/conectores-mecanicos-de-aluminio\\\/\"]}]},{\"@type\":\"ImageObject\",\"inLanguage\":\"pt-BR\",\"@id\":\"https:\\\/\\\/conexmetals.com\\\/pt-br\\\/produto\\\/conectores-mecanicos-de-aluminio\\\/#primaryimage\",\"url\":\"https:\\\/\\\/conexmetals.com\\\/wp-content\\\/uploads\\\/2024\\\/07\\\/Brass-Electrical-Accessories.jpg\",\"contentUrl\":\"https:\\\/\\\/conexmetals.com\\\/wp-content\\\/uploads\\\/2024\\\/07\\\/Brass-Electrical-Accessories.jpg\",\"width\":350,\"height\":350},{\"@type\":\"BreadcrumbList\",\"@id\":\"https:\\\/\\\/conexmetals.com\\\/pt-br\\\/produto\\\/conectores-mecanicos-de-aluminio\\\/#breadcrumb\",\"itemListElement\":[{\"@type\":\"ListItem\",\"position\":1,\"name\":\"Home\",\"item\":\"https:\\\/\\\/conexmetals.com\\\/pt-br\\\/lar\\\/\"},{\"@type\":\"ListItem\",\"position\":2,\"name\":\"Products\",\"item\":\"https:\\\/\\\/conexmetals.com\\\/products\\\/\"},{\"@type\":\"ListItem\",\"position\":3,\"name\":\"Conectores mec\u00e2nicos de alum\u00ednio\"}]},{\"@type\":\"WebSite\",\"@id\":\"https:\\\/\\\/conexmetals.com\\\/pt-br\\\/#website\",\"url\":\"https:\\\/\\\/conexmetals.com\\\/pt-br\\\/\",\"name\":\"Conex Metals Brass Fittings Brass Parts Copper Parts Brass Components Brass Plumbing Fittings India\",\"description\":\"Manufacturer of Bronze Fittings casting Copper Brass parts components\",\"publisher\":{\"@id\":\"https:\\\/\\\/conexmetals.com\\\/pt-br\\\/#organization\"},\"potentialAction\":[{\"@type\":\"SearchAction\",\"target\":{\"@type\":\"EntryPoint\",\"urlTemplate\":\"https:\\\/\\\/conexmetals.com\\\/pt-br\\\/?s={search_term_string}\"},\"query-input\":{\"@type\":\"PropertyValueSpecification\",\"valueRequired\":true,\"valueName\":\"search_term_string\"}}],\"inLanguage\":\"pt-BR\"},{\"@type\":\"Organization\",\"@id\":\"https:\\\/\\\/conexmetals.com\\\/pt-br\\\/#organization\",\"name\":\"Conex Metals Brass Fittings Brass Parts Copper Parts Brass Components Brass Plumbing Fittings India\",\"url\":\"https:\\\/\\\/conexmetals.com\\\/pt-br\\\/\",\"logo\":{\"@type\":\"ImageObject\",\"inLanguage\":\"pt-BR\",\"@id\":\"https:\\\/\\\/conexmetals.com\\\/pt-br\\\/#\\\/schema\\\/logo\\\/image\\\/\",\"url\":\"https:\\\/\\\/conexmetals.com\\\/wp-content\\\/uploads\\\/2024\\\/03\\\/conex-metals-logo.webp\",\"contentUrl\":\"https:\\\/\\\/conexmetals.com\\\/wp-content\\\/uploads\\\/2024\\\/03\\\/conex-metals-logo.webp\",\"width\":300,\"height\":121,\"caption\":\"Conex Metals Brass Fittings Brass Parts Copper Parts Brass Components Brass Plumbing Fittings India\"},\"image\":{\"@id\":\"https:\\\/\\\/conexmetals.com\\\/pt-br\\\/#\\\/schema\\\/logo\\\/image\\\/\"},\"sameAs\":[\"https:\\\/\\\/www.facebook.com\\\/conexbrass\",\"https:\\\/\\\/x.com\\\/conexindia\",\"https:\\\/\\\/www.linkedin.com\\\/company\\\/conex-metals-india\\\/\",\"https:\\\/\\\/www.instagram.com\\\/conexindia\\\/\"]}]}<\/script>\n<!-- \/ Yoast SEO plugin. -->","yoast_head_json":{"title":"Conectores mec\u00e2nicos de alum\u00ednio","description":"A Conex Metals oferece terminais de alum\u00ednio de alta qualidade, conectores mec\u00e2nicos e terminais el\u00e9tricos para conex\u00f5es el\u00e9tricas seguras e confi\u00e1veis. Ideais para aplica\u00e7\u00f5es de distribui\u00e7\u00e3o de energia, aterramento e transformadores, nossos produtos s\u00e3o feitos de liga de alum\u00ednio de alta resist\u00eancia, garantindo resist\u00eancia \u00e0 corros\u00e3o e condutividade ideal. Perfeitos para instala\u00e7\u00f5es el\u00e9tricas profissionais, incluindo terminais condutores, terminais aparafusados, conectores de barramento e conectores de cabo. Escolha a Conex Metals para conectores el\u00e9tricos mec\u00e2nicos resistentes \u00e0 corros\u00e3o e de alta resist\u00eancia.","robots":{"index":"index","follow":"follow","max-snippet":"max-snippet:-1","max-image-preview":"max-image-preview:large","max-video-preview":"max-video-preview:-1"},"canonical":"https:\/\/conexmetals.com\/pt-br\/produto\/conectores-mecanicos-de-aluminio\/","schema":{"@context":"https:\/\/schema.org","@graph":[{"@type":"WebPage","@id":"https:\/\/conexmetals.com\/pt-br\/produto\/conectores-mecanicos-de-aluminio\/","url":"https:\/\/conexmetals.com\/pt-br\/produto\/conectores-mecanicos-de-aluminio\/","name":"Conectores mec\u00e2nicos de alum\u00ednio","isPartOf":{"@id":"https:\/\/conexmetals.com\/pt-br\/#website"},"primaryImageOfPage":{"@id":"https:\/\/conexmetals.com\/pt-br\/produto\/conectores-mecanicos-de-aluminio\/#primaryimage"},"image":{"@id":"https:\/\/conexmetals.com\/pt-br\/produto\/conectores-mecanicos-de-aluminio\/#primaryimage"},"thumbnailUrl":"https:\/\/conexmetals.com\/wp-content\/uploads\/2024\/07\/Brass-Electrical-Accessories.jpg","datePublished":"2024-07-12T12:34:13+00:00","dateModified":"2024-09-16T07:09:42+00:00","description":"A Conex Metals oferece terminais de alum\u00ednio de alta qualidade, conectores mec\u00e2nicos e terminais el\u00e9tricos para conex\u00f5es el\u00e9tricas seguras e confi\u00e1veis. Ideais para aplica\u00e7\u00f5es de distribui\u00e7\u00e3o de energia, aterramento e transformadores, nossos produtos s\u00e3o feitos de liga de alum\u00ednio de alta resist\u00eancia, garantindo resist\u00eancia \u00e0 corros\u00e3o e condutividade ideal. Perfeitos para instala\u00e7\u00f5es el\u00e9tricas profissionais, incluindo terminais condutores, terminais aparafusados, conectores de barramento e conectores de cabo. Escolha a Conex Metals para conectores el\u00e9tricos mec\u00e2nicos resistentes \u00e0 corros\u00e3o e de alta resist\u00eancia.","breadcrumb":{"@id":"https:\/\/conexmetals.com\/pt-br\/produto\/conectores-mecanicos-de-aluminio\/#breadcrumb"},"inLanguage":"pt-BR","potentialAction":[{"@type":"ReadAction","target":["https:\/\/conexmetals.com\/pt-br\/produto\/conectores-mecanicos-de-aluminio\/"]}]},{"@type":"ImageObject","inLanguage":"pt-BR","@id":"https:\/\/conexmetals.com\/pt-br\/produto\/conectores-mecanicos-de-aluminio\/#primaryimage","url":"https:\/\/conexmetals.com\/wp-content\/uploads\/2024\/07\/Brass-Electrical-Accessories.jpg","contentUrl":"https:\/\/conexmetals.com\/wp-content\/uploads\/2024\/07\/Brass-Electrical-Accessories.jpg","width":350,"height":350},{"@type":"BreadcrumbList","@id":"https:\/\/conexmetals.com\/pt-br\/produto\/conectores-mecanicos-de-aluminio\/#breadcrumb","itemListElement":[{"@type":"ListItem","position":1,"name":"Home","item":"https:\/\/conexmetals.com\/pt-br\/lar\/"},{"@type":"ListItem","position":2,"name":"Products","item":"https:\/\/conexmetals.com\/products\/"},{"@type":"ListItem","position":3,"name":"Conectores mec\u00e2nicos de alum\u00ednio"}]},{"@type":"WebSite","@id":"https:\/\/conexmetals.com\/pt-br\/#website","url":"https:\/\/conexmetals.com\/pt-br\/","name":"Conex Metals Brass Fittings Brass Parts Copper Parts Brass Components Brass Plumbing Fittings India","description":"Manufacturer of Bronze Fittings casting Copper Brass parts components","publisher":{"@id":"https:\/\/conexmetals.com\/pt-br\/#organization"},"potentialAction":[{"@type":"SearchAction","target":{"@type":"EntryPoint","urlTemplate":"https:\/\/conexmetals.com\/pt-br\/?s={search_term_string}"},"query-input":{"@type":"PropertyValueSpecification","valueRequired":true,"valueName":"search_term_string"}}],"inLanguage":"pt-BR"},{"@type":"Organization","@id":"https:\/\/conexmetals.com\/pt-br\/#organization","name":"Conex Metals Brass Fittings Brass Parts Copper Parts Brass Components Brass Plumbing Fittings India","url":"https:\/\/conexmetals.com\/pt-br\/","logo":{"@type":"ImageObject","inLanguage":"pt-BR","@id":"https:\/\/conexmetals.com\/pt-br\/#\/schema\/logo\/image\/","url":"https:\/\/conexmetals.com\/wp-content\/uploads\/2024\/03\/conex-metals-logo.webp","contentUrl":"https:\/\/conexmetals.com\/wp-content\/uploads\/2024\/03\/conex-metals-logo.webp","width":300,"height":121,"caption":"Conex Metals Brass Fittings Brass Parts Copper Parts Brass Components Brass Plumbing Fittings India"},"image":{"@id":"https:\/\/conexmetals.com\/pt-br\/#\/schema\/logo\/image\/"},"sameAs":["https:\/\/www.facebook.com\/conexbrass","https:\/\/x.com\/conexindia","https:\/\/www.linkedin.com\/company\/conex-metals-india\/","https:\/\/www.instagram.com\/conexindia\/"]}]}},"_links":{"self":[{"href":"https:\/\/conexmetals.com\/pt-br\/wp-json\/wp\/v2\/product\/10023","targetHints":{"allow":["GET"]}}],"collection":[{"href":"https:\/\/conexmetals.com\/pt-br\/wp-json\/wp\/v2\/product"}],"about":[{"href":"https:\/\/conexmetals.com\/pt-br\/wp-json\/wp\/v2\/types\/product"}],"wp:featuredmedia":[{"embeddable":true,"href":"https:\/\/conexmetals.com\/pt-br\/wp-json\/wp\/v2\/media\/10026"}],"wp:attachment":[{"href":"https:\/\/conexmetals.com\/pt-br\/wp-json\/wp\/v2\/media?parent=10023"}],"wp:term":[{"taxonomy":"product_brand","embeddable":true,"href":"https:\/\/conexmetals.com\/pt-br\/wp-json\/wp\/v2\/product_brand?post=10023"},{"taxonomy":"product_cat","embeddable":true,"href":"https:\/\/conexmetals.com\/pt-br\/wp-json\/wp\/v2\/product_cat?post=10023"},{"taxonomy":"product_tag","embeddable":true,"href":"https:\/\/conexmetals.com\/pt-br\/wp-json\/wp\/v2\/product_tag?post=10023"}],"curies":[{"name":"wp","href":"https:\/\/api.w.org\/{rel}","templated":true}]}}