{"id":10029,"date":"2024-07-13T15:50:12","date_gmt":"2024-07-13T10:20:12","guid":{"rendered":"https:\/\/conexmetals.com\/product\/c90700-bronze-de-estanho-sae-65-cda-907\/"},"modified":"2024-09-16T12:39:41","modified_gmt":"2024-09-16T07:09:41","slug":"c90700-bronze-de-estanho-sae-65-cda-907","status":"publish","type":"product","link":"https:\/\/conexmetals.com\/pt-br\/produto\/c90700-bronze-de-estanho-sae-65-cda-907\/","title":{"rendered":"C90700 Bronze de estanho, SAE 65 (CDA 907)"},"content":{"rendered":"","protected":false},"excerpt":{"rendered":"<p>C90700 (CDA 907) \u00e9 uma liga de fundi\u00e7\u00e3o de bronze de alta resist\u00eancia da \u00cdndia, ideal para componentes de servi\u00e7o pesado em ambientes mar\u00edtimos e industriais. A Conex Metals \u00e9 sua fonte confi\u00e1vel para C90700 Tin Bronze, SAE 65, oferecendo s\u00f3lidos e fundidos sob encomenda em m\u00e9todos de fundi\u00e7\u00e3o centr\u00edfuga (ASTM B271) e areia (ASTM B584). Oferecemos op\u00e7\u00f5es de fundi\u00e7\u00e3o prontas para uso e especiais para atender \u00e0s suas necessidades espec\u00edficas. Nossa equipe de especialistas determinar\u00e1 o m\u00e9todo de fundi\u00e7\u00e3o ideal com base em seu tamanho, especifica\u00e7\u00e3o e quantidade desejada. C90700 Tin Bronze \u00e9 uma liga vers\u00e1til usada em v\u00e1rias aplica\u00e7\u00f5es exigentes, incluindo:      <\/p>\n<ul>\n<li><strong>Engrenagens<\/strong> : Devido \u00e0 sua alta resist\u00eancia e resist\u00eancia ao desgaste, o C90700 \u00e9 adequado para a fabrica\u00e7\u00e3o de engrenagens que precisam suportar tens\u00f5es mec\u00e2nicas e atritos significativos.<\/li>\n<li><strong>Engrenagens sem-fim<\/strong> : a alta resist\u00eancia e a excelente resist\u00eancia ao desgaste da liga a tornam ideal para engrenagens sem-fim, que s\u00e3o usadas em aplica\u00e7\u00f5es que exigem alto torque e movimento suave.<\/li>\n<li><strong>Buchas de rolamento<\/strong> : a boa lubrifica\u00e7\u00e3o e a resist\u00eancia \u00e0 corros\u00e3o da liga a tornam ideal para buchas de rolamento, que exigem baixo atrito e durabilidade para funcionar de forma eficiente ao longo do tempo.<\/li>\n<li><strong>Componentes da v\u00e1lvula<\/strong> : a resist\u00eancia \u00e0 corros\u00e3o e a durabilidade do C90700 s\u00e3o ben\u00e9ficas para componentes da v\u00e1lvula, que devem suportar v\u00e1rios ambientes de fluidos e press\u00f5es sem se degradar.<\/li>\n<\/ul>\n<p>  Confie na Conex Metals para fornecer produtos de bronze estanho C90700 de alta qualidade que atendem \u00e0s suas especifica\u00e7\u00f5es exatas. <strong>Composi\u00e7\u00e3o qu\u00edmica do bronze estanho C90700:<\/strong> (%m\u00e1x., a menos que seja mostrado como intervalo ou m\u00edn.)[table id=\"306\" \/] (1) Na determina\u00e7\u00e3o de Cu min., Cu pode ser calculado como Cu + Ni. (2) O valor de Ni inclui Co. (3) Para fundi\u00e7\u00f5es cont\u00ednuas, P deve ser 1,5%, m\u00e1x. Nota: Cu + Soma dos Elementos Nomeados, 99,4% min. <strong>C90700 Propriedades Mec\u00e2nicas<\/strong> (medidas \u00e0 temperatura ambiente, 68 F (20 C)  <strong><br \/>\n<\/strong>[table id=\"307\" \/]  *Resist\u00eancia \u00e0 fadiga: 100 x 10 <sup>6<\/sup> ciclos, a menos que indicado como [N]X 10 <sup>6<\/sup> .<strong><br \/>\n<\/strong><\/p>\n<p><strong>Especifica\u00e7\u00f5es aplic\u00e1veis C90700  <\/strong>[table id=\"308\" \/]<strong><br \/>\n<\/strong><\/p>\n<p>&nbsp;<\/p>\n","protected":false},"featured_media":0,"template":"","meta":[],"product_brand":[],"product_cat":[23],"product_tag":[],"class_list":{"0":"post-10029","1":"product","2":"type-product","3":"status-publish","5":"product_cat-products","7":"first","8":"instock","9":"shipping-taxable","10":"product-type-simple"},"yoast_head":"<!-- This site is optimized with the Yoast SEO plugin v27.3 - https:\/\/yoast.com\/product\/yoast-seo-wordpress\/ -->\n<title>C90700 Bronze de estanho, SAE 65 (CDA 907)<\/title>\n<meta name=\"description\" content=\"A Conex Metals oferece solu\u00e7\u00f5es de fundi\u00e7\u00e3o especializadas para liga C90700 e bronze C90700, incluindo fundi\u00e7\u00f5es de liga de bronze CDA 907 usinadas em CNC de precis\u00e3o. Com um forte foco em bronze de mangan\u00eas, nossa fundi\u00e7\u00e3o indiana fornece produtos de bronze C90700 de primeira qualidade para atender \u00e0s diversas necessidades da ind\u00fastria na \u00cdndia.\" \/>\n<meta name=\"robots\" content=\"index, follow, max-snippet:-1, max-image-preview:large, max-video-preview:-1\" \/>\n<link rel=\"canonical\" href=\"https:\/\/conexmetals.com\/pt-br\/produto\/c90700-bronze-de-estanho-sae-65-cda-907\/\" \/>\n<script type=\"application\/ld+json\" class=\"yoast-schema-graph\">{\"@context\":\"https:\\\/\\\/schema.org\",\"@graph\":[{\"@type\":\"WebPage\",\"@id\":\"https:\\\/\\\/conexmetals.com\\\/pt-br\\\/produto\\\/c90700-bronze-de-estanho-sae-65-cda-907\\\/\",\"url\":\"https:\\\/\\\/conexmetals.com\\\/pt-br\\\/produto\\\/c90700-bronze-de-estanho-sae-65-cda-907\\\/\",\"name\":\"C90700 Bronze de estanho, SAE 65 (CDA 907)\",\"isPartOf\":{\"@id\":\"https:\\\/\\\/conexmetals.com\\\/pt-br\\\/#website\"},\"datePublished\":\"2024-07-13T10:20:12+00:00\",\"dateModified\":\"2024-09-16T07:09:41+00:00\",\"description\":\"A Conex Metals oferece solu\u00e7\u00f5es de fundi\u00e7\u00e3o especializadas para liga C90700 e bronze C90700, incluindo fundi\u00e7\u00f5es de liga de bronze CDA 907 usinadas em CNC de precis\u00e3o. Com um forte foco em bronze de mangan\u00eas, nossa fundi\u00e7\u00e3o indiana fornece produtos de bronze C90700 de primeira qualidade para atender \u00e0s diversas necessidades da ind\u00fastria na \u00cdndia.\",\"breadcrumb\":{\"@id\":\"https:\\\/\\\/conexmetals.com\\\/pt-br\\\/produto\\\/c90700-bronze-de-estanho-sae-65-cda-907\\\/#breadcrumb\"},\"inLanguage\":\"pt-BR\",\"potentialAction\":[{\"@type\":\"ReadAction\",\"target\":[\"https:\\\/\\\/conexmetals.com\\\/pt-br\\\/produto\\\/c90700-bronze-de-estanho-sae-65-cda-907\\\/\"]}]},{\"@type\":\"BreadcrumbList\",\"@id\":\"https:\\\/\\\/conexmetals.com\\\/pt-br\\\/produto\\\/c90700-bronze-de-estanho-sae-65-cda-907\\\/#breadcrumb\",\"itemListElement\":[{\"@type\":\"ListItem\",\"position\":1,\"name\":\"Home\",\"item\":\"https:\\\/\\\/conexmetals.com\\\/pt-br\\\/lar\\\/\"},{\"@type\":\"ListItem\",\"position\":2,\"name\":\"Products\",\"item\":\"https:\\\/\\\/conexmetals.com\\\/products\\\/\"},{\"@type\":\"ListItem\",\"position\":3,\"name\":\"C90700 Bronze de estanho, SAE 65 (CDA 907)\"}]},{\"@type\":\"WebSite\",\"@id\":\"https:\\\/\\\/conexmetals.com\\\/pt-br\\\/#website\",\"url\":\"https:\\\/\\\/conexmetals.com\\\/pt-br\\\/\",\"name\":\"Conex Metals Brass Fittings Brass Parts Copper Parts Brass Components Brass Plumbing Fittings India\",\"description\":\"Manufacturer of Bronze Fittings casting Copper Brass parts components\",\"publisher\":{\"@id\":\"https:\\\/\\\/conexmetals.com\\\/pt-br\\\/#organization\"},\"potentialAction\":[{\"@type\":\"SearchAction\",\"target\":{\"@type\":\"EntryPoint\",\"urlTemplate\":\"https:\\\/\\\/conexmetals.com\\\/pt-br\\\/?s={search_term_string}\"},\"query-input\":{\"@type\":\"PropertyValueSpecification\",\"valueRequired\":true,\"valueName\":\"search_term_string\"}}],\"inLanguage\":\"pt-BR\"},{\"@type\":\"Organization\",\"@id\":\"https:\\\/\\\/conexmetals.com\\\/pt-br\\\/#organization\",\"name\":\"Conex Metals Brass Fittings Brass Parts Copper Parts Brass Components Brass Plumbing Fittings India\",\"url\":\"https:\\\/\\\/conexmetals.com\\\/pt-br\\\/\",\"logo\":{\"@type\":\"ImageObject\",\"inLanguage\":\"pt-BR\",\"@id\":\"https:\\\/\\\/conexmetals.com\\\/pt-br\\\/#\\\/schema\\\/logo\\\/image\\\/\",\"url\":\"https:\\\/\\\/conexmetals.com\\\/wp-content\\\/uploads\\\/2024\\\/03\\\/conex-metals-logo.webp\",\"contentUrl\":\"https:\\\/\\\/conexmetals.com\\\/wp-content\\\/uploads\\\/2024\\\/03\\\/conex-metals-logo.webp\",\"width\":300,\"height\":121,\"caption\":\"Conex Metals Brass Fittings Brass Parts Copper Parts Brass Components Brass Plumbing Fittings India\"},\"image\":{\"@id\":\"https:\\\/\\\/conexmetals.com\\\/pt-br\\\/#\\\/schema\\\/logo\\\/image\\\/\"},\"sameAs\":[\"https:\\\/\\\/www.facebook.com\\\/conexbrass\",\"https:\\\/\\\/x.com\\\/conexindia\",\"https:\\\/\\\/www.linkedin.com\\\/company\\\/conex-metals-india\\\/\",\"https:\\\/\\\/www.instagram.com\\\/conexindia\\\/\"]}]}<\/script>\n<!-- \/ Yoast SEO plugin. -->","yoast_head_json":{"title":"C90700 Bronze de estanho, SAE 65 (CDA 907)","description":"A Conex Metals oferece solu\u00e7\u00f5es de fundi\u00e7\u00e3o especializadas para liga C90700 e bronze C90700, incluindo fundi\u00e7\u00f5es de liga de bronze CDA 907 usinadas em CNC de precis\u00e3o. Com um forte foco em bronze de mangan\u00eas, nossa fundi\u00e7\u00e3o indiana fornece produtos de bronze C90700 de primeira qualidade para atender \u00e0s diversas necessidades da ind\u00fastria na \u00cdndia.","robots":{"index":"index","follow":"follow","max-snippet":"max-snippet:-1","max-image-preview":"max-image-preview:large","max-video-preview":"max-video-preview:-1"},"canonical":"https:\/\/conexmetals.com\/pt-br\/produto\/c90700-bronze-de-estanho-sae-65-cda-907\/","schema":{"@context":"https:\/\/schema.org","@graph":[{"@type":"WebPage","@id":"https:\/\/conexmetals.com\/pt-br\/produto\/c90700-bronze-de-estanho-sae-65-cda-907\/","url":"https:\/\/conexmetals.com\/pt-br\/produto\/c90700-bronze-de-estanho-sae-65-cda-907\/","name":"C90700 Bronze de estanho, SAE 65 (CDA 907)","isPartOf":{"@id":"https:\/\/conexmetals.com\/pt-br\/#website"},"datePublished":"2024-07-13T10:20:12+00:00","dateModified":"2024-09-16T07:09:41+00:00","description":"A Conex Metals oferece solu\u00e7\u00f5es de fundi\u00e7\u00e3o especializadas para liga C90700 e bronze C90700, incluindo fundi\u00e7\u00f5es de liga de bronze CDA 907 usinadas em CNC de precis\u00e3o. Com um forte foco em bronze de mangan\u00eas, nossa fundi\u00e7\u00e3o indiana fornece produtos de bronze C90700 de primeira qualidade para atender \u00e0s diversas necessidades da ind\u00fastria na \u00cdndia.","breadcrumb":{"@id":"https:\/\/conexmetals.com\/pt-br\/produto\/c90700-bronze-de-estanho-sae-65-cda-907\/#breadcrumb"},"inLanguage":"pt-BR","potentialAction":[{"@type":"ReadAction","target":["https:\/\/conexmetals.com\/pt-br\/produto\/c90700-bronze-de-estanho-sae-65-cda-907\/"]}]},{"@type":"BreadcrumbList","@id":"https:\/\/conexmetals.com\/pt-br\/produto\/c90700-bronze-de-estanho-sae-65-cda-907\/#breadcrumb","itemListElement":[{"@type":"ListItem","position":1,"name":"Home","item":"https:\/\/conexmetals.com\/pt-br\/lar\/"},{"@type":"ListItem","position":2,"name":"Products","item":"https:\/\/conexmetals.com\/products\/"},{"@type":"ListItem","position":3,"name":"C90700 Bronze de estanho, SAE 65 (CDA 907)"}]},{"@type":"WebSite","@id":"https:\/\/conexmetals.com\/pt-br\/#website","url":"https:\/\/conexmetals.com\/pt-br\/","name":"Conex Metals Brass Fittings Brass Parts Copper Parts Brass Components Brass Plumbing Fittings India","description":"Manufacturer of Bronze Fittings casting Copper Brass parts components","publisher":{"@id":"https:\/\/conexmetals.com\/pt-br\/#organization"},"potentialAction":[{"@type":"SearchAction","target":{"@type":"EntryPoint","urlTemplate":"https:\/\/conexmetals.com\/pt-br\/?s={search_term_string}"},"query-input":{"@type":"PropertyValueSpecification","valueRequired":true,"valueName":"search_term_string"}}],"inLanguage":"pt-BR"},{"@type":"Organization","@id":"https:\/\/conexmetals.com\/pt-br\/#organization","name":"Conex Metals Brass Fittings Brass Parts Copper Parts Brass Components Brass Plumbing Fittings India","url":"https:\/\/conexmetals.com\/pt-br\/","logo":{"@type":"ImageObject","inLanguage":"pt-BR","@id":"https:\/\/conexmetals.com\/pt-br\/#\/schema\/logo\/image\/","url":"https:\/\/conexmetals.com\/wp-content\/uploads\/2024\/03\/conex-metals-logo.webp","contentUrl":"https:\/\/conexmetals.com\/wp-content\/uploads\/2024\/03\/conex-metals-logo.webp","width":300,"height":121,"caption":"Conex Metals Brass Fittings Brass Parts Copper Parts Brass Components Brass Plumbing Fittings India"},"image":{"@id":"https:\/\/conexmetals.com\/pt-br\/#\/schema\/logo\/image\/"},"sameAs":["https:\/\/www.facebook.com\/conexbrass","https:\/\/x.com\/conexindia","https:\/\/www.linkedin.com\/company\/conex-metals-india\/","https:\/\/www.instagram.com\/conexindia\/"]}]}},"_links":{"self":[{"href":"https:\/\/conexmetals.com\/pt-br\/wp-json\/wp\/v2\/product\/10029","targetHints":{"allow":["GET"]}}],"collection":[{"href":"https:\/\/conexmetals.com\/pt-br\/wp-json\/wp\/v2\/product"}],"about":[{"href":"https:\/\/conexmetals.com\/pt-br\/wp-json\/wp\/v2\/types\/product"}],"wp:attachment":[{"href":"https:\/\/conexmetals.com\/pt-br\/wp-json\/wp\/v2\/media?parent=10029"}],"wp:term":[{"taxonomy":"product_brand","embeddable":true,"href":"https:\/\/conexmetals.com\/pt-br\/wp-json\/wp\/v2\/product_brand?post=10029"},{"taxonomy":"product_cat","embeddable":true,"href":"https:\/\/conexmetals.com\/pt-br\/wp-json\/wp\/v2\/product_cat?post=10029"},{"taxonomy":"product_tag","embeddable":true,"href":"https:\/\/conexmetals.com\/pt-br\/wp-json\/wp\/v2\/product_tag?post=10029"}],"curies":[{"name":"wp","href":"https:\/\/api.w.org\/{rel}","templated":true}]}}