{"id":10034,"date":"2024-07-15T12:19:27","date_gmt":"2024-07-15T06:49:27","guid":{"rendered":"https:\/\/conexmetals.com\/product\/c86500-bronze-amarelo-de-alta-resistencia-cda-865\/"},"modified":"2024-09-16T12:39:41","modified_gmt":"2024-09-16T07:09:41","slug":"c86500-bronze-amarelo-de-alta-resistencia-cda-865","status":"publish","type":"product","link":"https:\/\/conexmetals.com\/pt-br\/produto\/c86500-bronze-amarelo-de-alta-resistencia-cda-865\/","title":{"rendered":"C86500 Bronze Amarelo de Alta Resist\u00eancia (CDA 865)"},"content":{"rendered":"","protected":false},"excerpt":{"rendered":"<p>C86500 (CDA 865) \u00e9 uma liga de bronze dur\u00e1vel produzida na \u00cdndia, celebrada por sua resist\u00eancia superior ao desgaste em aplica\u00e7\u00f5es industriais pesadas. A Conex Metals \u00e9 sua fonte confi\u00e1vel de bronze amarelo de alta resist\u00eancia C86500, oferecendo pe\u00e7as fundidas sob encomenda, adaptadas \u00e0s suas necessidades espec\u00edficas. Embora esta liga n\u00e3o esteja dispon\u00edvel pronta para uso, nossa equipe de especialistas trabalhar\u00e1 em estreita colabora\u00e7\u00e3o com voc\u00ea para fornecer pe\u00e7as fundidas de alta qualidade que atendam \u00e0s suas especifica\u00e7\u00f5es exatas. Oferecemos v\u00e1rios m\u00e9todos de fundi\u00e7\u00e3o, incluindo fundi\u00e7\u00e3o em areia (ASTM B584), fundi\u00e7\u00e3o centr\u00edfuga (ASTM B271) e fundi\u00e7\u00e3o cont\u00ednua (ASTM B505), para garantir o produto ideal para sua aplica\u00e7\u00e3o. Nossa equipe o orientar\u00e1 na sele\u00e7\u00e3o do melhor m\u00e9todo de fundi\u00e7\u00e3o com base em sua especifica\u00e7\u00e3o e quantidade desejada. <strong>O Bronze Amarelo de Alta Resist\u00eancia C86500 \u00e9 uma liga vers\u00e1til usada em v\u00e1rias aplica\u00e7\u00f5es exigentes, incluindo:<\/strong> &#8211; Engrenagens &#8211; Hastes de v\u00e1lvulas &#8211; Bra\u00e7os de alavanca &#8211; Pe\u00e7as de m\u00e1quinas que exigem resist\u00eancia e tenacidade &#8211; Muitas outras aplica\u00e7\u00f5es onde resist\u00eancia e durabilidade s\u00e3o cruciais Confie na Conex Metals para fornecer pe\u00e7as fundidas de Bronze Amarelo de Alta Resist\u00eancia C86500 de alta qualidade que atendem \u00e0s suas especifica\u00e7\u00f5es exatas. <strong>Composi\u00e7\u00e3o Qu\u00edmica C86500:<\/strong> (%M\u00e1x., A menos que seja mostrado como Faixa ou M\u00edn.)[table id=\"288\" \/] (1) Na determina\u00e7\u00e3o de Cu min., Cu pode ser calculado como Cu + Ni. (2) O valor de Ni inclui Co. Nota: Cu + Soma de Elementos Nomeados, 99,0% min. <strong>C86500 Propriedades Mec\u00e2nicas:<\/strong> (medido \u00e0 temperatura ambiente, 68 F (20 C)      <strong><br \/>\n<\/strong><\/p>\n<p>[table id=\"289\" \/]  *Resist\u00eancia \u00e0 fadiga: 100 x 10 <sup>6<\/sup> ciclos, a menos que indicado como [N]X 10 <sup>6<\/sup> .&nbsp; <strong>Especifica\u00e7\u00f5es aplic\u00e1veis do C86500:<\/strong> [table id=\"290\" \/]<\/p>\n","protected":false},"featured_media":0,"template":"","meta":[],"product_brand":[],"product_cat":[337],"product_tag":[],"class_list":{"0":"post-10034","1":"product","2":"type-product","3":"status-publish","5":"product_cat-produtos","7":"first","8":"instock","9":"shipping-taxable","10":"product-type-simple"},"yoast_head":"<!-- This site is optimized with the Yoast SEO plugin v27.3 - https:\/\/yoast.com\/product\/yoast-seo-wordpress\/ -->\n<title>C86500 Bronze Amarelo de Alta Resist\u00eancia (CDA 865)<\/title>\n<meta name=\"description\" content=\"A Conex Metals \u00e9 uma fundi\u00e7\u00e3o indiana l\u00edder especializada em fundi\u00e7\u00e3o de liga C86500 e bronze C86500. Como um dos principais fornecedores e fabricantes na \u00cdndia, fornecemos fundi\u00e7\u00e3o de liga de bronze mangan\u00eas de alta qualidade, incluindo CDA 865. Nossas fundi\u00e7\u00f5es de liga de bronze C86500 usinadas em CNC garantem precis\u00e3o e desempenho. Escolha a Conex Metals para solu\u00e7\u00f5es superiores de fundi\u00e7\u00e3o de bronze C86500 e bronze mangan\u00eas de uma fundi\u00e7\u00e3o de fundi\u00e7\u00e3o confi\u00e1vel na \u00cdndia.\" \/>\n<meta name=\"robots\" content=\"index, follow, max-snippet:-1, max-image-preview:large, max-video-preview:-1\" \/>\n<link rel=\"canonical\" href=\"https:\/\/conexmetals.com\/pt-br\/produto\/c86500-bronze-amarelo-de-alta-resistencia-cda-865\/\" \/>\n<script type=\"application\/ld+json\" class=\"yoast-schema-graph\">{\"@context\":\"https:\\\/\\\/schema.org\",\"@graph\":[{\"@type\":\"WebPage\",\"@id\":\"https:\\\/\\\/conexmetals.com\\\/pt-br\\\/produto\\\/c86500-bronze-amarelo-de-alta-resistencia-cda-865\\\/\",\"url\":\"https:\\\/\\\/conexmetals.com\\\/pt-br\\\/produto\\\/c86500-bronze-amarelo-de-alta-resistencia-cda-865\\\/\",\"name\":\"C86500 Bronze Amarelo de Alta Resist\u00eancia (CDA 865)\",\"isPartOf\":{\"@id\":\"https:\\\/\\\/conexmetals.com\\\/pt-br\\\/#website\"},\"datePublished\":\"2024-07-15T06:49:27+00:00\",\"dateModified\":\"2024-09-16T07:09:41+00:00\",\"description\":\"A Conex Metals \u00e9 uma fundi\u00e7\u00e3o indiana l\u00edder especializada em fundi\u00e7\u00e3o de liga C86500 e bronze C86500. Como um dos principais fornecedores e fabricantes na \u00cdndia, fornecemos fundi\u00e7\u00e3o de liga de bronze mangan\u00eas de alta qualidade, incluindo CDA 865. Nossas fundi\u00e7\u00f5es de liga de bronze C86500 usinadas em CNC garantem precis\u00e3o e desempenho. Escolha a Conex Metals para solu\u00e7\u00f5es superiores de fundi\u00e7\u00e3o de bronze C86500 e bronze mangan\u00eas de uma fundi\u00e7\u00e3o de fundi\u00e7\u00e3o confi\u00e1vel na \u00cdndia.\",\"breadcrumb\":{\"@id\":\"https:\\\/\\\/conexmetals.com\\\/pt-br\\\/produto\\\/c86500-bronze-amarelo-de-alta-resistencia-cda-865\\\/#breadcrumb\"},\"inLanguage\":\"pt-BR\",\"potentialAction\":[{\"@type\":\"ReadAction\",\"target\":[\"https:\\\/\\\/conexmetals.com\\\/pt-br\\\/produto\\\/c86500-bronze-amarelo-de-alta-resistencia-cda-865\\\/\"]}]},{\"@type\":\"BreadcrumbList\",\"@id\":\"https:\\\/\\\/conexmetals.com\\\/pt-br\\\/produto\\\/c86500-bronze-amarelo-de-alta-resistencia-cda-865\\\/#breadcrumb\",\"itemListElement\":[{\"@type\":\"ListItem\",\"position\":1,\"name\":\"Home\",\"item\":\"https:\\\/\\\/conexmetals.com\\\/pt-br\\\/lar\\\/\"},{\"@type\":\"ListItem\",\"position\":2,\"name\":\"Products\",\"item\":\"https:\\\/\\\/conexmetals.com\\\/products\\\/\"},{\"@type\":\"ListItem\",\"position\":3,\"name\":\"C86500 Bronze Amarelo de Alta Resist\u00eancia (CDA 865)\"}]},{\"@type\":\"WebSite\",\"@id\":\"https:\\\/\\\/conexmetals.com\\\/pt-br\\\/#website\",\"url\":\"https:\\\/\\\/conexmetals.com\\\/pt-br\\\/\",\"name\":\"Conex Metals Brass Fittings Brass Parts Copper Parts Brass Components Brass Plumbing Fittings India\",\"description\":\"Manufacturer of Bronze Fittings casting Copper Brass parts components\",\"publisher\":{\"@id\":\"https:\\\/\\\/conexmetals.com\\\/pt-br\\\/#organization\"},\"potentialAction\":[{\"@type\":\"SearchAction\",\"target\":{\"@type\":\"EntryPoint\",\"urlTemplate\":\"https:\\\/\\\/conexmetals.com\\\/pt-br\\\/?s={search_term_string}\"},\"query-input\":{\"@type\":\"PropertyValueSpecification\",\"valueRequired\":true,\"valueName\":\"search_term_string\"}}],\"inLanguage\":\"pt-BR\"},{\"@type\":\"Organization\",\"@id\":\"https:\\\/\\\/conexmetals.com\\\/pt-br\\\/#organization\",\"name\":\"Conex Metals Brass Fittings Brass Parts Copper Parts Brass Components Brass Plumbing Fittings India\",\"url\":\"https:\\\/\\\/conexmetals.com\\\/pt-br\\\/\",\"logo\":{\"@type\":\"ImageObject\",\"inLanguage\":\"pt-BR\",\"@id\":\"https:\\\/\\\/conexmetals.com\\\/pt-br\\\/#\\\/schema\\\/logo\\\/image\\\/\",\"url\":\"https:\\\/\\\/conexmetals.com\\\/wp-content\\\/uploads\\\/2024\\\/03\\\/conex-metals-logo.webp\",\"contentUrl\":\"https:\\\/\\\/conexmetals.com\\\/wp-content\\\/uploads\\\/2024\\\/03\\\/conex-metals-logo.webp\",\"width\":300,\"height\":121,\"caption\":\"Conex Metals Brass Fittings Brass Parts Copper Parts Brass Components Brass Plumbing Fittings India\"},\"image\":{\"@id\":\"https:\\\/\\\/conexmetals.com\\\/pt-br\\\/#\\\/schema\\\/logo\\\/image\\\/\"},\"sameAs\":[\"https:\\\/\\\/www.facebook.com\\\/conexbrass\",\"https:\\\/\\\/x.com\\\/conexindia\",\"https:\\\/\\\/www.linkedin.com\\\/company\\\/conex-metals-india\\\/\",\"https:\\\/\\\/www.instagram.com\\\/conexindia\\\/\"]}]}<\/script>\n<!-- \/ Yoast SEO plugin. -->","yoast_head_json":{"title":"C86500 Bronze Amarelo de Alta Resist\u00eancia (CDA 865)","description":"A Conex Metals \u00e9 uma fundi\u00e7\u00e3o indiana l\u00edder especializada em fundi\u00e7\u00e3o de liga C86500 e bronze C86500. Como um dos principais fornecedores e fabricantes na \u00cdndia, fornecemos fundi\u00e7\u00e3o de liga de bronze mangan\u00eas de alta qualidade, incluindo CDA 865. Nossas fundi\u00e7\u00f5es de liga de bronze C86500 usinadas em CNC garantem precis\u00e3o e desempenho. Escolha a Conex Metals para solu\u00e7\u00f5es superiores de fundi\u00e7\u00e3o de bronze C86500 e bronze mangan\u00eas de uma fundi\u00e7\u00e3o de fundi\u00e7\u00e3o confi\u00e1vel na \u00cdndia.","robots":{"index":"index","follow":"follow","max-snippet":"max-snippet:-1","max-image-preview":"max-image-preview:large","max-video-preview":"max-video-preview:-1"},"canonical":"https:\/\/conexmetals.com\/pt-br\/produto\/c86500-bronze-amarelo-de-alta-resistencia-cda-865\/","schema":{"@context":"https:\/\/schema.org","@graph":[{"@type":"WebPage","@id":"https:\/\/conexmetals.com\/pt-br\/produto\/c86500-bronze-amarelo-de-alta-resistencia-cda-865\/","url":"https:\/\/conexmetals.com\/pt-br\/produto\/c86500-bronze-amarelo-de-alta-resistencia-cda-865\/","name":"C86500 Bronze Amarelo de Alta Resist\u00eancia (CDA 865)","isPartOf":{"@id":"https:\/\/conexmetals.com\/pt-br\/#website"},"datePublished":"2024-07-15T06:49:27+00:00","dateModified":"2024-09-16T07:09:41+00:00","description":"A Conex Metals \u00e9 uma fundi\u00e7\u00e3o indiana l\u00edder especializada em fundi\u00e7\u00e3o de liga C86500 e bronze C86500. Como um dos principais fornecedores e fabricantes na \u00cdndia, fornecemos fundi\u00e7\u00e3o de liga de bronze mangan\u00eas de alta qualidade, incluindo CDA 865. Nossas fundi\u00e7\u00f5es de liga de bronze C86500 usinadas em CNC garantem precis\u00e3o e desempenho. Escolha a Conex Metals para solu\u00e7\u00f5es superiores de fundi\u00e7\u00e3o de bronze C86500 e bronze mangan\u00eas de uma fundi\u00e7\u00e3o de fundi\u00e7\u00e3o confi\u00e1vel na \u00cdndia.","breadcrumb":{"@id":"https:\/\/conexmetals.com\/pt-br\/produto\/c86500-bronze-amarelo-de-alta-resistencia-cda-865\/#breadcrumb"},"inLanguage":"pt-BR","potentialAction":[{"@type":"ReadAction","target":["https:\/\/conexmetals.com\/pt-br\/produto\/c86500-bronze-amarelo-de-alta-resistencia-cda-865\/"]}]},{"@type":"BreadcrumbList","@id":"https:\/\/conexmetals.com\/pt-br\/produto\/c86500-bronze-amarelo-de-alta-resistencia-cda-865\/#breadcrumb","itemListElement":[{"@type":"ListItem","position":1,"name":"Home","item":"https:\/\/conexmetals.com\/pt-br\/lar\/"},{"@type":"ListItem","position":2,"name":"Products","item":"https:\/\/conexmetals.com\/products\/"},{"@type":"ListItem","position":3,"name":"C86500 Bronze Amarelo de Alta Resist\u00eancia (CDA 865)"}]},{"@type":"WebSite","@id":"https:\/\/conexmetals.com\/pt-br\/#website","url":"https:\/\/conexmetals.com\/pt-br\/","name":"Conex Metals Brass Fittings Brass Parts Copper Parts Brass Components Brass Plumbing Fittings India","description":"Manufacturer of Bronze Fittings casting Copper Brass parts components","publisher":{"@id":"https:\/\/conexmetals.com\/pt-br\/#organization"},"potentialAction":[{"@type":"SearchAction","target":{"@type":"EntryPoint","urlTemplate":"https:\/\/conexmetals.com\/pt-br\/?s={search_term_string}"},"query-input":{"@type":"PropertyValueSpecification","valueRequired":true,"valueName":"search_term_string"}}],"inLanguage":"pt-BR"},{"@type":"Organization","@id":"https:\/\/conexmetals.com\/pt-br\/#organization","name":"Conex Metals Brass Fittings Brass Parts Copper Parts Brass Components Brass Plumbing Fittings India","url":"https:\/\/conexmetals.com\/pt-br\/","logo":{"@type":"ImageObject","inLanguage":"pt-BR","@id":"https:\/\/conexmetals.com\/pt-br\/#\/schema\/logo\/image\/","url":"https:\/\/conexmetals.com\/wp-content\/uploads\/2024\/03\/conex-metals-logo.webp","contentUrl":"https:\/\/conexmetals.com\/wp-content\/uploads\/2024\/03\/conex-metals-logo.webp","width":300,"height":121,"caption":"Conex Metals Brass Fittings Brass Parts Copper Parts Brass Components Brass Plumbing Fittings India"},"image":{"@id":"https:\/\/conexmetals.com\/pt-br\/#\/schema\/logo\/image\/"},"sameAs":["https:\/\/www.facebook.com\/conexbrass","https:\/\/x.com\/conexindia","https:\/\/www.linkedin.com\/company\/conex-metals-india\/","https:\/\/www.instagram.com\/conexindia\/"]}]}},"_links":{"self":[{"href":"https:\/\/conexmetals.com\/pt-br\/wp-json\/wp\/v2\/product\/10034","targetHints":{"allow":["GET"]}}],"collection":[{"href":"https:\/\/conexmetals.com\/pt-br\/wp-json\/wp\/v2\/product"}],"about":[{"href":"https:\/\/conexmetals.com\/pt-br\/wp-json\/wp\/v2\/types\/product"}],"wp:attachment":[{"href":"https:\/\/conexmetals.com\/pt-br\/wp-json\/wp\/v2\/media?parent=10034"}],"wp:term":[{"taxonomy":"product_brand","embeddable":true,"href":"https:\/\/conexmetals.com\/pt-br\/wp-json\/wp\/v2\/product_brand?post=10034"},{"taxonomy":"product_cat","embeddable":true,"href":"https:\/\/conexmetals.com\/pt-br\/wp-json\/wp\/v2\/product_cat?post=10034"},{"taxonomy":"product_tag","embeddable":true,"href":"https:\/\/conexmetals.com\/pt-br\/wp-json\/wp\/v2\/product_tag?post=10034"}],"curies":[{"name":"wp","href":"https:\/\/api.w.org\/{rel}","templated":true}]}}