{"id":10040,"date":"2024-07-12T12:17:08","date_gmt":"2024-07-12T06:47:08","guid":{"rendered":"https:\/\/conexmetals.com\/product\/c86300-sae-430b-bronze-manganes-cda-863\/"},"modified":"2024-09-16T12:39:43","modified_gmt":"2024-09-16T07:09:43","slug":"c86300-sae-430b-bronze-manganes-cda-863","status":"publish","type":"product","link":"https:\/\/conexmetals.com\/pt-br\/produto\/c86300-sae-430b-bronze-manganes-cda-863\/","title":{"rendered":"C86300 (SAE 430B) Bronze Mangan\u00eas (CDA 863)"},"content":{"rendered":"","protected":false},"excerpt":{"rendered":"<p>C86300 (CDA 863) \u00e9 uma liga de bronze fundido forte da \u00cdndia, popular por sua combina\u00e7\u00e3o de resist\u00eancia e usinabilidade em componentes complexos de engenharia. A Conex Metals \u00e9 sua fonte confi\u00e1vel para Bronze Mangan\u00eas C86300, oferecendo uma gama abrangente de formas de produtos, incluindo s\u00f3lidos, tubos, barras com n\u00facleo, placas, ret\u00e2ngulos e fundi\u00e7\u00f5es. Esta liga de alta resist\u00eancia est\u00e1 dispon\u00edvel pronta para uso e em fundi\u00e7\u00f5es especiais, garantindo flexibilidade e conveni\u00eancia para suas necessidades espec\u00edficas. Tamb\u00e9m oferecemos placa de ponte (conforme ASTM B22) como um produto especial, adaptado para atender \u00e0s suas especifica\u00e7\u00f5es exatas. Nossa equipe de especialistas trabalhar\u00e1 em estreita colabora\u00e7\u00e3o com voc\u00ea para determinar o m\u00e9todo de fundi\u00e7\u00e3o ideal com base em seu tamanho, especifica\u00e7\u00e3o e quantidade desejada. <strong>C86300 Bronze Mangan\u00eas \u00e9 uma liga vers\u00e1til usada em v\u00e1rias aplica\u00e7\u00f5es exigentes, incluindo:<\/strong> &#8211; Hastes de v\u00e1lvulas grandes &#8211; Engrenagens &#8211; Cames &#8211; Porcas de rosca &#8211; Pe\u00e7as de cilindros hidr\u00e1ulicos &#8211; Aplica\u00e7\u00f5es extrapesadas de alta resist\u00eancia &#8211; Rolamentos de baixa velocidade e carga pesada <strong>C86300 Composi\u00e7\u00e3o qu\u00edmica:<\/strong> (% m\u00e1x., a menos que seja mostrado como intervalo ou m\u00edn.)[table id=\"284\" \/] (1) Na determina\u00e7\u00e3o de Cu min., Cu pode ser calculado como Cu + Ni. (2) O valor de Ni inclui Co. Nota: Cu + Soma de Elementos Nomeados, 99,0% min. <strong>C86300 Propriedades Mec\u00e2nicas:<\/strong>[table id=\"285\" \/] gth: 100 x 10 <sup>6<\/sup> ciclos, a menos que indicado como [N]X 10 <sup>6<\/sup> . <strong>Especifica\u00e7\u00f5es aplic\u00e1veis C86300:<\/strong>[table id=\"286\" \/] <strong>Propriedades f\u00edsicas do C86300:<\/strong>       [table id=\"287\" \/]<strong><br \/>\n<\/strong><\/p>\n<h3><\/h3>\n<p>&nbsp;<\/p>\n<p>&nbsp;<\/p>\n<p>&nbsp;<\/p>\n","protected":false},"featured_media":0,"template":"","meta":[],"product_brand":[],"product_cat":[337],"product_tag":[],"class_list":{"0":"post-10040","1":"product","2":"type-product","3":"status-publish","5":"product_cat-produtos","7":"first","8":"instock","9":"shipping-taxable","10":"product-type-simple"},"yoast_head":"<!-- This site is optimized with the Yoast SEO plugin v27.3 - https:\/\/yoast.com\/product\/yoast-seo-wordpress\/ -->\n<title>C86300 (SAE 430B) Bronze Mangan\u00eas (CDA 863)<\/title>\n<meta name=\"description\" content=\"A Conex Metals \u00e9 uma fundi\u00e7\u00e3o indiana l\u00edder especializada em fundi\u00e7\u00e3o de liga C86300 e bronze C86300. Como um dos principais fornecedores e fabricantes na \u00cdndia, oferecemos fundi\u00e7\u00e3o de liga de bronze mangan\u00eas de alta qualidade, incluindo CDA 863. Nossas fundi\u00e7\u00f5es de liga de bronze C86300 usinadas em CNC s\u00e3o conhecidas por precis\u00e3o e durabilidade. Confie na Conex Metals para todas as suas necessidades de fundi\u00e7\u00e3o de bronze C86300 e bronze mangan\u00eas.\" \/>\n<meta name=\"robots\" content=\"index, follow, max-snippet:-1, max-image-preview:large, max-video-preview:-1\" \/>\n<link rel=\"canonical\" href=\"https:\/\/conexmetals.com\/pt-br\/produto\/c86300-sae-430b-bronze-manganes-cda-863\/\" \/>\n<script type=\"application\/ld+json\" class=\"yoast-schema-graph\">{\"@context\":\"https:\\\/\\\/schema.org\",\"@graph\":[{\"@type\":\"WebPage\",\"@id\":\"https:\\\/\\\/conexmetals.com\\\/pt-br\\\/produto\\\/c86300-sae-430b-bronze-manganes-cda-863\\\/\",\"url\":\"https:\\\/\\\/conexmetals.com\\\/pt-br\\\/produto\\\/c86300-sae-430b-bronze-manganes-cda-863\\\/\",\"name\":\"C86300 (SAE 430B) Bronze Mangan\u00eas (CDA 863)\",\"isPartOf\":{\"@id\":\"https:\\\/\\\/conexmetals.com\\\/pt-br\\\/#website\"},\"datePublished\":\"2024-07-12T06:47:08+00:00\",\"dateModified\":\"2024-09-16T07:09:43+00:00\",\"description\":\"A Conex Metals \u00e9 uma fundi\u00e7\u00e3o indiana l\u00edder especializada em fundi\u00e7\u00e3o de liga C86300 e bronze C86300. Como um dos principais fornecedores e fabricantes na \u00cdndia, oferecemos fundi\u00e7\u00e3o de liga de bronze mangan\u00eas de alta qualidade, incluindo CDA 863. Nossas fundi\u00e7\u00f5es de liga de bronze C86300 usinadas em CNC s\u00e3o conhecidas por precis\u00e3o e durabilidade. Confie na Conex Metals para todas as suas necessidades de fundi\u00e7\u00e3o de bronze C86300 e bronze mangan\u00eas.\",\"breadcrumb\":{\"@id\":\"https:\\\/\\\/conexmetals.com\\\/pt-br\\\/produto\\\/c86300-sae-430b-bronze-manganes-cda-863\\\/#breadcrumb\"},\"inLanguage\":\"pt-BR\",\"potentialAction\":[{\"@type\":\"ReadAction\",\"target\":[\"https:\\\/\\\/conexmetals.com\\\/pt-br\\\/produto\\\/c86300-sae-430b-bronze-manganes-cda-863\\\/\"]}]},{\"@type\":\"BreadcrumbList\",\"@id\":\"https:\\\/\\\/conexmetals.com\\\/pt-br\\\/produto\\\/c86300-sae-430b-bronze-manganes-cda-863\\\/#breadcrumb\",\"itemListElement\":[{\"@type\":\"ListItem\",\"position\":1,\"name\":\"Home\",\"item\":\"https:\\\/\\\/conexmetals.com\\\/pt-br\\\/lar\\\/\"},{\"@type\":\"ListItem\",\"position\":2,\"name\":\"Products\",\"item\":\"https:\\\/\\\/conexmetals.com\\\/products\\\/\"},{\"@type\":\"ListItem\",\"position\":3,\"name\":\"C86300 (SAE 430B) Bronze Mangan\u00eas (CDA 863)\"}]},{\"@type\":\"WebSite\",\"@id\":\"https:\\\/\\\/conexmetals.com\\\/pt-br\\\/#website\",\"url\":\"https:\\\/\\\/conexmetals.com\\\/pt-br\\\/\",\"name\":\"Conex Metals Brass Fittings Brass Parts Copper Parts Brass Components Brass Plumbing Fittings India\",\"description\":\"Manufacturer of Bronze Fittings casting Copper Brass parts components\",\"publisher\":{\"@id\":\"https:\\\/\\\/conexmetals.com\\\/pt-br\\\/#organization\"},\"potentialAction\":[{\"@type\":\"SearchAction\",\"target\":{\"@type\":\"EntryPoint\",\"urlTemplate\":\"https:\\\/\\\/conexmetals.com\\\/pt-br\\\/?s={search_term_string}\"},\"query-input\":{\"@type\":\"PropertyValueSpecification\",\"valueRequired\":true,\"valueName\":\"search_term_string\"}}],\"inLanguage\":\"pt-BR\"},{\"@type\":\"Organization\",\"@id\":\"https:\\\/\\\/conexmetals.com\\\/pt-br\\\/#organization\",\"name\":\"Conex Metals Brass Fittings Brass Parts Copper Parts Brass Components Brass Plumbing Fittings India\",\"url\":\"https:\\\/\\\/conexmetals.com\\\/pt-br\\\/\",\"logo\":{\"@type\":\"ImageObject\",\"inLanguage\":\"pt-BR\",\"@id\":\"https:\\\/\\\/conexmetals.com\\\/pt-br\\\/#\\\/schema\\\/logo\\\/image\\\/\",\"url\":\"https:\\\/\\\/conexmetals.com\\\/wp-content\\\/uploads\\\/2024\\\/03\\\/conex-metals-logo.webp\",\"contentUrl\":\"https:\\\/\\\/conexmetals.com\\\/wp-content\\\/uploads\\\/2024\\\/03\\\/conex-metals-logo.webp\",\"width\":300,\"height\":121,\"caption\":\"Conex Metals Brass Fittings Brass Parts Copper Parts Brass Components Brass Plumbing Fittings India\"},\"image\":{\"@id\":\"https:\\\/\\\/conexmetals.com\\\/pt-br\\\/#\\\/schema\\\/logo\\\/image\\\/\"},\"sameAs\":[\"https:\\\/\\\/www.facebook.com\\\/conexbrass\",\"https:\\\/\\\/x.com\\\/conexindia\",\"https:\\\/\\\/www.linkedin.com\\\/company\\\/conex-metals-india\\\/\",\"https:\\\/\\\/www.instagram.com\\\/conexindia\\\/\"]}]}<\/script>\n<!-- \/ Yoast SEO plugin. -->","yoast_head_json":{"title":"C86300 (SAE 430B) Bronze Mangan\u00eas (CDA 863)","description":"A Conex Metals \u00e9 uma fundi\u00e7\u00e3o indiana l\u00edder especializada em fundi\u00e7\u00e3o de liga C86300 e bronze C86300. Como um dos principais fornecedores e fabricantes na \u00cdndia, oferecemos fundi\u00e7\u00e3o de liga de bronze mangan\u00eas de alta qualidade, incluindo CDA 863. Nossas fundi\u00e7\u00f5es de liga de bronze C86300 usinadas em CNC s\u00e3o conhecidas por precis\u00e3o e durabilidade. Confie na Conex Metals para todas as suas necessidades de fundi\u00e7\u00e3o de bronze C86300 e bronze mangan\u00eas.","robots":{"index":"index","follow":"follow","max-snippet":"max-snippet:-1","max-image-preview":"max-image-preview:large","max-video-preview":"max-video-preview:-1"},"canonical":"https:\/\/conexmetals.com\/pt-br\/produto\/c86300-sae-430b-bronze-manganes-cda-863\/","schema":{"@context":"https:\/\/schema.org","@graph":[{"@type":"WebPage","@id":"https:\/\/conexmetals.com\/pt-br\/produto\/c86300-sae-430b-bronze-manganes-cda-863\/","url":"https:\/\/conexmetals.com\/pt-br\/produto\/c86300-sae-430b-bronze-manganes-cda-863\/","name":"C86300 (SAE 430B) Bronze Mangan\u00eas (CDA 863)","isPartOf":{"@id":"https:\/\/conexmetals.com\/pt-br\/#website"},"datePublished":"2024-07-12T06:47:08+00:00","dateModified":"2024-09-16T07:09:43+00:00","description":"A Conex Metals \u00e9 uma fundi\u00e7\u00e3o indiana l\u00edder especializada em fundi\u00e7\u00e3o de liga C86300 e bronze C86300. Como um dos principais fornecedores e fabricantes na \u00cdndia, oferecemos fundi\u00e7\u00e3o de liga de bronze mangan\u00eas de alta qualidade, incluindo CDA 863. Nossas fundi\u00e7\u00f5es de liga de bronze C86300 usinadas em CNC s\u00e3o conhecidas por precis\u00e3o e durabilidade. Confie na Conex Metals para todas as suas necessidades de fundi\u00e7\u00e3o de bronze C86300 e bronze mangan\u00eas.","breadcrumb":{"@id":"https:\/\/conexmetals.com\/pt-br\/produto\/c86300-sae-430b-bronze-manganes-cda-863\/#breadcrumb"},"inLanguage":"pt-BR","potentialAction":[{"@type":"ReadAction","target":["https:\/\/conexmetals.com\/pt-br\/produto\/c86300-sae-430b-bronze-manganes-cda-863\/"]}]},{"@type":"BreadcrumbList","@id":"https:\/\/conexmetals.com\/pt-br\/produto\/c86300-sae-430b-bronze-manganes-cda-863\/#breadcrumb","itemListElement":[{"@type":"ListItem","position":1,"name":"Home","item":"https:\/\/conexmetals.com\/pt-br\/lar\/"},{"@type":"ListItem","position":2,"name":"Products","item":"https:\/\/conexmetals.com\/products\/"},{"@type":"ListItem","position":3,"name":"C86300 (SAE 430B) Bronze Mangan\u00eas (CDA 863)"}]},{"@type":"WebSite","@id":"https:\/\/conexmetals.com\/pt-br\/#website","url":"https:\/\/conexmetals.com\/pt-br\/","name":"Conex Metals Brass Fittings Brass Parts Copper Parts Brass Components Brass Plumbing Fittings India","description":"Manufacturer of Bronze Fittings casting Copper Brass parts components","publisher":{"@id":"https:\/\/conexmetals.com\/pt-br\/#organization"},"potentialAction":[{"@type":"SearchAction","target":{"@type":"EntryPoint","urlTemplate":"https:\/\/conexmetals.com\/pt-br\/?s={search_term_string}"},"query-input":{"@type":"PropertyValueSpecification","valueRequired":true,"valueName":"search_term_string"}}],"inLanguage":"pt-BR"},{"@type":"Organization","@id":"https:\/\/conexmetals.com\/pt-br\/#organization","name":"Conex Metals Brass Fittings Brass Parts Copper Parts Brass Components Brass Plumbing Fittings India","url":"https:\/\/conexmetals.com\/pt-br\/","logo":{"@type":"ImageObject","inLanguage":"pt-BR","@id":"https:\/\/conexmetals.com\/pt-br\/#\/schema\/logo\/image\/","url":"https:\/\/conexmetals.com\/wp-content\/uploads\/2024\/03\/conex-metals-logo.webp","contentUrl":"https:\/\/conexmetals.com\/wp-content\/uploads\/2024\/03\/conex-metals-logo.webp","width":300,"height":121,"caption":"Conex Metals Brass Fittings Brass Parts Copper Parts Brass Components Brass Plumbing Fittings India"},"image":{"@id":"https:\/\/conexmetals.com\/pt-br\/#\/schema\/logo\/image\/"},"sameAs":["https:\/\/www.facebook.com\/conexbrass","https:\/\/x.com\/conexindia","https:\/\/www.linkedin.com\/company\/conex-metals-india\/","https:\/\/www.instagram.com\/conexindia\/"]}]}},"_links":{"self":[{"href":"https:\/\/conexmetals.com\/pt-br\/wp-json\/wp\/v2\/product\/10040","targetHints":{"allow":["GET"]}}],"collection":[{"href":"https:\/\/conexmetals.com\/pt-br\/wp-json\/wp\/v2\/product"}],"about":[{"href":"https:\/\/conexmetals.com\/pt-br\/wp-json\/wp\/v2\/types\/product"}],"wp:attachment":[{"href":"https:\/\/conexmetals.com\/pt-br\/wp-json\/wp\/v2\/media?parent=10040"}],"wp:term":[{"taxonomy":"product_brand","embeddable":true,"href":"https:\/\/conexmetals.com\/pt-br\/wp-json\/wp\/v2\/product_brand?post=10040"},{"taxonomy":"product_cat","embeddable":true,"href":"https:\/\/conexmetals.com\/pt-br\/wp-json\/wp\/v2\/product_cat?post=10040"},{"taxonomy":"product_tag","embeddable":true,"href":"https:\/\/conexmetals.com\/pt-br\/wp-json\/wp\/v2\/product_tag?post=10040"}],"curies":[{"name":"wp","href":"https:\/\/api.w.org\/{rel}","templated":true}]}}