{"id":10042,"date":"2024-07-11T18:58:07","date_gmt":"2024-07-11T13:28:07","guid":{"rendered":"https:\/\/conexmetals.com\/product\/c93500-bronze-de-estanho-com-alto-teor-de-chumbo-sae-66-cda-935\/"},"modified":"2024-09-16T12:39:43","modified_gmt":"2024-09-16T07:09:43","slug":"c93500-bronze-de-estanho-com-alto-teor-de-chumbo-sae-66-cda-935","status":"publish","type":"product","link":"https:\/\/conexmetals.com\/pt-br\/produto\/c93500-bronze-de-estanho-com-alto-teor-de-chumbo-sae-66-cda-935\/","title":{"rendered":"C93500 Bronze de estanho com alto teor de chumbo, SAE 66 (CDA 935)"},"content":{"rendered":"","protected":false},"excerpt":{"rendered":"<p>C93500 (CDA 935) \u00e9 uma liga de bronze especializada para fundi\u00e7\u00e3o da \u00cdndia, projetada para aplica\u00e7\u00f5es que exigem resist\u00eancia superior ao desgaste e resist\u00eancia mec\u00e2nica. A Conex Metals \u00e9 sua fonte confi\u00e1vel para C93500 Bronze de Estanho com Alto Chumbo, SAE 66, oferecendo fundi\u00e7\u00f5es centr\u00edfugas e fundi\u00e7\u00f5es em areia adaptadas \u00e0s suas necessidades espec\u00edficas. Embora esta liga n\u00e3o esteja dispon\u00edvel como um produto pronto para uso, nossa equipe de especialistas trabalhar\u00e1 em estreita colabora\u00e7\u00e3o com voc\u00ea para fornecer fundi\u00e7\u00f5es especiais que atendam \u00e0s suas especifica\u00e7\u00f5es exatas. O m\u00e9todo de fundi\u00e7\u00e3o depender\u00e1 do seu tamanho, especifica\u00e7\u00e3o e quantidade desejada, garantindo que seu produto final atenda aos mais altos padr\u00f5es de qualidade e desempenho. C93500 Bronze de Estanho com Alto Chumbo, SAE 66 \u00e9 uma liga vers\u00e1til usada em v\u00e1rias aplica\u00e7\u00f5es exigentes, incluindo: &#8211; Pequenos rolamentos e buchas &#8211; Suporte de bronze para rolamentos automotivos revestidos com babbitt Confie na Conex Metals para fornecer produtos de alta qualidade C93500 Bronze de Estanho com Alto Chumbo que atendam \u00e0s suas especifica\u00e7\u00f5es exatas, apoiados por nossa experi\u00eancia e dedica\u00e7\u00e3o ao seu sucesso. Entre em contato conosco hoje mesmo para discutir suas necessidades espec\u00edficas e deixe-nos ajud\u00e1-lo a encontrar a solu\u00e7\u00e3o perfeita.       [table id=\"281\" \/]  (1) Na determina\u00e7\u00e3o de Cu min., Cu pode ser calculado como Cu + Ni. (2) O valor de Ni inclui Co. (3) Para fundi\u00e7\u00f5es cont\u00ednuas, P deve ser 1,5%, m\u00e1x. Nota: Cu + Soma dos Elementos Nomeados, 99,0% min. C93500 Propriedades Mec\u00e2nicas: (medido \u00e0 temperatura ambiente, 68 F (20 C)[table id=\"282\" \/]&nbsp; Especifica\u00e7\u00f5es aplic\u00e1veis do C93500:     [table id=\"283\" \/]<\/p>\n","protected":false},"featured_media":0,"template":"","meta":[],"product_brand":[],"product_cat":[337],"product_tag":[],"class_list":{"0":"post-10042","1":"product","2":"type-product","3":"status-publish","5":"product_cat-produtos","7":"first","8":"instock","9":"shipping-taxable","10":"product-type-simple"},"yoast_head":"<!-- This site is optimized with the Yoast SEO plugin v27.3 - https:\/\/yoast.com\/product\/yoast-seo-wordpress\/ -->\n<title>C93500 Bronze de estanho com alto teor de chumbo, SAE 66 (CDA 935)<\/title>\n<meta name=\"description\" content=\"A Conex Metals \u00e9 uma fabricante e fornecedora indiana confi\u00e1vel de pe\u00e7as fundidas de liga C93500 e bronze C93500. Com expertise em liga de bronze CDA 935 e bronze mangan\u00eas, nossa fundi\u00e7\u00e3o indiana fornece pe\u00e7as fundidas usinadas em CNC premium, garantindo durabilidade e precis\u00e3o em todas as pe\u00e7as fundidas de liga de bronze C93500.\" \/>\n<meta name=\"robots\" content=\"index, follow, max-snippet:-1, max-image-preview:large, max-video-preview:-1\" \/>\n<link rel=\"canonical\" href=\"https:\/\/conexmetals.com\/pt-br\/produto\/c93500-bronze-de-estanho-com-alto-teor-de-chumbo-sae-66-cda-935\/\" \/>\n<script type=\"application\/ld+json\" class=\"yoast-schema-graph\">{\"@context\":\"https:\\\/\\\/schema.org\",\"@graph\":[{\"@type\":\"WebPage\",\"@id\":\"https:\\\/\\\/conexmetals.com\\\/pt-br\\\/produto\\\/c93500-bronze-de-estanho-com-alto-teor-de-chumbo-sae-66-cda-935\\\/\",\"url\":\"https:\\\/\\\/conexmetals.com\\\/pt-br\\\/produto\\\/c93500-bronze-de-estanho-com-alto-teor-de-chumbo-sae-66-cda-935\\\/\",\"name\":\"C93500 Bronze de estanho com alto teor de chumbo, SAE 66 (CDA 935)\",\"isPartOf\":{\"@id\":\"https:\\\/\\\/conexmetals.com\\\/pt-br\\\/#website\"},\"datePublished\":\"2024-07-11T13:28:07+00:00\",\"dateModified\":\"2024-09-16T07:09:43+00:00\",\"description\":\"A Conex Metals \u00e9 uma fabricante e fornecedora indiana confi\u00e1vel de pe\u00e7as fundidas de liga C93500 e bronze C93500. Com expertise em liga de bronze CDA 935 e bronze mangan\u00eas, nossa fundi\u00e7\u00e3o indiana fornece pe\u00e7as fundidas usinadas em CNC premium, garantindo durabilidade e precis\u00e3o em todas as pe\u00e7as fundidas de liga de bronze C93500.\",\"breadcrumb\":{\"@id\":\"https:\\\/\\\/conexmetals.com\\\/pt-br\\\/produto\\\/c93500-bronze-de-estanho-com-alto-teor-de-chumbo-sae-66-cda-935\\\/#breadcrumb\"},\"inLanguage\":\"pt-BR\",\"potentialAction\":[{\"@type\":\"ReadAction\",\"target\":[\"https:\\\/\\\/conexmetals.com\\\/pt-br\\\/produto\\\/c93500-bronze-de-estanho-com-alto-teor-de-chumbo-sae-66-cda-935\\\/\"]}]},{\"@type\":\"BreadcrumbList\",\"@id\":\"https:\\\/\\\/conexmetals.com\\\/pt-br\\\/produto\\\/c93500-bronze-de-estanho-com-alto-teor-de-chumbo-sae-66-cda-935\\\/#breadcrumb\",\"itemListElement\":[{\"@type\":\"ListItem\",\"position\":1,\"name\":\"Home\",\"item\":\"https:\\\/\\\/conexmetals.com\\\/pt-br\\\/lar\\\/\"},{\"@type\":\"ListItem\",\"position\":2,\"name\":\"Products\",\"item\":\"https:\\\/\\\/conexmetals.com\\\/products\\\/\"},{\"@type\":\"ListItem\",\"position\":3,\"name\":\"C93500 Bronze de estanho com alto teor de chumbo, SAE 66 (CDA 935)\"}]},{\"@type\":\"WebSite\",\"@id\":\"https:\\\/\\\/conexmetals.com\\\/pt-br\\\/#website\",\"url\":\"https:\\\/\\\/conexmetals.com\\\/pt-br\\\/\",\"name\":\"Conex Metals Brass Fittings Brass Parts Copper Parts Brass Components Brass Plumbing Fittings India\",\"description\":\"Manufacturer of Bronze Fittings casting Copper Brass parts components\",\"publisher\":{\"@id\":\"https:\\\/\\\/conexmetals.com\\\/pt-br\\\/#organization\"},\"potentialAction\":[{\"@type\":\"SearchAction\",\"target\":{\"@type\":\"EntryPoint\",\"urlTemplate\":\"https:\\\/\\\/conexmetals.com\\\/pt-br\\\/?s={search_term_string}\"},\"query-input\":{\"@type\":\"PropertyValueSpecification\",\"valueRequired\":true,\"valueName\":\"search_term_string\"}}],\"inLanguage\":\"pt-BR\"},{\"@type\":\"Organization\",\"@id\":\"https:\\\/\\\/conexmetals.com\\\/pt-br\\\/#organization\",\"name\":\"Conex Metals Brass Fittings Brass Parts Copper Parts Brass Components Brass Plumbing Fittings India\",\"url\":\"https:\\\/\\\/conexmetals.com\\\/pt-br\\\/\",\"logo\":{\"@type\":\"ImageObject\",\"inLanguage\":\"pt-BR\",\"@id\":\"https:\\\/\\\/conexmetals.com\\\/pt-br\\\/#\\\/schema\\\/logo\\\/image\\\/\",\"url\":\"https:\\\/\\\/conexmetals.com\\\/wp-content\\\/uploads\\\/2024\\\/03\\\/conex-metals-logo.webp\",\"contentUrl\":\"https:\\\/\\\/conexmetals.com\\\/wp-content\\\/uploads\\\/2024\\\/03\\\/conex-metals-logo.webp\",\"width\":300,\"height\":121,\"caption\":\"Conex Metals Brass Fittings Brass Parts Copper Parts Brass Components Brass Plumbing Fittings India\"},\"image\":{\"@id\":\"https:\\\/\\\/conexmetals.com\\\/pt-br\\\/#\\\/schema\\\/logo\\\/image\\\/\"},\"sameAs\":[\"https:\\\/\\\/www.facebook.com\\\/conexbrass\",\"https:\\\/\\\/x.com\\\/conexindia\",\"https:\\\/\\\/www.linkedin.com\\\/company\\\/conex-metals-india\\\/\",\"https:\\\/\\\/www.instagram.com\\\/conexindia\\\/\"]}]}<\/script>\n<!-- \/ Yoast SEO plugin. -->","yoast_head_json":{"title":"C93500 Bronze de estanho com alto teor de chumbo, SAE 66 (CDA 935)","description":"A Conex Metals \u00e9 uma fabricante e fornecedora indiana confi\u00e1vel de pe\u00e7as fundidas de liga C93500 e bronze C93500. Com expertise em liga de bronze CDA 935 e bronze mangan\u00eas, nossa fundi\u00e7\u00e3o indiana fornece pe\u00e7as fundidas usinadas em CNC premium, garantindo durabilidade e precis\u00e3o em todas as pe\u00e7as fundidas de liga de bronze C93500.","robots":{"index":"index","follow":"follow","max-snippet":"max-snippet:-1","max-image-preview":"max-image-preview:large","max-video-preview":"max-video-preview:-1"},"canonical":"https:\/\/conexmetals.com\/pt-br\/produto\/c93500-bronze-de-estanho-com-alto-teor-de-chumbo-sae-66-cda-935\/","schema":{"@context":"https:\/\/schema.org","@graph":[{"@type":"WebPage","@id":"https:\/\/conexmetals.com\/pt-br\/produto\/c93500-bronze-de-estanho-com-alto-teor-de-chumbo-sae-66-cda-935\/","url":"https:\/\/conexmetals.com\/pt-br\/produto\/c93500-bronze-de-estanho-com-alto-teor-de-chumbo-sae-66-cda-935\/","name":"C93500 Bronze de estanho com alto teor de chumbo, SAE 66 (CDA 935)","isPartOf":{"@id":"https:\/\/conexmetals.com\/pt-br\/#website"},"datePublished":"2024-07-11T13:28:07+00:00","dateModified":"2024-09-16T07:09:43+00:00","description":"A Conex Metals \u00e9 uma fabricante e fornecedora indiana confi\u00e1vel de pe\u00e7as fundidas de liga C93500 e bronze C93500. Com expertise em liga de bronze CDA 935 e bronze mangan\u00eas, nossa fundi\u00e7\u00e3o indiana fornece pe\u00e7as fundidas usinadas em CNC premium, garantindo durabilidade e precis\u00e3o em todas as pe\u00e7as fundidas de liga de bronze C93500.","breadcrumb":{"@id":"https:\/\/conexmetals.com\/pt-br\/produto\/c93500-bronze-de-estanho-com-alto-teor-de-chumbo-sae-66-cda-935\/#breadcrumb"},"inLanguage":"pt-BR","potentialAction":[{"@type":"ReadAction","target":["https:\/\/conexmetals.com\/pt-br\/produto\/c93500-bronze-de-estanho-com-alto-teor-de-chumbo-sae-66-cda-935\/"]}]},{"@type":"BreadcrumbList","@id":"https:\/\/conexmetals.com\/pt-br\/produto\/c93500-bronze-de-estanho-com-alto-teor-de-chumbo-sae-66-cda-935\/#breadcrumb","itemListElement":[{"@type":"ListItem","position":1,"name":"Home","item":"https:\/\/conexmetals.com\/pt-br\/lar\/"},{"@type":"ListItem","position":2,"name":"Products","item":"https:\/\/conexmetals.com\/products\/"},{"@type":"ListItem","position":3,"name":"C93500 Bronze de estanho com alto teor de chumbo, SAE 66 (CDA 935)"}]},{"@type":"WebSite","@id":"https:\/\/conexmetals.com\/pt-br\/#website","url":"https:\/\/conexmetals.com\/pt-br\/","name":"Conex Metals Brass Fittings Brass Parts Copper Parts Brass Components Brass Plumbing Fittings India","description":"Manufacturer of Bronze Fittings casting Copper Brass parts components","publisher":{"@id":"https:\/\/conexmetals.com\/pt-br\/#organization"},"potentialAction":[{"@type":"SearchAction","target":{"@type":"EntryPoint","urlTemplate":"https:\/\/conexmetals.com\/pt-br\/?s={search_term_string}"},"query-input":{"@type":"PropertyValueSpecification","valueRequired":true,"valueName":"search_term_string"}}],"inLanguage":"pt-BR"},{"@type":"Organization","@id":"https:\/\/conexmetals.com\/pt-br\/#organization","name":"Conex Metals Brass Fittings Brass Parts Copper Parts Brass Components Brass Plumbing Fittings India","url":"https:\/\/conexmetals.com\/pt-br\/","logo":{"@type":"ImageObject","inLanguage":"pt-BR","@id":"https:\/\/conexmetals.com\/pt-br\/#\/schema\/logo\/image\/","url":"https:\/\/conexmetals.com\/wp-content\/uploads\/2024\/03\/conex-metals-logo.webp","contentUrl":"https:\/\/conexmetals.com\/wp-content\/uploads\/2024\/03\/conex-metals-logo.webp","width":300,"height":121,"caption":"Conex Metals Brass Fittings Brass Parts Copper Parts Brass Components Brass Plumbing Fittings India"},"image":{"@id":"https:\/\/conexmetals.com\/pt-br\/#\/schema\/logo\/image\/"},"sameAs":["https:\/\/www.facebook.com\/conexbrass","https:\/\/x.com\/conexindia","https:\/\/www.linkedin.com\/company\/conex-metals-india\/","https:\/\/www.instagram.com\/conexindia\/"]}]}},"_links":{"self":[{"href":"https:\/\/conexmetals.com\/pt-br\/wp-json\/wp\/v2\/product\/10042","targetHints":{"allow":["GET"]}}],"collection":[{"href":"https:\/\/conexmetals.com\/pt-br\/wp-json\/wp\/v2\/product"}],"about":[{"href":"https:\/\/conexmetals.com\/pt-br\/wp-json\/wp\/v2\/types\/product"}],"wp:attachment":[{"href":"https:\/\/conexmetals.com\/pt-br\/wp-json\/wp\/v2\/media?parent=10042"}],"wp:term":[{"taxonomy":"product_brand","embeddable":true,"href":"https:\/\/conexmetals.com\/pt-br\/wp-json\/wp\/v2\/product_brand?post=10042"},{"taxonomy":"product_cat","embeddable":true,"href":"https:\/\/conexmetals.com\/pt-br\/wp-json\/wp\/v2\/product_cat?post=10042"},{"taxonomy":"product_tag","embeddable":true,"href":"https:\/\/conexmetals.com\/pt-br\/wp-json\/wp\/v2\/product_tag?post=10042"}],"curies":[{"name":"wp","href":"https:\/\/api.w.org\/{rel}","templated":true}]}}