{"id":10048,"date":"2024-07-12T12:37:07","date_gmt":"2024-07-12T07:07:07","guid":{"rendered":"https:\/\/conexmetals.com\/product\/c95510-bronze-de-niquel-aluminio-ams-4880-cda-9551\/"},"modified":"2024-09-16T12:39:43","modified_gmt":"2024-09-16T07:09:43","slug":"c95510-bronze-de-niquel-aluminio-ams-4880-cda-9551","status":"publish","type":"product","link":"https:\/\/conexmetals.com\/pt-br\/produto\/c95510-bronze-de-niquel-aluminio-ams-4880-cda-9551\/","title":{"rendered":"C95510 Bronze de n\u00edquel alum\u00ednio, AMS 4880 (CDA 9551)"},"content":{"rendered":"","protected":false},"excerpt":{"rendered":"<p>C95510 (CDA 95510) \u00e9 uma liga de fundi\u00e7\u00e3o de bronze produzida na \u00cdndia, oferecendo excelente resist\u00eancia \u00e0 corros\u00e3o para ambientes mar\u00edtimos e industriais. A Conex Metals \u00e9 sua fonte confi\u00e1vel para C95510 N\u00edquel Alum\u00ednio Bronze, AMS 4880, oferecendo fundi\u00e7\u00f5es centr\u00edfugas sob encomenda adaptadas \u00e0s suas necessidades espec\u00edficas. Para garantir um ajuste preciso e desempenho ideal, informe-nos seu tamanho, especifica\u00e7\u00e3o e quantidade desejada. <strong>C95510 N\u00edquel Alum\u00ednio Bronze, AMS 4880 \u00e9 uma liga vers\u00e1til usada em v\u00e1rias aplica\u00e7\u00f5es exigentes, incluindo:<\/strong> &#8211; Buchas &#8211; Rolamentos &#8211; Engrenagens &#8211; Sem-fins &#8211; Gl\u00e2ndulas &#8211; Rodas sem-fim &#8211; Pe\u00e7as de m\u00e1quinas &#8211; Moldes de vidro &#8211; Mand\u00edbulas de soldagem &#8211; Pe\u00e7as de trem de pouso &#8211; Placas de desgaste &#8211; Componentes de aeronaves &#8211; Equipamento de decapagem &#8211; Guias de lamina\u00e7\u00e3o a quente &#8211; Sedes de v\u00e1lvula &#8211; Extremidades de fluido de bomba Confie na Conex Metals para fornecer fundi\u00e7\u00f5es de N\u00edquel Alum\u00ednio Bronze C95510 de alta qualidade que atendem \u00e0s suas especifica\u00e7\u00f5es exatas. Entre em contato conosco hoje para discutir suas necessidades espec\u00edficas e deixe-nos ajud\u00e1-lo a encontrar a solu\u00e7\u00e3o perfeita. <strong>C95510 Composi\u00e7\u00e3o qu\u00edmica:<\/strong> (% m\u00e1x., a menos que seja mostrado como intervalo ou m\u00edn.)[table id=\"291\" \/] (1) O valor de Ni inclui Co. Nota: Cu + Soma dos Elementos Nomeados, 99,8% min.      <strong>Especifica\u00e7\u00f5es aplic\u00e1veis C95510:  <\/strong>[table id=\"292\" \/]<strong><br \/>\n<\/strong><\/p>\n<p>&nbsp;<\/p>\n","protected":false},"featured_media":0,"template":"","meta":[],"product_brand":[],"product_cat":[337],"product_tag":[],"class_list":{"0":"post-10048","1":"product","2":"type-product","3":"status-publish","5":"product_cat-produtos","7":"first","8":"instock","9":"shipping-taxable","10":"product-type-simple"},"yoast_head":"<!-- This site is optimized with the Yoast SEO plugin v27.3 - https:\/\/yoast.com\/product\/yoast-seo-wordpress\/ -->\n<title>C95510 Bronze de n\u00edquel alum\u00ednio, AMS 4880 (CDA 9551)<\/title>\n<meta name=\"description\" content=\"A Conex Metals \u00e9 uma fornecedora l\u00edder de fundi\u00e7\u00e3o de liga C95510 e bronze C95510 na \u00cdndia. Com experi\u00eancia em fundi\u00e7\u00f5es de liga de bronze CDA 95510 usinadas em CNC, entregamos produtos superiores de bronze mangan\u00eas. Confie em nossa fundi\u00e7\u00e3o indiana para fundi\u00e7\u00f5es de liga de bronze C95510 de alto desempenho e solu\u00e7\u00f5es de fundi\u00e7\u00e3o personalizadas.\" \/>\n<meta name=\"robots\" content=\"index, follow, max-snippet:-1, max-image-preview:large, max-video-preview:-1\" \/>\n<link rel=\"canonical\" href=\"https:\/\/conexmetals.com\/pt-br\/produto\/c95510-bronze-de-niquel-aluminio-ams-4880-cda-9551\/\" \/>\n<script type=\"application\/ld+json\" class=\"yoast-schema-graph\">{\"@context\":\"https:\\\/\\\/schema.org\",\"@graph\":[{\"@type\":\"WebPage\",\"@id\":\"https:\\\/\\\/conexmetals.com\\\/pt-br\\\/produto\\\/c95510-bronze-de-niquel-aluminio-ams-4880-cda-9551\\\/\",\"url\":\"https:\\\/\\\/conexmetals.com\\\/pt-br\\\/produto\\\/c95510-bronze-de-niquel-aluminio-ams-4880-cda-9551\\\/\",\"name\":\"C95510 Bronze de n\u00edquel alum\u00ednio, AMS 4880 (CDA 9551)\",\"isPartOf\":{\"@id\":\"https:\\\/\\\/conexmetals.com\\\/pt-br\\\/#website\"},\"datePublished\":\"2024-07-12T07:07:07+00:00\",\"dateModified\":\"2024-09-16T07:09:43+00:00\",\"description\":\"A Conex Metals \u00e9 uma fornecedora l\u00edder de fundi\u00e7\u00e3o de liga C95510 e bronze C95510 na \u00cdndia. Com experi\u00eancia em fundi\u00e7\u00f5es de liga de bronze CDA 95510 usinadas em CNC, entregamos produtos superiores de bronze mangan\u00eas. Confie em nossa fundi\u00e7\u00e3o indiana para fundi\u00e7\u00f5es de liga de bronze C95510 de alto desempenho e solu\u00e7\u00f5es de fundi\u00e7\u00e3o personalizadas.\",\"breadcrumb\":{\"@id\":\"https:\\\/\\\/conexmetals.com\\\/pt-br\\\/produto\\\/c95510-bronze-de-niquel-aluminio-ams-4880-cda-9551\\\/#breadcrumb\"},\"inLanguage\":\"pt-BR\",\"potentialAction\":[{\"@type\":\"ReadAction\",\"target\":[\"https:\\\/\\\/conexmetals.com\\\/pt-br\\\/produto\\\/c95510-bronze-de-niquel-aluminio-ams-4880-cda-9551\\\/\"]}]},{\"@type\":\"BreadcrumbList\",\"@id\":\"https:\\\/\\\/conexmetals.com\\\/pt-br\\\/produto\\\/c95510-bronze-de-niquel-aluminio-ams-4880-cda-9551\\\/#breadcrumb\",\"itemListElement\":[{\"@type\":\"ListItem\",\"position\":1,\"name\":\"Home\",\"item\":\"https:\\\/\\\/conexmetals.com\\\/pt-br\\\/lar\\\/\"},{\"@type\":\"ListItem\",\"position\":2,\"name\":\"Products\",\"item\":\"https:\\\/\\\/conexmetals.com\\\/products\\\/\"},{\"@type\":\"ListItem\",\"position\":3,\"name\":\"C95510 Bronze de n\u00edquel alum\u00ednio, AMS 4880 (CDA 9551)\"}]},{\"@type\":\"WebSite\",\"@id\":\"https:\\\/\\\/conexmetals.com\\\/pt-br\\\/#website\",\"url\":\"https:\\\/\\\/conexmetals.com\\\/pt-br\\\/\",\"name\":\"Conex Metals Brass Fittings Brass Parts Copper Parts Brass Components Brass Plumbing Fittings India\",\"description\":\"Manufacturer of Bronze Fittings casting Copper Brass parts components\",\"publisher\":{\"@id\":\"https:\\\/\\\/conexmetals.com\\\/pt-br\\\/#organization\"},\"potentialAction\":[{\"@type\":\"SearchAction\",\"target\":{\"@type\":\"EntryPoint\",\"urlTemplate\":\"https:\\\/\\\/conexmetals.com\\\/pt-br\\\/?s={search_term_string}\"},\"query-input\":{\"@type\":\"PropertyValueSpecification\",\"valueRequired\":true,\"valueName\":\"search_term_string\"}}],\"inLanguage\":\"pt-BR\"},{\"@type\":\"Organization\",\"@id\":\"https:\\\/\\\/conexmetals.com\\\/pt-br\\\/#organization\",\"name\":\"Conex Metals Brass Fittings Brass Parts Copper Parts Brass Components Brass Plumbing Fittings India\",\"url\":\"https:\\\/\\\/conexmetals.com\\\/pt-br\\\/\",\"logo\":{\"@type\":\"ImageObject\",\"inLanguage\":\"pt-BR\",\"@id\":\"https:\\\/\\\/conexmetals.com\\\/pt-br\\\/#\\\/schema\\\/logo\\\/image\\\/\",\"url\":\"https:\\\/\\\/conexmetals.com\\\/wp-content\\\/uploads\\\/2024\\\/03\\\/conex-metals-logo.webp\",\"contentUrl\":\"https:\\\/\\\/conexmetals.com\\\/wp-content\\\/uploads\\\/2024\\\/03\\\/conex-metals-logo.webp\",\"width\":300,\"height\":121,\"caption\":\"Conex Metals Brass Fittings Brass Parts Copper Parts Brass Components Brass Plumbing Fittings India\"},\"image\":{\"@id\":\"https:\\\/\\\/conexmetals.com\\\/pt-br\\\/#\\\/schema\\\/logo\\\/image\\\/\"},\"sameAs\":[\"https:\\\/\\\/www.facebook.com\\\/conexbrass\",\"https:\\\/\\\/x.com\\\/conexindia\",\"https:\\\/\\\/www.linkedin.com\\\/company\\\/conex-metals-india\\\/\",\"https:\\\/\\\/www.instagram.com\\\/conexindia\\\/\"]}]}<\/script>\n<!-- \/ Yoast SEO plugin. -->","yoast_head_json":{"title":"C95510 Bronze de n\u00edquel alum\u00ednio, AMS 4880 (CDA 9551)","description":"A Conex Metals \u00e9 uma fornecedora l\u00edder de fundi\u00e7\u00e3o de liga C95510 e bronze C95510 na \u00cdndia. Com experi\u00eancia em fundi\u00e7\u00f5es de liga de bronze CDA 95510 usinadas em CNC, entregamos produtos superiores de bronze mangan\u00eas. Confie em nossa fundi\u00e7\u00e3o indiana para fundi\u00e7\u00f5es de liga de bronze C95510 de alto desempenho e solu\u00e7\u00f5es de fundi\u00e7\u00e3o personalizadas.","robots":{"index":"index","follow":"follow","max-snippet":"max-snippet:-1","max-image-preview":"max-image-preview:large","max-video-preview":"max-video-preview:-1"},"canonical":"https:\/\/conexmetals.com\/pt-br\/produto\/c95510-bronze-de-niquel-aluminio-ams-4880-cda-9551\/","schema":{"@context":"https:\/\/schema.org","@graph":[{"@type":"WebPage","@id":"https:\/\/conexmetals.com\/pt-br\/produto\/c95510-bronze-de-niquel-aluminio-ams-4880-cda-9551\/","url":"https:\/\/conexmetals.com\/pt-br\/produto\/c95510-bronze-de-niquel-aluminio-ams-4880-cda-9551\/","name":"C95510 Bronze de n\u00edquel alum\u00ednio, AMS 4880 (CDA 9551)","isPartOf":{"@id":"https:\/\/conexmetals.com\/pt-br\/#website"},"datePublished":"2024-07-12T07:07:07+00:00","dateModified":"2024-09-16T07:09:43+00:00","description":"A Conex Metals \u00e9 uma fornecedora l\u00edder de fundi\u00e7\u00e3o de liga C95510 e bronze C95510 na \u00cdndia. Com experi\u00eancia em fundi\u00e7\u00f5es de liga de bronze CDA 95510 usinadas em CNC, entregamos produtos superiores de bronze mangan\u00eas. Confie em nossa fundi\u00e7\u00e3o indiana para fundi\u00e7\u00f5es de liga de bronze C95510 de alto desempenho e solu\u00e7\u00f5es de fundi\u00e7\u00e3o personalizadas.","breadcrumb":{"@id":"https:\/\/conexmetals.com\/pt-br\/produto\/c95510-bronze-de-niquel-aluminio-ams-4880-cda-9551\/#breadcrumb"},"inLanguage":"pt-BR","potentialAction":[{"@type":"ReadAction","target":["https:\/\/conexmetals.com\/pt-br\/produto\/c95510-bronze-de-niquel-aluminio-ams-4880-cda-9551\/"]}]},{"@type":"BreadcrumbList","@id":"https:\/\/conexmetals.com\/pt-br\/produto\/c95510-bronze-de-niquel-aluminio-ams-4880-cda-9551\/#breadcrumb","itemListElement":[{"@type":"ListItem","position":1,"name":"Home","item":"https:\/\/conexmetals.com\/pt-br\/lar\/"},{"@type":"ListItem","position":2,"name":"Products","item":"https:\/\/conexmetals.com\/products\/"},{"@type":"ListItem","position":3,"name":"C95510 Bronze de n\u00edquel alum\u00ednio, AMS 4880 (CDA 9551)"}]},{"@type":"WebSite","@id":"https:\/\/conexmetals.com\/pt-br\/#website","url":"https:\/\/conexmetals.com\/pt-br\/","name":"Conex Metals Brass Fittings Brass Parts Copper Parts Brass Components Brass Plumbing Fittings India","description":"Manufacturer of Bronze Fittings casting Copper Brass parts components","publisher":{"@id":"https:\/\/conexmetals.com\/pt-br\/#organization"},"potentialAction":[{"@type":"SearchAction","target":{"@type":"EntryPoint","urlTemplate":"https:\/\/conexmetals.com\/pt-br\/?s={search_term_string}"},"query-input":{"@type":"PropertyValueSpecification","valueRequired":true,"valueName":"search_term_string"}}],"inLanguage":"pt-BR"},{"@type":"Organization","@id":"https:\/\/conexmetals.com\/pt-br\/#organization","name":"Conex Metals Brass Fittings Brass Parts Copper Parts Brass Components Brass Plumbing Fittings India","url":"https:\/\/conexmetals.com\/pt-br\/","logo":{"@type":"ImageObject","inLanguage":"pt-BR","@id":"https:\/\/conexmetals.com\/pt-br\/#\/schema\/logo\/image\/","url":"https:\/\/conexmetals.com\/wp-content\/uploads\/2024\/03\/conex-metals-logo.webp","contentUrl":"https:\/\/conexmetals.com\/wp-content\/uploads\/2024\/03\/conex-metals-logo.webp","width":300,"height":121,"caption":"Conex Metals Brass Fittings Brass Parts Copper Parts Brass Components Brass Plumbing Fittings India"},"image":{"@id":"https:\/\/conexmetals.com\/pt-br\/#\/schema\/logo\/image\/"},"sameAs":["https:\/\/www.facebook.com\/conexbrass","https:\/\/x.com\/conexindia","https:\/\/www.linkedin.com\/company\/conex-metals-india\/","https:\/\/www.instagram.com\/conexindia\/"]}]}},"_links":{"self":[{"href":"https:\/\/conexmetals.com\/pt-br\/wp-json\/wp\/v2\/product\/10048","targetHints":{"allow":["GET"]}}],"collection":[{"href":"https:\/\/conexmetals.com\/pt-br\/wp-json\/wp\/v2\/product"}],"about":[{"href":"https:\/\/conexmetals.com\/pt-br\/wp-json\/wp\/v2\/types\/product"}],"wp:attachment":[{"href":"https:\/\/conexmetals.com\/pt-br\/wp-json\/wp\/v2\/media?parent=10048"}],"wp:term":[{"taxonomy":"product_brand","embeddable":true,"href":"https:\/\/conexmetals.com\/pt-br\/wp-json\/wp\/v2\/product_brand?post=10048"},{"taxonomy":"product_cat","embeddable":true,"href":"https:\/\/conexmetals.com\/pt-br\/wp-json\/wp\/v2\/product_cat?post=10048"},{"taxonomy":"product_tag","embeddable":true,"href":"https:\/\/conexmetals.com\/pt-br\/wp-json\/wp\/v2\/product_tag?post=10048"}],"curies":[{"name":"wp","href":"https:\/\/api.w.org\/{rel}","templated":true}]}}