{"id":10053,"date":"2024-07-12T14:34:18","date_gmt":"2024-07-12T09:04:18","guid":{"rendered":"https:\/\/conexmetals.com\/product\/c93200-rolamento-bronze-sae-660-cda-932\/"},"modified":"2024-09-16T12:39:42","modified_gmt":"2024-09-16T07:09:42","slug":"c93200-rolamento-bronze-sae-660-cda-932","status":"publish","type":"product","link":"https:\/\/conexmetals.com\/pt-br\/produto\/c93200-rolamento-bronze-sae-660-cda-932\/","title":{"rendered":"c93200 Rolamento Bronze &#8211; SAE 660 (CDA 932)"},"content":{"rendered":"","protected":false},"excerpt":{"rendered":"<p>C93200 (CDA 932) \u00e9 uma liga de bronze vers\u00e1til feita na \u00cdndia, conhecida por suas excelentes propriedades de rolamento e durabilidade industrial. A Conex Metals oferece Bronze de Rolamento C93200, SAE 660 em v\u00e1rias formas, incluindo s\u00f3lidos, tubos, barras tubulares, placas, ret\u00e2ngulos e pe\u00e7as fundidas. Fornecemos estoque de barras prontas para uso, pe\u00e7as fundidas centr\u00edfugas (ASTM B271), pe\u00e7as fundidas em areia (ASTM B584) e produtos feitos sob encomenda de acordo com suas especifica\u00e7\u00f5es. Nosso produto especial, PLACA DE BLOCO GRANDE, est\u00e1 dispon\u00edvel com at\u00e9 10&#8243; de espessura x 18&#8243; de largura. O m\u00e9todo de fundi\u00e7\u00e3o depende de suas especifica\u00e7\u00f5es e necessidades de quantidade. <strong>O bronze para rolamentos C93200 \u00e9 uma liga vers\u00e1til usada em v\u00e1rias aplica\u00e7\u00f5es, incluindo:<\/strong> &#8211; Rolamentos &#8211; Buchas &#8211; Bombas &#8211; Pe\u00e7as de m\u00e1quinas &#8211; Conex\u00f5es &#8211; Rolamentos de m\u00e1quinas-ferramentas &#8211; Acess\u00f3rios para bombas &#8211; Buchas de bombas de combust\u00edvel &#8211; Buchas de bombas de \u00e1gua &#8211; Buchas de uso geral &#8211; Caixa de veda\u00e7\u00e3o de prensa hidr\u00e1ulica &#8211; Rolamentos de inser\u00e7\u00e3o <strong>Composi\u00e7\u00e3o qu\u00edmica C93200:<\/strong> (% m\u00e1x., a menos que seja mostrado como intervalo ou m\u00edn.)[table id=\"296\" \/] (1) Na determina\u00e7\u00e3o de Cu min., Cu pode ser calculado como Cu + Ni. (2) O valor de Ni inclui Co. (3) Para fundi\u00e7\u00f5es cont\u00ednuas, P deve ser 1,5%, m\u00e1x. Nota: Cu + Soma dos Elementos Nomeados, 99,0% min. <strong>C93200 Propriedades Mec\u00e2nicas:<\/strong> (Medido \u00e0 Temperatura Ambiente, 68 F (20 C)[table id=\"297\" \/] *Resist\u00eancia \u00e0 fadiga: 100 x 10 <sup>6<\/sup> ciclos, a menos que indicado como [N]X 10 <sup>6<\/sup> . <strong>Especifica\u00e7\u00f5es aplic\u00e1veis C93200:<\/strong>       [table id=\"298\" \/]<strong><br \/>\n<\/strong><\/p>\n","protected":false},"featured_media":0,"template":"","meta":[],"product_brand":[],"product_cat":[337],"product_tag":[],"class_list":{"0":"post-10053","1":"product","2":"type-product","3":"status-publish","5":"product_cat-produtos","7":"first","8":"instock","9":"shipping-taxable","10":"product-type-simple"},"yoast_head":"<!-- This site is optimized with the Yoast SEO plugin v27.3 - https:\/\/yoast.com\/product\/yoast-seo-wordpress\/ -->\n<title>c93200 Rolamento Bronze - SAE 660 (CDA 932)<\/title>\n<meta name=\"description\" content=\"A Conex Metals fornece solu\u00e7\u00f5es de fundi\u00e7\u00e3o de precis\u00e3o de liga C93200 e bronze C93200 de nossa fundi\u00e7\u00e3o indiana. Como um fornecedor l\u00edder na \u00cdndia, oferecemos fundi\u00e7\u00f5es de liga de bronze CDA 932 usinadas em CNC de alta qualidade, especializadas em bronze mangan\u00eas. Conte conosco para produtos de bronze C93200 de primeira linha e servi\u00e7os de fabrica\u00e7\u00e3o confi\u00e1veis.\" \/>\n<meta name=\"robots\" content=\"index, follow, max-snippet:-1, max-image-preview:large, max-video-preview:-1\" \/>\n<link rel=\"canonical\" href=\"https:\/\/conexmetals.com\/pt-br\/produto\/c93200-rolamento-bronze-sae-660-cda-932\/\" \/>\n<script type=\"application\/ld+json\" class=\"yoast-schema-graph\">{\"@context\":\"https:\\\/\\\/schema.org\",\"@graph\":[{\"@type\":\"WebPage\",\"@id\":\"https:\\\/\\\/conexmetals.com\\\/pt-br\\\/produto\\\/c93200-rolamento-bronze-sae-660-cda-932\\\/\",\"url\":\"https:\\\/\\\/conexmetals.com\\\/pt-br\\\/produto\\\/c93200-rolamento-bronze-sae-660-cda-932\\\/\",\"name\":\"c93200 Rolamento Bronze - SAE 660 (CDA 932)\",\"isPartOf\":{\"@id\":\"https:\\\/\\\/conexmetals.com\\\/pt-br\\\/#website\"},\"datePublished\":\"2024-07-12T09:04:18+00:00\",\"dateModified\":\"2024-09-16T07:09:42+00:00\",\"description\":\"A Conex Metals fornece solu\u00e7\u00f5es de fundi\u00e7\u00e3o de precis\u00e3o de liga C93200 e bronze C93200 de nossa fundi\u00e7\u00e3o indiana. Como um fornecedor l\u00edder na \u00cdndia, oferecemos fundi\u00e7\u00f5es de liga de bronze CDA 932 usinadas em CNC de alta qualidade, especializadas em bronze mangan\u00eas. Conte conosco para produtos de bronze C93200 de primeira linha e servi\u00e7os de fabrica\u00e7\u00e3o confi\u00e1veis.\",\"breadcrumb\":{\"@id\":\"https:\\\/\\\/conexmetals.com\\\/pt-br\\\/produto\\\/c93200-rolamento-bronze-sae-660-cda-932\\\/#breadcrumb\"},\"inLanguage\":\"pt-BR\",\"potentialAction\":[{\"@type\":\"ReadAction\",\"target\":[\"https:\\\/\\\/conexmetals.com\\\/pt-br\\\/produto\\\/c93200-rolamento-bronze-sae-660-cda-932\\\/\"]}]},{\"@type\":\"BreadcrumbList\",\"@id\":\"https:\\\/\\\/conexmetals.com\\\/pt-br\\\/produto\\\/c93200-rolamento-bronze-sae-660-cda-932\\\/#breadcrumb\",\"itemListElement\":[{\"@type\":\"ListItem\",\"position\":1,\"name\":\"Home\",\"item\":\"https:\\\/\\\/conexmetals.com\\\/pt-br\\\/lar\\\/\"},{\"@type\":\"ListItem\",\"position\":2,\"name\":\"Products\",\"item\":\"https:\\\/\\\/conexmetals.com\\\/products\\\/\"},{\"@type\":\"ListItem\",\"position\":3,\"name\":\"c93200 Rolamento Bronze &#8211; SAE 660 (CDA 932)\"}]},{\"@type\":\"WebSite\",\"@id\":\"https:\\\/\\\/conexmetals.com\\\/pt-br\\\/#website\",\"url\":\"https:\\\/\\\/conexmetals.com\\\/pt-br\\\/\",\"name\":\"Conex Metals Brass Fittings Brass Parts Copper Parts Brass Components Brass Plumbing Fittings India\",\"description\":\"Manufacturer of Bronze Fittings casting Copper Brass parts components\",\"publisher\":{\"@id\":\"https:\\\/\\\/conexmetals.com\\\/pt-br\\\/#organization\"},\"potentialAction\":[{\"@type\":\"SearchAction\",\"target\":{\"@type\":\"EntryPoint\",\"urlTemplate\":\"https:\\\/\\\/conexmetals.com\\\/pt-br\\\/?s={search_term_string}\"},\"query-input\":{\"@type\":\"PropertyValueSpecification\",\"valueRequired\":true,\"valueName\":\"search_term_string\"}}],\"inLanguage\":\"pt-BR\"},{\"@type\":\"Organization\",\"@id\":\"https:\\\/\\\/conexmetals.com\\\/pt-br\\\/#organization\",\"name\":\"Conex Metals Brass Fittings Brass Parts Copper Parts Brass Components Brass Plumbing Fittings India\",\"url\":\"https:\\\/\\\/conexmetals.com\\\/pt-br\\\/\",\"logo\":{\"@type\":\"ImageObject\",\"inLanguage\":\"pt-BR\",\"@id\":\"https:\\\/\\\/conexmetals.com\\\/pt-br\\\/#\\\/schema\\\/logo\\\/image\\\/\",\"url\":\"https:\\\/\\\/conexmetals.com\\\/wp-content\\\/uploads\\\/2024\\\/03\\\/conex-metals-logo.webp\",\"contentUrl\":\"https:\\\/\\\/conexmetals.com\\\/wp-content\\\/uploads\\\/2024\\\/03\\\/conex-metals-logo.webp\",\"width\":300,\"height\":121,\"caption\":\"Conex Metals Brass Fittings Brass Parts Copper Parts Brass Components Brass Plumbing Fittings India\"},\"image\":{\"@id\":\"https:\\\/\\\/conexmetals.com\\\/pt-br\\\/#\\\/schema\\\/logo\\\/image\\\/\"},\"sameAs\":[\"https:\\\/\\\/www.facebook.com\\\/conexbrass\",\"https:\\\/\\\/x.com\\\/conexindia\",\"https:\\\/\\\/www.linkedin.com\\\/company\\\/conex-metals-india\\\/\",\"https:\\\/\\\/www.instagram.com\\\/conexindia\\\/\"]}]}<\/script>\n<!-- \/ Yoast SEO plugin. -->","yoast_head_json":{"title":"c93200 Rolamento Bronze - SAE 660 (CDA 932)","description":"A Conex Metals fornece solu\u00e7\u00f5es de fundi\u00e7\u00e3o de precis\u00e3o de liga C93200 e bronze C93200 de nossa fundi\u00e7\u00e3o indiana. Como um fornecedor l\u00edder na \u00cdndia, oferecemos fundi\u00e7\u00f5es de liga de bronze CDA 932 usinadas em CNC de alta qualidade, especializadas em bronze mangan\u00eas. Conte conosco para produtos de bronze C93200 de primeira linha e servi\u00e7os de fabrica\u00e7\u00e3o confi\u00e1veis.","robots":{"index":"index","follow":"follow","max-snippet":"max-snippet:-1","max-image-preview":"max-image-preview:large","max-video-preview":"max-video-preview:-1"},"canonical":"https:\/\/conexmetals.com\/pt-br\/produto\/c93200-rolamento-bronze-sae-660-cda-932\/","schema":{"@context":"https:\/\/schema.org","@graph":[{"@type":"WebPage","@id":"https:\/\/conexmetals.com\/pt-br\/produto\/c93200-rolamento-bronze-sae-660-cda-932\/","url":"https:\/\/conexmetals.com\/pt-br\/produto\/c93200-rolamento-bronze-sae-660-cda-932\/","name":"c93200 Rolamento Bronze - SAE 660 (CDA 932)","isPartOf":{"@id":"https:\/\/conexmetals.com\/pt-br\/#website"},"datePublished":"2024-07-12T09:04:18+00:00","dateModified":"2024-09-16T07:09:42+00:00","description":"A Conex Metals fornece solu\u00e7\u00f5es de fundi\u00e7\u00e3o de precis\u00e3o de liga C93200 e bronze C93200 de nossa fundi\u00e7\u00e3o indiana. Como um fornecedor l\u00edder na \u00cdndia, oferecemos fundi\u00e7\u00f5es de liga de bronze CDA 932 usinadas em CNC de alta qualidade, especializadas em bronze mangan\u00eas. Conte conosco para produtos de bronze C93200 de primeira linha e servi\u00e7os de fabrica\u00e7\u00e3o confi\u00e1veis.","breadcrumb":{"@id":"https:\/\/conexmetals.com\/pt-br\/produto\/c93200-rolamento-bronze-sae-660-cda-932\/#breadcrumb"},"inLanguage":"pt-BR","potentialAction":[{"@type":"ReadAction","target":["https:\/\/conexmetals.com\/pt-br\/produto\/c93200-rolamento-bronze-sae-660-cda-932\/"]}]},{"@type":"BreadcrumbList","@id":"https:\/\/conexmetals.com\/pt-br\/produto\/c93200-rolamento-bronze-sae-660-cda-932\/#breadcrumb","itemListElement":[{"@type":"ListItem","position":1,"name":"Home","item":"https:\/\/conexmetals.com\/pt-br\/lar\/"},{"@type":"ListItem","position":2,"name":"Products","item":"https:\/\/conexmetals.com\/products\/"},{"@type":"ListItem","position":3,"name":"c93200 Rolamento Bronze &#8211; SAE 660 (CDA 932)"}]},{"@type":"WebSite","@id":"https:\/\/conexmetals.com\/pt-br\/#website","url":"https:\/\/conexmetals.com\/pt-br\/","name":"Conex Metals Brass Fittings Brass Parts Copper Parts Brass Components Brass Plumbing Fittings India","description":"Manufacturer of Bronze Fittings casting Copper Brass parts components","publisher":{"@id":"https:\/\/conexmetals.com\/pt-br\/#organization"},"potentialAction":[{"@type":"SearchAction","target":{"@type":"EntryPoint","urlTemplate":"https:\/\/conexmetals.com\/pt-br\/?s={search_term_string}"},"query-input":{"@type":"PropertyValueSpecification","valueRequired":true,"valueName":"search_term_string"}}],"inLanguage":"pt-BR"},{"@type":"Organization","@id":"https:\/\/conexmetals.com\/pt-br\/#organization","name":"Conex Metals Brass Fittings Brass Parts Copper Parts Brass Components Brass Plumbing Fittings India","url":"https:\/\/conexmetals.com\/pt-br\/","logo":{"@type":"ImageObject","inLanguage":"pt-BR","@id":"https:\/\/conexmetals.com\/pt-br\/#\/schema\/logo\/image\/","url":"https:\/\/conexmetals.com\/wp-content\/uploads\/2024\/03\/conex-metals-logo.webp","contentUrl":"https:\/\/conexmetals.com\/wp-content\/uploads\/2024\/03\/conex-metals-logo.webp","width":300,"height":121,"caption":"Conex Metals Brass Fittings Brass Parts Copper Parts Brass Components Brass Plumbing Fittings India"},"image":{"@id":"https:\/\/conexmetals.com\/pt-br\/#\/schema\/logo\/image\/"},"sameAs":["https:\/\/www.facebook.com\/conexbrass","https:\/\/x.com\/conexindia","https:\/\/www.linkedin.com\/company\/conex-metals-india\/","https:\/\/www.instagram.com\/conexindia\/"]}]}},"_links":{"self":[{"href":"https:\/\/conexmetals.com\/pt-br\/wp-json\/wp\/v2\/product\/10053","targetHints":{"allow":["GET"]}}],"collection":[{"href":"https:\/\/conexmetals.com\/pt-br\/wp-json\/wp\/v2\/product"}],"about":[{"href":"https:\/\/conexmetals.com\/pt-br\/wp-json\/wp\/v2\/types\/product"}],"wp:attachment":[{"href":"https:\/\/conexmetals.com\/pt-br\/wp-json\/wp\/v2\/media?parent=10053"}],"wp:term":[{"taxonomy":"product_brand","embeddable":true,"href":"https:\/\/conexmetals.com\/pt-br\/wp-json\/wp\/v2\/product_brand?post=10053"},{"taxonomy":"product_cat","embeddable":true,"href":"https:\/\/conexmetals.com\/pt-br\/wp-json\/wp\/v2\/product_cat?post=10053"},{"taxonomy":"product_tag","embeddable":true,"href":"https:\/\/conexmetals.com\/pt-br\/wp-json\/wp\/v2\/product_tag?post=10053"}],"curies":[{"name":"wp","href":"https:\/\/api.w.org\/{rel}","templated":true}]}}