{"id":10056,"date":"2024-07-12T12:45:07","date_gmt":"2024-07-12T07:15:07","guid":{"rendered":"https:\/\/conexmetals.com\/product\/c95800-niquel-aluminio-bronze-cda-958\/"},"modified":"2024-09-16T12:39:42","modified_gmt":"2024-09-16T07:09:42","slug":"c95800-niquel-aluminio-bronze-cda-958","status":"publish","type":"product","link":"https:\/\/conexmetals.com\/pt-br\/produto\/c95800-niquel-aluminio-bronze-cda-958\/","title":{"rendered":"C95800 N\u00edquel Alum\u00ednio Bronze (CDA 958)"},"content":{"rendered":"","protected":false},"excerpt":{"rendered":"<p>C95800 (CDA 958) \u00e9 uma liga de bronze fundido resistente da \u00cdndia, frequentemente usada em aplica\u00e7\u00f5es que exigem alta resist\u00eancia ao impacto. A Conex Metals \u00e9 sua fonte confi\u00e1vel para C95800 N\u00edquel Alum\u00ednio Bronze, oferecendo s\u00f3lidos e ret\u00e2ngulos em fundi\u00e7\u00f5es prontas para uso e especiais. Esta liga de rolamento de alta resist\u00eancia se destaca em aplica\u00e7\u00f5es exigentes, proporcionando resist\u00eancia e durabilidade excepcionais. Observe que C95800 requer alinhamento adequado e lubrificantes limpos para funcionar de forma ideal. Para melhores resultados, use em eixos de a\u00e7o temperado com acabamentos de superf\u00edcie usinados com precis\u00e3o. C95800 N\u00edquel Alum\u00ednio Bronze \u00e9 vers\u00e1til e amplamente usado em v\u00e1rios setores, incluindo: &#8211; Porcas e buchas &#8211; Engrenagens e m\u00e1quinas &#8211; Equipamento de decapagem &#8211; L\u00e2minas e eixos de cubo de h\u00e9lice &#8211; Corpos de v\u00e1lvulas e placas de desgaste &#8211; Rodas sem-fim e tampas &#8211; Ferragens mar\u00edtimas e constru\u00e7\u00e3o naval &#8211; V\u00e1lvulas e cotovelos de \u00e1gua do mar <strong>Composi\u00e7\u00e3o qu\u00edmica de C95800:<\/strong> (% M\u00e1x., A menos que seja mostrado como intervalo ou m\u00edn.[table id=\"293\" \/] (1) O valor de Ni inclui Co. Nota: Cu + Soma dos Elementos Nomeados, 99,5% min. <strong>C95800 Propriedades Mec\u00e2nicas:<\/strong> (Medido \u00e0 Temperatura Ambiente, 68\u00b0F (20\u00b0C))[table id=\"294\" \/] *Resist\u00eancia \u00e0 fadiga: 100 x 10 <sup>6<\/sup> ciclos, a menos que indicado como [N]X 10 <sup>6<\/sup> . <strong>Especifica\u00e7\u00f5es aplic\u00e1veis C95800:<\/strong>       [table id=\"295\" \/]<strong><br \/>\n<\/strong><\/p>\n","protected":false},"featured_media":0,"template":"","meta":[],"product_brand":[],"product_cat":[337],"product_tag":[],"class_list":{"0":"post-10056","1":"product","2":"type-product","3":"status-publish","5":"product_cat-produtos","7":"first","8":"instock","9":"shipping-taxable","10":"product-type-simple"},"yoast_head":"<!-- This site is optimized with the Yoast SEO plugin v27.3 - https:\/\/yoast.com\/product\/yoast-seo-wordpress\/ -->\n<title>C95800 N\u00edquel Alum\u00ednio Bronze (CDA 958)<\/title>\n<meta name=\"description\" content=\"A Conex Metals \u00e9 uma fundi\u00e7\u00e3o indiana de primeira linha, especializada em fundi\u00e7\u00e3o de liga C95800 e bronze C95800. Oferecemos fundi\u00e7\u00f5es usinadas em CNC em liga de bronze CDA 958, garantindo excelente qualidade. Como um dos principais fornecedores na \u00cdndia, nossos servi\u00e7os de fundi\u00e7\u00e3o de liga de bronze mangan\u00eas atendem aos mais altos padr\u00f5es do setor.\" \/>\n<meta name=\"robots\" content=\"index, follow, max-snippet:-1, max-image-preview:large, max-video-preview:-1\" \/>\n<link rel=\"canonical\" href=\"https:\/\/conexmetals.com\/pt-br\/produto\/c95800-niquel-aluminio-bronze-cda-958\/\" \/>\n<script type=\"application\/ld+json\" class=\"yoast-schema-graph\">{\"@context\":\"https:\\\/\\\/schema.org\",\"@graph\":[{\"@type\":\"WebPage\",\"@id\":\"https:\\\/\\\/conexmetals.com\\\/pt-br\\\/produto\\\/c95800-niquel-aluminio-bronze-cda-958\\\/\",\"url\":\"https:\\\/\\\/conexmetals.com\\\/pt-br\\\/produto\\\/c95800-niquel-aluminio-bronze-cda-958\\\/\",\"name\":\"C95800 N\u00edquel Alum\u00ednio Bronze (CDA 958)\",\"isPartOf\":{\"@id\":\"https:\\\/\\\/conexmetals.com\\\/pt-br\\\/#website\"},\"datePublished\":\"2024-07-12T07:15:07+00:00\",\"dateModified\":\"2024-09-16T07:09:42+00:00\",\"description\":\"A Conex Metals \u00e9 uma fundi\u00e7\u00e3o indiana de primeira linha, especializada em fundi\u00e7\u00e3o de liga C95800 e bronze C95800. Oferecemos fundi\u00e7\u00f5es usinadas em CNC em liga de bronze CDA 958, garantindo excelente qualidade. Como um dos principais fornecedores na \u00cdndia, nossos servi\u00e7os de fundi\u00e7\u00e3o de liga de bronze mangan\u00eas atendem aos mais altos padr\u00f5es do setor.\",\"breadcrumb\":{\"@id\":\"https:\\\/\\\/conexmetals.com\\\/pt-br\\\/produto\\\/c95800-niquel-aluminio-bronze-cda-958\\\/#breadcrumb\"},\"inLanguage\":\"pt-BR\",\"potentialAction\":[{\"@type\":\"ReadAction\",\"target\":[\"https:\\\/\\\/conexmetals.com\\\/pt-br\\\/produto\\\/c95800-niquel-aluminio-bronze-cda-958\\\/\"]}]},{\"@type\":\"BreadcrumbList\",\"@id\":\"https:\\\/\\\/conexmetals.com\\\/pt-br\\\/produto\\\/c95800-niquel-aluminio-bronze-cda-958\\\/#breadcrumb\",\"itemListElement\":[{\"@type\":\"ListItem\",\"position\":1,\"name\":\"Home\",\"item\":\"https:\\\/\\\/conexmetals.com\\\/pt-br\\\/lar\\\/\"},{\"@type\":\"ListItem\",\"position\":2,\"name\":\"Products\",\"item\":\"https:\\\/\\\/conexmetals.com\\\/products\\\/\"},{\"@type\":\"ListItem\",\"position\":3,\"name\":\"C95800 N\u00edquel Alum\u00ednio Bronze (CDA 958)\"}]},{\"@type\":\"WebSite\",\"@id\":\"https:\\\/\\\/conexmetals.com\\\/pt-br\\\/#website\",\"url\":\"https:\\\/\\\/conexmetals.com\\\/pt-br\\\/\",\"name\":\"Conex Metals Brass Fittings Brass Parts Copper Parts Brass Components Brass Plumbing Fittings India\",\"description\":\"Manufacturer of Bronze Fittings casting Copper Brass parts components\",\"publisher\":{\"@id\":\"https:\\\/\\\/conexmetals.com\\\/pt-br\\\/#organization\"},\"potentialAction\":[{\"@type\":\"SearchAction\",\"target\":{\"@type\":\"EntryPoint\",\"urlTemplate\":\"https:\\\/\\\/conexmetals.com\\\/pt-br\\\/?s={search_term_string}\"},\"query-input\":{\"@type\":\"PropertyValueSpecification\",\"valueRequired\":true,\"valueName\":\"search_term_string\"}}],\"inLanguage\":\"pt-BR\"},{\"@type\":\"Organization\",\"@id\":\"https:\\\/\\\/conexmetals.com\\\/pt-br\\\/#organization\",\"name\":\"Conex Metals Brass Fittings Brass Parts Copper Parts Brass Components Brass Plumbing Fittings India\",\"url\":\"https:\\\/\\\/conexmetals.com\\\/pt-br\\\/\",\"logo\":{\"@type\":\"ImageObject\",\"inLanguage\":\"pt-BR\",\"@id\":\"https:\\\/\\\/conexmetals.com\\\/pt-br\\\/#\\\/schema\\\/logo\\\/image\\\/\",\"url\":\"https:\\\/\\\/conexmetals.com\\\/wp-content\\\/uploads\\\/2024\\\/03\\\/conex-metals-logo.webp\",\"contentUrl\":\"https:\\\/\\\/conexmetals.com\\\/wp-content\\\/uploads\\\/2024\\\/03\\\/conex-metals-logo.webp\",\"width\":300,\"height\":121,\"caption\":\"Conex Metals Brass Fittings Brass Parts Copper Parts Brass Components Brass Plumbing Fittings India\"},\"image\":{\"@id\":\"https:\\\/\\\/conexmetals.com\\\/pt-br\\\/#\\\/schema\\\/logo\\\/image\\\/\"},\"sameAs\":[\"https:\\\/\\\/www.facebook.com\\\/conexbrass\",\"https:\\\/\\\/x.com\\\/conexindia\",\"https:\\\/\\\/www.linkedin.com\\\/company\\\/conex-metals-india\\\/\",\"https:\\\/\\\/www.instagram.com\\\/conexindia\\\/\"]}]}<\/script>\n<!-- \/ Yoast SEO plugin. -->","yoast_head_json":{"title":"C95800 N\u00edquel Alum\u00ednio Bronze (CDA 958)","description":"A Conex Metals \u00e9 uma fundi\u00e7\u00e3o indiana de primeira linha, especializada em fundi\u00e7\u00e3o de liga C95800 e bronze C95800. Oferecemos fundi\u00e7\u00f5es usinadas em CNC em liga de bronze CDA 958, garantindo excelente qualidade. Como um dos principais fornecedores na \u00cdndia, nossos servi\u00e7os de fundi\u00e7\u00e3o de liga de bronze mangan\u00eas atendem aos mais altos padr\u00f5es do setor.","robots":{"index":"index","follow":"follow","max-snippet":"max-snippet:-1","max-image-preview":"max-image-preview:large","max-video-preview":"max-video-preview:-1"},"canonical":"https:\/\/conexmetals.com\/pt-br\/produto\/c95800-niquel-aluminio-bronze-cda-958\/","schema":{"@context":"https:\/\/schema.org","@graph":[{"@type":"WebPage","@id":"https:\/\/conexmetals.com\/pt-br\/produto\/c95800-niquel-aluminio-bronze-cda-958\/","url":"https:\/\/conexmetals.com\/pt-br\/produto\/c95800-niquel-aluminio-bronze-cda-958\/","name":"C95800 N\u00edquel Alum\u00ednio Bronze (CDA 958)","isPartOf":{"@id":"https:\/\/conexmetals.com\/pt-br\/#website"},"datePublished":"2024-07-12T07:15:07+00:00","dateModified":"2024-09-16T07:09:42+00:00","description":"A Conex Metals \u00e9 uma fundi\u00e7\u00e3o indiana de primeira linha, especializada em fundi\u00e7\u00e3o de liga C95800 e bronze C95800. Oferecemos fundi\u00e7\u00f5es usinadas em CNC em liga de bronze CDA 958, garantindo excelente qualidade. Como um dos principais fornecedores na \u00cdndia, nossos servi\u00e7os de fundi\u00e7\u00e3o de liga de bronze mangan\u00eas atendem aos mais altos padr\u00f5es do setor.","breadcrumb":{"@id":"https:\/\/conexmetals.com\/pt-br\/produto\/c95800-niquel-aluminio-bronze-cda-958\/#breadcrumb"},"inLanguage":"pt-BR","potentialAction":[{"@type":"ReadAction","target":["https:\/\/conexmetals.com\/pt-br\/produto\/c95800-niquel-aluminio-bronze-cda-958\/"]}]},{"@type":"BreadcrumbList","@id":"https:\/\/conexmetals.com\/pt-br\/produto\/c95800-niquel-aluminio-bronze-cda-958\/#breadcrumb","itemListElement":[{"@type":"ListItem","position":1,"name":"Home","item":"https:\/\/conexmetals.com\/pt-br\/lar\/"},{"@type":"ListItem","position":2,"name":"Products","item":"https:\/\/conexmetals.com\/products\/"},{"@type":"ListItem","position":3,"name":"C95800 N\u00edquel Alum\u00ednio Bronze (CDA 958)"}]},{"@type":"WebSite","@id":"https:\/\/conexmetals.com\/pt-br\/#website","url":"https:\/\/conexmetals.com\/pt-br\/","name":"Conex Metals Brass Fittings Brass Parts Copper Parts Brass Components Brass Plumbing Fittings India","description":"Manufacturer of Bronze Fittings casting Copper Brass parts components","publisher":{"@id":"https:\/\/conexmetals.com\/pt-br\/#organization"},"potentialAction":[{"@type":"SearchAction","target":{"@type":"EntryPoint","urlTemplate":"https:\/\/conexmetals.com\/pt-br\/?s={search_term_string}"},"query-input":{"@type":"PropertyValueSpecification","valueRequired":true,"valueName":"search_term_string"}}],"inLanguage":"pt-BR"},{"@type":"Organization","@id":"https:\/\/conexmetals.com\/pt-br\/#organization","name":"Conex Metals Brass Fittings Brass Parts Copper Parts Brass Components Brass Plumbing Fittings India","url":"https:\/\/conexmetals.com\/pt-br\/","logo":{"@type":"ImageObject","inLanguage":"pt-BR","@id":"https:\/\/conexmetals.com\/pt-br\/#\/schema\/logo\/image\/","url":"https:\/\/conexmetals.com\/wp-content\/uploads\/2024\/03\/conex-metals-logo.webp","contentUrl":"https:\/\/conexmetals.com\/wp-content\/uploads\/2024\/03\/conex-metals-logo.webp","width":300,"height":121,"caption":"Conex Metals Brass Fittings Brass Parts Copper Parts Brass Components Brass Plumbing Fittings India"},"image":{"@id":"https:\/\/conexmetals.com\/pt-br\/#\/schema\/logo\/image\/"},"sameAs":["https:\/\/www.facebook.com\/conexbrass","https:\/\/x.com\/conexindia","https:\/\/www.linkedin.com\/company\/conex-metals-india\/","https:\/\/www.instagram.com\/conexindia\/"]}]}},"_links":{"self":[{"href":"https:\/\/conexmetals.com\/pt-br\/wp-json\/wp\/v2\/product\/10056","targetHints":{"allow":["GET"]}}],"collection":[{"href":"https:\/\/conexmetals.com\/pt-br\/wp-json\/wp\/v2\/product"}],"about":[{"href":"https:\/\/conexmetals.com\/pt-br\/wp-json\/wp\/v2\/types\/product"}],"wp:attachment":[{"href":"https:\/\/conexmetals.com\/pt-br\/wp-json\/wp\/v2\/media?parent=10056"}],"wp:term":[{"taxonomy":"product_brand","embeddable":true,"href":"https:\/\/conexmetals.com\/pt-br\/wp-json\/wp\/v2\/product_brand?post=10056"},{"taxonomy":"product_cat","embeddable":true,"href":"https:\/\/conexmetals.com\/pt-br\/wp-json\/wp\/v2\/product_cat?post=10056"},{"taxonomy":"product_tag","embeddable":true,"href":"https:\/\/conexmetals.com\/pt-br\/wp-json\/wp\/v2\/product_tag?post=10056"}],"curies":[{"name":"wp","href":"https:\/\/api.w.org\/{rel}","templated":true}]}}