{"id":10059,"date":"2024-07-12T15:31:56","date_gmt":"2024-07-12T10:01:56","guid":{"rendered":"https:\/\/conexmetals.com\/product\/c93700-bronze-de-estanho-cda-937\/"},"modified":"2024-09-16T12:39:42","modified_gmt":"2024-09-16T07:09:42","slug":"c93700-bronze-de-estanho-cda-937","status":"publish","type":"product","link":"https:\/\/conexmetals.com\/pt-br\/produto\/c93700-bronze-de-estanho-cda-937\/","title":{"rendered":"C93700 Bronze de estanho (CDA 937)"},"content":{"rendered":"","protected":false},"excerpt":{"rendered":"<p>C93700 (CDA 937) \u00e9 uma liga de fundi\u00e7\u00e3o de bronze de alta resist\u00eancia da \u00cdndia, conhecida por sua condutividade t\u00e9rmica, ideal para trocadores de calor e aplica\u00e7\u00f5es t\u00e9rmicas. A Conex Metals \u00e9 sua fonte confi\u00e1vel para Bronze de Estanho C93700, oferecendo uma variedade de formas de produtos, incluindo s\u00f3lidos, placas, ret\u00e2ngulos e fundi\u00e7\u00f5es. Mantemos um estoque selecionado de placas de ponte (conforme ASTM B22) em v\u00e1rios tamanhos, com alguns formatos e tamanhos dispon\u00edveis prontos para uso. Para outros tamanhos, oferecemos fundi\u00e7\u00f5es sob encomenda adaptadas \u00e0s suas necessidades espec\u00edficas. Observe que o m\u00e9todo de fundi\u00e7\u00e3o depender\u00e1 do seu tamanho, especifica\u00e7\u00e3o e quantidade desejada. Nossa equipe de especialistas trabalhar\u00e1 em estreita colabora\u00e7\u00e3o com voc\u00ea para determinar o m\u00e9todo de fundi\u00e7\u00e3o ideal para sua aplica\u00e7\u00e3o. <strong>O bronze estanho C93700 \u00e9 uma liga vers\u00e1til usada em v\u00e1rias aplica\u00e7\u00f5es exigentes, incluindo:<\/strong> &#8211; Rolamentos &#8211; Placas de rolamento &#8211; Mar\u00edtimo: rolamentos grandes para navios &#8211; Bombas &#8211; Fundi\u00e7\u00f5es estanques &#8211; Fixadores: arruelas para motores &#8211; Impulsores &#8211; Rolamentos de alta velocidade e carga pesada &#8211; Industrial: virabrequins, buchas, pe\u00e7as de m\u00e1quinas &#8211; Pe\u00e7as para manuten\u00e7\u00e3o de sider\u00fargicas &#8211; Buchas para aplica\u00e7\u00f5es de alta velocidade e alta press\u00e3o <strong>Composi\u00e7\u00e3o qu\u00edmica:<\/strong> %m\u00e1x., a menos que seja mostrado como intervalo ou m\u00edn.)        [table id=\"299\" \/]  (1) Fe deve ser 0,35% m\u00e1x., quando usado para suporte de a\u00e7o (2) O valor de Ni inclui Co. (3) Para fundi\u00e7\u00f5es cont\u00ednuas, P deve ser 1,5%, m\u00e1x. Nota: Cu + Soma dos Elementos Nomeados, 99,0% m\u00edn. <strong>Propriedades Mec\u00e2nicas:<\/strong> (medido \u00e0 temperatura ambiente, 68 F (20 C)   [table id=\"300\" \/]  *Resist\u00eancia \u00e0 fadiga: 100 x 10 <sup>6<\/sup> ciclos, a menos que indicado como [N]X 10 <sup>6<\/sup> .  <strong>Especifica\u00e7\u00f5es aplic\u00e1veis:  <\/strong>[table id=\"301\" \/]<strong><br \/>\n<\/strong><\/p>\n<p>&nbsp;<\/p>\n","protected":false},"featured_media":0,"template":"","meta":[],"product_brand":[],"product_cat":[337],"product_tag":[],"class_list":{"0":"post-10059","1":"product","2":"type-product","3":"status-publish","5":"product_cat-produtos","7":"first","8":"instock","9":"shipping-taxable","10":"product-type-simple"},"yoast_head":"<!-- This site is optimized with the Yoast SEO plugin v27.3 - https:\/\/yoast.com\/product\/yoast-seo-wordpress\/ -->\n<title>C93700 Bronze de estanho (CDA 937)<\/title>\n<meta name=\"description\" content=\"A Conex Metals se destaca na produ\u00e7\u00e3o de fundi\u00e7\u00e3o de liga C93700 e bronze C93700. Com foco na liga de bronze CDA 937 usinada em CNC, nossa fundi\u00e7\u00e3o indiana fornece precis\u00e3o em todas as fundi\u00e7\u00f5es de bronze mangan\u00eas. Somos um fornecedor e fabricante l\u00edder de fundi\u00e7\u00f5es de liga de bronze C93700 na \u00cdndia.\" \/>\n<meta name=\"robots\" content=\"index, follow, max-snippet:-1, max-image-preview:large, max-video-preview:-1\" \/>\n<link rel=\"canonical\" href=\"https:\/\/conexmetals.com\/pt-br\/produto\/c93700-bronze-de-estanho-cda-937\/\" \/>\n<script type=\"application\/ld+json\" class=\"yoast-schema-graph\">{\"@context\":\"https:\\\/\\\/schema.org\",\"@graph\":[{\"@type\":\"WebPage\",\"@id\":\"https:\\\/\\\/conexmetals.com\\\/pt-br\\\/produto\\\/c93700-bronze-de-estanho-cda-937\\\/\",\"url\":\"https:\\\/\\\/conexmetals.com\\\/pt-br\\\/produto\\\/c93700-bronze-de-estanho-cda-937\\\/\",\"name\":\"C93700 Bronze de estanho (CDA 937)\",\"isPartOf\":{\"@id\":\"https:\\\/\\\/conexmetals.com\\\/pt-br\\\/#website\"},\"datePublished\":\"2024-07-12T10:01:56+00:00\",\"dateModified\":\"2024-09-16T07:09:42+00:00\",\"description\":\"A Conex Metals se destaca na produ\u00e7\u00e3o de fundi\u00e7\u00e3o de liga C93700 e bronze C93700. Com foco na liga de bronze CDA 937 usinada em CNC, nossa fundi\u00e7\u00e3o indiana fornece precis\u00e3o em todas as fundi\u00e7\u00f5es de bronze mangan\u00eas. Somos um fornecedor e fabricante l\u00edder de fundi\u00e7\u00f5es de liga de bronze C93700 na \u00cdndia.\",\"breadcrumb\":{\"@id\":\"https:\\\/\\\/conexmetals.com\\\/pt-br\\\/produto\\\/c93700-bronze-de-estanho-cda-937\\\/#breadcrumb\"},\"inLanguage\":\"pt-BR\",\"potentialAction\":[{\"@type\":\"ReadAction\",\"target\":[\"https:\\\/\\\/conexmetals.com\\\/pt-br\\\/produto\\\/c93700-bronze-de-estanho-cda-937\\\/\"]}]},{\"@type\":\"BreadcrumbList\",\"@id\":\"https:\\\/\\\/conexmetals.com\\\/pt-br\\\/produto\\\/c93700-bronze-de-estanho-cda-937\\\/#breadcrumb\",\"itemListElement\":[{\"@type\":\"ListItem\",\"position\":1,\"name\":\"Home\",\"item\":\"https:\\\/\\\/conexmetals.com\\\/pt-br\\\/lar\\\/\"},{\"@type\":\"ListItem\",\"position\":2,\"name\":\"Products\",\"item\":\"https:\\\/\\\/conexmetals.com\\\/products\\\/\"},{\"@type\":\"ListItem\",\"position\":3,\"name\":\"C93700 Bronze de estanho (CDA 937)\"}]},{\"@type\":\"WebSite\",\"@id\":\"https:\\\/\\\/conexmetals.com\\\/pt-br\\\/#website\",\"url\":\"https:\\\/\\\/conexmetals.com\\\/pt-br\\\/\",\"name\":\"Conex Metals Brass Fittings Brass Parts Copper Parts Brass Components Brass Plumbing Fittings India\",\"description\":\"Manufacturer of Bronze Fittings casting Copper Brass parts components\",\"publisher\":{\"@id\":\"https:\\\/\\\/conexmetals.com\\\/pt-br\\\/#organization\"},\"potentialAction\":[{\"@type\":\"SearchAction\",\"target\":{\"@type\":\"EntryPoint\",\"urlTemplate\":\"https:\\\/\\\/conexmetals.com\\\/pt-br\\\/?s={search_term_string}\"},\"query-input\":{\"@type\":\"PropertyValueSpecification\",\"valueRequired\":true,\"valueName\":\"search_term_string\"}}],\"inLanguage\":\"pt-BR\"},{\"@type\":\"Organization\",\"@id\":\"https:\\\/\\\/conexmetals.com\\\/pt-br\\\/#organization\",\"name\":\"Conex Metals Brass Fittings Brass Parts Copper Parts Brass Components Brass Plumbing Fittings India\",\"url\":\"https:\\\/\\\/conexmetals.com\\\/pt-br\\\/\",\"logo\":{\"@type\":\"ImageObject\",\"inLanguage\":\"pt-BR\",\"@id\":\"https:\\\/\\\/conexmetals.com\\\/pt-br\\\/#\\\/schema\\\/logo\\\/image\\\/\",\"url\":\"https:\\\/\\\/conexmetals.com\\\/wp-content\\\/uploads\\\/2024\\\/03\\\/conex-metals-logo.webp\",\"contentUrl\":\"https:\\\/\\\/conexmetals.com\\\/wp-content\\\/uploads\\\/2024\\\/03\\\/conex-metals-logo.webp\",\"width\":300,\"height\":121,\"caption\":\"Conex Metals Brass Fittings Brass Parts Copper Parts Brass Components Brass Plumbing Fittings India\"},\"image\":{\"@id\":\"https:\\\/\\\/conexmetals.com\\\/pt-br\\\/#\\\/schema\\\/logo\\\/image\\\/\"},\"sameAs\":[\"https:\\\/\\\/www.facebook.com\\\/conexbrass\",\"https:\\\/\\\/x.com\\\/conexindia\",\"https:\\\/\\\/www.linkedin.com\\\/company\\\/conex-metals-india\\\/\",\"https:\\\/\\\/www.instagram.com\\\/conexindia\\\/\"]}]}<\/script>\n<!-- \/ Yoast SEO plugin. -->","yoast_head_json":{"title":"C93700 Bronze de estanho (CDA 937)","description":"A Conex Metals se destaca na produ\u00e7\u00e3o de fundi\u00e7\u00e3o de liga C93700 e bronze C93700. Com foco na liga de bronze CDA 937 usinada em CNC, nossa fundi\u00e7\u00e3o indiana fornece precis\u00e3o em todas as fundi\u00e7\u00f5es de bronze mangan\u00eas. Somos um fornecedor e fabricante l\u00edder de fundi\u00e7\u00f5es de liga de bronze C93700 na \u00cdndia.","robots":{"index":"index","follow":"follow","max-snippet":"max-snippet:-1","max-image-preview":"max-image-preview:large","max-video-preview":"max-video-preview:-1"},"canonical":"https:\/\/conexmetals.com\/pt-br\/produto\/c93700-bronze-de-estanho-cda-937\/","schema":{"@context":"https:\/\/schema.org","@graph":[{"@type":"WebPage","@id":"https:\/\/conexmetals.com\/pt-br\/produto\/c93700-bronze-de-estanho-cda-937\/","url":"https:\/\/conexmetals.com\/pt-br\/produto\/c93700-bronze-de-estanho-cda-937\/","name":"C93700 Bronze de estanho (CDA 937)","isPartOf":{"@id":"https:\/\/conexmetals.com\/pt-br\/#website"},"datePublished":"2024-07-12T10:01:56+00:00","dateModified":"2024-09-16T07:09:42+00:00","description":"A Conex Metals se destaca na produ\u00e7\u00e3o de fundi\u00e7\u00e3o de liga C93700 e bronze C93700. Com foco na liga de bronze CDA 937 usinada em CNC, nossa fundi\u00e7\u00e3o indiana fornece precis\u00e3o em todas as fundi\u00e7\u00f5es de bronze mangan\u00eas. Somos um fornecedor e fabricante l\u00edder de fundi\u00e7\u00f5es de liga de bronze C93700 na \u00cdndia.","breadcrumb":{"@id":"https:\/\/conexmetals.com\/pt-br\/produto\/c93700-bronze-de-estanho-cda-937\/#breadcrumb"},"inLanguage":"pt-BR","potentialAction":[{"@type":"ReadAction","target":["https:\/\/conexmetals.com\/pt-br\/produto\/c93700-bronze-de-estanho-cda-937\/"]}]},{"@type":"BreadcrumbList","@id":"https:\/\/conexmetals.com\/pt-br\/produto\/c93700-bronze-de-estanho-cda-937\/#breadcrumb","itemListElement":[{"@type":"ListItem","position":1,"name":"Home","item":"https:\/\/conexmetals.com\/pt-br\/lar\/"},{"@type":"ListItem","position":2,"name":"Products","item":"https:\/\/conexmetals.com\/products\/"},{"@type":"ListItem","position":3,"name":"C93700 Bronze de estanho (CDA 937)"}]},{"@type":"WebSite","@id":"https:\/\/conexmetals.com\/pt-br\/#website","url":"https:\/\/conexmetals.com\/pt-br\/","name":"Conex Metals Brass Fittings Brass Parts Copper Parts Brass Components Brass Plumbing Fittings India","description":"Manufacturer of Bronze Fittings casting Copper Brass parts components","publisher":{"@id":"https:\/\/conexmetals.com\/pt-br\/#organization"},"potentialAction":[{"@type":"SearchAction","target":{"@type":"EntryPoint","urlTemplate":"https:\/\/conexmetals.com\/pt-br\/?s={search_term_string}"},"query-input":{"@type":"PropertyValueSpecification","valueRequired":true,"valueName":"search_term_string"}}],"inLanguage":"pt-BR"},{"@type":"Organization","@id":"https:\/\/conexmetals.com\/pt-br\/#organization","name":"Conex Metals Brass Fittings Brass Parts Copper Parts Brass Components Brass Plumbing Fittings India","url":"https:\/\/conexmetals.com\/pt-br\/","logo":{"@type":"ImageObject","inLanguage":"pt-BR","@id":"https:\/\/conexmetals.com\/pt-br\/#\/schema\/logo\/image\/","url":"https:\/\/conexmetals.com\/wp-content\/uploads\/2024\/03\/conex-metals-logo.webp","contentUrl":"https:\/\/conexmetals.com\/wp-content\/uploads\/2024\/03\/conex-metals-logo.webp","width":300,"height":121,"caption":"Conex Metals Brass Fittings Brass Parts Copper Parts Brass Components Brass Plumbing Fittings India"},"image":{"@id":"https:\/\/conexmetals.com\/pt-br\/#\/schema\/logo\/image\/"},"sameAs":["https:\/\/www.facebook.com\/conexbrass","https:\/\/x.com\/conexindia","https:\/\/www.linkedin.com\/company\/conex-metals-india\/","https:\/\/www.instagram.com\/conexindia\/"]}]}},"_links":{"self":[{"href":"https:\/\/conexmetals.com\/pt-br\/wp-json\/wp\/v2\/product\/10059","targetHints":{"allow":["GET"]}}],"collection":[{"href":"https:\/\/conexmetals.com\/pt-br\/wp-json\/wp\/v2\/product"}],"about":[{"href":"https:\/\/conexmetals.com\/pt-br\/wp-json\/wp\/v2\/types\/product"}],"wp:attachment":[{"href":"https:\/\/conexmetals.com\/pt-br\/wp-json\/wp\/v2\/media?parent=10059"}],"wp:term":[{"taxonomy":"product_brand","embeddable":true,"href":"https:\/\/conexmetals.com\/pt-br\/wp-json\/wp\/v2\/product_brand?post=10059"},{"taxonomy":"product_cat","embeddable":true,"href":"https:\/\/conexmetals.com\/pt-br\/wp-json\/wp\/v2\/product_cat?post=10059"},{"taxonomy":"product_tag","embeddable":true,"href":"https:\/\/conexmetals.com\/pt-br\/wp-json\/wp\/v2\/product_tag?post=10059"}],"curies":[{"name":"wp","href":"https:\/\/api.w.org\/{rel}","templated":true}]}}