{"id":10076,"date":"2024-06-06T15:27:55","date_gmt":"2024-06-06T09:57:55","guid":{"rendered":"https:\/\/conexmetals.com\/product\/c95900-aluminio-bronze-retangulo-placa\/"},"modified":"2024-09-16T12:39:43","modified_gmt":"2024-09-16T07:09:43","slug":"c95900-aluminio-bronze-retangulo-placa","status":"publish","type":"product","link":"https:\/\/conexmetals.com\/pt-br\/produto\/c95900-aluminio-bronze-retangulo-placa\/","title":{"rendered":"C95900 Alum\u00ednio Bronze Ret\u00e2ngulo \/ Placa"},"content":{"rendered":"","protected":false},"excerpt":{"rendered":"<p>A Conex Metals \u00e9 sua fonte confi\u00e1vel para Bronze Alum\u00ednio C95900, oferecendo uma gama vers\u00e1til de formas de produtos, incluindo s\u00f3lidos e ret\u00e2ngulos. Esta liga de alto desempenho est\u00e1 dispon\u00edvel tanto pronta para uso quanto em fundi\u00e7\u00f5es personalizadas, tornando-a uma excelente escolha para aplica\u00e7\u00f5es de rolamentos de servi\u00e7o pesado. O Bronze Alum\u00ednio C95900 se destaca em ambientes exigentes, proporcionando resist\u00eancia excepcional, resist\u00eancia \u00e0 corros\u00e3o e durabilidade. No entanto, ele requer alinhamento preciso e lubrificantes limpos para funcionar de forma ideal. Para desempenho ideal, recomendamos combin\u00e1-lo com eixos de a\u00e7o temperado e usinar o eixo e o rolamento para acabamentos de superf\u00edcie finos.[table id=\"268\" \/] <strong>Normalmente usado para<\/strong> C95900 Bronze de alum\u00ednio \u00e9 uma liga vers\u00e1til que se destaca em v\u00e1rias aplica\u00e7\u00f5es exigentes, oferecendo resist\u00eancia excepcional, resist\u00eancia \u00e0 corros\u00e3o e durabilidade. As aplica\u00e7\u00f5es t\u00edpicas para esta liga incluem: &#8211; Buchas: Desempenho confi\u00e1vel em ambientes de alta press\u00e3o &#8211; Grampos de alta resist\u00eancia: Fixa\u00e7\u00e3o segura para aplica\u00e7\u00f5es pesadas &#8211; Engrenagens e v\u00e1lvulas: Opera\u00e7\u00e3o suave e vida \u00fatil estendida &#8211; Rolamentos: Resist\u00eancia ao desgaste aprimorada e manuten\u00e7\u00e3o reduzida &#8211; Corpos de lingueta e v\u00e1lvula: Movimento e controle precisos &#8211; Pe\u00e7as do trem de pouso: Suporte de alta resist\u00eancia para aplica\u00e7\u00f5es cr\u00edticas &#8211; Engrenagens sem-fim e pe\u00e7as de m\u00e1quinas: Transmiss\u00e3o de pot\u00eancia eficiente &#8211; Blocos de press\u00e3o e segmentos de rolamento para a ind\u00fastria sider\u00fargica: Suportando cargas extremas &#8211; Pe\u00e7as de bomba: Durabilidade e efici\u00eancia aprimoradas A versatilidade do Bronze de alum\u00ednio C95900 o torna uma escolha ideal para v\u00e1rios setores, incluindo aeroespacial, automotivo, manufatura industrial e muito mais. Confie na Conex Metals para fornecer produtos de alta qualidade que atendem \u00e0s suas especifica\u00e7\u00f5es exatas, apoiados por nosso compromisso com atendimento e suporte excepcionais ao cliente. <strong>Composi\u00e7\u00e3o qu\u00edmica<\/strong> Composi\u00e7\u00e3o qu\u00edmica (%m\u00e1x., a menos que seja mostrado como intervalo ou m\u00edn.)[table id=\"269\" \/] (1) O valor de Ni inclui Co. Nota: Cu + Soma dos Elementos Nomeados, 99,5% min. <strong>Propriedades Mec\u00e2nicas<\/strong> (medidas \u00e0 temperatura ambiente, 68 F (20 C)[table id=\"270\" \/] *Resist\u00eancia \u00e0 fadiga: 100 x 10 <sup>6<\/sup> ciclos, a menos que indicado como [N]X 10 <sup>6<\/sup> . <strong>Especifica\u00e7\u00f5es aplic\u00e1veis<\/strong>       <\/p>\n[table id=\"271\" \/]\n","protected":false},"featured_media":0,"template":"","meta":[],"product_brand":[],"product_cat":[23],"product_tag":[],"class_list":{"0":"post-10076","1":"product","2":"type-product","3":"status-publish","5":"product_cat-products","7":"first","8":"instock","9":"shipping-taxable","10":"product-type-simple"},"yoast_head":"<!-- This site is optimized with the Yoast SEO plugin v27.3 - https:\/\/yoast.com\/product\/yoast-seo-wordpress\/ -->\n<title>C95900 Alum\u00ednio Bronze Ret\u00e2ngulo \/ Placa<\/title>\n<meta name=\"description\" content=\"Conex Metals, a global leader in metal manufacturing and export for 34 years, delivers excellence worldwide. Specializing in high-quality non-ferrous metal components such as Brass Fittings, Brass Parts, Copper Parts, and Brass Plumbing Fittings. Experience precision and innovation with Conex Metals.\" \/>\n<meta name=\"robots\" content=\"index, follow, max-snippet:-1, max-image-preview:large, max-video-preview:-1\" \/>\n<link rel=\"canonical\" href=\"https:\/\/conexmetals.com\/pt-br\/produto\/c95900-aluminio-bronze-retangulo-placa\/\" \/>\n<script type=\"application\/ld+json\" class=\"yoast-schema-graph\">{\"@context\":\"https:\\\/\\\/schema.org\",\"@graph\":[{\"@type\":\"WebPage\",\"@id\":\"https:\\\/\\\/conexmetals.com\\\/pt-br\\\/produto\\\/c95900-aluminio-bronze-retangulo-placa\\\/\",\"url\":\"https:\\\/\\\/conexmetals.com\\\/pt-br\\\/produto\\\/c95900-aluminio-bronze-retangulo-placa\\\/\",\"name\":\"C95900 Alum\u00ednio Bronze Ret\u00e2ngulo \\\/ Placa\",\"isPartOf\":{\"@id\":\"https:\\\/\\\/conexmetals.com\\\/pt-br\\\/#website\"},\"datePublished\":\"2024-06-06T09:57:55+00:00\",\"dateModified\":\"2024-09-16T07:09:43+00:00\",\"description\":\"Conex Metals, a global leader in metal manufacturing and export for 34 years, delivers excellence worldwide. Specializing in high-quality non-ferrous metal components such as Brass Fittings, Brass Parts, Copper Parts, and Brass Plumbing Fittings. Experience precision and innovation with Conex Metals.\",\"breadcrumb\":{\"@id\":\"https:\\\/\\\/conexmetals.com\\\/pt-br\\\/produto\\\/c95900-aluminio-bronze-retangulo-placa\\\/#breadcrumb\"},\"inLanguage\":\"pt-BR\",\"potentialAction\":[{\"@type\":\"ReadAction\",\"target\":[\"https:\\\/\\\/conexmetals.com\\\/pt-br\\\/produto\\\/c95900-aluminio-bronze-retangulo-placa\\\/\"]}]},{\"@type\":\"BreadcrumbList\",\"@id\":\"https:\\\/\\\/conexmetals.com\\\/pt-br\\\/produto\\\/c95900-aluminio-bronze-retangulo-placa\\\/#breadcrumb\",\"itemListElement\":[{\"@type\":\"ListItem\",\"position\":1,\"name\":\"Home\",\"item\":\"https:\\\/\\\/conexmetals.com\\\/pt-br\\\/lar\\\/\"},{\"@type\":\"ListItem\",\"position\":2,\"name\":\"Products\",\"item\":\"https:\\\/\\\/conexmetals.com\\\/products\\\/\"},{\"@type\":\"ListItem\",\"position\":3,\"name\":\"C95900 Alum\u00ednio Bronze Ret\u00e2ngulo \\\/ Placa\"}]},{\"@type\":\"WebSite\",\"@id\":\"https:\\\/\\\/conexmetals.com\\\/pt-br\\\/#website\",\"url\":\"https:\\\/\\\/conexmetals.com\\\/pt-br\\\/\",\"name\":\"Conex Metals Brass Fittings Brass Parts Copper Parts Brass Components Brass Plumbing Fittings India\",\"description\":\"Manufacturer of Bronze Fittings casting Copper Brass parts components\",\"publisher\":{\"@id\":\"https:\\\/\\\/conexmetals.com\\\/pt-br\\\/#organization\"},\"potentialAction\":[{\"@type\":\"SearchAction\",\"target\":{\"@type\":\"EntryPoint\",\"urlTemplate\":\"https:\\\/\\\/conexmetals.com\\\/pt-br\\\/?s={search_term_string}\"},\"query-input\":{\"@type\":\"PropertyValueSpecification\",\"valueRequired\":true,\"valueName\":\"search_term_string\"}}],\"inLanguage\":\"pt-BR\"},{\"@type\":\"Organization\",\"@id\":\"https:\\\/\\\/conexmetals.com\\\/pt-br\\\/#organization\",\"name\":\"Conex Metals Brass Fittings Brass Parts Copper Parts Brass Components Brass Plumbing Fittings India\",\"url\":\"https:\\\/\\\/conexmetals.com\\\/pt-br\\\/\",\"logo\":{\"@type\":\"ImageObject\",\"inLanguage\":\"pt-BR\",\"@id\":\"https:\\\/\\\/conexmetals.com\\\/pt-br\\\/#\\\/schema\\\/logo\\\/image\\\/\",\"url\":\"https:\\\/\\\/conexmetals.com\\\/wp-content\\\/uploads\\\/2024\\\/03\\\/conex-metals-logo.webp\",\"contentUrl\":\"https:\\\/\\\/conexmetals.com\\\/wp-content\\\/uploads\\\/2024\\\/03\\\/conex-metals-logo.webp\",\"width\":300,\"height\":121,\"caption\":\"Conex Metals Brass Fittings Brass Parts Copper Parts Brass Components Brass Plumbing Fittings India\"},\"image\":{\"@id\":\"https:\\\/\\\/conexmetals.com\\\/pt-br\\\/#\\\/schema\\\/logo\\\/image\\\/\"},\"sameAs\":[\"https:\\\/\\\/www.facebook.com\\\/conexbrass\",\"https:\\\/\\\/x.com\\\/conexindia\",\"https:\\\/\\\/www.linkedin.com\\\/company\\\/conex-metals-india\\\/\",\"https:\\\/\\\/www.instagram.com\\\/conexindia\\\/\"]}]}<\/script>\n<!-- \/ Yoast SEO plugin. -->","yoast_head_json":{"title":"C95900 Alum\u00ednio Bronze Ret\u00e2ngulo \/ Placa","description":"Conex Metals, a global leader in metal manufacturing and export for 34 years, delivers excellence worldwide. Specializing in high-quality non-ferrous metal components such as Brass Fittings, Brass Parts, Copper Parts, and Brass Plumbing Fittings. Experience precision and innovation with Conex Metals.","robots":{"index":"index","follow":"follow","max-snippet":"max-snippet:-1","max-image-preview":"max-image-preview:large","max-video-preview":"max-video-preview:-1"},"canonical":"https:\/\/conexmetals.com\/pt-br\/produto\/c95900-aluminio-bronze-retangulo-placa\/","schema":{"@context":"https:\/\/schema.org","@graph":[{"@type":"WebPage","@id":"https:\/\/conexmetals.com\/pt-br\/produto\/c95900-aluminio-bronze-retangulo-placa\/","url":"https:\/\/conexmetals.com\/pt-br\/produto\/c95900-aluminio-bronze-retangulo-placa\/","name":"C95900 Alum\u00ednio Bronze Ret\u00e2ngulo \/ Placa","isPartOf":{"@id":"https:\/\/conexmetals.com\/pt-br\/#website"},"datePublished":"2024-06-06T09:57:55+00:00","dateModified":"2024-09-16T07:09:43+00:00","description":"Conex Metals, a global leader in metal manufacturing and export for 34 years, delivers excellence worldwide. Specializing in high-quality non-ferrous metal components such as Brass Fittings, Brass Parts, Copper Parts, and Brass Plumbing Fittings. Experience precision and innovation with Conex Metals.","breadcrumb":{"@id":"https:\/\/conexmetals.com\/pt-br\/produto\/c95900-aluminio-bronze-retangulo-placa\/#breadcrumb"},"inLanguage":"pt-BR","potentialAction":[{"@type":"ReadAction","target":["https:\/\/conexmetals.com\/pt-br\/produto\/c95900-aluminio-bronze-retangulo-placa\/"]}]},{"@type":"BreadcrumbList","@id":"https:\/\/conexmetals.com\/pt-br\/produto\/c95900-aluminio-bronze-retangulo-placa\/#breadcrumb","itemListElement":[{"@type":"ListItem","position":1,"name":"Home","item":"https:\/\/conexmetals.com\/pt-br\/lar\/"},{"@type":"ListItem","position":2,"name":"Products","item":"https:\/\/conexmetals.com\/products\/"},{"@type":"ListItem","position":3,"name":"C95900 Alum\u00ednio Bronze Ret\u00e2ngulo \/ Placa"}]},{"@type":"WebSite","@id":"https:\/\/conexmetals.com\/pt-br\/#website","url":"https:\/\/conexmetals.com\/pt-br\/","name":"Conex Metals Brass Fittings Brass Parts Copper Parts Brass Components Brass Plumbing Fittings India","description":"Manufacturer of Bronze Fittings casting Copper Brass parts components","publisher":{"@id":"https:\/\/conexmetals.com\/pt-br\/#organization"},"potentialAction":[{"@type":"SearchAction","target":{"@type":"EntryPoint","urlTemplate":"https:\/\/conexmetals.com\/pt-br\/?s={search_term_string}"},"query-input":{"@type":"PropertyValueSpecification","valueRequired":true,"valueName":"search_term_string"}}],"inLanguage":"pt-BR"},{"@type":"Organization","@id":"https:\/\/conexmetals.com\/pt-br\/#organization","name":"Conex Metals Brass Fittings Brass Parts Copper Parts Brass Components Brass Plumbing Fittings India","url":"https:\/\/conexmetals.com\/pt-br\/","logo":{"@type":"ImageObject","inLanguage":"pt-BR","@id":"https:\/\/conexmetals.com\/pt-br\/#\/schema\/logo\/image\/","url":"https:\/\/conexmetals.com\/wp-content\/uploads\/2024\/03\/conex-metals-logo.webp","contentUrl":"https:\/\/conexmetals.com\/wp-content\/uploads\/2024\/03\/conex-metals-logo.webp","width":300,"height":121,"caption":"Conex Metals Brass Fittings Brass Parts Copper Parts Brass Components Brass Plumbing Fittings India"},"image":{"@id":"https:\/\/conexmetals.com\/pt-br\/#\/schema\/logo\/image\/"},"sameAs":["https:\/\/www.facebook.com\/conexbrass","https:\/\/x.com\/conexindia","https:\/\/www.linkedin.com\/company\/conex-metals-india\/","https:\/\/www.instagram.com\/conexindia\/"]}]}},"_links":{"self":[{"href":"https:\/\/conexmetals.com\/pt-br\/wp-json\/wp\/v2\/product\/10076","targetHints":{"allow":["GET"]}}],"collection":[{"href":"https:\/\/conexmetals.com\/pt-br\/wp-json\/wp\/v2\/product"}],"about":[{"href":"https:\/\/conexmetals.com\/pt-br\/wp-json\/wp\/v2\/types\/product"}],"wp:attachment":[{"href":"https:\/\/conexmetals.com\/pt-br\/wp-json\/wp\/v2\/media?parent=10076"}],"wp:term":[{"taxonomy":"product_brand","embeddable":true,"href":"https:\/\/conexmetals.com\/pt-br\/wp-json\/wp\/v2\/product_brand?post=10076"},{"taxonomy":"product_cat","embeddable":true,"href":"https:\/\/conexmetals.com\/pt-br\/wp-json\/wp\/v2\/product_cat?post=10076"},{"taxonomy":"product_tag","embeddable":true,"href":"https:\/\/conexmetals.com\/pt-br\/wp-json\/wp\/v2\/product_tag?post=10076"}],"curies":[{"name":"wp","href":"https:\/\/api.w.org\/{rel}","templated":true}]}}