{"id":10965,"date":"2023-08-16T09:09:31","date_gmt":"2023-08-16T03:39:31","guid":{"rendered":"https:\/\/conexmetals.com\/?post_type=product&#038;p=10965"},"modified":"2024-10-10T19:05:19","modified_gmt":"2024-10-10T13:35:19","slug":"fundicoes-de-latao","status":"publish","type":"product","link":"https:\/\/conexmetals.com\/pt-br\/produto\/fundicoes-de-latao\/","title":{"rendered":"Fundi\u00e7\u00f5es de Lat\u00e3o"},"content":{"rendered":"","protected":false},"excerpt":{"rendered":"<p>As fundi\u00e7\u00f5es de lat\u00e3o s\u00e3o um tipo espec\u00edfico de fundi\u00e7\u00e3o de metal que envolve o uso de lat\u00e3o como material principal. O lat\u00e3o \u00e9 uma liga composta de cobre e zinco, com outros elementos sendo \u00e0s vezes adicionados para alcan\u00e7ar propriedades espec\u00edficas. \u00c9 conhecido por sua apar\u00eancia dourada, ponto de fus\u00e3o relativamente baixo, excelente usinabilidade e resist\u00eancia \u00e0 corros\u00e3o. Essas qualidades fazem do lat\u00e3o uma escolha popular para uma ampla gama de aplica\u00e7\u00f5es.<\/p>\n<p>O processo de fundi\u00e7\u00e3o de lat\u00e3o \u00e9 semelhante ao processo geral de fundi\u00e7\u00e3o de metais mencionado anteriormente, mas com o uso espec\u00edfico de lat\u00e3o como o metal fundido.<\/p>\n<p>Temos a capacidade de fundir partes tanto em fundi\u00e7\u00e3o de areia quanto em fundi\u00e7\u00e3o de resina em moldes.<\/p>\n<p>As fundi\u00e7\u00f5es de lat\u00e3o encontram aplica\u00e7\u00f5es em v\u00e1rias ind\u00fastrias, incluindo:<\/p>\n<p>Automotiva: As fundi\u00e7\u00f5es de lat\u00e3o s\u00e3o usadas em componentes de motores, acess\u00f3rios e pe\u00e7as decorativas.<br \/>\nHidr\u00e1ulica: As fundi\u00e7\u00f5es de lat\u00e3o s\u00e3o utilizadas para torneiras, v\u00e1lvulas, conex\u00f5es de tubos e outras instala\u00e7\u00f5es hidr\u00e1ulicas.<br \/>\nEl\u00e9trico: As partes de lat\u00e3o s\u00e3o usadas para conectores.<\/p>\n<p>O processo de fundi\u00e7\u00e3o de lat\u00e3o permite a produ\u00e7\u00e3o de componentes intrincados e detalhados com a apar\u00eancia e propriedades distintas do lat\u00e3o, tornando-o um m\u00e9todo de fabrica\u00e7\u00e3o valioso em v\u00e1rias ind\u00fastrias.<\/p>\n<p>Oferecemos instala\u00e7\u00f5es de fundi\u00e7\u00e3o de lat\u00e3o com peso de at\u00e9 40 kg e fundi\u00e7\u00f5es de lat\u00e3o de at\u00e9 1 metro de comprimento. Nossa instala\u00e7\u00e3o de fundi\u00e7\u00e3o em areia est\u00e1 bem equipada para lidar com qualquer trabalho desafiador de fundi\u00e7\u00e3o de lat\u00e3o ou consulta sobre fundi\u00e7\u00e3o de lat\u00e3o.<\/p>\n<p>Fornecemos fundi\u00e7\u00f5es de:<\/p>\n<p>Lat\u00e3o<br \/>\nMetal de arma<br \/>\nBronze de f\u00f3sforo<br \/>\nLat\u00e3o de alta resist\u00eancia<br \/>\nBronze de alum\u00ednio<br \/>\nBronze de mangan\u00eas<br \/>\nBronze de sil\u00edcio<br \/>\nBronze de chumbo<\/p>\n<p>Material<br \/>\nTodos os graus de lat\u00e3o, como CZ121, C358, C360, C377 e C8750.<\/p>\n<p>Fundi\u00e7\u00e3o de lat\u00e3o Pesos de fundi\u00e7\u00f5es de lat\u00e3o (de 10 gramas a 40 kg):<br \/>\nPodemos oferecer fundi\u00e7\u00f5es de lat\u00e3o usinadas.<\/p>\n<p>Tamanho<br \/>\nEspecifica\u00e7\u00e3o ou conforme design ou requisito personalizado.<\/p>\n<p>Acabamento e revestimento<br \/>\nNatural, niquelado, revestido de estanho ou qualquer revestimento conforme a especifica\u00e7\u00e3o do cliente.<\/p>\n<p>Desenvolvimento personalizado<\/p>\n<p>Ficamos felizes em desenvolver fundi\u00e7\u00f5es de lat\u00e3o n\u00e3o padronizadas e pe\u00e7as fundidas de lat\u00e3o de acordo com requisitos espec\u00edficos.<\/p>\n<p>Materiais: Lat\u00e3o de acordo com BS 2874 \/ 2872<br \/>\nAcabamento: Lat\u00e3o natural, eletro-revestido, n\u00edquel, etc.<\/p>\n<table id=\"tablepress-227\" class=\"tablepress tablepress-id-227\">\n<caption>\u00a0<\/caption>\n<thead>\n<tr class=\"row-1 odd\">\n<th class=\"column-1\" colspan=\"7\"><span>Fundi\u00e7\u00e3o de lat\u00e3o Fundi\u00e7\u00e3o de lat\u00e3o<\/span><\/th>\n<\/tr>\n<\/thead>\n<tbody class=\"row-hover\">\n<tr class=\"row-2 even\">\n<td class=\"column-1\"><span>Jap\u00e3o<\/span><\/td>\n<td class=\"column-2\" colspan=\"3\"><span>EUA<\/span><\/td>\n<td class=\"column-5\"><span>Reino Unido<\/span><\/td>\n<td class=\"column-6\"><span>Alemanha<\/span><\/td>\n<td class=\"column-7\"><span>Padr\u00e3o Internacional.<\/span><\/td>\n<\/tr>\n<tr class=\"row-3 odd\">\n<td class=\"column-1\"><span>JIS<\/span><\/td>\n<td class=\"column-2\" colspan=\"2\"><span>ASTM<\/span><\/td>\n<td class=\"column-4\"><span>SAE<\/span><\/td>\n<td class=\"column-5\"><span>BS<\/span><\/td>\n<td class=\"column-6\"><span>DIN<\/span><\/td>\n<td class=\"column-7\"><span>ISO<\/span><\/td>\n<\/tr>\n<tr class=\"row-4 even\">\n<td class=\"column-1\"><span>H 5111 &#8211; 79<\/span><\/td>\n<td class=\"column-2\"><span>B 584 &#8211; 82<\/span><\/td>\n<td class=\"column-3\"><span>B 504 &#8211; 82<\/span><\/td>\n<td class=\"column-4\"><span>J 462 B &#8211; 80<\/span><\/td>\n<td class=\"column-5\"><span>1400 &#8211; 73<\/span><\/td>\n<td class=\"column-6\"><span>1705 &#8211; 81<\/span><\/td>\n<td class=\"column-7\"><span>1338 &#8211; 77<\/span><\/td>\n<\/tr>\n<tr class=\"row-5 odd\">\n<td class=\"column-1\"><span>Fundi\u00e7\u00f5es de bronze<\/span><\/td>\n<td class=\"column-2\"><span>Fundi\u00e7\u00e3o em areia de liga de cobre<\/span><br \/>\n<span>para<\/span><br \/>\n<span>aplica\u00e7\u00f5es gerais.<\/span><\/td>\n<td class=\"column-3\"><span>Fundi\u00e7\u00e3o cont\u00ednua de ligas \u00e0 base de cobre<\/span><br \/>\n<span>.<\/span><\/td>\n<td class=\"column-4\"><span>Lingotes de liga de cobre<\/span><br \/>\n<span>e pe\u00e7as fundidas de liga de cobre.<\/span><\/td>\n<td class=\"column-5\"><span>Lingotes de liga de cobre<\/span><br \/>\n<span>e pe\u00e7as fundidas de liga de cobre.<\/span><\/td>\n<td class=\"column-6\"><span>Fundi\u00e7\u00e3o de ligas de cobre e estanho (fundi\u00e7\u00e3o de bronze e estanho e metal de arma)<\/span><\/td>\n<td class=\"column-7\"><span>Ligas de cobre fundido<\/span><\/td>\n<\/tr>\n<tr class=\"row-6 even\">\n<td class=\"column-1\"><span>AC 1<\/span><\/td>\n<td class=\"column-2\"><span>C 844<\/span><\/td>\n<td class=\"column-3\"><span>&#8211;<\/span><\/td>\n<td class=\"column-4\"><span>&#8211;<\/span><\/td>\n<td class=\"column-5\"><span>LG1<\/span><\/td>\n<td class=\"column-6\"><span>CuSn2ZnPb<\/span><\/td>\n<td class=\"column-7\"><span>&#8211;<\/span><\/td>\n<\/tr>\n<tr class=\"row-7 odd\">\n<td class=\"column-1\"><span>AC 1C<\/span><\/td>\n<td class=\"column-2\"><span>&#8211;<\/span><\/td>\n<td class=\"column-3\"><span>C 844<\/span><\/td>\n<td class=\"column-4\"><span>&#8211;<\/span><\/td>\n<td class=\"column-5\"><span>&#8211;<\/span><\/td>\n<td class=\"column-6\"><span>&#8211;<\/span><\/td>\n<td class=\"column-7\"><span>&#8211;<\/span><\/td>\n<\/tr>\n<tr class=\"row-8 even\">\n<td class=\"column-1\"><span>AC 2<\/span><\/td>\n<td class=\"column-2\"><span>C 903<\/span><\/td>\n<td class=\"column-3\"><span>&#8211;<\/span><\/td>\n<td class=\"column-4\"><span>C 90300<\/span><\/td>\n<td class=\"column-5\"><span>&#8211;<\/span><\/td>\n<td class=\"column-6\"><span>&#8211;<\/span><\/td>\n<td class=\"column-7\"><span>&#8211;<\/span><\/td>\n<\/tr>\n<tr class=\"row-9 odd\">\n<td class=\"column-1\"><span>AC 2C<\/span><\/td>\n<td class=\"column-2\"><span>&#8211;<\/span><\/td>\n<td class=\"column-3\"><span>C 903<\/span><\/td>\n<td class=\"column-4\"><span>&#8211;<\/span><\/td>\n<td class=\"column-5\"><span>&#8211;<\/span><\/td>\n<td class=\"column-6\"><span>&#8211;<\/span><\/td>\n<td class=\"column-7\"><span>&#8211;<\/span><\/td>\n<\/tr>\n<tr class=\"row-10 even\">\n<td class=\"column-1\"><span>AC 3<\/span><\/td>\n<td class=\"column-2\"><span>C 905<\/span><\/td>\n<td class=\"column-3\"><span>&#8211;<\/span><\/td>\n<td class=\"column-4\"><span>C 90500<\/span><\/td>\n<td class=\"column-5\"><span>G1<\/span><\/td>\n<td class=\"column-6\"><span>CuSn10Zn<\/span><\/td>\n<td class=\"column-7\"><span>CuSn10Zn2<\/span><\/td>\n<\/tr>\n<tr class=\"row-11 odd\">\n<td class=\"column-1\"><span>BC3C<\/span><\/td>\n<td class=\"column-2\"><span>&#8211;<\/span><\/td>\n<td class=\"column-3\"><span>C 905<\/span><\/td>\n<td class=\"column-4\"><span>&#8211;<\/span><\/td>\n<td class=\"column-5\"><span>&#8211;<\/span><\/td>\n<td class=\"column-6\"><span>&#8211;<\/span><\/td>\n<td class=\"column-7\"><span>CuSn10Zn2<\/span><\/td>\n<\/tr>\n<tr class=\"row-12 even\">\n<td class=\"column-1\"><span>AC 6<\/span><\/td>\n<td class=\"column-2\"><span>C 836<\/span><\/td>\n<td class=\"column-3\"><span>&#8211;<\/span><\/td>\n<td class=\"column-4\"><span>C 83600<\/span><\/td>\n<td class=\"column-5\"><span>LG2<\/span><\/td>\n<td class=\"column-6\"><span>CuSn5ZnPb<\/span><\/td>\n<td class=\"column-7\"><span>CuPb5Sn5Zn5<\/span><\/td>\n<\/tr>\n<tr class=\"row-13 odd\">\n<td class=\"column-1\"><span>s\u00e9culo 6 a.C.<\/span><\/td>\n<td class=\"column-2\"><span>&#8211;<\/span><\/td>\n<td class=\"column-3\"><span>C 836<\/span><\/td>\n<td class=\"column-4\"><span>&#8211;<\/span><\/td>\n<td class=\"column-5\"><span>&#8211;<\/span><\/td>\n<td class=\"column-6\"><span>&#8211;<\/span><\/td>\n<td class=\"column-7\"><span>CuPb5Sn5Zn5<\/span><\/td>\n<\/tr>\n<\/tbody>\n<\/table>\n","protected":false},"featured_media":11614,"template":"","meta":[],"product_brand":[],"product_cat":[373],"product_tag":[],"class_list":{"0":"post-10965","1":"product","2":"type-product","3":"status-publish","4":"has-post-thumbnail","6":"product_cat-pecas-fundidas","8":"first","9":"instock","10":"shipping-taxable","11":"product-type-simple"},"yoast_head":"<!-- This site is optimized with the Yoast SEO plugin v27.3 - https:\/\/yoast.com\/product\/yoast-seo-wordpress\/ -->\n<title>Fundi\u00e7\u00f5es de Lat\u00e3o<\/title>\n<meta name=\"description\" content=\"A Conex \u00e9 um fabricante e exportador indiano de fundi\u00e7\u00f5es de lat\u00e3o, fundi\u00e7\u00f5es de lat\u00e3o CDA 360 etc. Somos uma fundi\u00e7\u00e3o de lat\u00e3o e fazemos fundi\u00e7\u00f5es de lat\u00e3o na \u00cdndia. Somos um fornecedor l\u00edder de fundi\u00e7\u00f5es de lat\u00e3o. Oferecemos graus como CDA 360, Lat\u00e3o Vermelho, CDA 955, CDA 855, CDA 856, CDA 833, CDA 836, CDA 844, C956 etc. A Conex funde usando Fundi\u00e7\u00e3o em Moldes, Fundi\u00e7\u00e3o em Areia, Fundi\u00e7\u00e3o por Gravidade, Fundi\u00e7\u00e3o de Cera Perdida etc.\" \/>\n<meta name=\"robots\" content=\"index, follow, max-snippet:-1, max-image-preview:large, max-video-preview:-1\" \/>\n<link rel=\"canonical\" href=\"https:\/\/conexmetals.com\/pt-br\/produto\/fundicoes-de-latao\/\" \/>\n<script type=\"application\/ld+json\" class=\"yoast-schema-graph\">{\"@context\":\"https:\\\/\\\/schema.org\",\"@graph\":[{\"@type\":\"WebPage\",\"@id\":\"https:\\\/\\\/conexmetals.com\\\/pt-br\\\/produto\\\/fundicoes-de-latao\\\/\",\"url\":\"https:\\\/\\\/conexmetals.com\\\/pt-br\\\/produto\\\/fundicoes-de-latao\\\/\",\"name\":\"Fundi\u00e7\u00f5es de Lat\u00e3o\",\"isPartOf\":{\"@id\":\"https:\\\/\\\/conexmetals.com\\\/pt-br\\\/#website\"},\"primaryImageOfPage\":{\"@id\":\"https:\\\/\\\/conexmetals.com\\\/pt-br\\\/produto\\\/fundicoes-de-latao\\\/#primaryimage\"},\"image\":{\"@id\":\"https:\\\/\\\/conexmetals.com\\\/pt-br\\\/produto\\\/fundicoes-de-latao\\\/#primaryimage\"},\"thumbnailUrl\":\"https:\\\/\\\/conexmetals.com\\\/wp-content\\\/uploads\\\/2024\\\/10\\\/Fundicoes-de-Latao.png\",\"datePublished\":\"2023-08-16T03:39:31+00:00\",\"dateModified\":\"2024-10-10T13:35:19+00:00\",\"description\":\"A Conex \u00e9 um fabricante e exportador indiano de fundi\u00e7\u00f5es de lat\u00e3o, fundi\u00e7\u00f5es de lat\u00e3o CDA 360 etc. Somos uma fundi\u00e7\u00e3o de lat\u00e3o e fazemos fundi\u00e7\u00f5es de lat\u00e3o na \u00cdndia. Somos um fornecedor l\u00edder de fundi\u00e7\u00f5es de lat\u00e3o. Oferecemos graus como CDA 360, Lat\u00e3o Vermelho, CDA 955, CDA 855, CDA 856, CDA 833, CDA 836, CDA 844, C956 etc. A Conex funde usando Fundi\u00e7\u00e3o em Moldes, Fundi\u00e7\u00e3o em Areia, Fundi\u00e7\u00e3o por Gravidade, Fundi\u00e7\u00e3o de Cera Perdida etc.\",\"breadcrumb\":{\"@id\":\"https:\\\/\\\/conexmetals.com\\\/pt-br\\\/produto\\\/fundicoes-de-latao\\\/#breadcrumb\"},\"inLanguage\":\"pt-BR\",\"potentialAction\":[{\"@type\":\"ReadAction\",\"target\":[\"https:\\\/\\\/conexmetals.com\\\/pt-br\\\/produto\\\/fundicoes-de-latao\\\/\"]}]},{\"@type\":\"ImageObject\",\"inLanguage\":\"pt-BR\",\"@id\":\"https:\\\/\\\/conexmetals.com\\\/pt-br\\\/produto\\\/fundicoes-de-latao\\\/#primaryimage\",\"url\":\"https:\\\/\\\/conexmetals.com\\\/wp-content\\\/uploads\\\/2024\\\/10\\\/Fundicoes-de-Latao.png\",\"contentUrl\":\"https:\\\/\\\/conexmetals.com\\\/wp-content\\\/uploads\\\/2024\\\/10\\\/Fundicoes-de-Latao.png\",\"width\":350,\"height\":350,\"caption\":\"Fundi\u00e7\u00f5es de Lat\u00e3o\"},{\"@type\":\"BreadcrumbList\",\"@id\":\"https:\\\/\\\/conexmetals.com\\\/pt-br\\\/produto\\\/fundicoes-de-latao\\\/#breadcrumb\",\"itemListElement\":[{\"@type\":\"ListItem\",\"position\":1,\"name\":\"Home\",\"item\":\"https:\\\/\\\/conexmetals.com\\\/pt-br\\\/lar\\\/\"},{\"@type\":\"ListItem\",\"position\":2,\"name\":\"Products\",\"item\":\"https:\\\/\\\/conexmetals.com\\\/products\\\/\"},{\"@type\":\"ListItem\",\"position\":3,\"name\":\"Fundi\u00e7\u00f5es de Lat\u00e3o\"}]},{\"@type\":\"WebSite\",\"@id\":\"https:\\\/\\\/conexmetals.com\\\/pt-br\\\/#website\",\"url\":\"https:\\\/\\\/conexmetals.com\\\/pt-br\\\/\",\"name\":\"Conex Metals Brass Fittings Brass Parts Copper Parts Brass Components Brass Plumbing Fittings India\",\"description\":\"Manufacturer of Bronze Fittings casting Copper Brass parts components\",\"publisher\":{\"@id\":\"https:\\\/\\\/conexmetals.com\\\/pt-br\\\/#organization\"},\"potentialAction\":[{\"@type\":\"SearchAction\",\"target\":{\"@type\":\"EntryPoint\",\"urlTemplate\":\"https:\\\/\\\/conexmetals.com\\\/pt-br\\\/?s={search_term_string}\"},\"query-input\":{\"@type\":\"PropertyValueSpecification\",\"valueRequired\":true,\"valueName\":\"search_term_string\"}}],\"inLanguage\":\"pt-BR\"},{\"@type\":\"Organization\",\"@id\":\"https:\\\/\\\/conexmetals.com\\\/pt-br\\\/#organization\",\"name\":\"Conex Metals Brass Fittings Brass Parts Copper Parts Brass Components Brass Plumbing Fittings India\",\"url\":\"https:\\\/\\\/conexmetals.com\\\/pt-br\\\/\",\"logo\":{\"@type\":\"ImageObject\",\"inLanguage\":\"pt-BR\",\"@id\":\"https:\\\/\\\/conexmetals.com\\\/pt-br\\\/#\\\/schema\\\/logo\\\/image\\\/\",\"url\":\"https:\\\/\\\/conexmetals.com\\\/wp-content\\\/uploads\\\/2024\\\/03\\\/conex-metals-logo.webp\",\"contentUrl\":\"https:\\\/\\\/conexmetals.com\\\/wp-content\\\/uploads\\\/2024\\\/03\\\/conex-metals-logo.webp\",\"width\":300,\"height\":121,\"caption\":\"Conex Metals Brass Fittings Brass Parts Copper Parts Brass Components Brass Plumbing Fittings India\"},\"image\":{\"@id\":\"https:\\\/\\\/conexmetals.com\\\/pt-br\\\/#\\\/schema\\\/logo\\\/image\\\/\"},\"sameAs\":[\"https:\\\/\\\/www.facebook.com\\\/conexbrass\",\"https:\\\/\\\/x.com\\\/conexindia\",\"https:\\\/\\\/www.linkedin.com\\\/company\\\/conex-metals-india\\\/\",\"https:\\\/\\\/www.instagram.com\\\/conexindia\\\/\"]}]}<\/script>\n<!-- \/ Yoast SEO plugin. -->","yoast_head_json":{"title":"Fundi\u00e7\u00f5es de Lat\u00e3o","description":"A Conex \u00e9 um fabricante e exportador indiano de fundi\u00e7\u00f5es de lat\u00e3o, fundi\u00e7\u00f5es de lat\u00e3o CDA 360 etc. Somos uma fundi\u00e7\u00e3o de lat\u00e3o e fazemos fundi\u00e7\u00f5es de lat\u00e3o na \u00cdndia. Somos um fornecedor l\u00edder de fundi\u00e7\u00f5es de lat\u00e3o. Oferecemos graus como CDA 360, Lat\u00e3o Vermelho, CDA 955, CDA 855, CDA 856, CDA 833, CDA 836, CDA 844, C956 etc. A Conex funde usando Fundi\u00e7\u00e3o em Moldes, Fundi\u00e7\u00e3o em Areia, Fundi\u00e7\u00e3o por Gravidade, Fundi\u00e7\u00e3o de Cera Perdida etc.","robots":{"index":"index","follow":"follow","max-snippet":"max-snippet:-1","max-image-preview":"max-image-preview:large","max-video-preview":"max-video-preview:-1"},"canonical":"https:\/\/conexmetals.com\/pt-br\/produto\/fundicoes-de-latao\/","schema":{"@context":"https:\/\/schema.org","@graph":[{"@type":"WebPage","@id":"https:\/\/conexmetals.com\/pt-br\/produto\/fundicoes-de-latao\/","url":"https:\/\/conexmetals.com\/pt-br\/produto\/fundicoes-de-latao\/","name":"Fundi\u00e7\u00f5es de Lat\u00e3o","isPartOf":{"@id":"https:\/\/conexmetals.com\/pt-br\/#website"},"primaryImageOfPage":{"@id":"https:\/\/conexmetals.com\/pt-br\/produto\/fundicoes-de-latao\/#primaryimage"},"image":{"@id":"https:\/\/conexmetals.com\/pt-br\/produto\/fundicoes-de-latao\/#primaryimage"},"thumbnailUrl":"https:\/\/conexmetals.com\/wp-content\/uploads\/2024\/10\/Fundicoes-de-Latao.png","datePublished":"2023-08-16T03:39:31+00:00","dateModified":"2024-10-10T13:35:19+00:00","description":"A Conex \u00e9 um fabricante e exportador indiano de fundi\u00e7\u00f5es de lat\u00e3o, fundi\u00e7\u00f5es de lat\u00e3o CDA 360 etc. Somos uma fundi\u00e7\u00e3o de lat\u00e3o e fazemos fundi\u00e7\u00f5es de lat\u00e3o na \u00cdndia. Somos um fornecedor l\u00edder de fundi\u00e7\u00f5es de lat\u00e3o. Oferecemos graus como CDA 360, Lat\u00e3o Vermelho, CDA 955, CDA 855, CDA 856, CDA 833, CDA 836, CDA 844, C956 etc. A Conex funde usando Fundi\u00e7\u00e3o em Moldes, Fundi\u00e7\u00e3o em Areia, Fundi\u00e7\u00e3o por Gravidade, Fundi\u00e7\u00e3o de Cera Perdida etc.","breadcrumb":{"@id":"https:\/\/conexmetals.com\/pt-br\/produto\/fundicoes-de-latao\/#breadcrumb"},"inLanguage":"pt-BR","potentialAction":[{"@type":"ReadAction","target":["https:\/\/conexmetals.com\/pt-br\/produto\/fundicoes-de-latao\/"]}]},{"@type":"ImageObject","inLanguage":"pt-BR","@id":"https:\/\/conexmetals.com\/pt-br\/produto\/fundicoes-de-latao\/#primaryimage","url":"https:\/\/conexmetals.com\/wp-content\/uploads\/2024\/10\/Fundicoes-de-Latao.png","contentUrl":"https:\/\/conexmetals.com\/wp-content\/uploads\/2024\/10\/Fundicoes-de-Latao.png","width":350,"height":350,"caption":"Fundi\u00e7\u00f5es de Lat\u00e3o"},{"@type":"BreadcrumbList","@id":"https:\/\/conexmetals.com\/pt-br\/produto\/fundicoes-de-latao\/#breadcrumb","itemListElement":[{"@type":"ListItem","position":1,"name":"Home","item":"https:\/\/conexmetals.com\/pt-br\/lar\/"},{"@type":"ListItem","position":2,"name":"Products","item":"https:\/\/conexmetals.com\/products\/"},{"@type":"ListItem","position":3,"name":"Fundi\u00e7\u00f5es de Lat\u00e3o"}]},{"@type":"WebSite","@id":"https:\/\/conexmetals.com\/pt-br\/#website","url":"https:\/\/conexmetals.com\/pt-br\/","name":"Conex Metals Brass Fittings Brass Parts Copper Parts Brass Components Brass Plumbing Fittings India","description":"Manufacturer of Bronze Fittings casting Copper Brass parts components","publisher":{"@id":"https:\/\/conexmetals.com\/pt-br\/#organization"},"potentialAction":[{"@type":"SearchAction","target":{"@type":"EntryPoint","urlTemplate":"https:\/\/conexmetals.com\/pt-br\/?s={search_term_string}"},"query-input":{"@type":"PropertyValueSpecification","valueRequired":true,"valueName":"search_term_string"}}],"inLanguage":"pt-BR"},{"@type":"Organization","@id":"https:\/\/conexmetals.com\/pt-br\/#organization","name":"Conex Metals Brass Fittings Brass Parts Copper Parts Brass Components Brass Plumbing Fittings India","url":"https:\/\/conexmetals.com\/pt-br\/","logo":{"@type":"ImageObject","inLanguage":"pt-BR","@id":"https:\/\/conexmetals.com\/pt-br\/#\/schema\/logo\/image\/","url":"https:\/\/conexmetals.com\/wp-content\/uploads\/2024\/03\/conex-metals-logo.webp","contentUrl":"https:\/\/conexmetals.com\/wp-content\/uploads\/2024\/03\/conex-metals-logo.webp","width":300,"height":121,"caption":"Conex Metals Brass Fittings Brass Parts Copper Parts Brass Components Brass Plumbing Fittings India"},"image":{"@id":"https:\/\/conexmetals.com\/pt-br\/#\/schema\/logo\/image\/"},"sameAs":["https:\/\/www.facebook.com\/conexbrass","https:\/\/x.com\/conexindia","https:\/\/www.linkedin.com\/company\/conex-metals-india\/","https:\/\/www.instagram.com\/conexindia\/"]}]}},"_links":{"self":[{"href":"https:\/\/conexmetals.com\/pt-br\/wp-json\/wp\/v2\/product\/10965","targetHints":{"allow":["GET"]}}],"collection":[{"href":"https:\/\/conexmetals.com\/pt-br\/wp-json\/wp\/v2\/product"}],"about":[{"href":"https:\/\/conexmetals.com\/pt-br\/wp-json\/wp\/v2\/types\/product"}],"wp:featuredmedia":[{"embeddable":true,"href":"https:\/\/conexmetals.com\/pt-br\/wp-json\/wp\/v2\/media\/11614"}],"wp:attachment":[{"href":"https:\/\/conexmetals.com\/pt-br\/wp-json\/wp\/v2\/media?parent=10965"}],"wp:term":[{"taxonomy":"product_brand","embeddable":true,"href":"https:\/\/conexmetals.com\/pt-br\/wp-json\/wp\/v2\/product_brand?post=10965"},{"taxonomy":"product_cat","embeddable":true,"href":"https:\/\/conexmetals.com\/pt-br\/wp-json\/wp\/v2\/product_cat?post=10965"},{"taxonomy":"product_tag","embeddable":true,"href":"https:\/\/conexmetals.com\/pt-br\/wp-json\/wp\/v2\/product_tag?post=10965"}],"curies":[{"name":"wp","href":"https:\/\/api.w.org\/{rel}","templated":true}]}}