{"id":11052,"date":"2023-08-16T08:13:51","date_gmt":"2023-08-16T02:43:51","guid":{"rendered":"https:\/\/conexmetals.com\/product\/fundicoes-de-bronze\/"},"modified":"2023-08-16T08:13:51","modified_gmt":"2023-08-16T02:43:51","slug":"fundicoes-de-bronze","status":"publish","type":"product","link":"https:\/\/conexmetals.com\/pt-br\/produto\/fundicoes-de-bronze\/","title":{"rendered":"Fundi\u00e7\u00f5es de bronze"},"content":{"rendered":"","protected":false},"excerpt":{"rendered":"<p>A Conex, uma empresa indiana, \u00e9 especializada na fabrica\u00e7\u00e3o e exporta\u00e7\u00e3o de pe\u00e7as fundidas de bronze. Operando como uma fundi\u00e7\u00e3o de bronze na \u00cdndia, estamos entre os principais fornecedores de pe\u00e7as fundidas de bronze. Nossa linha de produtos inclui uma variedade de graus, como fundi\u00e7\u00e3o de bronze de alum\u00ednio, CDA 955, CDA 956, CDA 833, CDA 836 e CDA 844, al\u00e9m de diferentes graus de bronze e fundi\u00e7\u00e3o de bronze.<\/p>\n<p>As pe\u00e7as fundidas de bronze, assim como as de lat\u00e3o, envolvem o uso de uma liga de cobre como material prim\u00e1rio. O bronze \u00e9 uma liga composta principalmente de cobre, com quantidades vari\u00e1veis \u200b\u200bde estanho e outros elementos, como alum\u00ednio, mangan\u00eas ou zinco. A composi\u00e7\u00e3o espec\u00edfica do bronze pode ser ajustada para atingir as propriedades desejadas, como maior resist\u00eancia, dureza e resist\u00eancia \u00e0 corros\u00e3o.<\/p>\n<p>O processo de fundi\u00e7\u00e3o de bronze \u00e9 semelhante a outros m\u00e9todos de fundi\u00e7\u00e3o de metal, mas com o bronze como metal fundido.<\/p>\n<p>As pe\u00e7as fundidas em bronze s\u00e3o usadas h\u00e1 s\u00e9culos e t\u00eam uma ampla gama de aplica\u00e7\u00f5es, incluindo:<\/p>\n<ul>\n<li><strong>Componentes industriais<\/strong>: As pe\u00e7as fundidas em bronze s\u00e3o usadas em v\u00e1rias ind\u00fastrias para a fabrica\u00e7\u00e3o de engrenagens, rolamentos, v\u00e1lvulas, buchas e outras pe\u00e7as de m\u00e1quinas.<\/li>\n<li><strong>Aplica\u00e7\u00f5es mar\u00edtimas:<\/strong> O bronze \u00e9 resistente \u00e0 corros\u00e3o na \u00e1gua do mar, tornando-o adequado para ferragens mar\u00edtimas, h\u00e9lices e acess\u00f3rios para navios.<\/li>\n<li><strong>Aplica\u00e7\u00f5es el\u00e9tricas: <\/strong><\/li>\n<\/ul>\n<p>A fundi\u00e7\u00e3o em bronze permite a cria\u00e7\u00e3o de componentes dur\u00e1veis, tornando-o um processo valioso em aplica\u00e7\u00f5es industriais.<\/p>\n<p>Oferecemos fundi\u00e7\u00e3o em bronze, fundi\u00e7\u00e3o em bronze, fundi\u00e7\u00e3o em bronze, instala\u00e7\u00e3o de fundi\u00e7\u00e3o em bronze com at\u00e9 40 kg de peso e fundi\u00e7\u00e3o em lat\u00e3o com at\u00e9 1 metro de comprimento. Nossa fundi\u00e7\u00e3o em areia de fundi\u00e7\u00e3o indiana, bem como moldagem de concha, est\u00e1 bem equipada para lidar com qualquer trabalho desafiador de fundi\u00e7\u00e3o em lat\u00e3o ou fundi\u00e7\u00e3o em bronze, fundi\u00e7\u00e3o em bronze, fundi\u00e7\u00e3o em bronze, fundi\u00e7\u00e3o em bronze, consulta de fundi\u00e7\u00e3o em bronze.<\/p>\n<p><strong>Tamanho<br \/>\n<\/strong>Especifica\u00e7\u00e3o ou conforme projeto ou requisito personalizado. Podemos fazer de 10 gramas a 40 kg.<\/p>\n<p><strong>Acabamento e revestimento:<\/strong><br \/>\nNatural, Nickel Plated, Tin Plated, Silver Plated or any coating as per customer specification.<\/p>\n<p>Teremos prazer em desenvolver pe\u00e7as fundidas n\u00e3o padronizadas, pe\u00e7as fundidas de cobre e lat\u00e3o, pe\u00e7as fundidas de cobre e bronze conforme requisitos espec\u00edficos.<\/p>\n<p><strong>Materiais<br \/>\n<\/strong>: bronze de alum\u00ednio, bronze de sil\u00edcio, bronze de arma, lat\u00e3o vermelho e CDA 955, CDA 956, CDA 833, CDA 836 e CDA 844, entre outros.<\/p>\n","protected":false},"featured_media":14154,"template":"","meta":[],"product_brand":[],"product_cat":[373],"product_tag":[],"class_list":{"0":"post-11052","1":"product","2":"type-product","3":"status-publish","4":"has-post-thumbnail","6":"product_cat-pecas-fundidas","8":"first","9":"instock","10":"shipping-taxable","11":"product-type-simple"},"yoast_head":"<!-- This site is optimized with the Yoast SEO plugin v27.3 - https:\/\/yoast.com\/product\/yoast-seo-wordpress\/ -->\n<title>Fundi\u00e7\u00e3o de bronze Fundi\u00e7\u00e3o de bronze de alum\u00ednio da \u00cdndia.<\/title>\n<meta name=\"description\" content=\"A Conex \u00e9 uma fabricante e exportadora indiana de fundi\u00e7\u00e3o de bronze, fundi\u00e7\u00e3o de bronze etc. Somos uma fundi\u00e7\u00e3o de fundi\u00e7\u00e3o de bronze e fazemos fundi\u00e7\u00e3o de bronze na \u00cdndia, somos um fornecedor l\u00edder de fundi\u00e7\u00e3o de bronze. Oferecemos graus como fundi\u00e7\u00e3o de bronze de alum\u00ednio, CDA 855, CDA 856, CDA 833, CDA 836, CDA 844, graus de bronze., Fundi\u00e7\u00e3o de bronze etc.\" \/>\n<meta name=\"robots\" content=\"index, follow, max-snippet:-1, max-image-preview:large, max-video-preview:-1\" \/>\n<link rel=\"canonical\" href=\"https:\/\/conexmetals.com\/pt-br\/produto\/fundicoes-de-bronze\/\" \/>\n<script type=\"application\/ld+json\" class=\"yoast-schema-graph\">{\"@context\":\"https:\\\/\\\/schema.org\",\"@graph\":[{\"@type\":\"WebPage\",\"@id\":\"https:\\\/\\\/conexmetals.com\\\/pt-br\\\/produto\\\/fundicoes-de-bronze\\\/\",\"url\":\"https:\\\/\\\/conexmetals.com\\\/pt-br\\\/produto\\\/fundicoes-de-bronze\\\/\",\"name\":\"Fundi\u00e7\u00e3o de bronze Fundi\u00e7\u00e3o de bronze de alum\u00ednio da \u00cdndia.\",\"isPartOf\":{\"@id\":\"https:\\\/\\\/conexmetals.com\\\/pt-br\\\/#website\"},\"primaryImageOfPage\":{\"@id\":\"https:\\\/\\\/conexmetals.com\\\/pt-br\\\/produto\\\/fundicoes-de-bronze\\\/#primaryimage\"},\"image\":{\"@id\":\"https:\\\/\\\/conexmetals.com\\\/pt-br\\\/produto\\\/fundicoes-de-bronze\\\/#primaryimage\"},\"thumbnailUrl\":\"https:\\\/\\\/conexmetals.com\\\/wp-content\\\/uploads\\\/2023\\\/08\\\/Bronze-Castings.webp\",\"datePublished\":\"2023-08-16T02:43:51+00:00\",\"description\":\"A Conex \u00e9 uma fabricante e exportadora indiana de fundi\u00e7\u00e3o de bronze, fundi\u00e7\u00e3o de bronze etc. Somos uma fundi\u00e7\u00e3o de fundi\u00e7\u00e3o de bronze e fazemos fundi\u00e7\u00e3o de bronze na \u00cdndia, somos um fornecedor l\u00edder de fundi\u00e7\u00e3o de bronze. Oferecemos graus como fundi\u00e7\u00e3o de bronze de alum\u00ednio, CDA 855, CDA 856, CDA 833, CDA 836, CDA 844, graus de bronze., Fundi\u00e7\u00e3o de bronze etc.\",\"breadcrumb\":{\"@id\":\"https:\\\/\\\/conexmetals.com\\\/pt-br\\\/produto\\\/fundicoes-de-bronze\\\/#breadcrumb\"},\"inLanguage\":\"pt-BR\",\"potentialAction\":[{\"@type\":\"ReadAction\",\"target\":[\"https:\\\/\\\/conexmetals.com\\\/pt-br\\\/produto\\\/fundicoes-de-bronze\\\/\"]}]},{\"@type\":\"ImageObject\",\"inLanguage\":\"pt-BR\",\"@id\":\"https:\\\/\\\/conexmetals.com\\\/pt-br\\\/produto\\\/fundicoes-de-bronze\\\/#primaryimage\",\"url\":\"https:\\\/\\\/conexmetals.com\\\/wp-content\\\/uploads\\\/2023\\\/08\\\/Bronze-Castings.webp\",\"contentUrl\":\"https:\\\/\\\/conexmetals.com\\\/wp-content\\\/uploads\\\/2023\\\/08\\\/Bronze-Castings.webp\",\"width\":512,\"height\":512,\"caption\":\"Bronze Castings\"},{\"@type\":\"BreadcrumbList\",\"@id\":\"https:\\\/\\\/conexmetals.com\\\/pt-br\\\/produto\\\/fundicoes-de-bronze\\\/#breadcrumb\",\"itemListElement\":[{\"@type\":\"ListItem\",\"position\":1,\"name\":\"Home\",\"item\":\"https:\\\/\\\/conexmetals.com\\\/pt-br\\\/lar\\\/\"},{\"@type\":\"ListItem\",\"position\":2,\"name\":\"Products\",\"item\":\"https:\\\/\\\/conexmetals.com\\\/products\\\/\"},{\"@type\":\"ListItem\",\"position\":3,\"name\":\"Fundi\u00e7\u00f5es de bronze\"}]},{\"@type\":\"WebSite\",\"@id\":\"https:\\\/\\\/conexmetals.com\\\/pt-br\\\/#website\",\"url\":\"https:\\\/\\\/conexmetals.com\\\/pt-br\\\/\",\"name\":\"Conex Metals Brass Fittings Brass Parts Copper Parts Brass Components Brass Plumbing Fittings India\",\"description\":\"Manufacturer of Bronze Fittings casting Copper Brass parts components\",\"publisher\":{\"@id\":\"https:\\\/\\\/conexmetals.com\\\/pt-br\\\/#organization\"},\"potentialAction\":[{\"@type\":\"SearchAction\",\"target\":{\"@type\":\"EntryPoint\",\"urlTemplate\":\"https:\\\/\\\/conexmetals.com\\\/pt-br\\\/?s={search_term_string}\"},\"query-input\":{\"@type\":\"PropertyValueSpecification\",\"valueRequired\":true,\"valueName\":\"search_term_string\"}}],\"inLanguage\":\"pt-BR\"},{\"@type\":\"Organization\",\"@id\":\"https:\\\/\\\/conexmetals.com\\\/pt-br\\\/#organization\",\"name\":\"Conex Metals Brass Fittings Brass Parts Copper Parts Brass Components Brass Plumbing Fittings India\",\"url\":\"https:\\\/\\\/conexmetals.com\\\/pt-br\\\/\",\"logo\":{\"@type\":\"ImageObject\",\"inLanguage\":\"pt-BR\",\"@id\":\"https:\\\/\\\/conexmetals.com\\\/pt-br\\\/#\\\/schema\\\/logo\\\/image\\\/\",\"url\":\"https:\\\/\\\/conexmetals.com\\\/wp-content\\\/uploads\\\/2024\\\/03\\\/conex-metals-logo.webp\",\"contentUrl\":\"https:\\\/\\\/conexmetals.com\\\/wp-content\\\/uploads\\\/2024\\\/03\\\/conex-metals-logo.webp\",\"width\":300,\"height\":121,\"caption\":\"Conex Metals Brass Fittings Brass Parts Copper Parts Brass Components Brass Plumbing Fittings India\"},\"image\":{\"@id\":\"https:\\\/\\\/conexmetals.com\\\/pt-br\\\/#\\\/schema\\\/logo\\\/image\\\/\"},\"sameAs\":[\"https:\\\/\\\/www.facebook.com\\\/conexbrass\",\"https:\\\/\\\/x.com\\\/conexindia\",\"https:\\\/\\\/www.linkedin.com\\\/company\\\/conex-metals-india\\\/\",\"https:\\\/\\\/www.instagram.com\\\/conexindia\\\/\"]}]}<\/script>\n<!-- \/ Yoast SEO plugin. -->","yoast_head_json":{"title":"Fundi\u00e7\u00e3o de bronze Fundi\u00e7\u00e3o de bronze de alum\u00ednio da \u00cdndia.","description":"A Conex \u00e9 uma fabricante e exportadora indiana de fundi\u00e7\u00e3o de bronze, fundi\u00e7\u00e3o de bronze etc. Somos uma fundi\u00e7\u00e3o de fundi\u00e7\u00e3o de bronze e fazemos fundi\u00e7\u00e3o de bronze na \u00cdndia, somos um fornecedor l\u00edder de fundi\u00e7\u00e3o de bronze. Oferecemos graus como fundi\u00e7\u00e3o de bronze de alum\u00ednio, CDA 855, CDA 856, CDA 833, CDA 836, CDA 844, graus de bronze., Fundi\u00e7\u00e3o de bronze etc.","robots":{"index":"index","follow":"follow","max-snippet":"max-snippet:-1","max-image-preview":"max-image-preview:large","max-video-preview":"max-video-preview:-1"},"canonical":"https:\/\/conexmetals.com\/pt-br\/produto\/fundicoes-de-bronze\/","schema":{"@context":"https:\/\/schema.org","@graph":[{"@type":"WebPage","@id":"https:\/\/conexmetals.com\/pt-br\/produto\/fundicoes-de-bronze\/","url":"https:\/\/conexmetals.com\/pt-br\/produto\/fundicoes-de-bronze\/","name":"Fundi\u00e7\u00e3o de bronze Fundi\u00e7\u00e3o de bronze de alum\u00ednio da \u00cdndia.","isPartOf":{"@id":"https:\/\/conexmetals.com\/pt-br\/#website"},"primaryImageOfPage":{"@id":"https:\/\/conexmetals.com\/pt-br\/produto\/fundicoes-de-bronze\/#primaryimage"},"image":{"@id":"https:\/\/conexmetals.com\/pt-br\/produto\/fundicoes-de-bronze\/#primaryimage"},"thumbnailUrl":"https:\/\/conexmetals.com\/wp-content\/uploads\/2023\/08\/Bronze-Castings.webp","datePublished":"2023-08-16T02:43:51+00:00","description":"A Conex \u00e9 uma fabricante e exportadora indiana de fundi\u00e7\u00e3o de bronze, fundi\u00e7\u00e3o de bronze etc. Somos uma fundi\u00e7\u00e3o de fundi\u00e7\u00e3o de bronze e fazemos fundi\u00e7\u00e3o de bronze na \u00cdndia, somos um fornecedor l\u00edder de fundi\u00e7\u00e3o de bronze. Oferecemos graus como fundi\u00e7\u00e3o de bronze de alum\u00ednio, CDA 855, CDA 856, CDA 833, CDA 836, CDA 844, graus de bronze., Fundi\u00e7\u00e3o de bronze etc.","breadcrumb":{"@id":"https:\/\/conexmetals.com\/pt-br\/produto\/fundicoes-de-bronze\/#breadcrumb"},"inLanguage":"pt-BR","potentialAction":[{"@type":"ReadAction","target":["https:\/\/conexmetals.com\/pt-br\/produto\/fundicoes-de-bronze\/"]}]},{"@type":"ImageObject","inLanguage":"pt-BR","@id":"https:\/\/conexmetals.com\/pt-br\/produto\/fundicoes-de-bronze\/#primaryimage","url":"https:\/\/conexmetals.com\/wp-content\/uploads\/2023\/08\/Bronze-Castings.webp","contentUrl":"https:\/\/conexmetals.com\/wp-content\/uploads\/2023\/08\/Bronze-Castings.webp","width":512,"height":512,"caption":"Bronze Castings"},{"@type":"BreadcrumbList","@id":"https:\/\/conexmetals.com\/pt-br\/produto\/fundicoes-de-bronze\/#breadcrumb","itemListElement":[{"@type":"ListItem","position":1,"name":"Home","item":"https:\/\/conexmetals.com\/pt-br\/lar\/"},{"@type":"ListItem","position":2,"name":"Products","item":"https:\/\/conexmetals.com\/products\/"},{"@type":"ListItem","position":3,"name":"Fundi\u00e7\u00f5es de bronze"}]},{"@type":"WebSite","@id":"https:\/\/conexmetals.com\/pt-br\/#website","url":"https:\/\/conexmetals.com\/pt-br\/","name":"Conex Metals Brass Fittings Brass Parts Copper Parts Brass Components Brass Plumbing Fittings India","description":"Manufacturer of Bronze Fittings casting Copper Brass parts components","publisher":{"@id":"https:\/\/conexmetals.com\/pt-br\/#organization"},"potentialAction":[{"@type":"SearchAction","target":{"@type":"EntryPoint","urlTemplate":"https:\/\/conexmetals.com\/pt-br\/?s={search_term_string}"},"query-input":{"@type":"PropertyValueSpecification","valueRequired":true,"valueName":"search_term_string"}}],"inLanguage":"pt-BR"},{"@type":"Organization","@id":"https:\/\/conexmetals.com\/pt-br\/#organization","name":"Conex Metals Brass Fittings Brass Parts Copper Parts Brass Components Brass Plumbing Fittings India","url":"https:\/\/conexmetals.com\/pt-br\/","logo":{"@type":"ImageObject","inLanguage":"pt-BR","@id":"https:\/\/conexmetals.com\/pt-br\/#\/schema\/logo\/image\/","url":"https:\/\/conexmetals.com\/wp-content\/uploads\/2024\/03\/conex-metals-logo.webp","contentUrl":"https:\/\/conexmetals.com\/wp-content\/uploads\/2024\/03\/conex-metals-logo.webp","width":300,"height":121,"caption":"Conex Metals Brass Fittings Brass Parts Copper Parts Brass Components Brass Plumbing Fittings India"},"image":{"@id":"https:\/\/conexmetals.com\/pt-br\/#\/schema\/logo\/image\/"},"sameAs":["https:\/\/www.facebook.com\/conexbrass","https:\/\/x.com\/conexindia","https:\/\/www.linkedin.com\/company\/conex-metals-india\/","https:\/\/www.instagram.com\/conexindia\/"]}]}},"_links":{"self":[{"href":"https:\/\/conexmetals.com\/pt-br\/wp-json\/wp\/v2\/product\/11052","targetHints":{"allow":["GET"]}}],"collection":[{"href":"https:\/\/conexmetals.com\/pt-br\/wp-json\/wp\/v2\/product"}],"about":[{"href":"https:\/\/conexmetals.com\/pt-br\/wp-json\/wp\/v2\/types\/product"}],"wp:featuredmedia":[{"embeddable":true,"href":"https:\/\/conexmetals.com\/pt-br\/wp-json\/wp\/v2\/media\/14154"}],"wp:attachment":[{"href":"https:\/\/conexmetals.com\/pt-br\/wp-json\/wp\/v2\/media?parent=11052"}],"wp:term":[{"taxonomy":"product_brand","embeddable":true,"href":"https:\/\/conexmetals.com\/pt-br\/wp-json\/wp\/v2\/product_brand?post=11052"},{"taxonomy":"product_cat","embeddable":true,"href":"https:\/\/conexmetals.com\/pt-br\/wp-json\/wp\/v2\/product_cat?post=11052"},{"taxonomy":"product_tag","embeddable":true,"href":"https:\/\/conexmetals.com\/pt-br\/wp-json\/wp\/v2\/product_tag?post=11052"}],"curies":[{"name":"wp","href":"https:\/\/api.w.org\/{rel}","templated":true}]}}