{"id":11169,"date":"2023-08-16T11:50:50","date_gmt":"2023-08-16T06:20:50","guid":{"rendered":"https:\/\/conexmetals.com\/?post_type=product&#038;p=11169"},"modified":"2024-10-17T17:49:16","modified_gmt":"2024-10-17T12:19:16","slug":"barras-neutras-de-aluminio","status":"publish","type":"product","link":"https:\/\/conexmetals.com\/pt-br\/produto\/barras-neutras-de-aluminio\/","title":{"rendered":"Barras Neutras de Alum\u00ednio"},"content":{"rendered":"","protected":false},"excerpt":{"rendered":"<div class=\"elementor-element elementor-element-672075d elementor-widget__width-initial e-transform elementor-widget-mobile__width-initial elementor-widget elementor-widget-woocommerce-product-images\" data-id=\"672075d\" data-element_type=\"widget\" data-settings=\"{&quot;_transform_scale_effect&quot;:{&quot;unit&quot;:&quot;px&quot;,&quot;size&quot;:1,&quot;sizes&quot;:[]},&quot;_transform_scale_effect_tablet&quot;:{&quot;unit&quot;:&quot;px&quot;,&quot;size&quot;:&quot;&quot;,&quot;sizes&quot;:[]},&quot;_transform_scale_effect_mobile&quot;:{&quot;unit&quot;:&quot;px&quot;,&quot;size&quot;:&quot;&quot;,&quot;sizes&quot;:[]}}\" data-widget_type=\"woocommerce-product-images.default\">\n<div class=\"elementor-widget-container\">\n<div class=\"woocommerce-product-gallery woocommerce-product-gallery--with-images woocommerce-product-gallery--columns-4 images\" data-columns=\"4\">\n<div class=\"woocommerce-product-gallery__wrapper\">\n<div class=\"woocommerce-product-gallery__image\" data-thumb=\"https:\/\/conexmetals.com\/wp-content\/uploads\/2023\/08\/Aluminum-Neutral-Bars-100x100.png\" data-thumb-alt=\"Aluminum Neutral Bars\" data-thumb-srcset=\"https:\/\/conexmetals.com\/wp-content\/uploads\/2023\/08\/Aluminum-Neutral-Bars-100x100.png 100w, https:\/\/conexmetals.com\/wp-content\/uploads\/2023\/08\/Aluminum-Neutral-Bars-300x296.png 300w, https:\/\/conexmetals.com\/wp-content\/uploads\/2023\/08\/Aluminum-Neutral-Bars-150x150.png 150w\"><\/div>\n<\/div>\n<\/div>\n<\/div>\n<\/div>\n<div class=\"elementor-element elementor-element-36d2ab8 elementor-widget elementor-widget-woocommerce-product-short-description\" data-id=\"36d2ab8\" data-element_type=\"widget\" data-widget_type=\"woocommerce-product-short-description.default\">\n<div class=\"elementor-widget-container\">\n<div class=\"woocommerce-product-details__short-description\">\n<table id=\"tablepress-366\" class=\"tablepress tablepress-id-366\">\n<caption>\u00a0<\/caption>\n<thead>\n<tr class=\"row-1 odd\">\n<th class=\"column-1\" colspan=\"7\"><strong><span>Blocos de aterramento<\/span><\/strong><\/th>\n<\/tr>\n<\/thead>\n<tbody class=\"row-hover\">\n<tr class=\"row-2 even\">\n<td class=\"column-1\" rowspan=\"2\"><strong><span>Total de furos<\/span><\/strong><\/td>\n<td class=\"column-2\" rowspan=\"2\"><strong><span>Grande.<\/span><\/strong><\/td>\n<td class=\"column-3\" rowspan=\"2\"><strong><span>Largura.<\/span><\/strong><\/td>\n<td class=\"column-4\" rowspan=\"2\"><strong><span>Obrigado.<\/span><\/strong><\/td>\n<td class=\"column-5\" colspan=\"2\"><strong><span>Buraco<\/span><\/strong><\/td>\n<td class=\"column-7\" rowspan=\"2\"><strong><span>Para Wire Ga.<\/span><\/strong><\/td>\n<\/tr>\n<tr class=\"row-3 odd\">\n<td class=\"column-5\"><strong><span>Padr\u00e3o<\/span><\/strong><\/td>\n<td class=\"column-6\"><strong><span>Tamanho da rosca<\/span><\/strong><\/td>\n<\/tr>\n<tr class=\"row-4 even\">\n<td class=\"column-1\"><span>2<\/span><\/td>\n<td class=\"column-2\"><span>1 7\/8&#8243;<\/span><\/td>\n<td class=\"column-3\"><span>3\/8&#8243;<\/span><\/td>\n<td class=\"column-4\"><span>1\/2&#8243;<\/span><\/td>\n<td class=\"column-5\"><span>Linear<\/span><\/td>\n<td class=\"column-6\"><span>1\/4&#8243;-20<\/span><\/td>\n<td class=\"column-7\"><span>14 a 6<\/span><\/td>\n<\/tr>\n<tr class=\"row-5 odd\">\n<td class=\"column-1\"><span>3<\/span><\/td>\n<td class=\"column-2\"><span>2 1\/4&#8243;<\/span><\/td>\n<td class=\"column-3\"><span>3\/8&#8243;<\/span><\/td>\n<td class=\"column-4\"><span>1\/2&#8243;<\/span><\/td>\n<td class=\"column-5\"><span>Linear<\/span><\/td>\n<td class=\"column-6\"><span>1\/4&#8243;-20<\/span><\/td>\n<td class=\"column-7\"><span>14 a 6<\/span><\/td>\n<\/tr>\n<tr class=\"row-6 even\">\n<td class=\"column-1\"><span>6<\/span><\/td>\n<td class=\"column-2\"><span>3 5\/8&#8243;<\/span><\/td>\n<td class=\"column-3\"><span>3\/8&#8243;<\/span><\/td>\n<td class=\"column-4\"><span>1\/2&#8243;<\/span><\/td>\n<td class=\"column-5\"><span>Linear<\/span><\/td>\n<td class=\"column-6\"><span>1\/4&#8243;-20<\/span><\/td>\n<td class=\"column-7\"><span>14 a 6<\/span><\/td>\n<\/tr>\n<tr class=\"row-7 odd\">\n<td class=\"column-1\"><span>7<\/span><\/td>\n<td class=\"column-2\"><span>4 1\/8&#8243;<\/span><\/td>\n<td class=\"column-3\"><span>3\/8&#8243;<\/span><\/td>\n<td class=\"column-4\"><span>1\/2&#8243;<\/span><\/td>\n<td class=\"column-5\"><span>Linear<\/span><\/td>\n<td class=\"column-6\"><span>1\/4&#8243;-20<\/span><\/td>\n<td class=\"column-7\"><span>14 a 6<\/span><\/td>\n<\/tr>\n<tr class=\"row-8 even\">\n<td class=\"column-1\"><span>9<\/span><\/td>\n<td class=\"column-2\"><span>5&#8243;<\/span><\/td>\n<td class=\"column-3\"><span>3\/8&#8243;<\/span><\/td>\n<td class=\"column-4\"><span>1\/2&#8243;<\/span><\/td>\n<td class=\"column-5\"><span>Linear<\/span><\/td>\n<td class=\"column-6\"><span>1\/4&#8243;-20<\/span><\/td>\n<td class=\"column-7\"><span>14 a 6<\/span><\/td>\n<\/tr>\n<tr class=\"row-9 odd\">\n<td class=\"column-1\"><span>12<\/span><\/td>\n<td class=\"column-2\"><span>5 3\/4&#8243;<\/span><\/td>\n<td class=\"column-3\"><span>1\/2&#8243;<\/span><\/td>\n<td class=\"column-4\"><span>1\/2&#8243;<\/span><\/td>\n<td class=\"column-5\"><span>Linear<\/span><\/td>\n<td class=\"column-6\"><span>1\/4&#8243;-28<\/span><\/td>\n<td class=\"column-7\"><span>14 a 6<\/span><\/td>\n<\/tr>\n<tr class=\"row-10 even\">\n<td class=\"column-1\"><span>12<\/span><\/td>\n<td class=\"column-2\"><span>6 3\/8&#8243;<\/span><\/td>\n<td class=\"column-3\"><span>3\/8&#8243;<\/span><\/td>\n<td class=\"column-4\"><span>1\/2&#8243;<\/span><\/td>\n<td class=\"column-5\"><span>Linear<\/span><\/td>\n<td class=\"column-6\"><span>1\/4&#8243;-20<\/span><\/td>\n<td class=\"column-7\"><span>14 a 6<\/span><\/td>\n<\/tr>\n<tr class=\"row-11 odd\">\n<td class=\"column-1\"><span>15<\/span><\/td>\n<td class=\"column-2\"><span>7 3\/4&#8243;<\/span><\/td>\n<td class=\"column-3\"><span>3\/8&#8243;<\/span><\/td>\n<td class=\"column-4\"><span>1\/2&#8243;<\/span><\/td>\n<td class=\"column-5\"><span>Linear<\/span><\/td>\n<td class=\"column-6\"><span>1\/4&#8243;-20<\/span><\/td>\n<td class=\"column-7\"><span>14 a 6<\/span><\/td>\n<\/tr>\n<\/tbody>\n<\/table>\n<p><span>Os elos neutros de lat\u00e3o, tamb\u00e9m conhecidos como barras neutras de lat\u00e3o ou blocos neutros de lat\u00e3o, s\u00e3o componentes el\u00e9tricos usados \u200b\u200bem quadros ou pain\u00e9is de distribui\u00e7\u00e3o el\u00e9trica para conectar e terminar v\u00e1rios condutores neutros em um ponto de jun\u00e7\u00e3o comum. Esses elos s\u00e3o feitos de lat\u00e3o, um metal conhecido por sua condutividade el\u00e9trica, resist\u00eancia \u00e0 corros\u00e3o e durabilidade.<\/span><\/p>\n<p><span>O design dos links neutros de lat\u00e3o geralmente envolve um corpo retangular ou em forma de barra com v\u00e1rios furos ou terminais, onde os condutores neutros podem ser inseridos e fixados. Esses links servem como um ponto de conex\u00e3o central para os condutores neutros vindos de diferentes circuitos dentro do painel el\u00e9trico.<\/span><\/p>\n<p><span>As principais caracter\u00edsticas e vantagens dos elos neutros de lat\u00e3o incluem:<\/span><\/p>\n<ol>\n<li><strong><span>Condutividade el\u00e9trica<\/span><\/strong><span>\u00a0: O lat\u00e3o \u00e9 um excelente condutor de eletricidade, garantindo transfer\u00eancia eficiente de energia atrav\u00e9s dos condutores de liga\u00e7\u00e3o e neutro.<\/span><\/li>\n<li><strong><span>Resist\u00eancia \u00e0 corros\u00e3o<\/span><\/strong><span>\u00a0: os elos neutros de lat\u00e3o s\u00e3o projetados para serem resistentes \u00e0 corros\u00e3o, tornando-os adequados para aplica\u00e7\u00f5es internas e externas.<\/span><\/li>\n<li><strong><span>Resist\u00eancia mec\u00e2nica\/forte: Os elos neutros t\u00eam v\u00e1rios terminais ou furos para acomodar v\u00e1rios condutores neutros, permitindo organiza\u00e7\u00e3o e consolida\u00e7\u00e3o eficientes dos neutros dentro do painel.<\/span><\/strong><\/li>\n<li><strong><span>Versatilidade<\/span><\/strong><span>\u00a0: Os elos neutros de lat\u00e3o est\u00e3o dispon\u00edveis em diferentes tamanhos e configura\u00e7\u00f5es para acomodar v\u00e1rios tamanhos de pain\u00e9is e quantidades de condutores neutros.<\/span><\/li>\n<li><strong><span>F\u00e1cil instala\u00e7\u00e3o<\/span><\/strong><span>\u00a0: Os links neutros geralmente s\u00e3o f\u00e1ceis de instalar e exigem conectores el\u00e9tricos padr\u00e3o ou parafusos para termina\u00e7\u00e3o.<\/span><\/li>\n<\/ol>\n<p><span>Os elos neutros de lat\u00e3o desempenham um papel crucial em sistemas de distribui\u00e7\u00e3o el\u00e9trica, fornecendo um ponto de conex\u00e3o centralizado e organizado para condutores neutros. Eles s\u00e3o comumente usados \u200b\u200bem pain\u00e9is el\u00e9tricos e quadros de distribui\u00e7\u00e3o para aplica\u00e7\u00f5es como:<\/span><\/p>\n<ul>\n<li><span>Uni\u00e3o de condutores neutros de disjuntores ou quadros de distribui\u00e7\u00e3o.<\/span><\/li>\n<li><span>Fornecer um caminho de retorno comum para correntes neutras em sistemas el\u00e9tricos.<\/span><\/li>\n<\/ul>\n<p><span>O dimensionamento e a sele\u00e7\u00e3o adequados do elo neutro de lat\u00e3o s\u00e3o essenciais para garantir que ele possa acomodar o n\u00famero e o tamanho dos condutores neutros necess\u00e1rios para a instala\u00e7\u00e3o el\u00e9trica espec\u00edfica.<\/span><\/p>\n<p><strong><span>Material<\/span><br \/>\n<\/strong><span>Lat\u00e3o conforme BS 2874. Liga\u00e7\u00f5es Neutras Blocos Neutros Blocos Terminais e Liga\u00e7\u00f5es de Blocos Terminais<\/span><\/p>\n<p><strong><span>Acabamento<\/span><br \/>\n<\/strong><span>em lat\u00e3o natural, eletroestanhado ou niquelado<\/span><\/p>\n<p><strong><span>Tamanhos<\/span><br \/>\n<\/strong><span>conforme especifica\u00e7\u00f5es do cliente.<\/span><\/p>\n<p><strong><span>Nota:<\/span><br \/>\n<\/strong><span>Links neutros de at\u00e9 1 metro podem ser fornecidos<\/span><\/p>\n<p>&nbsp;<\/p>\n<p><strong><span>Blocos de Terra:<\/span><\/strong><\/p>\n<p><strong><span>Material<\/span><br \/>\n<\/strong><span>Diferentes qualidades de lat\u00e3o, como CZ121 etc.<\/span><\/p>\n<p><strong><span>Acabamento<\/span><br \/>\n<\/strong><span>eletroestanhado ou niquelado.<\/span><\/p>\n<p><strong><span>Tamanhos<\/span><br \/>\n<\/strong><span>Liga\u00e7\u00f5es neutras de lat\u00e3o Liga\u00e7\u00e3o neutra de lat\u00e3o Barra neutra de lat\u00e3o Barras de aterramento de lat\u00e3o Blocos neutros de lat\u00e3o Terminais de lat\u00e3o Blocos terminais de lat\u00e3o Barras neutras Terminais de 4 e 8 vias.<\/span><\/p>\n<\/div>\n<\/div>\n<\/div>\n","protected":false},"featured_media":10303,"template":"","meta":[],"product_brand":[],"product_cat":[389],"product_tag":[],"class_list":{"0":"post-11169","1":"product","2":"type-product","3":"status-publish","4":"has-post-thumbnail","6":"product_cat-acessorios-eletricos","8":"first","9":"instock","10":"shipping-taxable","11":"product-type-simple"},"yoast_head":"<!-- This site is optimized with the Yoast SEO plugin v27.3 - https:\/\/yoast.com\/product\/yoast-seo-wordpress\/ -->\n<title>Barras Neutras de Alum\u00ednio<\/title>\n<meta name=\"description\" content=\"A Conex fabrica e exporta barras neutras de alum\u00ednio de alta qualidade, incluindo barramentos neutros e de aterramento, para distribui\u00e7\u00e3o el\u00e9trica e de energia. Nossos barramentos de alum\u00ednio estanhado e isolado garantem alta condutividade, confiabilidade e gerenciamento seguro de energia.\" \/>\n<meta name=\"robots\" content=\"index, follow, max-snippet:-1, max-image-preview:large, max-video-preview:-1\" \/>\n<link rel=\"canonical\" href=\"https:\/\/conexmetals.com\/pt-br\/produto\/barras-neutras-de-aluminio\/\" \/>\n<script type=\"application\/ld+json\" class=\"yoast-schema-graph\">{\"@context\":\"https:\\\/\\\/schema.org\",\"@graph\":[{\"@type\":\"WebPage\",\"@id\":\"https:\\\/\\\/conexmetals.com\\\/pt-br\\\/produto\\\/barras-neutras-de-aluminio\\\/\",\"url\":\"https:\\\/\\\/conexmetals.com\\\/pt-br\\\/produto\\\/barras-neutras-de-aluminio\\\/\",\"name\":\"Barras Neutras de Alum\u00ednio\",\"isPartOf\":{\"@id\":\"https:\\\/\\\/conexmetals.com\\\/pt-br\\\/#website\"},\"primaryImageOfPage\":{\"@id\":\"https:\\\/\\\/conexmetals.com\\\/pt-br\\\/produto\\\/barras-neutras-de-aluminio\\\/#primaryimage\"},\"image\":{\"@id\":\"https:\\\/\\\/conexmetals.com\\\/pt-br\\\/produto\\\/barras-neutras-de-aluminio\\\/#primaryimage\"},\"thumbnailUrl\":\"https:\\\/\\\/conexmetals.com\\\/wp-content\\\/uploads\\\/2024\\\/10\\\/Barras-Neutras-de-Aluminio.png\",\"datePublished\":\"2023-08-16T06:20:50+00:00\",\"dateModified\":\"2024-10-17T12:19:16+00:00\",\"description\":\"A Conex fabrica e exporta barras neutras de alum\u00ednio de alta qualidade, incluindo barramentos neutros e de aterramento, para distribui\u00e7\u00e3o el\u00e9trica e de energia. Nossos barramentos de alum\u00ednio estanhado e isolado garantem alta condutividade, confiabilidade e gerenciamento seguro de energia.\",\"breadcrumb\":{\"@id\":\"https:\\\/\\\/conexmetals.com\\\/pt-br\\\/produto\\\/barras-neutras-de-aluminio\\\/#breadcrumb\"},\"inLanguage\":\"pt-BR\",\"potentialAction\":[{\"@type\":\"ReadAction\",\"target\":[\"https:\\\/\\\/conexmetals.com\\\/pt-br\\\/produto\\\/barras-neutras-de-aluminio\\\/\"]}]},{\"@type\":\"ImageObject\",\"inLanguage\":\"pt-BR\",\"@id\":\"https:\\\/\\\/conexmetals.com\\\/pt-br\\\/produto\\\/barras-neutras-de-aluminio\\\/#primaryimage\",\"url\":\"https:\\\/\\\/conexmetals.com\\\/wp-content\\\/uploads\\\/2024\\\/10\\\/Barras-Neutras-de-Aluminio.png\",\"contentUrl\":\"https:\\\/\\\/conexmetals.com\\\/wp-content\\\/uploads\\\/2024\\\/10\\\/Barras-Neutras-de-Aluminio.png\",\"width\":309,\"height\":296,\"caption\":\"Barras Neutras de Alum\u00ednio\"},{\"@type\":\"BreadcrumbList\",\"@id\":\"https:\\\/\\\/conexmetals.com\\\/pt-br\\\/produto\\\/barras-neutras-de-aluminio\\\/#breadcrumb\",\"itemListElement\":[{\"@type\":\"ListItem\",\"position\":1,\"name\":\"Home\",\"item\":\"https:\\\/\\\/conexmetals.com\\\/pt-br\\\/lar\\\/\"},{\"@type\":\"ListItem\",\"position\":2,\"name\":\"Products\",\"item\":\"https:\\\/\\\/conexmetals.com\\\/products\\\/\"},{\"@type\":\"ListItem\",\"position\":3,\"name\":\"Barras Neutras de Alum\u00ednio\"}]},{\"@type\":\"WebSite\",\"@id\":\"https:\\\/\\\/conexmetals.com\\\/pt-br\\\/#website\",\"url\":\"https:\\\/\\\/conexmetals.com\\\/pt-br\\\/\",\"name\":\"Conex Metals Brass Fittings Brass Parts Copper Parts Brass Components Brass Plumbing Fittings India\",\"description\":\"Manufacturer of Bronze Fittings casting Copper Brass parts components\",\"publisher\":{\"@id\":\"https:\\\/\\\/conexmetals.com\\\/pt-br\\\/#organization\"},\"potentialAction\":[{\"@type\":\"SearchAction\",\"target\":{\"@type\":\"EntryPoint\",\"urlTemplate\":\"https:\\\/\\\/conexmetals.com\\\/pt-br\\\/?s={search_term_string}\"},\"query-input\":{\"@type\":\"PropertyValueSpecification\",\"valueRequired\":true,\"valueName\":\"search_term_string\"}}],\"inLanguage\":\"pt-BR\"},{\"@type\":\"Organization\",\"@id\":\"https:\\\/\\\/conexmetals.com\\\/pt-br\\\/#organization\",\"name\":\"Conex Metals Brass Fittings Brass Parts Copper Parts Brass Components Brass Plumbing Fittings India\",\"url\":\"https:\\\/\\\/conexmetals.com\\\/pt-br\\\/\",\"logo\":{\"@type\":\"ImageObject\",\"inLanguage\":\"pt-BR\",\"@id\":\"https:\\\/\\\/conexmetals.com\\\/pt-br\\\/#\\\/schema\\\/logo\\\/image\\\/\",\"url\":\"https:\\\/\\\/conexmetals.com\\\/wp-content\\\/uploads\\\/2024\\\/03\\\/conex-metals-logo.webp\",\"contentUrl\":\"https:\\\/\\\/conexmetals.com\\\/wp-content\\\/uploads\\\/2024\\\/03\\\/conex-metals-logo.webp\",\"width\":300,\"height\":121,\"caption\":\"Conex Metals Brass Fittings Brass Parts Copper Parts Brass Components Brass Plumbing Fittings India\"},\"image\":{\"@id\":\"https:\\\/\\\/conexmetals.com\\\/pt-br\\\/#\\\/schema\\\/logo\\\/image\\\/\"},\"sameAs\":[\"https:\\\/\\\/www.facebook.com\\\/conexbrass\",\"https:\\\/\\\/x.com\\\/conexindia\",\"https:\\\/\\\/www.linkedin.com\\\/company\\\/conex-metals-india\\\/\",\"https:\\\/\\\/www.instagram.com\\\/conexindia\\\/\"]}]}<\/script>\n<!-- \/ Yoast SEO plugin. -->","yoast_head_json":{"title":"Barras Neutras de Alum\u00ednio","description":"A Conex fabrica e exporta barras neutras de alum\u00ednio de alta qualidade, incluindo barramentos neutros e de aterramento, para distribui\u00e7\u00e3o el\u00e9trica e de energia. Nossos barramentos de alum\u00ednio estanhado e isolado garantem alta condutividade, confiabilidade e gerenciamento seguro de energia.","robots":{"index":"index","follow":"follow","max-snippet":"max-snippet:-1","max-image-preview":"max-image-preview:large","max-video-preview":"max-video-preview:-1"},"canonical":"https:\/\/conexmetals.com\/pt-br\/produto\/barras-neutras-de-aluminio\/","schema":{"@context":"https:\/\/schema.org","@graph":[{"@type":"WebPage","@id":"https:\/\/conexmetals.com\/pt-br\/produto\/barras-neutras-de-aluminio\/","url":"https:\/\/conexmetals.com\/pt-br\/produto\/barras-neutras-de-aluminio\/","name":"Barras Neutras de Alum\u00ednio","isPartOf":{"@id":"https:\/\/conexmetals.com\/pt-br\/#website"},"primaryImageOfPage":{"@id":"https:\/\/conexmetals.com\/pt-br\/produto\/barras-neutras-de-aluminio\/#primaryimage"},"image":{"@id":"https:\/\/conexmetals.com\/pt-br\/produto\/barras-neutras-de-aluminio\/#primaryimage"},"thumbnailUrl":"https:\/\/conexmetals.com\/wp-content\/uploads\/2024\/10\/Barras-Neutras-de-Aluminio.png","datePublished":"2023-08-16T06:20:50+00:00","dateModified":"2024-10-17T12:19:16+00:00","description":"A Conex fabrica e exporta barras neutras de alum\u00ednio de alta qualidade, incluindo barramentos neutros e de aterramento, para distribui\u00e7\u00e3o el\u00e9trica e de energia. Nossos barramentos de alum\u00ednio estanhado e isolado garantem alta condutividade, confiabilidade e gerenciamento seguro de energia.","breadcrumb":{"@id":"https:\/\/conexmetals.com\/pt-br\/produto\/barras-neutras-de-aluminio\/#breadcrumb"},"inLanguage":"pt-BR","potentialAction":[{"@type":"ReadAction","target":["https:\/\/conexmetals.com\/pt-br\/produto\/barras-neutras-de-aluminio\/"]}]},{"@type":"ImageObject","inLanguage":"pt-BR","@id":"https:\/\/conexmetals.com\/pt-br\/produto\/barras-neutras-de-aluminio\/#primaryimage","url":"https:\/\/conexmetals.com\/wp-content\/uploads\/2024\/10\/Barras-Neutras-de-Aluminio.png","contentUrl":"https:\/\/conexmetals.com\/wp-content\/uploads\/2024\/10\/Barras-Neutras-de-Aluminio.png","width":309,"height":296,"caption":"Barras Neutras de Alum\u00ednio"},{"@type":"BreadcrumbList","@id":"https:\/\/conexmetals.com\/pt-br\/produto\/barras-neutras-de-aluminio\/#breadcrumb","itemListElement":[{"@type":"ListItem","position":1,"name":"Home","item":"https:\/\/conexmetals.com\/pt-br\/lar\/"},{"@type":"ListItem","position":2,"name":"Products","item":"https:\/\/conexmetals.com\/products\/"},{"@type":"ListItem","position":3,"name":"Barras Neutras de Alum\u00ednio"}]},{"@type":"WebSite","@id":"https:\/\/conexmetals.com\/pt-br\/#website","url":"https:\/\/conexmetals.com\/pt-br\/","name":"Conex Metals Brass Fittings Brass Parts Copper Parts Brass Components Brass Plumbing Fittings India","description":"Manufacturer of Bronze Fittings casting Copper Brass parts components","publisher":{"@id":"https:\/\/conexmetals.com\/pt-br\/#organization"},"potentialAction":[{"@type":"SearchAction","target":{"@type":"EntryPoint","urlTemplate":"https:\/\/conexmetals.com\/pt-br\/?s={search_term_string}"},"query-input":{"@type":"PropertyValueSpecification","valueRequired":true,"valueName":"search_term_string"}}],"inLanguage":"pt-BR"},{"@type":"Organization","@id":"https:\/\/conexmetals.com\/pt-br\/#organization","name":"Conex Metals Brass Fittings Brass Parts Copper Parts Brass Components Brass Plumbing Fittings India","url":"https:\/\/conexmetals.com\/pt-br\/","logo":{"@type":"ImageObject","inLanguage":"pt-BR","@id":"https:\/\/conexmetals.com\/pt-br\/#\/schema\/logo\/image\/","url":"https:\/\/conexmetals.com\/wp-content\/uploads\/2024\/03\/conex-metals-logo.webp","contentUrl":"https:\/\/conexmetals.com\/wp-content\/uploads\/2024\/03\/conex-metals-logo.webp","width":300,"height":121,"caption":"Conex Metals Brass Fittings Brass Parts Copper Parts Brass Components Brass Plumbing Fittings India"},"image":{"@id":"https:\/\/conexmetals.com\/pt-br\/#\/schema\/logo\/image\/"},"sameAs":["https:\/\/www.facebook.com\/conexbrass","https:\/\/x.com\/conexindia","https:\/\/www.linkedin.com\/company\/conex-metals-india\/","https:\/\/www.instagram.com\/conexindia\/"]}]}},"_links":{"self":[{"href":"https:\/\/conexmetals.com\/pt-br\/wp-json\/wp\/v2\/product\/11169","targetHints":{"allow":["GET"]}}],"collection":[{"href":"https:\/\/conexmetals.com\/pt-br\/wp-json\/wp\/v2\/product"}],"about":[{"href":"https:\/\/conexmetals.com\/pt-br\/wp-json\/wp\/v2\/types\/product"}],"wp:featuredmedia":[{"embeddable":true,"href":"https:\/\/conexmetals.com\/pt-br\/wp-json\/wp\/v2\/media\/10303"}],"wp:attachment":[{"href":"https:\/\/conexmetals.com\/pt-br\/wp-json\/wp\/v2\/media?parent=11169"}],"wp:term":[{"taxonomy":"product_brand","embeddable":true,"href":"https:\/\/conexmetals.com\/pt-br\/wp-json\/wp\/v2\/product_brand?post=11169"},{"taxonomy":"product_cat","embeddable":true,"href":"https:\/\/conexmetals.com\/pt-br\/wp-json\/wp\/v2\/product_cat?post=11169"},{"taxonomy":"product_tag","embeddable":true,"href":"https:\/\/conexmetals.com\/pt-br\/wp-json\/wp\/v2\/product_tag?post=11169"}],"curies":[{"name":"wp","href":"https:\/\/api.w.org\/{rel}","templated":true}]}}