{"id":11175,"date":"2023-08-16T12:06:20","date_gmt":"2023-08-16T06:36:20","guid":{"rendered":"https:\/\/conexmetals.com\/?post_type=product&#038;p=11175"},"modified":"2024-10-17T18:06:10","modified_gmt":"2024-10-17T12:36:10","slug":"terminais-mecanicos-parafusados-de-bronze","status":"publish","type":"product","link":"https:\/\/conexmetals.com\/pt-br\/produto\/terminais-mecanicos-parafusados-de-bronze\/","title":{"rendered":"Terminais Mec\u00e2nicos Parafusados de Bronze"},"content":{"rendered":"","protected":false},"excerpt":{"rendered":"<div class=\"elementor-element elementor-element-672075d elementor-widget__width-initial e-transform elementor-widget-mobile__width-initial elementor-widget elementor-widget-woocommerce-product-images\" data-id=\"672075d\" data-element_type=\"widget\" data-settings=\"{&quot;_transform_scale_effect&quot;:{&quot;unit&quot;:&quot;px&quot;,&quot;size&quot;:1,&quot;sizes&quot;:[]},&quot;_transform_scale_effect_tablet&quot;:{&quot;unit&quot;:&quot;px&quot;,&quot;size&quot;:&quot;&quot;,&quot;sizes&quot;:[]},&quot;_transform_scale_effect_mobile&quot;:{&quot;unit&quot;:&quot;px&quot;,&quot;size&quot;:&quot;&quot;,&quot;sizes&quot;:[]}}\" data-widget_type=\"woocommerce-product-images.default\">\n<div class=\"elementor-widget-container\">\n<div class=\"woocommerce-product-gallery woocommerce-product-gallery--with-images woocommerce-product-gallery--columns-4 images\" data-columns=\"4\">\n<div class=\"woocommerce-product-gallery__wrapper\">\n<div class=\"woocommerce-product-gallery__image\" data-thumb=\"https:\/\/conexmetals.com\/wp-content\/uploads\/2023\/11\/Bolted-Lugs-100x100.png\" data-thumb-alt=\"Brass Mechanical Bolted Lugs\" data-thumb-srcset=\"https:\/\/conexmetals.com\/wp-content\/uploads\/2023\/11\/Bolted-Lugs-100x100.png 100w, https:\/\/conexmetals.com\/wp-content\/uploads\/2023\/11\/Bolted-Lugs-300x300.png 300w, https:\/\/conexmetals.com\/wp-content\/uploads\/2023\/11\/Bolted-Lugs-150x150.png 150w, https:\/\/conexmetals.com\/wp-content\/uploads\/2023\/11\/Bolted-Lugs.png 350w\"><\/div>\n<\/div>\n<\/div>\n<\/div>\n<\/div>\n<div class=\"elementor-element elementor-element-36d2ab8 elementor-widget elementor-widget-woocommerce-product-short-description\" data-id=\"36d2ab8\" data-element_type=\"widget\" data-widget_type=\"woocommerce-product-short-description.default\">\n<div class=\"elementor-widget-container\">\n<div class=\"woocommerce-product-details__short-description\">\n<table id=\"tablepress-371\" class=\"tablepress tablepress-id-371\">\n<caption>\u00a0<\/caption>\n<thead>\n<tr class=\"row-1 odd\">\n<th class=\"column-1\" colspan=\"8\"><strong><span>Dimens\u00f5es (mm)<\/span><\/strong><\/th>\n<\/tr>\n<\/thead>\n<tbody class=\"row-hover\">\n<tr class=\"row-2 even\">\n<td class=\"column-1\"><strong><span>N\u00famero de s\u00e9rie.<\/span><\/strong><\/td>\n<td class=\"column-2\"><strong><span>Tamanho do condutor (mm\u00b2)<\/span><\/strong><\/td>\n<td class=\"column-3\"><strong><span>Condutor n\u00e3o flex\u00edvel<\/span><\/strong><\/td>\n<td class=\"column-4\"><strong><span>Tamanho do pino<\/span><\/strong><\/td>\n<td class=\"column-5\"><strong><span>UM<\/span><\/strong><\/td>\n<td class=\"column-6\"><strong><span>B<\/span><\/strong><\/td>\n<td class=\"column-7\"><strong><span>C<\/span><\/strong><\/td>\n<td class=\"column-8\"><strong><span>G<\/span><\/strong><\/td>\n<\/tr>\n<tr class=\"row-3 odd\">\n<td class=\"column-1\"><span>1<\/span><\/td>\n<td class=\"column-2\"><span>4-10<\/span><\/td>\n<td class=\"column-3\"><span>7\/.085, 7\/1.04, 7\/1.35<\/span><\/td>\n<td class=\"column-4\"><span>M6<\/span><\/td>\n<td class=\"column-5\"><span>34<\/span><\/td>\n<td class=\"column-6\"><span>14<\/span><\/td>\n<td class=\"column-7\"><span>5.5<\/span><\/td>\n<td class=\"column-8\"><span>17<\/span><\/td>\n<\/tr>\n<tr class=\"row-4 even\">\n<td class=\"column-1\"><span>2<\/span><\/td>\n<td class=\"column-2\"><span>16<\/span><\/td>\n<td class=\"column-3\"><span>7\/1,70<\/span><\/td>\n<td class=\"column-4\"><span>M8<\/span><\/td>\n<td class=\"column-5\"><span>44<\/span><\/td>\n<td class=\"column-6\"><span>19<\/span><\/td>\n<td class=\"column-7\"><span>5.5<\/span><\/td>\n<td class=\"column-8\"><span>23<\/span><\/td>\n<\/tr>\n<tr class=\"row-5 odd\">\n<td class=\"column-1\"><span>3<\/span><\/td>\n<td class=\"column-2\"><span>25-35<\/span><\/td>\n<td class=\"column-3\"><span>7\/2,14, 19\/1,53<\/span><\/td>\n<td class=\"column-4\"><span>M10<\/span><\/td>\n<td class=\"column-5\"><span>53<\/span><\/td>\n<td class=\"column-6\"><span>25<\/span><\/td>\n<td class=\"column-7\"><span>5.5<\/span><\/td>\n<td class=\"column-8\"><span>27<\/span><\/td>\n<\/tr>\n<tr class=\"row-6 even\">\n<td class=\"column-1\"><span>4<\/span><\/td>\n<td class=\"column-2\"><span>25-35<\/span><\/td>\n<td class=\"column-3\"><span>7\/2,14, 19\/1,53<\/span><\/td>\n<td class=\"column-4\"><span>M12<\/span><\/td>\n<td class=\"column-5\"><span>53<\/span><\/td>\n<td class=\"column-6\"><span>25<\/span><\/td>\n<td class=\"column-7\"><span>5.5<\/span><\/td>\n<td class=\"column-8\"><span>27<\/span><\/td>\n<\/tr>\n<tr class=\"row-7 odd\">\n<td class=\"column-1\"><span>5<\/span><\/td>\n<td class=\"column-2\"><span>50-70<\/span><\/td>\n<td class=\"column-3\"><span>19\/1,78, 19\/2,14<\/span><\/td>\n<td class=\"column-4\"><span>M12<\/span><\/td>\n<td class=\"column-5\"><span>60<\/span><\/td>\n<td class=\"column-6\"><span>32<\/span><\/td>\n<td class=\"column-7\"><span>6.4<\/span><\/td>\n<td class=\"column-8\"><span>34<\/span><\/td>\n<\/tr>\n<tr class=\"row-8 even\">\n<td class=\"column-1\"><span>6<\/span><\/td>\n<td class=\"column-2\"><span>95<\/span><\/td>\n<td class=\"column-3\"><span>37\/1,78<\/span><\/td>\n<td class=\"column-4\"><span>M12<\/span><\/td>\n<td class=\"column-5\"><span>65<\/span><\/td>\n<td class=\"column-6\"><span>32<\/span><\/td>\n<td class=\"column-7\"><span>7.9<\/span><\/td>\n<td class=\"column-8\"><span>38<\/span><\/td>\n<\/tr>\n<tr class=\"row-9 odd\">\n<td class=\"column-1\"><span>7<\/span><\/td>\n<td class=\"column-2\"><span>150-185<\/span><\/td>\n<td class=\"column-3\"><span>37\/2,25, 37\/2,52<\/span><\/td>\n<td class=\"column-4\"><span>M16<\/span><\/td>\n<td class=\"column-5\"><span>76<\/span><\/td>\n<td class=\"column-6\"><span>38<\/span><\/td>\n<td class=\"column-7\"><span>8.7<\/span><\/td>\n<td class=\"column-8\"><span>45<\/span><\/td>\n<\/tr>\n<\/tbody>\n<\/table>\n<p><img fetchpriority=\"high\" decoding=\"async\" class=\"size-full wp-image-6931 alignright\" src=\"https:\/\/conexmetals.com\/wp-content\/uploads\/2023\/08\/bolted-cable-lugs.png\" alt=\"desenho de linha de terminais de cabo aparafusados\" width=\"250\" height=\"247\" srcset=\"https:\/\/conexmetals.com\/wp-content\/uploads\/2023\/08\/bolted-cable-lugs.png 250w, https:\/\/conexmetals.com\/wp-content\/uploads\/2023\/08\/bolted-cable-lugs-100x100.png 100w\" sizes=\"(max-width: 250px) 100vw, 250px\" \/><\/p>\n<p><span>Os terminais mec\u00e2nicos aparafusados \u200b\u200bde lat\u00e3o e bronze s\u00e3o conectores el\u00e9tricos usados \u200b\u200bpara estabelecer conex\u00f5es seguras e confi\u00e1veis \u200b\u200bentre condutores de cobre e equipamentos el\u00e9tricos. Esses terminais s\u00e3o comumente usados \u200b\u200bem v\u00e1rias aplica\u00e7\u00f5es el\u00e9tricas onde os condutores de cobre precisam ser terminados ou conectados a componentes como interruptores, disjuntores ou quadros de distribui\u00e7\u00e3o.<\/span><\/p>\n<p><span>A constru\u00e7\u00e3o de terminais mec\u00e2nicos aparafusados \u200b\u200bde lat\u00e3o e bronze envolve tipicamente um corpo tubular ou plano feito de lat\u00e3o, com um furo de parafuso em uma extremidade e um parafuso ou parafuso de fixa\u00e7\u00e3o na outra extremidade. O condutor de cobre \u00e9 inserido no furo do terminal, e o parafuso ou parafuso de fixa\u00e7\u00e3o \u00e9 apertado para criar uma conex\u00e3o mec\u00e2nica entre o terminal e o condutor.<\/span><\/p>\n<p><span>As principais caracter\u00edsticas e vantagens dos terminais mec\u00e2nicos aparafusados \u200b\u200bde lat\u00e3o incluem:<\/span><\/p>\n<ol>\n<li><strong><span>Condutividade el\u00e9trica<\/span><\/strong><span>\u00a0: O lat\u00e3o \u00e9 um condutor relativamente bom de eletricidade, garantindo transfer\u00eancia eficiente de energia atrav\u00e9s do terminal e do condutor.<\/span><\/li>\n<li><strong><span>Resist\u00eancia \u00e0 corros\u00e3o<\/span><\/strong><span>\u00a0: os terminais de lat\u00e3o s\u00e3o projetados para serem resistentes \u00e0 corros\u00e3o, o que os torna adequados para aplica\u00e7\u00f5es internas e externas.<\/span><\/li>\n<li><strong><span>Resist\u00eancia mec\u00e2nica<\/span><\/strong><span>\u00a0: O lat\u00e3o proporciona conex\u00f5es mec\u00e2nicas robustas, garantindo conex\u00f5es el\u00e9tricas confi\u00e1veis \u200b\u200be duradouras.<\/span><\/li>\n<li><strong><span>Versatilidade<\/span><\/strong><span>\u00a0: Os terminais mec\u00e2nicos de lat\u00e3o parafusados \u200b\u200best\u00e3o dispon\u00edveis em v\u00e1rios tamanhos e configura\u00e7\u00f5es para acomodar diferentes tamanhos e tipos de condutores.<\/span><\/li>\n<li><strong><span>Resist\u00eancia \u00e0 temperatura<\/span><\/strong><span>\u00a0: Os terminais de lat\u00e3o podem suportar altas temperaturas, tornando-os adequados para aplica\u00e7\u00f5es com temperaturas ambientes elevadas.<\/span><\/li>\n<li><strong><span>F\u00e1cil instala\u00e7\u00e3o<\/span><\/strong><span>\u00a0: Os terminais aparafusados \u200b\u200bde lat\u00e3o s\u00e3o geralmente f\u00e1ceis de instalar e exigem ferramentas manuais padr\u00e3o para conex\u00e3o.<\/span><\/li>\n<\/ol>\n<p><span>Os terminais mec\u00e2nicos aparafusados \u200b\u200bde lat\u00e3o e bronze s\u00e3o amplamente utilizados em v\u00e1rios sistemas e instala\u00e7\u00f5es el\u00e9tricas, incluindo:<\/span><\/p>\n<ul>\n<li><span>Conex\u00e3o de cabos de energia de cobre a disjuntores ou pain\u00e9is el\u00e9tricos.<\/span><\/li>\n<li><span>Uni\u00e3o de condutores de cobre em sistemas de distribui\u00e7\u00e3o de energia.<\/span><\/li>\n<li><span>Conex\u00e3o de equipamentos e dispositivos el\u00e9tricos que utilizam condutores de cobre.<\/span><\/li>\n<\/ul>\n<p>&nbsp;<\/p>\n<p><strong><span>Material: Feito de diferentes graus de lat\u00e3o e bronze, como C37700, C83600 e C84400<\/span><\/strong><\/p>\n<\/div>\n<\/div>\n<\/div>\n","protected":false},"featured_media":10166,"template":"","meta":[],"product_brand":[],"product_cat":[389],"product_tag":[],"class_list":{"0":"post-11175","1":"product","2":"type-product","3":"status-publish","4":"has-post-thumbnail","6":"product_cat-acessorios-eletricos","8":"first","9":"instock","10":"shipping-taxable","11":"product-type-simple"},"yoast_head":"<!-- This site is optimized with the Yoast SEO plugin v27.3 - https:\/\/yoast.com\/product\/yoast-seo-wordpress\/ -->\n<title>Terminais Mec\u00e2nicos Parafusados de Bronze<\/title>\n<meta name=\"description\" content=\"A Conex oferece uma ampla variedade de terminais mec\u00e2nicos de lat\u00e3o parafusados, incluindo terminais de cabo, fio e terminal. Conhecidos por sua constru\u00e7\u00e3o robusta e desempenho confi\u00e1vel, nossa linha inclui terminais de compress\u00e3o de lat\u00e3o, terminais de crimpagem, conectores de terminais, terminais de pot\u00eancia e terminais de aterramento para conex\u00f5es el\u00e9tricas seguras.\" \/>\n<meta name=\"robots\" content=\"index, follow, max-snippet:-1, max-image-preview:large, max-video-preview:-1\" \/>\n<link rel=\"canonical\" href=\"https:\/\/conexmetals.com\/pt-br\/produto\/terminais-mecanicos-parafusados-de-bronze\/\" \/>\n<script type=\"application\/ld+json\" class=\"yoast-schema-graph\">{\"@context\":\"https:\\\/\\\/schema.org\",\"@graph\":[{\"@type\":\"WebPage\",\"@id\":\"https:\\\/\\\/conexmetals.com\\\/pt-br\\\/produto\\\/terminais-mecanicos-parafusados-de-bronze\\\/\",\"url\":\"https:\\\/\\\/conexmetals.com\\\/pt-br\\\/produto\\\/terminais-mecanicos-parafusados-de-bronze\\\/\",\"name\":\"Terminais Mec\u00e2nicos Parafusados de Bronze\",\"isPartOf\":{\"@id\":\"https:\\\/\\\/conexmetals.com\\\/pt-br\\\/#website\"},\"primaryImageOfPage\":{\"@id\":\"https:\\\/\\\/conexmetals.com\\\/pt-br\\\/produto\\\/terminais-mecanicos-parafusados-de-bronze\\\/#primaryimage\"},\"image\":{\"@id\":\"https:\\\/\\\/conexmetals.com\\\/pt-br\\\/produto\\\/terminais-mecanicos-parafusados-de-bronze\\\/#primaryimage\"},\"thumbnailUrl\":\"https:\\\/\\\/conexmetals.com\\\/wp-content\\\/uploads\\\/2024\\\/12\\\/Terminais-mecanicos-parafusados-de-bronze.png\",\"datePublished\":\"2023-08-16T06:36:20+00:00\",\"dateModified\":\"2024-10-17T12:36:10+00:00\",\"description\":\"A Conex oferece uma ampla variedade de terminais mec\u00e2nicos de lat\u00e3o parafusados, incluindo terminais de cabo, fio e terminal. Conhecidos por sua constru\u00e7\u00e3o robusta e desempenho confi\u00e1vel, nossa linha inclui terminais de compress\u00e3o de lat\u00e3o, terminais de crimpagem, conectores de terminais, terminais de pot\u00eancia e terminais de aterramento para conex\u00f5es el\u00e9tricas seguras.\",\"breadcrumb\":{\"@id\":\"https:\\\/\\\/conexmetals.com\\\/pt-br\\\/produto\\\/terminais-mecanicos-parafusados-de-bronze\\\/#breadcrumb\"},\"inLanguage\":\"pt-BR\",\"potentialAction\":[{\"@type\":\"ReadAction\",\"target\":[\"https:\\\/\\\/conexmetals.com\\\/pt-br\\\/produto\\\/terminais-mecanicos-parafusados-de-bronze\\\/\"]}]},{\"@type\":\"ImageObject\",\"inLanguage\":\"pt-BR\",\"@id\":\"https:\\\/\\\/conexmetals.com\\\/pt-br\\\/produto\\\/terminais-mecanicos-parafusados-de-bronze\\\/#primaryimage\",\"url\":\"https:\\\/\\\/conexmetals.com\\\/wp-content\\\/uploads\\\/2024\\\/12\\\/Terminais-mecanicos-parafusados-de-bronze.png\",\"contentUrl\":\"https:\\\/\\\/conexmetals.com\\\/wp-content\\\/uploads\\\/2024\\\/12\\\/Terminais-mecanicos-parafusados-de-bronze.png\",\"width\":300,\"height\":300,\"caption\":\"Terminais mec\u00e2nicos parafusados de bronze\"},{\"@type\":\"BreadcrumbList\",\"@id\":\"https:\\\/\\\/conexmetals.com\\\/pt-br\\\/produto\\\/terminais-mecanicos-parafusados-de-bronze\\\/#breadcrumb\",\"itemListElement\":[{\"@type\":\"ListItem\",\"position\":1,\"name\":\"Home\",\"item\":\"https:\\\/\\\/conexmetals.com\\\/pt-br\\\/lar\\\/\"},{\"@type\":\"ListItem\",\"position\":2,\"name\":\"Products\",\"item\":\"https:\\\/\\\/conexmetals.com\\\/products\\\/\"},{\"@type\":\"ListItem\",\"position\":3,\"name\":\"Terminais Mec\u00e2nicos Parafusados de Bronze\"}]},{\"@type\":\"WebSite\",\"@id\":\"https:\\\/\\\/conexmetals.com\\\/pt-br\\\/#website\",\"url\":\"https:\\\/\\\/conexmetals.com\\\/pt-br\\\/\",\"name\":\"Conex Metals Brass Fittings Brass Parts Copper Parts Brass Components Brass Plumbing Fittings India\",\"description\":\"Manufacturer of Bronze Fittings casting Copper Brass parts components\",\"publisher\":{\"@id\":\"https:\\\/\\\/conexmetals.com\\\/pt-br\\\/#organization\"},\"potentialAction\":[{\"@type\":\"SearchAction\",\"target\":{\"@type\":\"EntryPoint\",\"urlTemplate\":\"https:\\\/\\\/conexmetals.com\\\/pt-br\\\/?s={search_term_string}\"},\"query-input\":{\"@type\":\"PropertyValueSpecification\",\"valueRequired\":true,\"valueName\":\"search_term_string\"}}],\"inLanguage\":\"pt-BR\"},{\"@type\":\"Organization\",\"@id\":\"https:\\\/\\\/conexmetals.com\\\/pt-br\\\/#organization\",\"name\":\"Conex Metals Brass Fittings Brass Parts Copper Parts Brass Components Brass Plumbing Fittings India\",\"url\":\"https:\\\/\\\/conexmetals.com\\\/pt-br\\\/\",\"logo\":{\"@type\":\"ImageObject\",\"inLanguage\":\"pt-BR\",\"@id\":\"https:\\\/\\\/conexmetals.com\\\/pt-br\\\/#\\\/schema\\\/logo\\\/image\\\/\",\"url\":\"https:\\\/\\\/conexmetals.com\\\/wp-content\\\/uploads\\\/2024\\\/03\\\/conex-metals-logo.webp\",\"contentUrl\":\"https:\\\/\\\/conexmetals.com\\\/wp-content\\\/uploads\\\/2024\\\/03\\\/conex-metals-logo.webp\",\"width\":300,\"height\":121,\"caption\":\"Conex Metals Brass Fittings Brass Parts Copper Parts Brass Components Brass Plumbing Fittings India\"},\"image\":{\"@id\":\"https:\\\/\\\/conexmetals.com\\\/pt-br\\\/#\\\/schema\\\/logo\\\/image\\\/\"},\"sameAs\":[\"https:\\\/\\\/www.facebook.com\\\/conexbrass\",\"https:\\\/\\\/x.com\\\/conexindia\",\"https:\\\/\\\/www.linkedin.com\\\/company\\\/conex-metals-india\\\/\",\"https:\\\/\\\/www.instagram.com\\\/conexindia\\\/\"]}]}<\/script>\n<!-- \/ Yoast SEO plugin. -->","yoast_head_json":{"title":"Terminais Mec\u00e2nicos Parafusados de Bronze","description":"A Conex oferece uma ampla variedade de terminais mec\u00e2nicos de lat\u00e3o parafusados, incluindo terminais de cabo, fio e terminal. Conhecidos por sua constru\u00e7\u00e3o robusta e desempenho confi\u00e1vel, nossa linha inclui terminais de compress\u00e3o de lat\u00e3o, terminais de crimpagem, conectores de terminais, terminais de pot\u00eancia e terminais de aterramento para conex\u00f5es el\u00e9tricas seguras.","robots":{"index":"index","follow":"follow","max-snippet":"max-snippet:-1","max-image-preview":"max-image-preview:large","max-video-preview":"max-video-preview:-1"},"canonical":"https:\/\/conexmetals.com\/pt-br\/produto\/terminais-mecanicos-parafusados-de-bronze\/","schema":{"@context":"https:\/\/schema.org","@graph":[{"@type":"WebPage","@id":"https:\/\/conexmetals.com\/pt-br\/produto\/terminais-mecanicos-parafusados-de-bronze\/","url":"https:\/\/conexmetals.com\/pt-br\/produto\/terminais-mecanicos-parafusados-de-bronze\/","name":"Terminais Mec\u00e2nicos Parafusados de Bronze","isPartOf":{"@id":"https:\/\/conexmetals.com\/pt-br\/#website"},"primaryImageOfPage":{"@id":"https:\/\/conexmetals.com\/pt-br\/produto\/terminais-mecanicos-parafusados-de-bronze\/#primaryimage"},"image":{"@id":"https:\/\/conexmetals.com\/pt-br\/produto\/terminais-mecanicos-parafusados-de-bronze\/#primaryimage"},"thumbnailUrl":"https:\/\/conexmetals.com\/wp-content\/uploads\/2024\/12\/Terminais-mecanicos-parafusados-de-bronze.png","datePublished":"2023-08-16T06:36:20+00:00","dateModified":"2024-10-17T12:36:10+00:00","description":"A Conex oferece uma ampla variedade de terminais mec\u00e2nicos de lat\u00e3o parafusados, incluindo terminais de cabo, fio e terminal. Conhecidos por sua constru\u00e7\u00e3o robusta e desempenho confi\u00e1vel, nossa linha inclui terminais de compress\u00e3o de lat\u00e3o, terminais de crimpagem, conectores de terminais, terminais de pot\u00eancia e terminais de aterramento para conex\u00f5es el\u00e9tricas seguras.","breadcrumb":{"@id":"https:\/\/conexmetals.com\/pt-br\/produto\/terminais-mecanicos-parafusados-de-bronze\/#breadcrumb"},"inLanguage":"pt-BR","potentialAction":[{"@type":"ReadAction","target":["https:\/\/conexmetals.com\/pt-br\/produto\/terminais-mecanicos-parafusados-de-bronze\/"]}]},{"@type":"ImageObject","inLanguage":"pt-BR","@id":"https:\/\/conexmetals.com\/pt-br\/produto\/terminais-mecanicos-parafusados-de-bronze\/#primaryimage","url":"https:\/\/conexmetals.com\/wp-content\/uploads\/2024\/12\/Terminais-mecanicos-parafusados-de-bronze.png","contentUrl":"https:\/\/conexmetals.com\/wp-content\/uploads\/2024\/12\/Terminais-mecanicos-parafusados-de-bronze.png","width":300,"height":300,"caption":"Terminais mec\u00e2nicos parafusados de bronze"},{"@type":"BreadcrumbList","@id":"https:\/\/conexmetals.com\/pt-br\/produto\/terminais-mecanicos-parafusados-de-bronze\/#breadcrumb","itemListElement":[{"@type":"ListItem","position":1,"name":"Home","item":"https:\/\/conexmetals.com\/pt-br\/lar\/"},{"@type":"ListItem","position":2,"name":"Products","item":"https:\/\/conexmetals.com\/products\/"},{"@type":"ListItem","position":3,"name":"Terminais Mec\u00e2nicos Parafusados de Bronze"}]},{"@type":"WebSite","@id":"https:\/\/conexmetals.com\/pt-br\/#website","url":"https:\/\/conexmetals.com\/pt-br\/","name":"Conex Metals Brass Fittings Brass Parts Copper Parts Brass Components Brass Plumbing Fittings India","description":"Manufacturer of Bronze Fittings casting Copper Brass parts components","publisher":{"@id":"https:\/\/conexmetals.com\/pt-br\/#organization"},"potentialAction":[{"@type":"SearchAction","target":{"@type":"EntryPoint","urlTemplate":"https:\/\/conexmetals.com\/pt-br\/?s={search_term_string}"},"query-input":{"@type":"PropertyValueSpecification","valueRequired":true,"valueName":"search_term_string"}}],"inLanguage":"pt-BR"},{"@type":"Organization","@id":"https:\/\/conexmetals.com\/pt-br\/#organization","name":"Conex Metals Brass Fittings Brass Parts Copper Parts Brass Components Brass Plumbing Fittings India","url":"https:\/\/conexmetals.com\/pt-br\/","logo":{"@type":"ImageObject","inLanguage":"pt-BR","@id":"https:\/\/conexmetals.com\/pt-br\/#\/schema\/logo\/image\/","url":"https:\/\/conexmetals.com\/wp-content\/uploads\/2024\/03\/conex-metals-logo.webp","contentUrl":"https:\/\/conexmetals.com\/wp-content\/uploads\/2024\/03\/conex-metals-logo.webp","width":300,"height":121,"caption":"Conex Metals Brass Fittings Brass Parts Copper Parts Brass Components Brass Plumbing Fittings India"},"image":{"@id":"https:\/\/conexmetals.com\/pt-br\/#\/schema\/logo\/image\/"},"sameAs":["https:\/\/www.facebook.com\/conexbrass","https:\/\/x.com\/conexindia","https:\/\/www.linkedin.com\/company\/conex-metals-india\/","https:\/\/www.instagram.com\/conexindia\/"]}]}},"_links":{"self":[{"href":"https:\/\/conexmetals.com\/pt-br\/wp-json\/wp\/v2\/product\/11175","targetHints":{"allow":["GET"]}}],"collection":[{"href":"https:\/\/conexmetals.com\/pt-br\/wp-json\/wp\/v2\/product"}],"about":[{"href":"https:\/\/conexmetals.com\/pt-br\/wp-json\/wp\/v2\/types\/product"}],"wp:featuredmedia":[{"embeddable":true,"href":"https:\/\/conexmetals.com\/pt-br\/wp-json\/wp\/v2\/media\/10166"}],"wp:attachment":[{"href":"https:\/\/conexmetals.com\/pt-br\/wp-json\/wp\/v2\/media?parent=11175"}],"wp:term":[{"taxonomy":"product_brand","embeddable":true,"href":"https:\/\/conexmetals.com\/pt-br\/wp-json\/wp\/v2\/product_brand?post=11175"},{"taxonomy":"product_cat","embeddable":true,"href":"https:\/\/conexmetals.com\/pt-br\/wp-json\/wp\/v2\/product_cat?post=11175"},{"taxonomy":"product_tag","embeddable":true,"href":"https:\/\/conexmetals.com\/pt-br\/wp-json\/wp\/v2\/product_tag?post=11175"}],"curies":[{"name":"wp","href":"https:\/\/api.w.org\/{rel}","templated":true}]}}