{"id":11179,"date":"2023-08-16T12:16:51","date_gmt":"2023-08-16T06:46:51","guid":{"rendered":"https:\/\/conexmetals.com\/?post_type=product&#038;p=11179"},"modified":"2024-10-17T18:23:50","modified_gmt":"2024-10-17T12:53:50","slug":"parafusos-de-divisao-de-latao","status":"publish","type":"product","link":"https:\/\/conexmetals.com\/pt-br\/produto\/parafusos-de-divisao-de-latao\/","title":{"rendered":"Parafusos de Divis\u00e3o de Lat\u00e3o"},"content":{"rendered":"","protected":false},"excerpt":{"rendered":"<div class=\"elementor-element elementor-element-672075d elementor-widget__width-initial e-transform elementor-widget-mobile__width-initial elementor-widget elementor-widget-woocommerce-product-images\" data-id=\"672075d\" data-element_type=\"widget\" data-settings=\"{&quot;_transform_scale_effect&quot;:{&quot;unit&quot;:&quot;px&quot;,&quot;size&quot;:1,&quot;sizes&quot;:[]},&quot;_transform_scale_effect_tablet&quot;:{&quot;unit&quot;:&quot;px&quot;,&quot;size&quot;:&quot;&quot;,&quot;sizes&quot;:[]},&quot;_transform_scale_effect_mobile&quot;:{&quot;unit&quot;:&quot;px&quot;,&quot;size&quot;:&quot;&quot;,&quot;sizes&quot;:[]}}\" data-widget_type=\"woocommerce-product-images.default\">\n<div class=\"elementor-widget-container\">\n<div class=\"woocommerce-product-gallery woocommerce-product-gallery--with-images woocommerce-product-gallery--columns-4 images\" data-columns=\"4\">\n<div class=\"woocommerce-product-gallery__wrapper\">\n<div class=\"woocommerce-product-gallery__image\" data-thumb=\"https:\/\/conexmetals.com\/wp-content\/uploads\/2023\/08\/Line-Taps-or-Split-Bolt-Connectors-1-100x100.png\" data-thumb-alt=\"Brass Split Bolts\" data-thumb-srcset=\"https:\/\/conexmetals.com\/wp-content\/uploads\/2023\/08\/Line-Taps-or-Split-Bolt-Connectors-1-100x100.png 100w, https:\/\/conexmetals.com\/wp-content\/uploads\/2023\/08\/Line-Taps-or-Split-Bolt-Connectors-1-300x300.png 300w, https:\/\/conexmetals.com\/wp-content\/uploads\/2023\/08\/Line-Taps-or-Split-Bolt-Connectors-1-150x150.png 150w, https:\/\/conexmetals.com\/wp-content\/uploads\/2023\/08\/Line-Taps-or-Split-Bolt-Connectors-1.png 350w\"><\/div>\n<\/div>\n<\/div>\n<\/div>\n<\/div>\n<div class=\"elementor-element elementor-element-36d2ab8 elementor-widget elementor-widget-woocommerce-product-short-description\" data-id=\"36d2ab8\" data-element_type=\"widget\" data-widget_type=\"woocommerce-product-short-description.default\">\n<div class=\"elementor-widget-container\">\n<div class=\"woocommerce-product-details__short-description\">\n<p>&nbsp;<\/p>\n<table id=\"tablepress-367\" class=\"tablepress tablepress-id-367\">\n<caption>\u00a0<\/caption>\n<thead>\n<tr class=\"row-1 odd\">\n<th class=\"column-1\" colspan=\"5\"><span>Parafusos de lat\u00e3o divididos<\/span><\/th>\n<\/tr>\n<\/thead>\n<tbody class=\"row-hover\">\n<tr class=\"row-2 even\">\n<td class=\"column-1\"><strong><span>Condutor principal A mm\u00a0<\/span><sup><span>2<\/span><\/sup><\/strong><\/td>\n<td class=\"column-2\"><strong><span>Condutor superior B mm\u00a0<\/span><sup><span>2<\/span><\/sup><\/strong><\/td>\n<td class=\"column-3\"><strong><span>Hum<\/span><\/strong><\/td>\n<td class=\"column-4\"><strong><span>L mm<\/span><\/strong><\/td>\n<td class=\"column-5\"><strong><span>Peso unit\u00e1rio Kg<\/span><\/strong><\/td>\n<\/tr>\n<tr class=\"row-3 odd\">\n<td class=\"column-1\"><span>10<\/span><\/td>\n<td class=\"column-2\"><span>1,5-10<\/span><\/td>\n<td class=\"column-3\"><span>20<\/span><\/td>\n<td class=\"column-4\"><span>4.1<\/span><\/td>\n<td class=\"column-5\"><span>0,02<\/span><\/td>\n<\/tr>\n<tr class=\"row-4 even\">\n<td class=\"column-1\"><span>16<\/span><\/td>\n<td class=\"column-2\"><span>2,5-16<\/span><\/td>\n<td class=\"column-3\"><span>23<\/span><\/td>\n<td class=\"column-4\"><span>5.3<\/span><\/td>\n<td class=\"column-5\"><span>0,03<\/span><\/td>\n<\/tr>\n<tr class=\"row-5 odd\">\n<td class=\"column-1\"><span>25<\/span><\/td>\n<td class=\"column-2\"><span>2,5-25<\/span><\/td>\n<td class=\"column-3\"><span>28<\/span><\/td>\n<td class=\"column-4\"><span>6.8<\/span><\/td>\n<td class=\"column-5\"><span>0,04<\/span><\/td>\n<\/tr>\n<tr class=\"row-6 even\">\n<td class=\"column-1\"><span>35<\/span><\/td>\n<td class=\"column-2\"><span>2,5-35<\/span><\/td>\n<td class=\"column-3\"><span>29<\/span><\/td>\n<td class=\"column-4\"><span>7.9<\/span><\/td>\n<td class=\"column-5\"><span>0,05<\/span><\/td>\n<\/tr>\n<tr class=\"row-7 odd\">\n<td class=\"column-1\"><span>50<\/span><\/td>\n<td class=\"column-2\"><span>2,5-50<\/span><\/td>\n<td class=\"column-3\"><span>35<\/span><\/td>\n<td class=\"column-4\"><span>9,5<\/span><\/td>\n<td class=\"column-5\"><span>0,08<\/span><\/td>\n<\/tr>\n<tr class=\"row-8 even\">\n<td class=\"column-1\"><span>70<\/span><\/td>\n<td class=\"column-2\"><span>2,5-70<\/span><\/td>\n<td class=\"column-3\"><span>39<\/span><\/td>\n<td class=\"column-4\"><span>10.7<\/span><\/td>\n<td class=\"column-5\"><span>0,12<\/span><\/td>\n<\/tr>\n<tr class=\"row-9 odd\">\n<td class=\"column-1\"><span>95<\/span><\/td>\n<td class=\"column-2\"><span>2,5-95<\/span><\/td>\n<td class=\"column-3\"><span>45<\/span><\/td>\n<td class=\"column-4\"><span>13,5<\/span><\/td>\n<td class=\"column-5\"><span>0,15<\/span><\/td>\n<\/tr>\n<tr class=\"row-10 even\">\n<td class=\"column-1\"><span>120<\/span><\/td>\n<td class=\"column-2\"><span>10-120<\/span><\/td>\n<td class=\"column-3\"><span>47<\/span><\/td>\n<td class=\"column-4\"><span>14.7<\/span><\/td>\n<td class=\"column-5\"><span>0,18<\/span><\/td>\n<\/tr>\n<tr class=\"row-11 odd\">\n<td class=\"column-1\"><span>150<\/span><\/td>\n<td class=\"column-2\"><span>10-150<\/span><\/td>\n<td class=\"column-3\"><span>51<\/span><\/td>\n<td class=\"column-4\"><span>16.2<\/span><\/td>\n<td class=\"column-5\"><span>0,23<\/span><\/td>\n<\/tr>\n<tr class=\"row-12 even\">\n<td class=\"column-1\"><span>185<\/span><\/td>\n<td class=\"column-2\"><span>50-185<\/span><\/td>\n<td class=\"column-3\"><span>57<\/span><\/td>\n<td class=\"column-4\"><span>17.8<\/span><\/td>\n<td class=\"column-5\"><span>0,35<\/span><\/td>\n<\/tr>\n<tr class=\"row-13 odd\">\n<td class=\"column-1\"><span>240<\/span><\/td>\n<td class=\"column-2\"><span>95-240<\/span><\/td>\n<td class=\"column-3\"><span>64<\/span><\/td>\n<td class=\"column-4\"><span>19<\/span><\/td>\n<td class=\"column-5\"><span>0,46<\/span><\/td>\n<\/tr>\n<tr class=\"row-14 even\">\n<td class=\"column-1\" colspan=\"5\"><span>Material: Bronze<\/span><\/td>\n<\/tr>\n<\/tbody>\n<\/table>\n<p><img fetchpriority=\"high\" decoding=\"async\" class=\"alignnone wp-image-6923 size-full\" src=\"https:\/\/conexmetals.com\/wp-content\/uploads\/2023\/08\/Split-Bolt-Connectors.jpg\" alt=\"Desenho de linha de conectores de parafuso dividido\" width=\"714\" height=\"300\" srcset=\"https:\/\/conexmetals.com\/wp-content\/uploads\/2023\/08\/Split-Bolt-Connectors.jpg 714w, https:\/\/conexmetals.com\/wp-content\/uploads\/2023\/08\/Split-Bolt-Connectors-300x126.jpg 300w, https:\/\/conexmetals.com\/wp-content\/uploads\/2023\/08\/Split-Bolt-Connectors-700x294.jpg 700w\" sizes=\"(max-width: 714px) 100vw, 714px\" \/>&nbsp;<\/p>\n<p>&nbsp;<\/p>\n<p><span>Parafusos de lat\u00e3o bipartidos, tamb\u00e9m conhecidos como Brass line taps ou conectores de parafuso bipartido, s\u00e3o conectores el\u00e9tricos especializados usados \u200b\u200bpara unir ou emendar dois ou mais condutores el\u00e9tricos. Esses conectores s\u00e3o comumente usados \u200b\u200bem aplica\u00e7\u00f5es onde uma conex\u00e3o el\u00e9trica confi\u00e1vel e segura \u00e9 necess\u00e1ria.<\/span><\/p>\n<p><span>O design dos parafusos bipartidos de lat\u00e3o geralmente consiste em um corpo cil\u00edndrico com uma divis\u00e3o ao longo de seu comprimento. Eles tamb\u00e9m t\u00eam um furo roscado central onde os condutores s\u00e3o inseridos e um parafuso ou parafuso de fixa\u00e7\u00e3o para apertar e prender a conex\u00e3o.<\/span><\/p>\n<p><span>Veja como funcionam os parafusos de lat\u00e3o bipartidos:<\/span><\/p>\n<ol>\n<li><strong><span>Inser\u00e7\u00e3o de Condutores<\/span><\/strong><span>\u00a0: Os condutores a serem conectados s\u00e3o colocados na abertura central do parafuso bipartido. A divis\u00e3o no parafuso permite que os condutores sejam facilmente inseridos sem ter que pass\u00e1-los por eles.<\/span><\/li>\n<li><strong><span>Aperto<\/span><\/strong><span>\u00a0: Uma vez que os condutores s\u00e3o inseridos, o parafuso ou parafuso de fixa\u00e7\u00e3o \u00e9 apertado. Conforme o parafuso \u00e9 apertado, ele comprime as laterais do parafuso dividido, prendendo os condutores firmemente no lugar.<\/span><\/li>\n<\/ol>\n<p>&nbsp;<\/p>\n<p><strong><span>Parafusos de lat\u00e3o bipartidos s\u00e3o comumente usados \u200b\u200bem diversas aplica\u00e7\u00f5es el\u00e9tricas, incluindo:<\/span><\/strong><\/p>\n<ul>\n<li><span>Uni\u00e3o ou emenda de fios el\u00e9tricos a\u00e9reos em sistemas de distribui\u00e7\u00e3o de energia e servi\u00e7os p\u00fablicos.<\/span><\/li>\n<li><span>Conex\u00e3o de fios e cabos de aterramento el\u00e9trico.<\/span><\/li>\n<li><span>Emenda de condutores em pain\u00e9is el\u00e9tricos ou caixas de jun\u00e7\u00e3o.<\/span><\/li>\n<li><span>Conex\u00e3o de condutores de aterramento a equipamentos ou estruturas.<\/span><\/li>\n<\/ul>\n<p>&nbsp;<\/p>\n<p><strong><span>As vantagens de usar parafusos de lat\u00e3o bipartidos incluem:<\/span><\/strong><\/p>\n<ol>\n<li><strong><span>Condutividade el\u00e9trica<\/span><\/strong><span>\u00a0: O lat\u00e3o \u00e9 um bom condutor de eletricidade, garantindo transfer\u00eancia eficiente de energia atrav\u00e9s do conector.<\/span><\/li>\n<li><strong><span>Resist\u00eancia \u00e0 corros\u00e3o<\/span><\/strong><span>\u00a0: Os parafusos de lat\u00e3o bipartidos s\u00e3o resistentes \u00e0 corros\u00e3o, o que os torna adequados para ambientes externos e adversos.<\/span><\/li>\n<li><strong><span>Resist\u00eancia mec\u00e2nica\/forte&gt;: O lat\u00e3o proporciona conex\u00f5es resistentes e confi\u00e1veis, garantindo desempenho duradouro.<\/span><\/strong><\/li>\n<li><strong><span>Versatilidade<\/span><\/strong><span>\u00a0: Os parafusos de lat\u00e3o est\u00e3o dispon\u00edveis em v\u00e1rios tamanhos para acomodar diferentes tamanhos de condutores.<\/span><\/li>\n<li><strong><span>F\u00e1cil instala\u00e7\u00e3o<\/span><\/strong><span>\u00a0: os parafusos divididos s\u00e3o f\u00e1ceis de instalar e n\u00e3o requerem ferramentas especiais para conex\u00e3o.<\/span><\/li>\n<\/ol>\n<p><span>Como em qualquer conex\u00e3o el\u00e9trica, \u00e9 crucial garantir que o tamanho e o tipo apropriados de parafuso bipartido de lat\u00e3o sejam usados \u200b\u200bcom base no tamanho do condutor e nos requisitos espec\u00edficos da aplica\u00e7\u00e3o.<\/span><\/p>\n<p><span>A CONEX fabrica uma vasta gama de conectores de parafusos bipartidos para atender \u00e0s especifica\u00e7\u00f5es de material e dimens\u00f5es estabelecidas por diferentes normas internacionais.<\/span><\/p>\n<ul>\n<li><span>Os parafusos bipartidos para machos de lat\u00e3o s\u00e3o feitos de lat\u00e3o de alta resist\u00eancia, conforme a norma BS 2874 -CZ 112. As roscas s\u00e3o formadas por processo de lamina\u00e7\u00e3o, o que confere \u00e0 porca for\u00e7a de fixa\u00e7\u00e3o extra.<\/span><\/li>\n<li><span>As almofadas de press\u00e3o s\u00e3o feitas de barras extrudadas (N\u00c3O FUNDIDAS), evitando que elas rachem.<\/span><\/li>\n<li><span>Torneiras de linha de cobre e lat\u00e3o Parafusos bipartidos Os conectores bipartidos s\u00e3o em lat\u00e3o natural e acabamento eletroestanhado.<\/span><\/li>\n<li><span>Conectores de parafuso bipartido de lat\u00e3o, torneiras de linha, parafusos bipartidos. Tamb\u00e9m fornecidos em cobre de alta condutividade.<\/span><\/li>\n<\/ul>\n<table id=\"tablepress-229\" class=\"tablepress tablepress-id-229\">\n<caption>\u00a0<\/caption>\n<thead>\n<tr class=\"row-1 odd\">\n<th class=\"column-1\" colspan=\"3\"><strong><span>Parafusos de lat\u00e3o divididos<\/span><\/strong><\/th>\n<\/tr>\n<\/thead>\n<tbody class=\"row-hover\">\n<tr class=\"row-2 even\">\n<td class=\"column-1\"><strong><span>Condutor mm 2<\/span><\/strong><\/td>\n<td class=\"column-2\"><strong><span>C mm<\/span><\/strong><\/td>\n<td class=\"column-3\"><strong><span>C\u00f3digo do produto n\u00ba.<\/span><\/strong><\/td>\n<\/tr>\n<tr class=\"row-3 odd\">\n<td class=\"column-1\"><span>10<\/span><\/td>\n<td class=\"column-2\"><span>4.5<\/span><\/td>\n<td class=\"column-3\"><span>SBC-10<\/span><\/td>\n<\/tr>\n<tr class=\"row-4 even\">\n<td class=\"column-1\"><span>16<\/span><\/td>\n<td class=\"column-2\"><span>6<\/span><\/td>\n<td class=\"column-3\"><span>SBC-16<\/span><\/td>\n<\/tr>\n<tr class=\"row-5 odd\">\n<td class=\"column-1\"><span>25<\/span><\/td>\n<td class=\"column-2\"><span>6.9<\/span><\/td>\n<td class=\"column-3\"><span>SBC-25<\/span><\/td>\n<\/tr>\n<tr class=\"row-6 even\">\n<td class=\"column-1\"><span>32-35<\/span><\/td>\n<td class=\"column-2\"><span>8.1<\/span><\/td>\n<td class=\"column-3\"><span>SBC-32<\/span><\/td>\n<\/tr>\n<tr class=\"row-7 odd\">\n<td class=\"column-1\"><span>50<\/span><\/td>\n<td class=\"column-2\"><span>9.7<\/span><\/td>\n<td class=\"column-3\"><span>SBC-50<\/span><\/td>\n<\/tr>\n<tr class=\"row-8 even\">\n<td class=\"column-1\"><span>70<\/span><\/td>\n<td class=\"column-2\"><span>11.2<\/span><\/td>\n<td class=\"column-3\"><span>SBC-70<\/span><\/td>\n<\/tr>\n<tr class=\"row-9 odd\">\n<td class=\"column-1\"><span>95<\/span><\/td>\n<td class=\"column-2\"><span>13.6<\/span><\/td>\n<td class=\"column-3\"><span>SBC-95<\/span><\/td>\n<\/tr>\n<tr class=\"row-10 even\">\n<td class=\"column-1\"><span>100<\/span><\/td>\n<td class=\"column-2\"><span>14<\/span><\/td>\n<td class=\"column-3\"><span>SBC-100<\/span><\/td>\n<\/tr>\n<tr class=\"row-11 odd\">\n<td class=\"column-1\"><span>120<\/span><\/td>\n<td class=\"column-2\"><span>15<\/span><\/td>\n<td class=\"column-3\"><span>SBC-120<\/span><\/td>\n<\/tr>\n<tr class=\"row-12 even\">\n<td class=\"column-1\"><span>150<\/span><\/td>\n<td class=\"column-2\"><span>16.6<\/span><\/td>\n<td class=\"column-3\"><span>SBC-150<\/span><\/td>\n<\/tr>\n<tr class=\"row-13 odd\">\n<td class=\"column-1\"><span>185<\/span><\/td>\n<td class=\"column-2\"><span>18.2<\/span><\/td>\n<td class=\"column-3\"><span>SBC-185<\/span><\/td>\n<\/tr>\n<tr class=\"row-14 even\">\n<td class=\"column-1\"><span>240<\/span><\/td>\n<td class=\"column-2\"><span>21.4<\/span><\/td>\n<td class=\"column-3\"><span>SBC-240<\/span><\/td>\n<\/tr>\n<tr class=\"row-15 odd\">\n<td class=\"column-1\"><span>300<\/span><\/td>\n<td class=\"column-2\"><span>23,7<\/span><\/td>\n<td class=\"column-3\"><span>SBC-300<\/span><\/td>\n<\/tr>\n<tr class=\"row-16 even\">\n<td class=\"column-1\"><span>400<\/span><\/td>\n<td class=\"column-2\"><span>26.2<\/span><\/td>\n<td class=\"column-3\"><span>SBC-400<\/span><\/td>\n<\/tr>\n<tr class=\"row-17 odd\">\n<td class=\"column-1\"><span>500<\/span><\/td>\n<td class=\"column-2\"><span>30.1<\/span><\/td>\n<td class=\"column-3\"><span>SBC-500<\/span><\/td>\n<\/tr>\n<\/tbody>\n<\/table>\n<\/div>\n<\/div>\n<\/div>\n","protected":false},"featured_media":10315,"template":"","meta":[],"product_brand":[],"product_cat":[389],"product_tag":[],"class_list":{"0":"post-11179","1":"product","2":"type-product","3":"status-publish","4":"has-post-thumbnail","6":"product_cat-acessorios-eletricos","8":"first","9":"instock","10":"shipping-taxable","11":"product-type-simple"},"yoast_head":"<!-- This site is optimized with the Yoast SEO plugin v27.3 - https:\/\/yoast.com\/product\/yoast-seo-wordpress\/ -->\n<title>Parafusos de Divis\u00e3o de Lat\u00e3o<\/title>\n<meta name=\"description\" content=\"A Conex \u00e9 um fabricante e exportador l\u00edder de parafusos e conectores de lat\u00e3o. Nossos produtos, incluindo conectores de parafuso dividido de lat\u00e3o, terminais de linha de lat\u00e3o e conectores de parafuso dividido de cobre, garantem conex\u00f5es el\u00e9tricas confi\u00e1veis e eficientes, atendendo a altos padr\u00f5es de qualidade para diversas aplica\u00e7\u00f5es industriais.\" \/>\n<meta name=\"robots\" content=\"index, follow, max-snippet:-1, max-image-preview:large, max-video-preview:-1\" \/>\n<link rel=\"canonical\" href=\"https:\/\/conexmetals.com\/pt-br\/produto\/parafusos-de-divisao-de-latao\/\" \/>\n<script type=\"application\/ld+json\" class=\"yoast-schema-graph\">{\"@context\":\"https:\\\/\\\/schema.org\",\"@graph\":[{\"@type\":\"WebPage\",\"@id\":\"https:\\\/\\\/conexmetals.com\\\/pt-br\\\/produto\\\/parafusos-de-divisao-de-latao\\\/\",\"url\":\"https:\\\/\\\/conexmetals.com\\\/pt-br\\\/produto\\\/parafusos-de-divisao-de-latao\\\/\",\"name\":\"Parafusos de Divis\u00e3o de Lat\u00e3o\",\"isPartOf\":{\"@id\":\"https:\\\/\\\/conexmetals.com\\\/pt-br\\\/#website\"},\"primaryImageOfPage\":{\"@id\":\"https:\\\/\\\/conexmetals.com\\\/pt-br\\\/produto\\\/parafusos-de-divisao-de-latao\\\/#primaryimage\"},\"image\":{\"@id\":\"https:\\\/\\\/conexmetals.com\\\/pt-br\\\/produto\\\/parafusos-de-divisao-de-latao\\\/#primaryimage\"},\"thumbnailUrl\":\"https:\\\/\\\/conexmetals.com\\\/wp-content\\\/uploads\\\/2024\\\/10\\\/Parafusos-de-Divisao-de-Latao.png\",\"datePublished\":\"2023-08-16T06:46:51+00:00\",\"dateModified\":\"2024-10-17T12:53:50+00:00\",\"description\":\"A Conex \u00e9 um fabricante e exportador l\u00edder de parafusos e conectores de lat\u00e3o. Nossos produtos, incluindo conectores de parafuso dividido de lat\u00e3o, terminais de linha de lat\u00e3o e conectores de parafuso dividido de cobre, garantem conex\u00f5es el\u00e9tricas confi\u00e1veis e eficientes, atendendo a altos padr\u00f5es de qualidade para diversas aplica\u00e7\u00f5es industriais.\",\"breadcrumb\":{\"@id\":\"https:\\\/\\\/conexmetals.com\\\/pt-br\\\/produto\\\/parafusos-de-divisao-de-latao\\\/#breadcrumb\"},\"inLanguage\":\"pt-BR\",\"potentialAction\":[{\"@type\":\"ReadAction\",\"target\":[\"https:\\\/\\\/conexmetals.com\\\/pt-br\\\/produto\\\/parafusos-de-divisao-de-latao\\\/\"]}]},{\"@type\":\"ImageObject\",\"inLanguage\":\"pt-BR\",\"@id\":\"https:\\\/\\\/conexmetals.com\\\/pt-br\\\/produto\\\/parafusos-de-divisao-de-latao\\\/#primaryimage\",\"url\":\"https:\\\/\\\/conexmetals.com\\\/wp-content\\\/uploads\\\/2024\\\/10\\\/Parafusos-de-Divisao-de-Latao.png\",\"contentUrl\":\"https:\\\/\\\/conexmetals.com\\\/wp-content\\\/uploads\\\/2024\\\/10\\\/Parafusos-de-Divisao-de-Latao.png\",\"width\":350,\"height\":350,\"caption\":\"Parafusos de Divis\u00e3o de Lat\u00e3o\"},{\"@type\":\"BreadcrumbList\",\"@id\":\"https:\\\/\\\/conexmetals.com\\\/pt-br\\\/produto\\\/parafusos-de-divisao-de-latao\\\/#breadcrumb\",\"itemListElement\":[{\"@type\":\"ListItem\",\"position\":1,\"name\":\"Home\",\"item\":\"https:\\\/\\\/conexmetals.com\\\/pt-br\\\/lar\\\/\"},{\"@type\":\"ListItem\",\"position\":2,\"name\":\"Products\",\"item\":\"https:\\\/\\\/conexmetals.com\\\/products\\\/\"},{\"@type\":\"ListItem\",\"position\":3,\"name\":\"Parafusos de Divis\u00e3o de Lat\u00e3o\"}]},{\"@type\":\"WebSite\",\"@id\":\"https:\\\/\\\/conexmetals.com\\\/pt-br\\\/#website\",\"url\":\"https:\\\/\\\/conexmetals.com\\\/pt-br\\\/\",\"name\":\"Conex Metals Brass Fittings Brass Parts Copper Parts Brass Components Brass Plumbing Fittings India\",\"description\":\"Manufacturer of Bronze Fittings casting Copper Brass parts components\",\"publisher\":{\"@id\":\"https:\\\/\\\/conexmetals.com\\\/pt-br\\\/#organization\"},\"potentialAction\":[{\"@type\":\"SearchAction\",\"target\":{\"@type\":\"EntryPoint\",\"urlTemplate\":\"https:\\\/\\\/conexmetals.com\\\/pt-br\\\/?s={search_term_string}\"},\"query-input\":{\"@type\":\"PropertyValueSpecification\",\"valueRequired\":true,\"valueName\":\"search_term_string\"}}],\"inLanguage\":\"pt-BR\"},{\"@type\":\"Organization\",\"@id\":\"https:\\\/\\\/conexmetals.com\\\/pt-br\\\/#organization\",\"name\":\"Conex Metals Brass Fittings Brass Parts Copper Parts Brass Components Brass Plumbing Fittings India\",\"url\":\"https:\\\/\\\/conexmetals.com\\\/pt-br\\\/\",\"logo\":{\"@type\":\"ImageObject\",\"inLanguage\":\"pt-BR\",\"@id\":\"https:\\\/\\\/conexmetals.com\\\/pt-br\\\/#\\\/schema\\\/logo\\\/image\\\/\",\"url\":\"https:\\\/\\\/conexmetals.com\\\/wp-content\\\/uploads\\\/2024\\\/03\\\/conex-metals-logo.webp\",\"contentUrl\":\"https:\\\/\\\/conexmetals.com\\\/wp-content\\\/uploads\\\/2024\\\/03\\\/conex-metals-logo.webp\",\"width\":300,\"height\":121,\"caption\":\"Conex Metals Brass Fittings Brass Parts Copper Parts Brass Components Brass Plumbing Fittings India\"},\"image\":{\"@id\":\"https:\\\/\\\/conexmetals.com\\\/pt-br\\\/#\\\/schema\\\/logo\\\/image\\\/\"},\"sameAs\":[\"https:\\\/\\\/www.facebook.com\\\/conexbrass\",\"https:\\\/\\\/x.com\\\/conexindia\",\"https:\\\/\\\/www.linkedin.com\\\/company\\\/conex-metals-india\\\/\",\"https:\\\/\\\/www.instagram.com\\\/conexindia\\\/\"]}]}<\/script>\n<!-- \/ Yoast SEO plugin. -->","yoast_head_json":{"title":"Parafusos de Divis\u00e3o de Lat\u00e3o","description":"A Conex \u00e9 um fabricante e exportador l\u00edder de parafusos e conectores de lat\u00e3o. Nossos produtos, incluindo conectores de parafuso dividido de lat\u00e3o, terminais de linha de lat\u00e3o e conectores de parafuso dividido de cobre, garantem conex\u00f5es el\u00e9tricas confi\u00e1veis e eficientes, atendendo a altos padr\u00f5es de qualidade para diversas aplica\u00e7\u00f5es industriais.","robots":{"index":"index","follow":"follow","max-snippet":"max-snippet:-1","max-image-preview":"max-image-preview:large","max-video-preview":"max-video-preview:-1"},"canonical":"https:\/\/conexmetals.com\/pt-br\/produto\/parafusos-de-divisao-de-latao\/","schema":{"@context":"https:\/\/schema.org","@graph":[{"@type":"WebPage","@id":"https:\/\/conexmetals.com\/pt-br\/produto\/parafusos-de-divisao-de-latao\/","url":"https:\/\/conexmetals.com\/pt-br\/produto\/parafusos-de-divisao-de-latao\/","name":"Parafusos de Divis\u00e3o de Lat\u00e3o","isPartOf":{"@id":"https:\/\/conexmetals.com\/pt-br\/#website"},"primaryImageOfPage":{"@id":"https:\/\/conexmetals.com\/pt-br\/produto\/parafusos-de-divisao-de-latao\/#primaryimage"},"image":{"@id":"https:\/\/conexmetals.com\/pt-br\/produto\/parafusos-de-divisao-de-latao\/#primaryimage"},"thumbnailUrl":"https:\/\/conexmetals.com\/wp-content\/uploads\/2024\/10\/Parafusos-de-Divisao-de-Latao.png","datePublished":"2023-08-16T06:46:51+00:00","dateModified":"2024-10-17T12:53:50+00:00","description":"A Conex \u00e9 um fabricante e exportador l\u00edder de parafusos e conectores de lat\u00e3o. Nossos produtos, incluindo conectores de parafuso dividido de lat\u00e3o, terminais de linha de lat\u00e3o e conectores de parafuso dividido de cobre, garantem conex\u00f5es el\u00e9tricas confi\u00e1veis e eficientes, atendendo a altos padr\u00f5es de qualidade para diversas aplica\u00e7\u00f5es industriais.","breadcrumb":{"@id":"https:\/\/conexmetals.com\/pt-br\/produto\/parafusos-de-divisao-de-latao\/#breadcrumb"},"inLanguage":"pt-BR","potentialAction":[{"@type":"ReadAction","target":["https:\/\/conexmetals.com\/pt-br\/produto\/parafusos-de-divisao-de-latao\/"]}]},{"@type":"ImageObject","inLanguage":"pt-BR","@id":"https:\/\/conexmetals.com\/pt-br\/produto\/parafusos-de-divisao-de-latao\/#primaryimage","url":"https:\/\/conexmetals.com\/wp-content\/uploads\/2024\/10\/Parafusos-de-Divisao-de-Latao.png","contentUrl":"https:\/\/conexmetals.com\/wp-content\/uploads\/2024\/10\/Parafusos-de-Divisao-de-Latao.png","width":350,"height":350,"caption":"Parafusos de Divis\u00e3o de Lat\u00e3o"},{"@type":"BreadcrumbList","@id":"https:\/\/conexmetals.com\/pt-br\/produto\/parafusos-de-divisao-de-latao\/#breadcrumb","itemListElement":[{"@type":"ListItem","position":1,"name":"Home","item":"https:\/\/conexmetals.com\/pt-br\/lar\/"},{"@type":"ListItem","position":2,"name":"Products","item":"https:\/\/conexmetals.com\/products\/"},{"@type":"ListItem","position":3,"name":"Parafusos de Divis\u00e3o de Lat\u00e3o"}]},{"@type":"WebSite","@id":"https:\/\/conexmetals.com\/pt-br\/#website","url":"https:\/\/conexmetals.com\/pt-br\/","name":"Conex Metals Brass Fittings Brass Parts Copper Parts Brass Components Brass Plumbing Fittings India","description":"Manufacturer of Bronze Fittings casting Copper Brass parts components","publisher":{"@id":"https:\/\/conexmetals.com\/pt-br\/#organization"},"potentialAction":[{"@type":"SearchAction","target":{"@type":"EntryPoint","urlTemplate":"https:\/\/conexmetals.com\/pt-br\/?s={search_term_string}"},"query-input":{"@type":"PropertyValueSpecification","valueRequired":true,"valueName":"search_term_string"}}],"inLanguage":"pt-BR"},{"@type":"Organization","@id":"https:\/\/conexmetals.com\/pt-br\/#organization","name":"Conex Metals Brass Fittings Brass Parts Copper Parts Brass Components Brass Plumbing Fittings India","url":"https:\/\/conexmetals.com\/pt-br\/","logo":{"@type":"ImageObject","inLanguage":"pt-BR","@id":"https:\/\/conexmetals.com\/pt-br\/#\/schema\/logo\/image\/","url":"https:\/\/conexmetals.com\/wp-content\/uploads\/2024\/03\/conex-metals-logo.webp","contentUrl":"https:\/\/conexmetals.com\/wp-content\/uploads\/2024\/03\/conex-metals-logo.webp","width":300,"height":121,"caption":"Conex Metals Brass Fittings Brass Parts Copper Parts Brass Components Brass Plumbing Fittings India"},"image":{"@id":"https:\/\/conexmetals.com\/pt-br\/#\/schema\/logo\/image\/"},"sameAs":["https:\/\/www.facebook.com\/conexbrass","https:\/\/x.com\/conexindia","https:\/\/www.linkedin.com\/company\/conex-metals-india\/","https:\/\/www.instagram.com\/conexindia\/"]}]}},"_links":{"self":[{"href":"https:\/\/conexmetals.com\/pt-br\/wp-json\/wp\/v2\/product\/11179","targetHints":{"allow":["GET"]}}],"collection":[{"href":"https:\/\/conexmetals.com\/pt-br\/wp-json\/wp\/v2\/product"}],"about":[{"href":"https:\/\/conexmetals.com\/pt-br\/wp-json\/wp\/v2\/types\/product"}],"wp:featuredmedia":[{"embeddable":true,"href":"https:\/\/conexmetals.com\/pt-br\/wp-json\/wp\/v2\/media\/10315"}],"wp:attachment":[{"href":"https:\/\/conexmetals.com\/pt-br\/wp-json\/wp\/v2\/media?parent=11179"}],"wp:term":[{"taxonomy":"product_brand","embeddable":true,"href":"https:\/\/conexmetals.com\/pt-br\/wp-json\/wp\/v2\/product_brand?post=11179"},{"taxonomy":"product_cat","embeddable":true,"href":"https:\/\/conexmetals.com\/pt-br\/wp-json\/wp\/v2\/product_cat?post=11179"},{"taxonomy":"product_tag","embeddable":true,"href":"https:\/\/conexmetals.com\/pt-br\/wp-json\/wp\/v2\/product_tag?post=11179"}],"curies":[{"name":"wp","href":"https:\/\/api.w.org\/{rel}","templated":true}]}}