{"id":11212,"date":"2023-08-16T13:52:38","date_gmt":"2023-08-16T08:22:38","guid":{"rendered":"https:\/\/conexmetals.com\/?post_type=product&#038;p=11212"},"modified":"2024-10-18T12:01:37","modified_gmt":"2024-10-18T06:31:37","slug":"grampos-de-aterramento-tipo-ec-14","status":"publish","type":"product","link":"https:\/\/conexmetals.com\/pt-br\/produto\/grampos-de-aterramento-tipo-ec-14\/","title":{"rendered":"Grampos de Aterramento Tipo EC 14"},"content":{"rendered":"","protected":false},"excerpt":{"rendered":"<div class=\"elementor-element elementor-element-672075d elementor-widget__width-initial e-transform elementor-widget-mobile__width-initial elementor-widget elementor-widget-woocommerce-product-images\" data-id=\"672075d\" data-element_type=\"widget\" data-settings=\"{&quot;_transform_scale_effect&quot;:{&quot;unit&quot;:&quot;px&quot;,&quot;size&quot;:1,&quot;sizes&quot;:[]},&quot;_transform_scale_effect_tablet&quot;:{&quot;unit&quot;:&quot;px&quot;,&quot;size&quot;:&quot;&quot;,&quot;sizes&quot;:[]},&quot;_transform_scale_effect_mobile&quot;:{&quot;unit&quot;:&quot;px&quot;,&quot;size&quot;:&quot;&quot;,&quot;sizes&quot;:[]}}\" data-widget_type=\"woocommerce-product-images.default\">\n<div class=\"elementor-widget-container\">\n<div class=\"woocommerce-product-gallery woocommerce-product-gallery--with-images woocommerce-product-gallery--columns-4 images\" data-columns=\"4\">\n<div class=\"woocommerce-product-gallery__wrapper\">\n<div class=\"woocommerce-product-gallery__image\" data-thumb=\"https:\/\/conexmetals.com\/wp-content\/uploads\/2023\/11\/Earth-Clamps-Ec-14-Type-100x100.png\" data-thumb-alt=\"Earth Clamps EC 14 Type\" data-thumb-srcset=\"https:\/\/conexmetals.com\/wp-content\/uploads\/2023\/11\/Earth-Clamps-Ec-14-Type-100x100.png 100w, https:\/\/conexmetals.com\/wp-content\/uploads\/2023\/11\/Earth-Clamps-Ec-14-Type-300x300.png 300w, https:\/\/conexmetals.com\/wp-content\/uploads\/2023\/11\/Earth-Clamps-Ec-14-Type-150x150.png 150w, https:\/\/conexmetals.com\/wp-content\/uploads\/2023\/11\/Earth-Clamps-Ec-14-Type.png 350w\">\n<table id=\"tablepress-368\" class=\"tablepress tablepress-id-368\">\n<caption>\u00a0<\/caption>\n<thead>\n<tr class=\"row-1 odd\">\n<th class=\"column-1\" colspan=\"6\"><strong>EC16 para atmosfera externa, \u00famida e corrosiva (AE)<\/strong><\/th>\n<\/tr>\n<\/thead>\n<tbody class=\"row-hover\">\n<tr class=\"row-2 even\">\n<td class=\"column-1\"><strong>N\u00e3o<\/strong><\/td>\n<td class=\"column-2\"><strong>Parte No.<\/strong><\/td>\n<td class=\"column-3\"><strong>Di\u00e2metro do tubo<\/strong><\/td>\n<td class=\"column-4\"><strong>Tamanho do terminal<\/strong><\/td>\n<td class=\"column-5\"><strong>Comprimento<\/strong><\/td>\n<td class=\"column-6\"><strong>Cor da etiqueta de seguran\u00e7a<\/strong><\/td>\n<\/tr>\n<tr class=\"row-3 odd\">\n<td class=\"column-1\">1<\/td>\n<td class=\"column-2\">CE16\/1<\/td>\n<td class=\"column-3\">12-32 mil\u00edmetros<\/td>\n<td class=\"column-4\">2,5-16 mm\u00b2<\/td>\n<td class=\"column-5\">164 mil\u00edmetros<\/td>\n<td class=\"column-6\">Verde \/ Prata<\/td>\n<\/tr>\n<tr class=\"row-4 even\">\n<td class=\"column-1\">2<\/td>\n<td class=\"column-2\">CE16\/2<\/td>\n<td class=\"column-3\">32-50 mil\u00edmetros<\/td>\n<td class=\"column-4\">2,5-16 mm\u00b2<\/td>\n<td class=\"column-5\">214 mil\u00edmetros<\/td>\n<td class=\"column-6\">Verde \/ Prata<\/td>\n<\/tr>\n<tr class=\"row-5 odd\">\n<td class=\"column-1\">3<\/td>\n<td class=\"column-2\">CE16\/3<\/td>\n<td class=\"column-3\">50-75 mil\u00edmetros<\/td>\n<td class=\"column-4\">2,5-16 mm\u00b2<\/td>\n<td class=\"column-5\">285 mil\u00edmetros<\/td>\n<td class=\"column-6\">Verde \/ Prata<\/td>\n<\/tr>\n<\/tbody>\n<\/table>\n<\/div>\n<\/div>\n<\/div>\n<\/div>\n<\/div>\n<div class=\"elementor-element elementor-element-36d2ab8 elementor-widget elementor-widget-woocommerce-product-short-description\" data-id=\"36d2ab8\" data-element_type=\"widget\" data-widget_type=\"woocommerce-product-short-description.default\">\n<div class=\"elementor-widget-container\">\n<div class=\"woocommerce-product-details__short-description\">\n<p>&nbsp;<\/p>\n<table id=\"tablepress-369\" class=\"tablepress tablepress-id-369\">\n<caption>\u00a0<\/caption>\n<thead>\n<tr class=\"row-1 odd\">\n<th class=\"column-1\" colspan=\"6\"><strong>EC15 para atmosfera externa, \u00famida e corrosiva (AD)<\/strong><\/th>\n<\/tr>\n<\/thead>\n<tbody class=\"row-hover\">\n<tr class=\"row-2 even\">\n<td class=\"column-1\">N\u00e3o<\/td>\n<td class=\"column-2\">Parte No.<\/td>\n<td class=\"column-3\">Di\u00e2metro do tubo<\/td>\n<td class=\"column-4\">Tamanho do terminal<\/td>\n<td class=\"column-5\">Comprimento<\/td>\n<td class=\"column-6\">Cor da etiqueta de seguran\u00e7a<\/td>\n<\/tr>\n<tr class=\"row-3 odd\">\n<td class=\"column-1\">1<\/td>\n<td class=\"column-2\">CE15\/1<\/td>\n<td class=\"column-3\">12-32 mil\u00edmetros<\/td>\n<td class=\"column-4\">2,5-10 mm\u00b2<\/td>\n<td class=\"column-5\">164 mil\u00edmetros<\/td>\n<td class=\"column-6\">Azul \/ Prata<\/td>\n<\/tr>\n<tr class=\"row-4 even\">\n<td class=\"column-1\">2<\/td>\n<td class=\"column-2\">CE15\/2<\/td>\n<td class=\"column-3\">32-50 mil\u00edmetros<\/td>\n<td class=\"column-4\">2,5-10 mm\u00b2<\/td>\n<td class=\"column-5\">214 mil\u00edmetros<\/td>\n<td class=\"column-6\">Azul \/ Prata<\/td>\n<\/tr>\n<tr class=\"row-5 odd\">\n<td class=\"column-1\">3<\/td>\n<td class=\"column-2\">CE15\/3<\/td>\n<td class=\"column-3\">50-75 mil\u00edmetros<\/td>\n<td class=\"column-4\">2,5-10 mm\u00b2<\/td>\n<td class=\"column-5\">285 mil\u00edmetros<\/td>\n<td class=\"column-6\">Azul \/ Prata<\/td>\n<\/tr>\n<\/tbody>\n<\/table>\n<p>&nbsp;<\/p>\n<table id=\"tablepress-370\" class=\"tablepress tablepress-id-370\">\n<caption>\u00a0<\/caption>\n<thead>\n<tr class=\"row-1 odd\">\n<th class=\"column-1\" colspan=\"6\"><strong>EC14 para atmosfera interna, \u00famida e corrosiva (AD)<\/strong><\/th>\n<\/tr>\n<\/thead>\n<tbody class=\"row-hover\">\n<tr class=\"row-2 even\">\n<td class=\"column-1\"><strong>\u00a0N\u00e3o<\/strong><\/td>\n<td class=\"column-2\"><strong>Parte No.<\/strong><\/td>\n<td class=\"column-3\"><strong>Di\u00e2metro do tubo<\/strong><\/td>\n<td class=\"column-4\"><strong>Tamanho do terminal<\/strong><\/td>\n<td class=\"column-5\"><strong>Comprimento<\/strong><\/td>\n<td class=\"column-6\"><strong>Cor da etiqueta de seguran\u00e7a<\/strong><\/td>\n<\/tr>\n<tr class=\"row-3 odd\">\n<td class=\"column-1\">1<\/td>\n<td class=\"column-2\">CE14\/1<\/td>\n<td class=\"column-3\">12-32 mil\u00edmetros<\/td>\n<td class=\"column-4\">2,5-10 mm\u00b2<\/td>\n<td class=\"column-5\">164 mil\u00edmetros<\/td>\n<td class=\"column-6\">Vermelho \/ Prata<\/td>\n<\/tr>\n<tr class=\"row-4 even\">\n<td class=\"column-1\">2<\/td>\n<td class=\"column-2\">CE14\/2<\/td>\n<td class=\"column-3\">32-50 mil\u00edmetros<\/td>\n<td class=\"column-4\">2,5-10 mm\u00b2<\/td>\n<td class=\"column-5\">214 mil\u00edmetros<\/td>\n<td class=\"column-6\">Vermelho \/ Prata<\/td>\n<\/tr>\n<tr class=\"row-5 odd\">\n<td class=\"column-1\">3<\/td>\n<td class=\"column-2\">CE14\/3<\/td>\n<td class=\"column-3\">50-75 mil\u00edmetros<\/td>\n<td class=\"column-4\">2,5-10 mm\u00b2<\/td>\n<td class=\"column-5\">285 mil\u00edmetros<\/td>\n<td class=\"column-6\">Vermelho \/ Prata<\/td>\n<\/tr>\n<\/tbody>\n<\/table>\n<p>&nbsp;<\/p>\n<p>Um Earth Clamp EC 14 Type \u00e9 um tipo espec\u00edfico de grampo de aterramento el\u00e9trico usado para criar uma conex\u00e3o segura entre um condutor el\u00e9trico e um eletrodo de aterramento (aterramento). Esses grampos s\u00e3o comumente usados \u200b\u200bem sistemas de aterramento el\u00e9trico para fornecer um caminho seguro para correntes de falha flu\u00edrem para o solo, protegendo equipamentos el\u00e9tricos e garantindo a seguran\u00e7a do pessoal.<\/p>\n<p>O grampo de aterramento EC 14 Type \u00e9 projetado com recursos espec\u00edficos para facilitar a instala\u00e7\u00e3o f\u00e1cil e confi\u00e1vel. Seu design pode variar dependendo do fabricante, mas alguns recursos comuns incluem:<\/p>\n<ol>\n<li><strong>Material<\/strong>\u00a0: Grampos de aterramento s\u00e3o tipicamente feitos de materiais dur\u00e1veis \u200b\u200be resistentes \u00e0 corros\u00e3o, como lat\u00e3o, cobre ou bronze. Esses materiais s\u00e3o escolhidos por sua excelente condutividade el\u00e9trica e capacidade de suportar condi\u00e7\u00f5es ambientais externas.<\/li>\n<li><strong>Mecanismo de Fixa\u00e7\u00e3o<\/strong>\u00a0: A bra\u00e7adeira de aterramento do tipo EC 14 geralmente apresenta um mecanismo de fixa\u00e7\u00e3o do tipo parafuso ou porca. Isso permite que a bra\u00e7adeira prenda firmemente o condutor de aterramento e o eletrodo de aterramento, criando uma conex\u00e3o de baixa resist\u00eancia<\/li>\n<li><strong>Mand\u00edbulas<\/strong>\u00a0: As mand\u00edbulas de grampo s\u00e3o projetadas para acomodar v\u00e1rios tamanhos de condutores de aterramento e eletrodos de aterramento. Elas garantem uma conex\u00e3o firme e confi\u00e1vel entre o condutor e o eletrodo.<\/li>\n<li><strong>Montagem<\/strong>\u00a0: O grampo de aterramento tipo EC 14 pode ter furos ou outras disposi\u00e7\u00f5es para montagem em uma superf\u00edcie adequada ou eletrodo de aterramento.<\/li>\n<li><strong>Fixa\u00e7\u00e3o do eletrodo<\/strong>\u00a0: 5. O design do grampo de aterramento permite que ele seja fixado diretamente a um eletrodo de aterramento, como uma haste de aterramento ou placa de aterramento, proporcionando uma conex\u00e3o el\u00e9trica eficiente.<\/li>\n<\/ol>\n<p>Grampos de aterramento do tipo EC 14 s\u00e3o comumente usados \u200b\u200bem v\u00e1rias aplica\u00e7\u00f5es, incluindo sistemas de aterramento el\u00e9trico residenciais, comerciais e industriais. Eles s\u00e3o componentes essenciais para estabelecer um sistema de aterramento adequado e eficaz, o que \u00e9 crucial para a seguran\u00e7a el\u00e9trica.<\/p>\n<\/div>\n<\/div>\n<\/div>\n","protected":false},"featured_media":10191,"template":"","meta":[],"product_brand":[],"product_cat":[389],"product_tag":[],"class_list":{"0":"post-11212","1":"product","2":"type-product","3":"status-publish","4":"has-post-thumbnail","6":"product_cat-acessorios-eletricos","8":"first","9":"instock","10":"shipping-taxable","11":"product-type-simple"},"yoast_head":"<!-- This site is optimized with the Yoast SEO plugin v27.3 - https:\/\/yoast.com\/product\/yoast-seo-wordpress\/ -->\n<title>Grampos de Aterramento Tipo EC 14<\/title>\n<meta name=\"description\" content=\"Os grampos de aterramento EC 14 s\u00e3o projetados para aplica\u00e7\u00f5es de aterramento e liga\u00e7\u00e3o, fabricados de acordo com as normas BS 951:1986 (quando aplic\u00e1vel). Esses grampos possuem um r\u00f3tulo de seguran\u00e7a em conformidade com os Regulamentos IEE 15\u00aa Edi\u00e7\u00e3o. Cada grampo \u00e9 marcado para indicar os tamanhos de terminais de A a D, acomodando fios de 2,5 mm\u00b2 a 10 mm\u00b2.\" \/>\n<meta name=\"robots\" content=\"index, follow, max-snippet:-1, max-image-preview:large, max-video-preview:-1\" \/>\n<link rel=\"canonical\" href=\"https:\/\/conexmetals.com\/pt-br\/produto\/grampos-de-aterramento-tipo-ec-14\/\" \/>\n<script type=\"application\/ld+json\" class=\"yoast-schema-graph\">{\"@context\":\"https:\\\/\\\/schema.org\",\"@graph\":[{\"@type\":\"WebPage\",\"@id\":\"https:\\\/\\\/conexmetals.com\\\/pt-br\\\/produto\\\/grampos-de-aterramento-tipo-ec-14\\\/\",\"url\":\"https:\\\/\\\/conexmetals.com\\\/pt-br\\\/produto\\\/grampos-de-aterramento-tipo-ec-14\\\/\",\"name\":\"Grampos de Aterramento Tipo EC 14\",\"isPartOf\":{\"@id\":\"https:\\\/\\\/conexmetals.com\\\/pt-br\\\/#website\"},\"primaryImageOfPage\":{\"@id\":\"https:\\\/\\\/conexmetals.com\\\/pt-br\\\/produto\\\/grampos-de-aterramento-tipo-ec-14\\\/#primaryimage\"},\"image\":{\"@id\":\"https:\\\/\\\/conexmetals.com\\\/pt-br\\\/produto\\\/grampos-de-aterramento-tipo-ec-14\\\/#primaryimage\"},\"thumbnailUrl\":\"https:\\\/\\\/conexmetals.com\\\/wp-content\\\/uploads\\\/2024\\\/10\\\/Grampos-de-Aterramento-Tipo-EC-14.png\",\"datePublished\":\"2023-08-16T08:22:38+00:00\",\"dateModified\":\"2024-10-18T06:31:37+00:00\",\"description\":\"Os grampos de aterramento EC 14 s\u00e3o projetados para aplica\u00e7\u00f5es de aterramento e liga\u00e7\u00e3o, fabricados de acordo com as normas BS 951:1986 (quando aplic\u00e1vel). Esses grampos possuem um r\u00f3tulo de seguran\u00e7a em conformidade com os Regulamentos IEE 15\u00aa Edi\u00e7\u00e3o. Cada grampo \u00e9 marcado para indicar os tamanhos de terminais de A a D, acomodando fios de 2,5 mm\u00b2 a 10 mm\u00b2.\",\"breadcrumb\":{\"@id\":\"https:\\\/\\\/conexmetals.com\\\/pt-br\\\/produto\\\/grampos-de-aterramento-tipo-ec-14\\\/#breadcrumb\"},\"inLanguage\":\"pt-BR\",\"potentialAction\":[{\"@type\":\"ReadAction\",\"target\":[\"https:\\\/\\\/conexmetals.com\\\/pt-br\\\/produto\\\/grampos-de-aterramento-tipo-ec-14\\\/\"]}]},{\"@type\":\"ImageObject\",\"inLanguage\":\"pt-BR\",\"@id\":\"https:\\\/\\\/conexmetals.com\\\/pt-br\\\/produto\\\/grampos-de-aterramento-tipo-ec-14\\\/#primaryimage\",\"url\":\"https:\\\/\\\/conexmetals.com\\\/wp-content\\\/uploads\\\/2024\\\/10\\\/Grampos-de-Aterramento-Tipo-EC-14.png\",\"contentUrl\":\"https:\\\/\\\/conexmetals.com\\\/wp-content\\\/uploads\\\/2024\\\/10\\\/Grampos-de-Aterramento-Tipo-EC-14.png\",\"width\":350,\"height\":350,\"caption\":\"Grampos de Aterramento Tipo EC 14\"},{\"@type\":\"BreadcrumbList\",\"@id\":\"https:\\\/\\\/conexmetals.com\\\/pt-br\\\/produto\\\/grampos-de-aterramento-tipo-ec-14\\\/#breadcrumb\",\"itemListElement\":[{\"@type\":\"ListItem\",\"position\":1,\"name\":\"Home\",\"item\":\"https:\\\/\\\/conexmetals.com\\\/pt-br\\\/lar\\\/\"},{\"@type\":\"ListItem\",\"position\":2,\"name\":\"Products\",\"item\":\"https:\\\/\\\/conexmetals.com\\\/products\\\/\"},{\"@type\":\"ListItem\",\"position\":3,\"name\":\"Grampos de Aterramento Tipo EC 14\"}]},{\"@type\":\"WebSite\",\"@id\":\"https:\\\/\\\/conexmetals.com\\\/pt-br\\\/#website\",\"url\":\"https:\\\/\\\/conexmetals.com\\\/pt-br\\\/\",\"name\":\"Conex Metals Brass Fittings Brass Parts Copper Parts Brass Components Brass Plumbing Fittings India\",\"description\":\"Manufacturer of Bronze Fittings casting Copper Brass parts components\",\"publisher\":{\"@id\":\"https:\\\/\\\/conexmetals.com\\\/pt-br\\\/#organization\"},\"potentialAction\":[{\"@type\":\"SearchAction\",\"target\":{\"@type\":\"EntryPoint\",\"urlTemplate\":\"https:\\\/\\\/conexmetals.com\\\/pt-br\\\/?s={search_term_string}\"},\"query-input\":{\"@type\":\"PropertyValueSpecification\",\"valueRequired\":true,\"valueName\":\"search_term_string\"}}],\"inLanguage\":\"pt-BR\"},{\"@type\":\"Organization\",\"@id\":\"https:\\\/\\\/conexmetals.com\\\/pt-br\\\/#organization\",\"name\":\"Conex Metals Brass Fittings Brass Parts Copper Parts Brass Components Brass Plumbing Fittings India\",\"url\":\"https:\\\/\\\/conexmetals.com\\\/pt-br\\\/\",\"logo\":{\"@type\":\"ImageObject\",\"inLanguage\":\"pt-BR\",\"@id\":\"https:\\\/\\\/conexmetals.com\\\/pt-br\\\/#\\\/schema\\\/logo\\\/image\\\/\",\"url\":\"https:\\\/\\\/conexmetals.com\\\/wp-content\\\/uploads\\\/2024\\\/03\\\/conex-metals-logo.webp\",\"contentUrl\":\"https:\\\/\\\/conexmetals.com\\\/wp-content\\\/uploads\\\/2024\\\/03\\\/conex-metals-logo.webp\",\"width\":300,\"height\":121,\"caption\":\"Conex Metals Brass Fittings Brass Parts Copper Parts Brass Components Brass Plumbing Fittings India\"},\"image\":{\"@id\":\"https:\\\/\\\/conexmetals.com\\\/pt-br\\\/#\\\/schema\\\/logo\\\/image\\\/\"},\"sameAs\":[\"https:\\\/\\\/www.facebook.com\\\/conexbrass\",\"https:\\\/\\\/x.com\\\/conexindia\",\"https:\\\/\\\/www.linkedin.com\\\/company\\\/conex-metals-india\\\/\",\"https:\\\/\\\/www.instagram.com\\\/conexindia\\\/\"]}]}<\/script>\n<!-- \/ Yoast SEO plugin. -->","yoast_head_json":{"title":"Grampos de Aterramento Tipo EC 14","description":"Os grampos de aterramento EC 14 s\u00e3o projetados para aplica\u00e7\u00f5es de aterramento e liga\u00e7\u00e3o, fabricados de acordo com as normas BS 951:1986 (quando aplic\u00e1vel). Esses grampos possuem um r\u00f3tulo de seguran\u00e7a em conformidade com os Regulamentos IEE 15\u00aa Edi\u00e7\u00e3o. Cada grampo \u00e9 marcado para indicar os tamanhos de terminais de A a D, acomodando fios de 2,5 mm\u00b2 a 10 mm\u00b2.","robots":{"index":"index","follow":"follow","max-snippet":"max-snippet:-1","max-image-preview":"max-image-preview:large","max-video-preview":"max-video-preview:-1"},"canonical":"https:\/\/conexmetals.com\/pt-br\/produto\/grampos-de-aterramento-tipo-ec-14\/","schema":{"@context":"https:\/\/schema.org","@graph":[{"@type":"WebPage","@id":"https:\/\/conexmetals.com\/pt-br\/produto\/grampos-de-aterramento-tipo-ec-14\/","url":"https:\/\/conexmetals.com\/pt-br\/produto\/grampos-de-aterramento-tipo-ec-14\/","name":"Grampos de Aterramento Tipo EC 14","isPartOf":{"@id":"https:\/\/conexmetals.com\/pt-br\/#website"},"primaryImageOfPage":{"@id":"https:\/\/conexmetals.com\/pt-br\/produto\/grampos-de-aterramento-tipo-ec-14\/#primaryimage"},"image":{"@id":"https:\/\/conexmetals.com\/pt-br\/produto\/grampos-de-aterramento-tipo-ec-14\/#primaryimage"},"thumbnailUrl":"https:\/\/conexmetals.com\/wp-content\/uploads\/2024\/10\/Grampos-de-Aterramento-Tipo-EC-14.png","datePublished":"2023-08-16T08:22:38+00:00","dateModified":"2024-10-18T06:31:37+00:00","description":"Os grampos de aterramento EC 14 s\u00e3o projetados para aplica\u00e7\u00f5es de aterramento e liga\u00e7\u00e3o, fabricados de acordo com as normas BS 951:1986 (quando aplic\u00e1vel). Esses grampos possuem um r\u00f3tulo de seguran\u00e7a em conformidade com os Regulamentos IEE 15\u00aa Edi\u00e7\u00e3o. Cada grampo \u00e9 marcado para indicar os tamanhos de terminais de A a D, acomodando fios de 2,5 mm\u00b2 a 10 mm\u00b2.","breadcrumb":{"@id":"https:\/\/conexmetals.com\/pt-br\/produto\/grampos-de-aterramento-tipo-ec-14\/#breadcrumb"},"inLanguage":"pt-BR","potentialAction":[{"@type":"ReadAction","target":["https:\/\/conexmetals.com\/pt-br\/produto\/grampos-de-aterramento-tipo-ec-14\/"]}]},{"@type":"ImageObject","inLanguage":"pt-BR","@id":"https:\/\/conexmetals.com\/pt-br\/produto\/grampos-de-aterramento-tipo-ec-14\/#primaryimage","url":"https:\/\/conexmetals.com\/wp-content\/uploads\/2024\/10\/Grampos-de-Aterramento-Tipo-EC-14.png","contentUrl":"https:\/\/conexmetals.com\/wp-content\/uploads\/2024\/10\/Grampos-de-Aterramento-Tipo-EC-14.png","width":350,"height":350,"caption":"Grampos de Aterramento Tipo EC 14"},{"@type":"BreadcrumbList","@id":"https:\/\/conexmetals.com\/pt-br\/produto\/grampos-de-aterramento-tipo-ec-14\/#breadcrumb","itemListElement":[{"@type":"ListItem","position":1,"name":"Home","item":"https:\/\/conexmetals.com\/pt-br\/lar\/"},{"@type":"ListItem","position":2,"name":"Products","item":"https:\/\/conexmetals.com\/products\/"},{"@type":"ListItem","position":3,"name":"Grampos de Aterramento Tipo EC 14"}]},{"@type":"WebSite","@id":"https:\/\/conexmetals.com\/pt-br\/#website","url":"https:\/\/conexmetals.com\/pt-br\/","name":"Conex Metals Brass Fittings Brass Parts Copper Parts Brass Components Brass Plumbing Fittings India","description":"Manufacturer of Bronze Fittings casting Copper Brass parts components","publisher":{"@id":"https:\/\/conexmetals.com\/pt-br\/#organization"},"potentialAction":[{"@type":"SearchAction","target":{"@type":"EntryPoint","urlTemplate":"https:\/\/conexmetals.com\/pt-br\/?s={search_term_string}"},"query-input":{"@type":"PropertyValueSpecification","valueRequired":true,"valueName":"search_term_string"}}],"inLanguage":"pt-BR"},{"@type":"Organization","@id":"https:\/\/conexmetals.com\/pt-br\/#organization","name":"Conex Metals Brass Fittings Brass Parts Copper Parts Brass Components Brass Plumbing Fittings India","url":"https:\/\/conexmetals.com\/pt-br\/","logo":{"@type":"ImageObject","inLanguage":"pt-BR","@id":"https:\/\/conexmetals.com\/pt-br\/#\/schema\/logo\/image\/","url":"https:\/\/conexmetals.com\/wp-content\/uploads\/2024\/03\/conex-metals-logo.webp","contentUrl":"https:\/\/conexmetals.com\/wp-content\/uploads\/2024\/03\/conex-metals-logo.webp","width":300,"height":121,"caption":"Conex Metals Brass Fittings Brass Parts Copper Parts Brass Components Brass Plumbing Fittings India"},"image":{"@id":"https:\/\/conexmetals.com\/pt-br\/#\/schema\/logo\/image\/"},"sameAs":["https:\/\/www.facebook.com\/conexbrass","https:\/\/x.com\/conexindia","https:\/\/www.linkedin.com\/company\/conex-metals-india\/","https:\/\/www.instagram.com\/conexindia\/"]}]}},"_links":{"self":[{"href":"https:\/\/conexmetals.com\/pt-br\/wp-json\/wp\/v2\/product\/11212","targetHints":{"allow":["GET"]}}],"collection":[{"href":"https:\/\/conexmetals.com\/pt-br\/wp-json\/wp\/v2\/product"}],"about":[{"href":"https:\/\/conexmetals.com\/pt-br\/wp-json\/wp\/v2\/types\/product"}],"wp:featuredmedia":[{"embeddable":true,"href":"https:\/\/conexmetals.com\/pt-br\/wp-json\/wp\/v2\/media\/10191"}],"wp:attachment":[{"href":"https:\/\/conexmetals.com\/pt-br\/wp-json\/wp\/v2\/media?parent=11212"}],"wp:term":[{"taxonomy":"product_brand","embeddable":true,"href":"https:\/\/conexmetals.com\/pt-br\/wp-json\/wp\/v2\/product_brand?post=11212"},{"taxonomy":"product_cat","embeddable":true,"href":"https:\/\/conexmetals.com\/pt-br\/wp-json\/wp\/v2\/product_cat?post=11212"},{"taxonomy":"product_tag","embeddable":true,"href":"https:\/\/conexmetals.com\/pt-br\/wp-json\/wp\/v2\/product_tag?post=11212"}],"curies":[{"name":"wp","href":"https:\/\/api.w.org\/{rel}","templated":true}]}}