{"id":11218,"date":"2023-08-16T14:00:00","date_gmt":"2023-08-16T08:30:00","guid":{"rendered":"https:\/\/conexmetals.com\/?post_type=product&#038;p=11218"},"modified":"2024-10-18T12:23:14","modified_gmt":"2024-10-18T06:53:14","slug":"soquetes-de-lampada-pecas-de-iluminacao","status":"publish","type":"product","link":"https:\/\/conexmetals.com\/pt-br\/produto\/soquetes-de-lampada-pecas-de-iluminacao\/","title":{"rendered":"Soquetes de L\u00e2mpada &#8211; Pe\u00e7as de Ilumina\u00e7\u00e3o"},"content":{"rendered":"","protected":false},"excerpt":{"rendered":"<div class=\"elementor-element elementor-element-672075d elementor-widget__width-initial e-transform elementor-widget-mobile__width-initial elementor-widget elementor-widget-woocommerce-product-images\" data-id=\"672075d\" data-element_type=\"widget\" data-settings=\"{&quot;_transform_scale_effect&quot;:{&quot;unit&quot;:&quot;px&quot;,&quot;size&quot;:1,&quot;sizes&quot;:[]},&quot;_transform_scale_effect_tablet&quot;:{&quot;unit&quot;:&quot;px&quot;,&quot;size&quot;:&quot;&quot;,&quot;sizes&quot;:[]},&quot;_transform_scale_effect_mobile&quot;:{&quot;unit&quot;:&quot;px&quot;,&quot;size&quot;:&quot;&quot;,&quot;sizes&quot;:[]}}\" data-widget_type=\"woocommerce-product-images.default\">\n<div class=\"elementor-widget-container\">\n<div class=\"woocommerce-product-gallery woocommerce-product-gallery--with-images woocommerce-product-gallery--columns-4 images\" data-columns=\"4\">\n<div class=\"woocommerce-product-gallery__wrapper\">\n<div class=\"woocommerce-product-gallery__image\" data-thumb=\"https:\/\/conexmetals.com\/wp-content\/uploads\/2023\/08\/Lamp-Holders-Lighting-Parts-And-Accessories-100x100.png\" data-thumb-alt=\"Lamp Holders Lighting Parts And Accessories\" data-thumb-srcset=\"https:\/\/conexmetals.com\/wp-content\/uploads\/2023\/08\/Lamp-Holders-Lighting-Parts-And-Accessories-100x100.png 100w, https:\/\/conexmetals.com\/wp-content\/uploads\/2023\/08\/Lamp-Holders-Lighting-Parts-And-Accessories-300x300.png 300w, https:\/\/conexmetals.com\/wp-content\/uploads\/2023\/08\/Lamp-Holders-Lighting-Parts-And-Accessories-150x150.png 150w, https:\/\/conexmetals.com\/wp-content\/uploads\/2023\/08\/Lamp-Holders-Lighting-Parts-And-Accessories.png 350w\"><\/div>\n<\/div>\n<\/div>\n<\/div>\n<\/div>\n<div class=\"elementor-element elementor-element-36d2ab8 elementor-widget elementor-widget-woocommerce-product-short-description\" data-id=\"36d2ab8\" data-element_type=\"widget\" data-widget_type=\"woocommerce-product-short-description.default\">\n<div class=\"elementor-widget-container\">\n<div class=\"woocommerce-product-details__short-description\">\n<p><span>Os suportes de l\u00e2mpadas, tamb\u00e9m conhecidos como soquetes de l\u00e2mpadas ou suportes de l\u00e2mpadas, s\u00e3o componentes essenciais de ilumina\u00e7\u00e3o que fornecem uma conex\u00e3o segura entre a l\u00e2mpada e o circuito el\u00e9trico. Eles s\u00e3o usados \u200b\u200bpara dar suporte e segurar a l\u00e2mpada no lugar, permitindo contato el\u00e9trico para energizar a l\u00e2mpada. Os suportes de l\u00e2mpadas v\u00eam em v\u00e1rios tipos e configura\u00e7\u00f5es, projetados para acomodar diferentes tipos de l\u00e2mpadas e lumin\u00e1rias espec\u00edficas.<\/span><\/p>\n<p><span>Alguns tipos comuns de soquetes de l\u00e2mpada incluem:<\/span><\/p>\n<ol>\n<li><strong><span>Soquetes de L\u00e2mpada Edison Screw (E26\/E27)<\/span><\/strong><span>\u00a0: Estes s\u00e3o um dos soquetes de l\u00e2mpada mais amplamente usados \u200b\u200be s\u00e3o projetados para l\u00e2mpadas incandescentes padr\u00e3o, LED e fluorescentes compactas. Eles t\u00eam uma base de parafuso e s\u00e3o comumente encontrados em lumin\u00e1rias de mesa, lumin\u00e1rias de teto e muitas outras aplica\u00e7\u00f5es de ilumina\u00e7\u00e3o.<\/span><\/li>\n<li><strong><span>Suportes de l\u00e2mpada de baioneta (B22)<\/span><\/strong><span>\u00a0: Os suportes de l\u00e2mpada de baioneta apresentam um mecanismo de empurrar e girar para prender a l\u00e2mpada no lugar. Eles s\u00e3o comumente usados \u200b\u200bno Reino Unido e em outras regi\u00f5es e s\u00e3o compat\u00edveis com l\u00e2mpadas de baioneta.<\/span><\/li>\n<li><strong><span>Suportes para l\u00e2mpadas GU10<\/span><\/strong><span>\u00a0: Os suportes para l\u00e2mpadas GU10 s\u00e3o projetados especificamente para l\u00e2mpadas de base GU10, que s\u00e3o comumente usadas em ilumina\u00e7\u00e3o de trilhos, holofotes e lumin\u00e1rias embutidas.<\/span><\/li>\n<li><strong><span>Suportes para l\u00e2mpadas G9<\/span><\/strong><span>\u00a0: Os suportes para l\u00e2mpadas G9 s\u00e3o usados \u200b\u200bpara l\u00e2mpadas de base G9, que geralmente s\u00e3o encontradas em lumin\u00e1rias menores e compactas, como arandelas e lustres.<\/span><\/li>\n<li><strong><span>Soquetes de l\u00e2mpada bi-pin (G4\/G5.3\/G8\/GY6.35)<\/span><\/strong><span>\u00a0: Os soquetes de l\u00e2mpada bi-pin s\u00e3o usados \u200b\u200bpara v\u00e1rias l\u00e2mpadas pequenas de halog\u00eanio ou LED com dois pinos, como G4, G5.3, G8 e GY6.35.<\/span><\/li>\n<li><strong><span>Suportes para l\u00e2mpadas fluorescentes (T8\/T5\/T12)<\/span><\/strong><span>\u00a0: S\u00e3o suportes projetados especificamente para l\u00e2mpadas fluorescentes de v\u00e1rios di\u00e2metros, como T8, T5 e T12.<\/span><\/li>\n<li><strong><span>Suportes para l\u00e2mpadas tipo candelabro (E12)<\/span><\/strong><span>\u00a0: Os suportes para l\u00e2mpadas tipo candelabro s\u00e3o usados \u200b\u200bpara l\u00e2mpadas de base pequena, como as encontradas em lustres e lumin\u00e1rias decorativas.<\/span><\/li>\n<\/ol>\n<p><span>Os suportes de l\u00e2mpadas s\u00e3o normalmente feitos de materiais que podem suportar o calor gerado pela l\u00e2mpada, como porcelana, pl\u00e1stico ou materiais termopl\u00e1sticos. Alguns suportes de l\u00e2mpadas tamb\u00e9m t\u00eam recursos adicionais, como interruptores liga\/desliga ou recursos de dimmer.<\/span><\/p>\n<p><span>Dispon\u00edvel uma grande variedade de suportes para l\u00e2mpadas, suportes para l\u00e2mpadas de cer\u00e2mica de lat\u00e3o, pe\u00e7as para l\u00e2mpadas, componentes para l\u00e2mpadas, pe\u00e7as para l\u00e2mpadas de lat\u00e3o, acess\u00f3rios para ilumina\u00e7\u00e3o de lat\u00e3o, componentes para l\u00e2mpadas e acess\u00f3rios para suportes de l\u00e2mpadas em diferentes roscas, como porcas de fixa\u00e7\u00e3o de lat\u00e3o, an\u00e9is, suportes para l\u00e2mpadas, acopladores, conectores de ganchos macho e f\u00eamea, placa de gancho de teto, bucha, redutores, bicos de trombeta, bicos de placa de madeira, porcas sextavadas, porcas redondas, an\u00e9is, porcas de anel, porcas de anel escalonadas, porcas de anel chanfradas, arruelas, porcas de brasagem, arruelas de press\u00e3o serrilhadas, arruelas simples, esferas de 2 vias, adaptador de bra\u00e7o, junta articulada, lat\u00e3o, juntas girat\u00f3rias, junta macho para f\u00eamea, clipes de placas de teto, tubos curvos, tubos retos, espa\u00e7adores, todas as roscas,<\/span><\/p>\n<p>&nbsp;<\/p>\n<p><strong><span>Fio<\/span><\/strong><\/p>\n<p><span>M10 x 1 m\u00e9trico, M13 x 1, 1\/2\u2033, 3\/8\u2033, 5\/8\u2033 x 26 TPI<\/span><\/p>\n<p>&nbsp;<\/p>\n<p><span>Suportes especiais para l\u00e2mpadas Suportes para l\u00e2mpadas de cer\u00e2mica de lat\u00e3o Pe\u00e7as para l\u00e2mpadas Componentes para l\u00e2mpadas Acess\u00f3rios para l\u00e2mpadas de lat\u00e3o Componentes Componentes de lat\u00e3o Componentes de ilumina\u00e7\u00e3o Pe\u00e7as de ilumina\u00e7\u00e3o de lat\u00e3o Componentes de ilumina\u00e7\u00e3o de lat\u00e3o Suportes para l\u00e2mpadas Pe\u00e7as para l\u00e2mpadas Suportes el\u00e9tricos para l\u00e2mpadas Acess\u00f3rios de ilumina\u00e7\u00e3o<\/span><\/p>\n<p><span>Teremos prazer em desenvolver componentes de lat\u00e3o n\u00e3o padronizados, como porcas, parafusos, pinos, fixadores, parafusos de madeira, parafusos de m\u00e1quina e fixadores, conforme requisitos espec\u00edficos.<\/span><\/p>\n<p><strong><span>Materiais<\/span><\/strong><\/p>\n<p><span>Lat\u00e3o conforme BS 2874 \/ 2872<\/span><\/p>\n<p><strong><span>Terminar<\/span><\/strong><\/p>\n<p><span>Lat\u00e3o natural, eletroestanhado, n\u00edquel etc.<\/span><\/p>\n<p><strong><span>T\u00f3picos<\/span><\/strong><\/p>\n<p><span>M\u00e9trica ISO, BSW, BA, BSF, UNC, UNF UNEF etc.<\/span><\/p>\n<p>&nbsp;<\/p>\n<p><strong><span>T\u00f3picos<\/span><\/strong><\/p>\n<p><span>2 mm 3 mm 4 mm 5 mm 6 mm 8 mm 10 mm 12 mm 16 mm 20 mm 25 mm 32 mm<\/span><\/p>\n<p><span>1\/8\u2033 5\/32\u2033 3\/16\u2033 1\/4\u2033 5\/16\u2033 3\/8\u2033 1\/2\u2033 5\/8\u2033 3\/4\u2033 1\u2033 11\/8\u2033 11\/4\u2033 11\/2\u2033 13\/4\u20332\u2033<\/span><\/p>\n<\/div>\n<\/div>\n<\/div>\n","protected":false},"featured_media":0,"template":"","meta":[],"product_brand":[],"product_cat":[389],"product_tag":[],"class_list":{"0":"post-11218","1":"product","2":"type-product","3":"status-publish","5":"product_cat-acessorios-eletricos","7":"first","8":"instock","9":"shipping-taxable","10":"product-type-simple"},"yoast_head":"<!-- This site is optimized with the Yoast SEO plugin v27.3 - https:\/\/yoast.com\/product\/yoast-seo-wordpress\/ -->\n<title>Soquetes de L\u00e2mpada - Pe\u00e7as de Ilumina\u00e7\u00e3o<\/title>\n<meta name=\"description\" content=\"A Conex oferece uma ampla gama de soquetes de l\u00e2mpada de lat\u00e3o e cer\u00e2mica, al\u00e9m de componentes de ilumina\u00e7\u00e3o, como terminais, porcas de travamento, an\u00e9is, acopladores, ganchos, conectores, placas de gancho de teto, buchas, redutores e v\u00e1rios tipos de porcas e arruelas. Esses componentes de engenharia de precis\u00e3o atendem a todas as suas necessidades de ilumina\u00e7\u00e3o.\" \/>\n<meta name=\"robots\" content=\"index, follow, max-snippet:-1, max-image-preview:large, max-video-preview:-1\" \/>\n<link rel=\"canonical\" href=\"https:\/\/conexmetals.com\/pt-br\/produto\/soquetes-de-lampada-pecas-de-iluminacao\/\" \/>\n<script type=\"application\/ld+json\" class=\"yoast-schema-graph\">{\"@context\":\"https:\\\/\\\/schema.org\",\"@graph\":[{\"@type\":\"WebPage\",\"@id\":\"https:\\\/\\\/conexmetals.com\\\/pt-br\\\/produto\\\/soquetes-de-lampada-pecas-de-iluminacao\\\/\",\"url\":\"https:\\\/\\\/conexmetals.com\\\/pt-br\\\/produto\\\/soquetes-de-lampada-pecas-de-iluminacao\\\/\",\"name\":\"Soquetes de L\u00e2mpada - Pe\u00e7as de Ilumina\u00e7\u00e3o\",\"isPartOf\":{\"@id\":\"https:\\\/\\\/conexmetals.com\\\/pt-br\\\/#website\"},\"datePublished\":\"2023-08-16T08:30:00+00:00\",\"dateModified\":\"2024-10-18T06:53:14+00:00\",\"description\":\"A Conex oferece uma ampla gama de soquetes de l\u00e2mpada de lat\u00e3o e cer\u00e2mica, al\u00e9m de componentes de ilumina\u00e7\u00e3o, como terminais, porcas de travamento, an\u00e9is, acopladores, ganchos, conectores, placas de gancho de teto, buchas, redutores e v\u00e1rios tipos de porcas e arruelas. Esses componentes de engenharia de precis\u00e3o atendem a todas as suas necessidades de ilumina\u00e7\u00e3o.\",\"breadcrumb\":{\"@id\":\"https:\\\/\\\/conexmetals.com\\\/pt-br\\\/produto\\\/soquetes-de-lampada-pecas-de-iluminacao\\\/#breadcrumb\"},\"inLanguage\":\"pt-BR\",\"potentialAction\":[{\"@type\":\"ReadAction\",\"target\":[\"https:\\\/\\\/conexmetals.com\\\/pt-br\\\/produto\\\/soquetes-de-lampada-pecas-de-iluminacao\\\/\"]}]},{\"@type\":\"BreadcrumbList\",\"@id\":\"https:\\\/\\\/conexmetals.com\\\/pt-br\\\/produto\\\/soquetes-de-lampada-pecas-de-iluminacao\\\/#breadcrumb\",\"itemListElement\":[{\"@type\":\"ListItem\",\"position\":1,\"name\":\"Home\",\"item\":\"https:\\\/\\\/conexmetals.com\\\/pt-br\\\/lar\\\/\"},{\"@type\":\"ListItem\",\"position\":2,\"name\":\"Products\",\"item\":\"https:\\\/\\\/conexmetals.com\\\/products\\\/\"},{\"@type\":\"ListItem\",\"position\":3,\"name\":\"Soquetes de L\u00e2mpada &#8211; Pe\u00e7as de Ilumina\u00e7\u00e3o\"}]},{\"@type\":\"WebSite\",\"@id\":\"https:\\\/\\\/conexmetals.com\\\/pt-br\\\/#website\",\"url\":\"https:\\\/\\\/conexmetals.com\\\/pt-br\\\/\",\"name\":\"Conex Metals Brass Fittings Brass Parts Copper Parts Brass Components Brass Plumbing Fittings India\",\"description\":\"Manufacturer of Bronze Fittings casting Copper Brass parts components\",\"publisher\":{\"@id\":\"https:\\\/\\\/conexmetals.com\\\/pt-br\\\/#organization\"},\"potentialAction\":[{\"@type\":\"SearchAction\",\"target\":{\"@type\":\"EntryPoint\",\"urlTemplate\":\"https:\\\/\\\/conexmetals.com\\\/pt-br\\\/?s={search_term_string}\"},\"query-input\":{\"@type\":\"PropertyValueSpecification\",\"valueRequired\":true,\"valueName\":\"search_term_string\"}}],\"inLanguage\":\"pt-BR\"},{\"@type\":\"Organization\",\"@id\":\"https:\\\/\\\/conexmetals.com\\\/pt-br\\\/#organization\",\"name\":\"Conex Metals Brass Fittings Brass Parts Copper Parts Brass Components Brass Plumbing Fittings India\",\"url\":\"https:\\\/\\\/conexmetals.com\\\/pt-br\\\/\",\"logo\":{\"@type\":\"ImageObject\",\"inLanguage\":\"pt-BR\",\"@id\":\"https:\\\/\\\/conexmetals.com\\\/pt-br\\\/#\\\/schema\\\/logo\\\/image\\\/\",\"url\":\"https:\\\/\\\/conexmetals.com\\\/wp-content\\\/uploads\\\/2024\\\/03\\\/conex-metals-logo.webp\",\"contentUrl\":\"https:\\\/\\\/conexmetals.com\\\/wp-content\\\/uploads\\\/2024\\\/03\\\/conex-metals-logo.webp\",\"width\":300,\"height\":121,\"caption\":\"Conex Metals Brass Fittings Brass Parts Copper Parts Brass Components Brass Plumbing Fittings India\"},\"image\":{\"@id\":\"https:\\\/\\\/conexmetals.com\\\/pt-br\\\/#\\\/schema\\\/logo\\\/image\\\/\"},\"sameAs\":[\"https:\\\/\\\/www.facebook.com\\\/conexbrass\",\"https:\\\/\\\/x.com\\\/conexindia\",\"https:\\\/\\\/www.linkedin.com\\\/company\\\/conex-metals-india\\\/\",\"https:\\\/\\\/www.instagram.com\\\/conexindia\\\/\"]}]}<\/script>\n<!-- \/ Yoast SEO plugin. -->","yoast_head_json":{"title":"Soquetes de L\u00e2mpada - Pe\u00e7as de Ilumina\u00e7\u00e3o","description":"A Conex oferece uma ampla gama de soquetes de l\u00e2mpada de lat\u00e3o e cer\u00e2mica, al\u00e9m de componentes de ilumina\u00e7\u00e3o, como terminais, porcas de travamento, an\u00e9is, acopladores, ganchos, conectores, placas de gancho de teto, buchas, redutores e v\u00e1rios tipos de porcas e arruelas. Esses componentes de engenharia de precis\u00e3o atendem a todas as suas necessidades de ilumina\u00e7\u00e3o.","robots":{"index":"index","follow":"follow","max-snippet":"max-snippet:-1","max-image-preview":"max-image-preview:large","max-video-preview":"max-video-preview:-1"},"canonical":"https:\/\/conexmetals.com\/pt-br\/produto\/soquetes-de-lampada-pecas-de-iluminacao\/","schema":{"@context":"https:\/\/schema.org","@graph":[{"@type":"WebPage","@id":"https:\/\/conexmetals.com\/pt-br\/produto\/soquetes-de-lampada-pecas-de-iluminacao\/","url":"https:\/\/conexmetals.com\/pt-br\/produto\/soquetes-de-lampada-pecas-de-iluminacao\/","name":"Soquetes de L\u00e2mpada - Pe\u00e7as de Ilumina\u00e7\u00e3o","isPartOf":{"@id":"https:\/\/conexmetals.com\/pt-br\/#website"},"datePublished":"2023-08-16T08:30:00+00:00","dateModified":"2024-10-18T06:53:14+00:00","description":"A Conex oferece uma ampla gama de soquetes de l\u00e2mpada de lat\u00e3o e cer\u00e2mica, al\u00e9m de componentes de ilumina\u00e7\u00e3o, como terminais, porcas de travamento, an\u00e9is, acopladores, ganchos, conectores, placas de gancho de teto, buchas, redutores e v\u00e1rios tipos de porcas e arruelas. Esses componentes de engenharia de precis\u00e3o atendem a todas as suas necessidades de ilumina\u00e7\u00e3o.","breadcrumb":{"@id":"https:\/\/conexmetals.com\/pt-br\/produto\/soquetes-de-lampada-pecas-de-iluminacao\/#breadcrumb"},"inLanguage":"pt-BR","potentialAction":[{"@type":"ReadAction","target":["https:\/\/conexmetals.com\/pt-br\/produto\/soquetes-de-lampada-pecas-de-iluminacao\/"]}]},{"@type":"BreadcrumbList","@id":"https:\/\/conexmetals.com\/pt-br\/produto\/soquetes-de-lampada-pecas-de-iluminacao\/#breadcrumb","itemListElement":[{"@type":"ListItem","position":1,"name":"Home","item":"https:\/\/conexmetals.com\/pt-br\/lar\/"},{"@type":"ListItem","position":2,"name":"Products","item":"https:\/\/conexmetals.com\/products\/"},{"@type":"ListItem","position":3,"name":"Soquetes de L\u00e2mpada &#8211; Pe\u00e7as de Ilumina\u00e7\u00e3o"}]},{"@type":"WebSite","@id":"https:\/\/conexmetals.com\/pt-br\/#website","url":"https:\/\/conexmetals.com\/pt-br\/","name":"Conex Metals Brass Fittings Brass Parts Copper Parts Brass Components Brass Plumbing Fittings India","description":"Manufacturer of Bronze Fittings casting Copper Brass parts components","publisher":{"@id":"https:\/\/conexmetals.com\/pt-br\/#organization"},"potentialAction":[{"@type":"SearchAction","target":{"@type":"EntryPoint","urlTemplate":"https:\/\/conexmetals.com\/pt-br\/?s={search_term_string}"},"query-input":{"@type":"PropertyValueSpecification","valueRequired":true,"valueName":"search_term_string"}}],"inLanguage":"pt-BR"},{"@type":"Organization","@id":"https:\/\/conexmetals.com\/pt-br\/#organization","name":"Conex Metals Brass Fittings Brass Parts Copper Parts Brass Components Brass Plumbing Fittings India","url":"https:\/\/conexmetals.com\/pt-br\/","logo":{"@type":"ImageObject","inLanguage":"pt-BR","@id":"https:\/\/conexmetals.com\/pt-br\/#\/schema\/logo\/image\/","url":"https:\/\/conexmetals.com\/wp-content\/uploads\/2024\/03\/conex-metals-logo.webp","contentUrl":"https:\/\/conexmetals.com\/wp-content\/uploads\/2024\/03\/conex-metals-logo.webp","width":300,"height":121,"caption":"Conex Metals Brass Fittings Brass Parts Copper Parts Brass Components Brass Plumbing Fittings India"},"image":{"@id":"https:\/\/conexmetals.com\/pt-br\/#\/schema\/logo\/image\/"},"sameAs":["https:\/\/www.facebook.com\/conexbrass","https:\/\/x.com\/conexindia","https:\/\/www.linkedin.com\/company\/conex-metals-india\/","https:\/\/www.instagram.com\/conexindia\/"]}]}},"_links":{"self":[{"href":"https:\/\/conexmetals.com\/pt-br\/wp-json\/wp\/v2\/product\/11218","targetHints":{"allow":["GET"]}}],"collection":[{"href":"https:\/\/conexmetals.com\/pt-br\/wp-json\/wp\/v2\/product"}],"about":[{"href":"https:\/\/conexmetals.com\/pt-br\/wp-json\/wp\/v2\/types\/product"}],"wp:attachment":[{"href":"https:\/\/conexmetals.com\/pt-br\/wp-json\/wp\/v2\/media?parent=11218"}],"wp:term":[{"taxonomy":"product_brand","embeddable":true,"href":"https:\/\/conexmetals.com\/pt-br\/wp-json\/wp\/v2\/product_brand?post=11218"},{"taxonomy":"product_cat","embeddable":true,"href":"https:\/\/conexmetals.com\/pt-br\/wp-json\/wp\/v2\/product_cat?post=11218"},{"taxonomy":"product_tag","embeddable":true,"href":"https:\/\/conexmetals.com\/pt-br\/wp-json\/wp\/v2\/product_tag?post=11218"}],"curies":[{"name":"wp","href":"https:\/\/api.w.org\/{rel}","templated":true}]}}