{"id":11250,"date":"2023-08-16T12:41:34","date_gmt":"2023-08-16T07:11:34","guid":{"rendered":"https:\/\/conexmetals.com\/?post_type=product&#038;p=11250"},"modified":"2024-10-19T14:33:19","modified_gmt":"2024-10-19T09:03:19","slug":"terminais-de-contato-de-latao","status":"publish","type":"product","link":"https:\/\/conexmetals.com\/pt-br\/produto\/terminais-de-contato-de-latao\/","title":{"rendered":"Terminais de Contato de Lat\u00e3o"},"content":{"rendered":"","protected":false},"excerpt":{"rendered":"<div class=\"elementor-element elementor-element-672075d elementor-widget__width-initial e-transform elementor-widget-mobile__width-initial elementor-widget elementor-widget-woocommerce-product-images\" data-id=\"672075d\" data-element_type=\"widget\" data-settings=\"{&quot;_transform_scale_effect&quot;:{&quot;unit&quot;:&quot;px&quot;,&quot;size&quot;:1,&quot;sizes&quot;:[]},&quot;_transform_scale_effect_tablet&quot;:{&quot;unit&quot;:&quot;px&quot;,&quot;size&quot;:&quot;&quot;,&quot;sizes&quot;:[]},&quot;_transform_scale_effect_mobile&quot;:{&quot;unit&quot;:&quot;px&quot;,&quot;size&quot;:&quot;&quot;,&quot;sizes&quot;:[]}}\" data-widget_type=\"woocommerce-product-images.default\">\n<div class=\"elementor-widget-container\">\n<div class=\"woocommerce-product-gallery woocommerce-product-gallery--with-images woocommerce-product-gallery--columns-4 images\" data-columns=\"4\">\n<div class=\"woocommerce-product-gallery__wrapper\">\n<div class=\"woocommerce-product-gallery__image\" data-thumb=\"https:\/\/conexmetals.com\/wp-content\/uploads\/2023\/12\/Brass-Terminals-Contacts-100x100.png\" data-thumb-alt=\"Brass Contact Terminals\" data-thumb-srcset=\"https:\/\/conexmetals.com\/wp-content\/uploads\/2023\/12\/Brass-Terminals-Contacts-100x100.png 100w, https:\/\/conexmetals.com\/wp-content\/uploads\/2023\/12\/Brass-Terminals-Contacts-300x300.png 300w, https:\/\/conexmetals.com\/wp-content\/uploads\/2023\/12\/Brass-Terminals-Contacts-150x150.png 150w, https:\/\/conexmetals.com\/wp-content\/uploads\/2023\/12\/Brass-Terminals-Contacts.png 350w\"><\/div>\n<\/div>\n<\/div>\n<\/div>\n<\/div>\n<div class=\"elementor-element elementor-element-36d2ab8 elementor-widget elementor-widget-woocommerce-product-short-description\" data-id=\"36d2ab8\" data-element_type=\"widget\" data-widget_type=\"woocommerce-product-short-description.default\">\n<div class=\"elementor-widget-container\">\n<div class=\"woocommerce-product-details__short-description\">\n<p>Na Conex Metals, somos especializados em fornecer Terminais de Contato de Lat\u00e3o de alta qualidade, tamb\u00e9m conhecidos como Contatos El\u00e9tricos de Lat\u00e3o ou Conectores de Lat\u00e3o. Esses componentes s\u00e3o essenciais em dispositivos e equipamentos el\u00e9tricos, facilitando conex\u00f5es el\u00e9tricas seguras e confi\u00e1veis \u200b\u200bcom outros componentes ou condutores. O lat\u00e3o, conhecido por sua condutividade el\u00e9trica superior, resist\u00eancia \u00e0 corros\u00e3o e resist\u00eancia mec\u00e2nica, torna nossos terminais de contato uma escolha confi\u00e1vel para v\u00e1rias aplica\u00e7\u00f5es.<\/p>\n<p>Nossos terminais de contato de lat\u00e3o v\u00eam em v\u00e1rios designs adaptados para aplica\u00e7\u00f5es espec\u00edficas, garantindo que atendam \u00e0s demandas exclusivas de diferentes dispositivos el\u00e9tricos.<\/p>\n<p><strong>Tipos de terminais de contato de lat\u00e3o<\/strong>\u00a0:<\/p>\n<ul>\n<li><strong>Contatos de Pino<\/strong>\u00a0: S\u00e3o terminais cil\u00edndricos com uma sali\u00eancia semelhante a um pino em uma extremidade, comumente usados \u200b\u200bem conectores e plugues. Eles garantem conex\u00f5es confi\u00e1veis \u200b\u200bquando inseridos em soquetes ou recept\u00e1culos correspondentes.<\/li>\n<li><strong>Contatos de soquete<\/strong>\u00a0: projetados para aceitar contatos de pinos, esses terminais fornecem a parte f\u00eamea de uma conex\u00e3o el\u00e9trica em conectores e recept\u00e1culos.<\/li>\n<li><strong>Terminais de anel<\/strong>\u00a0: tamb\u00e9m conhecidos como terminais de anel ou conectores de anel, esses terminais t\u00eam uma extremidade circular que pode ser crimpada ou parafusada em um fio ou cabo, com a outra extremidade apresentando um furo para fixa\u00e7\u00e3o em um pino ou bloco de terminais.<\/li>\n<\/ul>\n<p>&nbsp;<\/p>\n<p><strong>Especifica\u00e7\u00f5es do material<\/strong>\u00a0:<\/p>\n<ul>\n<li>Lat\u00e3o de corte livre de alta qualidade<\/li>\n<li>Ligas de lat\u00e3o: CuZn39Pb3, CuZn39Pb2, CuZn38Pb1.5, CuZn37Pb2, CuZn40Pb2, MS 58, BS2874, IS 319 (Tipo I e II)<\/li>\n<li>Normas ASTM: C35300, C35330 DZR, C36000 (CDA 360), C36500, C37000, C37100, C37700, C37710, C38500<\/li>\n<li>Normas BS: CZ121, CZ122, CZ124, CZ128, CZ131, CZ132<\/li>\n<li>Normas EN: CW602N, CW603N, CW606N, CW608N, CW612N, CW614N, CW617N<\/li>\n<li>Normas JIS: C3601, C3602, C3603, C3604, C3605, C3712, C3771<\/li>\n<li>Composi\u00e7\u00f5es personalizadas de materiais de lat\u00e3o est\u00e3o dispon\u00edveis mediante solicita\u00e7\u00e3o.<\/li>\n<\/ul>\n<p>&nbsp;<\/p>\n<p><strong>Linha de produtos<\/strong>\u00a0:<\/p>\n<ul>\n<li>Terminais de contato de lat\u00e3o dispon\u00edveis em v\u00e1rias configura\u00e7\u00f5es, projetados para se adaptar a dispositivos e aplica\u00e7\u00f5es el\u00e9tricas espec\u00edficas.<\/li>\n<li>Tamanhos padr\u00e3o e personalizados est\u00e3o dispon\u00edveis para atender a diversas necessidades industriais.<\/li>\n<\/ul>\n<p>&nbsp;<\/p>\n<p><strong>Especifica\u00e7\u00f5es da rosca<\/strong>\u00a0:<\/p>\n<ul>\n<li>Os tipos de rosca dispon\u00edveis incluem ISO Metric (MM), BA, BSW, BSP, BSPT, BSF, BSB, UNC, UNF, UNEF, NPT, NPS e quaisquer outras roscas especificadas conforme os requisitos do cliente.<\/li>\n<\/ul>\n<p>&nbsp;<\/p>\n<p><strong>Acess\u00f3rios<\/strong>\u00a0:<\/p>\n<ul>\n<li>Fornecemos uma gama completa de acess\u00f3rios, incluindo parafusos (lat\u00e3o\/a\u00e7o), arruelas, porcas e placas de conex\u00e3o, bem como componentes de pl\u00e1stico e borracha, garantindo uma montagem completa conforme as especifica\u00e7\u00f5es do cliente.<\/li>\n<\/ul>\n<p>&nbsp;<\/p>\n<p><strong>Aplica\u00e7\u00f5es<\/strong>\u00a0:<\/p>\n<ul>\n<li><strong>Conectores e plugues el\u00e9tricos<\/strong>\u00a0: usados \u200b\u200bem eletrodom\u00e9sticos, eletr\u00f4nicos e equipamentos industriais, proporcionando conex\u00f5es seguras.<\/li>\n<li><strong>Blocos de terminais<\/strong>\u00a0: utilizados em pain\u00e9is el\u00e9tricos para conectar e distribuir condutores el\u00e9tricos.<\/li>\n<li><strong>Interruptores e disjuntores<\/strong>\u00a0: contatos de lat\u00e3o permitem a abertura e o fechamento confi\u00e1veis \u200b\u200bde circuitos el\u00e9tricos, minimizando o ac\u00famulo de calor.<\/li>\n<\/ul>\n<p>&nbsp;<\/p>\n<p><strong>Op\u00e7\u00f5es de acabamento e revestimento<\/strong>\u00a0:<\/p>\n<ul>\n<li>Nossos terminais de contato de lat\u00e3o podem ter acabamento em limpeza natural, niquelado, eletroestanhado, prateado, cobreado, zincado, cromado ou qualquer outro acabamento de superf\u00edcie especificado.<\/li>\n<\/ul>\n<p>&nbsp;<\/p>\n<p>A Conex Metals est\u00e1 comprometida em fornecer Terminais de Contato de Lat\u00e3o de primeira linha que atendem aos mais altos padr\u00f5es da ind\u00fastria. Entre em contato conosco para um or\u00e7amento r\u00e1pido ou para discutir suas necessidades espec\u00edficas.<\/p>\n<\/div>\n<\/div>\n<\/div>\n","protected":false},"featured_media":10338,"template":"","meta":[],"product_brand":[],"product_cat":[409],"product_tag":[],"class_list":{"0":"post-11250","1":"product","2":"type-product","3":"status-publish","4":"has-post-thumbnail","6":"product_cat-conexoes-de-painel-eletrico","8":"first","9":"instock","10":"shipping-taxable","11":"product-type-simple"},"yoast_head":"<!-- This site is optimized with the Yoast SEO plugin v27.3 - https:\/\/yoast.com\/product\/yoast-seo-wordpress\/ -->\n<title>Terminais de Contato de Lat\u00e3o<\/title>\n<meta name=\"description\" content=\"A Conex \u00e9 um fabricante e exportador l\u00edder de terminais de contato de lat\u00e3o e contatos el\u00e9tricos. Nossa gama de produtos inclui conectores de lat\u00e3o, acess\u00f3rios de tubo, acess\u00f3rios em T, acess\u00f3rios de mangueira e acess\u00f3rios especializados, como conectores r\u00e1pidos e acess\u00f3rios de propano. Nossos terminais e acess\u00f3rios de lat\u00e3o de alta qualidade garantem conex\u00f5es confi\u00e1veis em v\u00e1rias aplica\u00e7\u00f5es industriais e dom\u00e9sticas.\" \/>\n<meta name=\"robots\" content=\"index, follow, max-snippet:-1, max-image-preview:large, max-video-preview:-1\" \/>\n<link rel=\"canonical\" href=\"https:\/\/conexmetals.com\/pt-br\/produto\/terminais-de-contato-de-latao\/\" \/>\n<script type=\"application\/ld+json\" class=\"yoast-schema-graph\">{\"@context\":\"https:\\\/\\\/schema.org\",\"@graph\":[{\"@type\":\"WebPage\",\"@id\":\"https:\\\/\\\/conexmetals.com\\\/pt-br\\\/produto\\\/terminais-de-contato-de-latao\\\/\",\"url\":\"https:\\\/\\\/conexmetals.com\\\/pt-br\\\/produto\\\/terminais-de-contato-de-latao\\\/\",\"name\":\"Terminais de Contato de Lat\u00e3o\",\"isPartOf\":{\"@id\":\"https:\\\/\\\/conexmetals.com\\\/pt-br\\\/#website\"},\"primaryImageOfPage\":{\"@id\":\"https:\\\/\\\/conexmetals.com\\\/pt-br\\\/produto\\\/terminais-de-contato-de-latao\\\/#primaryimage\"},\"image\":{\"@id\":\"https:\\\/\\\/conexmetals.com\\\/pt-br\\\/produto\\\/terminais-de-contato-de-latao\\\/#primaryimage\"},\"thumbnailUrl\":\"https:\\\/\\\/conexmetals.com\\\/wp-content\\\/uploads\\\/2024\\\/10\\\/Terminais-de-Contato-de-Latao.png\",\"datePublished\":\"2023-08-16T07:11:34+00:00\",\"dateModified\":\"2024-10-19T09:03:19+00:00\",\"description\":\"A Conex \u00e9 um fabricante e exportador l\u00edder de terminais de contato de lat\u00e3o e contatos el\u00e9tricos. Nossa gama de produtos inclui conectores de lat\u00e3o, acess\u00f3rios de tubo, acess\u00f3rios em T, acess\u00f3rios de mangueira e acess\u00f3rios especializados, como conectores r\u00e1pidos e acess\u00f3rios de propano. Nossos terminais e acess\u00f3rios de lat\u00e3o de alta qualidade garantem conex\u00f5es confi\u00e1veis em v\u00e1rias aplica\u00e7\u00f5es industriais e dom\u00e9sticas.\",\"breadcrumb\":{\"@id\":\"https:\\\/\\\/conexmetals.com\\\/pt-br\\\/produto\\\/terminais-de-contato-de-latao\\\/#breadcrumb\"},\"inLanguage\":\"pt-BR\",\"potentialAction\":[{\"@type\":\"ReadAction\",\"target\":[\"https:\\\/\\\/conexmetals.com\\\/pt-br\\\/produto\\\/terminais-de-contato-de-latao\\\/\"]}]},{\"@type\":\"ImageObject\",\"inLanguage\":\"pt-BR\",\"@id\":\"https:\\\/\\\/conexmetals.com\\\/pt-br\\\/produto\\\/terminais-de-contato-de-latao\\\/#primaryimage\",\"url\":\"https:\\\/\\\/conexmetals.com\\\/wp-content\\\/uploads\\\/2024\\\/10\\\/Terminais-de-Contato-de-Latao.png\",\"contentUrl\":\"https:\\\/\\\/conexmetals.com\\\/wp-content\\\/uploads\\\/2024\\\/10\\\/Terminais-de-Contato-de-Latao.png\",\"width\":350,\"height\":350,\"caption\":\"Terminais de Contato de Lat\u00e3o\"},{\"@type\":\"BreadcrumbList\",\"@id\":\"https:\\\/\\\/conexmetals.com\\\/pt-br\\\/produto\\\/terminais-de-contato-de-latao\\\/#breadcrumb\",\"itemListElement\":[{\"@type\":\"ListItem\",\"position\":1,\"name\":\"Home\",\"item\":\"https:\\\/\\\/conexmetals.com\\\/pt-br\\\/lar\\\/\"},{\"@type\":\"ListItem\",\"position\":2,\"name\":\"Products\",\"item\":\"https:\\\/\\\/conexmetals.com\\\/products\\\/\"},{\"@type\":\"ListItem\",\"position\":3,\"name\":\"Terminais de Contato de Lat\u00e3o\"}]},{\"@type\":\"WebSite\",\"@id\":\"https:\\\/\\\/conexmetals.com\\\/pt-br\\\/#website\",\"url\":\"https:\\\/\\\/conexmetals.com\\\/pt-br\\\/\",\"name\":\"Conex Metals Brass Fittings Brass Parts Copper Parts Brass Components Brass Plumbing Fittings India\",\"description\":\"Manufacturer of Bronze Fittings casting Copper Brass parts components\",\"publisher\":{\"@id\":\"https:\\\/\\\/conexmetals.com\\\/pt-br\\\/#organization\"},\"potentialAction\":[{\"@type\":\"SearchAction\",\"target\":{\"@type\":\"EntryPoint\",\"urlTemplate\":\"https:\\\/\\\/conexmetals.com\\\/pt-br\\\/?s={search_term_string}\"},\"query-input\":{\"@type\":\"PropertyValueSpecification\",\"valueRequired\":true,\"valueName\":\"search_term_string\"}}],\"inLanguage\":\"pt-BR\"},{\"@type\":\"Organization\",\"@id\":\"https:\\\/\\\/conexmetals.com\\\/pt-br\\\/#organization\",\"name\":\"Conex Metals Brass Fittings Brass Parts Copper Parts Brass Components Brass Plumbing Fittings India\",\"url\":\"https:\\\/\\\/conexmetals.com\\\/pt-br\\\/\",\"logo\":{\"@type\":\"ImageObject\",\"inLanguage\":\"pt-BR\",\"@id\":\"https:\\\/\\\/conexmetals.com\\\/pt-br\\\/#\\\/schema\\\/logo\\\/image\\\/\",\"url\":\"https:\\\/\\\/conexmetals.com\\\/wp-content\\\/uploads\\\/2024\\\/03\\\/conex-metals-logo.webp\",\"contentUrl\":\"https:\\\/\\\/conexmetals.com\\\/wp-content\\\/uploads\\\/2024\\\/03\\\/conex-metals-logo.webp\",\"width\":300,\"height\":121,\"caption\":\"Conex Metals Brass Fittings Brass Parts Copper Parts Brass Components Brass Plumbing Fittings India\"},\"image\":{\"@id\":\"https:\\\/\\\/conexmetals.com\\\/pt-br\\\/#\\\/schema\\\/logo\\\/image\\\/\"},\"sameAs\":[\"https:\\\/\\\/www.facebook.com\\\/conexbrass\",\"https:\\\/\\\/x.com\\\/conexindia\",\"https:\\\/\\\/www.linkedin.com\\\/company\\\/conex-metals-india\\\/\",\"https:\\\/\\\/www.instagram.com\\\/conexindia\\\/\"]}]}<\/script>\n<!-- \/ Yoast SEO plugin. -->","yoast_head_json":{"title":"Terminais de Contato de Lat\u00e3o","description":"A Conex \u00e9 um fabricante e exportador l\u00edder de terminais de contato de lat\u00e3o e contatos el\u00e9tricos. Nossa gama de produtos inclui conectores de lat\u00e3o, acess\u00f3rios de tubo, acess\u00f3rios em T, acess\u00f3rios de mangueira e acess\u00f3rios especializados, como conectores r\u00e1pidos e acess\u00f3rios de propano. Nossos terminais e acess\u00f3rios de lat\u00e3o de alta qualidade garantem conex\u00f5es confi\u00e1veis em v\u00e1rias aplica\u00e7\u00f5es industriais e dom\u00e9sticas.","robots":{"index":"index","follow":"follow","max-snippet":"max-snippet:-1","max-image-preview":"max-image-preview:large","max-video-preview":"max-video-preview:-1"},"canonical":"https:\/\/conexmetals.com\/pt-br\/produto\/terminais-de-contato-de-latao\/","schema":{"@context":"https:\/\/schema.org","@graph":[{"@type":"WebPage","@id":"https:\/\/conexmetals.com\/pt-br\/produto\/terminais-de-contato-de-latao\/","url":"https:\/\/conexmetals.com\/pt-br\/produto\/terminais-de-contato-de-latao\/","name":"Terminais de Contato de Lat\u00e3o","isPartOf":{"@id":"https:\/\/conexmetals.com\/pt-br\/#website"},"primaryImageOfPage":{"@id":"https:\/\/conexmetals.com\/pt-br\/produto\/terminais-de-contato-de-latao\/#primaryimage"},"image":{"@id":"https:\/\/conexmetals.com\/pt-br\/produto\/terminais-de-contato-de-latao\/#primaryimage"},"thumbnailUrl":"https:\/\/conexmetals.com\/wp-content\/uploads\/2024\/10\/Terminais-de-Contato-de-Latao.png","datePublished":"2023-08-16T07:11:34+00:00","dateModified":"2024-10-19T09:03:19+00:00","description":"A Conex \u00e9 um fabricante e exportador l\u00edder de terminais de contato de lat\u00e3o e contatos el\u00e9tricos. Nossa gama de produtos inclui conectores de lat\u00e3o, acess\u00f3rios de tubo, acess\u00f3rios em T, acess\u00f3rios de mangueira e acess\u00f3rios especializados, como conectores r\u00e1pidos e acess\u00f3rios de propano. Nossos terminais e acess\u00f3rios de lat\u00e3o de alta qualidade garantem conex\u00f5es confi\u00e1veis em v\u00e1rias aplica\u00e7\u00f5es industriais e dom\u00e9sticas.","breadcrumb":{"@id":"https:\/\/conexmetals.com\/pt-br\/produto\/terminais-de-contato-de-latao\/#breadcrumb"},"inLanguage":"pt-BR","potentialAction":[{"@type":"ReadAction","target":["https:\/\/conexmetals.com\/pt-br\/produto\/terminais-de-contato-de-latao\/"]}]},{"@type":"ImageObject","inLanguage":"pt-BR","@id":"https:\/\/conexmetals.com\/pt-br\/produto\/terminais-de-contato-de-latao\/#primaryimage","url":"https:\/\/conexmetals.com\/wp-content\/uploads\/2024\/10\/Terminais-de-Contato-de-Latao.png","contentUrl":"https:\/\/conexmetals.com\/wp-content\/uploads\/2024\/10\/Terminais-de-Contato-de-Latao.png","width":350,"height":350,"caption":"Terminais de Contato de Lat\u00e3o"},{"@type":"BreadcrumbList","@id":"https:\/\/conexmetals.com\/pt-br\/produto\/terminais-de-contato-de-latao\/#breadcrumb","itemListElement":[{"@type":"ListItem","position":1,"name":"Home","item":"https:\/\/conexmetals.com\/pt-br\/lar\/"},{"@type":"ListItem","position":2,"name":"Products","item":"https:\/\/conexmetals.com\/products\/"},{"@type":"ListItem","position":3,"name":"Terminais de Contato de Lat\u00e3o"}]},{"@type":"WebSite","@id":"https:\/\/conexmetals.com\/pt-br\/#website","url":"https:\/\/conexmetals.com\/pt-br\/","name":"Conex Metals Brass Fittings Brass Parts Copper Parts Brass Components Brass Plumbing Fittings India","description":"Manufacturer of Bronze Fittings casting Copper Brass parts components","publisher":{"@id":"https:\/\/conexmetals.com\/pt-br\/#organization"},"potentialAction":[{"@type":"SearchAction","target":{"@type":"EntryPoint","urlTemplate":"https:\/\/conexmetals.com\/pt-br\/?s={search_term_string}"},"query-input":{"@type":"PropertyValueSpecification","valueRequired":true,"valueName":"search_term_string"}}],"inLanguage":"pt-BR"},{"@type":"Organization","@id":"https:\/\/conexmetals.com\/pt-br\/#organization","name":"Conex Metals Brass Fittings Brass Parts Copper Parts Brass Components Brass Plumbing Fittings India","url":"https:\/\/conexmetals.com\/pt-br\/","logo":{"@type":"ImageObject","inLanguage":"pt-BR","@id":"https:\/\/conexmetals.com\/pt-br\/#\/schema\/logo\/image\/","url":"https:\/\/conexmetals.com\/wp-content\/uploads\/2024\/03\/conex-metals-logo.webp","contentUrl":"https:\/\/conexmetals.com\/wp-content\/uploads\/2024\/03\/conex-metals-logo.webp","width":300,"height":121,"caption":"Conex Metals Brass Fittings Brass Parts Copper Parts Brass Components Brass Plumbing Fittings India"},"image":{"@id":"https:\/\/conexmetals.com\/pt-br\/#\/schema\/logo\/image\/"},"sameAs":["https:\/\/www.facebook.com\/conexbrass","https:\/\/x.com\/conexindia","https:\/\/www.linkedin.com\/company\/conex-metals-india\/","https:\/\/www.instagram.com\/conexindia\/"]}]}},"_links":{"self":[{"href":"https:\/\/conexmetals.com\/pt-br\/wp-json\/wp\/v2\/product\/11250","targetHints":{"allow":["GET"]}}],"collection":[{"href":"https:\/\/conexmetals.com\/pt-br\/wp-json\/wp\/v2\/product"}],"about":[{"href":"https:\/\/conexmetals.com\/pt-br\/wp-json\/wp\/v2\/types\/product"}],"wp:featuredmedia":[{"embeddable":true,"href":"https:\/\/conexmetals.com\/pt-br\/wp-json\/wp\/v2\/media\/10338"}],"wp:attachment":[{"href":"https:\/\/conexmetals.com\/pt-br\/wp-json\/wp\/v2\/media?parent=11250"}],"wp:term":[{"taxonomy":"product_brand","embeddable":true,"href":"https:\/\/conexmetals.com\/pt-br\/wp-json\/wp\/v2\/product_brand?post=11250"},{"taxonomy":"product_cat","embeddable":true,"href":"https:\/\/conexmetals.com\/pt-br\/wp-json\/wp\/v2\/product_cat?post=11250"},{"taxonomy":"product_tag","embeddable":true,"href":"https:\/\/conexmetals.com\/pt-br\/wp-json\/wp\/v2\/product_tag?post=11250"}],"curies":[{"name":"wp","href":"https:\/\/api.w.org\/{rel}","templated":true}]}}