{"id":11266,"date":"2023-08-16T12:49:31","date_gmt":"2023-08-16T07:19:31","guid":{"rendered":"https:\/\/conexmetals.com\/?post_type=product&#038;p=11266"},"modified":"2024-10-22T12:11:25","modified_gmt":"2024-10-22T06:41:25","slug":"blocos-de-aterramento-de-latao","status":"publish","type":"product","link":"https:\/\/conexmetals.com\/pt-br\/produto\/blocos-de-aterramento-de-latao\/","title":{"rendered":"Blocos de Aterramento de Lat\u00e3o"},"content":{"rendered":"","protected":false},"excerpt":{"rendered":"<div class=\"elementor-element elementor-element-672075d elementor-widget__width-initial e-transform elementor-widget-mobile__width-initial elementor-widget elementor-widget-woocommerce-product-images\" data-id=\"672075d\" data-element_type=\"widget\" data-settings=\"{&quot;_transform_scale_effect&quot;:{&quot;unit&quot;:&quot;px&quot;,&quot;size&quot;:1,&quot;sizes&quot;:[]},&quot;_transform_scale_effect_tablet&quot;:{&quot;unit&quot;:&quot;px&quot;,&quot;size&quot;:&quot;&quot;,&quot;sizes&quot;:[]},&quot;_transform_scale_effect_mobile&quot;:{&quot;unit&quot;:&quot;px&quot;,&quot;size&quot;:&quot;&quot;,&quot;sizes&quot;:[]}}\" data-widget_type=\"woocommerce-product-images.default\">\n<div class=\"elementor-widget-container\">\n<div class=\"woocommerce-product-gallery woocommerce-product-gallery--with-images woocommerce-product-gallery--columns-4 images\" data-columns=\"4\">\n<div class=\"woocommerce-product-gallery__wrapper\">\n<div class=\"woocommerce-product-gallery__image\" data-thumb=\"https:\/\/conexmetals.com\/wp-content\/uploads\/2023\/12\/Brass-Earth-Terminal-Blocks-100x100.png\" data-thumb-alt=\"Brass Earth Terminal Blocks\" data-thumb-srcset=\"https:\/\/conexmetals.com\/wp-content\/uploads\/2023\/12\/Brass-Earth-Terminal-Blocks-100x100.png 100w, https:\/\/conexmetals.com\/wp-content\/uploads\/2023\/12\/Brass-Earth-Terminal-Blocks-300x300.png 300w, https:\/\/conexmetals.com\/wp-content\/uploads\/2023\/12\/Brass-Earth-Terminal-Blocks-150x150.png 150w, https:\/\/conexmetals.com\/wp-content\/uploads\/2023\/12\/Brass-Earth-Terminal-Blocks.png 350w\"><\/div>\n<\/div>\n<\/div>\n<\/div>\n<\/div>\n<div class=\"elementor-element elementor-element-36d2ab8 elementor-widget elementor-widget-woocommerce-product-short-description\" data-id=\"36d2ab8\" data-element_type=\"widget\" data-widget_type=\"woocommerce-product-short-description.default\">\n<div class=\"elementor-widget-container\">\n<div class=\"woocommerce-product-details__short-description\">\n<table id=\"tablepress-372\" class=\"tablepress tablepress-id-372\">\n<caption>\u00a0<\/caption>\n<thead>\n<tr class=\"row-1 odd\">\n<th class=\"column-1\" colspan=\"3\"><strong><span>Blocos de Terra de Lat\u00e3o<\/span><\/strong><\/th>\n<\/tr>\n<\/thead>\n<tbody class=\"row-hover\">\n<tr class=\"row-2 even\">\n<td class=\"column-1\"><strong><span>Tipo de bloco de terra<\/span><\/strong><\/td>\n<td class=\"column-2\"><strong><span>Dimens\u00f5es<\/span><\/strong><\/td>\n<td class=\"column-3\"><strong><span>Peso unit\u00e1rio<\/span><\/strong><\/td>\n<\/tr>\n<tr class=\"row-3 odd\">\n<td class=\"column-1\"><span>4 vias simples<\/span><\/td>\n<td class=\"column-2\"><span>54 mm x 9 mm x 12 mm<\/span><\/td>\n<td class=\"column-3\"><span>0,06 kg<\/span><\/td>\n<\/tr>\n<tr class=\"row-4 even\">\n<td class=\"column-1\"><span>Duplo de 4 vias<\/span><\/td>\n<td class=\"column-2\"><span>51 mm x 18 mm x 12 mm<\/span><\/td>\n<td class=\"column-3\"><span>0,09 kg<\/span><\/td>\n<\/tr>\n<tr class=\"row-5 odd\">\n<td class=\"column-1\"><span>8 vias simples<\/span><\/td>\n<td class=\"column-2\"><span>88 mm x 18 mm x 12 mm<\/span><\/td>\n<td class=\"column-3\"><span>0,15 kg<\/span><\/td>\n<\/tr>\n<\/tbody>\n<\/table>\n<p><img fetchpriority=\"high\" decoding=\"async\" class=\"wp-image-6935 size-full alignright\" src=\"https:\/\/conexmetals.com\/wp-content\/uploads\/2023\/08\/earth-block-line-drawing.jpg\" alt=\"desenho de bloco de terra\" width=\"443\" height=\"300\" srcset=\"https:\/\/conexmetals.com\/wp-content\/uploads\/2023\/08\/earth-block-line-drawing.jpg 443w, https:\/\/conexmetals.com\/wp-content\/uploads\/2023\/08\/earth-block-line-drawing-300x203.jpg 300w\" sizes=\"(max-width: 443px) 100vw, 443px\" \/><\/p>\n<p><span>Blocos de aterramento de lat\u00e3o, tamb\u00e9m conhecidos como blocos de aterramento de lat\u00e3o ou barras de aterramento de lat\u00e3o, s\u00e3o componentes el\u00e9tricos usados \u200b\u200bpara estabelecer um ponto de aterramento comum para v\u00e1rios equipamentos e condutores el\u00e9tricos dentro de um edif\u00edcio ou sistema el\u00e9trico. O aterramento \u00e9 uma medida de seguran\u00e7a crucial em instala\u00e7\u00f5es el\u00e9tricas, pois fornece um caminho seguro para que as correntes de falha fluam para o solo, reduzindo o risco de choques el\u00e9tricos e evitando danos ao equipamento el\u00e9trico.<\/span><\/p>\n<p><span>O design dos blocos de aterramento de lat\u00e3o geralmente envolve um corpo retangular ou em forma de barra feito de lat\u00e3o. O bloco de aterramento tem v\u00e1rios terminais ou furos onde condutores ou fios de aterramento podem ser conectados e fixados. Esses condutores de aterramento podem vir de v\u00e1rias fontes, como pain\u00e9is el\u00e9tricos, gabinetes de equipamentos ou eletrodos de aterramento.<\/span><\/p>\n<p><span>As principais caracter\u00edsticas e vantagens dos blocos de aterramento de lat\u00e3o incluem:<\/span><\/p>\n<ol>\n<li><strong><span>Condutividade el\u00e9trica<\/span><\/strong><span>\u00a0: O lat\u00e3o \u00e9 um excelente condutor de eletricidade, garantindo dissipa\u00e7\u00e3o eficiente de correntes de falha para o solo.<\/span><\/li>\n<li><strong><span>Resist\u00eancia \u00e0 corros\u00e3o<\/span><\/strong><span>\u00a0: Os blocos de aterramento de lat\u00e3o s\u00e3o projetados para serem resistentes \u00e0 corros\u00e3o, tornando-os adequados para aplica\u00e7\u00f5es de aterramento internas e externas.<\/span><\/li>\n<li><strong><span>V\u00e1rios pontos de termina\u00e7\u00e3o: os blocos de aterramento t\u00eam v\u00e1rios terminais ou furos para acomodar v\u00e1rios condutores de aterramento, permitindo organiza\u00e7\u00e3o e consolida\u00e7\u00e3o eficientes das conex\u00f5es de aterramento.<\/span><\/strong><\/li>\n<li><strong><span>Resist\u00eancia mec\u00e2nica<\/span><\/strong><span>\u00a0: O lat\u00e3o proporciona conex\u00f5es mec\u00e2nicas robustas, garantindo aterramento confi\u00e1vel e duradouro.<\/span><\/li>\n<li><strong><span>Facilidade de instala\u00e7\u00e3o<\/span><\/strong><span>\u00a0: Os blocos de aterramento geralmente s\u00e3o f\u00e1ceis de instalar e exigem conectores el\u00e9tricos padr\u00e3o ou parafusos para termina\u00e7\u00e3o.<\/span><\/li>\n<\/ol>\n<\/div>\n<\/div>\n<\/div>\n","protected":false},"featured_media":10336,"template":"","meta":[],"product_brand":[],"product_cat":[409],"product_tag":[],"class_list":{"0":"post-11266","1":"product","2":"type-product","3":"status-publish","4":"has-post-thumbnail","6":"product_cat-conexoes-de-painel-eletrico","8":"first","9":"instock","10":"shipping-taxable","11":"product-type-simple"},"yoast_head":"<!-- This site is optimized with the Yoast SEO plugin v27.3 - https:\/\/yoast.com\/product\/yoast-seo-wordpress\/ -->\n<title>Blocos de Aterramento de Lat\u00e3o<\/title>\n<meta name=\"description\" content=\"A Conex \u00e9 especializada na fabrica\u00e7\u00e3o e exporta\u00e7\u00e3o de Blocos de Terra de Lat\u00e3o, incluindo blocos de aterramento e barras de terra em v\u00e1rias configura\u00e7\u00f5es, como blocos de 4 e 8 vias. Tamb\u00e9m oferecemos produtos relacionados a tijolos de terra comprimidos e blocos de lama estabilizados para pr\u00e1ticas de constru\u00e7\u00e3o sustent\u00e1veis. Nossos blocos de terra de lat\u00e3o garantem aterramento seguro e eficiente em instala\u00e7\u00f5es el\u00e9tricas.\" \/>\n<meta name=\"robots\" content=\"index, follow, max-snippet:-1, max-image-preview:large, max-video-preview:-1\" \/>\n<link rel=\"canonical\" href=\"https:\/\/conexmetals.com\/pt-br\/produto\/blocos-de-aterramento-de-latao\/\" \/>\n<script type=\"application\/ld+json\" class=\"yoast-schema-graph\">{\"@context\":\"https:\\\/\\\/schema.org\",\"@graph\":[{\"@type\":\"WebPage\",\"@id\":\"https:\\\/\\\/conexmetals.com\\\/pt-br\\\/produto\\\/blocos-de-aterramento-de-latao\\\/\",\"url\":\"https:\\\/\\\/conexmetals.com\\\/pt-br\\\/produto\\\/blocos-de-aterramento-de-latao\\\/\",\"name\":\"Blocos de Aterramento de Lat\u00e3o\",\"isPartOf\":{\"@id\":\"https:\\\/\\\/conexmetals.com\\\/pt-br\\\/#website\"},\"primaryImageOfPage\":{\"@id\":\"https:\\\/\\\/conexmetals.com\\\/pt-br\\\/produto\\\/blocos-de-aterramento-de-latao\\\/#primaryimage\"},\"image\":{\"@id\":\"https:\\\/\\\/conexmetals.com\\\/pt-br\\\/produto\\\/blocos-de-aterramento-de-latao\\\/#primaryimage\"},\"thumbnailUrl\":\"https:\\\/\\\/conexmetals.com\\\/wp-content\\\/uploads\\\/2024\\\/10\\\/Messing-Erdungsblocke-1.png\",\"datePublished\":\"2023-08-16T07:19:31+00:00\",\"dateModified\":\"2024-10-22T06:41:25+00:00\",\"description\":\"A Conex \u00e9 especializada na fabrica\u00e7\u00e3o e exporta\u00e7\u00e3o de Blocos de Terra de Lat\u00e3o, incluindo blocos de aterramento e barras de terra em v\u00e1rias configura\u00e7\u00f5es, como blocos de 4 e 8 vias. Tamb\u00e9m oferecemos produtos relacionados a tijolos de terra comprimidos e blocos de lama estabilizados para pr\u00e1ticas de constru\u00e7\u00e3o sustent\u00e1veis. Nossos blocos de terra de lat\u00e3o garantem aterramento seguro e eficiente em instala\u00e7\u00f5es el\u00e9tricas.\",\"breadcrumb\":{\"@id\":\"https:\\\/\\\/conexmetals.com\\\/pt-br\\\/produto\\\/blocos-de-aterramento-de-latao\\\/#breadcrumb\"},\"inLanguage\":\"pt-BR\",\"potentialAction\":[{\"@type\":\"ReadAction\",\"target\":[\"https:\\\/\\\/conexmetals.com\\\/pt-br\\\/produto\\\/blocos-de-aterramento-de-latao\\\/\"]}]},{\"@type\":\"ImageObject\",\"inLanguage\":\"pt-BR\",\"@id\":\"https:\\\/\\\/conexmetals.com\\\/pt-br\\\/produto\\\/blocos-de-aterramento-de-latao\\\/#primaryimage\",\"url\":\"https:\\\/\\\/conexmetals.com\\\/wp-content\\\/uploads\\\/2024\\\/10\\\/Messing-Erdungsblocke-1.png\",\"contentUrl\":\"https:\\\/\\\/conexmetals.com\\\/wp-content\\\/uploads\\\/2024\\\/10\\\/Messing-Erdungsblocke-1.png\",\"width\":350,\"height\":350,\"caption\":\"Blocos de Aterramento de Lat\u00e3o\"},{\"@type\":\"BreadcrumbList\",\"@id\":\"https:\\\/\\\/conexmetals.com\\\/pt-br\\\/produto\\\/blocos-de-aterramento-de-latao\\\/#breadcrumb\",\"itemListElement\":[{\"@type\":\"ListItem\",\"position\":1,\"name\":\"Home\",\"item\":\"https:\\\/\\\/conexmetals.com\\\/pt-br\\\/lar\\\/\"},{\"@type\":\"ListItem\",\"position\":2,\"name\":\"Products\",\"item\":\"https:\\\/\\\/conexmetals.com\\\/products\\\/\"},{\"@type\":\"ListItem\",\"position\":3,\"name\":\"Blocos de Aterramento de Lat\u00e3o\"}]},{\"@type\":\"WebSite\",\"@id\":\"https:\\\/\\\/conexmetals.com\\\/pt-br\\\/#website\",\"url\":\"https:\\\/\\\/conexmetals.com\\\/pt-br\\\/\",\"name\":\"Conex Metals Brass Fittings Brass Parts Copper Parts Brass Components Brass Plumbing Fittings India\",\"description\":\"Manufacturer of Bronze Fittings casting Copper Brass parts components\",\"publisher\":{\"@id\":\"https:\\\/\\\/conexmetals.com\\\/pt-br\\\/#organization\"},\"potentialAction\":[{\"@type\":\"SearchAction\",\"target\":{\"@type\":\"EntryPoint\",\"urlTemplate\":\"https:\\\/\\\/conexmetals.com\\\/pt-br\\\/?s={search_term_string}\"},\"query-input\":{\"@type\":\"PropertyValueSpecification\",\"valueRequired\":true,\"valueName\":\"search_term_string\"}}],\"inLanguage\":\"pt-BR\"},{\"@type\":\"Organization\",\"@id\":\"https:\\\/\\\/conexmetals.com\\\/pt-br\\\/#organization\",\"name\":\"Conex Metals Brass Fittings Brass Parts Copper Parts Brass Components Brass Plumbing Fittings India\",\"url\":\"https:\\\/\\\/conexmetals.com\\\/pt-br\\\/\",\"logo\":{\"@type\":\"ImageObject\",\"inLanguage\":\"pt-BR\",\"@id\":\"https:\\\/\\\/conexmetals.com\\\/pt-br\\\/#\\\/schema\\\/logo\\\/image\\\/\",\"url\":\"https:\\\/\\\/conexmetals.com\\\/wp-content\\\/uploads\\\/2024\\\/03\\\/conex-metals-logo.webp\",\"contentUrl\":\"https:\\\/\\\/conexmetals.com\\\/wp-content\\\/uploads\\\/2024\\\/03\\\/conex-metals-logo.webp\",\"width\":300,\"height\":121,\"caption\":\"Conex Metals Brass Fittings Brass Parts Copper Parts Brass Components Brass Plumbing Fittings India\"},\"image\":{\"@id\":\"https:\\\/\\\/conexmetals.com\\\/pt-br\\\/#\\\/schema\\\/logo\\\/image\\\/\"},\"sameAs\":[\"https:\\\/\\\/www.facebook.com\\\/conexbrass\",\"https:\\\/\\\/x.com\\\/conexindia\",\"https:\\\/\\\/www.linkedin.com\\\/company\\\/conex-metals-india\\\/\",\"https:\\\/\\\/www.instagram.com\\\/conexindia\\\/\"]}]}<\/script>\n<!-- \/ Yoast SEO plugin. -->","yoast_head_json":{"title":"Blocos de Aterramento de Lat\u00e3o","description":"A Conex \u00e9 especializada na fabrica\u00e7\u00e3o e exporta\u00e7\u00e3o de Blocos de Terra de Lat\u00e3o, incluindo blocos de aterramento e barras de terra em v\u00e1rias configura\u00e7\u00f5es, como blocos de 4 e 8 vias. Tamb\u00e9m oferecemos produtos relacionados a tijolos de terra comprimidos e blocos de lama estabilizados para pr\u00e1ticas de constru\u00e7\u00e3o sustent\u00e1veis. Nossos blocos de terra de lat\u00e3o garantem aterramento seguro e eficiente em instala\u00e7\u00f5es el\u00e9tricas.","robots":{"index":"index","follow":"follow","max-snippet":"max-snippet:-1","max-image-preview":"max-image-preview:large","max-video-preview":"max-video-preview:-1"},"canonical":"https:\/\/conexmetals.com\/pt-br\/produto\/blocos-de-aterramento-de-latao\/","schema":{"@context":"https:\/\/schema.org","@graph":[{"@type":"WebPage","@id":"https:\/\/conexmetals.com\/pt-br\/produto\/blocos-de-aterramento-de-latao\/","url":"https:\/\/conexmetals.com\/pt-br\/produto\/blocos-de-aterramento-de-latao\/","name":"Blocos de Aterramento de Lat\u00e3o","isPartOf":{"@id":"https:\/\/conexmetals.com\/pt-br\/#website"},"primaryImageOfPage":{"@id":"https:\/\/conexmetals.com\/pt-br\/produto\/blocos-de-aterramento-de-latao\/#primaryimage"},"image":{"@id":"https:\/\/conexmetals.com\/pt-br\/produto\/blocos-de-aterramento-de-latao\/#primaryimage"},"thumbnailUrl":"https:\/\/conexmetals.com\/wp-content\/uploads\/2024\/10\/Messing-Erdungsblocke-1.png","datePublished":"2023-08-16T07:19:31+00:00","dateModified":"2024-10-22T06:41:25+00:00","description":"A Conex \u00e9 especializada na fabrica\u00e7\u00e3o e exporta\u00e7\u00e3o de Blocos de Terra de Lat\u00e3o, incluindo blocos de aterramento e barras de terra em v\u00e1rias configura\u00e7\u00f5es, como blocos de 4 e 8 vias. Tamb\u00e9m oferecemos produtos relacionados a tijolos de terra comprimidos e blocos de lama estabilizados para pr\u00e1ticas de constru\u00e7\u00e3o sustent\u00e1veis. Nossos blocos de terra de lat\u00e3o garantem aterramento seguro e eficiente em instala\u00e7\u00f5es el\u00e9tricas.","breadcrumb":{"@id":"https:\/\/conexmetals.com\/pt-br\/produto\/blocos-de-aterramento-de-latao\/#breadcrumb"},"inLanguage":"pt-BR","potentialAction":[{"@type":"ReadAction","target":["https:\/\/conexmetals.com\/pt-br\/produto\/blocos-de-aterramento-de-latao\/"]}]},{"@type":"ImageObject","inLanguage":"pt-BR","@id":"https:\/\/conexmetals.com\/pt-br\/produto\/blocos-de-aterramento-de-latao\/#primaryimage","url":"https:\/\/conexmetals.com\/wp-content\/uploads\/2024\/10\/Messing-Erdungsblocke-1.png","contentUrl":"https:\/\/conexmetals.com\/wp-content\/uploads\/2024\/10\/Messing-Erdungsblocke-1.png","width":350,"height":350,"caption":"Blocos de Aterramento de Lat\u00e3o"},{"@type":"BreadcrumbList","@id":"https:\/\/conexmetals.com\/pt-br\/produto\/blocos-de-aterramento-de-latao\/#breadcrumb","itemListElement":[{"@type":"ListItem","position":1,"name":"Home","item":"https:\/\/conexmetals.com\/pt-br\/lar\/"},{"@type":"ListItem","position":2,"name":"Products","item":"https:\/\/conexmetals.com\/products\/"},{"@type":"ListItem","position":3,"name":"Blocos de Aterramento de Lat\u00e3o"}]},{"@type":"WebSite","@id":"https:\/\/conexmetals.com\/pt-br\/#website","url":"https:\/\/conexmetals.com\/pt-br\/","name":"Conex Metals Brass Fittings Brass Parts Copper Parts Brass Components Brass Plumbing Fittings India","description":"Manufacturer of Bronze Fittings casting Copper Brass parts components","publisher":{"@id":"https:\/\/conexmetals.com\/pt-br\/#organization"},"potentialAction":[{"@type":"SearchAction","target":{"@type":"EntryPoint","urlTemplate":"https:\/\/conexmetals.com\/pt-br\/?s={search_term_string}"},"query-input":{"@type":"PropertyValueSpecification","valueRequired":true,"valueName":"search_term_string"}}],"inLanguage":"pt-BR"},{"@type":"Organization","@id":"https:\/\/conexmetals.com\/pt-br\/#organization","name":"Conex Metals Brass Fittings Brass Parts Copper Parts Brass Components Brass Plumbing Fittings India","url":"https:\/\/conexmetals.com\/pt-br\/","logo":{"@type":"ImageObject","inLanguage":"pt-BR","@id":"https:\/\/conexmetals.com\/pt-br\/#\/schema\/logo\/image\/","url":"https:\/\/conexmetals.com\/wp-content\/uploads\/2024\/03\/conex-metals-logo.webp","contentUrl":"https:\/\/conexmetals.com\/wp-content\/uploads\/2024\/03\/conex-metals-logo.webp","width":300,"height":121,"caption":"Conex Metals Brass Fittings Brass Parts Copper Parts Brass Components Brass Plumbing Fittings India"},"image":{"@id":"https:\/\/conexmetals.com\/pt-br\/#\/schema\/logo\/image\/"},"sameAs":["https:\/\/www.facebook.com\/conexbrass","https:\/\/x.com\/conexindia","https:\/\/www.linkedin.com\/company\/conex-metals-india\/","https:\/\/www.instagram.com\/conexindia\/"]}]}},"_links":{"self":[{"href":"https:\/\/conexmetals.com\/pt-br\/wp-json\/wp\/v2\/product\/11266","targetHints":{"allow":["GET"]}}],"collection":[{"href":"https:\/\/conexmetals.com\/pt-br\/wp-json\/wp\/v2\/product"}],"about":[{"href":"https:\/\/conexmetals.com\/pt-br\/wp-json\/wp\/v2\/types\/product"}],"wp:featuredmedia":[{"embeddable":true,"href":"https:\/\/conexmetals.com\/pt-br\/wp-json\/wp\/v2\/media\/10336"}],"wp:attachment":[{"href":"https:\/\/conexmetals.com\/pt-br\/wp-json\/wp\/v2\/media?parent=11266"}],"wp:term":[{"taxonomy":"product_brand","embeddable":true,"href":"https:\/\/conexmetals.com\/pt-br\/wp-json\/wp\/v2\/product_brand?post=11266"},{"taxonomy":"product_cat","embeddable":true,"href":"https:\/\/conexmetals.com\/pt-br\/wp-json\/wp\/v2\/product_cat?post=11266"},{"taxonomy":"product_tag","embeddable":true,"href":"https:\/\/conexmetals.com\/pt-br\/wp-json\/wp\/v2\/product_tag?post=11266"}],"curies":[{"name":"wp","href":"https:\/\/api.w.org\/{rel}","templated":true}]}}