{"id":11273,"date":"2023-08-16T12:26:01","date_gmt":"2023-08-16T06:56:01","guid":{"rendered":"https:\/\/conexmetals.com\/?post_type=product&#038;p=11273"},"modified":"2024-10-22T12:28:25","modified_gmt":"2024-10-22T06:58:25","slug":"conectores-neutros-de-latao","status":"publish","type":"product","link":"https:\/\/conexmetals.com\/pt-br\/produto\/conectores-neutros-de-latao\/","title":{"rendered":"Conectores Neutros de Lat\u00e3o"},"content":{"rendered":"","protected":false},"excerpt":{"rendered":"<p><span>Na Conex Metals, fornecemos uma ampla sele\u00e7\u00e3o de Barras de Liga\u00e7\u00e3o Neutra de Lat\u00e3o, Barras de Aterramento Neutro e Blocos de Terminais de Lat\u00e3o, personalizados para atender \u00e0s diversas necessidades das ind\u00fastrias el\u00e9trica, eletr\u00f4nica e de telecomunica\u00e7\u00f5es. Nossos produtos s\u00e3o fabricados com precis\u00e3o e oferecidos a pre\u00e7os competitivos, acompanhados por um atendimento ao cliente excepcional. Aderimos a padr\u00f5es internacionais e toler\u00e2ncias r\u00edgidas na fabrica\u00e7\u00e3o de nossas Barras de Liga\u00e7\u00e3o Neutra e Terminais de Aterramento.<\/span><\/p>\n<p><span>Nossos Links Neutros de Lat\u00e3o, Barras de Aterramento e Blocos Terminais v\u00eam em v\u00e1rios tamanhos e configura\u00e7\u00f5es, incluindo op\u00e7\u00f5es como 4 vias, 8 vias, 12 vias, 26 vias e at\u00e9 mesmo comprimentos de 1 metro. Esses produtos est\u00e3o dispon\u00edveis com acabamento estanhado ou niquelado, e tamb\u00e9m podemos personalizar barras neutras de aterramento para atender aos requisitos espec\u00edficos do cliente.<\/span><\/p>\n<p><span>Nossas Barras de Liga\u00e7\u00e3o Neutra de Lat\u00e3o s\u00e3o projetadas para uso em todos os tipos de pain\u00e9is, engrenagens de comuta\u00e7\u00e3o e pain\u00e9is de comuta\u00e7\u00e3o el\u00e9trica. Elas s\u00e3o comumente utilizadas em pain\u00e9is el\u00e9tricos principais, medidores ou queda de rua e no transformador abaixador final da cadeia de suprimentos.<\/span><\/p>\n<p><strong><span>Especifica\u00e7\u00f5es do material<\/span><\/strong><span>\u00a0:<\/span><\/p>\n<ul>\n<li><span>Lat\u00e3o de corte livre de alta qualidade<\/span><\/li>\n<li><span>Ligas de lat\u00e3o: CuZn39Pb3, CuZn39Pb2, CuZn38Pb1.5, CuZn37Pb2, CuZn40Pb2, MS 58, BS2874, IS 319 (Tipo I e II)<\/span><\/li>\n<li><span>Normas ASTM: C35300, C35330 DZR, C36000 (CDA 360), C36500, C37000, C37100, C37700, C37710, C38500<\/span><\/li>\n<li><span>Normas BS: CZ121, CZ122, CZ124, CZ128, CZ131, CZ132<\/span><\/li>\n<li><span>Normas EN: CW602N, CW603N, CW606N, CW608N, CW612N, CW614N, CW617N<\/span><\/li>\n<li><span>Normas JIS: C3601, C3602, C3603, C3604, C3605, C3712, C3771<\/span><\/li>\n<li><span>Composi\u00e7\u00f5es especiais de materiais de lat\u00e3o est\u00e3o dispon\u00edveis mediante solicita\u00e7\u00e3o.<\/span><\/li>\n<\/ul>\n<p>&nbsp;<\/p>\n<p><strong><span>Linha de produtos<\/span><\/strong><span>\u00a0:<\/span><\/p>\n<ul>\n<li><span>Dispon\u00edvel em configura\u00e7\u00f5es de 2 vias a 108 vias, com comprimentos de at\u00e9 1,5 metros.<\/span><\/li>\n<li><span>Os tamanhos variam de M2 \u200b\u200ba M30, com tamanhos especiais at\u00e9 M36 e tamanhos padr\u00e3o, incluindo 1\/8&#8221;, 5\/32&#8221;, 3\/16&#8221;, 1\/4&#8221;, 5\/16&#8221;, 3\/8&#8221;, 1\/2&#8221;, 3\/4&#8221;, 1&#8221;, 1-1\/2\u201d, 2\u201d ou designs personalizados com base em suas necessidades.<\/span><\/li>\n<\/ul>\n<p>&nbsp;<\/p>\n<p><strong><span>Especifica\u00e7\u00f5es da rosca<\/span><\/strong><span>\u00a0:<\/span><\/p>\n<ul>\n<li><span>As roscas incluem ISO Metric (MM), BA, BSW, BSP, BSPT, BSF, BSB, UNC, UNF, UNEF, NPT, NPS e quaisquer outras roscas especificadas de acordo com os requisitos do cliente.<\/span><\/li>\n<\/ul>\n<p>&nbsp;<\/p>\n<p><strong><span>Acess\u00f3rios<\/span><\/strong><span>\u00a0:<\/span><\/p>\n<ul>\n<li><span>Fornecemos conjuntos completos com parafusos (lat\u00e3o\/a\u00e7o), arruelas, porcas, placas de conex\u00e3o e quaisquer componentes de pl\u00e1stico ou borracha necess\u00e1rios, conforme as necessidades do cliente.<\/span><\/li>\n<\/ul>\n<p>&nbsp;<\/p>\n<p><strong><span>Aplica\u00e7\u00f5es<\/span><\/strong><span>\u00a0:<\/span><\/p>\n<ul>\n<li><span>Nossos produtos s\u00e3o amplamente utilizados como componentes essenciais em pain\u00e9is, quadros el\u00e9tricos e nas ind\u00fastrias eletr\u00f4nica e de telecomunica\u00e7\u00f5es.<\/span><\/li>\n<\/ul>\n<p>&nbsp;<\/p>\n<p><strong><span>Op\u00e7\u00f5es de acabamento e revestimento<\/span><\/strong><span>\u00a0:<\/span><\/p>\n<ul>\n<li><span>Limpeza natural, niquelado, eletroestanhado, prateado, cobreado, zincado, cromado ou qualquer acabamento de superf\u00edcie especificado.<\/span><\/li>\n<\/ul>\n<p><span>Para quaisquer necessidades espec\u00edficas relacionadas a Neutral Links, a Conex Metals est\u00e1 aqui para fornecer solu\u00e7\u00f5es de alta qualidade sob medida para suas especifica\u00e7\u00f5es exatas. Entre em contato conosco para um or\u00e7amento r\u00e1pido!<\/span><\/p>\n","protected":false},"featured_media":10337,"template":"","meta":[],"product_brand":[],"product_cat":[409],"product_tag":[],"class_list":{"0":"post-11273","1":"product","2":"type-product","3":"status-publish","4":"has-post-thumbnail","6":"product_cat-conexoes-de-painel-eletrico","8":"first","9":"instock","10":"shipping-taxable","11":"product-type-simple"},"yoast_head":"<!-- This site is optimized with the Yoast SEO plugin v27.3 - https:\/\/yoast.com\/product\/yoast-seo-wordpress\/ -->\n<title>Conectores Neutros de Lat\u00e3o<\/title>\n<meta name=\"description\" content=\"A Conex oferece uma variedade de Conex\u00f5es Neutras de Lat\u00e3o, incluindo barras e blocos neutros para aplica\u00e7\u00f5es el\u00e9tricas. Nossos produtos s\u00e3o projetados para garantir condutividade e durabilidade ideais, garantindo conex\u00f5es seguras em pain\u00e9is e sistemas el\u00e9tricos. Como fabricante de confian\u00e7a, exportamos conex\u00f5es neutras de lat\u00e3o de alta qualidade para todo o mundo.\" \/>\n<meta name=\"robots\" content=\"index, follow, max-snippet:-1, max-image-preview:large, max-video-preview:-1\" \/>\n<link rel=\"canonical\" href=\"https:\/\/conexmetals.com\/pt-br\/produto\/conectores-neutros-de-latao\/\" \/>\n<script type=\"application\/ld+json\" class=\"yoast-schema-graph\">{\"@context\":\"https:\\\/\\\/schema.org\",\"@graph\":[{\"@type\":\"WebPage\",\"@id\":\"https:\\\/\\\/conexmetals.com\\\/pt-br\\\/produto\\\/conectores-neutros-de-latao\\\/\",\"url\":\"https:\\\/\\\/conexmetals.com\\\/pt-br\\\/produto\\\/conectores-neutros-de-latao\\\/\",\"name\":\"Conectores Neutros de Lat\u00e3o\",\"isPartOf\":{\"@id\":\"https:\\\/\\\/conexmetals.com\\\/pt-br\\\/#website\"},\"primaryImageOfPage\":{\"@id\":\"https:\\\/\\\/conexmetals.com\\\/pt-br\\\/produto\\\/conectores-neutros-de-latao\\\/#primaryimage\"},\"image\":{\"@id\":\"https:\\\/\\\/conexmetals.com\\\/pt-br\\\/produto\\\/conectores-neutros-de-latao\\\/#primaryimage\"},\"thumbnailUrl\":\"https:\\\/\\\/conexmetals.com\\\/wp-content\\\/uploads\\\/2024\\\/10\\\/Conectores-Neutros-de-Latao.png\",\"datePublished\":\"2023-08-16T06:56:01+00:00\",\"dateModified\":\"2024-10-22T06:58:25+00:00\",\"description\":\"A Conex oferece uma variedade de Conex\u00f5es Neutras de Lat\u00e3o, incluindo barras e blocos neutros para aplica\u00e7\u00f5es el\u00e9tricas. Nossos produtos s\u00e3o projetados para garantir condutividade e durabilidade ideais, garantindo conex\u00f5es seguras em pain\u00e9is e sistemas el\u00e9tricos. Como fabricante de confian\u00e7a, exportamos conex\u00f5es neutras de lat\u00e3o de alta qualidade para todo o mundo.\",\"breadcrumb\":{\"@id\":\"https:\\\/\\\/conexmetals.com\\\/pt-br\\\/produto\\\/conectores-neutros-de-latao\\\/#breadcrumb\"},\"inLanguage\":\"pt-BR\",\"potentialAction\":[{\"@type\":\"ReadAction\",\"target\":[\"https:\\\/\\\/conexmetals.com\\\/pt-br\\\/produto\\\/conectores-neutros-de-latao\\\/\"]}]},{\"@type\":\"ImageObject\",\"inLanguage\":\"pt-BR\",\"@id\":\"https:\\\/\\\/conexmetals.com\\\/pt-br\\\/produto\\\/conectores-neutros-de-latao\\\/#primaryimage\",\"url\":\"https:\\\/\\\/conexmetals.com\\\/wp-content\\\/uploads\\\/2024\\\/10\\\/Conectores-Neutros-de-Latao.png\",\"contentUrl\":\"https:\\\/\\\/conexmetals.com\\\/wp-content\\\/uploads\\\/2024\\\/10\\\/Conectores-Neutros-de-Latao.png\",\"width\":350,\"height\":350,\"caption\":\"Conectores Neutros de Lat\u00e3o\"},{\"@type\":\"BreadcrumbList\",\"@id\":\"https:\\\/\\\/conexmetals.com\\\/pt-br\\\/produto\\\/conectores-neutros-de-latao\\\/#breadcrumb\",\"itemListElement\":[{\"@type\":\"ListItem\",\"position\":1,\"name\":\"Home\",\"item\":\"https:\\\/\\\/conexmetals.com\\\/pt-br\\\/lar\\\/\"},{\"@type\":\"ListItem\",\"position\":2,\"name\":\"Products\",\"item\":\"https:\\\/\\\/conexmetals.com\\\/products\\\/\"},{\"@type\":\"ListItem\",\"position\":3,\"name\":\"Conectores Neutros de Lat\u00e3o\"}]},{\"@type\":\"WebSite\",\"@id\":\"https:\\\/\\\/conexmetals.com\\\/pt-br\\\/#website\",\"url\":\"https:\\\/\\\/conexmetals.com\\\/pt-br\\\/\",\"name\":\"Conex Metals Brass Fittings Brass Parts Copper Parts Brass Components Brass Plumbing Fittings India\",\"description\":\"Manufacturer of Bronze Fittings casting Copper Brass parts components\",\"publisher\":{\"@id\":\"https:\\\/\\\/conexmetals.com\\\/pt-br\\\/#organization\"},\"potentialAction\":[{\"@type\":\"SearchAction\",\"target\":{\"@type\":\"EntryPoint\",\"urlTemplate\":\"https:\\\/\\\/conexmetals.com\\\/pt-br\\\/?s={search_term_string}\"},\"query-input\":{\"@type\":\"PropertyValueSpecification\",\"valueRequired\":true,\"valueName\":\"search_term_string\"}}],\"inLanguage\":\"pt-BR\"},{\"@type\":\"Organization\",\"@id\":\"https:\\\/\\\/conexmetals.com\\\/pt-br\\\/#organization\",\"name\":\"Conex Metals Brass Fittings Brass Parts Copper Parts Brass Components Brass Plumbing Fittings India\",\"url\":\"https:\\\/\\\/conexmetals.com\\\/pt-br\\\/\",\"logo\":{\"@type\":\"ImageObject\",\"inLanguage\":\"pt-BR\",\"@id\":\"https:\\\/\\\/conexmetals.com\\\/pt-br\\\/#\\\/schema\\\/logo\\\/image\\\/\",\"url\":\"https:\\\/\\\/conexmetals.com\\\/wp-content\\\/uploads\\\/2024\\\/03\\\/conex-metals-logo.webp\",\"contentUrl\":\"https:\\\/\\\/conexmetals.com\\\/wp-content\\\/uploads\\\/2024\\\/03\\\/conex-metals-logo.webp\",\"width\":300,\"height\":121,\"caption\":\"Conex Metals Brass Fittings Brass Parts Copper Parts Brass Components Brass Plumbing Fittings India\"},\"image\":{\"@id\":\"https:\\\/\\\/conexmetals.com\\\/pt-br\\\/#\\\/schema\\\/logo\\\/image\\\/\"},\"sameAs\":[\"https:\\\/\\\/www.facebook.com\\\/conexbrass\",\"https:\\\/\\\/x.com\\\/conexindia\",\"https:\\\/\\\/www.linkedin.com\\\/company\\\/conex-metals-india\\\/\",\"https:\\\/\\\/www.instagram.com\\\/conexindia\\\/\"]}]}<\/script>\n<!-- \/ Yoast SEO plugin. -->","yoast_head_json":{"title":"Conectores Neutros de Lat\u00e3o","description":"A Conex oferece uma variedade de Conex\u00f5es Neutras de Lat\u00e3o, incluindo barras e blocos neutros para aplica\u00e7\u00f5es el\u00e9tricas. Nossos produtos s\u00e3o projetados para garantir condutividade e durabilidade ideais, garantindo conex\u00f5es seguras em pain\u00e9is e sistemas el\u00e9tricos. Como fabricante de confian\u00e7a, exportamos conex\u00f5es neutras de lat\u00e3o de alta qualidade para todo o mundo.","robots":{"index":"index","follow":"follow","max-snippet":"max-snippet:-1","max-image-preview":"max-image-preview:large","max-video-preview":"max-video-preview:-1"},"canonical":"https:\/\/conexmetals.com\/pt-br\/produto\/conectores-neutros-de-latao\/","schema":{"@context":"https:\/\/schema.org","@graph":[{"@type":"WebPage","@id":"https:\/\/conexmetals.com\/pt-br\/produto\/conectores-neutros-de-latao\/","url":"https:\/\/conexmetals.com\/pt-br\/produto\/conectores-neutros-de-latao\/","name":"Conectores Neutros de Lat\u00e3o","isPartOf":{"@id":"https:\/\/conexmetals.com\/pt-br\/#website"},"primaryImageOfPage":{"@id":"https:\/\/conexmetals.com\/pt-br\/produto\/conectores-neutros-de-latao\/#primaryimage"},"image":{"@id":"https:\/\/conexmetals.com\/pt-br\/produto\/conectores-neutros-de-latao\/#primaryimage"},"thumbnailUrl":"https:\/\/conexmetals.com\/wp-content\/uploads\/2024\/10\/Conectores-Neutros-de-Latao.png","datePublished":"2023-08-16T06:56:01+00:00","dateModified":"2024-10-22T06:58:25+00:00","description":"A Conex oferece uma variedade de Conex\u00f5es Neutras de Lat\u00e3o, incluindo barras e blocos neutros para aplica\u00e7\u00f5es el\u00e9tricas. Nossos produtos s\u00e3o projetados para garantir condutividade e durabilidade ideais, garantindo conex\u00f5es seguras em pain\u00e9is e sistemas el\u00e9tricos. Como fabricante de confian\u00e7a, exportamos conex\u00f5es neutras de lat\u00e3o de alta qualidade para todo o mundo.","breadcrumb":{"@id":"https:\/\/conexmetals.com\/pt-br\/produto\/conectores-neutros-de-latao\/#breadcrumb"},"inLanguage":"pt-BR","potentialAction":[{"@type":"ReadAction","target":["https:\/\/conexmetals.com\/pt-br\/produto\/conectores-neutros-de-latao\/"]}]},{"@type":"ImageObject","inLanguage":"pt-BR","@id":"https:\/\/conexmetals.com\/pt-br\/produto\/conectores-neutros-de-latao\/#primaryimage","url":"https:\/\/conexmetals.com\/wp-content\/uploads\/2024\/10\/Conectores-Neutros-de-Latao.png","contentUrl":"https:\/\/conexmetals.com\/wp-content\/uploads\/2024\/10\/Conectores-Neutros-de-Latao.png","width":350,"height":350,"caption":"Conectores Neutros de Lat\u00e3o"},{"@type":"BreadcrumbList","@id":"https:\/\/conexmetals.com\/pt-br\/produto\/conectores-neutros-de-latao\/#breadcrumb","itemListElement":[{"@type":"ListItem","position":1,"name":"Home","item":"https:\/\/conexmetals.com\/pt-br\/lar\/"},{"@type":"ListItem","position":2,"name":"Products","item":"https:\/\/conexmetals.com\/products\/"},{"@type":"ListItem","position":3,"name":"Conectores Neutros de Lat\u00e3o"}]},{"@type":"WebSite","@id":"https:\/\/conexmetals.com\/pt-br\/#website","url":"https:\/\/conexmetals.com\/pt-br\/","name":"Conex Metals Brass Fittings Brass Parts Copper Parts Brass Components Brass Plumbing Fittings India","description":"Manufacturer of Bronze Fittings casting Copper Brass parts components","publisher":{"@id":"https:\/\/conexmetals.com\/pt-br\/#organization"},"potentialAction":[{"@type":"SearchAction","target":{"@type":"EntryPoint","urlTemplate":"https:\/\/conexmetals.com\/pt-br\/?s={search_term_string}"},"query-input":{"@type":"PropertyValueSpecification","valueRequired":true,"valueName":"search_term_string"}}],"inLanguage":"pt-BR"},{"@type":"Organization","@id":"https:\/\/conexmetals.com\/pt-br\/#organization","name":"Conex Metals Brass Fittings Brass Parts Copper Parts Brass Components Brass Plumbing Fittings India","url":"https:\/\/conexmetals.com\/pt-br\/","logo":{"@type":"ImageObject","inLanguage":"pt-BR","@id":"https:\/\/conexmetals.com\/pt-br\/#\/schema\/logo\/image\/","url":"https:\/\/conexmetals.com\/wp-content\/uploads\/2024\/03\/conex-metals-logo.webp","contentUrl":"https:\/\/conexmetals.com\/wp-content\/uploads\/2024\/03\/conex-metals-logo.webp","width":300,"height":121,"caption":"Conex Metals Brass Fittings Brass Parts Copper Parts Brass Components Brass Plumbing Fittings India"},"image":{"@id":"https:\/\/conexmetals.com\/pt-br\/#\/schema\/logo\/image\/"},"sameAs":["https:\/\/www.facebook.com\/conexbrass","https:\/\/x.com\/conexindia","https:\/\/www.linkedin.com\/company\/conex-metals-india\/","https:\/\/www.instagram.com\/conexindia\/"]}]}},"_links":{"self":[{"href":"https:\/\/conexmetals.com\/pt-br\/wp-json\/wp\/v2\/product\/11273","targetHints":{"allow":["GET"]}}],"collection":[{"href":"https:\/\/conexmetals.com\/pt-br\/wp-json\/wp\/v2\/product"}],"about":[{"href":"https:\/\/conexmetals.com\/pt-br\/wp-json\/wp\/v2\/types\/product"}],"wp:featuredmedia":[{"embeddable":true,"href":"https:\/\/conexmetals.com\/pt-br\/wp-json\/wp\/v2\/media\/10337"}],"wp:attachment":[{"href":"https:\/\/conexmetals.com\/pt-br\/wp-json\/wp\/v2\/media?parent=11273"}],"wp:term":[{"taxonomy":"product_brand","embeddable":true,"href":"https:\/\/conexmetals.com\/pt-br\/wp-json\/wp\/v2\/product_brand?post=11273"},{"taxonomy":"product_cat","embeddable":true,"href":"https:\/\/conexmetals.com\/pt-br\/wp-json\/wp\/v2\/product_cat?post=11273"},{"taxonomy":"product_tag","embeddable":true,"href":"https:\/\/conexmetals.com\/pt-br\/wp-json\/wp\/v2\/product_tag?post=11273"}],"curies":[{"name":"wp","href":"https:\/\/api.w.org\/{rel}","templated":true}]}}