{"id":11918,"date":"2023-08-17T11:31:35","date_gmt":"2023-08-17T06:01:35","guid":{"rendered":"https:\/\/conexmetals.com\/?post_type=product&#038;p=11918"},"modified":"2024-10-24T14:16:43","modified_gmt":"2024-10-24T08:46:43","slug":"curvas-de-conduite-de-latao","status":"publish","type":"product","link":"https:\/\/conexmetals.com\/pt-br\/produto\/curvas-de-conduite-de-latao\/","title":{"rendered":"Curvas de Condu\u00edte de Lat\u00e3o"},"content":{"rendered":"","protected":false},"excerpt":{"rendered":"<div class=\"elementor-element elementor-element-672075d elementor-widget__width-initial e-transform elementor-widget-mobile__width-initial elementor-widget elementor-widget-woocommerce-product-images\" data-id=\"672075d\" data-element_type=\"widget\" data-settings=\"{&quot;_transform_scale_effect&quot;:{&quot;unit&quot;:&quot;px&quot;,&quot;size&quot;:1,&quot;sizes&quot;:[]},&quot;_transform_scale_effect_tablet&quot;:{&quot;unit&quot;:&quot;px&quot;,&quot;size&quot;:&quot;&quot;,&quot;sizes&quot;:[]},&quot;_transform_scale_effect_mobile&quot;:{&quot;unit&quot;:&quot;px&quot;,&quot;size&quot;:&quot;&quot;,&quot;sizes&quot;:[]}}\" data-widget_type=\"woocommerce-product-images.default\">\n<div class=\"elementor-widget-container\">\n<div class=\"woocommerce-product-gallery woocommerce-product-gallery--with-images woocommerce-product-gallery--columns-4 images\" data-columns=\"4\">\n<div class=\"woocommerce-product-gallery__wrapper\">\n<div class=\"woocommerce-product-gallery__image\" data-thumb=\"https:\/\/conexmetals.com\/wp-content\/uploads\/2023\/11\/Brass-Conduit-Elbows-100x100.png\" data-thumb-alt=\"Brass Conduit Elbows\" data-thumb-srcset=\"https:\/\/conexmetals.com\/wp-content\/uploads\/2023\/11\/Brass-Conduit-Elbows-100x100.png 100w, https:\/\/conexmetals.com\/wp-content\/uploads\/2023\/11\/Brass-Conduit-Elbows-300x300.png 300w, https:\/\/conexmetals.com\/wp-content\/uploads\/2023\/11\/Brass-Conduit-Elbows-150x150.png 150w, https:\/\/conexmetals.com\/wp-content\/uploads\/2023\/11\/Brass-Conduit-Elbows.png 350w\"><\/div>\n<\/div>\n<\/div>\n<\/div>\n<\/div>\n<div class=\"elementor-element elementor-element-36d2ab8 elementor-widget elementor-widget-woocommerce-product-short-description\" data-id=\"36d2ab8\" data-element_type=\"widget\" data-widget_type=\"woocommerce-product-short-description.default\">\n<div class=\"elementor-widget-container\">\n<div class=\"woocommerce-product-details__short-description\">\n<table id=\"tablepress-379\" class=\"tablepress tablepress-id-379\">\n<caption>\u00a0<\/caption>\n<thead>\n<tr class=\"row-1 odd\">\n<th class=\"column-1\" colspan=\"5\"><strong><span>Cotovelos de condu\u00edte de lat\u00e3o<\/span><\/strong><\/th>\n<\/tr>\n<\/thead>\n<tbody class=\"row-hover\">\n<tr class=\"row-2 even\">\n<td class=\"column-1\"><strong><span>Tamanho do condu\u00edte dos EUA<\/span><\/strong><\/td>\n<td class=\"column-2\"><strong><span>Tamanho nominal do condu\u00edte<\/span><\/strong><\/td>\n<td class=\"column-3\"><strong><span>Di\u00e2metro externo<\/span><\/strong><\/td>\n<td class=\"column-4\"><strong><span>Di\u00e2metro interno<\/span><\/strong><\/td>\n<td class=\"column-5\"><strong><span>Comprimentos de bobina (m)<\/span><\/strong><\/td>\n<\/tr>\n<tr class=\"row-3 odd\">\n<td class=\"column-1\"><span>3\/8\u201d<\/span><\/td>\n<td class=\"column-2\"><span>16 mm<\/span><\/td>\n<td class=\"column-3\"><span>17,8 mm<\/span><\/td>\n<td class=\"column-4\"><span>12,5 mm<\/span><\/td>\n<td class=\"column-5\"><span>10<\/span><\/td>\n<\/tr>\n<tr class=\"row-4 even\">\n<td class=\"column-1\"><span>3\/8\u201d<\/span><\/td>\n<td class=\"column-2\"><span>16 mm<\/span><\/td>\n<td class=\"column-3\"><span>17,8 mm<\/span><\/td>\n<td class=\"column-4\"><span>12,5 mm<\/span><\/td>\n<td class=\"column-5\"><span>30<\/span><\/td>\n<\/tr>\n<tr class=\"row-5 odd\">\n<td class=\"column-1\"><span>1\/2\u201d<\/span><\/td>\n<td class=\"column-2\"><span>20mm<\/span><\/td>\n<td class=\"column-3\"><span>21,1 mm<\/span><\/td>\n<td class=\"column-4\"><span>15,9 mm<\/span><\/td>\n<td class=\"column-5\"><span>10<\/span><\/td>\n<\/tr>\n<tr class=\"row-6 even\">\n<td class=\"column-1\"><span>1\/2\u201d<\/span><\/td>\n<td class=\"column-2\"><span>20mm<\/span><\/td>\n<td class=\"column-3\"><span>21,1 mm<\/span><\/td>\n<td class=\"column-4\"><span>15,9 mm<\/span><\/td>\n<td class=\"column-5\"><span>30<\/span><\/td>\n<\/tr>\n<tr class=\"row-7 odd\">\n<td class=\"column-1\"><span>3\/4\u201d<\/span><\/td>\n<td class=\"column-2\"><span>25mm<\/span><\/td>\n<td class=\"column-3\"><span>26,4 mm<\/span><\/td>\n<td class=\"column-4\"><span>21,0 mm<\/span><\/td>\n<td class=\"column-5\"><span>10<\/span><\/td>\n<\/tr>\n<tr class=\"row-8 even\">\n<td class=\"column-1\"><span>3\/4\u201d<\/span><\/td>\n<td class=\"column-2\"><span>25mm<\/span><\/td>\n<td class=\"column-3\"><span>26,4 mm<\/span><\/td>\n<td class=\"column-4\"><span>21,0 mm<\/span><\/td>\n<td class=\"column-5\"><span>30<\/span><\/td>\n<\/tr>\n<tr class=\"row-9 odd\">\n<td class=\"column-1\"><span>1\u201d<\/span><\/td>\n<td class=\"column-2\"><span>32mm<\/span><\/td>\n<td class=\"column-3\"><span>33,1 mm<\/span><\/td>\n<td class=\"column-4\"><span>26,4 mm<\/span><\/td>\n<td class=\"column-5\"><span>10<\/span><\/td>\n<\/tr>\n<tr class=\"row-10 even\">\n<td class=\"column-1\"><span>1\u201d<\/span><\/td>\n<td class=\"column-2\"><span>32mm<\/span><\/td>\n<td class=\"column-3\"><span>33,1 mm<\/span><\/td>\n<td class=\"column-4\"><span>26,4 mm<\/span><\/td>\n<td class=\"column-5\"><span>20<\/span><\/td>\n<\/tr>\n<tr class=\"row-11 odd\">\n<td class=\"column-1\"><span>1 1\/4\u201d<\/span><\/td>\n<td class=\"column-2\"><span>40 mm<\/span><\/td>\n<td class=\"column-3\"><span>41,8 mm<\/span><\/td>\n<td class=\"column-4\"><span>35,4 mm<\/span><\/td>\n<td class=\"column-5\"><span>10<\/span><\/td>\n<\/tr>\n<tr class=\"row-12 even\">\n<td class=\"column-1\"><span>1 1\/4\u201d<\/span><\/td>\n<td class=\"column-2\"><span>40 mm<\/span><\/td>\n<td class=\"column-3\"><span>41,8 mm<\/span><\/td>\n<td class=\"column-4\"><span>35,4 mm<\/span><\/td>\n<td class=\"column-5\"><span>20<\/span><\/td>\n<\/tr>\n<tr class=\"row-13 odd\">\n<td class=\"column-1\"><span>1 1\/2\u201d<\/span><\/td>\n<td class=\"column-2\"><span>50 mm<\/span><\/td>\n<td class=\"column-3\"><span>47,5 mm<\/span><\/td>\n<td class=\"column-4\"><span>40,4 mm<\/span><\/td>\n<td class=\"column-5\"><span>10<\/span><\/td>\n<\/tr>\n<tr class=\"row-14 even\">\n<td class=\"column-1\"><span>1 1\/2\u201d<\/span><\/td>\n<td class=\"column-2\"><span>50 mm<\/span><\/td>\n<td class=\"column-3\"><span>47,5 mm<\/span><\/td>\n<td class=\"column-4\"><span>40,4 mm<\/span><\/td>\n<td class=\"column-5\"><span>20<\/span><\/td>\n<\/tr>\n<tr class=\"row-15 odd\">\n<td class=\"column-1\"><span>2\u201d<\/span><\/td>\n<td class=\"column-2\"><span>63 mm<\/span><\/td>\n<td class=\"column-3\"><span>59,7 mm<\/span><\/td>\n<td class=\"column-4\"><span>51,6 mm<\/span><\/td>\n<td class=\"column-5\"><span>10<\/span><\/td>\n<\/tr>\n<tr class=\"row-16 even\">\n<td class=\"column-1\"><span>2\u201d<\/span><\/td>\n<td class=\"column-2\"><span>63 mm<\/span><\/td>\n<td class=\"column-3\"><span>59,7 mm<\/span><\/td>\n<td class=\"column-4\"><span>51,6 mm<\/span><\/td>\n<td class=\"column-5\"><span>20<\/span><\/td>\n<\/tr>\n<\/tbody>\n<\/table>\n<p><span>Cotovelos de condu\u00edte de lat\u00e3o s\u00e3o acess\u00f3rios especializados usados \u200b\u200bem instala\u00e7\u00f5es el\u00e9tricas para mudar a dire\u00e7\u00e3o de percursos de condu\u00edte. Eles s\u00e3o projetados para permitir que os condu\u00edtes el\u00e9tricos fa\u00e7am curvas suaves e eficientes em v\u00e1rios \u00e2ngulos, fornecendo um caminho mais flex\u00edvel e organizado para condutores el\u00e9tricos. Cotovelos de condu\u00edte de lat\u00e3o s\u00e3o feitos de lat\u00e3o, um metal conhecido por sua excelente condutividade el\u00e9trica, resist\u00eancia \u00e0 corros\u00e3o e durabilidade.<\/span><\/p>\n<p><span>O design dos cotovelos de condu\u00edte de lat\u00e3o geralmente apresenta um formato curvo ou dobrado, o que permite que o condu\u00edte gire sem criar curvas acentuadas que podem danificar ou torcer os condutores el\u00e9tricos internos. Esses cotovelos t\u00eam roscas macho em cada extremidade, permitindo que sejam facilmente conectados a conex\u00f5es de condu\u00edte com rosca f\u00eamea ou caixas de jun\u00e7\u00e3o.<\/span><\/p>\n<p><span>As principais caracter\u00edsticas e vantagens dos cotovelos de condu\u00edte de lat\u00e3o incluem:<\/span><\/p>\n<ol>\n<li><b><\/b><strong><b><span>Condutividade el\u00e9trica:<\/span><\/b><\/strong><span>\u00a0O lat\u00e3o \u00e9 um bom condutor de eletricidade, garantindo que a continuidade el\u00e9trica seja mantida atrav\u00e9s do sistema de condu\u00edtes.<\/span><\/li>\n<li><b><\/b><strong><b><span>Resist\u00eancia \u00e0 corros\u00e3o:<\/span><\/b><\/strong><span>\u00a0os cotovelos de condu\u00edte de lat\u00e3o s\u00e3o projetados para serem resistentes \u00e0 corros\u00e3o, tornando-os adequados para aplica\u00e7\u00f5es internas e externas.<\/span><\/li>\n<li><b><\/b><strong><b><span>Curvas suaves:<\/span><\/b><\/strong><span>\u00a0o design curvo dos cotovelos de condu\u00edte de lat\u00e3o permite curvas suaves e graduais, reduzindo o risco de danificar ou deformar os condutores el\u00e9tricos dentro do condu\u00edte.<\/span><\/li>\n<li><b><\/b><strong><b><span>Resist\u00eancia mec\u00e2nica:<\/span><\/b><\/strong><span>\u00a0O lat\u00e3o proporciona conex\u00f5es resistentes e confi\u00e1veis, garantindo a longevidade e a integridade do sistema de condu\u00edtes.<\/span><\/li>\n<li><b><\/b><strong><b><span>Versatilidade:<\/span><\/b><\/strong><span>\u00a0cotovelos de condu\u00edte de lat\u00e3o est\u00e3o dispon\u00edveis em v\u00e1rios \u00e2ngulos, como 45 graus e 90 graus, para acomodar diferentes requisitos de roteamento de condu\u00edte.<\/span><\/li>\n<\/ol>\n<p><span>Cotovelos de condu\u00edte de lat\u00e3o s\u00e3o comumente usados \u200b\u200bem v\u00e1rias instala\u00e7\u00f5es el\u00e9tricas, incluindo ambientes residenciais, comerciais e industriais. Eles s\u00e3o particularmente \u00fateis quando condu\u00edtes el\u00e9tricos precisam navegar em torno de obst\u00e1culos ou mudar de dire\u00e7\u00e3o para alcan\u00e7ar dispositivos ou equipamentos el\u00e9tricos espec\u00edficos.<\/span><\/p>\n<\/div>\n<\/div>\n<\/div>\n","protected":false},"featured_media":10169,"template":"","meta":[],"product_brand":[],"product_cat":[397],"product_tag":[],"class_list":{"0":"post-11918","1":"product","2":"type-product","3":"status-publish","4":"has-post-thumbnail","6":"product_cat-conexoes-de-conduite-de-latao","8":"first","9":"instock","10":"shipping-taxable","11":"product-type-simple"},"yoast_head":"<!-- This site is optimized with the Yoast SEO plugin v27.3 - https:\/\/yoast.com\/product\/yoast-seo-wordpress\/ -->\n<title>Curvas de Condu\u00edte de Lat\u00e3o<\/title>\n<meta name=\"description\" content=\"A Conex oferece uma linha de Cotovelos de Condu\u00edte de Lat\u00e3o, incluindo curvas de 90 graus e 45 graus em v\u00e1rios tamanhos. Nossa linha de produtos inclui cotovelos de tra\u00e7\u00e3o e cotovelos EMT, projetados para uma gest\u00e3o eficiente de cabos e instala\u00e7\u00f5es. Fornecemos cotovelos de condu\u00edte de lat\u00e3o de alta qualidade para criar sistemas de condu\u00edte seguros e confi\u00e1veis em instala\u00e7\u00f5es el\u00e9tricas.\" \/>\n<meta name=\"robots\" content=\"index, follow, max-snippet:-1, max-image-preview:large, max-video-preview:-1\" \/>\n<link rel=\"canonical\" href=\"https:\/\/conexmetals.com\/pt-br\/produto\/curvas-de-conduite-de-latao\/\" \/>\n<script type=\"application\/ld+json\" class=\"yoast-schema-graph\">{\"@context\":\"https:\\\/\\\/schema.org\",\"@graph\":[{\"@type\":\"WebPage\",\"@id\":\"https:\\\/\\\/conexmetals.com\\\/pt-br\\\/produto\\\/curvas-de-conduite-de-latao\\\/\",\"url\":\"https:\\\/\\\/conexmetals.com\\\/pt-br\\\/produto\\\/curvas-de-conduite-de-latao\\\/\",\"name\":\"Curvas de Condu\u00edte de Lat\u00e3o\",\"isPartOf\":{\"@id\":\"https:\\\/\\\/conexmetals.com\\\/pt-br\\\/#website\"},\"primaryImageOfPage\":{\"@id\":\"https:\\\/\\\/conexmetals.com\\\/pt-br\\\/produto\\\/curvas-de-conduite-de-latao\\\/#primaryimage\"},\"image\":{\"@id\":\"https:\\\/\\\/conexmetals.com\\\/pt-br\\\/produto\\\/curvas-de-conduite-de-latao\\\/#primaryimage\"},\"thumbnailUrl\":\"https:\\\/\\\/conexmetals.com\\\/wp-content\\\/uploads\\\/2024\\\/12\\\/Curvas-de-conduite-de-latao.png\",\"datePublished\":\"2023-08-17T06:01:35+00:00\",\"dateModified\":\"2024-10-24T08:46:43+00:00\",\"description\":\"A Conex oferece uma linha de Cotovelos de Condu\u00edte de Lat\u00e3o, incluindo curvas de 90 graus e 45 graus em v\u00e1rios tamanhos. Nossa linha de produtos inclui cotovelos de tra\u00e7\u00e3o e cotovelos EMT, projetados para uma gest\u00e3o eficiente de cabos e instala\u00e7\u00f5es. Fornecemos cotovelos de condu\u00edte de lat\u00e3o de alta qualidade para criar sistemas de condu\u00edte seguros e confi\u00e1veis em instala\u00e7\u00f5es el\u00e9tricas.\",\"breadcrumb\":{\"@id\":\"https:\\\/\\\/conexmetals.com\\\/pt-br\\\/produto\\\/curvas-de-conduite-de-latao\\\/#breadcrumb\"},\"inLanguage\":\"pt-BR\",\"potentialAction\":[{\"@type\":\"ReadAction\",\"target\":[\"https:\\\/\\\/conexmetals.com\\\/pt-br\\\/produto\\\/curvas-de-conduite-de-latao\\\/\"]}]},{\"@type\":\"ImageObject\",\"inLanguage\":\"pt-BR\",\"@id\":\"https:\\\/\\\/conexmetals.com\\\/pt-br\\\/produto\\\/curvas-de-conduite-de-latao\\\/#primaryimage\",\"url\":\"https:\\\/\\\/conexmetals.com\\\/wp-content\\\/uploads\\\/2024\\\/12\\\/Curvas-de-conduite-de-latao.png\",\"contentUrl\":\"https:\\\/\\\/conexmetals.com\\\/wp-content\\\/uploads\\\/2024\\\/12\\\/Curvas-de-conduite-de-latao.png\",\"width\":300,\"height\":300,\"caption\":\"Curvas de condu\u00edte de lat\u00e3o\"},{\"@type\":\"BreadcrumbList\",\"@id\":\"https:\\\/\\\/conexmetals.com\\\/pt-br\\\/produto\\\/curvas-de-conduite-de-latao\\\/#breadcrumb\",\"itemListElement\":[{\"@type\":\"ListItem\",\"position\":1,\"name\":\"Home\",\"item\":\"https:\\\/\\\/conexmetals.com\\\/pt-br\\\/lar\\\/\"},{\"@type\":\"ListItem\",\"position\":2,\"name\":\"Products\",\"item\":\"https:\\\/\\\/conexmetals.com\\\/products\\\/\"},{\"@type\":\"ListItem\",\"position\":3,\"name\":\"Curvas de Condu\u00edte de Lat\u00e3o\"}]},{\"@type\":\"WebSite\",\"@id\":\"https:\\\/\\\/conexmetals.com\\\/pt-br\\\/#website\",\"url\":\"https:\\\/\\\/conexmetals.com\\\/pt-br\\\/\",\"name\":\"Conex Metals Brass Fittings Brass Parts Copper Parts Brass Components Brass Plumbing Fittings India\",\"description\":\"Manufacturer of Bronze Fittings casting Copper Brass parts components\",\"publisher\":{\"@id\":\"https:\\\/\\\/conexmetals.com\\\/pt-br\\\/#organization\"},\"potentialAction\":[{\"@type\":\"SearchAction\",\"target\":{\"@type\":\"EntryPoint\",\"urlTemplate\":\"https:\\\/\\\/conexmetals.com\\\/pt-br\\\/?s={search_term_string}\"},\"query-input\":{\"@type\":\"PropertyValueSpecification\",\"valueRequired\":true,\"valueName\":\"search_term_string\"}}],\"inLanguage\":\"pt-BR\"},{\"@type\":\"Organization\",\"@id\":\"https:\\\/\\\/conexmetals.com\\\/pt-br\\\/#organization\",\"name\":\"Conex Metals Brass Fittings Brass Parts Copper Parts Brass Components Brass Plumbing Fittings India\",\"url\":\"https:\\\/\\\/conexmetals.com\\\/pt-br\\\/\",\"logo\":{\"@type\":\"ImageObject\",\"inLanguage\":\"pt-BR\",\"@id\":\"https:\\\/\\\/conexmetals.com\\\/pt-br\\\/#\\\/schema\\\/logo\\\/image\\\/\",\"url\":\"https:\\\/\\\/conexmetals.com\\\/wp-content\\\/uploads\\\/2024\\\/03\\\/conex-metals-logo.webp\",\"contentUrl\":\"https:\\\/\\\/conexmetals.com\\\/wp-content\\\/uploads\\\/2024\\\/03\\\/conex-metals-logo.webp\",\"width\":300,\"height\":121,\"caption\":\"Conex Metals Brass Fittings Brass Parts Copper Parts Brass Components Brass Plumbing Fittings India\"},\"image\":{\"@id\":\"https:\\\/\\\/conexmetals.com\\\/pt-br\\\/#\\\/schema\\\/logo\\\/image\\\/\"},\"sameAs\":[\"https:\\\/\\\/www.facebook.com\\\/conexbrass\",\"https:\\\/\\\/x.com\\\/conexindia\",\"https:\\\/\\\/www.linkedin.com\\\/company\\\/conex-metals-india\\\/\",\"https:\\\/\\\/www.instagram.com\\\/conexindia\\\/\"]}]}<\/script>\n<!-- \/ Yoast SEO plugin. -->","yoast_head_json":{"title":"Curvas de Condu\u00edte de Lat\u00e3o","description":"A Conex oferece uma linha de Cotovelos de Condu\u00edte de Lat\u00e3o, incluindo curvas de 90 graus e 45 graus em v\u00e1rios tamanhos. Nossa linha de produtos inclui cotovelos de tra\u00e7\u00e3o e cotovelos EMT, projetados para uma gest\u00e3o eficiente de cabos e instala\u00e7\u00f5es. Fornecemos cotovelos de condu\u00edte de lat\u00e3o de alta qualidade para criar sistemas de condu\u00edte seguros e confi\u00e1veis em instala\u00e7\u00f5es el\u00e9tricas.","robots":{"index":"index","follow":"follow","max-snippet":"max-snippet:-1","max-image-preview":"max-image-preview:large","max-video-preview":"max-video-preview:-1"},"canonical":"https:\/\/conexmetals.com\/pt-br\/produto\/curvas-de-conduite-de-latao\/","schema":{"@context":"https:\/\/schema.org","@graph":[{"@type":"WebPage","@id":"https:\/\/conexmetals.com\/pt-br\/produto\/curvas-de-conduite-de-latao\/","url":"https:\/\/conexmetals.com\/pt-br\/produto\/curvas-de-conduite-de-latao\/","name":"Curvas de Condu\u00edte de Lat\u00e3o","isPartOf":{"@id":"https:\/\/conexmetals.com\/pt-br\/#website"},"primaryImageOfPage":{"@id":"https:\/\/conexmetals.com\/pt-br\/produto\/curvas-de-conduite-de-latao\/#primaryimage"},"image":{"@id":"https:\/\/conexmetals.com\/pt-br\/produto\/curvas-de-conduite-de-latao\/#primaryimage"},"thumbnailUrl":"https:\/\/conexmetals.com\/wp-content\/uploads\/2024\/12\/Curvas-de-conduite-de-latao.png","datePublished":"2023-08-17T06:01:35+00:00","dateModified":"2024-10-24T08:46:43+00:00","description":"A Conex oferece uma linha de Cotovelos de Condu\u00edte de Lat\u00e3o, incluindo curvas de 90 graus e 45 graus em v\u00e1rios tamanhos. Nossa linha de produtos inclui cotovelos de tra\u00e7\u00e3o e cotovelos EMT, projetados para uma gest\u00e3o eficiente de cabos e instala\u00e7\u00f5es. Fornecemos cotovelos de condu\u00edte de lat\u00e3o de alta qualidade para criar sistemas de condu\u00edte seguros e confi\u00e1veis em instala\u00e7\u00f5es el\u00e9tricas.","breadcrumb":{"@id":"https:\/\/conexmetals.com\/pt-br\/produto\/curvas-de-conduite-de-latao\/#breadcrumb"},"inLanguage":"pt-BR","potentialAction":[{"@type":"ReadAction","target":["https:\/\/conexmetals.com\/pt-br\/produto\/curvas-de-conduite-de-latao\/"]}]},{"@type":"ImageObject","inLanguage":"pt-BR","@id":"https:\/\/conexmetals.com\/pt-br\/produto\/curvas-de-conduite-de-latao\/#primaryimage","url":"https:\/\/conexmetals.com\/wp-content\/uploads\/2024\/12\/Curvas-de-conduite-de-latao.png","contentUrl":"https:\/\/conexmetals.com\/wp-content\/uploads\/2024\/12\/Curvas-de-conduite-de-latao.png","width":300,"height":300,"caption":"Curvas de condu\u00edte de lat\u00e3o"},{"@type":"BreadcrumbList","@id":"https:\/\/conexmetals.com\/pt-br\/produto\/curvas-de-conduite-de-latao\/#breadcrumb","itemListElement":[{"@type":"ListItem","position":1,"name":"Home","item":"https:\/\/conexmetals.com\/pt-br\/lar\/"},{"@type":"ListItem","position":2,"name":"Products","item":"https:\/\/conexmetals.com\/products\/"},{"@type":"ListItem","position":3,"name":"Curvas de Condu\u00edte de Lat\u00e3o"}]},{"@type":"WebSite","@id":"https:\/\/conexmetals.com\/pt-br\/#website","url":"https:\/\/conexmetals.com\/pt-br\/","name":"Conex Metals Brass Fittings Brass Parts Copper Parts Brass Components Brass Plumbing Fittings India","description":"Manufacturer of Bronze Fittings casting Copper Brass parts components","publisher":{"@id":"https:\/\/conexmetals.com\/pt-br\/#organization"},"potentialAction":[{"@type":"SearchAction","target":{"@type":"EntryPoint","urlTemplate":"https:\/\/conexmetals.com\/pt-br\/?s={search_term_string}"},"query-input":{"@type":"PropertyValueSpecification","valueRequired":true,"valueName":"search_term_string"}}],"inLanguage":"pt-BR"},{"@type":"Organization","@id":"https:\/\/conexmetals.com\/pt-br\/#organization","name":"Conex Metals Brass Fittings Brass Parts Copper Parts Brass Components Brass Plumbing Fittings India","url":"https:\/\/conexmetals.com\/pt-br\/","logo":{"@type":"ImageObject","inLanguage":"pt-BR","@id":"https:\/\/conexmetals.com\/pt-br\/#\/schema\/logo\/image\/","url":"https:\/\/conexmetals.com\/wp-content\/uploads\/2024\/03\/conex-metals-logo.webp","contentUrl":"https:\/\/conexmetals.com\/wp-content\/uploads\/2024\/03\/conex-metals-logo.webp","width":300,"height":121,"caption":"Conex Metals Brass Fittings Brass Parts Copper Parts Brass Components Brass Plumbing Fittings India"},"image":{"@id":"https:\/\/conexmetals.com\/pt-br\/#\/schema\/logo\/image\/"},"sameAs":["https:\/\/www.facebook.com\/conexbrass","https:\/\/x.com\/conexindia","https:\/\/www.linkedin.com\/company\/conex-metals-india\/","https:\/\/www.instagram.com\/conexindia\/"]}]}},"_links":{"self":[{"href":"https:\/\/conexmetals.com\/pt-br\/wp-json\/wp\/v2\/product\/11918","targetHints":{"allow":["GET"]}}],"collection":[{"href":"https:\/\/conexmetals.com\/pt-br\/wp-json\/wp\/v2\/product"}],"about":[{"href":"https:\/\/conexmetals.com\/pt-br\/wp-json\/wp\/v2\/types\/product"}],"wp:featuredmedia":[{"embeddable":true,"href":"https:\/\/conexmetals.com\/pt-br\/wp-json\/wp\/v2\/media\/10169"}],"wp:attachment":[{"href":"https:\/\/conexmetals.com\/pt-br\/wp-json\/wp\/v2\/media?parent=11918"}],"wp:term":[{"taxonomy":"product_brand","embeddable":true,"href":"https:\/\/conexmetals.com\/pt-br\/wp-json\/wp\/v2\/product_brand?post=11918"},{"taxonomy":"product_cat","embeddable":true,"href":"https:\/\/conexmetals.com\/pt-br\/wp-json\/wp\/v2\/product_cat?post=11918"},{"taxonomy":"product_tag","embeddable":true,"href":"https:\/\/conexmetals.com\/pt-br\/wp-json\/wp\/v2\/product_tag?post=11918"}],"curies":[{"name":"wp","href":"https:\/\/api.w.org\/{rel}","templated":true}]}}