{"id":11924,"date":"2023-08-17T12:09:13","date_gmt":"2023-08-17T06:39:13","guid":{"rendered":"https:\/\/conexmetals.com\/?post_type=product&#038;p=11924"},"modified":"2024-10-24T14:50:48","modified_gmt":"2024-10-24T09:20:48","slug":"conversores-adaptadores-de-rosca","status":"publish","type":"product","link":"https:\/\/conexmetals.com\/pt-br\/produto\/conversores-adaptadores-de-rosca\/","title":{"rendered":"Conversores\/Adaptadores de Rosca"},"content":{"rendered":"","protected":false},"excerpt":{"rendered":"<p><span>Conversores\/adaptadores de rosca s\u00e3o conex\u00f5es especializadas usadas em instala\u00e7\u00f5es el\u00e9tricas para unir componentes de condu\u00edte com diferentes tipos ou tamanhos de rosca. Esses conversores permitem uma conex\u00e3o perfeita e segura entre conex\u00f5es de condu\u00edte, caixas de jun\u00e7\u00e3o ou outros componentes el\u00e9tricos que podem ter roscas incompat\u00edveis.<\/span><\/p>\n<p><strong><span>Padr\u00f5es de rosca<\/span><\/strong><\/p>\n<ul>\n<li><strong><span>M\u00e9trica ISO<\/span><\/strong><span>\u00a0: BS 3643 1981, ISO 965 \/ DIN EN 50262 (12 mm a 75 mm)<\/span><\/li>\n<li><strong><span>Imperial (ET)<\/span><\/strong><span>\u00a0: ES 31: 1979 (3\/8\u2033 a 3\u2033)<\/span><\/li>\n<li><strong><span>NPT<\/span><\/strong><span>\u00a0: ANSI \/ ASME: 1983 (1\/8\u2033 a 3\u2033)<\/span><\/li>\n<li><strong><span>BSP (G)<\/span><\/strong><span>\u00a0: 21:1985<\/span><\/li>\n<li><strong><span>PG conforme DIN 40430<\/span><\/strong><span>\u00a0: 1971<\/span><\/li>\n<li><strong><span>Outros t\u00f3picos<\/span><\/strong><span>\u00a0: NPTF, BSP, UNF, UNC, UNEF, BSPP, GHT, M\u00e9trico.<\/span><\/li>\n<\/ul>\n<p><strong><span>Tamanhos de rosca<\/span><\/strong><\/p>\n<ul>\n<li><strong><span>Tamanhos m\u00e9tricos<\/span><\/strong><span>\u00a0:<\/span><br \/>\n<span>3 mm, 4 mm, 5 mm, 6 mm, 8 mm, 10 mm, 12 mm, 16 mm, 20 mm, 25 mm, 32 mm, 40 mm, 50 mm<\/span><\/li>\n<li><strong><span>Tamanhos imperiais<\/span><\/strong><span>\u00a0:<\/span><br \/>\n<span>1\/8\u2033, 1\/4\u2033, 5\/16\u2033, 3\/8\u2033, 1\/2\u2033, 3\/4\u2033, 5\/8\u2033, 1\u2033, 1-1\/4\u2033, 1-1\/2\u2033, 2\u2033, 2-1\/2\u2033, 3\u2033<\/span><\/li>\n<li><strong><span>Acess\u00f3rios<\/span><\/strong><span>\u00a0:<\/span><br \/>\n<span>insertos ANPT, porcas, parafusos, fixadores, porcas de moldagem, insertos PPR<\/span><\/li>\n<\/ul>\n<p><strong><span>Op\u00e7\u00f5es de acabamento<\/span><\/strong><\/p>\n<ul>\n<li><span>Lat\u00e3o Natural<\/span><\/li>\n<li><span>Niquelado<\/span><\/li>\n<li><span>Cromado<\/span><\/li>\n<\/ul>\n<p><span>O design de conversores\/adaptadores de rosca normalmente envolve uma extremidade com rosca macho de um lado e uma extremidade com rosca f\u00eamea do outro lado. A extremidade com rosca macho \u00e9 projetada para se encaixar nas roscas f\u00eameas de um componente de condu\u00edte, enquanto a extremidade com rosca f\u00eamea acomoda as roscas macho de outro componente com dimensionamento ou rosca diferente.<\/span><\/p>\n<p><strong><span>Principais caracter\u00edsticas e vantagens dos conversores\/adaptadores de rosca de condu\u00edte de lat\u00e3o:<\/span><\/strong><\/p>\n<ul>\n<li><strong><span>Condutividade el\u00e9trica<\/span><\/strong><span>\u00a0: O lat\u00e3o \u00e9 um excelente condutor de eletricidade, garantindo a continuidade el\u00e9trica no sistema de condu\u00edtes.<\/span><\/li>\n<li><strong><span>Resist\u00eancia \u00e0 corros\u00e3o<\/span><\/strong><span>\u00a0: Os conversores\/adaptadores de rosca de lat\u00e3o s\u00e3o projetados para resistir \u00e0 corros\u00e3o, tornando-os adequados para instala\u00e7\u00f5es el\u00e9tricas internas e externas.<\/span><\/li>\n<li><strong><span>Resist\u00eancia mec\u00e2nica<\/span><\/strong><span>\u00a0: O lat\u00e3o proporciona conex\u00f5es resistentes e confi\u00e1veis, garantindo a longevidade e a integridade do sistema de condu\u00edtes el\u00e9tricos.<\/span><\/li>\n<li><strong><span>Compatibilidade<\/span><\/strong><span>\u00a0: Os conversores\/adaptadores de rosca de condu\u00edte de lat\u00e3o permitem a conex\u00e3o de v\u00e1rios componentes de condu\u00edte, como conectores, acoplamentos e niples, com diferentes tipos ou tamanhos de rosca.<\/span><\/li>\n<\/ul>\n<p><strong><span>Aplica\u00e7\u00f5es comuns de conversores\/adaptadores de rosca de conex\u00f5es de condu\u00edte de lat\u00e3o:<\/span><\/strong><\/p>\n<ul>\n<li><span>Conex\u00e3o de conectores de condu\u00edte ou acoplamentos com diferentes tamanhos de rosca.<\/span><\/li>\n<li><span>Adapta\u00e7\u00e3o de conex\u00f5es de condu\u00edte a caixas de jun\u00e7\u00e3o ou gabinetes el\u00e9tricos com diferentes tipos de rosca.<\/span><\/li>\n<li><span>Uni\u00e3o de componentes de condu\u00edte de diferentes fabricantes com roscas incompat\u00edveis.<\/span><\/li>\n<\/ul>\n<p><span>Ao usar adaptadores\/conversores de rosca de conex\u00f5es de condu\u00edte de lat\u00e3o, \u00e9 crucial selecionar o conversor apropriado que corresponda aos tipos e tamanhos de rosca espec\u00edficos dos componentes de condu\u00edte que est\u00e3o sendo conectados. Adaptadores\/conversores de rosca inadequadamente correspondidos podem levar a conex\u00f5es soltas ou riscos potenciais.<\/span><\/p>\n<p><span>Adaptadores\/redutores de rosca de lat\u00e3o e a\u00e7o inoxid\u00e1vel ajudam usu\u00e1rios com tamanhos de rosca diferentes. Tamp\u00f5es de veda\u00e7\u00e3o s\u00e3o usados \u200b\u200bpara parar e vedar condu\u00edtes e tubos. Uma variedade de acess\u00f3rios de rosca, como arruelas e veda\u00e7\u00f5es de fibra\/borracha, tamb\u00e9m podem ser fornecidos.<\/span><\/p>\n","protected":false},"featured_media":10334,"template":"","meta":[],"product_brand":[],"product_cat":[397],"product_tag":[],"class_list":{"0":"post-11924","1":"product","2":"type-product","3":"status-publish","4":"has-post-thumbnail","6":"product_cat-conexoes-de-conduite-de-latao","8":"first","9":"instock","10":"shipping-taxable","11":"product-type-simple"},"yoast_head":"<!-- This site is optimized with the Yoast SEO plugin v27.3 - https:\/\/yoast.com\/product\/yoast-seo-wordpress\/ -->\n<title>Conversores\/Adaptadores de Rosca<\/title>\n<meta name=\"description\" content=\"A Conex \u00e9 especializada em Conversores e Adaptadores de Rosca, oferecendo solu\u00e7\u00f5es essenciais para necessidades de convers\u00e3o de rosca. Nossa linha de produtos inclui adaptadores e conversores de rosca em v\u00e1rios tamanhos, garantindo compatibilidade com diferentes sistemas e aplica\u00e7\u00f5es. Fabricados com precis\u00e3o, nossos adaptadores de rosca garantem uma conex\u00e3o confi\u00e1vel e cont\u00ednua, apoiando diversas necessidades industriais e aumentando a efici\u00eancia dos sistemas mec\u00e2nicos.\" \/>\n<meta name=\"robots\" content=\"index, follow, max-snippet:-1, max-image-preview:large, max-video-preview:-1\" \/>\n<link rel=\"canonical\" href=\"https:\/\/conexmetals.com\/pt-br\/produto\/conversores-adaptadores-de-rosca\/\" \/>\n<script type=\"application\/ld+json\" class=\"yoast-schema-graph\">{\"@context\":\"https:\\\/\\\/schema.org\",\"@graph\":[{\"@type\":\"WebPage\",\"@id\":\"https:\\\/\\\/conexmetals.com\\\/pt-br\\\/produto\\\/conversores-adaptadores-de-rosca\\\/\",\"url\":\"https:\\\/\\\/conexmetals.com\\\/pt-br\\\/produto\\\/conversores-adaptadores-de-rosca\\\/\",\"name\":\"Conversores\\\/Adaptadores de Rosca\",\"isPartOf\":{\"@id\":\"https:\\\/\\\/conexmetals.com\\\/pt-br\\\/#website\"},\"primaryImageOfPage\":{\"@id\":\"https:\\\/\\\/conexmetals.com\\\/pt-br\\\/produto\\\/conversores-adaptadores-de-rosca\\\/#primaryimage\"},\"image\":{\"@id\":\"https:\\\/\\\/conexmetals.com\\\/pt-br\\\/produto\\\/conversores-adaptadores-de-rosca\\\/#primaryimage\"},\"thumbnailUrl\":\"https:\\\/\\\/conexmetals.com\\\/wp-content\\\/uploads\\\/2024\\\/12\\\/Conversores-de-rosca-adaptadores-e-tampoes.png\",\"datePublished\":\"2023-08-17T06:39:13+00:00\",\"dateModified\":\"2024-10-24T09:20:48+00:00\",\"description\":\"A Conex \u00e9 especializada em Conversores e Adaptadores de Rosca, oferecendo solu\u00e7\u00f5es essenciais para necessidades de convers\u00e3o de rosca. Nossa linha de produtos inclui adaptadores e conversores de rosca em v\u00e1rios tamanhos, garantindo compatibilidade com diferentes sistemas e aplica\u00e7\u00f5es. Fabricados com precis\u00e3o, nossos adaptadores de rosca garantem uma conex\u00e3o confi\u00e1vel e cont\u00ednua, apoiando diversas necessidades industriais e aumentando a efici\u00eancia dos sistemas mec\u00e2nicos.\",\"breadcrumb\":{\"@id\":\"https:\\\/\\\/conexmetals.com\\\/pt-br\\\/produto\\\/conversores-adaptadores-de-rosca\\\/#breadcrumb\"},\"inLanguage\":\"pt-BR\",\"potentialAction\":[{\"@type\":\"ReadAction\",\"target\":[\"https:\\\/\\\/conexmetals.com\\\/pt-br\\\/produto\\\/conversores-adaptadores-de-rosca\\\/\"]}]},{\"@type\":\"ImageObject\",\"inLanguage\":\"pt-BR\",\"@id\":\"https:\\\/\\\/conexmetals.com\\\/pt-br\\\/produto\\\/conversores-adaptadores-de-rosca\\\/#primaryimage\",\"url\":\"https:\\\/\\\/conexmetals.com\\\/wp-content\\\/uploads\\\/2024\\\/12\\\/Conversores-de-rosca-adaptadores-e-tampoes.png\",\"contentUrl\":\"https:\\\/\\\/conexmetals.com\\\/wp-content\\\/uploads\\\/2024\\\/12\\\/Conversores-de-rosca-adaptadores-e-tampoes.png\",\"width\":300,\"height\":300,\"caption\":\"Conversores de rosca, adaptadores e tamp\u00f5es\"},{\"@type\":\"BreadcrumbList\",\"@id\":\"https:\\\/\\\/conexmetals.com\\\/pt-br\\\/produto\\\/conversores-adaptadores-de-rosca\\\/#breadcrumb\",\"itemListElement\":[{\"@type\":\"ListItem\",\"position\":1,\"name\":\"Home\",\"item\":\"https:\\\/\\\/conexmetals.com\\\/pt-br\\\/lar\\\/\"},{\"@type\":\"ListItem\",\"position\":2,\"name\":\"Products\",\"item\":\"https:\\\/\\\/conexmetals.com\\\/products\\\/\"},{\"@type\":\"ListItem\",\"position\":3,\"name\":\"Conversores\\\/Adaptadores de Rosca\"}]},{\"@type\":\"WebSite\",\"@id\":\"https:\\\/\\\/conexmetals.com\\\/pt-br\\\/#website\",\"url\":\"https:\\\/\\\/conexmetals.com\\\/pt-br\\\/\",\"name\":\"Conex Metals Brass Fittings Brass Parts Copper Parts Brass Components Brass Plumbing Fittings India\",\"description\":\"Manufacturer of Bronze Fittings casting Copper Brass parts components\",\"publisher\":{\"@id\":\"https:\\\/\\\/conexmetals.com\\\/pt-br\\\/#organization\"},\"potentialAction\":[{\"@type\":\"SearchAction\",\"target\":{\"@type\":\"EntryPoint\",\"urlTemplate\":\"https:\\\/\\\/conexmetals.com\\\/pt-br\\\/?s={search_term_string}\"},\"query-input\":{\"@type\":\"PropertyValueSpecification\",\"valueRequired\":true,\"valueName\":\"search_term_string\"}}],\"inLanguage\":\"pt-BR\"},{\"@type\":\"Organization\",\"@id\":\"https:\\\/\\\/conexmetals.com\\\/pt-br\\\/#organization\",\"name\":\"Conex Metals Brass Fittings Brass Parts Copper Parts Brass Components Brass Plumbing Fittings India\",\"url\":\"https:\\\/\\\/conexmetals.com\\\/pt-br\\\/\",\"logo\":{\"@type\":\"ImageObject\",\"inLanguage\":\"pt-BR\",\"@id\":\"https:\\\/\\\/conexmetals.com\\\/pt-br\\\/#\\\/schema\\\/logo\\\/image\\\/\",\"url\":\"https:\\\/\\\/conexmetals.com\\\/wp-content\\\/uploads\\\/2024\\\/03\\\/conex-metals-logo.webp\",\"contentUrl\":\"https:\\\/\\\/conexmetals.com\\\/wp-content\\\/uploads\\\/2024\\\/03\\\/conex-metals-logo.webp\",\"width\":300,\"height\":121,\"caption\":\"Conex Metals Brass Fittings Brass Parts Copper Parts Brass Components Brass Plumbing Fittings India\"},\"image\":{\"@id\":\"https:\\\/\\\/conexmetals.com\\\/pt-br\\\/#\\\/schema\\\/logo\\\/image\\\/\"},\"sameAs\":[\"https:\\\/\\\/www.facebook.com\\\/conexbrass\",\"https:\\\/\\\/x.com\\\/conexindia\",\"https:\\\/\\\/www.linkedin.com\\\/company\\\/conex-metals-india\\\/\",\"https:\\\/\\\/www.instagram.com\\\/conexindia\\\/\"]}]}<\/script>\n<!-- \/ Yoast SEO plugin. -->","yoast_head_json":{"title":"Conversores\/Adaptadores de Rosca","description":"A Conex \u00e9 especializada em Conversores e Adaptadores de Rosca, oferecendo solu\u00e7\u00f5es essenciais para necessidades de convers\u00e3o de rosca. Nossa linha de produtos inclui adaptadores e conversores de rosca em v\u00e1rios tamanhos, garantindo compatibilidade com diferentes sistemas e aplica\u00e7\u00f5es. Fabricados com precis\u00e3o, nossos adaptadores de rosca garantem uma conex\u00e3o confi\u00e1vel e cont\u00ednua, apoiando diversas necessidades industriais e aumentando a efici\u00eancia dos sistemas mec\u00e2nicos.","robots":{"index":"index","follow":"follow","max-snippet":"max-snippet:-1","max-image-preview":"max-image-preview:large","max-video-preview":"max-video-preview:-1"},"canonical":"https:\/\/conexmetals.com\/pt-br\/produto\/conversores-adaptadores-de-rosca\/","schema":{"@context":"https:\/\/schema.org","@graph":[{"@type":"WebPage","@id":"https:\/\/conexmetals.com\/pt-br\/produto\/conversores-adaptadores-de-rosca\/","url":"https:\/\/conexmetals.com\/pt-br\/produto\/conversores-adaptadores-de-rosca\/","name":"Conversores\/Adaptadores de Rosca","isPartOf":{"@id":"https:\/\/conexmetals.com\/pt-br\/#website"},"primaryImageOfPage":{"@id":"https:\/\/conexmetals.com\/pt-br\/produto\/conversores-adaptadores-de-rosca\/#primaryimage"},"image":{"@id":"https:\/\/conexmetals.com\/pt-br\/produto\/conversores-adaptadores-de-rosca\/#primaryimage"},"thumbnailUrl":"https:\/\/conexmetals.com\/wp-content\/uploads\/2024\/12\/Conversores-de-rosca-adaptadores-e-tampoes.png","datePublished":"2023-08-17T06:39:13+00:00","dateModified":"2024-10-24T09:20:48+00:00","description":"A Conex \u00e9 especializada em Conversores e Adaptadores de Rosca, oferecendo solu\u00e7\u00f5es essenciais para necessidades de convers\u00e3o de rosca. Nossa linha de produtos inclui adaptadores e conversores de rosca em v\u00e1rios tamanhos, garantindo compatibilidade com diferentes sistemas e aplica\u00e7\u00f5es. Fabricados com precis\u00e3o, nossos adaptadores de rosca garantem uma conex\u00e3o confi\u00e1vel e cont\u00ednua, apoiando diversas necessidades industriais e aumentando a efici\u00eancia dos sistemas mec\u00e2nicos.","breadcrumb":{"@id":"https:\/\/conexmetals.com\/pt-br\/produto\/conversores-adaptadores-de-rosca\/#breadcrumb"},"inLanguage":"pt-BR","potentialAction":[{"@type":"ReadAction","target":["https:\/\/conexmetals.com\/pt-br\/produto\/conversores-adaptadores-de-rosca\/"]}]},{"@type":"ImageObject","inLanguage":"pt-BR","@id":"https:\/\/conexmetals.com\/pt-br\/produto\/conversores-adaptadores-de-rosca\/#primaryimage","url":"https:\/\/conexmetals.com\/wp-content\/uploads\/2024\/12\/Conversores-de-rosca-adaptadores-e-tampoes.png","contentUrl":"https:\/\/conexmetals.com\/wp-content\/uploads\/2024\/12\/Conversores-de-rosca-adaptadores-e-tampoes.png","width":300,"height":300,"caption":"Conversores de rosca, adaptadores e tamp\u00f5es"},{"@type":"BreadcrumbList","@id":"https:\/\/conexmetals.com\/pt-br\/produto\/conversores-adaptadores-de-rosca\/#breadcrumb","itemListElement":[{"@type":"ListItem","position":1,"name":"Home","item":"https:\/\/conexmetals.com\/pt-br\/lar\/"},{"@type":"ListItem","position":2,"name":"Products","item":"https:\/\/conexmetals.com\/products\/"},{"@type":"ListItem","position":3,"name":"Conversores\/Adaptadores de Rosca"}]},{"@type":"WebSite","@id":"https:\/\/conexmetals.com\/pt-br\/#website","url":"https:\/\/conexmetals.com\/pt-br\/","name":"Conex Metals Brass Fittings Brass Parts Copper Parts Brass Components Brass Plumbing Fittings India","description":"Manufacturer of Bronze Fittings casting Copper Brass parts components","publisher":{"@id":"https:\/\/conexmetals.com\/pt-br\/#organization"},"potentialAction":[{"@type":"SearchAction","target":{"@type":"EntryPoint","urlTemplate":"https:\/\/conexmetals.com\/pt-br\/?s={search_term_string}"},"query-input":{"@type":"PropertyValueSpecification","valueRequired":true,"valueName":"search_term_string"}}],"inLanguage":"pt-BR"},{"@type":"Organization","@id":"https:\/\/conexmetals.com\/pt-br\/#organization","name":"Conex Metals Brass Fittings Brass Parts Copper Parts Brass Components Brass Plumbing Fittings India","url":"https:\/\/conexmetals.com\/pt-br\/","logo":{"@type":"ImageObject","inLanguage":"pt-BR","@id":"https:\/\/conexmetals.com\/pt-br\/#\/schema\/logo\/image\/","url":"https:\/\/conexmetals.com\/wp-content\/uploads\/2024\/03\/conex-metals-logo.webp","contentUrl":"https:\/\/conexmetals.com\/wp-content\/uploads\/2024\/03\/conex-metals-logo.webp","width":300,"height":121,"caption":"Conex Metals Brass Fittings Brass Parts Copper Parts Brass Components Brass Plumbing Fittings India"},"image":{"@id":"https:\/\/conexmetals.com\/pt-br\/#\/schema\/logo\/image\/"},"sameAs":["https:\/\/www.facebook.com\/conexbrass","https:\/\/x.com\/conexindia","https:\/\/www.linkedin.com\/company\/conex-metals-india\/","https:\/\/www.instagram.com\/conexindia\/"]}]}},"_links":{"self":[{"href":"https:\/\/conexmetals.com\/pt-br\/wp-json\/wp\/v2\/product\/11924","targetHints":{"allow":["GET"]}}],"collection":[{"href":"https:\/\/conexmetals.com\/pt-br\/wp-json\/wp\/v2\/product"}],"about":[{"href":"https:\/\/conexmetals.com\/pt-br\/wp-json\/wp\/v2\/types\/product"}],"wp:featuredmedia":[{"embeddable":true,"href":"https:\/\/conexmetals.com\/pt-br\/wp-json\/wp\/v2\/media\/10334"}],"wp:attachment":[{"href":"https:\/\/conexmetals.com\/pt-br\/wp-json\/wp\/v2\/media?parent=11924"}],"wp:term":[{"taxonomy":"product_brand","embeddable":true,"href":"https:\/\/conexmetals.com\/pt-br\/wp-json\/wp\/v2\/product_brand?post=11924"},{"taxonomy":"product_cat","embeddable":true,"href":"https:\/\/conexmetals.com\/pt-br\/wp-json\/wp\/v2\/product_cat?post=11924"},{"taxonomy":"product_tag","embeddable":true,"href":"https:\/\/conexmetals.com\/pt-br\/wp-json\/wp\/v2\/product_tag?post=11924"}],"curies":[{"name":"wp","href":"https:\/\/api.w.org\/{rel}","templated":true}]}}