{"id":11944,"date":"2023-08-17T12:16:44","date_gmt":"2023-08-17T06:46:44","guid":{"rendered":"https:\/\/conexmetals.com\/?post_type=product&#038;p=11944"},"modified":"2024-10-25T14:57:34","modified_gmt":"2024-10-25T09:27:34","slug":"conexoes-de-latao-para-conduites-flexiveis","status":"publish","type":"product","link":"https:\/\/conexmetals.com\/pt-br\/produto\/conexoes-de-latao-para-conduites-flexiveis\/","title":{"rendered":"Conex\u00f5es de Lat\u00e3o para Condu\u00edtes Flex\u00edveis"},"content":{"rendered":"","protected":false},"excerpt":{"rendered":"<div class=\"elementor-element elementor-element-672075d elementor-widget__width-initial e-transform elementor-widget-mobile__width-initial elementor-widget elementor-widget-woocommerce-product-images\" data-id=\"672075d\" data-element_type=\"widget\" data-settings=\"{&quot;_transform_scale_effect&quot;:{&quot;unit&quot;:&quot;px&quot;,&quot;size&quot;:1,&quot;sizes&quot;:[]},&quot;_transform_scale_effect_tablet&quot;:{&quot;unit&quot;:&quot;px&quot;,&quot;size&quot;:&quot;&quot;,&quot;sizes&quot;:[]},&quot;_transform_scale_effect_mobile&quot;:{&quot;unit&quot;:&quot;px&quot;,&quot;size&quot;:&quot;&quot;,&quot;sizes&quot;:[]}}\" data-widget_type=\"woocommerce-product-images.default\">\n<div class=\"elementor-widget-container\">\n<div class=\"woocommerce-product-gallery woocommerce-product-gallery--with-images woocommerce-product-gallery--columns-4 images\" data-columns=\"4\">\n<div class=\"woocommerce-product-gallery__wrapper\">\n<div class=\"woocommerce-product-gallery__image\" data-thumb=\"https:\/\/conexmetals.com\/wp-content\/uploads\/2023\/08\/Brass-Conduit-Fittings-100x100.png\" data-thumb-alt=\"Brass Fittings for Flexible Conduits\" data-thumb-srcset=\"https:\/\/conexmetals.com\/wp-content\/uploads\/2023\/08\/Brass-Conduit-Fittings-100x100.png 100w, https:\/\/conexmetals.com\/wp-content\/uploads\/2023\/08\/Brass-Conduit-Fittings-300x300.png 300w, https:\/\/conexmetals.com\/wp-content\/uploads\/2023\/08\/Brass-Conduit-Fittings-150x150.png 150w, https:\/\/conexmetals.com\/wp-content\/uploads\/2023\/08\/Brass-Conduit-Fittings.png 350w\"><img decoding=\"async\" class=\"zoomImg\" src=\"https:\/\/conexmetals.com\/wp-content\/uploads\/2023\/08\/Brass-Conduit-Fittings.png\" alt=\"\" aria-hidden=\"true\" \/><\/div>\n<\/div>\n<\/div>\n<\/div>\n<\/div>\n<div class=\"elementor-element elementor-element-36d2ab8 elementor-widget elementor-widget-woocommerce-product-short-description\" data-id=\"36d2ab8\" data-element_type=\"widget\" data-widget_type=\"woocommerce-product-short-description.default\">\n<div class=\"elementor-widget-container\">\n<div class=\"woocommerce-product-details__short-description\">\n<p><span>Conex\u00f5es de lat\u00e3o para condu\u00edtes flex\u00edveis s\u00e3o componentes especializados usados \u200b\u200bem instala\u00e7\u00f5es el\u00e9tricas para conectar e prender condu\u00edtes flex\u00edveis. Essas conex\u00f5es s\u00e3o projetadas especificamente para uso com condu\u00edtes flex\u00edveis, que s\u00e3o mais male\u00e1veis \u200b\u200be adapt\u00e1veis \u200b\u200bem compara\u00e7\u00e3o com condu\u00edtes de metal r\u00edgido. O lat\u00e3o \u00e9 escolhido como material para essas conex\u00f5es devido \u00e0 sua excelente condutividade el\u00e9trica, resist\u00eancia \u00e0 corros\u00e3o e resist\u00eancia mec\u00e2nica.<\/span><\/p>\n<p><span>Alguns tipos comuns de conex\u00f5es de condu\u00edte de lat\u00e3o para condu\u00edtes flex\u00edveis incluem:<\/span><\/p>\n<ol>\n<li><b><\/b><strong><b><span>Conectores de Condu\u00edte de Lat\u00e3o:<\/span><\/b><\/strong><span>\u00a0Esses encaixes s\u00e3o usados \u200b\u200bpara conectar as extremidades de condu\u00edtes flex\u00edveis entre si ou a caixas de jun\u00e7\u00e3o, gabinetes ou outros dispositivos el\u00e9tricos. Eles fornecem uma conex\u00e3o segura e confi\u00e1vel, garantindo que o condu\u00edte permane\u00e7a adequadamente roteado e protegido.<\/span><\/li>\n<li><b><\/b><strong><b><span>Adaptadores de Condu\u00edte de Lat\u00e3o:<\/span><\/b><\/strong><span>\u00a0Adaptadores de lat\u00e3o s\u00e3o usados \u200b\u200bpara fazer a transi\u00e7\u00e3o entre diferentes tamanhos ou tipos de condu\u00edtes flex\u00edveis ou para conectar condu\u00edtes flex\u00edveis a conex\u00f5es de condu\u00edtes r\u00edgidos. Eles permitem flexibilidade no sistema de condu\u00edtes, mantendo a compatibilidade com v\u00e1rios componentes.<\/span><\/li>\n<li><b><\/b><strong><b><span>Cotovelos de Condu\u00edte de Lat\u00e3o:<\/span><\/b><\/strong><span>\u00a0Esses encaixes s\u00e3o projetados para mudar a dire\u00e7\u00e3o do condu\u00edte flex\u00edvel, permitindo que ele navegue em torno de obst\u00e1culos ou fa\u00e7a curvas suaves. Os cotovelos de condu\u00edte de lat\u00e3o garantem que o condu\u00edte mantenha sua flexibilidade enquanto ainda fornece uma conex\u00e3o segura.<\/span><\/li>\n<li><b><\/b><strong><b><span>Brass Conduit Couplings:<\/span><\/b><\/strong><span>\u00a0Os acoplamentos s\u00e3o usados \u200b\u200bpara unir duas pe\u00e7as de condu\u00edte flex\u00edvel do mesmo tamanho. Eles fornecem uma conex\u00e3o segura que mant\u00e9m a continuidade do sistema de condu\u00edte.<\/span><\/li>\n<li><b><\/b><strong><b><span>Porcas de travamento de condu\u00edte de lat\u00e3o:<\/span><\/b><\/strong><span>\u00a0porcas de travamento s\u00e3o usadas para prender conectores de condu\u00edte flex\u00edveis a caixas de jun\u00e7\u00e3o ou gabinetes. Elas garantem que as conex\u00f5es permane\u00e7am firmemente no lugar.<\/span><\/li>\n<li><b><\/b><strong><b><span>Buchas de Condu\u00edte de Lat\u00e3o:<\/span><\/b><\/strong><span>\u00a0Buchas s\u00e3o usadas para proteger as bordas do condu\u00edte flex\u00edvel e fios\/cabos conforme eles entram em caixas de jun\u00e7\u00e3o ou gabinetes. Elas evitam que bordas afiadas danifiquem o isolamento dos fios.<\/span><\/li>\n<\/ol>\n<p><span>Conex\u00f5es de lat\u00e3o para condu\u00edtes flex\u00edveis s\u00e3o comumente usadas em uma variedade de instala\u00e7\u00f5es el\u00e9tricas, incluindo aplica\u00e7\u00f5es residenciais, comerciais e industriais. Elas fornecem flexibilidade e facilidade de instala\u00e7\u00e3o, tornando-as adequadas para aplica\u00e7\u00f5es onde condu\u00edtes de metal r\u00edgidos podem ser desafiadores de usar.<\/span><\/p>\n<p><span>Ao usar conex\u00f5es de lat\u00e3o para condu\u00edtes flex\u00edveis, \u00e9 importante selecionar a conex\u00e3o apropriada que corresponda ao tamanho e ao tipo do condu\u00edte flex\u00edvel que est\u00e1 sendo usado.<\/span><\/p>\n<p>&nbsp;<\/p>\n<p><span>Conectores de condu\u00edte flex\u00edveis de lat\u00e3o e adaptadores de condu\u00edte<\/span><\/p>\n<p><span>(Conectores internos e externos de condu\u00edte macho e f\u00eamea)<\/span><\/p>\n<p><strong><span>Material<\/span><\/strong><br \/>\n<span>Lat\u00e3o conforme BS 2874.<\/span><\/p>\n<p><strong><span>Acabamento<\/span><br \/>\n<\/strong><span>niquelado.<\/span><\/p>\n<p><strong><span>Roscas<\/span><br \/>\n<\/strong><span>M\u00e9tricas \/ PG \/ Imperiais.<\/span><\/p>\n<p>&nbsp;<\/p>\n<p><strong><span>Conectores de condu\u00edte flex\u00edveis de lat\u00e3o (macho e f\u00eamea)\u00a0 \u00a0 \u00a0 \u00a0<\/span><\/strong><\/p>\n<p><span>Conectores niquelados de 2 pe\u00e7as adequados para condu\u00edtes de PVC\/a\u00e7o. Dispon\u00edveis em formato fixo e girat\u00f3rio.<\/span><\/p>\n<table id=\"tablepress-231\" class=\"tablepress tablepress-id-231\">\n<caption><a href=\"https:\/\/conexmetals.com\/wp-admin\/admin.php?page=tablepress&amp;action=edit&amp;table_id=231\" rel=\"nofollow\"><span>Editar<\/span><\/a><\/caption>\n<thead>\n<tr class=\"row-1 odd\">\n<th class=\"column-1\" colspan=\"2\"><span>Conectores de condu\u00edte flex\u00edveis de lat\u00e3o (macho e f\u00eamea)<\/span><\/th>\n<\/tr>\n<\/thead>\n<tbody class=\"row-hover\">\n<tr class=\"row-2 even\">\n<td class=\"column-1\"><strong><span>Condu\u00edte flex\u00edvel<\/span><\/strong><\/td>\n<td class=\"column-2\"><strong><span>Condu\u00edte r\u00edgido<\/span><\/strong><\/td>\n<\/tr>\n<tr class=\"row-3 odd\">\n<td class=\"column-1\"><span>12 mm x 16 mm<\/span><\/td>\n<td class=\"column-2\"><span>CF 12 \/ CS 12<\/span><\/td>\n<\/tr>\n<tr class=\"row-4 even\">\n<td class=\"column-1\"><span>16 mm x 20 mm<\/span><\/td>\n<td class=\"column-2\"><span>CF 13 \/ CS 13<\/span><\/td>\n<\/tr>\n<tr class=\"row-5 odd\">\n<td class=\"column-1\"><span>20 mm x 20 mm<\/span><\/td>\n<td class=\"column-2\"><span>CF 14 \/ CS 14<\/span><\/td>\n<\/tr>\n<tr class=\"row-6 even\">\n<td class=\"column-1\"><span>25 mm x 25 mm<\/span><\/td>\n<td class=\"column-2\"><span>CF 15 \/ CS 15<\/span><\/td>\n<\/tr>\n<tr class=\"row-7 odd\">\n<td class=\"column-1\"><span>32 mm x 32 mm<\/span><\/td>\n<td class=\"column-2\"><span>CF 16 \/ CS 16<\/span><\/td>\n<\/tr>\n<tr class=\"row-8 even\">\n<td class=\"column-1\"><span>40 mm x 40 mm<\/span><\/td>\n<td class=\"column-2\"><span>CF 17 \/ CS 17<\/span><\/td>\n<\/tr>\n<tr class=\"row-9 odd\">\n<td class=\"column-1\"><span>50 mm x 50 mm<\/span><\/td>\n<td class=\"column-2\"><span>CF 18 \/ CS 18<\/span><\/td>\n<\/tr>\n<\/tbody>\n<\/table>\n<p><strong><span>Adaptadores de condu\u00edte flex\u00edveis de lat\u00e3o (macho e f\u00eamea)\u00a0\u00a0\u00a0\u00a0<\/span><\/strong><\/p>\n<p><span>Uma pe\u00e7a de adaptadores de lat\u00e3o adequados para condu\u00edtes de a\u00e7o\/PVC.<\/span><\/p>\n<table id=\"tablepress-230\" class=\"tablepress tablepress-id-230\">\n<caption><a href=\"https:\/\/conexmetals.com\/wp-admin\/admin.php?page=tablepress&amp;action=edit&amp;table_id=230\" rel=\"nofollow\"><span>Editar<\/span><\/a><\/caption>\n<thead>\n<tr class=\"row-1 odd\">\n<th class=\"column-1\" colspan=\"3\"><span>Adaptadores de condu\u00edte flex\u00edveis de lat\u00e3o (macho e f\u00eamea)<\/span><\/th>\n<\/tr>\n<\/thead>\n<tbody class=\"row-hover\">\n<tr class=\"row-2 even\">\n<td class=\"column-1\"><strong><span>Condu\u00edte flex\u00edvel<\/span><\/strong><\/td>\n<td class=\"column-2\"><strong><span>Condu\u00edte r\u00edgido<\/span><\/strong><\/td>\n<td class=\"column-3\"><strong><span>C\u00f3digo No.<\/span><\/strong><\/td>\n<\/tr>\n<tr class=\"row-3 odd\">\n<td class=\"column-1\"><span>5\/8&#8243; (16 mm)<\/span><\/td>\n<td class=\"column-2\"><span>3\/4&#8243; (20 mm)<\/span><\/td>\n<td class=\"column-3\"><span>CA 12<\/span><\/td>\n<\/tr>\n<tr class=\"row-4 even\">\n<td class=\"column-1\"><span>3\/4&#8243; (20 mm)<\/span><\/td>\n<td class=\"column-2\"><span>3\/4&#8243; (20 mm)<\/span><\/td>\n<td class=\"column-3\"><span>CA 13<\/span><\/td>\n<\/tr>\n<tr class=\"row-5 odd\">\n<td class=\"column-1\"><span>3\/4&#8243; (20 mm)<\/span><\/td>\n<td class=\"column-2\"><span>1&#8243; (25 mm)<\/span><\/td>\n<td class=\"column-3\"><span>CA 14<\/span><\/td>\n<\/tr>\n<tr class=\"row-6 even\">\n<td class=\"column-1\"><span>1&#8243; (25 mm)<\/span><\/td>\n<td class=\"column-2\"><span>1&#8243; (25 mm)<\/span><\/td>\n<td class=\"column-3\"><span>CA 15<\/span><\/td>\n<\/tr>\n<tr class=\"row-7 odd\">\n<td class=\"column-1\"><span>1 1\/4&#8243; (32 mm)<\/span><\/td>\n<td class=\"column-2\"><span>1 1\/4&#8243; (32 mm)<\/span><\/td>\n<td class=\"column-3\"><span>CA 16<\/span><\/td>\n<\/tr>\n<tr class=\"row-8 even\">\n<td class=\"column-1\"><span>1 1\/2&#8243; (40 mm)<\/span><\/td>\n<td class=\"column-2\"><span>1 1\/2&#8243; (40 mm)<\/span><\/td>\n<td class=\"column-3\"><span>CA 17<\/span><\/td>\n<\/tr>\n<tr class=\"row-9 odd\">\n<td class=\"column-1\"><span>2&#8243; (50 mm)<\/span><\/td>\n<td class=\"column-2\"><span>2&#8243; (50 mm)<\/span><\/td>\n<td class=\"column-3\"><span>CA 18<\/span><\/td>\n<\/tr>\n<\/tbody>\n<\/table>\n<p>&nbsp;<\/p>\n<p><strong><span>Buchas macho e f\u00eamea de lat\u00e3o \/ plugues com fenda<\/span><\/strong><\/p>\n<p><strong><span>Material<\/span><br \/>\n<\/strong><span>Lat\u00e3o conforme BS 2874.<\/span><\/p>\n<p><strong><span>Acabamento\u00a0\u00a0<\/span><\/strong><br \/>\n<span>em lat\u00e3o natural.<\/span><\/p>\n<p><strong><span>Tamanhos\u00a0\u00a0<\/span><\/strong><br \/>\n<span>M\u00e9tricos 20mm a 50mm (padr\u00e3o curto e longo)<\/span><\/p>\n<p><strong><span>Imperial<\/span><br \/>\n<\/strong><span>3\/4 a 2\u2033 (padr\u00e3o curto e longo)<\/span><\/p>\n<p><strong><span>Roscas\u00a0\u00a0\u00a0\u00a0\u00a0\u00a0\u00a0\u00a0\u00a0\u00a0<\/span><\/strong><br \/>\n<span>M\u00e9tricas \/ PG \/ Imperiais.<\/span><\/p>\n<p>&nbsp;<\/p>\n<p><strong><span>Conex\u00f5es de 45 \u00b0 e 90 \u00b0 para condu\u00edtes de lat\u00e3o flex\u00edveis, espirais e estanques a l\u00edquidos<\/span><\/strong><\/p>\n<p><strong><span>Caracter\u00edsticas<\/span><\/strong><span>\u00a0\u00a0 Uma pe\u00e7a fundida e usinada com ou sem veda\u00e7\u00e3o de pl\u00e1stico para garantir maior classifica\u00e7\u00e3o IP. Os tamanhos variam e podemos fabricar especificamente conforme a necessidade do cliente, dispon\u00edvel com porcas de trava.<\/span><\/p>\n<p><strong><span>Acabamento<\/span><\/strong><br \/>\n<span>niquelado ou cromado.<\/span><\/p>\n<\/div>\n<\/div>\n<\/div>\n","protected":false},"featured_media":10267,"template":"","meta":[],"product_brand":[],"product_cat":[397],"product_tag":[],"class_list":{"0":"post-11944","1":"product","2":"type-product","3":"status-publish","4":"has-post-thumbnail","6":"product_cat-conexoes-de-conduite-de-latao","8":"first","9":"instock","10":"shipping-taxable","11":"product-type-simple"},"yoast_head":"<!-- This site is optimized with the Yoast SEO plugin v27.3 - https:\/\/yoast.com\/product\/yoast-seo-wordpress\/ -->\n<title>Conex\u00f5es de Lat\u00e3o para Condu\u00edtes Flex\u00edveis<\/title>\n<meta name=\"description\" content=\"A Conex fabrica e exporta Conex\u00f5es de Lat\u00e3o para Condu\u00edtes Flex\u00edveis, incluindo sistemas de condu\u00edtes de metal e PVC. Nossa linha de produtos inclui tubos el\u00e9tricos flex\u00edveis, condu\u00edtes GI flex\u00edveis e condu\u00edtes estanques. Projetadas para durabilidade e f\u00e1cil instala\u00e7\u00e3o, nossas conex\u00f5es garantem conex\u00f5es seguras para sistemas de condu\u00edte flex\u00edvel.\" \/>\n<meta name=\"robots\" content=\"index, follow, max-snippet:-1, max-image-preview:large, max-video-preview:-1\" \/>\n<link rel=\"canonical\" href=\"https:\/\/conexmetals.com\/pt-br\/produto\/conexoes-de-latao-para-conduites-flexiveis\/\" \/>\n<script type=\"application\/ld+json\" class=\"yoast-schema-graph\">{\"@context\":\"https:\\\/\\\/schema.org\",\"@graph\":[{\"@type\":\"WebPage\",\"@id\":\"https:\\\/\\\/conexmetals.com\\\/pt-br\\\/produto\\\/conexoes-de-latao-para-conduites-flexiveis\\\/\",\"url\":\"https:\\\/\\\/conexmetals.com\\\/pt-br\\\/produto\\\/conexoes-de-latao-para-conduites-flexiveis\\\/\",\"name\":\"Conex\u00f5es de Lat\u00e3o para Condu\u00edtes Flex\u00edveis\",\"isPartOf\":{\"@id\":\"https:\\\/\\\/conexmetals.com\\\/pt-br\\\/#website\"},\"primaryImageOfPage\":{\"@id\":\"https:\\\/\\\/conexmetals.com\\\/pt-br\\\/produto\\\/conexoes-de-latao-para-conduites-flexiveis\\\/#primaryimage\"},\"image\":{\"@id\":\"https:\\\/\\\/conexmetals.com\\\/pt-br\\\/produto\\\/conexoes-de-latao-para-conduites-flexiveis\\\/#primaryimage\"},\"thumbnailUrl\":\"https:\\\/\\\/conexmetals.com\\\/wp-content\\\/uploads\\\/2024\\\/10\\\/Conexoes-de-Conduite-de-Latao.png\",\"datePublished\":\"2023-08-17T06:46:44+00:00\",\"dateModified\":\"2024-10-25T09:27:34+00:00\",\"description\":\"A Conex fabrica e exporta Conex\u00f5es de Lat\u00e3o para Condu\u00edtes Flex\u00edveis, incluindo sistemas de condu\u00edtes de metal e PVC. Nossa linha de produtos inclui tubos el\u00e9tricos flex\u00edveis, condu\u00edtes GI flex\u00edveis e condu\u00edtes estanques. Projetadas para durabilidade e f\u00e1cil instala\u00e7\u00e3o, nossas conex\u00f5es garantem conex\u00f5es seguras para sistemas de condu\u00edte flex\u00edvel.\",\"breadcrumb\":{\"@id\":\"https:\\\/\\\/conexmetals.com\\\/pt-br\\\/produto\\\/conexoes-de-latao-para-conduites-flexiveis\\\/#breadcrumb\"},\"inLanguage\":\"pt-BR\",\"potentialAction\":[{\"@type\":\"ReadAction\",\"target\":[\"https:\\\/\\\/conexmetals.com\\\/pt-br\\\/produto\\\/conexoes-de-latao-para-conduites-flexiveis\\\/\"]}]},{\"@type\":\"ImageObject\",\"inLanguage\":\"pt-BR\",\"@id\":\"https:\\\/\\\/conexmetals.com\\\/pt-br\\\/produto\\\/conexoes-de-latao-para-conduites-flexiveis\\\/#primaryimage\",\"url\":\"https:\\\/\\\/conexmetals.com\\\/wp-content\\\/uploads\\\/2024\\\/10\\\/Conexoes-de-Conduite-de-Latao.png\",\"contentUrl\":\"https:\\\/\\\/conexmetals.com\\\/wp-content\\\/uploads\\\/2024\\\/10\\\/Conexoes-de-Conduite-de-Latao.png\",\"width\":300,\"height\":300,\"caption\":\"Conex\u00f5es de Condu\u00edte de Lat\u00e3o\"},{\"@type\":\"BreadcrumbList\",\"@id\":\"https:\\\/\\\/conexmetals.com\\\/pt-br\\\/produto\\\/conexoes-de-latao-para-conduites-flexiveis\\\/#breadcrumb\",\"itemListElement\":[{\"@type\":\"ListItem\",\"position\":1,\"name\":\"Home\",\"item\":\"https:\\\/\\\/conexmetals.com\\\/pt-br\\\/lar\\\/\"},{\"@type\":\"ListItem\",\"position\":2,\"name\":\"Products\",\"item\":\"https:\\\/\\\/conexmetals.com\\\/products\\\/\"},{\"@type\":\"ListItem\",\"position\":3,\"name\":\"Conex\u00f5es de Lat\u00e3o para Condu\u00edtes Flex\u00edveis\"}]},{\"@type\":\"WebSite\",\"@id\":\"https:\\\/\\\/conexmetals.com\\\/pt-br\\\/#website\",\"url\":\"https:\\\/\\\/conexmetals.com\\\/pt-br\\\/\",\"name\":\"Conex Metals Brass Fittings Brass Parts Copper Parts Brass Components Brass Plumbing Fittings India\",\"description\":\"Manufacturer of Bronze Fittings casting Copper Brass parts components\",\"publisher\":{\"@id\":\"https:\\\/\\\/conexmetals.com\\\/pt-br\\\/#organization\"},\"potentialAction\":[{\"@type\":\"SearchAction\",\"target\":{\"@type\":\"EntryPoint\",\"urlTemplate\":\"https:\\\/\\\/conexmetals.com\\\/pt-br\\\/?s={search_term_string}\"},\"query-input\":{\"@type\":\"PropertyValueSpecification\",\"valueRequired\":true,\"valueName\":\"search_term_string\"}}],\"inLanguage\":\"pt-BR\"},{\"@type\":\"Organization\",\"@id\":\"https:\\\/\\\/conexmetals.com\\\/pt-br\\\/#organization\",\"name\":\"Conex Metals Brass Fittings Brass Parts Copper Parts Brass Components Brass Plumbing Fittings India\",\"url\":\"https:\\\/\\\/conexmetals.com\\\/pt-br\\\/\",\"logo\":{\"@type\":\"ImageObject\",\"inLanguage\":\"pt-BR\",\"@id\":\"https:\\\/\\\/conexmetals.com\\\/pt-br\\\/#\\\/schema\\\/logo\\\/image\\\/\",\"url\":\"https:\\\/\\\/conexmetals.com\\\/wp-content\\\/uploads\\\/2024\\\/03\\\/conex-metals-logo.webp\",\"contentUrl\":\"https:\\\/\\\/conexmetals.com\\\/wp-content\\\/uploads\\\/2024\\\/03\\\/conex-metals-logo.webp\",\"width\":300,\"height\":121,\"caption\":\"Conex Metals Brass Fittings Brass Parts Copper Parts Brass Components Brass Plumbing Fittings India\"},\"image\":{\"@id\":\"https:\\\/\\\/conexmetals.com\\\/pt-br\\\/#\\\/schema\\\/logo\\\/image\\\/\"},\"sameAs\":[\"https:\\\/\\\/www.facebook.com\\\/conexbrass\",\"https:\\\/\\\/x.com\\\/conexindia\",\"https:\\\/\\\/www.linkedin.com\\\/company\\\/conex-metals-india\\\/\",\"https:\\\/\\\/www.instagram.com\\\/conexindia\\\/\"]}]}<\/script>\n<!-- \/ Yoast SEO plugin. -->","yoast_head_json":{"title":"Conex\u00f5es de Lat\u00e3o para Condu\u00edtes Flex\u00edveis","description":"A Conex fabrica e exporta Conex\u00f5es de Lat\u00e3o para Condu\u00edtes Flex\u00edveis, incluindo sistemas de condu\u00edtes de metal e PVC. Nossa linha de produtos inclui tubos el\u00e9tricos flex\u00edveis, condu\u00edtes GI flex\u00edveis e condu\u00edtes estanques. Projetadas para durabilidade e f\u00e1cil instala\u00e7\u00e3o, nossas conex\u00f5es garantem conex\u00f5es seguras para sistemas de condu\u00edte flex\u00edvel.","robots":{"index":"index","follow":"follow","max-snippet":"max-snippet:-1","max-image-preview":"max-image-preview:large","max-video-preview":"max-video-preview:-1"},"canonical":"https:\/\/conexmetals.com\/pt-br\/produto\/conexoes-de-latao-para-conduites-flexiveis\/","schema":{"@context":"https:\/\/schema.org","@graph":[{"@type":"WebPage","@id":"https:\/\/conexmetals.com\/pt-br\/produto\/conexoes-de-latao-para-conduites-flexiveis\/","url":"https:\/\/conexmetals.com\/pt-br\/produto\/conexoes-de-latao-para-conduites-flexiveis\/","name":"Conex\u00f5es de Lat\u00e3o para Condu\u00edtes Flex\u00edveis","isPartOf":{"@id":"https:\/\/conexmetals.com\/pt-br\/#website"},"primaryImageOfPage":{"@id":"https:\/\/conexmetals.com\/pt-br\/produto\/conexoes-de-latao-para-conduites-flexiveis\/#primaryimage"},"image":{"@id":"https:\/\/conexmetals.com\/pt-br\/produto\/conexoes-de-latao-para-conduites-flexiveis\/#primaryimage"},"thumbnailUrl":"https:\/\/conexmetals.com\/wp-content\/uploads\/2024\/10\/Conexoes-de-Conduite-de-Latao.png","datePublished":"2023-08-17T06:46:44+00:00","dateModified":"2024-10-25T09:27:34+00:00","description":"A Conex fabrica e exporta Conex\u00f5es de Lat\u00e3o para Condu\u00edtes Flex\u00edveis, incluindo sistemas de condu\u00edtes de metal e PVC. Nossa linha de produtos inclui tubos el\u00e9tricos flex\u00edveis, condu\u00edtes GI flex\u00edveis e condu\u00edtes estanques. Projetadas para durabilidade e f\u00e1cil instala\u00e7\u00e3o, nossas conex\u00f5es garantem conex\u00f5es seguras para sistemas de condu\u00edte flex\u00edvel.","breadcrumb":{"@id":"https:\/\/conexmetals.com\/pt-br\/produto\/conexoes-de-latao-para-conduites-flexiveis\/#breadcrumb"},"inLanguage":"pt-BR","potentialAction":[{"@type":"ReadAction","target":["https:\/\/conexmetals.com\/pt-br\/produto\/conexoes-de-latao-para-conduites-flexiveis\/"]}]},{"@type":"ImageObject","inLanguage":"pt-BR","@id":"https:\/\/conexmetals.com\/pt-br\/produto\/conexoes-de-latao-para-conduites-flexiveis\/#primaryimage","url":"https:\/\/conexmetals.com\/wp-content\/uploads\/2024\/10\/Conexoes-de-Conduite-de-Latao.png","contentUrl":"https:\/\/conexmetals.com\/wp-content\/uploads\/2024\/10\/Conexoes-de-Conduite-de-Latao.png","width":300,"height":300,"caption":"Conex\u00f5es de Condu\u00edte de Lat\u00e3o"},{"@type":"BreadcrumbList","@id":"https:\/\/conexmetals.com\/pt-br\/produto\/conexoes-de-latao-para-conduites-flexiveis\/#breadcrumb","itemListElement":[{"@type":"ListItem","position":1,"name":"Home","item":"https:\/\/conexmetals.com\/pt-br\/lar\/"},{"@type":"ListItem","position":2,"name":"Products","item":"https:\/\/conexmetals.com\/products\/"},{"@type":"ListItem","position":3,"name":"Conex\u00f5es de Lat\u00e3o para Condu\u00edtes Flex\u00edveis"}]},{"@type":"WebSite","@id":"https:\/\/conexmetals.com\/pt-br\/#website","url":"https:\/\/conexmetals.com\/pt-br\/","name":"Conex Metals Brass Fittings Brass Parts Copper Parts Brass Components Brass Plumbing Fittings India","description":"Manufacturer of Bronze Fittings casting Copper Brass parts components","publisher":{"@id":"https:\/\/conexmetals.com\/pt-br\/#organization"},"potentialAction":[{"@type":"SearchAction","target":{"@type":"EntryPoint","urlTemplate":"https:\/\/conexmetals.com\/pt-br\/?s={search_term_string}"},"query-input":{"@type":"PropertyValueSpecification","valueRequired":true,"valueName":"search_term_string"}}],"inLanguage":"pt-BR"},{"@type":"Organization","@id":"https:\/\/conexmetals.com\/pt-br\/#organization","name":"Conex Metals Brass Fittings Brass Parts Copper Parts Brass Components Brass Plumbing Fittings India","url":"https:\/\/conexmetals.com\/pt-br\/","logo":{"@type":"ImageObject","inLanguage":"pt-BR","@id":"https:\/\/conexmetals.com\/pt-br\/#\/schema\/logo\/image\/","url":"https:\/\/conexmetals.com\/wp-content\/uploads\/2024\/03\/conex-metals-logo.webp","contentUrl":"https:\/\/conexmetals.com\/wp-content\/uploads\/2024\/03\/conex-metals-logo.webp","width":300,"height":121,"caption":"Conex Metals Brass Fittings Brass Parts Copper Parts Brass Components Brass Plumbing Fittings India"},"image":{"@id":"https:\/\/conexmetals.com\/pt-br\/#\/schema\/logo\/image\/"},"sameAs":["https:\/\/www.facebook.com\/conexbrass","https:\/\/x.com\/conexindia","https:\/\/www.linkedin.com\/company\/conex-metals-india\/","https:\/\/www.instagram.com\/conexindia\/"]}]}},"_links":{"self":[{"href":"https:\/\/conexmetals.com\/pt-br\/wp-json\/wp\/v2\/product\/11944","targetHints":{"allow":["GET"]}}],"collection":[{"href":"https:\/\/conexmetals.com\/pt-br\/wp-json\/wp\/v2\/product"}],"about":[{"href":"https:\/\/conexmetals.com\/pt-br\/wp-json\/wp\/v2\/types\/product"}],"wp:featuredmedia":[{"embeddable":true,"href":"https:\/\/conexmetals.com\/pt-br\/wp-json\/wp\/v2\/media\/10267"}],"wp:attachment":[{"href":"https:\/\/conexmetals.com\/pt-br\/wp-json\/wp\/v2\/media?parent=11944"}],"wp:term":[{"taxonomy":"product_brand","embeddable":true,"href":"https:\/\/conexmetals.com\/pt-br\/wp-json\/wp\/v2\/product_brand?post=11944"},{"taxonomy":"product_cat","embeddable":true,"href":"https:\/\/conexmetals.com\/pt-br\/wp-json\/wp\/v2\/product_cat?post=11944"},{"taxonomy":"product_tag","embeddable":true,"href":"https:\/\/conexmetals.com\/pt-br\/wp-json\/wp\/v2\/product_tag?post=11944"}],"curies":[{"name":"wp","href":"https:\/\/api.w.org\/{rel}","templated":true}]}}