{"id":11948,"date":"2023-08-17T12:12:14","date_gmt":"2023-08-17T06:42:14","guid":{"rendered":"https:\/\/conexmetals.com\/?post_type=product&#038;p=11948"},"modified":"2024-10-25T15:45:28","modified_gmt":"2024-10-25T10:15:28","slug":"buchas-macho-e-femea-de-latao-com-tampoes-ranhurados","status":"publish","type":"product","link":"https:\/\/conexmetals.com\/pt-br\/produto\/buchas-macho-e-femea-de-latao-com-tampoes-ranhurados\/","title":{"rendered":"Buchas Macho e F\u00eamea de Lat\u00e3o com Tamp\u00f5es Ranhurados"},"content":{"rendered":"","protected":false},"excerpt":{"rendered":"<table id=\"tablepress-380\" class=\"tablepress tablepress-id-380\">\n<caption>\u00a0<\/caption>\n<thead>\n<tr class=\"row-1 odd\">\n<th class=\"column-1\" colspan=\"2\"><strong><span>Buchas macho e f\u00eamea de lat\u00e3o com plugues ranhurados<\/span><\/strong><\/th>\n<\/tr>\n<\/thead>\n<tbody class=\"row-hover\">\n<tr class=\"row-2 even\">\n<td class=\"column-1\"><strong><span>Material\u00a0\u00a0<\/span><\/strong><\/td>\n<td class=\"column-2\"><span>Lat\u00e3o conforme BS 2874<\/span><\/td>\n<\/tr>\n<tr class=\"row-3 odd\">\n<td class=\"column-1\"><strong><span>Terminar<\/span><\/strong><\/td>\n<td class=\"column-2\"><span>Buchas macho f\u00eamea de lat\u00e3o e plugues de lat\u00e3o com fenda. Conex\u00e3o para condu\u00edte dispon\u00edvel em acabamento natural.<\/span><\/td>\n<\/tr>\n<tr class=\"row-4 even\">\n<td class=\"column-1\"><strong><span>Tamanhos<\/span><\/strong><\/td>\n<td class=\"column-2\"><span>M\u00e9trica 20 mm 25 mm 32 mm 40 mm 50 mm 11\/2\u2033 2\u2033 (padr\u00e3o curto e longo)<\/span><\/td>\n<\/tr>\n<tr class=\"row-5 odd\">\n<td class=\"column-1\"><strong><span>T\u00f3picos<\/span><\/strong><\/td>\n<td class=\"column-2\"><span>Conex\u00f5es de buchas roscadas de condu\u00edte M\u00e9tricas \/ PG \/ Imperiais BS dispon\u00edveis em Conex\u00f5es de condu\u00edte de buchas macho f\u00eamea de lat\u00e3o<\/span><\/td>\n<\/tr>\n<\/tbody>\n<\/table>\n<p><span>Buchas macho e f\u00eamea de lat\u00e3o com buchas ranhuradas s\u00e3o conex\u00f5es especializadas usadas em sistemas de condu\u00edtes el\u00e9tricos para terminar ou fechar as extremidades dos condu\u00edtes. Eles s\u00e3o feitos de lat\u00e3o, um metal conhecido por sua excelente condutividade el\u00e9trica, resist\u00eancia \u00e0 corros\u00e3o e resist\u00eancia mec\u00e2nica.<\/span><\/p>\n<p><span>Vamos analisar cada componente:<\/span><\/p>\n<ol>\n<li><b><\/b><strong><b><span>Buchas macho e f\u00eamea de condu\u00edte de lat\u00e3o:<\/span><\/b><\/strong><span>\u00a0Buchas de condu\u00edte de lat\u00e3o s\u00e3o conex\u00f5es usadas para fornecer um ponto de entrada suave e arredondado para fios ou cabos el\u00e9tricos em um condu\u00edte. Elas s\u00e3o instaladas na extremidade do condu\u00edte, ajudando a proteger os fios de bordas afiadas e evitando danos ao isolamento durante a inser\u00e7\u00e3o.<\/span>\n<ul>\n<li><b><\/b><strong><b><span>Buchas macho de condu\u00edte de lat\u00e3o:<\/span><\/b><\/strong><span>\u00a0S\u00e3o conex\u00f5es com roscas externas projetadas para serem inseridas nas roscas f\u00eameas do condu\u00edte. A bucha macho fornece uma abertura rosqueada para prender conectores de condu\u00edte, acoplamentos ou outras conex\u00f5es.<\/span><\/li>\n<li><b><\/b><strong><b><span>Buchas F\u00eameas de Condu\u00edte de Lat\u00e3o:<\/span><\/b><\/strong><span>\u00a0S\u00e3o conex\u00f5es com roscas internas projetadas para receber as roscas macho do condu\u00edte ou outras conex\u00f5es. A bucha f\u00eamea fornece uma conex\u00e3o rosqueada segura para prender conectores de condu\u00edte, acoplamentos ou outros componentes.<\/span><\/li>\n<\/ul>\n<\/li>\n<li><b><\/b><strong><b><span>Buj\u00f5es de Condu\u00edte de Lat\u00e3o com Fenda:<\/span><\/b><\/strong><span>\u00a0Buj\u00f5es de condu\u00edte de lat\u00e3o com fenda s\u00e3o usados \u200b\u200bpara tampar as extremidades dos condu\u00edtes para evitar a entrada de poeira, detritos ou umidade. Esses buj\u00f5es t\u00eam uma cabe\u00e7a com fenda ou plana que pode ser facilmente apertada ou removida usando uma chave de fenda.<\/span><\/li>\n<\/ol>\n<p><span>Essas conex\u00f5es de condu\u00edte de lat\u00e3o s\u00e3o comumente usadas em sistemas de condu\u00edte el\u00e9trico para aplica\u00e7\u00f5es internas e externas. Elas ajudam a manter a integridade do condu\u00edte ao fornecer pontos de entrada seguros e protegidos para fios ou cabos e ao selar as extremidades abertas do condu\u00edte para evitar a entrada de contaminantes.<\/span><\/p>\n<p><span>Ao instalar buchas macho e f\u00eamea e plugues ranhurados em condu\u00edtes de lat\u00e3o, \u00e9 importante garantir o dimensionamento adequado e a compatibilidade com o condu\u00edte que est\u00e1 sendo usado.<\/span><\/p>\n","protected":false},"featured_media":10333,"template":"","meta":[],"product_brand":[],"product_cat":[397],"product_tag":[],"class_list":{"0":"post-11948","1":"product","2":"type-product","3":"status-publish","4":"has-post-thumbnail","6":"product_cat-conexoes-de-conduite-de-latao","8":"first","9":"instock","10":"shipping-taxable","11":"product-type-simple"},"yoast_head":"<!-- This site is optimized with the Yoast SEO plugin v27.3 - https:\/\/yoast.com\/product\/yoast-seo-wordpress\/ -->\n<title>Buchas Macho e F\u00eamea de Lat\u00e3o com Tamp\u00f5es Ranhurados<\/title>\n<meta name=\"description\" content=\"A Conex oferece Buchas e Plugues de Lat\u00e3o Masculinos e Femininos para sistemas de condu\u00edtes. Nossa linha de produtos inclui diversos tipos de plugs e buchas, garantindo conex\u00f5es seguras e confi\u00e1veis. Esses acess\u00f3rios de lat\u00e3o de alta qualidade mant\u00eam a integridade e o desempenho dos sistemas de condu\u00edtes el\u00e9tricos.\" \/>\n<meta name=\"robots\" content=\"index, follow, max-snippet:-1, max-image-preview:large, max-video-preview:-1\" \/>\n<link rel=\"canonical\" href=\"https:\/\/conexmetals.com\/pt-br\/produto\/buchas-macho-e-femea-de-latao-com-tampoes-ranhurados\/\" \/>\n<script type=\"application\/ld+json\" class=\"yoast-schema-graph\">{\"@context\":\"https:\\\/\\\/schema.org\",\"@graph\":[{\"@type\":\"WebPage\",\"@id\":\"https:\\\/\\\/conexmetals.com\\\/pt-br\\\/produto\\\/buchas-macho-e-femea-de-latao-com-tampoes-ranhurados\\\/\",\"url\":\"https:\\\/\\\/conexmetals.com\\\/pt-br\\\/produto\\\/buchas-macho-e-femea-de-latao-com-tampoes-ranhurados\\\/\",\"name\":\"Buchas Macho e F\u00eamea de Lat\u00e3o com Tamp\u00f5es Ranhurados\",\"isPartOf\":{\"@id\":\"https:\\\/\\\/conexmetals.com\\\/pt-br\\\/#website\"},\"primaryImageOfPage\":{\"@id\":\"https:\\\/\\\/conexmetals.com\\\/pt-br\\\/produto\\\/buchas-macho-e-femea-de-latao-com-tampoes-ranhurados\\\/#primaryimage\"},\"image\":{\"@id\":\"https:\\\/\\\/conexmetals.com\\\/pt-br\\\/produto\\\/buchas-macho-e-femea-de-latao-com-tampoes-ranhurados\\\/#primaryimage\"},\"thumbnailUrl\":\"https:\\\/\\\/conexmetals.com\\\/wp-content\\\/uploads\\\/2024\\\/10\\\/Buchas-Macho-e-Femea-de-Latao-com-Tampoes-Ranhurados.png\",\"datePublished\":\"2023-08-17T06:42:14+00:00\",\"dateModified\":\"2024-10-25T10:15:28+00:00\",\"description\":\"A Conex oferece Buchas e Plugues de Lat\u00e3o Masculinos e Femininos para sistemas de condu\u00edtes. Nossa linha de produtos inclui diversos tipos de plugs e buchas, garantindo conex\u00f5es seguras e confi\u00e1veis. Esses acess\u00f3rios de lat\u00e3o de alta qualidade mant\u00eam a integridade e o desempenho dos sistemas de condu\u00edtes el\u00e9tricos.\",\"breadcrumb\":{\"@id\":\"https:\\\/\\\/conexmetals.com\\\/pt-br\\\/produto\\\/buchas-macho-e-femea-de-latao-com-tampoes-ranhurados\\\/#breadcrumb\"},\"inLanguage\":\"pt-BR\",\"potentialAction\":[{\"@type\":\"ReadAction\",\"target\":[\"https:\\\/\\\/conexmetals.com\\\/pt-br\\\/produto\\\/buchas-macho-e-femea-de-latao-com-tampoes-ranhurados\\\/\"]}]},{\"@type\":\"ImageObject\",\"inLanguage\":\"pt-BR\",\"@id\":\"https:\\\/\\\/conexmetals.com\\\/pt-br\\\/produto\\\/buchas-macho-e-femea-de-latao-com-tampoes-ranhurados\\\/#primaryimage\",\"url\":\"https:\\\/\\\/conexmetals.com\\\/wp-content\\\/uploads\\\/2024\\\/10\\\/Buchas-Macho-e-Femea-de-Latao-com-Tampoes-Ranhurados.png\",\"contentUrl\":\"https:\\\/\\\/conexmetals.com\\\/wp-content\\\/uploads\\\/2024\\\/10\\\/Buchas-Macho-e-Femea-de-Latao-com-Tampoes-Ranhurados.png\",\"width\":300,\"height\":300,\"caption\":\"Buchas Macho e F\u00eamea de Lat\u00e3o com Tamp\u00f5es Ranhurados\"},{\"@type\":\"BreadcrumbList\",\"@id\":\"https:\\\/\\\/conexmetals.com\\\/pt-br\\\/produto\\\/buchas-macho-e-femea-de-latao-com-tampoes-ranhurados\\\/#breadcrumb\",\"itemListElement\":[{\"@type\":\"ListItem\",\"position\":1,\"name\":\"Home\",\"item\":\"https:\\\/\\\/conexmetals.com\\\/pt-br\\\/lar\\\/\"},{\"@type\":\"ListItem\",\"position\":2,\"name\":\"Products\",\"item\":\"https:\\\/\\\/conexmetals.com\\\/products\\\/\"},{\"@type\":\"ListItem\",\"position\":3,\"name\":\"Buchas Macho e F\u00eamea de Lat\u00e3o com Tamp\u00f5es Ranhurados\"}]},{\"@type\":\"WebSite\",\"@id\":\"https:\\\/\\\/conexmetals.com\\\/pt-br\\\/#website\",\"url\":\"https:\\\/\\\/conexmetals.com\\\/pt-br\\\/\",\"name\":\"Conex Metals Brass Fittings Brass Parts Copper Parts Brass Components Brass Plumbing Fittings India\",\"description\":\"Manufacturer of Bronze Fittings casting Copper Brass parts components\",\"publisher\":{\"@id\":\"https:\\\/\\\/conexmetals.com\\\/pt-br\\\/#organization\"},\"potentialAction\":[{\"@type\":\"SearchAction\",\"target\":{\"@type\":\"EntryPoint\",\"urlTemplate\":\"https:\\\/\\\/conexmetals.com\\\/pt-br\\\/?s={search_term_string}\"},\"query-input\":{\"@type\":\"PropertyValueSpecification\",\"valueRequired\":true,\"valueName\":\"search_term_string\"}}],\"inLanguage\":\"pt-BR\"},{\"@type\":\"Organization\",\"@id\":\"https:\\\/\\\/conexmetals.com\\\/pt-br\\\/#organization\",\"name\":\"Conex Metals Brass Fittings Brass Parts Copper Parts Brass Components Brass Plumbing Fittings India\",\"url\":\"https:\\\/\\\/conexmetals.com\\\/pt-br\\\/\",\"logo\":{\"@type\":\"ImageObject\",\"inLanguage\":\"pt-BR\",\"@id\":\"https:\\\/\\\/conexmetals.com\\\/pt-br\\\/#\\\/schema\\\/logo\\\/image\\\/\",\"url\":\"https:\\\/\\\/conexmetals.com\\\/wp-content\\\/uploads\\\/2024\\\/03\\\/conex-metals-logo.webp\",\"contentUrl\":\"https:\\\/\\\/conexmetals.com\\\/wp-content\\\/uploads\\\/2024\\\/03\\\/conex-metals-logo.webp\",\"width\":300,\"height\":121,\"caption\":\"Conex Metals Brass Fittings Brass Parts Copper Parts Brass Components Brass Plumbing Fittings India\"},\"image\":{\"@id\":\"https:\\\/\\\/conexmetals.com\\\/pt-br\\\/#\\\/schema\\\/logo\\\/image\\\/\"},\"sameAs\":[\"https:\\\/\\\/www.facebook.com\\\/conexbrass\",\"https:\\\/\\\/x.com\\\/conexindia\",\"https:\\\/\\\/www.linkedin.com\\\/company\\\/conex-metals-india\\\/\",\"https:\\\/\\\/www.instagram.com\\\/conexindia\\\/\"]}]}<\/script>\n<!-- \/ Yoast SEO plugin. -->","yoast_head_json":{"title":"Buchas Macho e F\u00eamea de Lat\u00e3o com Tamp\u00f5es Ranhurados","description":"A Conex oferece Buchas e Plugues de Lat\u00e3o Masculinos e Femininos para sistemas de condu\u00edtes. Nossa linha de produtos inclui diversos tipos de plugs e buchas, garantindo conex\u00f5es seguras e confi\u00e1veis. Esses acess\u00f3rios de lat\u00e3o de alta qualidade mant\u00eam a integridade e o desempenho dos sistemas de condu\u00edtes el\u00e9tricos.","robots":{"index":"index","follow":"follow","max-snippet":"max-snippet:-1","max-image-preview":"max-image-preview:large","max-video-preview":"max-video-preview:-1"},"canonical":"https:\/\/conexmetals.com\/pt-br\/produto\/buchas-macho-e-femea-de-latao-com-tampoes-ranhurados\/","schema":{"@context":"https:\/\/schema.org","@graph":[{"@type":"WebPage","@id":"https:\/\/conexmetals.com\/pt-br\/produto\/buchas-macho-e-femea-de-latao-com-tampoes-ranhurados\/","url":"https:\/\/conexmetals.com\/pt-br\/produto\/buchas-macho-e-femea-de-latao-com-tampoes-ranhurados\/","name":"Buchas Macho e F\u00eamea de Lat\u00e3o com Tamp\u00f5es Ranhurados","isPartOf":{"@id":"https:\/\/conexmetals.com\/pt-br\/#website"},"primaryImageOfPage":{"@id":"https:\/\/conexmetals.com\/pt-br\/produto\/buchas-macho-e-femea-de-latao-com-tampoes-ranhurados\/#primaryimage"},"image":{"@id":"https:\/\/conexmetals.com\/pt-br\/produto\/buchas-macho-e-femea-de-latao-com-tampoes-ranhurados\/#primaryimage"},"thumbnailUrl":"https:\/\/conexmetals.com\/wp-content\/uploads\/2024\/10\/Buchas-Macho-e-Femea-de-Latao-com-Tampoes-Ranhurados.png","datePublished":"2023-08-17T06:42:14+00:00","dateModified":"2024-10-25T10:15:28+00:00","description":"A Conex oferece Buchas e Plugues de Lat\u00e3o Masculinos e Femininos para sistemas de condu\u00edtes. Nossa linha de produtos inclui diversos tipos de plugs e buchas, garantindo conex\u00f5es seguras e confi\u00e1veis. Esses acess\u00f3rios de lat\u00e3o de alta qualidade mant\u00eam a integridade e o desempenho dos sistemas de condu\u00edtes el\u00e9tricos.","breadcrumb":{"@id":"https:\/\/conexmetals.com\/pt-br\/produto\/buchas-macho-e-femea-de-latao-com-tampoes-ranhurados\/#breadcrumb"},"inLanguage":"pt-BR","potentialAction":[{"@type":"ReadAction","target":["https:\/\/conexmetals.com\/pt-br\/produto\/buchas-macho-e-femea-de-latao-com-tampoes-ranhurados\/"]}]},{"@type":"ImageObject","inLanguage":"pt-BR","@id":"https:\/\/conexmetals.com\/pt-br\/produto\/buchas-macho-e-femea-de-latao-com-tampoes-ranhurados\/#primaryimage","url":"https:\/\/conexmetals.com\/wp-content\/uploads\/2024\/10\/Buchas-Macho-e-Femea-de-Latao-com-Tampoes-Ranhurados.png","contentUrl":"https:\/\/conexmetals.com\/wp-content\/uploads\/2024\/10\/Buchas-Macho-e-Femea-de-Latao-com-Tampoes-Ranhurados.png","width":300,"height":300,"caption":"Buchas Macho e F\u00eamea de Lat\u00e3o com Tamp\u00f5es Ranhurados"},{"@type":"BreadcrumbList","@id":"https:\/\/conexmetals.com\/pt-br\/produto\/buchas-macho-e-femea-de-latao-com-tampoes-ranhurados\/#breadcrumb","itemListElement":[{"@type":"ListItem","position":1,"name":"Home","item":"https:\/\/conexmetals.com\/pt-br\/lar\/"},{"@type":"ListItem","position":2,"name":"Products","item":"https:\/\/conexmetals.com\/products\/"},{"@type":"ListItem","position":3,"name":"Buchas Macho e F\u00eamea de Lat\u00e3o com Tamp\u00f5es Ranhurados"}]},{"@type":"WebSite","@id":"https:\/\/conexmetals.com\/pt-br\/#website","url":"https:\/\/conexmetals.com\/pt-br\/","name":"Conex Metals Brass Fittings Brass Parts Copper Parts Brass Components Brass Plumbing Fittings India","description":"Manufacturer of Bronze Fittings casting Copper Brass parts components","publisher":{"@id":"https:\/\/conexmetals.com\/pt-br\/#organization"},"potentialAction":[{"@type":"SearchAction","target":{"@type":"EntryPoint","urlTemplate":"https:\/\/conexmetals.com\/pt-br\/?s={search_term_string}"},"query-input":{"@type":"PropertyValueSpecification","valueRequired":true,"valueName":"search_term_string"}}],"inLanguage":"pt-BR"},{"@type":"Organization","@id":"https:\/\/conexmetals.com\/pt-br\/#organization","name":"Conex Metals Brass Fittings Brass Parts Copper Parts Brass Components Brass Plumbing Fittings India","url":"https:\/\/conexmetals.com\/pt-br\/","logo":{"@type":"ImageObject","inLanguage":"pt-BR","@id":"https:\/\/conexmetals.com\/pt-br\/#\/schema\/logo\/image\/","url":"https:\/\/conexmetals.com\/wp-content\/uploads\/2024\/03\/conex-metals-logo.webp","contentUrl":"https:\/\/conexmetals.com\/wp-content\/uploads\/2024\/03\/conex-metals-logo.webp","width":300,"height":121,"caption":"Conex Metals Brass Fittings Brass Parts Copper Parts Brass Components Brass Plumbing Fittings India"},"image":{"@id":"https:\/\/conexmetals.com\/pt-br\/#\/schema\/logo\/image\/"},"sameAs":["https:\/\/www.facebook.com\/conexbrass","https:\/\/x.com\/conexindia","https:\/\/www.linkedin.com\/company\/conex-metals-india\/","https:\/\/www.instagram.com\/conexindia\/"]}]}},"_links":{"self":[{"href":"https:\/\/conexmetals.com\/pt-br\/wp-json\/wp\/v2\/product\/11948","targetHints":{"allow":["GET"]}}],"collection":[{"href":"https:\/\/conexmetals.com\/pt-br\/wp-json\/wp\/v2\/product"}],"about":[{"href":"https:\/\/conexmetals.com\/pt-br\/wp-json\/wp\/v2\/types\/product"}],"wp:featuredmedia":[{"embeddable":true,"href":"https:\/\/conexmetals.com\/pt-br\/wp-json\/wp\/v2\/media\/10333"}],"wp:attachment":[{"href":"https:\/\/conexmetals.com\/pt-br\/wp-json\/wp\/v2\/media?parent=11948"}],"wp:term":[{"taxonomy":"product_brand","embeddable":true,"href":"https:\/\/conexmetals.com\/pt-br\/wp-json\/wp\/v2\/product_brand?post=11948"},{"taxonomy":"product_cat","embeddable":true,"href":"https:\/\/conexmetals.com\/pt-br\/wp-json\/wp\/v2\/product_cat?post=11948"},{"taxonomy":"product_tag","embeddable":true,"href":"https:\/\/conexmetals.com\/pt-br\/wp-json\/wp\/v2\/product_tag?post=11948"}],"curies":[{"name":"wp","href":"https:\/\/api.w.org\/{rel}","templated":true}]}}