{"id":12125,"date":"2023-08-17T12:17:36","date_gmt":"2023-08-17T06:47:36","guid":{"rendered":"https:\/\/conexmetals.com\/?post_type=product&#038;p=12125"},"modified":"2024-12-14T16:56:37","modified_gmt":"2024-12-14T11:26:37","slug":"terminais-de-bateria-de-cobre","status":"publish","type":"product","link":"https:\/\/conexmetals.com\/pt-br\/produto\/terminais-de-bateria-de-cobre\/","title":{"rendered":"Terminais de bateria de cobre"},"content":{"rendered":"","protected":false},"excerpt":{"rendered":"<p>Terminais de bateria de cobre s\u00e3o conectores el\u00e9tricos usados \u200b\u200bpara estabelecer uma conex\u00e3o entre a bateria e o sistema el\u00e9trico de um ve\u00edculo, maquin\u00e1rio ou outro equipamento. Eles s\u00e3o feitos de cobre, um metal conhecido por sua excelente condutividade el\u00e9trica e resist\u00eancia \u00e0 corros\u00e3o, tornando-o um material ideal para terminais de bateria.<\/p>\n<p>Eles s\u00e3o forjados em cobre puro e depois usinados.<\/p>\n<p>Os terminais de bateria de cobre est\u00e3o dispon\u00edveis em v\u00e1rios tipos e designs, incluindo:<\/p>\n<p>Terminais de bateria de cobre Top Post: Esses terminais s\u00e3o comumente usados \u200b\u200bem baterias automotivas com configura\u00e7\u00f5es de top post. Eles t\u00eam um formato cil\u00edndrico ou hexagonal que se encaixa sobre o poste da bateria. Os terminais de bateria de cobre Top Post s\u00e3o frequentemente fixados com parafusos ou porcas.<br \/>\nTerminais de bateria de cobre Lug: Os terminais Lug s\u00e3o usados \u200b\u200bem uma variedade de aplica\u00e7\u00f5es, incluindo baterias industriais e instala\u00e7\u00f5es personalizadas. Eles t\u00eam uma extremidade em forma de lug ou anel que pode ser parafusada ou soldada no cabo da bateria.<br \/>\nOs terminais de bateria de cobre oferecem diversas vantagens:<\/p>\n<p>Alta condutividade el\u00e9trica: o cobre \u00e9 um excelente condutor de eletricidade, permitindo um fluxo eficiente de corrente el\u00e9trica entre a bateria e os dispositivos conectados.<br \/>\nResist\u00eancia \u00e0 corros\u00e3o: o cobre \u00e9 naturalmente resistente \u00e0 corros\u00e3o, reduzindo o risco de degrada\u00e7\u00e3o terminal e garantindo uma vida \u00fatil mais longa.<br \/>\nMaleabilidade e Ductilidade: O cobre \u00e9 um metal male\u00e1vel e d\u00factil, o que o torna mais f\u00e1cil de moldar e instalar em postes ou cabos de bateria.<br \/>\nConfiabilidade: Os terminais de cobre fornecem uma conex\u00e3o el\u00e9trica segura e confi\u00e1vel, minimizando o risco de quedas de tens\u00e3o ou conex\u00f5es intermitentes.<\/p>\n<p>Material<br \/>\nGraus de cobre puro, como CDA 110 e CDA 102, etc.<\/p>\n<p>Acabamento<br \/>\nNatural, Eletroestanhado, Cromado ou Niquelado.<\/p>\n<p>Tamanhos<br \/>\nConforme especifica\u00e7\u00f5es ou projeto do cliente.<\/p>\n","protected":false},"featured_media":10301,"template":"","meta":[],"product_brand":[],"product_cat":[393],"product_tag":[],"class_list":{"0":"post-12125","1":"product","2":"type-product","3":"status-publish","4":"has-post-thumbnail","6":"product_cat-terminais-de-bateria","8":"first","9":"instock","10":"shipping-taxable","11":"product-type-simple"},"yoast_head":"<!-- This site is optimized with the Yoast SEO plugin v27.3 - https:\/\/yoast.com\/product\/yoast-seo-wordpress\/ -->\n<title>Terminais de bateria de cobre<\/title>\n<meta name=\"description\" content=\"A Conex \u00e9 especializada em terminais de bateria de cobre, oferecendo solu\u00e7\u00f5es de conectividade dur\u00e1veis e confi\u00e1veis para diversas aplica\u00e7\u00f5es. Nosso portf\u00f3lio de produtos inclui conectores e terminais de bateria de cobre e lat\u00e3o, atendendo \u00e0s necessidades de fabricantes, exportadores e fornecedores em todo o mundo. Projetados para atender aos padr\u00f5es internacionais, nossos terminais de bateria garantem conex\u00f5es robustas e de alta qualidade, melhorando o desempenho e a longevidade dos sistemas el\u00e9tricos.\" \/>\n<meta name=\"robots\" content=\"index, follow, max-snippet:-1, max-image-preview:large, max-video-preview:-1\" \/>\n<link rel=\"canonical\" href=\"https:\/\/conexmetals.com\/pt-br\/produto\/terminais-de-bateria-de-cobre\/\" \/>\n<script type=\"application\/ld+json\" class=\"yoast-schema-graph\">{\"@context\":\"https:\\\/\\\/schema.org\",\"@graph\":[{\"@type\":\"WebPage\",\"@id\":\"https:\\\/\\\/conexmetals.com\\\/pt-br\\\/produto\\\/terminais-de-bateria-de-cobre\\\/\",\"url\":\"https:\\\/\\\/conexmetals.com\\\/pt-br\\\/produto\\\/terminais-de-bateria-de-cobre\\\/\",\"name\":\"Terminais de bateria de cobre\",\"isPartOf\":{\"@id\":\"https:\\\/\\\/conexmetals.com\\\/pt-br\\\/#website\"},\"primaryImageOfPage\":{\"@id\":\"https:\\\/\\\/conexmetals.com\\\/pt-br\\\/produto\\\/terminais-de-bateria-de-cobre\\\/#primaryimage\"},\"image\":{\"@id\":\"https:\\\/\\\/conexmetals.com\\\/pt-br\\\/produto\\\/terminais-de-bateria-de-cobre\\\/#primaryimage\"},\"thumbnailUrl\":\"https:\\\/\\\/conexmetals.com\\\/wp-content\\\/uploads\\\/2024\\\/10\\\/Terminais-de-Bateria.png\",\"datePublished\":\"2023-08-17T06:47:36+00:00\",\"dateModified\":\"2024-12-14T11:26:37+00:00\",\"description\":\"A Conex \u00e9 especializada em terminais de bateria de cobre, oferecendo solu\u00e7\u00f5es de conectividade dur\u00e1veis e confi\u00e1veis para diversas aplica\u00e7\u00f5es. Nosso portf\u00f3lio de produtos inclui conectores e terminais de bateria de cobre e lat\u00e3o, atendendo \u00e0s necessidades de fabricantes, exportadores e fornecedores em todo o mundo. Projetados para atender aos padr\u00f5es internacionais, nossos terminais de bateria garantem conex\u00f5es robustas e de alta qualidade, melhorando o desempenho e a longevidade dos sistemas el\u00e9tricos.\",\"breadcrumb\":{\"@id\":\"https:\\\/\\\/conexmetals.com\\\/pt-br\\\/produto\\\/terminais-de-bateria-de-cobre\\\/#breadcrumb\"},\"inLanguage\":\"pt-BR\",\"potentialAction\":[{\"@type\":\"ReadAction\",\"target\":[\"https:\\\/\\\/conexmetals.com\\\/pt-br\\\/produto\\\/terminais-de-bateria-de-cobre\\\/\"]}]},{\"@type\":\"ImageObject\",\"inLanguage\":\"pt-BR\",\"@id\":\"https:\\\/\\\/conexmetals.com\\\/pt-br\\\/produto\\\/terminais-de-bateria-de-cobre\\\/#primaryimage\",\"url\":\"https:\\\/\\\/conexmetals.com\\\/wp-content\\\/uploads\\\/2024\\\/10\\\/Terminais-de-Bateria.png\",\"contentUrl\":\"https:\\\/\\\/conexmetals.com\\\/wp-content\\\/uploads\\\/2024\\\/10\\\/Terminais-de-Bateria.png\",\"width\":300,\"height\":300,\"caption\":\"Terminais de Bateria\"},{\"@type\":\"BreadcrumbList\",\"@id\":\"https:\\\/\\\/conexmetals.com\\\/pt-br\\\/produto\\\/terminais-de-bateria-de-cobre\\\/#breadcrumb\",\"itemListElement\":[{\"@type\":\"ListItem\",\"position\":1,\"name\":\"Home\",\"item\":\"https:\\\/\\\/conexmetals.com\\\/pt-br\\\/lar\\\/\"},{\"@type\":\"ListItem\",\"position\":2,\"name\":\"Products\",\"item\":\"https:\\\/\\\/conexmetals.com\\\/products\\\/\"},{\"@type\":\"ListItem\",\"position\":3,\"name\":\"Terminais de bateria de cobre\"}]},{\"@type\":\"WebSite\",\"@id\":\"https:\\\/\\\/conexmetals.com\\\/pt-br\\\/#website\",\"url\":\"https:\\\/\\\/conexmetals.com\\\/pt-br\\\/\",\"name\":\"Conex Metals Brass Fittings Brass Parts Copper Parts Brass Components Brass Plumbing Fittings India\",\"description\":\"Manufacturer of Bronze Fittings casting Copper Brass parts components\",\"publisher\":{\"@id\":\"https:\\\/\\\/conexmetals.com\\\/pt-br\\\/#organization\"},\"potentialAction\":[{\"@type\":\"SearchAction\",\"target\":{\"@type\":\"EntryPoint\",\"urlTemplate\":\"https:\\\/\\\/conexmetals.com\\\/pt-br\\\/?s={search_term_string}\"},\"query-input\":{\"@type\":\"PropertyValueSpecification\",\"valueRequired\":true,\"valueName\":\"search_term_string\"}}],\"inLanguage\":\"pt-BR\"},{\"@type\":\"Organization\",\"@id\":\"https:\\\/\\\/conexmetals.com\\\/pt-br\\\/#organization\",\"name\":\"Conex Metals Brass Fittings Brass Parts Copper Parts Brass Components Brass Plumbing Fittings India\",\"url\":\"https:\\\/\\\/conexmetals.com\\\/pt-br\\\/\",\"logo\":{\"@type\":\"ImageObject\",\"inLanguage\":\"pt-BR\",\"@id\":\"https:\\\/\\\/conexmetals.com\\\/pt-br\\\/#\\\/schema\\\/logo\\\/image\\\/\",\"url\":\"https:\\\/\\\/conexmetals.com\\\/wp-content\\\/uploads\\\/2024\\\/03\\\/conex-metals-logo.webp\",\"contentUrl\":\"https:\\\/\\\/conexmetals.com\\\/wp-content\\\/uploads\\\/2024\\\/03\\\/conex-metals-logo.webp\",\"width\":300,\"height\":121,\"caption\":\"Conex Metals Brass Fittings Brass Parts Copper Parts Brass Components Brass Plumbing Fittings India\"},\"image\":{\"@id\":\"https:\\\/\\\/conexmetals.com\\\/pt-br\\\/#\\\/schema\\\/logo\\\/image\\\/\"},\"sameAs\":[\"https:\\\/\\\/www.facebook.com\\\/conexbrass\",\"https:\\\/\\\/x.com\\\/conexindia\",\"https:\\\/\\\/www.linkedin.com\\\/company\\\/conex-metals-india\\\/\",\"https:\\\/\\\/www.instagram.com\\\/conexindia\\\/\"]}]}<\/script>\n<!-- \/ Yoast SEO plugin. -->","yoast_head_json":{"title":"Terminais de bateria de cobre","description":"A Conex \u00e9 especializada em terminais de bateria de cobre, oferecendo solu\u00e7\u00f5es de conectividade dur\u00e1veis e confi\u00e1veis para diversas aplica\u00e7\u00f5es. Nosso portf\u00f3lio de produtos inclui conectores e terminais de bateria de cobre e lat\u00e3o, atendendo \u00e0s necessidades de fabricantes, exportadores e fornecedores em todo o mundo. Projetados para atender aos padr\u00f5es internacionais, nossos terminais de bateria garantem conex\u00f5es robustas e de alta qualidade, melhorando o desempenho e a longevidade dos sistemas el\u00e9tricos.","robots":{"index":"index","follow":"follow","max-snippet":"max-snippet:-1","max-image-preview":"max-image-preview:large","max-video-preview":"max-video-preview:-1"},"canonical":"https:\/\/conexmetals.com\/pt-br\/produto\/terminais-de-bateria-de-cobre\/","schema":{"@context":"https:\/\/schema.org","@graph":[{"@type":"WebPage","@id":"https:\/\/conexmetals.com\/pt-br\/produto\/terminais-de-bateria-de-cobre\/","url":"https:\/\/conexmetals.com\/pt-br\/produto\/terminais-de-bateria-de-cobre\/","name":"Terminais de bateria de cobre","isPartOf":{"@id":"https:\/\/conexmetals.com\/pt-br\/#website"},"primaryImageOfPage":{"@id":"https:\/\/conexmetals.com\/pt-br\/produto\/terminais-de-bateria-de-cobre\/#primaryimage"},"image":{"@id":"https:\/\/conexmetals.com\/pt-br\/produto\/terminais-de-bateria-de-cobre\/#primaryimage"},"thumbnailUrl":"https:\/\/conexmetals.com\/wp-content\/uploads\/2024\/10\/Terminais-de-Bateria.png","datePublished":"2023-08-17T06:47:36+00:00","dateModified":"2024-12-14T11:26:37+00:00","description":"A Conex \u00e9 especializada em terminais de bateria de cobre, oferecendo solu\u00e7\u00f5es de conectividade dur\u00e1veis e confi\u00e1veis para diversas aplica\u00e7\u00f5es. Nosso portf\u00f3lio de produtos inclui conectores e terminais de bateria de cobre e lat\u00e3o, atendendo \u00e0s necessidades de fabricantes, exportadores e fornecedores em todo o mundo. Projetados para atender aos padr\u00f5es internacionais, nossos terminais de bateria garantem conex\u00f5es robustas e de alta qualidade, melhorando o desempenho e a longevidade dos sistemas el\u00e9tricos.","breadcrumb":{"@id":"https:\/\/conexmetals.com\/pt-br\/produto\/terminais-de-bateria-de-cobre\/#breadcrumb"},"inLanguage":"pt-BR","potentialAction":[{"@type":"ReadAction","target":["https:\/\/conexmetals.com\/pt-br\/produto\/terminais-de-bateria-de-cobre\/"]}]},{"@type":"ImageObject","inLanguage":"pt-BR","@id":"https:\/\/conexmetals.com\/pt-br\/produto\/terminais-de-bateria-de-cobre\/#primaryimage","url":"https:\/\/conexmetals.com\/wp-content\/uploads\/2024\/10\/Terminais-de-Bateria.png","contentUrl":"https:\/\/conexmetals.com\/wp-content\/uploads\/2024\/10\/Terminais-de-Bateria.png","width":300,"height":300,"caption":"Terminais de Bateria"},{"@type":"BreadcrumbList","@id":"https:\/\/conexmetals.com\/pt-br\/produto\/terminais-de-bateria-de-cobre\/#breadcrumb","itemListElement":[{"@type":"ListItem","position":1,"name":"Home","item":"https:\/\/conexmetals.com\/pt-br\/lar\/"},{"@type":"ListItem","position":2,"name":"Products","item":"https:\/\/conexmetals.com\/products\/"},{"@type":"ListItem","position":3,"name":"Terminais de bateria de cobre"}]},{"@type":"WebSite","@id":"https:\/\/conexmetals.com\/pt-br\/#website","url":"https:\/\/conexmetals.com\/pt-br\/","name":"Conex Metals Brass Fittings Brass Parts Copper Parts Brass Components Brass Plumbing Fittings India","description":"Manufacturer of Bronze Fittings casting Copper Brass parts components","publisher":{"@id":"https:\/\/conexmetals.com\/pt-br\/#organization"},"potentialAction":[{"@type":"SearchAction","target":{"@type":"EntryPoint","urlTemplate":"https:\/\/conexmetals.com\/pt-br\/?s={search_term_string}"},"query-input":{"@type":"PropertyValueSpecification","valueRequired":true,"valueName":"search_term_string"}}],"inLanguage":"pt-BR"},{"@type":"Organization","@id":"https:\/\/conexmetals.com\/pt-br\/#organization","name":"Conex Metals Brass Fittings Brass Parts Copper Parts Brass Components Brass Plumbing Fittings India","url":"https:\/\/conexmetals.com\/pt-br\/","logo":{"@type":"ImageObject","inLanguage":"pt-BR","@id":"https:\/\/conexmetals.com\/pt-br\/#\/schema\/logo\/image\/","url":"https:\/\/conexmetals.com\/wp-content\/uploads\/2024\/03\/conex-metals-logo.webp","contentUrl":"https:\/\/conexmetals.com\/wp-content\/uploads\/2024\/03\/conex-metals-logo.webp","width":300,"height":121,"caption":"Conex Metals Brass Fittings Brass Parts Copper Parts Brass Components Brass Plumbing Fittings India"},"image":{"@id":"https:\/\/conexmetals.com\/pt-br\/#\/schema\/logo\/image\/"},"sameAs":["https:\/\/www.facebook.com\/conexbrass","https:\/\/x.com\/conexindia","https:\/\/www.linkedin.com\/company\/conex-metals-india\/","https:\/\/www.instagram.com\/conexindia\/"]}]}},"_links":{"self":[{"href":"https:\/\/conexmetals.com\/pt-br\/wp-json\/wp\/v2\/product\/12125","targetHints":{"allow":["GET"]}}],"collection":[{"href":"https:\/\/conexmetals.com\/pt-br\/wp-json\/wp\/v2\/product"}],"about":[{"href":"https:\/\/conexmetals.com\/pt-br\/wp-json\/wp\/v2\/types\/product"}],"wp:featuredmedia":[{"embeddable":true,"href":"https:\/\/conexmetals.com\/pt-br\/wp-json\/wp\/v2\/media\/10301"}],"wp:attachment":[{"href":"https:\/\/conexmetals.com\/pt-br\/wp-json\/wp\/v2\/media?parent=12125"}],"wp:term":[{"taxonomy":"product_brand","embeddable":true,"href":"https:\/\/conexmetals.com\/pt-br\/wp-json\/wp\/v2\/product_brand?post=12125"},{"taxonomy":"product_cat","embeddable":true,"href":"https:\/\/conexmetals.com\/pt-br\/wp-json\/wp\/v2\/product_cat?post=12125"},{"taxonomy":"product_tag","embeddable":true,"href":"https:\/\/conexmetals.com\/pt-br\/wp-json\/wp\/v2\/product_tag?post=12125"}],"curies":[{"name":"wp","href":"https:\/\/api.w.org\/{rel}","templated":true}]}}