{"id":12217,"date":"2023-08-18T10:43:57","date_gmt":"2023-08-18T05:13:57","guid":{"rendered":"https:\/\/conexmetals.com\/?post_type=product&#038;p=12217"},"modified":"2024-12-19T11:04:28","modified_gmt":"2024-12-19T05:34:28","slug":"terminais-bimetalicos-de-cobre-e-aluminio","status":"publish","type":"product","link":"https:\/\/conexmetals.com\/pt-br\/produto\/terminais-bimetalicos-de-cobre-e-aluminio\/","title":{"rendered":"Terminais Bimet\u00e1licos de Cobre e Alum\u00ednio"},"content":{"rendered":"","protected":false},"excerpt":{"rendered":"<table id=\"tablepress-384\" class=\"tablepress tablepress-id-384\">\n<caption>\u00a0<\/caption>\n<thead>\n<tr class=\"row-1 odd\">\n<th class=\"column-1\" colspan=\"6\"><strong>Folha de dimens\u00f5es<\/strong><\/th>\n<\/tr>\n<\/thead>\n<tbody class=\"row-hover\">\n<tr class=\"row-2 even\">\n<td class=\"column-1\" rowspan=\"2\"><strong>N\u00famero de s\u00e9rie<\/strong><\/td>\n<td class=\"column-2\" rowspan=\"2\"><strong>\u00c1rea mm\u00a0<sup>2<\/sup><\/strong><\/td>\n<td class=\"column-3\" rowspan=\"2\"><strong>\u00d8E (Tamanho do pino)<\/strong><\/td>\n<td class=\"column-4\" colspan=\"3\"><strong>Dimens\u00f5es em mm<\/strong><\/td>\n<\/tr>\n<tr class=\"row-3 odd\">\n<td class=\"column-4\"><strong>\u00d8A<\/strong><\/td>\n<td class=\"column-5\"><strong>E<\/strong><\/td>\n<td class=\"column-6\"><strong>Eu<\/strong><\/td>\n<\/tr>\n<tr class=\"row-4 even\">\n<td class=\"column-1\">1<\/td>\n<td class=\"column-2\">25<\/td>\n<td class=\"column-3\">M8\/10<\/td>\n<td class=\"column-4\">6.5<\/td>\n<td class=\"column-5\">20<\/td>\n<td class=\"column-6\">79<\/td>\n<\/tr>\n<tr class=\"row-5 odd\">\n<td class=\"column-1\">2<\/td>\n<td class=\"column-2\">35<\/td>\n<td class=\"column-3\">M8\/10<\/td>\n<td class=\"column-4\">8<\/td>\n<td class=\"column-5\">20<\/td>\n<td class=\"column-6\">79<\/td>\n<\/tr>\n<tr class=\"row-6 even\">\n<td class=\"column-1\">3<\/td>\n<td class=\"column-2\">50<\/td>\n<td class=\"column-3\">M10\/12\/14<\/td>\n<td class=\"column-4\">9<\/td>\n<td class=\"column-5\">24<\/td>\n<td class=\"column-6\">88<\/td>\n<\/tr>\n<tr class=\"row-7 odd\">\n<td class=\"column-1\">4<\/td>\n<td class=\"column-2\">70<\/td>\n<td class=\"column-3\">M10\/12\/14<\/td>\n<td class=\"column-4\">11<\/td>\n<td class=\"column-5\">24<\/td>\n<td class=\"column-6\">88<\/td>\n<\/tr>\n<tr class=\"row-8 even\">\n<td class=\"column-1\">5<\/td>\n<td class=\"column-2\">95<\/td>\n<td class=\"column-3\">M10\/12\/14<\/td>\n<td class=\"column-4\">12<\/td>\n<td class=\"column-5\">24<\/td>\n<td class=\"column-6\">88<\/td>\n<\/tr>\n<tr class=\"row-9 odd\">\n<td class=\"column-1\">6<\/td>\n<td class=\"column-2\">120<\/td>\n<td class=\"column-3\">M10\/12\/14<\/td>\n<td class=\"column-4\">14<\/td>\n<td class=\"column-5\">30<\/td>\n<td class=\"column-6\">110<\/td>\n<\/tr>\n<tr class=\"row-10 even\">\n<td class=\"column-1\">7<\/td>\n<td class=\"column-2\">150<\/td>\n<td class=\"column-3\">M10\/12\/14<\/td>\n<td class=\"column-4\">15,5<\/td>\n<td class=\"column-5\">30<\/td>\n<td class=\"column-6\">110<\/td>\n<\/tr>\n<tr class=\"row-11 odd\">\n<td class=\"column-1\">8<\/td>\n<td class=\"column-2\">185<\/td>\n<td class=\"column-3\">M10\/12\/14<\/td>\n<td class=\"column-4\">17<\/td>\n<td class=\"column-5\">35<\/td>\n<td class=\"column-6\">116<\/td>\n<\/tr>\n<tr class=\"row-12 even\">\n<td class=\"column-1\">9<\/td>\n<td class=\"column-2\">240<\/td>\n<td class=\"column-3\">M10\/12\/16<\/td>\n<td class=\"column-4\">19,5<\/td>\n<td class=\"column-5\">35<\/td>\n<td class=\"column-6\">116<\/td>\n<\/tr>\n<tr class=\"row-13 odd\">\n<td class=\"column-1\">10<\/td>\n<td class=\"column-2\">300<\/td>\n<td class=\"column-3\">M10\/12\/16<\/td>\n<td class=\"column-4\">23<\/td>\n<td class=\"column-5\">36<\/td>\n<td class=\"column-6\">130<\/td>\n<\/tr>\n<tr class=\"row-14 even\">\n<td class=\"column-1\">11<\/td>\n<td class=\"column-2\">400<\/td>\n<td class=\"column-3\">M10\/12\/16<\/td>\n<td class=\"column-4\">26<\/td>\n<td class=\"column-5\">36<\/td>\n<td class=\"column-6\">150<\/td>\n<\/tr>\n<tr class=\"row-15 odd\">\n<td class=\"column-1\">13<\/td>\n<td class=\"column-2\">500<\/td>\n<td class=\"column-3\">M10\/12\/16<\/td>\n<td class=\"column-4\">29<\/td>\n<td class=\"column-5\">36<\/td>\n<td class=\"column-6\">150<\/td>\n<\/tr>\n<tr class=\"row-16 even\">\n<td class=\"column-1\"><\/td>\n<td class=\"column-2\">630<\/td>\n<td class=\"column-3\">&#8211;<\/td>\n<td class=\"column-4\">32<\/td>\n<td class=\"column-5\">36<\/td>\n<td class=\"column-6\">150<\/td>\n<\/tr>\n<\/tbody>\n<\/table>\n<p><img fetchpriority=\"high\" decoding=\"async\" class=\"alignnone size-full wp-image-12143 lazy loaded\" src=\"https:\/\/conexmetals.com\/wp-content\/uploads\/2023\/08\/Bi-Metallic-Copper-and-Aluminium-Terminals.webp\" alt=\"Terminais Bimet\u00e1licos de Cobre e Alum\u00ednio\" width=\"300\" height=\"187\" data-src=\"https:\/\/conexmetals.com\/wp-content\/uploads\/2023\/08\/Bi-Metallic-Copper-and-Aluminium-Terminals.webp\" data-was-processed=\"true\" \/>Terminais bimet\u00e1licos de cobre e alum\u00ednio, tamb\u00e9m conhecidos como terminais bimet\u00e1licos ou conectores bimet\u00e1licos, s\u00e3o conectores el\u00e9tricos especializados projetados para criar conex\u00f5es el\u00e9tricas confi\u00e1veis \u200b\u200bentre condutores de cobre e alum\u00ednio. Esses conectores s\u00e3o usados \u200b\u200bao conectar cabos de cobre a cabos de alum\u00ednio, unindo metais diferentes em aplica\u00e7\u00f5es el\u00e9tricas.<\/p>\n<p>&nbsp;<\/p>\n<p>Principais caracter\u00edsticas e usos dos terminais bimet\u00e1licos de cobre e alum\u00ednio incluem:<\/p>\n<ol>\n<li>Material: Terminais bimet\u00e1licos consistem em duas partes principais \u2013 uma por\u00e7\u00e3o de cobre e uma por\u00e7\u00e3o de alum\u00ednio. A por\u00e7\u00e3o de cobre \u00e9 feita de cobre de alta condutividade, e a por\u00e7\u00e3o de alum\u00ednio \u00e9 feita de alum\u00ednio de alta qualidade.<\/li>\n<li>Design de transi\u00e7\u00e3o: Terminais bimet\u00e1licos s\u00e3o projetados para acomodar condutores de cobre e alum\u00ednio. Os dois metais s\u00e3o ligados metalurgicamente ou presos mecanicamente para garantir uma conex\u00e3o confi\u00e1vel e de baixa resist\u00eancia.<\/li>\n<li>Evitando Corros\u00e3o Galv\u00e2nica: Quando Cobre e Alum\u00ednio entram em contato direto sem uma transi\u00e7\u00e3o adequada, isso pode levar \u00e0 corros\u00e3o galv\u00e2nica devido \u00e0s diferentes propriedades eletroqu\u00edmicas dos metais. Terminais bimet\u00e1licos ajudam a prevenir esse problema de corros\u00e3o.<\/li>\n<li>Tamanho: Os terminais bimet\u00e1licos est\u00e3o dispon\u00edveis em v\u00e1rios tamanhos para acomodar diferentes di\u00e2metros de cabos de cobre e alum\u00ednio, permitindo uma ampla gama de aplica\u00e7\u00f5es de termina\u00e7\u00e3o de cabos.<\/li>\n<li>Termina\u00e7\u00e3o: Normalmente, eles s\u00e3o presos \u00e0s extremidades do cabo usando m\u00e9todos de compress\u00e3o ou crimpagem, criando uma conex\u00e3o el\u00e9trica confi\u00e1vel e permanente.<\/li>\n<li>Aplica\u00e7\u00f5es: Terminais bimet\u00e1licos de cobre e alum\u00ednio s\u00e3o usados \u200b\u200bem v\u00e1rios sistemas el\u00e9tricos onde s\u00e3o necess\u00e1rias conex\u00f5es entre condutores de cobre e alum\u00ednio, como distribui\u00e7\u00e3o de energia, pain\u00e9is el\u00e9tricos e transformadores.<\/li>\n<li>Seguran\u00e7a el\u00e9trica: terminais bimet\u00e1licos garantem uma conex\u00e3o el\u00e9trica segura, ao mesmo tempo em que reduzem o risco de corros\u00e3o galv\u00e2nica e mant\u00eam a seguran\u00e7a el\u00e9trica.<\/li>\n<li>Durabilidade: A liga\u00e7\u00e3o metal\u00fargica ou fixa\u00e7\u00e3o mec\u00e2nica do Cobre e do Alum\u00ednio nos terminais bimet\u00e1licos proporciona durabilidade e resist\u00eancia aos fatores ambientais.<\/li>\n<\/ol>\n<p>Ao lidar com conex\u00f5es de cobre para alum\u00ednio, usar terminais bimet\u00e1licos de cobre e alum\u00ednio \u00e9 essencial para evitar os riscos potenciais associados \u00e0 corros\u00e3o galv\u00e2nica. A sele\u00e7\u00e3o e instala\u00e7\u00e3o adequadas desses terminais s\u00e3o cruciais para garantir uma conex\u00e3o el\u00e9trica confi\u00e1vel, duradoura e segura.<\/p>\n","protected":false},"featured_media":10165,"template":"","meta":[],"product_brand":[],"product_cat":[405],"product_tag":[],"class_list":{"0":"post-12217","1":"product","2":"type-product","3":"status-publish","4":"has-post-thumbnail","6":"product_cat-terminais-e-olhais-de-cabo","8":"first","9":"instock","10":"shipping-taxable","11":"product-type-simple"},"yoast_head":"<!-- This site is optimized with the Yoast SEO plugin v27.3 - https:\/\/yoast.com\/product\/yoast-seo-wordpress\/ -->\n<title>Terminais Bimet\u00e1licos de Cobre e Alum\u00ednio<\/title>\n<meta name=\"description\" content=\"A Conex Metals oferece terminais bimet\u00e1licos de cobre e alum\u00ednio de alta qualidade, incluindo terminais bimet\u00e1licos e terminais de crimpagem. Nossos terminais bimet\u00e1licos de grau eletrol\u00edtico e terminais de cabo soldados por fric\u00e7\u00e3o garantem alta condutividade e resist\u00eancia \u00e0 corros\u00e3o. Principal fabricante, exportador e fornecedor da \u00cdndia.\" \/>\n<meta name=\"robots\" content=\"index, follow, max-snippet:-1, max-image-preview:large, max-video-preview:-1\" \/>\n<link rel=\"canonical\" href=\"https:\/\/conexmetals.com\/pt-br\/produto\/terminais-bimetalicos-de-cobre-e-aluminio\/\" \/>\n<script type=\"application\/ld+json\" class=\"yoast-schema-graph\">{\"@context\":\"https:\\\/\\\/schema.org\",\"@graph\":[{\"@type\":\"WebPage\",\"@id\":\"https:\\\/\\\/conexmetals.com\\\/pt-br\\\/produto\\\/terminais-bimetalicos-de-cobre-e-aluminio\\\/\",\"url\":\"https:\\\/\\\/conexmetals.com\\\/pt-br\\\/produto\\\/terminais-bimetalicos-de-cobre-e-aluminio\\\/\",\"name\":\"Terminais Bimet\u00e1licos de Cobre e Alum\u00ednio\",\"isPartOf\":{\"@id\":\"https:\\\/\\\/conexmetals.com\\\/pt-br\\\/#website\"},\"primaryImageOfPage\":{\"@id\":\"https:\\\/\\\/conexmetals.com\\\/pt-br\\\/produto\\\/terminais-bimetalicos-de-cobre-e-aluminio\\\/#primaryimage\"},\"image\":{\"@id\":\"https:\\\/\\\/conexmetals.com\\\/pt-br\\\/produto\\\/terminais-bimetalicos-de-cobre-e-aluminio\\\/#primaryimage\"},\"thumbnailUrl\":\"https:\\\/\\\/conexmetals.com\\\/wp-content\\\/uploads\\\/2024\\\/12\\\/Terminais-Bimetalicos-de-Cobre-e-Aluminio.webp\",\"datePublished\":\"2023-08-18T05:13:57+00:00\",\"dateModified\":\"2024-12-19T05:34:28+00:00\",\"description\":\"A Conex Metals oferece terminais bimet\u00e1licos de cobre e alum\u00ednio de alta qualidade, incluindo terminais bimet\u00e1licos e terminais de crimpagem. Nossos terminais bimet\u00e1licos de grau eletrol\u00edtico e terminais de cabo soldados por fric\u00e7\u00e3o garantem alta condutividade e resist\u00eancia \u00e0 corros\u00e3o. Principal fabricante, exportador e fornecedor da \u00cdndia.\",\"breadcrumb\":{\"@id\":\"https:\\\/\\\/conexmetals.com\\\/pt-br\\\/produto\\\/terminais-bimetalicos-de-cobre-e-aluminio\\\/#breadcrumb\"},\"inLanguage\":\"pt-BR\",\"potentialAction\":[{\"@type\":\"ReadAction\",\"target\":[\"https:\\\/\\\/conexmetals.com\\\/pt-br\\\/produto\\\/terminais-bimetalicos-de-cobre-e-aluminio\\\/\"]}]},{\"@type\":\"ImageObject\",\"inLanguage\":\"pt-BR\",\"@id\":\"https:\\\/\\\/conexmetals.com\\\/pt-br\\\/produto\\\/terminais-bimetalicos-de-cobre-e-aluminio\\\/#primaryimage\",\"url\":\"https:\\\/\\\/conexmetals.com\\\/wp-content\\\/uploads\\\/2024\\\/12\\\/Terminais-Bimetalicos-de-Cobre-e-Aluminio.webp\",\"contentUrl\":\"https:\\\/\\\/conexmetals.com\\\/wp-content\\\/uploads\\\/2024\\\/12\\\/Terminais-Bimetalicos-de-Cobre-e-Aluminio.webp\",\"width\":350,\"height\":350,\"caption\":\"Terminais Bimet\u00e1licos de Cobre e Alum\u00ednio\"},{\"@type\":\"BreadcrumbList\",\"@id\":\"https:\\\/\\\/conexmetals.com\\\/pt-br\\\/produto\\\/terminais-bimetalicos-de-cobre-e-aluminio\\\/#breadcrumb\",\"itemListElement\":[{\"@type\":\"ListItem\",\"position\":1,\"name\":\"Home\",\"item\":\"https:\\\/\\\/conexmetals.com\\\/pt-br\\\/lar\\\/\"},{\"@type\":\"ListItem\",\"position\":2,\"name\":\"Products\",\"item\":\"https:\\\/\\\/conexmetals.com\\\/products\\\/\"},{\"@type\":\"ListItem\",\"position\":3,\"name\":\"Terminais Bimet\u00e1licos de Cobre e Alum\u00ednio\"}]},{\"@type\":\"WebSite\",\"@id\":\"https:\\\/\\\/conexmetals.com\\\/pt-br\\\/#website\",\"url\":\"https:\\\/\\\/conexmetals.com\\\/pt-br\\\/\",\"name\":\"Conex Metals Brass Fittings Brass Parts Copper Parts Brass Components Brass Plumbing Fittings India\",\"description\":\"Manufacturer of Bronze Fittings casting Copper Brass parts components\",\"publisher\":{\"@id\":\"https:\\\/\\\/conexmetals.com\\\/pt-br\\\/#organization\"},\"potentialAction\":[{\"@type\":\"SearchAction\",\"target\":{\"@type\":\"EntryPoint\",\"urlTemplate\":\"https:\\\/\\\/conexmetals.com\\\/pt-br\\\/?s={search_term_string}\"},\"query-input\":{\"@type\":\"PropertyValueSpecification\",\"valueRequired\":true,\"valueName\":\"search_term_string\"}}],\"inLanguage\":\"pt-BR\"},{\"@type\":\"Organization\",\"@id\":\"https:\\\/\\\/conexmetals.com\\\/pt-br\\\/#organization\",\"name\":\"Conex Metals Brass Fittings Brass Parts Copper Parts Brass Components Brass Plumbing Fittings India\",\"url\":\"https:\\\/\\\/conexmetals.com\\\/pt-br\\\/\",\"logo\":{\"@type\":\"ImageObject\",\"inLanguage\":\"pt-BR\",\"@id\":\"https:\\\/\\\/conexmetals.com\\\/pt-br\\\/#\\\/schema\\\/logo\\\/image\\\/\",\"url\":\"https:\\\/\\\/conexmetals.com\\\/wp-content\\\/uploads\\\/2024\\\/03\\\/conex-metals-logo.webp\",\"contentUrl\":\"https:\\\/\\\/conexmetals.com\\\/wp-content\\\/uploads\\\/2024\\\/03\\\/conex-metals-logo.webp\",\"width\":300,\"height\":121,\"caption\":\"Conex Metals Brass Fittings Brass Parts Copper Parts Brass Components Brass Plumbing Fittings India\"},\"image\":{\"@id\":\"https:\\\/\\\/conexmetals.com\\\/pt-br\\\/#\\\/schema\\\/logo\\\/image\\\/\"},\"sameAs\":[\"https:\\\/\\\/www.facebook.com\\\/conexbrass\",\"https:\\\/\\\/x.com\\\/conexindia\",\"https:\\\/\\\/www.linkedin.com\\\/company\\\/conex-metals-india\\\/\",\"https:\\\/\\\/www.instagram.com\\\/conexindia\\\/\"]}]}<\/script>\n<!-- \/ Yoast SEO plugin. -->","yoast_head_json":{"title":"Terminais Bimet\u00e1licos de Cobre e Alum\u00ednio","description":"A Conex Metals oferece terminais bimet\u00e1licos de cobre e alum\u00ednio de alta qualidade, incluindo terminais bimet\u00e1licos e terminais de crimpagem. Nossos terminais bimet\u00e1licos de grau eletrol\u00edtico e terminais de cabo soldados por fric\u00e7\u00e3o garantem alta condutividade e resist\u00eancia \u00e0 corros\u00e3o. Principal fabricante, exportador e fornecedor da \u00cdndia.","robots":{"index":"index","follow":"follow","max-snippet":"max-snippet:-1","max-image-preview":"max-image-preview:large","max-video-preview":"max-video-preview:-1"},"canonical":"https:\/\/conexmetals.com\/pt-br\/produto\/terminais-bimetalicos-de-cobre-e-aluminio\/","schema":{"@context":"https:\/\/schema.org","@graph":[{"@type":"WebPage","@id":"https:\/\/conexmetals.com\/pt-br\/produto\/terminais-bimetalicos-de-cobre-e-aluminio\/","url":"https:\/\/conexmetals.com\/pt-br\/produto\/terminais-bimetalicos-de-cobre-e-aluminio\/","name":"Terminais Bimet\u00e1licos de Cobre e Alum\u00ednio","isPartOf":{"@id":"https:\/\/conexmetals.com\/pt-br\/#website"},"primaryImageOfPage":{"@id":"https:\/\/conexmetals.com\/pt-br\/produto\/terminais-bimetalicos-de-cobre-e-aluminio\/#primaryimage"},"image":{"@id":"https:\/\/conexmetals.com\/pt-br\/produto\/terminais-bimetalicos-de-cobre-e-aluminio\/#primaryimage"},"thumbnailUrl":"https:\/\/conexmetals.com\/wp-content\/uploads\/2024\/12\/Terminais-Bimetalicos-de-Cobre-e-Aluminio.webp","datePublished":"2023-08-18T05:13:57+00:00","dateModified":"2024-12-19T05:34:28+00:00","description":"A Conex Metals oferece terminais bimet\u00e1licos de cobre e alum\u00ednio de alta qualidade, incluindo terminais bimet\u00e1licos e terminais de crimpagem. Nossos terminais bimet\u00e1licos de grau eletrol\u00edtico e terminais de cabo soldados por fric\u00e7\u00e3o garantem alta condutividade e resist\u00eancia \u00e0 corros\u00e3o. Principal fabricante, exportador e fornecedor da \u00cdndia.","breadcrumb":{"@id":"https:\/\/conexmetals.com\/pt-br\/produto\/terminais-bimetalicos-de-cobre-e-aluminio\/#breadcrumb"},"inLanguage":"pt-BR","potentialAction":[{"@type":"ReadAction","target":["https:\/\/conexmetals.com\/pt-br\/produto\/terminais-bimetalicos-de-cobre-e-aluminio\/"]}]},{"@type":"ImageObject","inLanguage":"pt-BR","@id":"https:\/\/conexmetals.com\/pt-br\/produto\/terminais-bimetalicos-de-cobre-e-aluminio\/#primaryimage","url":"https:\/\/conexmetals.com\/wp-content\/uploads\/2024\/12\/Terminais-Bimetalicos-de-Cobre-e-Aluminio.webp","contentUrl":"https:\/\/conexmetals.com\/wp-content\/uploads\/2024\/12\/Terminais-Bimetalicos-de-Cobre-e-Aluminio.webp","width":350,"height":350,"caption":"Terminais Bimet\u00e1licos de Cobre e Alum\u00ednio"},{"@type":"BreadcrumbList","@id":"https:\/\/conexmetals.com\/pt-br\/produto\/terminais-bimetalicos-de-cobre-e-aluminio\/#breadcrumb","itemListElement":[{"@type":"ListItem","position":1,"name":"Home","item":"https:\/\/conexmetals.com\/pt-br\/lar\/"},{"@type":"ListItem","position":2,"name":"Products","item":"https:\/\/conexmetals.com\/products\/"},{"@type":"ListItem","position":3,"name":"Terminais Bimet\u00e1licos de Cobre e Alum\u00ednio"}]},{"@type":"WebSite","@id":"https:\/\/conexmetals.com\/pt-br\/#website","url":"https:\/\/conexmetals.com\/pt-br\/","name":"Conex Metals Brass Fittings Brass Parts Copper Parts Brass Components Brass Plumbing Fittings India","description":"Manufacturer of Bronze Fittings casting Copper Brass parts components","publisher":{"@id":"https:\/\/conexmetals.com\/pt-br\/#organization"},"potentialAction":[{"@type":"SearchAction","target":{"@type":"EntryPoint","urlTemplate":"https:\/\/conexmetals.com\/pt-br\/?s={search_term_string}"},"query-input":{"@type":"PropertyValueSpecification","valueRequired":true,"valueName":"search_term_string"}}],"inLanguage":"pt-BR"},{"@type":"Organization","@id":"https:\/\/conexmetals.com\/pt-br\/#organization","name":"Conex Metals Brass Fittings Brass Parts Copper Parts Brass Components Brass Plumbing Fittings India","url":"https:\/\/conexmetals.com\/pt-br\/","logo":{"@type":"ImageObject","inLanguage":"pt-BR","@id":"https:\/\/conexmetals.com\/pt-br\/#\/schema\/logo\/image\/","url":"https:\/\/conexmetals.com\/wp-content\/uploads\/2024\/03\/conex-metals-logo.webp","contentUrl":"https:\/\/conexmetals.com\/wp-content\/uploads\/2024\/03\/conex-metals-logo.webp","width":300,"height":121,"caption":"Conex Metals Brass Fittings Brass Parts Copper Parts Brass Components Brass Plumbing Fittings India"},"image":{"@id":"https:\/\/conexmetals.com\/pt-br\/#\/schema\/logo\/image\/"},"sameAs":["https:\/\/www.facebook.com\/conexbrass","https:\/\/x.com\/conexindia","https:\/\/www.linkedin.com\/company\/conex-metals-india\/","https:\/\/www.instagram.com\/conexindia\/"]}]}},"_links":{"self":[{"href":"https:\/\/conexmetals.com\/pt-br\/wp-json\/wp\/v2\/product\/12217","targetHints":{"allow":["GET"]}}],"collection":[{"href":"https:\/\/conexmetals.com\/pt-br\/wp-json\/wp\/v2\/product"}],"about":[{"href":"https:\/\/conexmetals.com\/pt-br\/wp-json\/wp\/v2\/types\/product"}],"wp:featuredmedia":[{"embeddable":true,"href":"https:\/\/conexmetals.com\/pt-br\/wp-json\/wp\/v2\/media\/10165"}],"wp:attachment":[{"href":"https:\/\/conexmetals.com\/pt-br\/wp-json\/wp\/v2\/media?parent=12217"}],"wp:term":[{"taxonomy":"product_brand","embeddable":true,"href":"https:\/\/conexmetals.com\/pt-br\/wp-json\/wp\/v2\/product_brand?post=12217"},{"taxonomy":"product_cat","embeddable":true,"href":"https:\/\/conexmetals.com\/pt-br\/wp-json\/wp\/v2\/product_cat?post=12217"},{"taxonomy":"product_tag","embeddable":true,"href":"https:\/\/conexmetals.com\/pt-br\/wp-json\/wp\/v2\/product_tag?post=12217"}],"curies":[{"name":"wp","href":"https:\/\/api.w.org\/{rel}","templated":true}]}}