{"id":12225,"date":"2023-08-18T10:44:32","date_gmt":"2023-08-18T05:14:32","guid":{"rendered":"https:\/\/conexmetals.com\/?post_type=product&#038;p=12225"},"modified":"2024-12-19T12:36:08","modified_gmt":"2024-12-19T07:06:08","slug":"conectores-e-emendas-inline","status":"publish","type":"product","link":"https:\/\/conexmetals.com\/pt-br\/produto\/conectores-e-emendas-inline\/","title":{"rendered":"Conectores e Emendas Inline"},"content":{"rendered":"","protected":false},"excerpt":{"rendered":"<p><img decoding=\"async\" class=\"alignnone size-medium wp-image-12174 lazy loaded\" src=\"https:\/\/conexmetals.com\/wp-content\/uploads\/2023\/08\/Inline-Connectors-Splices-300x155.webp\" alt=\"Conectores Embutidos Emendas\" width=\"300\" height=\"155\" data-src=\"https:\/\/conexmetals.com\/wp-content\/uploads\/2023\/08\/Inline-Connectors-Splices-300x155.webp\" data-was-processed=\"true\" srcset=\"https:\/\/conexmetals.com\/wp-content\/uploads\/2023\/08\/Inline-Connectors-Splices-300x155.webp 300w, https:\/\/conexmetals.com\/wp-content\/uploads\/2023\/08\/Inline-Connectors-Splices.webp 610w\" sizes=\"(max-width: 300px) 100vw, 300px\" \/><\/p>\n<table id=\"tablepress-386\" class=\"tablepress tablepress-id-386\">\n<caption>\u00a0<\/caption>\n<thead>\n<tr class=\"row-1 odd\">\n<th class=\"column-1\"><strong>N\u00famero de s\u00e9rie<\/strong><\/th>\n<th class=\"column-2\"><strong>\u00c1rea mm\u00a0<sup>2<\/sup><\/strong><\/th>\n<th class=\"column-3\" colspan=\"3\">Dimens\u00f5es em mm<\/th>\n<\/tr>\n<\/thead>\n<tbody class=\"row-hover\">\n<tr class=\"row-2 even\">\n<td class=\"column-1\" colspan=\"2\"><\/td>\n<td class=\"column-3\"><strong>\u00d8A<\/strong><\/td>\n<td class=\"column-4\"><strong>\u00d8C<\/strong><\/td>\n<td class=\"column-5\"><strong>eu<\/strong><\/td>\n<\/tr>\n<tr class=\"row-3 odd\">\n<td class=\"column-1\">1<\/td>\n<td class=\"column-2\">1.5<\/td>\n<td class=\"column-3\">1.6<\/td>\n<td class=\"column-4\">3.2<\/td>\n<td class=\"column-5\">7<\/td>\n<\/tr>\n<tr class=\"row-4 even\">\n<td class=\"column-1\">2<\/td>\n<td class=\"column-2\">1.5<\/td>\n<td class=\"column-3\">1.8<\/td>\n<td class=\"column-4\">3.7<\/td>\n<td class=\"column-5\">12<\/td>\n<\/tr>\n<tr class=\"row-5 odd\">\n<td class=\"column-1\">3<\/td>\n<td class=\"column-2\">1.5<\/td>\n<td class=\"column-3\">1.8<\/td>\n<td class=\"column-4\">2.6<\/td>\n<td class=\"column-5\">10<\/td>\n<\/tr>\n<tr class=\"row-6 even\">\n<td class=\"column-1\">4<\/td>\n<td class=\"column-2\">2,5<\/td>\n<td class=\"column-3\">2.4<\/td>\n<td class=\"column-4\">4<\/td>\n<td class=\"column-5\">15<\/td>\n<\/tr>\n<tr class=\"row-7 odd\">\n<td class=\"column-1\">5<\/td>\n<td class=\"column-2\">2,5<\/td>\n<td class=\"column-3\">2.4<\/td>\n<td class=\"column-4\">4<\/td>\n<td class=\"column-5\">7<\/td>\n<\/tr>\n<tr class=\"row-8 even\">\n<td class=\"column-1\">6<\/td>\n<td class=\"column-2\">2,5<\/td>\n<td class=\"column-3\">2<\/td>\n<td class=\"column-4\">3.7<\/td>\n<td class=\"column-5\">15<\/td>\n<\/tr>\n<tr class=\"row-9 odd\">\n<td class=\"column-1\">7<\/td>\n<td class=\"column-2\">4<\/td>\n<td class=\"column-3\">3.1<\/td>\n<td class=\"column-4\">4.8<\/td>\n<td class=\"column-5\">15<\/td>\n<\/tr>\n<tr class=\"row-10 even\">\n<td class=\"column-1\">8<\/td>\n<td class=\"column-2\">4-6<\/td>\n<td class=\"column-3\">3.5<\/td>\n<td class=\"column-4\">5.5<\/td>\n<td class=\"column-5\">15<\/td>\n<\/tr>\n<tr class=\"row-11 odd\">\n<td class=\"column-1\">9<\/td>\n<td class=\"column-2\">4-6<\/td>\n<td class=\"column-3\">3.5<\/td>\n<td class=\"column-4\">5.5<\/td>\n<td class=\"column-5\">7<\/td>\n<\/tr>\n<tr class=\"row-12 even\">\n<td class=\"column-1\">10<\/td>\n<td class=\"column-2\">6<\/td>\n<td class=\"column-3\">3.8<\/td>\n<td class=\"column-4\">5.5<\/td>\n<td class=\"column-5\">15<\/td>\n<\/tr>\n<tr class=\"row-13 odd\">\n<td class=\"column-1\">11<\/td>\n<td class=\"column-2\">10<\/td>\n<td class=\"column-3\">4.4<\/td>\n<td class=\"column-4\">6.2<\/td>\n<td class=\"column-5\">9<\/td>\n<\/tr>\n<tr class=\"row-14 even\">\n<td class=\"column-1\">12<\/td>\n<td class=\"column-2\">16<\/td>\n<td class=\"column-3\">5.6<\/td>\n<td class=\"column-4\">8<\/td>\n<td class=\"column-5\">23<\/td>\n<\/tr>\n<tr class=\"row-15 odd\">\n<td class=\"column-1\">13<\/td>\n<td class=\"column-2\">16<\/td>\n<td class=\"column-3\">5.6<\/td>\n<td class=\"column-4\">8<\/td>\n<td class=\"column-5\">10<\/td>\n<\/tr>\n<tr class=\"row-16 even\">\n<td class=\"column-1\">14<\/td>\n<td class=\"column-2\">16<\/td>\n<td class=\"column-3\">5.3<\/td>\n<td class=\"column-4\">7.1<\/td>\n<td class=\"column-5\">20<\/td>\n<\/tr>\n<tr class=\"row-17 odd\">\n<td class=\"column-1\">15<\/td>\n<td class=\"column-2\">25<\/td>\n<td class=\"column-3\">7,5<\/td>\n<td class=\"column-4\">11.1<\/td>\n<td class=\"column-5\">25<\/td>\n<\/tr>\n<tr class=\"row-18 even\">\n<td class=\"column-1\">16<\/td>\n<td class=\"column-2\">25<\/td>\n<td class=\"column-3\">7,5<\/td>\n<td class=\"column-4\">11.1<\/td>\n<td class=\"column-5\">11<\/td>\n<\/tr>\n<tr class=\"row-19 odd\">\n<td class=\"column-1\">17<\/td>\n<td class=\"column-2\">25<\/td>\n<td class=\"column-3\">7<\/td>\n<td class=\"column-4\">9<\/td>\n<td class=\"column-5\">25<\/td>\n<\/tr>\n<tr class=\"row-20 even\">\n<td class=\"column-1\">18<\/td>\n<td class=\"column-2\">25<\/td>\n<td class=\"column-3\">6.8<\/td>\n<td class=\"column-4\">8.8<\/td>\n<td class=\"column-5\">32<\/td>\n<\/tr>\n<tr class=\"row-21 odd\">\n<td class=\"column-1\">19<\/td>\n<td class=\"column-2\">35<\/td>\n<td class=\"column-3\">9<\/td>\n<td class=\"column-4\">12.6<\/td>\n<td class=\"column-5\">27<\/td>\n<\/tr>\n<tr class=\"row-22 even\">\n<td class=\"column-1\">20<\/td>\n<td class=\"column-2\">35<\/td>\n<td class=\"column-3\">9<\/td>\n<td class=\"column-4\">12.6<\/td>\n<td class=\"column-5\">12<\/td>\n<\/tr>\n<tr class=\"row-23 odd\">\n<td class=\"column-1\">21<\/td>\n<td class=\"column-2\">35<\/td>\n<td class=\"column-3\">8<\/td>\n<td class=\"column-4\">10<\/td>\n<td class=\"column-5\">30<\/td>\n<\/tr>\n<tr class=\"row-24 even\">\n<td class=\"column-1\">22<\/td>\n<td class=\"column-2\">35<\/td>\n<td class=\"column-3\">8.2<\/td>\n<td class=\"column-4\">10.6<\/td>\n<td class=\"column-5\">36<\/td>\n<\/tr>\n<tr class=\"row-25 odd\">\n<td class=\"column-1\">23<\/td>\n<td class=\"column-2\">50<\/td>\n<td class=\"column-3\">9.2<\/td>\n<td class=\"column-4\">11.2<\/td>\n<td class=\"column-5\">35<\/td>\n<\/tr>\n<tr class=\"row-26 even\">\n<td class=\"column-1\">24<\/td>\n<td class=\"column-2\">50<\/td>\n<td class=\"column-3\">9.2<\/td>\n<td class=\"column-4\">12.4<\/td>\n<td class=\"column-5\">40<\/td>\n<\/tr>\n<tr class=\"row-27 odd\">\n<td class=\"column-1\">25<\/td>\n<td class=\"column-2\">70<\/td>\n<td class=\"column-3\">12<\/td>\n<td class=\"column-4\">16<\/td>\n<td class=\"column-5\">42<\/td>\n<\/tr>\n<tr class=\"row-28 even\">\n<td class=\"column-1\">26<\/td>\n<td class=\"column-2\">70<\/td>\n<td class=\"column-3\">12<\/td>\n<td class=\"column-4\">16<\/td>\n<td class=\"column-5\">18<\/td>\n<\/tr>\n<tr class=\"row-29 odd\">\n<td class=\"column-1\">27<\/td>\n<td class=\"column-2\">70<\/td>\n<td class=\"column-3\">11,5<\/td>\n<td class=\"column-4\">13.8<\/td>\n<td class=\"column-5\">40<\/td>\n<\/tr>\n<tr class=\"row-30 even\">\n<td class=\"column-1\">28<\/td>\n<td class=\"column-2\">70<\/td>\n<td class=\"column-3\">11.2<\/td>\n<td class=\"column-4\">14.7<\/td>\n<td class=\"column-5\">50<\/td>\n<\/tr>\n<tr class=\"row-31 odd\">\n<td class=\"column-1\">29<\/td>\n<td class=\"column-2\">70<\/td>\n<td class=\"column-3\">11.2<\/td>\n<td class=\"column-4\">14.7<\/td>\n<td class=\"column-5\">40<\/td>\n<\/tr>\n<tr class=\"row-32 even\">\n<td class=\"column-1\">30<\/td>\n<td class=\"column-2\">95<\/td>\n<td class=\"column-3\">12.8<\/td>\n<td class=\"column-4\">15.6<\/td>\n<td class=\"column-5\">45<\/td>\n<\/tr>\n<\/tbody>\n<\/table>\n<p>Conectores e emendas em linha s\u00e3o componentes el\u00e9tricos especializados usados \u200b\u200bpara unir ou conectar dois ou mais condutores el\u00e9tricos em uma linha reta ou &#8220;em linha&#8221;. Esses conectores e emendas fornecem uma conex\u00e3o segura e isolada, garantindo continuidade el\u00e9trica confi\u00e1vel e reduzindo o risco de falhas ou perigos el\u00e9tricos.<\/p>\n<p>&nbsp;<\/p>\n<p>Principais caracter\u00edsticas e usos de conectores e emendas em linha incluem:<\/p>\n<ol>\n<li>Design: Conectores e emendas em linha s\u00e3o projetados para acomodar v\u00e1rios condutores em uma \u00fanica conex\u00e3o, permitindo a jun\u00e7\u00e3o de fios ou cabos em uma configura\u00e7\u00e3o de linha reta.<\/li>\n<li>Material: Eles geralmente s\u00e3o feitos de materiais com boa condutividade el\u00e9trica, como cobre ou alum\u00ednio, para garantir conex\u00f5es de baixa resist\u00eancia.<\/li>\n<li>Isolamento: Muitos conectores e emendas em linha v\u00eam com capas ou mangas isolantes feitas de materiais como PVC ou n\u00e1ilon para fornecer isolamento el\u00e9trico e proteger a conex\u00e3o contra umidade, poeira e danos f\u00edsicos.<\/li>\n<li>Tipos: Conectores e emendas em linha v\u00eam em v\u00e1rios tipos, como emendas de topo, conectores de fio em linha e conectores em linha isolados, para atender a diferentes aplica\u00e7\u00f5es e tamanhos de fio.<\/li>\n<li>Termina\u00e7\u00e3o: Eles s\u00e3o fixados aos condutores usando m\u00e9todos de crimpagem, soldagem ou compress\u00e3o, dependendo do tipo de conector e da aplica\u00e7\u00e3o.<\/li>\n<li>Aplica\u00e7\u00f5es: Conectores e emendas em linha s\u00e3o usados \u200b\u200bem uma ampla variedade de sistemas el\u00e9tricos, incluindo fia\u00e7\u00e3o automotiva, instala\u00e7\u00f5es el\u00e9tricas residenciais, fia\u00e7\u00e3o industrial e circuitos de controle.<\/li>\n<li>F\u00e1cil instala\u00e7\u00e3o: conectores e emendas em linha oferecem uma solu\u00e7\u00e3o conveniente e f\u00e1cil de instalar para unir v\u00e1rios condutores, eliminando a necessidade de tor\u00e7\u00f5es e fixa\u00e7\u00f5es complicadas.<\/li>\n<li>Seguran\u00e7a el\u00e9trica: conectores e emendas em linha instalados corretamente mant\u00eam a seguran\u00e7a el\u00e9trica ao fornecer conex\u00f5es seguras e evitar contato acidental com condutores energizados.<\/li>\n<li>Reutiliza\u00e7\u00e3o: Alguns tipos de conectores e emendas em linha s\u00e3o reutiliz\u00e1veis, permitindo a desconex\u00e3o e reconex\u00e3o quando necess\u00e1rio.<\/li>\n<\/ol>\n<p>Conectores e emendas em linha s\u00e3o componentes valiosos em projetos de fia\u00e7\u00e3o e instala\u00e7\u00e3o el\u00e9trica, onde v\u00e1rios condutores precisam ser unidos de forma organizada e organizada. Eles fornecem uma solu\u00e7\u00e3o mais organizada e confi\u00e1vel em compara\u00e7\u00e3o aos m\u00e9todos tradicionais, como porcas de fio e tor\u00e7\u00e3o.<\/p>\n<p>Ao usar conectores e emendas em linha, \u00e9 essencial selecionar o tipo e o tamanho de conector apropriados com base no calibre do fio e nos requisitos da aplica\u00e7\u00e3o. T\u00e9cnicas de instala\u00e7\u00e3o adequadas, como crimpagem ou compress\u00e3o, s\u00e3o cruciais para obter conex\u00f5es seguras e dur\u00e1veis.<\/p>\n","protected":false},"featured_media":10204,"template":"","meta":[],"product_brand":[],"product_cat":[405],"product_tag":[],"class_list":{"0":"post-12225","1":"product","2":"type-product","3":"status-publish","4":"has-post-thumbnail","6":"product_cat-terminais-e-olhais-de-cabo","8":"first","9":"instock","10":"shipping-taxable","11":"product-type-simple"},"yoast_head":"<!-- This site is optimized with the Yoast SEO plugin v27.3 - https:\/\/yoast.com\/product\/yoast-seo-wordpress\/ -->\n<title>Conectores e Emendas Inline<\/title>\n<meta name=\"description\" content=\"A Conex Metals \u00e9 especializada em conectores e emendas inline, incluindo emendas el\u00e9tricas e conectores de cobre. Nossos conectores isolados com PVC e emendas de alum\u00ednio garantem conex\u00f5es eficientes e dur\u00e1veis. Principal fabricante, exportador e fornecedor da \u00cdndia.\" \/>\n<meta name=\"robots\" content=\"index, follow, max-snippet:-1, max-image-preview:large, max-video-preview:-1\" \/>\n<link rel=\"canonical\" href=\"https:\/\/conexmetals.com\/pt-br\/produto\/conectores-e-emendas-inline\/\" \/>\n<script type=\"application\/ld+json\" class=\"yoast-schema-graph\">{\"@context\":\"https:\\\/\\\/schema.org\",\"@graph\":[{\"@type\":\"WebPage\",\"@id\":\"https:\\\/\\\/conexmetals.com\\\/pt-br\\\/produto\\\/conectores-e-emendas-inline\\\/\",\"url\":\"https:\\\/\\\/conexmetals.com\\\/pt-br\\\/produto\\\/conectores-e-emendas-inline\\\/\",\"name\":\"Conectores e Emendas Inline\",\"isPartOf\":{\"@id\":\"https:\\\/\\\/conexmetals.com\\\/pt-br\\\/#website\"},\"primaryImageOfPage\":{\"@id\":\"https:\\\/\\\/conexmetals.com\\\/pt-br\\\/produto\\\/conectores-e-emendas-inline\\\/#primaryimage\"},\"image\":{\"@id\":\"https:\\\/\\\/conexmetals.com\\\/pt-br\\\/produto\\\/conectores-e-emendas-inline\\\/#primaryimage\"},\"thumbnailUrl\":\"https:\\\/\\\/conexmetals.com\\\/wp-content\\\/uploads\\\/2024\\\/12\\\/Conectores-e-Emendas-Inline.webp\",\"datePublished\":\"2023-08-18T05:14:32+00:00\",\"dateModified\":\"2024-12-19T07:06:08+00:00\",\"description\":\"A Conex Metals \u00e9 especializada em conectores e emendas inline, incluindo emendas el\u00e9tricas e conectores de cobre. Nossos conectores isolados com PVC e emendas de alum\u00ednio garantem conex\u00f5es eficientes e dur\u00e1veis. Principal fabricante, exportador e fornecedor da \u00cdndia.\",\"breadcrumb\":{\"@id\":\"https:\\\/\\\/conexmetals.com\\\/pt-br\\\/produto\\\/conectores-e-emendas-inline\\\/#breadcrumb\"},\"inLanguage\":\"pt-BR\",\"potentialAction\":[{\"@type\":\"ReadAction\",\"target\":[\"https:\\\/\\\/conexmetals.com\\\/pt-br\\\/produto\\\/conectores-e-emendas-inline\\\/\"]}]},{\"@type\":\"ImageObject\",\"inLanguage\":\"pt-BR\",\"@id\":\"https:\\\/\\\/conexmetals.com\\\/pt-br\\\/produto\\\/conectores-e-emendas-inline\\\/#primaryimage\",\"url\":\"https:\\\/\\\/conexmetals.com\\\/wp-content\\\/uploads\\\/2024\\\/12\\\/Conectores-e-Emendas-Inline.webp\",\"contentUrl\":\"https:\\\/\\\/conexmetals.com\\\/wp-content\\\/uploads\\\/2024\\\/12\\\/Conectores-e-Emendas-Inline.webp\",\"width\":350,\"height\":350,\"caption\":\"Conectores e Emendas Inline\"},{\"@type\":\"BreadcrumbList\",\"@id\":\"https:\\\/\\\/conexmetals.com\\\/pt-br\\\/produto\\\/conectores-e-emendas-inline\\\/#breadcrumb\",\"itemListElement\":[{\"@type\":\"ListItem\",\"position\":1,\"name\":\"Home\",\"item\":\"https:\\\/\\\/conexmetals.com\\\/pt-br\\\/lar\\\/\"},{\"@type\":\"ListItem\",\"position\":2,\"name\":\"Products\",\"item\":\"https:\\\/\\\/conexmetals.com\\\/products\\\/\"},{\"@type\":\"ListItem\",\"position\":3,\"name\":\"Conectores e Emendas Inline\"}]},{\"@type\":\"WebSite\",\"@id\":\"https:\\\/\\\/conexmetals.com\\\/pt-br\\\/#website\",\"url\":\"https:\\\/\\\/conexmetals.com\\\/pt-br\\\/\",\"name\":\"Conex Metals Brass Fittings Brass Parts Copper Parts Brass Components Brass Plumbing Fittings India\",\"description\":\"Manufacturer of Bronze Fittings casting Copper Brass parts components\",\"publisher\":{\"@id\":\"https:\\\/\\\/conexmetals.com\\\/pt-br\\\/#organization\"},\"potentialAction\":[{\"@type\":\"SearchAction\",\"target\":{\"@type\":\"EntryPoint\",\"urlTemplate\":\"https:\\\/\\\/conexmetals.com\\\/pt-br\\\/?s={search_term_string}\"},\"query-input\":{\"@type\":\"PropertyValueSpecification\",\"valueRequired\":true,\"valueName\":\"search_term_string\"}}],\"inLanguage\":\"pt-BR\"},{\"@type\":\"Organization\",\"@id\":\"https:\\\/\\\/conexmetals.com\\\/pt-br\\\/#organization\",\"name\":\"Conex Metals Brass Fittings Brass Parts Copper Parts Brass Components Brass Plumbing Fittings India\",\"url\":\"https:\\\/\\\/conexmetals.com\\\/pt-br\\\/\",\"logo\":{\"@type\":\"ImageObject\",\"inLanguage\":\"pt-BR\",\"@id\":\"https:\\\/\\\/conexmetals.com\\\/pt-br\\\/#\\\/schema\\\/logo\\\/image\\\/\",\"url\":\"https:\\\/\\\/conexmetals.com\\\/wp-content\\\/uploads\\\/2024\\\/03\\\/conex-metals-logo.webp\",\"contentUrl\":\"https:\\\/\\\/conexmetals.com\\\/wp-content\\\/uploads\\\/2024\\\/03\\\/conex-metals-logo.webp\",\"width\":300,\"height\":121,\"caption\":\"Conex Metals Brass Fittings Brass Parts Copper Parts Brass Components Brass Plumbing Fittings India\"},\"image\":{\"@id\":\"https:\\\/\\\/conexmetals.com\\\/pt-br\\\/#\\\/schema\\\/logo\\\/image\\\/\"},\"sameAs\":[\"https:\\\/\\\/www.facebook.com\\\/conexbrass\",\"https:\\\/\\\/x.com\\\/conexindia\",\"https:\\\/\\\/www.linkedin.com\\\/company\\\/conex-metals-india\\\/\",\"https:\\\/\\\/www.instagram.com\\\/conexindia\\\/\"]}]}<\/script>\n<!-- \/ Yoast SEO plugin. -->","yoast_head_json":{"title":"Conectores e Emendas Inline","description":"A Conex Metals \u00e9 especializada em conectores e emendas inline, incluindo emendas el\u00e9tricas e conectores de cobre. Nossos conectores isolados com PVC e emendas de alum\u00ednio garantem conex\u00f5es eficientes e dur\u00e1veis. Principal fabricante, exportador e fornecedor da \u00cdndia.","robots":{"index":"index","follow":"follow","max-snippet":"max-snippet:-1","max-image-preview":"max-image-preview:large","max-video-preview":"max-video-preview:-1"},"canonical":"https:\/\/conexmetals.com\/pt-br\/produto\/conectores-e-emendas-inline\/","schema":{"@context":"https:\/\/schema.org","@graph":[{"@type":"WebPage","@id":"https:\/\/conexmetals.com\/pt-br\/produto\/conectores-e-emendas-inline\/","url":"https:\/\/conexmetals.com\/pt-br\/produto\/conectores-e-emendas-inline\/","name":"Conectores e Emendas Inline","isPartOf":{"@id":"https:\/\/conexmetals.com\/pt-br\/#website"},"primaryImageOfPage":{"@id":"https:\/\/conexmetals.com\/pt-br\/produto\/conectores-e-emendas-inline\/#primaryimage"},"image":{"@id":"https:\/\/conexmetals.com\/pt-br\/produto\/conectores-e-emendas-inline\/#primaryimage"},"thumbnailUrl":"https:\/\/conexmetals.com\/wp-content\/uploads\/2024\/12\/Conectores-e-Emendas-Inline.webp","datePublished":"2023-08-18T05:14:32+00:00","dateModified":"2024-12-19T07:06:08+00:00","description":"A Conex Metals \u00e9 especializada em conectores e emendas inline, incluindo emendas el\u00e9tricas e conectores de cobre. Nossos conectores isolados com PVC e emendas de alum\u00ednio garantem conex\u00f5es eficientes e dur\u00e1veis. Principal fabricante, exportador e fornecedor da \u00cdndia.","breadcrumb":{"@id":"https:\/\/conexmetals.com\/pt-br\/produto\/conectores-e-emendas-inline\/#breadcrumb"},"inLanguage":"pt-BR","potentialAction":[{"@type":"ReadAction","target":["https:\/\/conexmetals.com\/pt-br\/produto\/conectores-e-emendas-inline\/"]}]},{"@type":"ImageObject","inLanguage":"pt-BR","@id":"https:\/\/conexmetals.com\/pt-br\/produto\/conectores-e-emendas-inline\/#primaryimage","url":"https:\/\/conexmetals.com\/wp-content\/uploads\/2024\/12\/Conectores-e-Emendas-Inline.webp","contentUrl":"https:\/\/conexmetals.com\/wp-content\/uploads\/2024\/12\/Conectores-e-Emendas-Inline.webp","width":350,"height":350,"caption":"Conectores e Emendas Inline"},{"@type":"BreadcrumbList","@id":"https:\/\/conexmetals.com\/pt-br\/produto\/conectores-e-emendas-inline\/#breadcrumb","itemListElement":[{"@type":"ListItem","position":1,"name":"Home","item":"https:\/\/conexmetals.com\/pt-br\/lar\/"},{"@type":"ListItem","position":2,"name":"Products","item":"https:\/\/conexmetals.com\/products\/"},{"@type":"ListItem","position":3,"name":"Conectores e Emendas Inline"}]},{"@type":"WebSite","@id":"https:\/\/conexmetals.com\/pt-br\/#website","url":"https:\/\/conexmetals.com\/pt-br\/","name":"Conex Metals Brass Fittings Brass Parts Copper Parts Brass Components Brass Plumbing Fittings India","description":"Manufacturer of Bronze Fittings casting Copper Brass parts components","publisher":{"@id":"https:\/\/conexmetals.com\/pt-br\/#organization"},"potentialAction":[{"@type":"SearchAction","target":{"@type":"EntryPoint","urlTemplate":"https:\/\/conexmetals.com\/pt-br\/?s={search_term_string}"},"query-input":{"@type":"PropertyValueSpecification","valueRequired":true,"valueName":"search_term_string"}}],"inLanguage":"pt-BR"},{"@type":"Organization","@id":"https:\/\/conexmetals.com\/pt-br\/#organization","name":"Conex Metals Brass Fittings Brass Parts Copper Parts Brass Components Brass Plumbing Fittings India","url":"https:\/\/conexmetals.com\/pt-br\/","logo":{"@type":"ImageObject","inLanguage":"pt-BR","@id":"https:\/\/conexmetals.com\/pt-br\/#\/schema\/logo\/image\/","url":"https:\/\/conexmetals.com\/wp-content\/uploads\/2024\/03\/conex-metals-logo.webp","contentUrl":"https:\/\/conexmetals.com\/wp-content\/uploads\/2024\/03\/conex-metals-logo.webp","width":300,"height":121,"caption":"Conex Metals Brass Fittings Brass Parts Copper Parts Brass Components Brass Plumbing Fittings India"},"image":{"@id":"https:\/\/conexmetals.com\/pt-br\/#\/schema\/logo\/image\/"},"sameAs":["https:\/\/www.facebook.com\/conexbrass","https:\/\/x.com\/conexindia","https:\/\/www.linkedin.com\/company\/conex-metals-india\/","https:\/\/www.instagram.com\/conexindia\/"]}]}},"_links":{"self":[{"href":"https:\/\/conexmetals.com\/pt-br\/wp-json\/wp\/v2\/product\/12225","targetHints":{"allow":["GET"]}}],"collection":[{"href":"https:\/\/conexmetals.com\/pt-br\/wp-json\/wp\/v2\/product"}],"about":[{"href":"https:\/\/conexmetals.com\/pt-br\/wp-json\/wp\/v2\/types\/product"}],"wp:featuredmedia":[{"embeddable":true,"href":"https:\/\/conexmetals.com\/pt-br\/wp-json\/wp\/v2\/media\/10204"}],"wp:attachment":[{"href":"https:\/\/conexmetals.com\/pt-br\/wp-json\/wp\/v2\/media?parent=12225"}],"wp:term":[{"taxonomy":"product_brand","embeddable":true,"href":"https:\/\/conexmetals.com\/pt-br\/wp-json\/wp\/v2\/product_brand?post=12225"},{"taxonomy":"product_cat","embeddable":true,"href":"https:\/\/conexmetals.com\/pt-br\/wp-json\/wp\/v2\/product_cat?post=12225"},{"taxonomy":"product_tag","embeddable":true,"href":"https:\/\/conexmetals.com\/pt-br\/wp-json\/wp\/v2\/product_tag?post=12225"}],"curies":[{"name":"wp","href":"https:\/\/api.w.org\/{rel}","templated":true}]}}