{"id":12229,"date":"2023-08-18T10:43:05","date_gmt":"2023-08-18T05:13:05","guid":{"rendered":"https:\/\/conexmetals.com\/?post_type=product&#038;p=12229"},"modified":"2024-12-19T12:51:56","modified_gmt":"2024-12-19T07:21:56","slug":"terminais-de-cobre-pre-isolados","status":"publish","type":"product","link":"https:\/\/conexmetals.com\/pt-br\/produto\/terminais-de-cobre-pre-isolados\/","title":{"rendered":"Terminais de Cobre Pr\u00e9-Isolados"},"content":{"rendered":"","protected":false},"excerpt":{"rendered":"<p><img fetchpriority=\"high\" decoding=\"async\" width=\"1000\" height=\"339\" class=\"alignnone size-medium wp-image-12182 lazy loaded\" src=\"https:\/\/conexmetals.com\/wp-content\/uploads\/2023\/08\/Pre-Insulated-Copper-Terminals.jpg\" alt=\"Terminais de cobre pr\u00e9-isolados\" data-src=\"https:\/\/conexmetals.com\/wp-content\/uploads\/2023\/08\/Pre-Insulated-Copper-Terminals.jpg\" data-was-processed=\"true\" srcset=\"https:\/\/conexmetals.com\/wp-content\/uploads\/2023\/08\/Pre-Insulated-Copper-Terminals.jpg 1000w, https:\/\/conexmetals.com\/wp-content\/uploads\/2023\/08\/Pre-Insulated-Copper-Terminals-300x102.jpg 300w, https:\/\/conexmetals.com\/wp-content\/uploads\/2023\/08\/Pre-Insulated-Copper-Terminals-768x260.jpg 768w, https:\/\/conexmetals.com\/wp-content\/uploads\/2023\/08\/Pre-Insulated-Copper-Terminals-700x237.jpg 700w\" sizes=\"(max-width: 1000px) 100vw, 1000px\" \/><\/p>\n<table id=\"tablepress-387\" class=\"tablepress tablepress-id-387\">\n<caption>\u00a0<\/caption>\n<thead>\n<tr class=\"row-1 odd\">\n<th class=\"column-1\" colspan=\"12\"><strong><span>Terminais de cobre pr\u00e9-isolados<\/span><\/strong><\/th>\n<\/tr>\n<\/thead>\n<tbody class=\"row-hover\">\n<tr class=\"row-2 even\">\n<td class=\"column-1\" rowspan=\"2\"><strong><span>N\u00famero de s\u00e9rie<\/span><\/strong><\/td>\n<td class=\"column-2\" rowspan=\"2\"><strong><span>\u00c1rea mm2<\/span><\/strong><\/td>\n<td class=\"column-3\" colspan=\"10\"><strong><span>Dimens\u00f5es em mm<\/span><\/strong><\/td>\n<\/tr>\n<tr class=\"row-3 odd\">\n<td class=\"column-3\"><strong><span>\u00d8E<\/span><\/strong><\/td>\n<td class=\"column-4\"><strong><span>\u00d8A<\/span><\/strong><\/td>\n<td class=\"column-5\"><strong><span>\u00d8C<\/span><\/strong><\/td>\n<td class=\"column-6\"><strong><span>E<\/span><\/strong><\/td>\n<td class=\"column-7\"><strong><span>F<\/span><\/strong><\/td>\n<td class=\"column-8\"><strong><span>B<\/span><\/strong><\/td>\n<td class=\"column-9\"><strong><span>Eu<\/span><\/strong><\/td>\n<td class=\"column-10\"><strong><span>L-1<\/span><\/strong><\/td>\n<td class=\"column-11\"><strong><span>J-1<\/span><\/strong><\/td>\n<td class=\"column-12\"><strong><span>L-3<\/span><\/strong><\/td>\n<\/tr>\n<tr class=\"row-4 even\">\n<td class=\"column-1\"><span>1<\/span><\/td>\n<td class=\"column-2\"><span>1.5<\/span><\/td>\n<td class=\"column-3\"><span>5.1<\/span><\/td>\n<td class=\"column-4\"><span>1.6<\/span><\/td>\n<td class=\"column-5\"><span>3.2<\/span><\/td>\n<td class=\"column-6\"><span>8<\/span><\/td>\n<td class=\"column-7\"><span>0,8<\/span><\/td>\n<td class=\"column-8\"><span>5<\/span><\/td>\n<td class=\"column-9\"><span>21<\/span><\/td>\n<td class=\"column-10\"><span>17<\/span><\/td>\n<td class=\"column-11\"><span>10<\/span><\/td>\n<td class=\"column-12\"><span>22<\/span><\/td>\n<\/tr>\n<tr class=\"row-5 odd\">\n<td class=\"column-1\"><span>2<\/span><\/td>\n<td class=\"column-2\"><span>1.5<\/span><\/td>\n<td class=\"column-3\"><span>3.5<\/span><\/td>\n<td class=\"column-4\"><span>1.6<\/span><\/td>\n<td class=\"column-5\"><span>3.2<\/span><\/td>\n<td class=\"column-6\"><span>6.8<\/span><\/td>\n<td class=\"column-7\"><span>0,8<\/span><\/td>\n<td class=\"column-8\"><span>4<\/span><\/td>\n<td class=\"column-9\"><span>13<\/span><\/td>\n<td class=\"column-10\"><span>8.8<\/span><\/td>\n<td class=\"column-11\"><span>10<\/span><\/td>\n<td class=\"column-12\"><span>14.8<\/span><\/td>\n<\/tr>\n<tr class=\"row-6 even\">\n<td class=\"column-1\"><span>3<\/span><\/td>\n<td class=\"column-2\"><span>1.5<\/span><\/td>\n<td class=\"column-3\"><span>3<\/span><\/td>\n<td class=\"column-4\"><span>2<\/span><\/td>\n<td class=\"column-5\"><span>2.8<\/span><\/td>\n<td class=\"column-6\"><span>6.2<\/span><\/td>\n<td class=\"column-7\"><span>0,4<\/span><\/td>\n<td class=\"column-8\"><span>5<\/span><\/td>\n<td class=\"column-9\"><span>13<\/span><\/td>\n<td class=\"column-10\"><span>10,5<\/span><\/td>\n<td class=\"column-11\"><span>10<\/span><\/td>\n<td class=\"column-12\"><span>15,5<\/span><\/td>\n<\/tr>\n<tr class=\"row-7 odd\">\n<td class=\"column-1\"><span>4<\/span><\/td>\n<td class=\"column-2\"><span>2,5<\/span><\/td>\n<td class=\"column-3\"><span>3.5<\/span><\/td>\n<td class=\"column-4\"><span>2.3<\/span><\/td>\n<td class=\"column-5\"><span>3.9<\/span><\/td>\n<td class=\"column-6\"><span>6.5<\/span><\/td>\n<td class=\"column-7\"><span>0,8<\/span><\/td>\n<td class=\"column-8\"><span>5<\/span><\/td>\n<td class=\"column-9\"><span>15<\/span><\/td>\n<td class=\"column-10\"><span>11.8<\/span><\/td>\n<td class=\"column-11\"><span>10<\/span><\/td>\n<td class=\"column-12\"><span>16.6<\/span><\/td>\n<\/tr>\n<tr class=\"row-8 even\">\n<td class=\"column-1\"><span>5<\/span><\/td>\n<td class=\"column-2\"><span>2,5<\/span><\/td>\n<td class=\"column-3\"><span>5<\/span><\/td>\n<td class=\"column-4\"><span>26<\/span><\/td>\n<td class=\"column-5\"><span>4.6<\/span><\/td>\n<td class=\"column-6\"><span>10.6<\/span><\/td>\n<td class=\"column-7\"><span>1<\/span><\/td>\n<td class=\"column-8\"><span>6<\/span><\/td>\n<td class=\"column-9\"><span>21<\/span><\/td>\n<td class=\"column-10\"><span>12.4<\/span><\/td>\n<td class=\"column-11\"><span>10<\/span><\/td>\n<td class=\"column-12\"><span>16.2<\/span><\/td>\n<\/tr>\n<tr class=\"row-9 odd\">\n<td class=\"column-1\"><span>6<\/span><\/td>\n<td class=\"column-2\"><span>4-6<\/span><\/td>\n<td class=\"column-3\"><span>3.1<\/span><\/td>\n<td class=\"column-4\"><span>3.5<\/span><\/td>\n<td class=\"column-5\"><span>5.5<\/span><\/td>\n<td class=\"column-6\"><span>6<\/span><\/td>\n<td class=\"column-7\"><span>1<\/span><\/td>\n<td class=\"column-8\"><span>6<\/span><\/td>\n<td class=\"column-9\"><span>15<\/span><\/td>\n<td class=\"column-10\"><span>11,5<\/span><\/td>\n<td class=\"column-11\"><span>14<\/span><\/td>\n<td class=\"column-12\"><span>19,5<\/span><\/td>\n<\/tr>\n<tr class=\"row-10 even\">\n<td class=\"column-1\"><span>7<\/span><\/td>\n<td class=\"column-2\"><span>4-6<\/span><\/td>\n<td class=\"column-3\"><span>3.5<\/span><\/td>\n<td class=\"column-4\"><span>3,58<\/span><\/td>\n<td class=\"column-5\"><span>5.5<\/span><\/td>\n<td class=\"column-6\"><span>6<\/span><\/td>\n<td class=\"column-7\"><span>1<\/span><\/td>\n<td class=\"column-8\"><span>6<\/span><\/td>\n<td class=\"column-9\"><span>15<\/span><\/td>\n<td class=\"column-10\"><span>11<\/span><\/td>\n<td class=\"column-11\"><span>14<\/span><\/td>\n<td class=\"column-12\"><span>19<\/span><\/td>\n<\/tr>\n<tr class=\"row-11 odd\">\n<td class=\"column-1\"><span>8<\/span><\/td>\n<td class=\"column-2\"><span>10<\/span><\/td>\n<td class=\"column-3\"><span>6.5<\/span><\/td>\n<td class=\"column-4\"><span>4.5<\/span><\/td>\n<td class=\"column-5\"><span>6.9<\/span><\/td>\n<td class=\"column-6\"><span>16<\/span><\/td>\n<td class=\"column-7\"><span>1.2<\/span><\/td>\n<td class=\"column-8\"><span>8<\/span><\/td>\n<td class=\"column-9\"><span>27<\/span><\/td>\n<td class=\"column-10\"><span>19<\/span><\/td>\n<td class=\"column-11\"><span>16<\/span><\/td>\n<td class=\"column-12\"><span>27<\/span><\/td>\n<\/tr>\n<tr class=\"row-12 even\">\n<td class=\"column-1\"><span>9<\/span><\/td>\n<td class=\"column-2\"><span>10<\/span><\/td>\n<td class=\"column-3\"><span>8.2<\/span><\/td>\n<td class=\"column-4\"><span>4.5<\/span><\/td>\n<td class=\"column-5\"><span>6.9<\/span><\/td>\n<td class=\"column-6\"><span>16<\/span><\/td>\n<td class=\"column-7\"><span>1.2<\/span><\/td>\n<td class=\"column-8\"><span>8<\/span><\/td>\n<td class=\"column-9\"><span>27<\/span><\/td>\n<td class=\"column-10\"><span>19<\/span><\/td>\n<td class=\"column-11\"><span>16<\/span><\/td>\n<td class=\"column-12\"><span>27<\/span><\/td>\n<\/tr>\n<\/tbody>\n<\/table>\n<p><span>Terminais de cobre pr\u00e9-isolados, tamb\u00e9m conhecidos como terminais de cobre pr\u00e9-isolados ou conectores de cobre pr\u00e9-isolados, s\u00e3o conectores el\u00e9tricos especializados projetados para terminar cabos de cobre e fornecer uma conex\u00e3o el\u00e9trica isolada e segura. Esses terminais v\u00eam com uma capa ou luva isolante integrada, que ajuda a proteger a conex\u00e3o de fatores ambientais e previne contato acidental com condutores energizados.<\/span><\/p>\n<p>&nbsp;<\/p>\n<p><span>Principais caracter\u00edsticas e usos dos terminais de cobre pr\u00e9-isolados incluem:<\/span><\/p>\n<ol>\n<li><span>Material: Os terminais de cobre pr\u00e9-isolados s\u00e3o feitos de cobre de alta condutividade para fluxo de corrente e desempenho el\u00e9trico eficientes.<\/span><\/li>\n<li><span>Manga isolante: os terminais pr\u00e9-isolados t\u00eam uma manga isolante feita de materiais como PVC ou n\u00e1ilon que fornece isolamento el\u00e9trico e prote\u00e7\u00e3o contra umidade, produtos qu\u00edmicos e danos f\u00edsicos.<\/span><\/li>\n<li><span>Termina\u00e7\u00e3o: Normalmente s\u00e3o usados \u200b\u200bpara terminar cabos de cobre e s\u00e3o fixados usando m\u00e9todos de compress\u00e3o ou crimpagem, garantindo uma conex\u00e3o el\u00e9trica confi\u00e1vel e permanente.<\/span><\/li>\n<li><span>Tamanho do cabo: Os terminais de cobre pr\u00e9-isolados v\u00eam em v\u00e1rios tamanhos para acomodar diferentes di\u00e2metros de cabo, tornando-os adequados para uma ampla gama de aplica\u00e7\u00f5es de termina\u00e7\u00e3o de cabos.<\/span><\/li>\n<li><span>Aplica\u00e7\u00f5es: Eles s\u00e3o usados \u200b\u200bem v\u00e1rios sistemas el\u00e9tricos, incluindo distribui\u00e7\u00e3o de energia, pain\u00e9is de controle, gabinetes el\u00e9tricos e fia\u00e7\u00e3o de equipamentos.<\/span><\/li>\n<li><span>Seguran\u00e7a el\u00e9trica: terminais de cobre pr\u00e9-isolados fornecem uma camada adicional de seguran\u00e7a el\u00e9trica ao isolar a conex\u00e3o, reduzindo o risco de contato acidental e riscos el\u00e9tricos.<\/span><\/li>\n<li><span>Conveni\u00eancia: O design pr\u00e9-isolado elimina a necessidade de materiais isolantes adicionais ou tubos termoencolh\u00edveis, economizando tempo de instala\u00e7\u00e3o e m\u00e3o de obra.<\/span><\/li>\n<li><span>Durabilidade: As luvas isolantes usadas em terminais de cobre pr\u00e9-isolados s\u00e3o dur\u00e1veis \u200b\u200be projetadas para suportar diversas condi\u00e7\u00f5es ambientais.<\/span><\/li>\n<\/ol>\n<p><span>Terminais de cobre pr\u00e9-isolados s\u00e3o particularmente \u00fateis em cen\u00e1rios onde conex\u00f5es el\u00e9tricas precisam ser protegidas contra umidade, poeira e outros fatores ambientais. O isolamento tamb\u00e9m reduz o risco de curtos-circuitos e falhas el\u00e9tricas causadas por contato acidental com condutores energizados.<\/span><\/p>\n","protected":false},"featured_media":10220,"template":"","meta":[],"product_brand":[],"product_cat":[405],"product_tag":[],"class_list":{"0":"post-12229","1":"product","2":"type-product","3":"status-publish","4":"has-post-thumbnail","6":"product_cat-terminais-e-olhais-de-cabo","8":"first","9":"instock","10":"shipping-taxable","11":"product-type-simple"},"yoast_head":"<!-- This site is optimized with the Yoast SEO plugin v27.3 - https:\/\/yoast.com\/product\/yoast-seo-wordpress\/ -->\n<title>Terminais de Cobre Pr\u00e9-Isolados<\/title>\n<meta name=\"description\" content=\"A Conex Metals oferece terminais de cobre pr\u00e9-isolados, conectores de crimpagem, terminais de crimpagem, conectores tipo esp\u00e1tula e conectores el\u00e9tricos de crimpagem. Nossa linha inclui terminais, conectores e terminais isolados, garantindo conex\u00f5es el\u00e9tricas seguras. Principal fabricante, exportador e fornecedor da \u00cdndia.\" \/>\n<meta name=\"robots\" content=\"index, follow, max-snippet:-1, max-image-preview:large, max-video-preview:-1\" \/>\n<link rel=\"canonical\" href=\"https:\/\/conexmetals.com\/pt-br\/produto\/terminais-de-cobre-pre-isolados\/\" \/>\n<script type=\"application\/ld+json\" class=\"yoast-schema-graph\">{\"@context\":\"https:\\\/\\\/schema.org\",\"@graph\":[{\"@type\":\"WebPage\",\"@id\":\"https:\\\/\\\/conexmetals.com\\\/pt-br\\\/produto\\\/terminais-de-cobre-pre-isolados\\\/\",\"url\":\"https:\\\/\\\/conexmetals.com\\\/pt-br\\\/produto\\\/terminais-de-cobre-pre-isolados\\\/\",\"name\":\"Terminais de Cobre Pr\u00e9-Isolados\",\"isPartOf\":{\"@id\":\"https:\\\/\\\/conexmetals.com\\\/pt-br\\\/#website\"},\"primaryImageOfPage\":{\"@id\":\"https:\\\/\\\/conexmetals.com\\\/pt-br\\\/produto\\\/terminais-de-cobre-pre-isolados\\\/#primaryimage\"},\"image\":{\"@id\":\"https:\\\/\\\/conexmetals.com\\\/pt-br\\\/produto\\\/terminais-de-cobre-pre-isolados\\\/#primaryimage\"},\"thumbnailUrl\":\"https:\\\/\\\/conexmetals.com\\\/wp-content\\\/uploads\\\/2024\\\/12\\\/Terminais-de-Cobre-Pre-Isolados.webp\",\"datePublished\":\"2023-08-18T05:13:05+00:00\",\"dateModified\":\"2024-12-19T07:21:56+00:00\",\"description\":\"A Conex Metals oferece terminais de cobre pr\u00e9-isolados, conectores de crimpagem, terminais de crimpagem, conectores tipo esp\u00e1tula e conectores el\u00e9tricos de crimpagem. Nossa linha inclui terminais, conectores e terminais isolados, garantindo conex\u00f5es el\u00e9tricas seguras. Principal fabricante, exportador e fornecedor da \u00cdndia.\",\"breadcrumb\":{\"@id\":\"https:\\\/\\\/conexmetals.com\\\/pt-br\\\/produto\\\/terminais-de-cobre-pre-isolados\\\/#breadcrumb\"},\"inLanguage\":\"pt-BR\",\"potentialAction\":[{\"@type\":\"ReadAction\",\"target\":[\"https:\\\/\\\/conexmetals.com\\\/pt-br\\\/produto\\\/terminais-de-cobre-pre-isolados\\\/\"]}]},{\"@type\":\"ImageObject\",\"inLanguage\":\"pt-BR\",\"@id\":\"https:\\\/\\\/conexmetals.com\\\/pt-br\\\/produto\\\/terminais-de-cobre-pre-isolados\\\/#primaryimage\",\"url\":\"https:\\\/\\\/conexmetals.com\\\/wp-content\\\/uploads\\\/2024\\\/12\\\/Terminais-de-Cobre-Pre-Isolados.webp\",\"contentUrl\":\"https:\\\/\\\/conexmetals.com\\\/wp-content\\\/uploads\\\/2024\\\/12\\\/Terminais-de-Cobre-Pre-Isolados.webp\",\"width\":350,\"height\":350},{\"@type\":\"BreadcrumbList\",\"@id\":\"https:\\\/\\\/conexmetals.com\\\/pt-br\\\/produto\\\/terminais-de-cobre-pre-isolados\\\/#breadcrumb\",\"itemListElement\":[{\"@type\":\"ListItem\",\"position\":1,\"name\":\"Home\",\"item\":\"https:\\\/\\\/conexmetals.com\\\/pt-br\\\/lar\\\/\"},{\"@type\":\"ListItem\",\"position\":2,\"name\":\"Products\",\"item\":\"https:\\\/\\\/conexmetals.com\\\/products\\\/\"},{\"@type\":\"ListItem\",\"position\":3,\"name\":\"Terminais de Cobre Pr\u00e9-Isolados\"}]},{\"@type\":\"WebSite\",\"@id\":\"https:\\\/\\\/conexmetals.com\\\/pt-br\\\/#website\",\"url\":\"https:\\\/\\\/conexmetals.com\\\/pt-br\\\/\",\"name\":\"Conex Metals Brass Fittings Brass Parts Copper Parts Brass Components Brass Plumbing Fittings India\",\"description\":\"Manufacturer of Bronze Fittings casting Copper Brass parts components\",\"publisher\":{\"@id\":\"https:\\\/\\\/conexmetals.com\\\/pt-br\\\/#organization\"},\"potentialAction\":[{\"@type\":\"SearchAction\",\"target\":{\"@type\":\"EntryPoint\",\"urlTemplate\":\"https:\\\/\\\/conexmetals.com\\\/pt-br\\\/?s={search_term_string}\"},\"query-input\":{\"@type\":\"PropertyValueSpecification\",\"valueRequired\":true,\"valueName\":\"search_term_string\"}}],\"inLanguage\":\"pt-BR\"},{\"@type\":\"Organization\",\"@id\":\"https:\\\/\\\/conexmetals.com\\\/pt-br\\\/#organization\",\"name\":\"Conex Metals Brass Fittings Brass Parts Copper Parts Brass Components Brass Plumbing Fittings India\",\"url\":\"https:\\\/\\\/conexmetals.com\\\/pt-br\\\/\",\"logo\":{\"@type\":\"ImageObject\",\"inLanguage\":\"pt-BR\",\"@id\":\"https:\\\/\\\/conexmetals.com\\\/pt-br\\\/#\\\/schema\\\/logo\\\/image\\\/\",\"url\":\"https:\\\/\\\/conexmetals.com\\\/wp-content\\\/uploads\\\/2024\\\/03\\\/conex-metals-logo.webp\",\"contentUrl\":\"https:\\\/\\\/conexmetals.com\\\/wp-content\\\/uploads\\\/2024\\\/03\\\/conex-metals-logo.webp\",\"width\":300,\"height\":121,\"caption\":\"Conex Metals Brass Fittings Brass Parts Copper Parts Brass Components Brass Plumbing Fittings India\"},\"image\":{\"@id\":\"https:\\\/\\\/conexmetals.com\\\/pt-br\\\/#\\\/schema\\\/logo\\\/image\\\/\"},\"sameAs\":[\"https:\\\/\\\/www.facebook.com\\\/conexbrass\",\"https:\\\/\\\/x.com\\\/conexindia\",\"https:\\\/\\\/www.linkedin.com\\\/company\\\/conex-metals-india\\\/\",\"https:\\\/\\\/www.instagram.com\\\/conexindia\\\/\"]}]}<\/script>\n<!-- \/ Yoast SEO plugin. -->","yoast_head_json":{"title":"Terminais de Cobre Pr\u00e9-Isolados","description":"A Conex Metals oferece terminais de cobre pr\u00e9-isolados, conectores de crimpagem, terminais de crimpagem, conectores tipo esp\u00e1tula e conectores el\u00e9tricos de crimpagem. Nossa linha inclui terminais, conectores e terminais isolados, garantindo conex\u00f5es el\u00e9tricas seguras. Principal fabricante, exportador e fornecedor da \u00cdndia.","robots":{"index":"index","follow":"follow","max-snippet":"max-snippet:-1","max-image-preview":"max-image-preview:large","max-video-preview":"max-video-preview:-1"},"canonical":"https:\/\/conexmetals.com\/pt-br\/produto\/terminais-de-cobre-pre-isolados\/","schema":{"@context":"https:\/\/schema.org","@graph":[{"@type":"WebPage","@id":"https:\/\/conexmetals.com\/pt-br\/produto\/terminais-de-cobre-pre-isolados\/","url":"https:\/\/conexmetals.com\/pt-br\/produto\/terminais-de-cobre-pre-isolados\/","name":"Terminais de Cobre Pr\u00e9-Isolados","isPartOf":{"@id":"https:\/\/conexmetals.com\/pt-br\/#website"},"primaryImageOfPage":{"@id":"https:\/\/conexmetals.com\/pt-br\/produto\/terminais-de-cobre-pre-isolados\/#primaryimage"},"image":{"@id":"https:\/\/conexmetals.com\/pt-br\/produto\/terminais-de-cobre-pre-isolados\/#primaryimage"},"thumbnailUrl":"https:\/\/conexmetals.com\/wp-content\/uploads\/2024\/12\/Terminais-de-Cobre-Pre-Isolados.webp","datePublished":"2023-08-18T05:13:05+00:00","dateModified":"2024-12-19T07:21:56+00:00","description":"A Conex Metals oferece terminais de cobre pr\u00e9-isolados, conectores de crimpagem, terminais de crimpagem, conectores tipo esp\u00e1tula e conectores el\u00e9tricos de crimpagem. Nossa linha inclui terminais, conectores e terminais isolados, garantindo conex\u00f5es el\u00e9tricas seguras. Principal fabricante, exportador e fornecedor da \u00cdndia.","breadcrumb":{"@id":"https:\/\/conexmetals.com\/pt-br\/produto\/terminais-de-cobre-pre-isolados\/#breadcrumb"},"inLanguage":"pt-BR","potentialAction":[{"@type":"ReadAction","target":["https:\/\/conexmetals.com\/pt-br\/produto\/terminais-de-cobre-pre-isolados\/"]}]},{"@type":"ImageObject","inLanguage":"pt-BR","@id":"https:\/\/conexmetals.com\/pt-br\/produto\/terminais-de-cobre-pre-isolados\/#primaryimage","url":"https:\/\/conexmetals.com\/wp-content\/uploads\/2024\/12\/Terminais-de-Cobre-Pre-Isolados.webp","contentUrl":"https:\/\/conexmetals.com\/wp-content\/uploads\/2024\/12\/Terminais-de-Cobre-Pre-Isolados.webp","width":350,"height":350},{"@type":"BreadcrumbList","@id":"https:\/\/conexmetals.com\/pt-br\/produto\/terminais-de-cobre-pre-isolados\/#breadcrumb","itemListElement":[{"@type":"ListItem","position":1,"name":"Home","item":"https:\/\/conexmetals.com\/pt-br\/lar\/"},{"@type":"ListItem","position":2,"name":"Products","item":"https:\/\/conexmetals.com\/products\/"},{"@type":"ListItem","position":3,"name":"Terminais de Cobre Pr\u00e9-Isolados"}]},{"@type":"WebSite","@id":"https:\/\/conexmetals.com\/pt-br\/#website","url":"https:\/\/conexmetals.com\/pt-br\/","name":"Conex Metals Brass Fittings Brass Parts Copper Parts Brass Components Brass Plumbing Fittings India","description":"Manufacturer of Bronze Fittings casting Copper Brass parts components","publisher":{"@id":"https:\/\/conexmetals.com\/pt-br\/#organization"},"potentialAction":[{"@type":"SearchAction","target":{"@type":"EntryPoint","urlTemplate":"https:\/\/conexmetals.com\/pt-br\/?s={search_term_string}"},"query-input":{"@type":"PropertyValueSpecification","valueRequired":true,"valueName":"search_term_string"}}],"inLanguage":"pt-BR"},{"@type":"Organization","@id":"https:\/\/conexmetals.com\/pt-br\/#organization","name":"Conex Metals Brass Fittings Brass Parts Copper Parts Brass Components Brass Plumbing Fittings India","url":"https:\/\/conexmetals.com\/pt-br\/","logo":{"@type":"ImageObject","inLanguage":"pt-BR","@id":"https:\/\/conexmetals.com\/pt-br\/#\/schema\/logo\/image\/","url":"https:\/\/conexmetals.com\/wp-content\/uploads\/2024\/03\/conex-metals-logo.webp","contentUrl":"https:\/\/conexmetals.com\/wp-content\/uploads\/2024\/03\/conex-metals-logo.webp","width":300,"height":121,"caption":"Conex Metals Brass Fittings Brass Parts Copper Parts Brass Components Brass Plumbing Fittings India"},"image":{"@id":"https:\/\/conexmetals.com\/pt-br\/#\/schema\/logo\/image\/"},"sameAs":["https:\/\/www.facebook.com\/conexbrass","https:\/\/x.com\/conexindia","https:\/\/www.linkedin.com\/company\/conex-metals-india\/","https:\/\/www.instagram.com\/conexindia\/"]}]}},"_links":{"self":[{"href":"https:\/\/conexmetals.com\/pt-br\/wp-json\/wp\/v2\/product\/12229","targetHints":{"allow":["GET"]}}],"collection":[{"href":"https:\/\/conexmetals.com\/pt-br\/wp-json\/wp\/v2\/product"}],"about":[{"href":"https:\/\/conexmetals.com\/pt-br\/wp-json\/wp\/v2\/types\/product"}],"wp:featuredmedia":[{"embeddable":true,"href":"https:\/\/conexmetals.com\/pt-br\/wp-json\/wp\/v2\/media\/10220"}],"wp:attachment":[{"href":"https:\/\/conexmetals.com\/pt-br\/wp-json\/wp\/v2\/media?parent=12229"}],"wp:term":[{"taxonomy":"product_brand","embeddable":true,"href":"https:\/\/conexmetals.com\/pt-br\/wp-json\/wp\/v2\/product_brand?post=12229"},{"taxonomy":"product_cat","embeddable":true,"href":"https:\/\/conexmetals.com\/pt-br\/wp-json\/wp\/v2\/product_cat?post=12229"},{"taxonomy":"product_tag","embeddable":true,"href":"https:\/\/conexmetals.com\/pt-br\/wp-json\/wp\/v2\/product_tag?post=12229"}],"curies":[{"name":"wp","href":"https:\/\/api.w.org\/{rel}","templated":true}]}}