{"id":12235,"date":"2023-08-17T12:21:50","date_gmt":"2023-08-17T06:51:50","guid":{"rendered":"https:\/\/conexmetals.com\/?post_type=product&#038;p=12235"},"modified":"2024-12-19T14:29:06","modified_gmt":"2024-12-19T08:59:06","slug":"pinos-de-latao-para-carregadores","status":"publish","type":"product","link":"https:\/\/conexmetals.com\/pt-br\/produto\/pinos-de-latao-para-carregadores\/","title":{"rendered":"Pinos de Lat\u00e3o para Carregadores"},"content":{"rendered":"","protected":false},"excerpt":{"rendered":"<p><strong><span>Dados t\u00e9cnicos<\/span><\/strong><\/p>\n<p><strong><span>Tipos de pinos:<\/span><\/strong><\/p>\n<ul>\n<li><span>Pinos de plugue de lat\u00e3o (planos)<\/span><\/li>\n<li><span>Pinos de carregador de lat\u00e3o<\/span><\/li>\n<li><span>Pinos de Terra<\/span><\/li>\n<li><span>Pinos de plugue de lat\u00e3o (redondos)<\/span><\/li>\n<li><span>Pinos de soquete quadrado de lat\u00e3o<\/span><\/li>\n<\/ul>\n<p>&nbsp;<\/p>\n<p><strong><span>Op\u00e7\u00f5es de material:<\/span><\/strong><\/p>\n<ul>\n<li><span>Lat\u00e3o de corte livre (IS: CuZn39Pb3) Tipo ISO (I)<\/span><\/li>\n<li><span>Lat\u00e3o de corte livre conforme BS 249 Tipo (I)<\/span><\/li>\n<li><span>Lat\u00e3o de corte livre de alta qualidade<\/span><\/li>\n<li><span>Composi\u00e7\u00e3o de material de lat\u00e3o personalizada conforme especifica\u00e7\u00f5es do cliente<\/span><\/li>\n<\/ul>\n<p>&nbsp;<\/p>\n<p><strong><span>Padr\u00f5es de rosca:<\/span><\/strong><\/p>\n<ul>\n<li><span>M\u00e9trica ISO, MM, PG, BSW, BSP, BSB, BSF, BA, NPT, NPTF, UNC, UNF, UNEF, etc.<\/span><\/li>\n<li><span>Fios personalizados com base em designs de clientes<\/span><\/li>\n<\/ul>\n<p>&nbsp;<\/p>\n<p><strong><span>Op\u00e7\u00f5es de acabamento e revestimento:<\/span><\/strong><\/p>\n<ul>\n<li><span>Acabamento Natural<\/span><\/li>\n<li><span>Niquelagem<\/span><\/li>\n<li><span>Acabamento em lat\u00e3o<\/span><\/li>\n<li><span>N\u00edquel-lat\u00e3o<\/span><\/li>\n<li><span>Revestimento de cobre ou zinco<\/span><\/li>\n<li><span>Revestimento personalizado conforme especifica\u00e7\u00f5es<\/span><\/li>\n<\/ul>\n<p>&nbsp;<\/p>\n<p><span>Pinos de lat\u00e3o para carregadores s\u00e3o conectores el\u00e9tricos especializados usados \u200b\u200bna constru\u00e7\u00e3o de cabos de carregamento e adaptadores para v\u00e1rios dispositivos eletr\u00f4nicos. Esses pinos desempenham um papel crucial no estabelecimento da conex\u00e3o el\u00e9trica entre o carregador e o dispositivo que est\u00e1 sendo carregado. O lat\u00e3o \u00e9 um material comum usado para esses pinos devido \u00e0 sua excelente condutividade el\u00e9trica e resist\u00eancia \u00e0 corros\u00e3o.<\/span><\/p>\n<p><span>O design dos pinos de lat\u00e3o para carregadores varia dependendo da interface de carregamento espec\u00edfica para a qual eles s\u00e3o destinados. Alguns tipos comuns de pinos de lat\u00e3o para carregadores incluem:<\/span><\/p>\n<ol>\n<li><b><\/b><strong><b><span>Pinos USB Tipo A:<\/span><\/b><\/strong><span>\u00a0S\u00e3o usados \u200b\u200bem conectores USB Tipo A, comumente encontrados em cabos de carregamento para smartphones, tablets e outros dispositivos eletr\u00f4nicos.<\/span><\/li>\n<li><b><\/b><strong><b><span>Pinos USB Tipo C:<\/span><\/b><\/strong><span>\u00a0Os conectores USB Tipo C est\u00e3o se tornando cada vez mais populares para carregamento devido ao seu design revers\u00edvel e capacidades de carregamento mais r\u00e1pido. Pinos de lat\u00e3o s\u00e3o usados \u200b\u200bem conectores USB Tipo C para carregar cabos e adaptadores.<\/span><\/li>\n<li><b><\/b><strong><b><span>Pinos do conector Lightning:<\/span><\/b><\/strong><span>\u00a0s\u00e3o usados \u200b\u200bnos conectores Lightning propriet\u00e1rios da Apple, encontrados em iPhones, iPads e outros dispositivos Apple.<\/span><\/li>\n<li><b><\/b><strong><b><span>Pinos Micro USB:<\/span><\/b><\/strong><span>\u00a0Conectores Micro USB ainda s\u00e3o usados \u200b\u200bem alguns dispositivos, particularmente smartphones mais antigos e v\u00e1rios outros eletr\u00f4nicos. Pinos de lat\u00e3o s\u00e3o usados \u200b\u200bem conectores Micro USB para cabos de carregamento.<\/span><\/li>\n<\/ol>\n<p><span>Principais caracter\u00edsticas e vantagens dos pinos de lat\u00e3o para carregadores incluem:<\/span><\/p>\n<ol>\n<li><b><\/b><strong><b><span>Condutividade el\u00e9trica:<\/span><\/b><\/strong><span>\u00a0O lat\u00e3o \u00e9 um excelente condutor de eletricidade, garantindo transfer\u00eancia de energia eficiente e confi\u00e1vel durante o carregamento.<\/span><\/li>\n<li><b><\/b><strong><b><span>Resist\u00eancia \u00e0 corros\u00e3o:<\/span><\/b><\/strong><span>\u00a0os pinos de lat\u00e3o s\u00e3o projetados para resistir \u00e0 corros\u00e3o, o que ajuda a manter uma conex\u00e3o el\u00e9trica est\u00e1vel e prolongar a vida \u00fatil do cabo de carregamento ou adaptador.<\/span><\/li>\n<li><b><\/b><strong><b><span>Resist\u00eancia mec\u00e2nica:<\/span><\/b><\/strong><span>\u00a0o lat\u00e3o fornece pinos dur\u00e1veis \u200b\u200bque podem suportar conex\u00f5es e desconex\u00f5es frequentes durante o carregamento.<\/span><\/li>\n<li><b><\/b><strong><b><span>Compatibilidade:<\/span><\/b><\/strong><span>\u00a0Os pinos de carregamento de lat\u00e3o s\u00e3o projetados para serem compat\u00edveis com diversas interfaces de carregamento, garantindo que possam ser usados \u200b\u200bcom uma ampla variedade de dispositivos eletr\u00f4nicos.<\/span><\/li>\n<\/ol>\n<p><span>A sele\u00e7\u00e3o e instala\u00e7\u00e3o adequadas de pinos de lat\u00e3o para carregadores s\u00e3o essenciais para garantir uma experi\u00eancia de carregamento segura e eficiente.<\/span><\/p>\n","protected":false},"featured_media":10378,"template":"","meta":[],"product_brand":[],"product_cat":[401],"product_tag":[],"class_list":{"0":"post-12235","1":"product","2":"type-product","3":"status-publish","4":"has-post-thumbnail","6":"product_cat-pinos-eletricos-de-latao","8":"first","9":"instock","10":"shipping-taxable","11":"product-type-simple"},"yoast_head":"<!-- This site is optimized with the Yoast SEO plugin v27.3 - https:\/\/yoast.com\/product\/yoast-seo-wordpress\/ -->\n<title>Pinos de Lat\u00e3o para Carregadores<\/title>\n<meta name=\"description\" content=\"A Conex \u00e9 um fabricante l\u00edder e exportador de Pinos de Lat\u00e3o para Carregadores. Nossos pinos de alta qualidade s\u00e3o adequados para v\u00e1rias aplica\u00e7\u00f5es el\u00e9tricas, incluindo pinos de plugues el\u00e9tricos, pinos de plugue industrial e pinos de 15 Amp e tipo UK. Fornecemos pinos macho e f\u00eamea, pinos vivos, pinos neutros e pinos de terra para uma conectividade confi\u00e1vel.\" \/>\n<meta name=\"robots\" content=\"index, follow, max-snippet:-1, max-image-preview:large, max-video-preview:-1\" \/>\n<link rel=\"canonical\" href=\"https:\/\/conexmetals.com\/pt-br\/produto\/pinos-de-latao-para-carregadores\/\" \/>\n<script type=\"application\/ld+json\" class=\"yoast-schema-graph\">{\"@context\":\"https:\\\/\\\/schema.org\",\"@graph\":[{\"@type\":\"WebPage\",\"@id\":\"https:\\\/\\\/conexmetals.com\\\/pt-br\\\/produto\\\/pinos-de-latao-para-carregadores\\\/\",\"url\":\"https:\\\/\\\/conexmetals.com\\\/pt-br\\\/produto\\\/pinos-de-latao-para-carregadores\\\/\",\"name\":\"Pinos de Lat\u00e3o para Carregadores\",\"isPartOf\":{\"@id\":\"https:\\\/\\\/conexmetals.com\\\/pt-br\\\/#website\"},\"primaryImageOfPage\":{\"@id\":\"https:\\\/\\\/conexmetals.com\\\/pt-br\\\/produto\\\/pinos-de-latao-para-carregadores\\\/#primaryimage\"},\"image\":{\"@id\":\"https:\\\/\\\/conexmetals.com\\\/pt-br\\\/produto\\\/pinos-de-latao-para-carregadores\\\/#primaryimage\"},\"thumbnailUrl\":\"https:\\\/\\\/conexmetals.com\\\/wp-content\\\/uploads\\\/2024\\\/12\\\/Pinos-de-Latao-para-Carregadores.webp\",\"datePublished\":\"2023-08-17T06:51:50+00:00\",\"dateModified\":\"2024-12-19T08:59:06+00:00\",\"description\":\"A Conex \u00e9 um fabricante l\u00edder e exportador de Pinos de Lat\u00e3o para Carregadores. Nossos pinos de alta qualidade s\u00e3o adequados para v\u00e1rias aplica\u00e7\u00f5es el\u00e9tricas, incluindo pinos de plugues el\u00e9tricos, pinos de plugue industrial e pinos de 15 Amp e tipo UK. Fornecemos pinos macho e f\u00eamea, pinos vivos, pinos neutros e pinos de terra para uma conectividade confi\u00e1vel.\",\"breadcrumb\":{\"@id\":\"https:\\\/\\\/conexmetals.com\\\/pt-br\\\/produto\\\/pinos-de-latao-para-carregadores\\\/#breadcrumb\"},\"inLanguage\":\"pt-BR\",\"potentialAction\":[{\"@type\":\"ReadAction\",\"target\":[\"https:\\\/\\\/conexmetals.com\\\/pt-br\\\/produto\\\/pinos-de-latao-para-carregadores\\\/\"]}]},{\"@type\":\"ImageObject\",\"inLanguage\":\"pt-BR\",\"@id\":\"https:\\\/\\\/conexmetals.com\\\/pt-br\\\/produto\\\/pinos-de-latao-para-carregadores\\\/#primaryimage\",\"url\":\"https:\\\/\\\/conexmetals.com\\\/wp-content\\\/uploads\\\/2024\\\/12\\\/Pinos-de-Latao-para-Carregadores.webp\",\"contentUrl\":\"https:\\\/\\\/conexmetals.com\\\/wp-content\\\/uploads\\\/2024\\\/12\\\/Pinos-de-Latao-para-Carregadores.webp\",\"width\":350,\"height\":350,\"caption\":\"Pinos de Lat\u00e3o para Carregadores\"},{\"@type\":\"BreadcrumbList\",\"@id\":\"https:\\\/\\\/conexmetals.com\\\/pt-br\\\/produto\\\/pinos-de-latao-para-carregadores\\\/#breadcrumb\",\"itemListElement\":[{\"@type\":\"ListItem\",\"position\":1,\"name\":\"Home\",\"item\":\"https:\\\/\\\/conexmetals.com\\\/pt-br\\\/lar\\\/\"},{\"@type\":\"ListItem\",\"position\":2,\"name\":\"Products\",\"item\":\"https:\\\/\\\/conexmetals.com\\\/products\\\/\"},{\"@type\":\"ListItem\",\"position\":3,\"name\":\"Pinos de Lat\u00e3o para Carregadores\"}]},{\"@type\":\"WebSite\",\"@id\":\"https:\\\/\\\/conexmetals.com\\\/pt-br\\\/#website\",\"url\":\"https:\\\/\\\/conexmetals.com\\\/pt-br\\\/\",\"name\":\"Conex Metals Brass Fittings Brass Parts Copper Parts Brass Components Brass Plumbing Fittings India\",\"description\":\"Manufacturer of Bronze Fittings casting Copper Brass parts components\",\"publisher\":{\"@id\":\"https:\\\/\\\/conexmetals.com\\\/pt-br\\\/#organization\"},\"potentialAction\":[{\"@type\":\"SearchAction\",\"target\":{\"@type\":\"EntryPoint\",\"urlTemplate\":\"https:\\\/\\\/conexmetals.com\\\/pt-br\\\/?s={search_term_string}\"},\"query-input\":{\"@type\":\"PropertyValueSpecification\",\"valueRequired\":true,\"valueName\":\"search_term_string\"}}],\"inLanguage\":\"pt-BR\"},{\"@type\":\"Organization\",\"@id\":\"https:\\\/\\\/conexmetals.com\\\/pt-br\\\/#organization\",\"name\":\"Conex Metals Brass Fittings Brass Parts Copper Parts Brass Components Brass Plumbing Fittings India\",\"url\":\"https:\\\/\\\/conexmetals.com\\\/pt-br\\\/\",\"logo\":{\"@type\":\"ImageObject\",\"inLanguage\":\"pt-BR\",\"@id\":\"https:\\\/\\\/conexmetals.com\\\/pt-br\\\/#\\\/schema\\\/logo\\\/image\\\/\",\"url\":\"https:\\\/\\\/conexmetals.com\\\/wp-content\\\/uploads\\\/2024\\\/03\\\/conex-metals-logo.webp\",\"contentUrl\":\"https:\\\/\\\/conexmetals.com\\\/wp-content\\\/uploads\\\/2024\\\/03\\\/conex-metals-logo.webp\",\"width\":300,\"height\":121,\"caption\":\"Conex Metals Brass Fittings Brass Parts Copper Parts Brass Components Brass Plumbing Fittings India\"},\"image\":{\"@id\":\"https:\\\/\\\/conexmetals.com\\\/pt-br\\\/#\\\/schema\\\/logo\\\/image\\\/\"},\"sameAs\":[\"https:\\\/\\\/www.facebook.com\\\/conexbrass\",\"https:\\\/\\\/x.com\\\/conexindia\",\"https:\\\/\\\/www.linkedin.com\\\/company\\\/conex-metals-india\\\/\",\"https:\\\/\\\/www.instagram.com\\\/conexindia\\\/\"]}]}<\/script>\n<!-- \/ Yoast SEO plugin. -->","yoast_head_json":{"title":"Pinos de Lat\u00e3o para Carregadores","description":"A Conex \u00e9 um fabricante l\u00edder e exportador de Pinos de Lat\u00e3o para Carregadores. Nossos pinos de alta qualidade s\u00e3o adequados para v\u00e1rias aplica\u00e7\u00f5es el\u00e9tricas, incluindo pinos de plugues el\u00e9tricos, pinos de plugue industrial e pinos de 15 Amp e tipo UK. Fornecemos pinos macho e f\u00eamea, pinos vivos, pinos neutros e pinos de terra para uma conectividade confi\u00e1vel.","robots":{"index":"index","follow":"follow","max-snippet":"max-snippet:-1","max-image-preview":"max-image-preview:large","max-video-preview":"max-video-preview:-1"},"canonical":"https:\/\/conexmetals.com\/pt-br\/produto\/pinos-de-latao-para-carregadores\/","schema":{"@context":"https:\/\/schema.org","@graph":[{"@type":"WebPage","@id":"https:\/\/conexmetals.com\/pt-br\/produto\/pinos-de-latao-para-carregadores\/","url":"https:\/\/conexmetals.com\/pt-br\/produto\/pinos-de-latao-para-carregadores\/","name":"Pinos de Lat\u00e3o para Carregadores","isPartOf":{"@id":"https:\/\/conexmetals.com\/pt-br\/#website"},"primaryImageOfPage":{"@id":"https:\/\/conexmetals.com\/pt-br\/produto\/pinos-de-latao-para-carregadores\/#primaryimage"},"image":{"@id":"https:\/\/conexmetals.com\/pt-br\/produto\/pinos-de-latao-para-carregadores\/#primaryimage"},"thumbnailUrl":"https:\/\/conexmetals.com\/wp-content\/uploads\/2024\/12\/Pinos-de-Latao-para-Carregadores.webp","datePublished":"2023-08-17T06:51:50+00:00","dateModified":"2024-12-19T08:59:06+00:00","description":"A Conex \u00e9 um fabricante l\u00edder e exportador de Pinos de Lat\u00e3o para Carregadores. Nossos pinos de alta qualidade s\u00e3o adequados para v\u00e1rias aplica\u00e7\u00f5es el\u00e9tricas, incluindo pinos de plugues el\u00e9tricos, pinos de plugue industrial e pinos de 15 Amp e tipo UK. Fornecemos pinos macho e f\u00eamea, pinos vivos, pinos neutros e pinos de terra para uma conectividade confi\u00e1vel.","breadcrumb":{"@id":"https:\/\/conexmetals.com\/pt-br\/produto\/pinos-de-latao-para-carregadores\/#breadcrumb"},"inLanguage":"pt-BR","potentialAction":[{"@type":"ReadAction","target":["https:\/\/conexmetals.com\/pt-br\/produto\/pinos-de-latao-para-carregadores\/"]}]},{"@type":"ImageObject","inLanguage":"pt-BR","@id":"https:\/\/conexmetals.com\/pt-br\/produto\/pinos-de-latao-para-carregadores\/#primaryimage","url":"https:\/\/conexmetals.com\/wp-content\/uploads\/2024\/12\/Pinos-de-Latao-para-Carregadores.webp","contentUrl":"https:\/\/conexmetals.com\/wp-content\/uploads\/2024\/12\/Pinos-de-Latao-para-Carregadores.webp","width":350,"height":350,"caption":"Pinos de Lat\u00e3o para Carregadores"},{"@type":"BreadcrumbList","@id":"https:\/\/conexmetals.com\/pt-br\/produto\/pinos-de-latao-para-carregadores\/#breadcrumb","itemListElement":[{"@type":"ListItem","position":1,"name":"Home","item":"https:\/\/conexmetals.com\/pt-br\/lar\/"},{"@type":"ListItem","position":2,"name":"Products","item":"https:\/\/conexmetals.com\/products\/"},{"@type":"ListItem","position":3,"name":"Pinos de Lat\u00e3o para Carregadores"}]},{"@type":"WebSite","@id":"https:\/\/conexmetals.com\/pt-br\/#website","url":"https:\/\/conexmetals.com\/pt-br\/","name":"Conex Metals Brass Fittings Brass Parts Copper Parts Brass Components Brass Plumbing Fittings India","description":"Manufacturer of Bronze Fittings casting Copper Brass parts components","publisher":{"@id":"https:\/\/conexmetals.com\/pt-br\/#organization"},"potentialAction":[{"@type":"SearchAction","target":{"@type":"EntryPoint","urlTemplate":"https:\/\/conexmetals.com\/pt-br\/?s={search_term_string}"},"query-input":{"@type":"PropertyValueSpecification","valueRequired":true,"valueName":"search_term_string"}}],"inLanguage":"pt-BR"},{"@type":"Organization","@id":"https:\/\/conexmetals.com\/pt-br\/#organization","name":"Conex Metals Brass Fittings Brass Parts Copper Parts Brass Components Brass Plumbing Fittings India","url":"https:\/\/conexmetals.com\/pt-br\/","logo":{"@type":"ImageObject","inLanguage":"pt-BR","@id":"https:\/\/conexmetals.com\/pt-br\/#\/schema\/logo\/image\/","url":"https:\/\/conexmetals.com\/wp-content\/uploads\/2024\/03\/conex-metals-logo.webp","contentUrl":"https:\/\/conexmetals.com\/wp-content\/uploads\/2024\/03\/conex-metals-logo.webp","width":300,"height":121,"caption":"Conex Metals Brass Fittings Brass Parts Copper Parts Brass Components Brass Plumbing Fittings India"},"image":{"@id":"https:\/\/conexmetals.com\/pt-br\/#\/schema\/logo\/image\/"},"sameAs":["https:\/\/www.facebook.com\/conexbrass","https:\/\/x.com\/conexindia","https:\/\/www.linkedin.com\/company\/conex-metals-india\/","https:\/\/www.instagram.com\/conexindia\/"]}]}},"_links":{"self":[{"href":"https:\/\/conexmetals.com\/pt-br\/wp-json\/wp\/v2\/product\/12235","targetHints":{"allow":["GET"]}}],"collection":[{"href":"https:\/\/conexmetals.com\/pt-br\/wp-json\/wp\/v2\/product"}],"about":[{"href":"https:\/\/conexmetals.com\/pt-br\/wp-json\/wp\/v2\/types\/product"}],"wp:featuredmedia":[{"embeddable":true,"href":"https:\/\/conexmetals.com\/pt-br\/wp-json\/wp\/v2\/media\/10378"}],"wp:attachment":[{"href":"https:\/\/conexmetals.com\/pt-br\/wp-json\/wp\/v2\/media?parent=12235"}],"wp:term":[{"taxonomy":"product_brand","embeddable":true,"href":"https:\/\/conexmetals.com\/pt-br\/wp-json\/wp\/v2\/product_brand?post=12235"},{"taxonomy":"product_cat","embeddable":true,"href":"https:\/\/conexmetals.com\/pt-br\/wp-json\/wp\/v2\/product_cat?post=12235"},{"taxonomy":"product_tag","embeddable":true,"href":"https:\/\/conexmetals.com\/pt-br\/wp-json\/wp\/v2\/product_tag?post=12235"}],"curies":[{"name":"wp","href":"https:\/\/api.w.org\/{rel}","templated":true}]}}