{"id":12240,"date":"2023-08-17T12:21:12","date_gmt":"2023-08-17T06:51:12","guid":{"rendered":"https:\/\/conexmetals.com\/?post_type=product&#038;p=12240"},"modified":"2024-12-19T14:46:57","modified_gmt":"2024-12-19T09:16:57","slug":"pinos-de-latao-para-tomadas-eletricas","status":"publish","type":"product","link":"https:\/\/conexmetals.com\/pt-br\/produto\/pinos-de-latao-para-tomadas-eletricas\/","title":{"rendered":"Pinos de Lat\u00e3o para Tomadas El\u00e9tricas"},"content":{"rendered":"","protected":false},"excerpt":{"rendered":"<p><strong><span>Pinos e soquetes de lat\u00e3o<\/span><\/strong><\/p>\n<p><span>Somos especializados na fabrica\u00e7\u00e3o de uma gama abrangente de pinos e soquetes de lat\u00e3o, incluindo:<\/span><\/p>\n<ul>\n<li><span>Pinos e soquetes neutros<\/span><\/li>\n<li><span>Pinos e soquetes de aterramento<\/span><\/li>\n<li><span>Pinos e soquetes de fase<\/span><\/li>\n<\/ul>\n<p>&nbsp;<\/p>\n<p><strong><span>Especifica\u00e7\u00f5es:<\/span><\/strong><\/p>\n<ul>\n<li><span>\u00c9 1367<\/span><\/li>\n<li><span>BS 3692<\/span><\/li>\n<\/ul>\n<p>&nbsp;<\/p>\n<p><strong><span>Op\u00e7\u00f5es de material:<\/span><\/strong><\/p>\n<ul>\n<li><span>Lat\u00e3o de corte livre (tipo 319, tipo BS 249)<\/span><\/li>\n<li><span>Composi\u00e7\u00e3o de material de lat\u00e3o personalizada conforme os requisitos do cliente<\/span><\/li>\n<\/ul>\n<p>&nbsp;<\/p>\n<p><strong><span>Padr\u00f5es de rosca:<\/span><\/strong><\/p>\n<ul>\n<li><span>M\u00e9trica ISO (roscas MM)<\/span><\/li>\n<li><span>T\u00f3picos UNC e UNF<\/span><\/li>\n<li><span>Fios personalizados com base em designs espec\u00edficos<\/span><\/li>\n<\/ul>\n<p>&nbsp;<\/p>\n<p><strong><span>Comprimento\/Tamanho:<\/span><\/strong><\/p>\n<ul>\n<li><span>Conforme Projetos ou Requisitos Personalizados<\/span><\/li>\n<\/ul>\n<p>&nbsp;<\/p>\n<p><strong><span>Op\u00e7\u00f5es de revestimento e acabamento:<\/span><\/strong><\/p>\n<ul>\n<li><span>Acabamento Natural<\/span><\/li>\n<li><span>Revestimento de n\u00edquel, estanho, ouro ou prata<\/span><\/li>\n<li><span>Revestimento personalizado com base nas especifica\u00e7\u00f5es<\/span><\/li>\n<\/ul>\n<p>&nbsp;<\/p>\n<p><span>Pinos de lat\u00e3o para tomadas el\u00e9tricas s\u00e3o conectores el\u00e9tricos f\u00eameas encontrados dentro de tomadas ou recept\u00e1culos el\u00e9tricos. Esses pinos s\u00e3o parte integrante do design da tomada e fornecem os pontos de conex\u00e3o onde pinos de plugue macho podem ser inseridos para estabelecer uma conex\u00e3o el\u00e9trica. O lat\u00e3o \u00e9 um material comum usado para esses pinos de tomada devido \u00e0 sua excelente condutividade el\u00e9trica e resist\u00eancia \u00e0 corros\u00e3o.<\/span><\/p>\n<p><span>O design dos pinos de lat\u00e3o para tomadas el\u00e9tricas geralmente envolve um formato cil\u00edndrico com uma pequena abertura ou fenda em uma extremidade. Essa fenda permite a f\u00e1cil inser\u00e7\u00e3o de pinos de plugue macho e garante uma conex\u00e3o segura e est\u00e1vel.<\/span><\/p>\n<p><span>Principais caracter\u00edsticas e vantagens dos pinos de lat\u00e3o para tomadas el\u00e9tricas incluem:<\/span><\/p>\n<ol>\n<li><b><\/b><strong><b><span>Condutividade el\u00e9trica:<\/span><\/b><\/strong><span>\u00a0O lat\u00e3o \u00e9 um excelente condutor de eletricidade, garantindo um fluxo eficiente de corrente el\u00e9trica atrav\u00e9s dos pinos do soquete.<\/span><\/li>\n<li><b><\/b><strong><b><span>Resist\u00eancia \u00e0 corros\u00e3o:<\/span><\/b><\/strong><span>\u00a0os pinos de lat\u00e3o s\u00e3o projetados para resistir \u00e0 corros\u00e3o, o que ajuda a manter uma conex\u00e3o el\u00e9trica confi\u00e1vel ao longo do tempo.<\/span><\/li>\n<li><b><\/b><strong><b><span>Resist\u00eancia mec\u00e2nica:<\/span><\/b><\/strong><span>\u00a0O lat\u00e3o fornece pinos f\u00eameas resistentes e dur\u00e1veis, garantindo uma conex\u00e3o segura e duradoura com pinos machos.<\/span><\/li>\n<li><b><\/b><strong><b><span>Versatilidade:<\/span><\/b><\/strong><span>\u00a0pinos de soquete de lat\u00e3o s\u00e3o usados \u200b\u200bem v\u00e1rios soquetes el\u00e9tricos para diferentes tipos de plugues, tornando-os compat\u00edveis com uma ampla gama de dispositivos el\u00e9tricos.<\/span><\/li>\n<\/ol>\n<p><span>A sele\u00e7\u00e3o e instala\u00e7\u00e3o adequadas de pinos de lat\u00e3o para tomadas el\u00e9tricas s\u00e3o essenciais para garantir uma conex\u00e3o el\u00e9trica segura e confi\u00e1vel.<\/span><\/p>\n","protected":false},"featured_media":10379,"template":"","meta":[],"product_brand":[],"product_cat":[401],"product_tag":[],"class_list":{"0":"post-12240","1":"product","2":"type-product","3":"status-publish","4":"has-post-thumbnail","6":"product_cat-pinos-eletricos-de-latao","8":"first","9":"instock","10":"shipping-taxable","11":"product-type-simple"},"yoast_head":"<!-- This site is optimized with the Yoast SEO plugin v27.3 - https:\/\/yoast.com\/product\/yoast-seo-wordpress\/ -->\n<title>Pinos de Lat\u00e3o para Tomadas El\u00e9tricas<\/title>\n<meta name=\"description\" content=\"A Conex se especializa em Pinos de Lat\u00e3o para Tomadas El\u00e9tricas, oferecendo componentes essenciais para conex\u00f5es el\u00e9tricas seguras e eficientes. Nossa linha de produtos inclui pinos de lat\u00e3o de alta qualidade projetados para diversos tipos de tomadas el\u00e9tricas, garantindo condutividade e durabilidade confi\u00e1veis. Fabricados para atender aos padr\u00f5es internacionais, nossos pinos de lat\u00e3o s\u00e3o ideais para fabricantes, exportadores e fornecedores que buscam conectores el\u00e9tricos premium. Confie na Conex para componentes el\u00e9tricos de lat\u00e3o superiores que aprimoram o desempenho e a seguran\u00e7a dos seus sistemas el\u00e9tricos.\" \/>\n<meta name=\"robots\" content=\"index, follow, max-snippet:-1, max-image-preview:large, max-video-preview:-1\" \/>\n<link rel=\"canonical\" href=\"https:\/\/conexmetals.com\/pt-br\/produto\/pinos-de-latao-para-tomadas-eletricas\/\" \/>\n<script type=\"application\/ld+json\" class=\"yoast-schema-graph\">{\"@context\":\"https:\\\/\\\/schema.org\",\"@graph\":[{\"@type\":\"WebPage\",\"@id\":\"https:\\\/\\\/conexmetals.com\\\/pt-br\\\/produto\\\/pinos-de-latao-para-tomadas-eletricas\\\/\",\"url\":\"https:\\\/\\\/conexmetals.com\\\/pt-br\\\/produto\\\/pinos-de-latao-para-tomadas-eletricas\\\/\",\"name\":\"Pinos de Lat\u00e3o para Tomadas El\u00e9tricas\",\"isPartOf\":{\"@id\":\"https:\\\/\\\/conexmetals.com\\\/pt-br\\\/#website\"},\"primaryImageOfPage\":{\"@id\":\"https:\\\/\\\/conexmetals.com\\\/pt-br\\\/produto\\\/pinos-de-latao-para-tomadas-eletricas\\\/#primaryimage\"},\"image\":{\"@id\":\"https:\\\/\\\/conexmetals.com\\\/pt-br\\\/produto\\\/pinos-de-latao-para-tomadas-eletricas\\\/#primaryimage\"},\"thumbnailUrl\":\"https:\\\/\\\/conexmetals.com\\\/wp-content\\\/uploads\\\/2024\\\/12\\\/Plugue-eletrico-e-tomada-eletrica.webp\",\"datePublished\":\"2023-08-17T06:51:12+00:00\",\"dateModified\":\"2024-12-19T09:16:57+00:00\",\"description\":\"A Conex se especializa em Pinos de Lat\u00e3o para Tomadas El\u00e9tricas, oferecendo componentes essenciais para conex\u00f5es el\u00e9tricas seguras e eficientes. Nossa linha de produtos inclui pinos de lat\u00e3o de alta qualidade projetados para diversos tipos de tomadas el\u00e9tricas, garantindo condutividade e durabilidade confi\u00e1veis. Fabricados para atender aos padr\u00f5es internacionais, nossos pinos de lat\u00e3o s\u00e3o ideais para fabricantes, exportadores e fornecedores que buscam conectores el\u00e9tricos premium. Confie na Conex para componentes el\u00e9tricos de lat\u00e3o superiores que aprimoram o desempenho e a seguran\u00e7a dos seus sistemas el\u00e9tricos.\",\"breadcrumb\":{\"@id\":\"https:\\\/\\\/conexmetals.com\\\/pt-br\\\/produto\\\/pinos-de-latao-para-tomadas-eletricas\\\/#breadcrumb\"},\"inLanguage\":\"pt-BR\",\"potentialAction\":[{\"@type\":\"ReadAction\",\"target\":[\"https:\\\/\\\/conexmetals.com\\\/pt-br\\\/produto\\\/pinos-de-latao-para-tomadas-eletricas\\\/\"]}]},{\"@type\":\"ImageObject\",\"inLanguage\":\"pt-BR\",\"@id\":\"https:\\\/\\\/conexmetals.com\\\/pt-br\\\/produto\\\/pinos-de-latao-para-tomadas-eletricas\\\/#primaryimage\",\"url\":\"https:\\\/\\\/conexmetals.com\\\/wp-content\\\/uploads\\\/2024\\\/12\\\/Plugue-eletrico-e-tomada-eletrica.webp\",\"contentUrl\":\"https:\\\/\\\/conexmetals.com\\\/wp-content\\\/uploads\\\/2024\\\/12\\\/Plugue-eletrico-e-tomada-eletrica.webp\",\"width\":350,\"height\":350,\"caption\":\"Plugue el\u00e9trico e tomada el\u00e9trica\"},{\"@type\":\"BreadcrumbList\",\"@id\":\"https:\\\/\\\/conexmetals.com\\\/pt-br\\\/produto\\\/pinos-de-latao-para-tomadas-eletricas\\\/#breadcrumb\",\"itemListElement\":[{\"@type\":\"ListItem\",\"position\":1,\"name\":\"Home\",\"item\":\"https:\\\/\\\/conexmetals.com\\\/pt-br\\\/lar\\\/\"},{\"@type\":\"ListItem\",\"position\":2,\"name\":\"Products\",\"item\":\"https:\\\/\\\/conexmetals.com\\\/products\\\/\"},{\"@type\":\"ListItem\",\"position\":3,\"name\":\"Pinos de Lat\u00e3o para Tomadas El\u00e9tricas\"}]},{\"@type\":\"WebSite\",\"@id\":\"https:\\\/\\\/conexmetals.com\\\/pt-br\\\/#website\",\"url\":\"https:\\\/\\\/conexmetals.com\\\/pt-br\\\/\",\"name\":\"Conex Metals Brass Fittings Brass Parts Copper Parts Brass Components Brass Plumbing Fittings India\",\"description\":\"Manufacturer of Bronze Fittings casting Copper Brass parts components\",\"publisher\":{\"@id\":\"https:\\\/\\\/conexmetals.com\\\/pt-br\\\/#organization\"},\"potentialAction\":[{\"@type\":\"SearchAction\",\"target\":{\"@type\":\"EntryPoint\",\"urlTemplate\":\"https:\\\/\\\/conexmetals.com\\\/pt-br\\\/?s={search_term_string}\"},\"query-input\":{\"@type\":\"PropertyValueSpecification\",\"valueRequired\":true,\"valueName\":\"search_term_string\"}}],\"inLanguage\":\"pt-BR\"},{\"@type\":\"Organization\",\"@id\":\"https:\\\/\\\/conexmetals.com\\\/pt-br\\\/#organization\",\"name\":\"Conex Metals Brass Fittings Brass Parts Copper Parts Brass Components Brass Plumbing Fittings India\",\"url\":\"https:\\\/\\\/conexmetals.com\\\/pt-br\\\/\",\"logo\":{\"@type\":\"ImageObject\",\"inLanguage\":\"pt-BR\",\"@id\":\"https:\\\/\\\/conexmetals.com\\\/pt-br\\\/#\\\/schema\\\/logo\\\/image\\\/\",\"url\":\"https:\\\/\\\/conexmetals.com\\\/wp-content\\\/uploads\\\/2024\\\/03\\\/conex-metals-logo.webp\",\"contentUrl\":\"https:\\\/\\\/conexmetals.com\\\/wp-content\\\/uploads\\\/2024\\\/03\\\/conex-metals-logo.webp\",\"width\":300,\"height\":121,\"caption\":\"Conex Metals Brass Fittings Brass Parts Copper Parts Brass Components Brass Plumbing Fittings India\"},\"image\":{\"@id\":\"https:\\\/\\\/conexmetals.com\\\/pt-br\\\/#\\\/schema\\\/logo\\\/image\\\/\"},\"sameAs\":[\"https:\\\/\\\/www.facebook.com\\\/conexbrass\",\"https:\\\/\\\/x.com\\\/conexindia\",\"https:\\\/\\\/www.linkedin.com\\\/company\\\/conex-metals-india\\\/\",\"https:\\\/\\\/www.instagram.com\\\/conexindia\\\/\"]}]}<\/script>\n<!-- \/ Yoast SEO plugin. -->","yoast_head_json":{"title":"Pinos de Lat\u00e3o para Tomadas El\u00e9tricas","description":"A Conex se especializa em Pinos de Lat\u00e3o para Tomadas El\u00e9tricas, oferecendo componentes essenciais para conex\u00f5es el\u00e9tricas seguras e eficientes. Nossa linha de produtos inclui pinos de lat\u00e3o de alta qualidade projetados para diversos tipos de tomadas el\u00e9tricas, garantindo condutividade e durabilidade confi\u00e1veis. Fabricados para atender aos padr\u00f5es internacionais, nossos pinos de lat\u00e3o s\u00e3o ideais para fabricantes, exportadores e fornecedores que buscam conectores el\u00e9tricos premium. Confie na Conex para componentes el\u00e9tricos de lat\u00e3o superiores que aprimoram o desempenho e a seguran\u00e7a dos seus sistemas el\u00e9tricos.","robots":{"index":"index","follow":"follow","max-snippet":"max-snippet:-1","max-image-preview":"max-image-preview:large","max-video-preview":"max-video-preview:-1"},"canonical":"https:\/\/conexmetals.com\/pt-br\/produto\/pinos-de-latao-para-tomadas-eletricas\/","schema":{"@context":"https:\/\/schema.org","@graph":[{"@type":"WebPage","@id":"https:\/\/conexmetals.com\/pt-br\/produto\/pinos-de-latao-para-tomadas-eletricas\/","url":"https:\/\/conexmetals.com\/pt-br\/produto\/pinos-de-latao-para-tomadas-eletricas\/","name":"Pinos de Lat\u00e3o para Tomadas El\u00e9tricas","isPartOf":{"@id":"https:\/\/conexmetals.com\/pt-br\/#website"},"primaryImageOfPage":{"@id":"https:\/\/conexmetals.com\/pt-br\/produto\/pinos-de-latao-para-tomadas-eletricas\/#primaryimage"},"image":{"@id":"https:\/\/conexmetals.com\/pt-br\/produto\/pinos-de-latao-para-tomadas-eletricas\/#primaryimage"},"thumbnailUrl":"https:\/\/conexmetals.com\/wp-content\/uploads\/2024\/12\/Plugue-eletrico-e-tomada-eletrica.webp","datePublished":"2023-08-17T06:51:12+00:00","dateModified":"2024-12-19T09:16:57+00:00","description":"A Conex se especializa em Pinos de Lat\u00e3o para Tomadas El\u00e9tricas, oferecendo componentes essenciais para conex\u00f5es el\u00e9tricas seguras e eficientes. Nossa linha de produtos inclui pinos de lat\u00e3o de alta qualidade projetados para diversos tipos de tomadas el\u00e9tricas, garantindo condutividade e durabilidade confi\u00e1veis. Fabricados para atender aos padr\u00f5es internacionais, nossos pinos de lat\u00e3o s\u00e3o ideais para fabricantes, exportadores e fornecedores que buscam conectores el\u00e9tricos premium. Confie na Conex para componentes el\u00e9tricos de lat\u00e3o superiores que aprimoram o desempenho e a seguran\u00e7a dos seus sistemas el\u00e9tricos.","breadcrumb":{"@id":"https:\/\/conexmetals.com\/pt-br\/produto\/pinos-de-latao-para-tomadas-eletricas\/#breadcrumb"},"inLanguage":"pt-BR","potentialAction":[{"@type":"ReadAction","target":["https:\/\/conexmetals.com\/pt-br\/produto\/pinos-de-latao-para-tomadas-eletricas\/"]}]},{"@type":"ImageObject","inLanguage":"pt-BR","@id":"https:\/\/conexmetals.com\/pt-br\/produto\/pinos-de-latao-para-tomadas-eletricas\/#primaryimage","url":"https:\/\/conexmetals.com\/wp-content\/uploads\/2024\/12\/Plugue-eletrico-e-tomada-eletrica.webp","contentUrl":"https:\/\/conexmetals.com\/wp-content\/uploads\/2024\/12\/Plugue-eletrico-e-tomada-eletrica.webp","width":350,"height":350,"caption":"Plugue el\u00e9trico e tomada el\u00e9trica"},{"@type":"BreadcrumbList","@id":"https:\/\/conexmetals.com\/pt-br\/produto\/pinos-de-latao-para-tomadas-eletricas\/#breadcrumb","itemListElement":[{"@type":"ListItem","position":1,"name":"Home","item":"https:\/\/conexmetals.com\/pt-br\/lar\/"},{"@type":"ListItem","position":2,"name":"Products","item":"https:\/\/conexmetals.com\/products\/"},{"@type":"ListItem","position":3,"name":"Pinos de Lat\u00e3o para Tomadas El\u00e9tricas"}]},{"@type":"WebSite","@id":"https:\/\/conexmetals.com\/pt-br\/#website","url":"https:\/\/conexmetals.com\/pt-br\/","name":"Conex Metals Brass Fittings Brass Parts Copper Parts Brass Components Brass Plumbing Fittings India","description":"Manufacturer of Bronze Fittings casting Copper Brass parts components","publisher":{"@id":"https:\/\/conexmetals.com\/pt-br\/#organization"},"potentialAction":[{"@type":"SearchAction","target":{"@type":"EntryPoint","urlTemplate":"https:\/\/conexmetals.com\/pt-br\/?s={search_term_string}"},"query-input":{"@type":"PropertyValueSpecification","valueRequired":true,"valueName":"search_term_string"}}],"inLanguage":"pt-BR"},{"@type":"Organization","@id":"https:\/\/conexmetals.com\/pt-br\/#organization","name":"Conex Metals Brass Fittings Brass Parts Copper Parts Brass Components Brass Plumbing Fittings India","url":"https:\/\/conexmetals.com\/pt-br\/","logo":{"@type":"ImageObject","inLanguage":"pt-BR","@id":"https:\/\/conexmetals.com\/pt-br\/#\/schema\/logo\/image\/","url":"https:\/\/conexmetals.com\/wp-content\/uploads\/2024\/03\/conex-metals-logo.webp","contentUrl":"https:\/\/conexmetals.com\/wp-content\/uploads\/2024\/03\/conex-metals-logo.webp","width":300,"height":121,"caption":"Conex Metals Brass Fittings Brass Parts Copper Parts Brass Components Brass Plumbing Fittings India"},"image":{"@id":"https:\/\/conexmetals.com\/pt-br\/#\/schema\/logo\/image\/"},"sameAs":["https:\/\/www.facebook.com\/conexbrass","https:\/\/x.com\/conexindia","https:\/\/www.linkedin.com\/company\/conex-metals-india\/","https:\/\/www.instagram.com\/conexindia\/"]}]}},"_links":{"self":[{"href":"https:\/\/conexmetals.com\/pt-br\/wp-json\/wp\/v2\/product\/12240","targetHints":{"allow":["GET"]}}],"collection":[{"href":"https:\/\/conexmetals.com\/pt-br\/wp-json\/wp\/v2\/product"}],"about":[{"href":"https:\/\/conexmetals.com\/pt-br\/wp-json\/wp\/v2\/types\/product"}],"wp:featuredmedia":[{"embeddable":true,"href":"https:\/\/conexmetals.com\/pt-br\/wp-json\/wp\/v2\/media\/10379"}],"wp:attachment":[{"href":"https:\/\/conexmetals.com\/pt-br\/wp-json\/wp\/v2\/media?parent=12240"}],"wp:term":[{"taxonomy":"product_brand","embeddable":true,"href":"https:\/\/conexmetals.com\/pt-br\/wp-json\/wp\/v2\/product_brand?post=12240"},{"taxonomy":"product_cat","embeddable":true,"href":"https:\/\/conexmetals.com\/pt-br\/wp-json\/wp\/v2\/product_cat?post=12240"},{"taxonomy":"product_tag","embeddable":true,"href":"https:\/\/conexmetals.com\/pt-br\/wp-json\/wp\/v2\/product_tag?post=12240"}],"curies":[{"name":"wp","href":"https:\/\/api.w.org\/{rel}","templated":true}]}}