{"id":12266,"date":"2023-08-18T07:48:46","date_gmt":"2023-08-18T02:18:46","guid":{"rendered":"https:\/\/conexmetals.com\/?post_type=product&#038;p=12266"},"modified":"2024-12-19T17:26:41","modified_gmt":"2024-12-19T11:56:41","slug":"parafusos-olhais-de-bronze","status":"publish","type":"product","link":"https:\/\/conexmetals.com\/pt-br\/produto\/parafusos-olhais-de-bronze\/","title":{"rendered":"Parafusos Olhais de Bronze"},"content":{"rendered":"","protected":false},"excerpt":{"rendered":"<p><span>Parafusos de olhal de bronze s\u00e3o fixadores de hardware com uma haste rosqueada e um olhal circular em forma de la\u00e7o na extremidade oposta. O olhal \u00e9 normalmente usado como um ponto de fixa\u00e7\u00e3o para conectores, cabos ou outros encaixes, permitindo f\u00e1cil conex\u00e3o e ancoragem segura em v\u00e1rias aplica\u00e7\u00f5es.<\/span><\/p>\n<p><span>As principais caracter\u00edsticas dos parafusos de olhal de bronze incluem:<\/span><\/p>\n<ol>\n<li><strong><b><span>Material:<\/span><\/b><\/strong><span>\u00a0Parafusos de olhal de bronze s\u00e3o feitos de bronze, como C955, C956 e outras ligas de cobre de alta resist\u00eancia. O bronze oferece excelente resist\u00eancia \u00e0 corros\u00e3o, tornando esses parafusos de olhal adequados para aplica\u00e7\u00f5es externas e mar\u00edtimas, onde a exposi\u00e7\u00e3o \u00e0 umidade ou condi\u00e7\u00f5es ambientais adversas \u00e9 uma preocupa\u00e7\u00e3o.<\/span><\/li>\n<li><strong><b><span>Haste rosqueada:<\/span><\/b><\/strong><span>\u00a0a haste do parafuso de olhal \u00e9 rosqueada, permitindo que ele seja firmemente parafusado em um furo pr\u00e9-perfurado ou em um recept\u00e1culo rosqueado, proporcionando um ponto de fixa\u00e7\u00e3o forte.<\/span><\/li>\n<li><strong><b><span>Design do Olho:<\/span><\/b><\/strong><span>\u00a0A parte do olho do parafuso \u00e9 circular e fechada, formando um la\u00e7o atrav\u00e9s do qual cordas, cabos ou outros conectores podem passar. Alguns parafusos de olho podem ter um olho soldado ou forjado, garantindo maior resist\u00eancia.<\/span><\/li>\n<li><strong><b><span>Tamanho e capacidade de carga:<\/span><\/b><\/strong><span>\u00a0Parafusos de olhal de bronze est\u00e3o dispon\u00edveis em v\u00e1rios tamanhos, com capacidades de carga especificadas para cada tamanho. \u00c9 crucial selecionar o tamanho e a capacidade de carga apropriados com base na aplica\u00e7\u00e3o pretendida e nas cargas esperadas.<\/span><\/li>\n<\/ol>\n<p>&nbsp;<\/p>\n<p><span>Parafusos de olhal de bronze encontram uso em uma ampla gama de ind\u00fastrias e aplica\u00e7\u00f5es, incluindo opera\u00e7\u00f5es mar\u00edtimas, ao ar livre, de constru\u00e7\u00e3o, de i\u00e7amento e eleva\u00e7\u00e3o. No entanto, \u00e9 importante observar que a adequa\u00e7\u00e3o dos parafusos de olhal de bronze depende das condi\u00e7\u00f5es ambientais e de carga espec\u00edficas.<\/span><\/p>\n<p><strong><span>Padr\u00e3o<\/span><br \/>\n<\/strong><span>\u00a0para DIN 444 e 580<\/span><\/p>\n<p><strong><span>Tamanhos<\/span><\/strong><br \/>\n<span>Parafusos de olhal de lat\u00e3o Parafusos de lat\u00e3o DIN 444 DIN 580 De 3 mm, 4 mm, 5 mm, 6 mm, 8 mm, 10 mm, 12 mm, 16 1\/8, 5\/32, 3\/16, 1\/4, 5\/16, 3\/8, 1\/2, 3\/4, 1 polegada M3, M4, M5, M6, M8, M10, m12, m16, UNC, UNEF, UNC, BSW mm em tamanho de rosca e at\u00e9 100 mm em comprimento<\/span><\/p>\n","protected":false},"featured_media":10266,"template":"","meta":[],"product_brand":[],"product_cat":[333],"product_tag":[],"class_list":{"0":"post-12266","1":"product","2":"type-product","3":"status-publish","4":"has-post-thumbnail","6":"product_cat-acessorios-de-aterramento-de-bronze","8":"first","9":"instock","10":"shipping-taxable","11":"product-type-simple"},"yoast_head":"<!-- This site is optimized with the Yoast SEO plugin v27.3 - https:\/\/yoast.com\/product\/yoast-seo-wordpress\/ -->\n<title>Parafusos Olhais de Bronze<\/title>\n<meta name=\"description\" content=\"A Conex Metals \u00e9 um fabricante e exportador indiano reconhecido de parafusos olhais de bronze, incluindo parafusos olhais de lat\u00e3o, parafusos DIN 444, DIN 580 e parafusos olhais de lat\u00e3o DIN 444 e DIN 580.\" \/>\n<meta name=\"robots\" content=\"index, follow, max-snippet:-1, max-image-preview:large, max-video-preview:-1\" \/>\n<link rel=\"canonical\" href=\"https:\/\/conexmetals.com\/pt-br\/produto\/parafusos-olhais-de-bronze\/\" \/>\n<script type=\"application\/ld+json\" class=\"yoast-schema-graph\">{\"@context\":\"https:\\\/\\\/schema.org\",\"@graph\":[{\"@type\":\"WebPage\",\"@id\":\"https:\\\/\\\/conexmetals.com\\\/pt-br\\\/produto\\\/parafusos-olhais-de-bronze\\\/\",\"url\":\"https:\\\/\\\/conexmetals.com\\\/pt-br\\\/produto\\\/parafusos-olhais-de-bronze\\\/\",\"name\":\"Parafusos Olhais de Bronze\",\"isPartOf\":{\"@id\":\"https:\\\/\\\/conexmetals.com\\\/pt-br\\\/#website\"},\"primaryImageOfPage\":{\"@id\":\"https:\\\/\\\/conexmetals.com\\\/pt-br\\\/produto\\\/parafusos-olhais-de-bronze\\\/#primaryimage\"},\"image\":{\"@id\":\"https:\\\/\\\/conexmetals.com\\\/pt-br\\\/produto\\\/parafusos-olhais-de-bronze\\\/#primaryimage\"},\"thumbnailUrl\":\"https:\\\/\\\/conexmetals.com\\\/wp-content\\\/uploads\\\/2024\\\/12\\\/Parafusos-Olhais-de-Bronze.webp\",\"datePublished\":\"2023-08-18T02:18:46+00:00\",\"dateModified\":\"2024-12-19T11:56:41+00:00\",\"description\":\"A Conex Metals \u00e9 um fabricante e exportador indiano reconhecido de parafusos olhais de bronze, incluindo parafusos olhais de lat\u00e3o, parafusos DIN 444, DIN 580 e parafusos olhais de lat\u00e3o DIN 444 e DIN 580.\",\"breadcrumb\":{\"@id\":\"https:\\\/\\\/conexmetals.com\\\/pt-br\\\/produto\\\/parafusos-olhais-de-bronze\\\/#breadcrumb\"},\"inLanguage\":\"pt-BR\",\"potentialAction\":[{\"@type\":\"ReadAction\",\"target\":[\"https:\\\/\\\/conexmetals.com\\\/pt-br\\\/produto\\\/parafusos-olhais-de-bronze\\\/\"]}]},{\"@type\":\"ImageObject\",\"inLanguage\":\"pt-BR\",\"@id\":\"https:\\\/\\\/conexmetals.com\\\/pt-br\\\/produto\\\/parafusos-olhais-de-bronze\\\/#primaryimage\",\"url\":\"https:\\\/\\\/conexmetals.com\\\/wp-content\\\/uploads\\\/2024\\\/12\\\/Parafusos-Olhais-de-Bronze.webp\",\"contentUrl\":\"https:\\\/\\\/conexmetals.com\\\/wp-content\\\/uploads\\\/2024\\\/12\\\/Parafusos-Olhais-de-Bronze.webp\",\"width\":350,\"height\":350,\"caption\":\"Parafusos Olhais de Bronze\"},{\"@type\":\"BreadcrumbList\",\"@id\":\"https:\\\/\\\/conexmetals.com\\\/pt-br\\\/produto\\\/parafusos-olhais-de-bronze\\\/#breadcrumb\",\"itemListElement\":[{\"@type\":\"ListItem\",\"position\":1,\"name\":\"Home\",\"item\":\"https:\\\/\\\/conexmetals.com\\\/pt-br\\\/lar\\\/\"},{\"@type\":\"ListItem\",\"position\":2,\"name\":\"Products\",\"item\":\"https:\\\/\\\/conexmetals.com\\\/products\\\/\"},{\"@type\":\"ListItem\",\"position\":3,\"name\":\"Parafusos Olhais de Bronze\"}]},{\"@type\":\"WebSite\",\"@id\":\"https:\\\/\\\/conexmetals.com\\\/pt-br\\\/#website\",\"url\":\"https:\\\/\\\/conexmetals.com\\\/pt-br\\\/\",\"name\":\"Conex Metals Brass Fittings Brass Parts Copper Parts Brass Components Brass Plumbing Fittings India\",\"description\":\"Manufacturer of Bronze Fittings casting Copper Brass parts components\",\"publisher\":{\"@id\":\"https:\\\/\\\/conexmetals.com\\\/pt-br\\\/#organization\"},\"potentialAction\":[{\"@type\":\"SearchAction\",\"target\":{\"@type\":\"EntryPoint\",\"urlTemplate\":\"https:\\\/\\\/conexmetals.com\\\/pt-br\\\/?s={search_term_string}\"},\"query-input\":{\"@type\":\"PropertyValueSpecification\",\"valueRequired\":true,\"valueName\":\"search_term_string\"}}],\"inLanguage\":\"pt-BR\"},{\"@type\":\"Organization\",\"@id\":\"https:\\\/\\\/conexmetals.com\\\/pt-br\\\/#organization\",\"name\":\"Conex Metals Brass Fittings Brass Parts Copper Parts Brass Components Brass Plumbing Fittings India\",\"url\":\"https:\\\/\\\/conexmetals.com\\\/pt-br\\\/\",\"logo\":{\"@type\":\"ImageObject\",\"inLanguage\":\"pt-BR\",\"@id\":\"https:\\\/\\\/conexmetals.com\\\/pt-br\\\/#\\\/schema\\\/logo\\\/image\\\/\",\"url\":\"https:\\\/\\\/conexmetals.com\\\/wp-content\\\/uploads\\\/2024\\\/03\\\/conex-metals-logo.webp\",\"contentUrl\":\"https:\\\/\\\/conexmetals.com\\\/wp-content\\\/uploads\\\/2024\\\/03\\\/conex-metals-logo.webp\",\"width\":300,\"height\":121,\"caption\":\"Conex Metals Brass Fittings Brass Parts Copper Parts Brass Components Brass Plumbing Fittings India\"},\"image\":{\"@id\":\"https:\\\/\\\/conexmetals.com\\\/pt-br\\\/#\\\/schema\\\/logo\\\/image\\\/\"},\"sameAs\":[\"https:\\\/\\\/www.facebook.com\\\/conexbrass\",\"https:\\\/\\\/x.com\\\/conexindia\",\"https:\\\/\\\/www.linkedin.com\\\/company\\\/conex-metals-india\\\/\",\"https:\\\/\\\/www.instagram.com\\\/conexindia\\\/\"]}]}<\/script>\n<!-- \/ Yoast SEO plugin. -->","yoast_head_json":{"title":"Parafusos Olhais de Bronze","description":"A Conex Metals \u00e9 um fabricante e exportador indiano reconhecido de parafusos olhais de bronze, incluindo parafusos olhais de lat\u00e3o, parafusos DIN 444, DIN 580 e parafusos olhais de lat\u00e3o DIN 444 e DIN 580.","robots":{"index":"index","follow":"follow","max-snippet":"max-snippet:-1","max-image-preview":"max-image-preview:large","max-video-preview":"max-video-preview:-1"},"canonical":"https:\/\/conexmetals.com\/pt-br\/produto\/parafusos-olhais-de-bronze\/","schema":{"@context":"https:\/\/schema.org","@graph":[{"@type":"WebPage","@id":"https:\/\/conexmetals.com\/pt-br\/produto\/parafusos-olhais-de-bronze\/","url":"https:\/\/conexmetals.com\/pt-br\/produto\/parafusos-olhais-de-bronze\/","name":"Parafusos Olhais de Bronze","isPartOf":{"@id":"https:\/\/conexmetals.com\/pt-br\/#website"},"primaryImageOfPage":{"@id":"https:\/\/conexmetals.com\/pt-br\/produto\/parafusos-olhais-de-bronze\/#primaryimage"},"image":{"@id":"https:\/\/conexmetals.com\/pt-br\/produto\/parafusos-olhais-de-bronze\/#primaryimage"},"thumbnailUrl":"https:\/\/conexmetals.com\/wp-content\/uploads\/2024\/12\/Parafusos-Olhais-de-Bronze.webp","datePublished":"2023-08-18T02:18:46+00:00","dateModified":"2024-12-19T11:56:41+00:00","description":"A Conex Metals \u00e9 um fabricante e exportador indiano reconhecido de parafusos olhais de bronze, incluindo parafusos olhais de lat\u00e3o, parafusos DIN 444, DIN 580 e parafusos olhais de lat\u00e3o DIN 444 e DIN 580.","breadcrumb":{"@id":"https:\/\/conexmetals.com\/pt-br\/produto\/parafusos-olhais-de-bronze\/#breadcrumb"},"inLanguage":"pt-BR","potentialAction":[{"@type":"ReadAction","target":["https:\/\/conexmetals.com\/pt-br\/produto\/parafusos-olhais-de-bronze\/"]}]},{"@type":"ImageObject","inLanguage":"pt-BR","@id":"https:\/\/conexmetals.com\/pt-br\/produto\/parafusos-olhais-de-bronze\/#primaryimage","url":"https:\/\/conexmetals.com\/wp-content\/uploads\/2024\/12\/Parafusos-Olhais-de-Bronze.webp","contentUrl":"https:\/\/conexmetals.com\/wp-content\/uploads\/2024\/12\/Parafusos-Olhais-de-Bronze.webp","width":350,"height":350,"caption":"Parafusos Olhais de Bronze"},{"@type":"BreadcrumbList","@id":"https:\/\/conexmetals.com\/pt-br\/produto\/parafusos-olhais-de-bronze\/#breadcrumb","itemListElement":[{"@type":"ListItem","position":1,"name":"Home","item":"https:\/\/conexmetals.com\/pt-br\/lar\/"},{"@type":"ListItem","position":2,"name":"Products","item":"https:\/\/conexmetals.com\/products\/"},{"@type":"ListItem","position":3,"name":"Parafusos Olhais de Bronze"}]},{"@type":"WebSite","@id":"https:\/\/conexmetals.com\/pt-br\/#website","url":"https:\/\/conexmetals.com\/pt-br\/","name":"Conex Metals Brass Fittings Brass Parts Copper Parts Brass Components Brass Plumbing Fittings India","description":"Manufacturer of Bronze Fittings casting Copper Brass parts components","publisher":{"@id":"https:\/\/conexmetals.com\/pt-br\/#organization"},"potentialAction":[{"@type":"SearchAction","target":{"@type":"EntryPoint","urlTemplate":"https:\/\/conexmetals.com\/pt-br\/?s={search_term_string}"},"query-input":{"@type":"PropertyValueSpecification","valueRequired":true,"valueName":"search_term_string"}}],"inLanguage":"pt-BR"},{"@type":"Organization","@id":"https:\/\/conexmetals.com\/pt-br\/#organization","name":"Conex Metals Brass Fittings Brass Parts Copper Parts Brass Components Brass Plumbing Fittings India","url":"https:\/\/conexmetals.com\/pt-br\/","logo":{"@type":"ImageObject","inLanguage":"pt-BR","@id":"https:\/\/conexmetals.com\/pt-br\/#\/schema\/logo\/image\/","url":"https:\/\/conexmetals.com\/wp-content\/uploads\/2024\/03\/conex-metals-logo.webp","contentUrl":"https:\/\/conexmetals.com\/wp-content\/uploads\/2024\/03\/conex-metals-logo.webp","width":300,"height":121,"caption":"Conex Metals Brass Fittings Brass Parts Copper Parts Brass Components Brass Plumbing Fittings India"},"image":{"@id":"https:\/\/conexmetals.com\/pt-br\/#\/schema\/logo\/image\/"},"sameAs":["https:\/\/www.facebook.com\/conexbrass","https:\/\/x.com\/conexindia","https:\/\/www.linkedin.com\/company\/conex-metals-india\/","https:\/\/www.instagram.com\/conexindia\/"]}]}},"_links":{"self":[{"href":"https:\/\/conexmetals.com\/pt-br\/wp-json\/wp\/v2\/product\/12266","targetHints":{"allow":["GET"]}}],"collection":[{"href":"https:\/\/conexmetals.com\/pt-br\/wp-json\/wp\/v2\/product"}],"about":[{"href":"https:\/\/conexmetals.com\/pt-br\/wp-json\/wp\/v2\/types\/product"}],"wp:featuredmedia":[{"embeddable":true,"href":"https:\/\/conexmetals.com\/pt-br\/wp-json\/wp\/v2\/media\/10266"}],"wp:attachment":[{"href":"https:\/\/conexmetals.com\/pt-br\/wp-json\/wp\/v2\/media?parent=12266"}],"wp:term":[{"taxonomy":"product_brand","embeddable":true,"href":"https:\/\/conexmetals.com\/pt-br\/wp-json\/wp\/v2\/product_brand?post=12266"},{"taxonomy":"product_cat","embeddable":true,"href":"https:\/\/conexmetals.com\/pt-br\/wp-json\/wp\/v2\/product_cat?post=12266"},{"taxonomy":"product_tag","embeddable":true,"href":"https:\/\/conexmetals.com\/pt-br\/wp-json\/wp\/v2\/product_tag?post=12266"}],"curies":[{"name":"wp","href":"https:\/\/api.w.org\/{rel}","templated":true}]}}