{"id":12270,"date":"2023-08-18T07:46:43","date_gmt":"2023-08-18T02:16:43","guid":{"rendered":"https:\/\/conexmetals.com\/?post_type=product&#038;p=12270"},"modified":"2024-12-19T17:49:52","modified_gmt":"2024-12-19T12:19:52","slug":"grampos-de-haste-de-aterramento-de-bronze","status":"publish","type":"product","link":"https:\/\/conexmetals.com\/pt-br\/produto\/grampos-de-haste-de-aterramento-de-bronze\/","title":{"rendered":"Grampos de Haste de Aterramento de Bronze"},"content":{"rendered":"","protected":false},"excerpt":{"rendered":"<p><span>A Conex \u00e9 uma fabricante e exportadora indiana l\u00edder de grampos de haste de aterramento de bronze, tamb\u00e9m conhecidos como grampos de bronze Acorn \/ grampos de aterramento de bronze \/ grampos de haste de aterramento de bronze, s\u00e3o conectores el\u00e9tricos projetados para conectar condutores de aterramento a hastes de aterramento de cobre \/ a\u00e7o com seguran\u00e7a.<\/span><\/p>\n<p><span>Hastes de aterramento s\u00e3o hastes longas de metal feitas de materiais como cobre ou a\u00e7o que s\u00e3o cravadas na Terra para fornecer um eletrodo de aterramento eficaz. Essas bra\u00e7adeiras de haste de aterramento de bronze ajudam a prender o condutor com hastes de aterramento com seguran\u00e7a.<\/span><\/p>\n<p><span>Tamanhos de grampos de haste de aterramento de bronze: \u00bd\u201d, 5\/8\u201d, \u00be\u201d, 1\u201d<\/span><br \/>\n<span>Roscas e parafusos: Roscas UNF\/UNC com parafusos de a\u00e7o inoxid\u00e1vel ou bronze<\/span><\/p>\n<p><span>Grampos de haste de aterramento de bronze s\u00e3o conectores el\u00e9tricos projetados para prender condutores de aterramento a hastes de aterramento com seguran\u00e7a. Hastes de aterramento s\u00e3o hastes longas de metal feitas de materiais como cobre ou a\u00e7o que s\u00e3o cravadas na Terra para fornecer um eletrodo de aterramento eficaz. Esses eletrodos s\u00e3o uma parte essencial dos sistemas de aterramento, pois oferecem um caminho de baixa resist\u00eancia para a corrente el\u00e9trica se dissipar com seguran\u00e7a no solo em caso de falha ou surto el\u00e9trico.<\/span><\/p>\n<p><span>As bra\u00e7adeiras de haste de aterramento de bronze t\u00eam v\u00e1rias caracter\u00edsticas principais:<\/span><\/p>\n<ol>\n<li><b><\/b><strong><b><span>Constru\u00e7\u00e3o em bronze:<\/span><\/b><\/strong><span>\u00a0como o nome sugere, esses grampos s\u00e3o normalmente feitos de bronze, um material conhecido por sua excelente condutividade el\u00e9trica e resist\u00eancia \u00e0 corros\u00e3o.<\/span><\/li>\n<li><b><\/b><strong><b><span>Design de parafuso ou compress\u00e3o:<\/span><\/b><\/strong><span>\u00a0as bra\u00e7adeiras de haste de aterramento geralmente usam parafusos ou mecanismos de compress\u00e3o para prender firmemente e com seguran\u00e7a o condutor de aterramento \u00e0 haste de aterramento.<\/span><\/li>\n<li><b><\/b><strong><b><span>Rosqueado ou n\u00e3o rosqueado:<\/span><\/b><\/strong><span>\u00a0alguns grampos podem ter furos rosqueados que aceitam parafusos para fixar o condutor de aterramento, enquanto outros podem ter furos n\u00e3o rosqueados que exigem um parafuso separado ou uma haste rosqueada para fazer a conex\u00e3o.<\/span><\/li>\n<\/ol>\n<p><span>Grampos de haste de aterramento de bronze instalados corretamente fornecem uma conex\u00e3o confi\u00e1vel e duradoura entre o condutor de aterramento e a haste de aterramento. Essa conex\u00e3o \u00e9 crucial para estabelecer um sistema de aterramento eficaz, o que, como mencionado anteriormente, \u00e9 essencial para a seguran\u00e7a el\u00e9trica e prote\u00e7\u00e3o contra falhas el\u00e9tricas.<\/span><\/p>\n<p><span>A Conex fabrica uma vasta gama de grampos de haste de aterramento de aterramento em lat\u00e3o naval, bronze e alum\u00ednio. Grampos especiais conforme as especifica\u00e7\u00f5es do cliente tamb\u00e9m podem ser fornecidos para hastes de aterramento.<\/span><\/p>\n<p><strong><span>Grampo de haste para fita<\/span><\/strong><br \/>\n<span>(grampo A) Acomoda uma ampla variedade de fitas de cobre\/AI.<\/span><\/p>\n<p><strong><span>Grampo de haste para condutor<\/span><\/strong><br \/>\n<span>(grampo G) Dispon\u00edvel em servi\u00e7o leve e pesado.<\/span><br \/>\n<span>Acomoda tamanho de condutor de 10 mm 2 a 120 mm 2 .<\/span><\/p>\n<p><strong><span>Grampo de haste para cabo<\/span><\/strong><br \/>\n<span>(Tipo B) Dispon\u00edvel com parafuso M12 completo com arruela e porcas de lat\u00e3o.<\/span><\/p>\n","protected":false},"featured_media":10177,"template":"","meta":[],"product_brand":[],"product_cat":[333],"product_tag":[],"class_list":{"0":"post-12270","1":"product","2":"type-product","3":"status-publish","4":"has-post-thumbnail","6":"product_cat-acessorios-de-aterramento-de-bronze","8":"first","9":"instock","10":"shipping-taxable","11":"product-type-simple"},"yoast_head":"<!-- This site is optimized with the Yoast SEO plugin v27.3 - https:\/\/yoast.com\/product\/yoast-seo-wordpress\/ -->\n<title>Grampos de Haste de Aterramento de Bronze<\/title>\n<meta name=\"description\" content=\"A Conex \u00e9 um dos principais fabricantes e exportadores indianos de grampos de haste de aterramento de bronze, tamb\u00e9m conhecidos como grampos tipo Acorn ou grampos de aterramento de bronze. Esses conectores el\u00e9tricos s\u00e3o projetados para fixar condutores de aterramento de forma segura em hastes de aterramento de cobre ou a\u00e7o.\" \/>\n<meta name=\"robots\" content=\"index, follow, max-snippet:-1, max-image-preview:large, max-video-preview:-1\" \/>\n<link rel=\"canonical\" href=\"https:\/\/conexmetals.com\/pt-br\/produto\/grampos-de-haste-de-aterramento-de-bronze\/\" \/>\n<script type=\"application\/ld+json\" class=\"yoast-schema-graph\">{\"@context\":\"https:\\\/\\\/schema.org\",\"@graph\":[{\"@type\":\"WebPage\",\"@id\":\"https:\\\/\\\/conexmetals.com\\\/pt-br\\\/produto\\\/grampos-de-haste-de-aterramento-de-bronze\\\/\",\"url\":\"https:\\\/\\\/conexmetals.com\\\/pt-br\\\/produto\\\/grampos-de-haste-de-aterramento-de-bronze\\\/\",\"name\":\"Grampos de Haste de Aterramento de Bronze\",\"isPartOf\":{\"@id\":\"https:\\\/\\\/conexmetals.com\\\/pt-br\\\/#website\"},\"primaryImageOfPage\":{\"@id\":\"https:\\\/\\\/conexmetals.com\\\/pt-br\\\/produto\\\/grampos-de-haste-de-aterramento-de-bronze\\\/#primaryimage\"},\"image\":{\"@id\":\"https:\\\/\\\/conexmetals.com\\\/pt-br\\\/produto\\\/grampos-de-haste-de-aterramento-de-bronze\\\/#primaryimage\"},\"thumbnailUrl\":\"https:\\\/\\\/conexmetals.com\\\/wp-content\\\/uploads\\\/2024\\\/12\\\/Grampos-de-Haste-de-Aterramento-de-Bronze-1.webp\",\"datePublished\":\"2023-08-18T02:16:43+00:00\",\"dateModified\":\"2024-12-19T12:19:52+00:00\",\"description\":\"A Conex \u00e9 um dos principais fabricantes e exportadores indianos de grampos de haste de aterramento de bronze, tamb\u00e9m conhecidos como grampos tipo Acorn ou grampos de aterramento de bronze. Esses conectores el\u00e9tricos s\u00e3o projetados para fixar condutores de aterramento de forma segura em hastes de aterramento de cobre ou a\u00e7o.\",\"breadcrumb\":{\"@id\":\"https:\\\/\\\/conexmetals.com\\\/pt-br\\\/produto\\\/grampos-de-haste-de-aterramento-de-bronze\\\/#breadcrumb\"},\"inLanguage\":\"pt-BR\",\"potentialAction\":[{\"@type\":\"ReadAction\",\"target\":[\"https:\\\/\\\/conexmetals.com\\\/pt-br\\\/produto\\\/grampos-de-haste-de-aterramento-de-bronze\\\/\"]}]},{\"@type\":\"ImageObject\",\"inLanguage\":\"pt-BR\",\"@id\":\"https:\\\/\\\/conexmetals.com\\\/pt-br\\\/produto\\\/grampos-de-haste-de-aterramento-de-bronze\\\/#primaryimage\",\"url\":\"https:\\\/\\\/conexmetals.com\\\/wp-content\\\/uploads\\\/2024\\\/12\\\/Grampos-de-Haste-de-Aterramento-de-Bronze-1.webp\",\"contentUrl\":\"https:\\\/\\\/conexmetals.com\\\/wp-content\\\/uploads\\\/2024\\\/12\\\/Grampos-de-Haste-de-Aterramento-de-Bronze-1.webp\",\"width\":350,\"height\":350,\"caption\":\"Grampos de Haste de Aterramento de Bronze\"},{\"@type\":\"BreadcrumbList\",\"@id\":\"https:\\\/\\\/conexmetals.com\\\/pt-br\\\/produto\\\/grampos-de-haste-de-aterramento-de-bronze\\\/#breadcrumb\",\"itemListElement\":[{\"@type\":\"ListItem\",\"position\":1,\"name\":\"Home\",\"item\":\"https:\\\/\\\/conexmetals.com\\\/pt-br\\\/lar\\\/\"},{\"@type\":\"ListItem\",\"position\":2,\"name\":\"Products\",\"item\":\"https:\\\/\\\/conexmetals.com\\\/products\\\/\"},{\"@type\":\"ListItem\",\"position\":3,\"name\":\"Grampos de Haste de Aterramento de Bronze\"}]},{\"@type\":\"WebSite\",\"@id\":\"https:\\\/\\\/conexmetals.com\\\/pt-br\\\/#website\",\"url\":\"https:\\\/\\\/conexmetals.com\\\/pt-br\\\/\",\"name\":\"Conex Metals Brass Fittings Brass Parts Copper Parts Brass Components Brass Plumbing Fittings India\",\"description\":\"Manufacturer of Bronze Fittings casting Copper Brass parts components\",\"publisher\":{\"@id\":\"https:\\\/\\\/conexmetals.com\\\/pt-br\\\/#organization\"},\"potentialAction\":[{\"@type\":\"SearchAction\",\"target\":{\"@type\":\"EntryPoint\",\"urlTemplate\":\"https:\\\/\\\/conexmetals.com\\\/pt-br\\\/?s={search_term_string}\"},\"query-input\":{\"@type\":\"PropertyValueSpecification\",\"valueRequired\":true,\"valueName\":\"search_term_string\"}}],\"inLanguage\":\"pt-BR\"},{\"@type\":\"Organization\",\"@id\":\"https:\\\/\\\/conexmetals.com\\\/pt-br\\\/#organization\",\"name\":\"Conex Metals Brass Fittings Brass Parts Copper Parts Brass Components Brass Plumbing Fittings India\",\"url\":\"https:\\\/\\\/conexmetals.com\\\/pt-br\\\/\",\"logo\":{\"@type\":\"ImageObject\",\"inLanguage\":\"pt-BR\",\"@id\":\"https:\\\/\\\/conexmetals.com\\\/pt-br\\\/#\\\/schema\\\/logo\\\/image\\\/\",\"url\":\"https:\\\/\\\/conexmetals.com\\\/wp-content\\\/uploads\\\/2024\\\/03\\\/conex-metals-logo.webp\",\"contentUrl\":\"https:\\\/\\\/conexmetals.com\\\/wp-content\\\/uploads\\\/2024\\\/03\\\/conex-metals-logo.webp\",\"width\":300,\"height\":121,\"caption\":\"Conex Metals Brass Fittings Brass Parts Copper Parts Brass Components Brass Plumbing Fittings India\"},\"image\":{\"@id\":\"https:\\\/\\\/conexmetals.com\\\/pt-br\\\/#\\\/schema\\\/logo\\\/image\\\/\"},\"sameAs\":[\"https:\\\/\\\/www.facebook.com\\\/conexbrass\",\"https:\\\/\\\/x.com\\\/conexindia\",\"https:\\\/\\\/www.linkedin.com\\\/company\\\/conex-metals-india\\\/\",\"https:\\\/\\\/www.instagram.com\\\/conexindia\\\/\"]}]}<\/script>\n<!-- \/ Yoast SEO plugin. -->","yoast_head_json":{"title":"Grampos de Haste de Aterramento de Bronze","description":"A Conex \u00e9 um dos principais fabricantes e exportadores indianos de grampos de haste de aterramento de bronze, tamb\u00e9m conhecidos como grampos tipo Acorn ou grampos de aterramento de bronze. Esses conectores el\u00e9tricos s\u00e3o projetados para fixar condutores de aterramento de forma segura em hastes de aterramento de cobre ou a\u00e7o.","robots":{"index":"index","follow":"follow","max-snippet":"max-snippet:-1","max-image-preview":"max-image-preview:large","max-video-preview":"max-video-preview:-1"},"canonical":"https:\/\/conexmetals.com\/pt-br\/produto\/grampos-de-haste-de-aterramento-de-bronze\/","schema":{"@context":"https:\/\/schema.org","@graph":[{"@type":"WebPage","@id":"https:\/\/conexmetals.com\/pt-br\/produto\/grampos-de-haste-de-aterramento-de-bronze\/","url":"https:\/\/conexmetals.com\/pt-br\/produto\/grampos-de-haste-de-aterramento-de-bronze\/","name":"Grampos de Haste de Aterramento de Bronze","isPartOf":{"@id":"https:\/\/conexmetals.com\/pt-br\/#website"},"primaryImageOfPage":{"@id":"https:\/\/conexmetals.com\/pt-br\/produto\/grampos-de-haste-de-aterramento-de-bronze\/#primaryimage"},"image":{"@id":"https:\/\/conexmetals.com\/pt-br\/produto\/grampos-de-haste-de-aterramento-de-bronze\/#primaryimage"},"thumbnailUrl":"https:\/\/conexmetals.com\/wp-content\/uploads\/2024\/12\/Grampos-de-Haste-de-Aterramento-de-Bronze-1.webp","datePublished":"2023-08-18T02:16:43+00:00","dateModified":"2024-12-19T12:19:52+00:00","description":"A Conex \u00e9 um dos principais fabricantes e exportadores indianos de grampos de haste de aterramento de bronze, tamb\u00e9m conhecidos como grampos tipo Acorn ou grampos de aterramento de bronze. Esses conectores el\u00e9tricos s\u00e3o projetados para fixar condutores de aterramento de forma segura em hastes de aterramento de cobre ou a\u00e7o.","breadcrumb":{"@id":"https:\/\/conexmetals.com\/pt-br\/produto\/grampos-de-haste-de-aterramento-de-bronze\/#breadcrumb"},"inLanguage":"pt-BR","potentialAction":[{"@type":"ReadAction","target":["https:\/\/conexmetals.com\/pt-br\/produto\/grampos-de-haste-de-aterramento-de-bronze\/"]}]},{"@type":"ImageObject","inLanguage":"pt-BR","@id":"https:\/\/conexmetals.com\/pt-br\/produto\/grampos-de-haste-de-aterramento-de-bronze\/#primaryimage","url":"https:\/\/conexmetals.com\/wp-content\/uploads\/2024\/12\/Grampos-de-Haste-de-Aterramento-de-Bronze-1.webp","contentUrl":"https:\/\/conexmetals.com\/wp-content\/uploads\/2024\/12\/Grampos-de-Haste-de-Aterramento-de-Bronze-1.webp","width":350,"height":350,"caption":"Grampos de Haste de Aterramento de Bronze"},{"@type":"BreadcrumbList","@id":"https:\/\/conexmetals.com\/pt-br\/produto\/grampos-de-haste-de-aterramento-de-bronze\/#breadcrumb","itemListElement":[{"@type":"ListItem","position":1,"name":"Home","item":"https:\/\/conexmetals.com\/pt-br\/lar\/"},{"@type":"ListItem","position":2,"name":"Products","item":"https:\/\/conexmetals.com\/products\/"},{"@type":"ListItem","position":3,"name":"Grampos de Haste de Aterramento de Bronze"}]},{"@type":"WebSite","@id":"https:\/\/conexmetals.com\/pt-br\/#website","url":"https:\/\/conexmetals.com\/pt-br\/","name":"Conex Metals Brass Fittings Brass Parts Copper Parts Brass Components Brass Plumbing Fittings India","description":"Manufacturer of Bronze Fittings casting Copper Brass parts components","publisher":{"@id":"https:\/\/conexmetals.com\/pt-br\/#organization"},"potentialAction":[{"@type":"SearchAction","target":{"@type":"EntryPoint","urlTemplate":"https:\/\/conexmetals.com\/pt-br\/?s={search_term_string}"},"query-input":{"@type":"PropertyValueSpecification","valueRequired":true,"valueName":"search_term_string"}}],"inLanguage":"pt-BR"},{"@type":"Organization","@id":"https:\/\/conexmetals.com\/pt-br\/#organization","name":"Conex Metals Brass Fittings Brass Parts Copper Parts Brass Components Brass Plumbing Fittings India","url":"https:\/\/conexmetals.com\/pt-br\/","logo":{"@type":"ImageObject","inLanguage":"pt-BR","@id":"https:\/\/conexmetals.com\/pt-br\/#\/schema\/logo\/image\/","url":"https:\/\/conexmetals.com\/wp-content\/uploads\/2024\/03\/conex-metals-logo.webp","contentUrl":"https:\/\/conexmetals.com\/wp-content\/uploads\/2024\/03\/conex-metals-logo.webp","width":300,"height":121,"caption":"Conex Metals Brass Fittings Brass Parts Copper Parts Brass Components Brass Plumbing Fittings India"},"image":{"@id":"https:\/\/conexmetals.com\/pt-br\/#\/schema\/logo\/image\/"},"sameAs":["https:\/\/www.facebook.com\/conexbrass","https:\/\/x.com\/conexindia","https:\/\/www.linkedin.com\/company\/conex-metals-india\/","https:\/\/www.instagram.com\/conexindia\/"]}]}},"_links":{"self":[{"href":"https:\/\/conexmetals.com\/pt-br\/wp-json\/wp\/v2\/product\/12270","targetHints":{"allow":["GET"]}}],"collection":[{"href":"https:\/\/conexmetals.com\/pt-br\/wp-json\/wp\/v2\/product"}],"about":[{"href":"https:\/\/conexmetals.com\/pt-br\/wp-json\/wp\/v2\/types\/product"}],"wp:featuredmedia":[{"embeddable":true,"href":"https:\/\/conexmetals.com\/pt-br\/wp-json\/wp\/v2\/media\/10177"}],"wp:attachment":[{"href":"https:\/\/conexmetals.com\/pt-br\/wp-json\/wp\/v2\/media?parent=12270"}],"wp:term":[{"taxonomy":"product_brand","embeddable":true,"href":"https:\/\/conexmetals.com\/pt-br\/wp-json\/wp\/v2\/product_brand?post=12270"},{"taxonomy":"product_cat","embeddable":true,"href":"https:\/\/conexmetals.com\/pt-br\/wp-json\/wp\/v2\/product_cat?post=12270"},{"taxonomy":"product_tag","embeddable":true,"href":"https:\/\/conexmetals.com\/pt-br\/wp-json\/wp\/v2\/product_tag?post=12270"}],"curies":[{"name":"wp","href":"https:\/\/api.w.org\/{rel}","templated":true}]}}