{"id":12274,"date":"2023-08-18T07:50:58","date_gmt":"2023-08-18T02:20:58","guid":{"rendered":"https:\/\/conexmetals.com\/?post_type=product&#038;p=12274"},"modified":"2024-12-19T18:02:40","modified_gmt":"2024-12-19T12:32:40","slug":"acopladores","status":"publish","type":"product","link":"https:\/\/conexmetals.com\/pt-br\/produto\/acopladores\/","title":{"rendered":"Acopladores"},"content":{"rendered":"","protected":false},"excerpt":{"rendered":"<div class=\"elementor-element elementor-element-672075d elementor-widget__width-initial e-transform elementor-widget-mobile__width-initial elementor-widget elementor-widget-woocommerce-product-images\" data-id=\"672075d\" data-element_type=\"widget\" data-settings=\"{&quot;_transform_scale_effect&quot;:{&quot;unit&quot;:&quot;px&quot;,&quot;size&quot;:1,&quot;sizes&quot;:[]},&quot;_transform_scale_effect_tablet&quot;:{&quot;unit&quot;:&quot;px&quot;,&quot;size&quot;:&quot;&quot;,&quot;sizes&quot;:[]},&quot;_transform_scale_effect_mobile&quot;:{&quot;unit&quot;:&quot;px&quot;,&quot;size&quot;:&quot;&quot;,&quot;sizes&quot;:[]}}\" data-widget_type=\"woocommerce-product-images.default\">\n<div class=\"elementor-widget-container\">\n<div class=\"woocommerce-product-gallery woocommerce-product-gallery--with-images woocommerce-product-gallery--columns-4 images\" data-columns=\"4\">\n<div class=\"woocommerce-product-gallery__wrapper\">\n<div class=\"woocommerce-product-gallery__image\" data-thumb=\"https:\/\/conexmetals.com\/wp-content\/uploads\/2023\/11\/Couplers-100x100.jpg\" data-thumb-alt=\"Couplers\" data-thumb-srcset=\"https:\/\/conexmetals.com\/wp-content\/uploads\/2023\/11\/Couplers-100x100.jpg 100w, https:\/\/conexmetals.com\/wp-content\/uploads\/2023\/11\/Couplers-300x300.jpg 300w, https:\/\/conexmetals.com\/wp-content\/uploads\/2023\/11\/Couplers-150x150.jpg 150w, https:\/\/conexmetals.com\/wp-content\/uploads\/2023\/11\/Couplers.jpg 350w\"><\/div>\n<\/div>\n<\/div>\n<\/div>\n<\/div>\n<div class=\"elementor-element elementor-element-36d2ab8 elementor-widget elementor-widget-woocommerce-product-short-description\" data-id=\"36d2ab8\" data-element_type=\"widget\" data-widget_type=\"woocommerce-product-short-description.default\">\n<div class=\"elementor-widget-container\">\n<div class=\"woocommerce-product-details__short-description\">\n<table id=\"tablepress-319\" class=\"tablepress tablepress-id-319\">\n<caption>\u00a0<\/caption>\n<thead>\n<tr class=\"row-1 odd\">\n<th class=\"column-1\" colspan=\"8\"><strong><span>para Cobre<\/span><\/strong><\/th>\n<\/tr>\n<\/thead>\n<tbody class=\"row-hover\">\n<tr class=\"row-2 even\">\n<td class=\"column-1\"><strong><span>N\u00famero de cat\u00e1logo<\/span><\/strong><\/td>\n<td class=\"column-2\"><strong><span>Material<\/span><\/strong><\/td>\n<td class=\"column-3\"><strong><span>Comprimento (L)<\/span><\/strong><\/td>\n<td class=\"column-4\"><strong><span>Tamanho da rosca (TS)<\/span><\/strong><\/td>\n<td class=\"column-5\"><strong><span>Peso unit\u00e1rio<\/span><\/strong><\/td>\n<td class=\"column-6\"><strong><span>Di\u00e2metro nominal da haste de aterramento<\/span><\/strong><\/td>\n<td class=\"column-7\"><strong><span>Est\u00e1 em conformidade com<\/span><\/strong><\/td>\n<td class=\"column-8\"><strong><span>Certifica\u00e7\u00f5es<\/span><\/strong><\/td>\n<\/tr>\n<tr class=\"row-3 odd\">\n<td class=\"column-1\"><span>1<\/span><\/td>\n<td class=\"column-2\"><span>Bronze<\/span><\/td>\n<td class=\"column-3\"><span>2,4&#8243;<\/span><\/td>\n<td class=\"column-4\"><span>5\/8&#8243; UNC<\/span><\/td>\n<td class=\"column-5\"><span>0,23 libras<\/span><\/td>\n<td class=\"column-6\"><span>5\/8&#8243;<\/span><\/td>\n<td class=\"column-7\"><span>EN IEC 62561-2<\/span><\/td>\n<td class=\"column-8\"><span>cUL, RUS, UL, CSA, CSA-EUA<\/span><\/td>\n<\/tr>\n<tr class=\"row-4 even\">\n<td class=\"column-1\"><span>2<\/span><\/td>\n<td class=\"column-2\"><span>Bronze<\/span><\/td>\n<td class=\"column-3\"><span>2 1\/2&#8243;<\/span><\/td>\n<td class=\"column-4\"><span>9\/16&#8243; UNC<\/span><\/td>\n<td class=\"column-5\"><span>0,16 libras<\/span><\/td>\n<td class=\"column-6\"><span>9\/16&#8243;<\/span><\/td>\n<td class=\"column-7\"><span>EN IEC 62561-2<\/span><\/td>\n<td class=\"column-8\"><span>cUL, UL, CSA, CSA-EUA<\/span><\/td>\n<\/tr>\n<tr class=\"row-5 odd\">\n<td class=\"column-1\"><span>3<\/span><\/td>\n<td class=\"column-2\"><span>Bronze Sil\u00edcio<\/span><\/td>\n<td class=\"column-3\"><span>3,9&#8243; (3,9&#8243;)<\/span><\/td>\n<td class=\"column-4\"><span>1&#8243; UNC<\/span><\/td>\n<td class=\"column-5\"><span>0,78 libras<\/span><\/td>\n<td class=\"column-6\"><span>1&#8243;<\/span><\/td>\n<td class=\"column-7\"><span>EN IEC 62561-2<\/span><\/td>\n<td class=\"column-8\"><span>cUL, UL<\/span><\/td>\n<\/tr>\n<\/tbody>\n<\/table>\n<p><img fetchpriority=\"high\" decoding=\"async\" class=\"size-full wp-image-6299 alignleft lazy loaded\" src=\"https:\/\/conexmetals.com\/wp-content\/uploads\/2023\/08\/Couplers-line-drawing.webp\" alt=\"Desenho de linha de acopladores\" width=\"250\" height=\"250\" data-src=\"https:\/\/conexmetals.com\/wp-content\/uploads\/2023\/08\/Couplers-line-drawing.webp\" data-was-processed=\"true\" srcset=\"https:\/\/conexmetals.com\/wp-content\/uploads\/2023\/08\/Couplers-line-drawing.webp 250w, https:\/\/conexmetals.com\/wp-content\/uploads\/2023\/08\/Couplers-line-drawing-150x150.webp 150w, https:\/\/conexmetals.com\/wp-content\/uploads\/2023\/08\/Couplers-line-drawing-100x100.webp 100w\" sizes=\"(max-width: 250px) 100vw, 250px\" \/><span>Na Conex Metals, oferecemos uma ampla gama de acopladores em v\u00e1rios formatos, tamanhos e materiais, projetados para atender a prop\u00f3sitos espec\u00edficos e requisitos de carga. Nossos acopladores desempenham um papel crucial em garantir conex\u00f5es confi\u00e1veis \u200b\u200bem diferentes ind\u00fastrias, permitindo opera\u00e7\u00f5es eficientes e seguras.<\/span><\/p>\n<p><strong><span>Tipos comuns de acopladores:<\/span><\/strong><\/p>\n<ul>\n<li><strong><span>Acopladores de vergalh\u00f5es<\/span><\/strong><span>\u00a0: unem barras de refor\u00e7o em estruturas de concreto sem soldagem ou amarra\u00e7\u00e3o.<\/span><\/li>\n<li><strong><span>Acopladores de eixo<\/span><\/strong><span>\u00a0: conectam eixos ou hastes, permitindo transfer\u00eancia de torque e movimento em sistemas mec\u00e2nicos.<\/span><\/li>\n<li><strong><span>Acopladores de mangueira<\/span><\/strong><span>\u00a0: criam conex\u00f5es resistentes a vazamentos para transfer\u00eancia de fluidos ou gases em encanamentos, m\u00e1quinas e sistemas hidr\u00e1ulicos.<\/span><\/li>\n<li><strong><span>Acopladores el\u00e9tricos<\/span><\/strong><span>\u00a0: garantem conex\u00f5es el\u00e9tricas seguras entre condutores em sistemas el\u00e9tricos.<\/span><\/li>\n<li><strong><span>Acopladores de fibra \u00f3ptica<\/span><\/strong><span>\u00a0: combinam ou dividem sinais \u00f3pticos em redes de fibra \u00f3ptica para transmiss\u00e3o de dados eficiente.<\/span><\/li>\n<li><strong><span>Acopladores de desconex\u00e3o r\u00e1pida<\/span><\/strong><span>\u00a0: permitem f\u00e1cil conex\u00e3o e desconex\u00e3o em aplica\u00e7\u00f5es hidr\u00e1ulicas, pneum\u00e1ticas, industriais e agr\u00edcolas.<\/span><\/li>\n<li><strong><span>Acopladores de reboque<\/span><\/strong><span>\u00a0: Fixe reboques com seguran\u00e7a aos ve\u00edculos de reboque para um transporte seguro.<\/span><\/li>\n<\/ul>\n<p>&nbsp;<\/p>\n<figure id=\"attachment_6300\" class=\"wp-caption alignright\" aria-describedby=\"caption-attachment-6300\"><img decoding=\"async\" class=\"wp-image-6300 size-medium lazy loaded\" src=\"https:\/\/conexmetals.com\/wp-content\/uploads\/2023\/08\/Furse-Earth-Rod-Fittings-300x300.jpg\" alt=\"acess\u00f3rios para haste de aterramento\" width=\"300\" height=\"300\" data-src=\"https:\/\/conexmetals.com\/wp-content\/uploads\/2023\/08\/Furse-Earth-Rod-Fittings-300x300.jpg\" data-was-processed=\"true\" srcset=\"https:\/\/conexmetals.com\/wp-content\/uploads\/2023\/08\/Furse-Earth-Rod-Fittings-300x300.jpg 300w, https:\/\/conexmetals.com\/wp-content\/uploads\/2023\/08\/Furse-Earth-Rod-Fittings-150x150.jpg 150w, https:\/\/conexmetals.com\/wp-content\/uploads\/2023\/08\/Furse-Earth-Rod-Fittings-100x100.jpg 100w, https:\/\/conexmetals.com\/wp-content\/uploads\/2023\/08\/Furse-Earth-Rod-Fittings.jpg 540w\" sizes=\"(max-width: 300px) 100vw, 300px\" \/><figcaption id=\"caption-attachment-6300\" class=\"wp-caption-text\"><strong>\u00a0 \u00a0 \u00a0 \u00a0 \u00a0 \u00a0 \u00a0 \u00a0 \u00a0<span>\u00a0\u00a0Acess\u00f3rios para haste de aterramento Furse<\/span><\/strong><\/figcaption><\/figure>\n<p><span>Na Conex Metal Company, tamb\u00e9m oferecemos hastes de aterramento de alta qualidade que fornecem solu\u00e7\u00f5es de aterramento confi\u00e1veis. Nossas hastes de aterramento de cobre s\u00f3lido e a\u00e7o inoxid\u00e1vel, fabricadas pela Furse, se destacam em ambientes corrosivos, garantindo desempenho dur\u00e1vel. As hastes de aterramento de cobre s\u00e3o ideais para condi\u00e7\u00f5es de solo agressivas, como alto teor de sal, enquanto as hastes de a\u00e7o inoxid\u00e1vel combatem a corros\u00e3o galv\u00e2nica entre metais diferentes.<\/span><\/p>\n<p><strong><span>Detalhes do produto:<\/span><\/strong><\/p>\n<p><span>\u2013 Dispon\u00edvel em cobre ou a\u00e7o inoxid\u00e1vel<\/span><br \/>\n<span>\u2013 Acess\u00f3rios adequados tamb\u00e9m dispon\u00edveis<\/span><br \/>\n<span>\u2013 Normas:<\/span><br \/>\n<span>\u2013 BS EN 50164-2 (hastes de cobre s\u00f3lido)<\/span><br \/>\n<span>\u2013 BS 7430<\/span><br \/>\n<span>\u2013 UL467 (RC010-KIT, RC015-KIT, RS005-KIT)<\/span><\/p>\n<p><span>Nossas hastes de aterramento s\u00e3o projetadas para fornecer confiabilidade duradoura, mesmo em ambientes desafiadores. Confie na Conex Metal Company para solu\u00e7\u00f5es de aterramento de primeira linha.<\/span><\/p>\n<p>&nbsp;<\/p>\n<table id=\"tablepress-320\" class=\"tablepress tablepress-id-320\">\n<caption>\u00a0<\/caption>\n<thead>\n<tr class=\"row-1 odd\">\n<th class=\"column-1\" colspan=\"3\"><strong><span>Acess\u00f3rios para haste de aterramento Furse<\/span><\/strong><\/th>\n<\/tr>\n<\/thead>\n<tbody class=\"row-hover\">\n<tr class=\"row-2 even\">\n<td class=\"column-1\"><strong><span>N\u00famero de s\u00e9rie<\/span><\/strong><\/td>\n<td class=\"column-2\"><strong><span>Tipo<\/span><\/strong><\/td>\n<td class=\"column-3\"><strong><span>Peso (kg)<\/span><\/strong><\/td>\n<\/tr>\n<tr class=\"row-3 odd\">\n<td class=\"column-1\"><span>1<\/span><\/td>\n<td class=\"column-2\"><span>Acoplamento de 1\/2&#8243;<\/span><\/td>\n<td class=\"column-3\"><span>0,09<\/span><\/td>\n<\/tr>\n<tr class=\"row-4 even\">\n<td class=\"column-1\"><span>2<\/span><\/td>\n<td class=\"column-2\"><span>Acoplamento de 5\/8&#8243;<\/span><\/td>\n<td class=\"column-3\"><span>0,08<\/span><\/td>\n<\/tr>\n<tr class=\"row-5 odd\">\n<td class=\"column-1\"><span>3<\/span><\/td>\n<td class=\"column-2\"><span>Acoplamento de 3\/4&#8243;<\/span><\/td>\n<td class=\"column-3\"><span>0,13<\/span><\/td>\n<\/tr>\n<tr class=\"row-6 even\">\n<td class=\"column-1\"><span>4<\/span><\/td>\n<td class=\"column-2\"><span>Pino de acionamento de 1\/2&#8243;<\/span><\/td>\n<td class=\"column-3\"><span>0,05<\/span><\/td>\n<\/tr>\n<tr class=\"row-7 odd\">\n<td class=\"column-1\"><span>5<\/span><\/td>\n<td class=\"column-2\"><span>Pino de acionamento de 5\/8&#8243;<\/span><\/td>\n<td class=\"column-3\"><span>0,08<\/span><\/td>\n<\/tr>\n<tr class=\"row-8 even\">\n<td class=\"column-1\"><span>6<\/span><\/td>\n<td class=\"column-2\"><span>Pino de acionamento de 3\/4&#8243;<\/span><\/td>\n<td class=\"column-3\"><span>0,12<\/span><\/td>\n<\/tr>\n<\/tbody>\n<\/table>\n<p><b>\u00a0<\/b><\/p>\n<\/div>\n<\/div>\n<\/div>\n","protected":false},"featured_media":10186,"template":"","meta":[],"product_brand":[],"product_cat":[333],"product_tag":[],"class_list":{"0":"post-12274","1":"product","2":"type-product","3":"status-publish","4":"has-post-thumbnail","6":"product_cat-acessorios-de-aterramento-de-bronze","8":"first","9":"instock","10":"shipping-taxable","11":"product-type-simple"},"yoast_head":"<!-- This site is optimized with the Yoast SEO plugin v27.3 - https:\/\/yoast.com\/product\/yoast-seo-wordpress\/ -->\n<title>Acopladores<\/title>\n<meta name=\"description\" content=\"Acoplador, acoplador direcional, acoplamento de eixo, acoplador Lovejoy, conectores de mangueira, acoplamento de aranha, acoplamento de tubo, fabricantes indianos, fabricantes de acopladores, acopladores da \u00cdndia, fabricantes indianos de acopladores, fabricantes, exportadores, fornecedores, \u00cdndia, indiano.\" \/>\n<meta name=\"robots\" content=\"index, follow, max-snippet:-1, max-image-preview:large, max-video-preview:-1\" \/>\n<link rel=\"canonical\" href=\"https:\/\/conexmetals.com\/pt-br\/produto\/acopladores\/\" \/>\n<script type=\"application\/ld+json\" class=\"yoast-schema-graph\">{\"@context\":\"https:\\\/\\\/schema.org\",\"@graph\":[{\"@type\":\"WebPage\",\"@id\":\"https:\\\/\\\/conexmetals.com\\\/pt-br\\\/produto\\\/acopladores\\\/\",\"url\":\"https:\\\/\\\/conexmetals.com\\\/pt-br\\\/produto\\\/acopladores\\\/\",\"name\":\"Acopladores\",\"isPartOf\":{\"@id\":\"https:\\\/\\\/conexmetals.com\\\/pt-br\\\/#website\"},\"primaryImageOfPage\":{\"@id\":\"https:\\\/\\\/conexmetals.com\\\/pt-br\\\/produto\\\/acopladores\\\/#primaryimage\"},\"image\":{\"@id\":\"https:\\\/\\\/conexmetals.com\\\/pt-br\\\/produto\\\/acopladores\\\/#primaryimage\"},\"thumbnailUrl\":\"https:\\\/\\\/conexmetals.com\\\/wp-content\\\/uploads\\\/2024\\\/12\\\/Acopladores-2.webp\",\"datePublished\":\"2023-08-18T02:20:58+00:00\",\"dateModified\":\"2024-12-19T12:32:40+00:00\",\"description\":\"Acoplador, acoplador direcional, acoplamento de eixo, acoplador Lovejoy, conectores de mangueira, acoplamento de aranha, acoplamento de tubo, fabricantes indianos, fabricantes de acopladores, acopladores da \u00cdndia, fabricantes indianos de acopladores, fabricantes, exportadores, fornecedores, \u00cdndia, indiano.\",\"breadcrumb\":{\"@id\":\"https:\\\/\\\/conexmetals.com\\\/pt-br\\\/produto\\\/acopladores\\\/#breadcrumb\"},\"inLanguage\":\"pt-BR\",\"potentialAction\":[{\"@type\":\"ReadAction\",\"target\":[\"https:\\\/\\\/conexmetals.com\\\/pt-br\\\/produto\\\/acopladores\\\/\"]}]},{\"@type\":\"ImageObject\",\"inLanguage\":\"pt-BR\",\"@id\":\"https:\\\/\\\/conexmetals.com\\\/pt-br\\\/produto\\\/acopladores\\\/#primaryimage\",\"url\":\"https:\\\/\\\/conexmetals.com\\\/wp-content\\\/uploads\\\/2024\\\/12\\\/Acopladores-2.webp\",\"contentUrl\":\"https:\\\/\\\/conexmetals.com\\\/wp-content\\\/uploads\\\/2024\\\/12\\\/Acopladores-2.webp\",\"width\":350,\"height\":350,\"caption\":\"Acopladores\"},{\"@type\":\"BreadcrumbList\",\"@id\":\"https:\\\/\\\/conexmetals.com\\\/pt-br\\\/produto\\\/acopladores\\\/#breadcrumb\",\"itemListElement\":[{\"@type\":\"ListItem\",\"position\":1,\"name\":\"Home\",\"item\":\"https:\\\/\\\/conexmetals.com\\\/pt-br\\\/lar\\\/\"},{\"@type\":\"ListItem\",\"position\":2,\"name\":\"Products\",\"item\":\"https:\\\/\\\/conexmetals.com\\\/products\\\/\"},{\"@type\":\"ListItem\",\"position\":3,\"name\":\"Acopladores\"}]},{\"@type\":\"WebSite\",\"@id\":\"https:\\\/\\\/conexmetals.com\\\/pt-br\\\/#website\",\"url\":\"https:\\\/\\\/conexmetals.com\\\/pt-br\\\/\",\"name\":\"Conex Metals Brass Fittings Brass Parts Copper Parts Brass Components Brass Plumbing Fittings India\",\"description\":\"Manufacturer of Bronze Fittings casting Copper Brass parts components\",\"publisher\":{\"@id\":\"https:\\\/\\\/conexmetals.com\\\/pt-br\\\/#organization\"},\"potentialAction\":[{\"@type\":\"SearchAction\",\"target\":{\"@type\":\"EntryPoint\",\"urlTemplate\":\"https:\\\/\\\/conexmetals.com\\\/pt-br\\\/?s={search_term_string}\"},\"query-input\":{\"@type\":\"PropertyValueSpecification\",\"valueRequired\":true,\"valueName\":\"search_term_string\"}}],\"inLanguage\":\"pt-BR\"},{\"@type\":\"Organization\",\"@id\":\"https:\\\/\\\/conexmetals.com\\\/pt-br\\\/#organization\",\"name\":\"Conex Metals Brass Fittings Brass Parts Copper Parts Brass Components Brass Plumbing Fittings India\",\"url\":\"https:\\\/\\\/conexmetals.com\\\/pt-br\\\/\",\"logo\":{\"@type\":\"ImageObject\",\"inLanguage\":\"pt-BR\",\"@id\":\"https:\\\/\\\/conexmetals.com\\\/pt-br\\\/#\\\/schema\\\/logo\\\/image\\\/\",\"url\":\"https:\\\/\\\/conexmetals.com\\\/wp-content\\\/uploads\\\/2024\\\/03\\\/conex-metals-logo.webp\",\"contentUrl\":\"https:\\\/\\\/conexmetals.com\\\/wp-content\\\/uploads\\\/2024\\\/03\\\/conex-metals-logo.webp\",\"width\":300,\"height\":121,\"caption\":\"Conex Metals Brass Fittings Brass Parts Copper Parts Brass Components Brass Plumbing Fittings India\"},\"image\":{\"@id\":\"https:\\\/\\\/conexmetals.com\\\/pt-br\\\/#\\\/schema\\\/logo\\\/image\\\/\"},\"sameAs\":[\"https:\\\/\\\/www.facebook.com\\\/conexbrass\",\"https:\\\/\\\/x.com\\\/conexindia\",\"https:\\\/\\\/www.linkedin.com\\\/company\\\/conex-metals-india\\\/\",\"https:\\\/\\\/www.instagram.com\\\/conexindia\\\/\"]}]}<\/script>\n<!-- \/ Yoast SEO plugin. -->","yoast_head_json":{"title":"Acopladores","description":"Acoplador, acoplador direcional, acoplamento de eixo, acoplador Lovejoy, conectores de mangueira, acoplamento de aranha, acoplamento de tubo, fabricantes indianos, fabricantes de acopladores, acopladores da \u00cdndia, fabricantes indianos de acopladores, fabricantes, exportadores, fornecedores, \u00cdndia, indiano.","robots":{"index":"index","follow":"follow","max-snippet":"max-snippet:-1","max-image-preview":"max-image-preview:large","max-video-preview":"max-video-preview:-1"},"canonical":"https:\/\/conexmetals.com\/pt-br\/produto\/acopladores\/","schema":{"@context":"https:\/\/schema.org","@graph":[{"@type":"WebPage","@id":"https:\/\/conexmetals.com\/pt-br\/produto\/acopladores\/","url":"https:\/\/conexmetals.com\/pt-br\/produto\/acopladores\/","name":"Acopladores","isPartOf":{"@id":"https:\/\/conexmetals.com\/pt-br\/#website"},"primaryImageOfPage":{"@id":"https:\/\/conexmetals.com\/pt-br\/produto\/acopladores\/#primaryimage"},"image":{"@id":"https:\/\/conexmetals.com\/pt-br\/produto\/acopladores\/#primaryimage"},"thumbnailUrl":"https:\/\/conexmetals.com\/wp-content\/uploads\/2024\/12\/Acopladores-2.webp","datePublished":"2023-08-18T02:20:58+00:00","dateModified":"2024-12-19T12:32:40+00:00","description":"Acoplador, acoplador direcional, acoplamento de eixo, acoplador Lovejoy, conectores de mangueira, acoplamento de aranha, acoplamento de tubo, fabricantes indianos, fabricantes de acopladores, acopladores da \u00cdndia, fabricantes indianos de acopladores, fabricantes, exportadores, fornecedores, \u00cdndia, indiano.","breadcrumb":{"@id":"https:\/\/conexmetals.com\/pt-br\/produto\/acopladores\/#breadcrumb"},"inLanguage":"pt-BR","potentialAction":[{"@type":"ReadAction","target":["https:\/\/conexmetals.com\/pt-br\/produto\/acopladores\/"]}]},{"@type":"ImageObject","inLanguage":"pt-BR","@id":"https:\/\/conexmetals.com\/pt-br\/produto\/acopladores\/#primaryimage","url":"https:\/\/conexmetals.com\/wp-content\/uploads\/2024\/12\/Acopladores-2.webp","contentUrl":"https:\/\/conexmetals.com\/wp-content\/uploads\/2024\/12\/Acopladores-2.webp","width":350,"height":350,"caption":"Acopladores"},{"@type":"BreadcrumbList","@id":"https:\/\/conexmetals.com\/pt-br\/produto\/acopladores\/#breadcrumb","itemListElement":[{"@type":"ListItem","position":1,"name":"Home","item":"https:\/\/conexmetals.com\/pt-br\/lar\/"},{"@type":"ListItem","position":2,"name":"Products","item":"https:\/\/conexmetals.com\/products\/"},{"@type":"ListItem","position":3,"name":"Acopladores"}]},{"@type":"WebSite","@id":"https:\/\/conexmetals.com\/pt-br\/#website","url":"https:\/\/conexmetals.com\/pt-br\/","name":"Conex Metals Brass Fittings Brass Parts Copper Parts Brass Components Brass Plumbing Fittings India","description":"Manufacturer of Bronze Fittings casting Copper Brass parts components","publisher":{"@id":"https:\/\/conexmetals.com\/pt-br\/#organization"},"potentialAction":[{"@type":"SearchAction","target":{"@type":"EntryPoint","urlTemplate":"https:\/\/conexmetals.com\/pt-br\/?s={search_term_string}"},"query-input":{"@type":"PropertyValueSpecification","valueRequired":true,"valueName":"search_term_string"}}],"inLanguage":"pt-BR"},{"@type":"Organization","@id":"https:\/\/conexmetals.com\/pt-br\/#organization","name":"Conex Metals Brass Fittings Brass Parts Copper Parts Brass Components Brass Plumbing Fittings India","url":"https:\/\/conexmetals.com\/pt-br\/","logo":{"@type":"ImageObject","inLanguage":"pt-BR","@id":"https:\/\/conexmetals.com\/pt-br\/#\/schema\/logo\/image\/","url":"https:\/\/conexmetals.com\/wp-content\/uploads\/2024\/03\/conex-metals-logo.webp","contentUrl":"https:\/\/conexmetals.com\/wp-content\/uploads\/2024\/03\/conex-metals-logo.webp","width":300,"height":121,"caption":"Conex Metals Brass Fittings Brass Parts Copper Parts Brass Components Brass Plumbing Fittings India"},"image":{"@id":"https:\/\/conexmetals.com\/pt-br\/#\/schema\/logo\/image\/"},"sameAs":["https:\/\/www.facebook.com\/conexbrass","https:\/\/x.com\/conexindia","https:\/\/www.linkedin.com\/company\/conex-metals-india\/","https:\/\/www.instagram.com\/conexindia\/"]}]}},"_links":{"self":[{"href":"https:\/\/conexmetals.com\/pt-br\/wp-json\/wp\/v2\/product\/12274","targetHints":{"allow":["GET"]}}],"collection":[{"href":"https:\/\/conexmetals.com\/pt-br\/wp-json\/wp\/v2\/product"}],"about":[{"href":"https:\/\/conexmetals.com\/pt-br\/wp-json\/wp\/v2\/types\/product"}],"wp:featuredmedia":[{"embeddable":true,"href":"https:\/\/conexmetals.com\/pt-br\/wp-json\/wp\/v2\/media\/10186"}],"wp:attachment":[{"href":"https:\/\/conexmetals.com\/pt-br\/wp-json\/wp\/v2\/media?parent=12274"}],"wp:term":[{"taxonomy":"product_brand","embeddable":true,"href":"https:\/\/conexmetals.com\/pt-br\/wp-json\/wp\/v2\/product_brand?post=12274"},{"taxonomy":"product_cat","embeddable":true,"href":"https:\/\/conexmetals.com\/pt-br\/wp-json\/wp\/v2\/product_cat?post=12274"},{"taxonomy":"product_tag","embeddable":true,"href":"https:\/\/conexmetals.com\/pt-br\/wp-json\/wp\/v2\/product_tag?post=12274"}],"curies":[{"name":"wp","href":"https:\/\/api.w.org\/{rel}","templated":true}]}}