{"id":12280,"date":"2023-08-18T07:48:07","date_gmt":"2023-08-18T02:18:07","guid":{"rendered":"https:\/\/conexmetals.com\/?post_type=product&#038;p=12280"},"modified":"2024-12-19T18:36:48","modified_gmt":"2024-12-19T13:06:48","slug":"grampos-de-ligacao-kul","status":"publish","type":"product","link":"https:\/\/conexmetals.com\/pt-br\/produto\/grampos-de-ligacao-kul\/","title":{"rendered":"Grampos de Liga\u00e7\u00e3o KUL"},"content":{"rendered":"","protected":false},"excerpt":{"rendered":"<p><b><img fetchpriority=\"high\" decoding=\"async\" class=\"alignnone wp-image-12247 size-full lazy loaded\" src=\"https:\/\/conexmetals.com\/wp-content\/uploads\/2023\/08\/KUL-Bonding-Clamps-scaled.webp\" alt=\"Grampos de colagem KUL\" width=\"2560\" height=\"735\" data-src=\"https:\/\/conexmetals.com\/wp-content\/uploads\/2023\/08\/KUL-Bonding-Clamps-scaled.webp\" data-was-processed=\"true\" srcset=\"https:\/\/conexmetals.com\/wp-content\/uploads\/2023\/08\/KUL-Bonding-Clamps-scaled.webp 2560w, https:\/\/conexmetals.com\/wp-content\/uploads\/2023\/08\/KUL-Bonding-Clamps-300x86.webp 300w, https:\/\/conexmetals.com\/wp-content\/uploads\/2023\/08\/KUL-Bonding-Clamps-1024x294.webp 1024w, https:\/\/conexmetals.com\/wp-content\/uploads\/2023\/08\/KUL-Bonding-Clamps-768x221.webp 768w, https:\/\/conexmetals.com\/wp-content\/uploads\/2023\/08\/KUL-Bonding-Clamps-1536x441.webp 1536w, https:\/\/conexmetals.com\/wp-content\/uploads\/2023\/08\/KUL-Bonding-Clamps-2048x588.webp 2048w, https:\/\/conexmetals.com\/wp-content\/uploads\/2023\/08\/KUL-Bonding-Clamps-700x201.webp 700w\" sizes=\"(max-width: 2560px) 100vw, 2560px\" \/><\/b><\/p>\n<table id=\"tablepress-388\" class=\"tablepress tablepress-id-388\">\n<caption>\u00a0<\/caption>\n<thead>\n<tr class=\"row-1 odd\">\n<th class=\"column-1\" colspan=\"5\"><strong><span>Dimens\u00e3o<\/span><\/strong><\/th>\n<\/tr>\n<\/thead>\n<tbody class=\"row-hover\">\n<tr class=\"row-2 even\">\n<td class=\"column-1\"><strong><span>Descri\u00e7\u00e3o<\/span><\/strong><\/td>\n<td class=\"column-2\"><strong><span>ESCURE\u00c7A A<\/span><\/strong><\/td>\n<td class=\"column-3\"><strong><span>B escuro<\/span><\/strong><\/td>\n<td class=\"column-4\"><strong><span>DIMENS\u00c3O C<\/span><\/strong><\/td>\n<td class=\"column-5\"><strong><span>PESO APROX. CADA<\/span><\/strong><\/td>\n<\/tr>\n<tr class=\"row-3 odd\">\n<td class=\"column-1\"><span>Para uso em fios est\u00e1ticos padr\u00e3o de 1\/4&#8243; a 7\/16&#8243; e fios de cobre #8-2\/0.<\/span><\/td>\n<td class=\"column-2\"><span>1,13 [28,70]<\/span><\/td>\n<td class=\"column-3\"><span>1,41 [35,81]<\/span><\/td>\n<td class=\"column-4\"><span>0,46 [11,68]<\/span><\/td>\n<td class=\"column-5\"><span>0,171 [0,078]<\/span><\/td>\n<\/tr>\n<\/tbody>\n<\/table>\n<table id=\"tablepress-389\" class=\"tablepress tablepress-id-389\">\n<caption>\u00a0<\/caption>\n<thead>\n<tr class=\"row-1 odd\">\n<th class=\"column-1\" colspan=\"3\"><strong><span>INFORMA\u00c7\u00d5ES DO ITEM<\/span><\/strong><\/th>\n<\/tr>\n<\/thead>\n<tbody class=\"row-hover\">\n<tr class=\"row-2 even\">\n<td class=\"column-1\"><strong><span>ITEM<\/span><\/strong><\/td>\n<td class=\"column-2\"><strong><span>DESCRI\u00c7\u00c3O<\/span><\/strong><\/td>\n<td class=\"column-3\"><strong><span>MATERIAL<\/span><\/strong><\/td>\n<\/tr>\n<tr class=\"row-3 odd\">\n<td class=\"column-1\"><span>1<\/span><\/td>\n<td class=\"column-2\"><span>Elenco de topo<\/span><\/td>\n<td class=\"column-3\"><span>Lat\u00e3o banhado a estanho<\/span><\/td>\n<\/tr>\n<tr class=\"row-4 even\">\n<td class=\"column-1\"><span>2<\/span><\/td>\n<td class=\"column-2\"><span>Parafuso de flange, 5\/16&#8243; -18X1&#8243;<\/span><\/td>\n<td class=\"column-3\"><span>Bronze sil\u00edcio<\/span><\/td>\n<\/tr>\n<tr class=\"row-5 odd\">\n<td class=\"column-1\"><span>3<\/span><\/td>\n<td class=\"column-2\"><span>Fundi\u00e7\u00e3o de fundo<\/span><\/td>\n<td class=\"column-3\"><span>Bronze banhado a estanho<\/span><\/td>\n<\/tr>\n<\/tbody>\n<\/table>\n<p><span>Eles s\u00e3o usados \u200b\u200bpara unir fio de cobre #6 a fios de 1\/4\u2033 ou 5\/16\u2033 e encontram grande aplica\u00e7\u00e3o na ind\u00fastria de telecomunica\u00e7\u00f5es. Eles s\u00e3o constru\u00eddos de liga de cobre de alta resist\u00eancia, como C955 ou C956. O parafuso pode ser de bronze sil\u00edcio ou a\u00e7o inoxid\u00e1vel.<\/span><\/p>\n<p><span>A maior vantagem \u00e9 que a instala\u00e7\u00e3o n\u00e3o requer remo\u00e7\u00e3o do parafuso e o grampo pode ser instalado com o uso de uma chave de terminal padr\u00e3o. O grampo \u00e9 estanhado quando usado com metais diferentes.<\/span><\/p>\n","protected":false},"featured_media":10167,"template":"","meta":[],"product_brand":[],"product_cat":[333],"product_tag":[],"class_list":{"0":"post-12280","1":"product","2":"type-product","3":"status-publish","4":"has-post-thumbnail","6":"product_cat-acessorios-de-aterramento-de-bronze","8":"first","9":"instock","10":"shipping-taxable","11":"product-type-simple"},"yoast_head":"<!-- This site is optimized with the Yoast SEO plugin v27.3 - https:\/\/yoast.com\/product\/yoast-seo-wordpress\/ -->\n<title>Grampos de Liga\u00e7\u00e3o KUL<\/title>\n<meta name=\"description\" content=\"A Conex Metals fornece grampos de liga\u00e7\u00e3o KUL, incluindo grampos de aterramento e liga\u00e7\u00e3o. Somos l\u00edderes como fabricantes, exportadores e fornecedores de grampos de liga\u00e7\u00e3o KUL na \u00cdndia.\" \/>\n<meta name=\"robots\" content=\"index, follow, max-snippet:-1, max-image-preview:large, max-video-preview:-1\" \/>\n<link rel=\"canonical\" href=\"https:\/\/conexmetals.com\/pt-br\/produto\/grampos-de-ligacao-kul\/\" \/>\n<script type=\"application\/ld+json\" class=\"yoast-schema-graph\">{\"@context\":\"https:\\\/\\\/schema.org\",\"@graph\":[{\"@type\":\"WebPage\",\"@id\":\"https:\\\/\\\/conexmetals.com\\\/pt-br\\\/produto\\\/grampos-de-ligacao-kul\\\/\",\"url\":\"https:\\\/\\\/conexmetals.com\\\/pt-br\\\/produto\\\/grampos-de-ligacao-kul\\\/\",\"name\":\"Grampos de Liga\u00e7\u00e3o KUL\",\"isPartOf\":{\"@id\":\"https:\\\/\\\/conexmetals.com\\\/pt-br\\\/#website\"},\"primaryImageOfPage\":{\"@id\":\"https:\\\/\\\/conexmetals.com\\\/pt-br\\\/produto\\\/grampos-de-ligacao-kul\\\/#primaryimage\"},\"image\":{\"@id\":\"https:\\\/\\\/conexmetals.com\\\/pt-br\\\/produto\\\/grampos-de-ligacao-kul\\\/#primaryimage\"},\"thumbnailUrl\":\"https:\\\/\\\/conexmetals.com\\\/wp-content\\\/uploads\\\/2024\\\/12\\\/Grampos-de-Ligacao-KUL.webp\",\"datePublished\":\"2023-08-18T02:18:07+00:00\",\"dateModified\":\"2024-12-19T13:06:48+00:00\",\"description\":\"A Conex Metals fornece grampos de liga\u00e7\u00e3o KUL, incluindo grampos de aterramento e liga\u00e7\u00e3o. Somos l\u00edderes como fabricantes, exportadores e fornecedores de grampos de liga\u00e7\u00e3o KUL na \u00cdndia.\",\"breadcrumb\":{\"@id\":\"https:\\\/\\\/conexmetals.com\\\/pt-br\\\/produto\\\/grampos-de-ligacao-kul\\\/#breadcrumb\"},\"inLanguage\":\"pt-BR\",\"potentialAction\":[{\"@type\":\"ReadAction\",\"target\":[\"https:\\\/\\\/conexmetals.com\\\/pt-br\\\/produto\\\/grampos-de-ligacao-kul\\\/\"]}]},{\"@type\":\"ImageObject\",\"inLanguage\":\"pt-BR\",\"@id\":\"https:\\\/\\\/conexmetals.com\\\/pt-br\\\/produto\\\/grampos-de-ligacao-kul\\\/#primaryimage\",\"url\":\"https:\\\/\\\/conexmetals.com\\\/wp-content\\\/uploads\\\/2024\\\/12\\\/Grampos-de-Ligacao-KUL.webp\",\"contentUrl\":\"https:\\\/\\\/conexmetals.com\\\/wp-content\\\/uploads\\\/2024\\\/12\\\/Grampos-de-Ligacao-KUL.webp\",\"width\":350,\"height\":350,\"caption\":\"Grampos de Liga\u00e7\u00e3o KUL\"},{\"@type\":\"BreadcrumbList\",\"@id\":\"https:\\\/\\\/conexmetals.com\\\/pt-br\\\/produto\\\/grampos-de-ligacao-kul\\\/#breadcrumb\",\"itemListElement\":[{\"@type\":\"ListItem\",\"position\":1,\"name\":\"Home\",\"item\":\"https:\\\/\\\/conexmetals.com\\\/pt-br\\\/lar\\\/\"},{\"@type\":\"ListItem\",\"position\":2,\"name\":\"Products\",\"item\":\"https:\\\/\\\/conexmetals.com\\\/products\\\/\"},{\"@type\":\"ListItem\",\"position\":3,\"name\":\"Grampos de Liga\u00e7\u00e3o KUL\"}]},{\"@type\":\"WebSite\",\"@id\":\"https:\\\/\\\/conexmetals.com\\\/pt-br\\\/#website\",\"url\":\"https:\\\/\\\/conexmetals.com\\\/pt-br\\\/\",\"name\":\"Conex Metals Brass Fittings Brass Parts Copper Parts Brass Components Brass Plumbing Fittings India\",\"description\":\"Manufacturer of Bronze Fittings casting Copper Brass parts components\",\"publisher\":{\"@id\":\"https:\\\/\\\/conexmetals.com\\\/pt-br\\\/#organization\"},\"potentialAction\":[{\"@type\":\"SearchAction\",\"target\":{\"@type\":\"EntryPoint\",\"urlTemplate\":\"https:\\\/\\\/conexmetals.com\\\/pt-br\\\/?s={search_term_string}\"},\"query-input\":{\"@type\":\"PropertyValueSpecification\",\"valueRequired\":true,\"valueName\":\"search_term_string\"}}],\"inLanguage\":\"pt-BR\"},{\"@type\":\"Organization\",\"@id\":\"https:\\\/\\\/conexmetals.com\\\/pt-br\\\/#organization\",\"name\":\"Conex Metals Brass Fittings Brass Parts Copper Parts Brass Components Brass Plumbing Fittings India\",\"url\":\"https:\\\/\\\/conexmetals.com\\\/pt-br\\\/\",\"logo\":{\"@type\":\"ImageObject\",\"inLanguage\":\"pt-BR\",\"@id\":\"https:\\\/\\\/conexmetals.com\\\/pt-br\\\/#\\\/schema\\\/logo\\\/image\\\/\",\"url\":\"https:\\\/\\\/conexmetals.com\\\/wp-content\\\/uploads\\\/2024\\\/03\\\/conex-metals-logo.webp\",\"contentUrl\":\"https:\\\/\\\/conexmetals.com\\\/wp-content\\\/uploads\\\/2024\\\/03\\\/conex-metals-logo.webp\",\"width\":300,\"height\":121,\"caption\":\"Conex Metals Brass Fittings Brass Parts Copper Parts Brass Components Brass Plumbing Fittings India\"},\"image\":{\"@id\":\"https:\\\/\\\/conexmetals.com\\\/pt-br\\\/#\\\/schema\\\/logo\\\/image\\\/\"},\"sameAs\":[\"https:\\\/\\\/www.facebook.com\\\/conexbrass\",\"https:\\\/\\\/x.com\\\/conexindia\",\"https:\\\/\\\/www.linkedin.com\\\/company\\\/conex-metals-india\\\/\",\"https:\\\/\\\/www.instagram.com\\\/conexindia\\\/\"]}]}<\/script>\n<!-- \/ Yoast SEO plugin. -->","yoast_head_json":{"title":"Grampos de Liga\u00e7\u00e3o KUL","description":"A Conex Metals fornece grampos de liga\u00e7\u00e3o KUL, incluindo grampos de aterramento e liga\u00e7\u00e3o. Somos l\u00edderes como fabricantes, exportadores e fornecedores de grampos de liga\u00e7\u00e3o KUL na \u00cdndia.","robots":{"index":"index","follow":"follow","max-snippet":"max-snippet:-1","max-image-preview":"max-image-preview:large","max-video-preview":"max-video-preview:-1"},"canonical":"https:\/\/conexmetals.com\/pt-br\/produto\/grampos-de-ligacao-kul\/","schema":{"@context":"https:\/\/schema.org","@graph":[{"@type":"WebPage","@id":"https:\/\/conexmetals.com\/pt-br\/produto\/grampos-de-ligacao-kul\/","url":"https:\/\/conexmetals.com\/pt-br\/produto\/grampos-de-ligacao-kul\/","name":"Grampos de Liga\u00e7\u00e3o KUL","isPartOf":{"@id":"https:\/\/conexmetals.com\/pt-br\/#website"},"primaryImageOfPage":{"@id":"https:\/\/conexmetals.com\/pt-br\/produto\/grampos-de-ligacao-kul\/#primaryimage"},"image":{"@id":"https:\/\/conexmetals.com\/pt-br\/produto\/grampos-de-ligacao-kul\/#primaryimage"},"thumbnailUrl":"https:\/\/conexmetals.com\/wp-content\/uploads\/2024\/12\/Grampos-de-Ligacao-KUL.webp","datePublished":"2023-08-18T02:18:07+00:00","dateModified":"2024-12-19T13:06:48+00:00","description":"A Conex Metals fornece grampos de liga\u00e7\u00e3o KUL, incluindo grampos de aterramento e liga\u00e7\u00e3o. Somos l\u00edderes como fabricantes, exportadores e fornecedores de grampos de liga\u00e7\u00e3o KUL na \u00cdndia.","breadcrumb":{"@id":"https:\/\/conexmetals.com\/pt-br\/produto\/grampos-de-ligacao-kul\/#breadcrumb"},"inLanguage":"pt-BR","potentialAction":[{"@type":"ReadAction","target":["https:\/\/conexmetals.com\/pt-br\/produto\/grampos-de-ligacao-kul\/"]}]},{"@type":"ImageObject","inLanguage":"pt-BR","@id":"https:\/\/conexmetals.com\/pt-br\/produto\/grampos-de-ligacao-kul\/#primaryimage","url":"https:\/\/conexmetals.com\/wp-content\/uploads\/2024\/12\/Grampos-de-Ligacao-KUL.webp","contentUrl":"https:\/\/conexmetals.com\/wp-content\/uploads\/2024\/12\/Grampos-de-Ligacao-KUL.webp","width":350,"height":350,"caption":"Grampos de Liga\u00e7\u00e3o KUL"},{"@type":"BreadcrumbList","@id":"https:\/\/conexmetals.com\/pt-br\/produto\/grampos-de-ligacao-kul\/#breadcrumb","itemListElement":[{"@type":"ListItem","position":1,"name":"Home","item":"https:\/\/conexmetals.com\/pt-br\/lar\/"},{"@type":"ListItem","position":2,"name":"Products","item":"https:\/\/conexmetals.com\/products\/"},{"@type":"ListItem","position":3,"name":"Grampos de Liga\u00e7\u00e3o KUL"}]},{"@type":"WebSite","@id":"https:\/\/conexmetals.com\/pt-br\/#website","url":"https:\/\/conexmetals.com\/pt-br\/","name":"Conex Metals Brass Fittings Brass Parts Copper Parts Brass Components Brass Plumbing Fittings India","description":"Manufacturer of Bronze Fittings casting Copper Brass parts components","publisher":{"@id":"https:\/\/conexmetals.com\/pt-br\/#organization"},"potentialAction":[{"@type":"SearchAction","target":{"@type":"EntryPoint","urlTemplate":"https:\/\/conexmetals.com\/pt-br\/?s={search_term_string}"},"query-input":{"@type":"PropertyValueSpecification","valueRequired":true,"valueName":"search_term_string"}}],"inLanguage":"pt-BR"},{"@type":"Organization","@id":"https:\/\/conexmetals.com\/pt-br\/#organization","name":"Conex Metals Brass Fittings Brass Parts Copper Parts Brass Components Brass Plumbing Fittings India","url":"https:\/\/conexmetals.com\/pt-br\/","logo":{"@type":"ImageObject","inLanguage":"pt-BR","@id":"https:\/\/conexmetals.com\/pt-br\/#\/schema\/logo\/image\/","url":"https:\/\/conexmetals.com\/wp-content\/uploads\/2024\/03\/conex-metals-logo.webp","contentUrl":"https:\/\/conexmetals.com\/wp-content\/uploads\/2024\/03\/conex-metals-logo.webp","width":300,"height":121,"caption":"Conex Metals Brass Fittings Brass Parts Copper Parts Brass Components Brass Plumbing Fittings India"},"image":{"@id":"https:\/\/conexmetals.com\/pt-br\/#\/schema\/logo\/image\/"},"sameAs":["https:\/\/www.facebook.com\/conexbrass","https:\/\/x.com\/conexindia","https:\/\/www.linkedin.com\/company\/conex-metals-india\/","https:\/\/www.instagram.com\/conexindia\/"]}]}},"_links":{"self":[{"href":"https:\/\/conexmetals.com\/pt-br\/wp-json\/wp\/v2\/product\/12280","targetHints":{"allow":["GET"]}}],"collection":[{"href":"https:\/\/conexmetals.com\/pt-br\/wp-json\/wp\/v2\/product"}],"about":[{"href":"https:\/\/conexmetals.com\/pt-br\/wp-json\/wp\/v2\/types\/product"}],"wp:featuredmedia":[{"embeddable":true,"href":"https:\/\/conexmetals.com\/pt-br\/wp-json\/wp\/v2\/media\/10167"}],"wp:attachment":[{"href":"https:\/\/conexmetals.com\/pt-br\/wp-json\/wp\/v2\/media?parent=12280"}],"wp:term":[{"taxonomy":"product_brand","embeddable":true,"href":"https:\/\/conexmetals.com\/pt-br\/wp-json\/wp\/v2\/product_brand?post=12280"},{"taxonomy":"product_cat","embeddable":true,"href":"https:\/\/conexmetals.com\/pt-br\/wp-json\/wp\/v2\/product_cat?post=12280"},{"taxonomy":"product_tag","embeddable":true,"href":"https:\/\/conexmetals.com\/pt-br\/wp-json\/wp\/v2\/product_tag?post=12280"}],"curies":[{"name":"wp","href":"https:\/\/api.w.org\/{rel}","templated":true}]}}