{"id":12286,"date":"2023-08-18T07:49:31","date_gmt":"2023-08-18T02:19:31","guid":{"rendered":"https:\/\/conexmetals.com\/?post_type=product&#038;p=12286"},"modified":"2024-12-19T18:59:00","modified_gmt":"2024-12-19T13:29:00","slug":"grampos-para-barras-de-reforco","status":"publish","type":"product","link":"https:\/\/conexmetals.com\/pt-br\/produto\/grampos-para-barras-de-reforco\/","title":{"rendered":"Grampos para Barras de Refor\u00e7o"},"content":{"rendered":"","protected":false},"excerpt":{"rendered":"<div class=\"elementor-element elementor-element-672075d elementor-widget__width-initial e-transform elementor-widget-mobile__width-initial elementor-widget elementor-widget-woocommerce-product-images\" data-id=\"672075d\" data-element_type=\"widget\" data-settings=\"{&quot;_transform_scale_effect&quot;:{&quot;unit&quot;:&quot;px&quot;,&quot;size&quot;:1,&quot;sizes&quot;:[]},&quot;_transform_scale_effect_tablet&quot;:{&quot;unit&quot;:&quot;px&quot;,&quot;size&quot;:&quot;&quot;,&quot;sizes&quot;:[]},&quot;_transform_scale_effect_mobile&quot;:{&quot;unit&quot;:&quot;px&quot;,&quot;size&quot;:&quot;&quot;,&quot;sizes&quot;:[]}}\" data-widget_type=\"woocommerce-product-images.default\">\n<div class=\"elementor-widget-container\">\n<div class=\"woocommerce-product-gallery woocommerce-product-gallery--with-images woocommerce-product-gallery--columns-4 images\" data-columns=\"4\">\n<div class=\"woocommerce-product-gallery__wrapper\">\n<div class=\"woocommerce-product-gallery__image\" data-thumb=\"https:\/\/conexmetals.com\/wp-content\/uploads\/2023\/11\/rebar-clamps-100x100.jpg\" data-thumb-alt=\"Rebar Clamps\" data-thumb-srcset=\"https:\/\/conexmetals.com\/wp-content\/uploads\/2023\/11\/rebar-clamps-100x100.jpg 100w, https:\/\/conexmetals.com\/wp-content\/uploads\/2023\/11\/rebar-clamps-300x300.jpg 300w, https:\/\/conexmetals.com\/wp-content\/uploads\/2023\/11\/rebar-clamps-150x150.jpg 150w, https:\/\/conexmetals.com\/wp-content\/uploads\/2023\/11\/rebar-clamps.jpg 350w\"><\/div>\n<\/div>\n<\/div>\n<\/div>\n<\/div>\n<div class=\"elementor-element elementor-element-36d2ab8 elementor-widget elementor-widget-woocommerce-product-short-description\" data-id=\"36d2ab8\" data-element_type=\"widget\" data-widget_type=\"woocommerce-product-short-description.default\">\n<div class=\"elementor-widget-container\">\n<div class=\"woocommerce-product-details__short-description\">\n<p><img fetchpriority=\"high\" decoding=\"async\" class=\"alignnone size-medium wp-image-12257 lazy loaded\" src=\"https:\/\/conexmetals.com\/wp-content\/uploads\/2023\/08\/Rebar-Clamps-line-drawing-300x267.webp\" alt=\"Desenho de linha de grampos de vergalh\u00e3o\" width=\"300\" height=\"267\" data-src=\"https:\/\/conexmetals.com\/wp-content\/uploads\/2023\/08\/Rebar-Clamps-line-drawing-300x267.webp\" data-was-processed=\"true\" srcset=\"https:\/\/conexmetals.com\/wp-content\/uploads\/2023\/08\/Rebar-Clamps-line-drawing-300x267.webp 300w, https:\/\/conexmetals.com\/wp-content\/uploads\/2023\/08\/Rebar-Clamps-line-drawing-768x684.webp 768w, https:\/\/conexmetals.com\/wp-content\/uploads\/2023\/08\/Rebar-Clamps-line-drawing-700x624.webp 700w, https:\/\/conexmetals.com\/wp-content\/uploads\/2023\/08\/Rebar-Clamps-line-drawing.webp 952w\" sizes=\"(max-width: 300px) 100vw, 300px\" \/><\/p>\n<table id=\"tablepress-390\" class=\"tablepress tablepress-id-390\">\n<caption>\u00a0<\/caption>\n<thead>\n<tr class=\"row-1 odd\">\n<th class=\"column-1\" colspan=\"6\"><span>Dimens\u00f5es<\/span><\/th>\n<\/tr>\n<\/thead>\n<tbody class=\"row-hover\">\n<tr class=\"row-2 even\">\n<td class=\"column-1\"><span>Tamanho do com\u00e9rcio<\/span><\/td>\n<td class=\"column-2\"><span>Um (em)<\/span><\/td>\n<td class=\"column-3\"><span>B (em)<\/span><\/td>\n<td class=\"column-4\"><span>C(em)<\/span><\/td>\n<td class=\"column-5\"><span>D(em)<\/span><\/td>\n<td class=\"column-6\"><span>Faixa de fio<\/span><\/td>\n<\/tr>\n<tr class=\"row-3 odd\">\n<td class=\"column-1\"><span>1\/2&#8243;, 3\/4&#8243; a 1&#8243;<\/span><\/td>\n<td class=\"column-2\"><span>2.19<\/span><\/td>\n<td class=\"column-3\"><span>0,50<\/span><\/td>\n<td class=\"column-4\"><span>0,81<\/span><\/td>\n<td class=\"column-5\"><span>0,56<\/span><\/td>\n<td class=\"column-6\"><span>#8-#2<\/span><\/td>\n<\/tr>\n<\/tbody>\n<\/table>\n<p><span>Grampos de vergalh\u00f5es, tamb\u00e9m conhecidos como conectores de vergalh\u00f5es ou acopladores de vergalh\u00f5es, s\u00e3o dispositivos mec\u00e2nicos usados \u200b\u200bpara unir duas barras de refor\u00e7o (vergalh\u00f5es) em estruturas de concreto armado. Barras de refor\u00e7o s\u00e3o comumente usadas na constru\u00e7\u00e3o para fornecer resist\u00eancia e durabilidade adicionais a elementos de concreto, como vigas, colunas e lajes.<\/span><\/p>\n<p><span>O m\u00e9todo tradicional de conectar barras de refor\u00e7o envolve sobrep\u00f4-las e amarr\u00e1-las com fios de a\u00e7o, o que consome tempo e exige muito trabalho. Grampos de barras de refor\u00e7o oferecem uma solu\u00e7\u00e3o mais eficiente e confi\u00e1vel para criar conex\u00f5es fortes e cont\u00ednuas entre barras de refor\u00e7o.<\/span><\/p>\n<p><span>As principais caracter\u00edsticas dos grampos de vergalh\u00f5es incluem:<\/span><\/p>\n<ol>\n<li><strong><b><span>Conex\u00e3o mec\u00e2nica:<\/span><\/b><\/strong><span>\u00a0grampos de vergalh\u00f5es criam uma conex\u00e3o mec\u00e2nica entre dois vergalh\u00f5es sem a necessidade de soldagem ou amarra\u00e7\u00e3o.<\/span><\/li>\n<li><strong><b><span>Design Roscado:<\/span><\/b><\/strong><span>\u00a0A maioria dos grampos de vergalh\u00f5es tem uma rosca interna que combina com a rosca externa do vergalh\u00e3o. As extremidades rosqueadas dos vergalh\u00f5es s\u00e3o inseridas no grampo de vergalh\u00f5es, e o grampo \u00e9 ent\u00e3o apertado, comprimindo os vergalh\u00f5es juntos para formar uma junta segura.<\/span><\/li>\n<li><strong><b><span>Tipos:<\/span><\/b><\/strong><span>\u00a0Grampos de vergalh\u00f5es v\u00eam em v\u00e1rios tipos, incluindo acopladores de rosca paralela, acopladores de rosca c\u00f4nica e acopladores de compress\u00e3o. Cada tipo \u00e9 projetado para tamanhos e aplica\u00e7\u00f5es de vergalh\u00f5es espec\u00edficos.<\/span><\/li>\n<li><strong><b><span>Material:<\/span><\/b><\/strong><span>\u00a0Grampos de vergalh\u00f5es s\u00e3o geralmente feitos de materiais como a\u00e7o ou a\u00e7o inoxid\u00e1vel para fornecer alta resist\u00eancia e durabilidade.<\/span><\/li>\n<li><strong><b><span>Capacidade de carga:<\/span><\/b><\/strong><span>\u00a0As bra\u00e7adeiras de vergalh\u00f5es s\u00e3o projetadas para garantir que a junta tenha a mesma capacidade de carga que o vergalh\u00e3o original, mantendo a integridade estrutural do elemento de concreto.<\/span><\/li>\n<\/ol>\n<p><span>Grampos de vergalh\u00f5es oferecem diversas vantagens em rela\u00e7\u00e3o aos m\u00e9todos tradicionais de emenda de vergalh\u00f5es:<\/span><\/p>\n<ul>\n<li><span>Eles reduzem o tempo de trabalho e de instala\u00e7\u00e3o.<\/span><\/li>\n<li><span>Eles melhoram a precis\u00e3o do posicionamento e alinhamento das barras de refor\u00e7o.<\/span><\/li>\n<li><span>Elas eliminam a necessidade de m\u00e3o de obra qualificada para amarrar vergalh\u00f5es.<\/span><\/li>\n<li><span>Eles fornecem uma conex\u00e3o mais consistente e confi\u00e1vel, resultando em melhor desempenho estrutural.<\/span><\/li>\n<\/ul>\n<\/div>\n<\/div>\n<\/div>\n","protected":false},"featured_media":10224,"template":"","meta":[],"product_brand":[],"product_cat":[333],"product_tag":[],"class_list":{"0":"post-12286","1":"product","2":"type-product","3":"status-publish","4":"has-post-thumbnail","6":"product_cat-acessorios-de-aterramento-de-bronze","8":"first","9":"instock","10":"shipping-taxable","11":"product-type-simple"},"yoast_head":"<!-- This site is optimized with the Yoast SEO plugin v27.3 - https:\/\/yoast.com\/product\/yoast-seo-wordpress\/ -->\n<title>Grampos para Barras de Refor\u00e7o<\/title>\n<meta name=\"description\" content=\"A Conex Metals fabrica e exporta grampos para barras de refor\u00e7o, incluindo grampos para aterramento de barras, grampos para conex\u00e3o de barras, grampos para aterramento direto e grampos para fio de aterramento de barras.\" \/>\n<meta name=\"robots\" content=\"index, follow, max-snippet:-1, max-image-preview:large, max-video-preview:-1\" \/>\n<link rel=\"canonical\" href=\"https:\/\/conexmetals.com\/pt-br\/produto\/grampos-para-barras-de-reforco\/\" \/>\n<script type=\"application\/ld+json\" class=\"yoast-schema-graph\">{\"@context\":\"https:\\\/\\\/schema.org\",\"@graph\":[{\"@type\":\"WebPage\",\"@id\":\"https:\\\/\\\/conexmetals.com\\\/pt-br\\\/produto\\\/grampos-para-barras-de-reforco\\\/\",\"url\":\"https:\\\/\\\/conexmetals.com\\\/pt-br\\\/produto\\\/grampos-para-barras-de-reforco\\\/\",\"name\":\"Grampos para Barras de Refor\u00e7o\",\"isPartOf\":{\"@id\":\"https:\\\/\\\/conexmetals.com\\\/pt-br\\\/#website\"},\"primaryImageOfPage\":{\"@id\":\"https:\\\/\\\/conexmetals.com\\\/pt-br\\\/produto\\\/grampos-para-barras-de-reforco\\\/#primaryimage\"},\"image\":{\"@id\":\"https:\\\/\\\/conexmetals.com\\\/pt-br\\\/produto\\\/grampos-para-barras-de-reforco\\\/#primaryimage\"},\"thumbnailUrl\":\"https:\\\/\\\/conexmetals.com\\\/wp-content\\\/uploads\\\/2024\\\/12\\\/Grampos-para-Barras-de-Reforco-1.webp\",\"datePublished\":\"2023-08-18T02:19:31+00:00\",\"dateModified\":\"2024-12-19T13:29:00+00:00\",\"description\":\"A Conex Metals fabrica e exporta grampos para barras de refor\u00e7o, incluindo grampos para aterramento de barras, grampos para conex\u00e3o de barras, grampos para aterramento direto e grampos para fio de aterramento de barras.\",\"breadcrumb\":{\"@id\":\"https:\\\/\\\/conexmetals.com\\\/pt-br\\\/produto\\\/grampos-para-barras-de-reforco\\\/#breadcrumb\"},\"inLanguage\":\"pt-BR\",\"potentialAction\":[{\"@type\":\"ReadAction\",\"target\":[\"https:\\\/\\\/conexmetals.com\\\/pt-br\\\/produto\\\/grampos-para-barras-de-reforco\\\/\"]}]},{\"@type\":\"ImageObject\",\"inLanguage\":\"pt-BR\",\"@id\":\"https:\\\/\\\/conexmetals.com\\\/pt-br\\\/produto\\\/grampos-para-barras-de-reforco\\\/#primaryimage\",\"url\":\"https:\\\/\\\/conexmetals.com\\\/wp-content\\\/uploads\\\/2024\\\/12\\\/Grampos-para-Barras-de-Reforco-1.webp\",\"contentUrl\":\"https:\\\/\\\/conexmetals.com\\\/wp-content\\\/uploads\\\/2024\\\/12\\\/Grampos-para-Barras-de-Reforco-1.webp\",\"width\":350,\"height\":350,\"caption\":\"Grampos para Barras de Refor\u00e7o\"},{\"@type\":\"BreadcrumbList\",\"@id\":\"https:\\\/\\\/conexmetals.com\\\/pt-br\\\/produto\\\/grampos-para-barras-de-reforco\\\/#breadcrumb\",\"itemListElement\":[{\"@type\":\"ListItem\",\"position\":1,\"name\":\"Home\",\"item\":\"https:\\\/\\\/conexmetals.com\\\/pt-br\\\/lar\\\/\"},{\"@type\":\"ListItem\",\"position\":2,\"name\":\"Products\",\"item\":\"https:\\\/\\\/conexmetals.com\\\/products\\\/\"},{\"@type\":\"ListItem\",\"position\":3,\"name\":\"Grampos para Barras de Refor\u00e7o\"}]},{\"@type\":\"WebSite\",\"@id\":\"https:\\\/\\\/conexmetals.com\\\/pt-br\\\/#website\",\"url\":\"https:\\\/\\\/conexmetals.com\\\/pt-br\\\/\",\"name\":\"Conex Metals Brass Fittings Brass Parts Copper Parts Brass Components Brass Plumbing Fittings India\",\"description\":\"Manufacturer of Bronze Fittings casting Copper Brass parts components\",\"publisher\":{\"@id\":\"https:\\\/\\\/conexmetals.com\\\/pt-br\\\/#organization\"},\"potentialAction\":[{\"@type\":\"SearchAction\",\"target\":{\"@type\":\"EntryPoint\",\"urlTemplate\":\"https:\\\/\\\/conexmetals.com\\\/pt-br\\\/?s={search_term_string}\"},\"query-input\":{\"@type\":\"PropertyValueSpecification\",\"valueRequired\":true,\"valueName\":\"search_term_string\"}}],\"inLanguage\":\"pt-BR\"},{\"@type\":\"Organization\",\"@id\":\"https:\\\/\\\/conexmetals.com\\\/pt-br\\\/#organization\",\"name\":\"Conex Metals Brass Fittings Brass Parts Copper Parts Brass Components Brass Plumbing Fittings India\",\"url\":\"https:\\\/\\\/conexmetals.com\\\/pt-br\\\/\",\"logo\":{\"@type\":\"ImageObject\",\"inLanguage\":\"pt-BR\",\"@id\":\"https:\\\/\\\/conexmetals.com\\\/pt-br\\\/#\\\/schema\\\/logo\\\/image\\\/\",\"url\":\"https:\\\/\\\/conexmetals.com\\\/wp-content\\\/uploads\\\/2024\\\/03\\\/conex-metals-logo.webp\",\"contentUrl\":\"https:\\\/\\\/conexmetals.com\\\/wp-content\\\/uploads\\\/2024\\\/03\\\/conex-metals-logo.webp\",\"width\":300,\"height\":121,\"caption\":\"Conex Metals Brass Fittings Brass Parts Copper Parts Brass Components Brass Plumbing Fittings India\"},\"image\":{\"@id\":\"https:\\\/\\\/conexmetals.com\\\/pt-br\\\/#\\\/schema\\\/logo\\\/image\\\/\"},\"sameAs\":[\"https:\\\/\\\/www.facebook.com\\\/conexbrass\",\"https:\\\/\\\/x.com\\\/conexindia\",\"https:\\\/\\\/www.linkedin.com\\\/company\\\/conex-metals-india\\\/\",\"https:\\\/\\\/www.instagram.com\\\/conexindia\\\/\"]}]}<\/script>\n<!-- \/ Yoast SEO plugin. -->","yoast_head_json":{"title":"Grampos para Barras de Refor\u00e7o","description":"A Conex Metals fabrica e exporta grampos para barras de refor\u00e7o, incluindo grampos para aterramento de barras, grampos para conex\u00e3o de barras, grampos para aterramento direto e grampos para fio de aterramento de barras.","robots":{"index":"index","follow":"follow","max-snippet":"max-snippet:-1","max-image-preview":"max-image-preview:large","max-video-preview":"max-video-preview:-1"},"canonical":"https:\/\/conexmetals.com\/pt-br\/produto\/grampos-para-barras-de-reforco\/","schema":{"@context":"https:\/\/schema.org","@graph":[{"@type":"WebPage","@id":"https:\/\/conexmetals.com\/pt-br\/produto\/grampos-para-barras-de-reforco\/","url":"https:\/\/conexmetals.com\/pt-br\/produto\/grampos-para-barras-de-reforco\/","name":"Grampos para Barras de Refor\u00e7o","isPartOf":{"@id":"https:\/\/conexmetals.com\/pt-br\/#website"},"primaryImageOfPage":{"@id":"https:\/\/conexmetals.com\/pt-br\/produto\/grampos-para-barras-de-reforco\/#primaryimage"},"image":{"@id":"https:\/\/conexmetals.com\/pt-br\/produto\/grampos-para-barras-de-reforco\/#primaryimage"},"thumbnailUrl":"https:\/\/conexmetals.com\/wp-content\/uploads\/2024\/12\/Grampos-para-Barras-de-Reforco-1.webp","datePublished":"2023-08-18T02:19:31+00:00","dateModified":"2024-12-19T13:29:00+00:00","description":"A Conex Metals fabrica e exporta grampos para barras de refor\u00e7o, incluindo grampos para aterramento de barras, grampos para conex\u00e3o de barras, grampos para aterramento direto e grampos para fio de aterramento de barras.","breadcrumb":{"@id":"https:\/\/conexmetals.com\/pt-br\/produto\/grampos-para-barras-de-reforco\/#breadcrumb"},"inLanguage":"pt-BR","potentialAction":[{"@type":"ReadAction","target":["https:\/\/conexmetals.com\/pt-br\/produto\/grampos-para-barras-de-reforco\/"]}]},{"@type":"ImageObject","inLanguage":"pt-BR","@id":"https:\/\/conexmetals.com\/pt-br\/produto\/grampos-para-barras-de-reforco\/#primaryimage","url":"https:\/\/conexmetals.com\/wp-content\/uploads\/2024\/12\/Grampos-para-Barras-de-Reforco-1.webp","contentUrl":"https:\/\/conexmetals.com\/wp-content\/uploads\/2024\/12\/Grampos-para-Barras-de-Reforco-1.webp","width":350,"height":350,"caption":"Grampos para Barras de Refor\u00e7o"},{"@type":"BreadcrumbList","@id":"https:\/\/conexmetals.com\/pt-br\/produto\/grampos-para-barras-de-reforco\/#breadcrumb","itemListElement":[{"@type":"ListItem","position":1,"name":"Home","item":"https:\/\/conexmetals.com\/pt-br\/lar\/"},{"@type":"ListItem","position":2,"name":"Products","item":"https:\/\/conexmetals.com\/products\/"},{"@type":"ListItem","position":3,"name":"Grampos para Barras de Refor\u00e7o"}]},{"@type":"WebSite","@id":"https:\/\/conexmetals.com\/pt-br\/#website","url":"https:\/\/conexmetals.com\/pt-br\/","name":"Conex Metals Brass Fittings Brass Parts Copper Parts Brass Components Brass Plumbing Fittings India","description":"Manufacturer of Bronze Fittings casting Copper Brass parts components","publisher":{"@id":"https:\/\/conexmetals.com\/pt-br\/#organization"},"potentialAction":[{"@type":"SearchAction","target":{"@type":"EntryPoint","urlTemplate":"https:\/\/conexmetals.com\/pt-br\/?s={search_term_string}"},"query-input":{"@type":"PropertyValueSpecification","valueRequired":true,"valueName":"search_term_string"}}],"inLanguage":"pt-BR"},{"@type":"Organization","@id":"https:\/\/conexmetals.com\/pt-br\/#organization","name":"Conex Metals Brass Fittings Brass Parts Copper Parts Brass Components Brass Plumbing Fittings India","url":"https:\/\/conexmetals.com\/pt-br\/","logo":{"@type":"ImageObject","inLanguage":"pt-BR","@id":"https:\/\/conexmetals.com\/pt-br\/#\/schema\/logo\/image\/","url":"https:\/\/conexmetals.com\/wp-content\/uploads\/2024\/03\/conex-metals-logo.webp","contentUrl":"https:\/\/conexmetals.com\/wp-content\/uploads\/2024\/03\/conex-metals-logo.webp","width":300,"height":121,"caption":"Conex Metals Brass Fittings Brass Parts Copper Parts Brass Components Brass Plumbing Fittings India"},"image":{"@id":"https:\/\/conexmetals.com\/pt-br\/#\/schema\/logo\/image\/"},"sameAs":["https:\/\/www.facebook.com\/conexbrass","https:\/\/x.com\/conexindia","https:\/\/www.linkedin.com\/company\/conex-metals-india\/","https:\/\/www.instagram.com\/conexindia\/"]}]}},"_links":{"self":[{"href":"https:\/\/conexmetals.com\/pt-br\/wp-json\/wp\/v2\/product\/12286","targetHints":{"allow":["GET"]}}],"collection":[{"href":"https:\/\/conexmetals.com\/pt-br\/wp-json\/wp\/v2\/product"}],"about":[{"href":"https:\/\/conexmetals.com\/pt-br\/wp-json\/wp\/v2\/types\/product"}],"wp:featuredmedia":[{"embeddable":true,"href":"https:\/\/conexmetals.com\/pt-br\/wp-json\/wp\/v2\/media\/10224"}],"wp:attachment":[{"href":"https:\/\/conexmetals.com\/pt-br\/wp-json\/wp\/v2\/media?parent=12286"}],"wp:term":[{"taxonomy":"product_brand","embeddable":true,"href":"https:\/\/conexmetals.com\/pt-br\/wp-json\/wp\/v2\/product_brand?post=12286"},{"taxonomy":"product_cat","embeddable":true,"href":"https:\/\/conexmetals.com\/pt-br\/wp-json\/wp\/v2\/product_cat?post=12286"},{"taxonomy":"product_tag","embeddable":true,"href":"https:\/\/conexmetals.com\/pt-br\/wp-json\/wp\/v2\/product_tag?post=12286"}],"curies":[{"name":"wp","href":"https:\/\/api.w.org\/{rel}","templated":true}]}}