{"id":12290,"date":"2023-08-18T07:50:20","date_gmt":"2023-08-18T02:20:20","guid":{"rendered":"https:\/\/conexmetals.com\/?post_type=product&#038;p=12290"},"modified":"2024-12-19T19:12:38","modified_gmt":"2024-12-19T13:42:38","slug":"grampos-de-aterramento-com-parafuso-em-u","status":"publish","type":"product","link":"https:\/\/conexmetals.com\/pt-br\/produto\/grampos-de-aterramento-com-parafuso-em-u\/","title":{"rendered":"Grampos de Aterramento com Parafuso em U"},"content":{"rendered":"","protected":false},"excerpt":{"rendered":"<div class=\"elementor-element elementor-element-672075d elementor-widget__width-initial e-transform elementor-widget-mobile__width-initial elementor-widget elementor-widget-woocommerce-product-images\" data-id=\"672075d\" data-element_type=\"widget\" data-settings=\"{&quot;_transform_scale_effect&quot;:{&quot;unit&quot;:&quot;px&quot;,&quot;size&quot;:1,&quot;sizes&quot;:[]},&quot;_transform_scale_effect_tablet&quot;:{&quot;unit&quot;:&quot;px&quot;,&quot;size&quot;:&quot;&quot;,&quot;sizes&quot;:[]},&quot;_transform_scale_effect_mobile&quot;:{&quot;unit&quot;:&quot;px&quot;,&quot;size&quot;:&quot;&quot;,&quot;sizes&quot;:[]}}\" data-widget_type=\"woocommerce-product-images.default\">\n<div class=\"elementor-widget-container\">\n<div class=\"woocommerce-product-gallery woocommerce-product-gallery--with-images woocommerce-product-gallery--columns-4 images\" data-columns=\"4\">\n<div class=\"woocommerce-product-gallery__wrapper\">\n<div class=\"woocommerce-product-gallery__image\" data-thumb=\"https:\/\/conexmetals.com\/wp-content\/uploads\/2023\/11\/u-bolt-clamps-1-100x100.jpg\" data-thumb-alt=\"U Bolt Clamps\" data-thumb-srcset=\"https:\/\/conexmetals.com\/wp-content\/uploads\/2023\/11\/u-bolt-clamps-1-100x100.jpg 100w, https:\/\/conexmetals.com\/wp-content\/uploads\/2023\/11\/u-bolt-clamps-1-300x300.jpg 300w, https:\/\/conexmetals.com\/wp-content\/uploads\/2023\/11\/u-bolt-clamps-1-150x150.jpg 150w, https:\/\/conexmetals.com\/wp-content\/uploads\/2023\/11\/u-bolt-clamps-1.jpg 350w\"><\/div>\n<\/div>\n<\/div>\n<\/div>\n<\/div>\n<div class=\"elementor-element elementor-element-36d2ab8 elementor-widget elementor-widget-woocommerce-product-short-description\" data-id=\"36d2ab8\" data-element_type=\"widget\" data-widget_type=\"woocommerce-product-short-description.default\">\n<div class=\"elementor-widget-container\">\n<div class=\"woocommerce-product-details__short-description\">\n<table id=\"tablepress-373\" class=\"tablepress tablepress-id-373\">\n<caption>\u00a0<\/caption>\n<thead>\n<tr class=\"row-1 odd\">\n<th class=\"column-1\" colspan=\"6\"><strong><span>Tipo de placa \u00fanica para fitas planas horizontais<\/span><\/strong><\/th>\n<\/tr>\n<\/thead>\n<tbody class=\"row-hover\">\n<tr class=\"row-2 even\">\n<td class=\"column-1\"><strong><span>Haste m\u00e1xima D mm<\/span><\/strong><\/td>\n<td class=\"column-2\"><strong><span>Buraco Contres mm<\/span><\/strong><\/td>\n<td class=\"column-3\"><strong><span>L mm<\/span><\/strong><\/td>\n<td class=\"column-4\"><strong><span>L mm<\/span><\/strong><\/td>\n<td class=\"column-5\"><strong><span>Hum<\/span><\/strong><\/td>\n<td class=\"column-6\"><strong><span>Peso unit\u00e1rio mm<\/span><\/strong><\/td>\n<\/tr>\n<tr class=\"row-3 odd\">\n<td class=\"column-1\"><span>16<\/span><\/td>\n<td class=\"column-2\"><span>30<\/span><\/td>\n<td class=\"column-3\"><span>58<\/span><\/td>\n<td class=\"column-4\"><span>62<\/span><\/td>\n<td class=\"column-5\"><span>33<\/span><\/td>\n<td class=\"column-6\"><span>0,15<\/span><\/td>\n<\/tr>\n<tr class=\"row-4 even\">\n<td class=\"column-1\"><span>25<\/span><\/td>\n<td class=\"column-2\"><span>37<\/span><\/td>\n<td class=\"column-3\"><span>70<\/span><\/td>\n<td class=\"column-4\"><span>62<\/span><\/td>\n<td class=\"column-5\"><span>33<\/span><\/td>\n<td class=\"column-6\"><span>0,15<\/span><\/td>\n<\/tr>\n<tr class=\"row-5 odd\">\n<td class=\"column-1\"><span>31<\/span><\/td>\n<td class=\"column-2\"><span>41<\/span><\/td>\n<td class=\"column-3\"><span>85<\/span><\/td>\n<td class=\"column-4\"><span>68<\/span><\/td>\n<td class=\"column-5\"><span>33<\/span><\/td>\n<td class=\"column-6\"><span>0,28<\/span><\/td>\n<\/tr>\n<tr class=\"row-6 even\">\n<td class=\"column-1\"><span>38<\/span><\/td>\n<td class=\"column-2\"><span>46<\/span><\/td>\n<td class=\"column-3\"><span>90<\/span><\/td>\n<td class=\"column-4\"><span>75<\/span><\/td>\n<td class=\"column-5\"><span>33<\/span><\/td>\n<td class=\"column-6\"><span>0,28<\/span><\/td>\n<\/tr>\n<tr class=\"row-7 odd\">\n<td class=\"column-1\"><span>50<\/span><\/td>\n<td class=\"column-2\"><span>63<\/span><\/td>\n<td class=\"column-3\"><span>100<\/span><\/td>\n<td class=\"column-4\"><span>90<\/span><\/td>\n<td class=\"column-5\"><span>33<\/span><\/td>\n<td class=\"column-6\"><span>0,45<\/span><\/td>\n<\/tr>\n<\/tbody>\n<\/table>\n<p><img fetchpriority=\"high\" decoding=\"async\" class=\"wp-image-6944 size-medium alignright lazy loaded\" src=\"https:\/\/conexmetals.com\/wp-content\/uploads\/2023\/08\/U-Bolt-Clamps-300x177.jpg\" alt=\"Desenho de linha de grampos U Bolt\" width=\"300\" height=\"177\" data-src=\"https:\/\/conexmetals.com\/wp-content\/uploads\/2023\/08\/U-Bolt-Clamps-300x177.jpg\" data-was-processed=\"true\" srcset=\"https:\/\/conexmetals.com\/wp-content\/uploads\/2023\/08\/U-Bolt-Clamps-300x177.jpg 300w, https:\/\/conexmetals.com\/wp-content\/uploads\/2023\/08\/U-Bolt-Clamps.jpg 441w\" sizes=\"(max-width: 300px) 100vw, 300px\" \/><\/p>\n<p><span>Grampos U-bolt, tamb\u00e9m conhecidos como grampos de sela ou grampos de tubo U-bolt, s\u00e3o fixadores mec\u00e2nicos usados \u200b\u200bpara prender canos, tubos, cabos ou outros objetos cil\u00edndricos a uma superf\u00edcie plana, normalmente uma viga, canal ou suporte. O nome \u201cU-bolt\u201d vem do seu design em formato de U, que permite que eles envolvam o objeto que est\u00e1 sendo preso e ent\u00e3o prendam \u00e0 superf\u00edcie de montagem usando porcas.<\/span><\/p>\n<p><span>As principais caracter\u00edsticas dos grampos em U incluem:<\/span><\/p>\n<ol>\n<li><strong><b><span>Design em formato de U:<\/span><\/b><\/strong><span>\u00a0Grampos em formato de U t\u00eam uma configura\u00e7\u00e3o em formato de U com dois bra\u00e7os rosqueados (pernas) em cada extremidade e uma base curva. O formato do parafuso em U permite que ele envolva o cano ou tubo, criando uma fixa\u00e7\u00e3o segura.<\/span><\/li>\n<li><strong><b><span>Bra\u00e7os Roscados:<\/span><\/b><\/strong><span>\u00a0Os bra\u00e7os roscados se estendem das laterais do parafuso em U e t\u00eam roscas que podem aceitar porcas. Essas porcas s\u00e3o usadas para prender o parafuso em U \u00e0 superf\u00edcie de montagem, comprimindo o parafuso em U ao redor do objeto que est\u00e1 sendo fixado.<\/span><\/li>\n<li><strong><b><span>Material:<\/span><\/b><\/strong><span>\u00a0Grampos em U s\u00e3o geralmente feitos de materiais como a\u00e7o, a\u00e7o inoxid\u00e1vel ou outros metais, dependendo da aplica\u00e7\u00e3o e dos requisitos ambientais.<\/span><\/li>\n<li><strong><b><span>Tamanho do tubo:<\/span><\/b><\/strong><span>\u00a0as bra\u00e7adeiras em U est\u00e3o dispon\u00edveis em v\u00e1rios tamanhos para acomodar diferentes di\u00e2metros de tubos.<\/span><\/li>\n<li><strong><b><span>Tipos:<\/span><\/b><\/strong><span>\u00a0Existem v\u00e1rios tipos de grampos em U projetados para aplica\u00e7\u00f5es espec\u00edficas, como grampos em U padr\u00e3o, grampos em U para servi\u00e7os pesados \u200b\u200bou grampos em U para tubos com revestimentos de borracha para amortecimento de vibra\u00e7\u00f5es.<\/span><\/li>\n<\/ol>\n<p><span>Grampos em U s\u00e3o usados \u200b\u200bem uma ampla gama de aplica\u00e7\u00f5es, incluindo:<\/span><\/p>\n<ul>\n<li><span>Fixa\u00e7\u00e3o de canos ou tubos para suportar estruturas como vigas ou canais.<\/span><\/li>\n<li><span>Fixa\u00e7\u00e3o de cabos, fios ou mangueiras em superf\u00edcies de montagem.<\/span><\/li>\n<li><span>Fixa\u00e7\u00e3o de equipamentos ou m\u00e1quinas em estruturas fixas.<\/span><\/li>\n<li><span>Cria\u00e7\u00e3o de suportes para tubos em instala\u00e7\u00f5es hidr\u00e1ulicas e de climatiza\u00e7\u00e3o.<\/span><\/li>\n<\/ul>\n<p><span>Ao usar bra\u00e7adeiras U-bolt, \u00e9 essencial selecionar o tamanho e o tipo apropriados para combinar com o di\u00e2metro do tubo ou objeto a ser fixado e os requisitos de carga. O aperto adequado das porcas tamb\u00e9m \u00e9 cr\u00edtico para garantir uma conex\u00e3o segura e protegida.<\/span><\/p>\n<\/div>\n<\/div>\n<\/div>\n","protected":false},"featured_media":10252,"template":"","meta":[],"product_brand":[],"product_cat":[333],"product_tag":[],"class_list":{"0":"post-12290","1":"product","2":"type-product","3":"status-publish","4":"has-post-thumbnail","6":"product_cat-acessorios-de-aterramento-de-bronze","8":"first","9":"instock","10":"shipping-taxable","11":"product-type-simple"},"yoast_head":"<!-- This site is optimized with the Yoast SEO plugin v27.3 - https:\/\/yoast.com\/product\/yoast-seo-wordpress\/ -->\n<title>Grampos de Aterramento com Parafuso em U<\/title>\n<meta name=\"description\" content=\"A Conex Metals, um renomado fabricante e exportador indiano, \u00e9 especializada em grampos de aterramento com parafuso em U. Nossa linha de produtos inclui grampos em U, grampos banjo, grampos de tubo com parafuso em U e grampos quadrados com parafuso em U, todos fabricados com a\u00e7o inoxid\u00e1vel de alta qualidade. Como fornecedores de grampos em U robustos, atendemos aos mercados indiano e global, garantindo solu\u00e7\u00f5es de aterramento e prote\u00e7\u00e3o contra raios de alta qualidade.\" \/>\n<meta name=\"robots\" content=\"index, follow, max-snippet:-1, max-image-preview:large, max-video-preview:-1\" \/>\n<link rel=\"canonical\" href=\"https:\/\/conexmetals.com\/pt-br\/produto\/grampos-de-aterramento-com-parafuso-em-u\/\" \/>\n<script type=\"application\/ld+json\" class=\"yoast-schema-graph\">{\"@context\":\"https:\\\/\\\/schema.org\",\"@graph\":[{\"@type\":\"WebPage\",\"@id\":\"https:\\\/\\\/conexmetals.com\\\/pt-br\\\/produto\\\/grampos-de-aterramento-com-parafuso-em-u\\\/\",\"url\":\"https:\\\/\\\/conexmetals.com\\\/pt-br\\\/produto\\\/grampos-de-aterramento-com-parafuso-em-u\\\/\",\"name\":\"Grampos de Aterramento com Parafuso em U\",\"isPartOf\":{\"@id\":\"https:\\\/\\\/conexmetals.com\\\/pt-br\\\/#website\"},\"primaryImageOfPage\":{\"@id\":\"https:\\\/\\\/conexmetals.com\\\/pt-br\\\/produto\\\/grampos-de-aterramento-com-parafuso-em-u\\\/#primaryimage\"},\"image\":{\"@id\":\"https:\\\/\\\/conexmetals.com\\\/pt-br\\\/produto\\\/grampos-de-aterramento-com-parafuso-em-u\\\/#primaryimage\"},\"thumbnailUrl\":\"https:\\\/\\\/conexmetals.com\\\/wp-content\\\/uploads\\\/2024\\\/12\\\/Grampos-de-Aterramento-com-Parafuso-em-U.webp\",\"datePublished\":\"2023-08-18T02:20:20+00:00\",\"dateModified\":\"2024-12-19T13:42:38+00:00\",\"description\":\"A Conex Metals, um renomado fabricante e exportador indiano, \u00e9 especializada em grampos de aterramento com parafuso em U. Nossa linha de produtos inclui grampos em U, grampos banjo, grampos de tubo com parafuso em U e grampos quadrados com parafuso em U, todos fabricados com a\u00e7o inoxid\u00e1vel de alta qualidade. Como fornecedores de grampos em U robustos, atendemos aos mercados indiano e global, garantindo solu\u00e7\u00f5es de aterramento e prote\u00e7\u00e3o contra raios de alta qualidade.\",\"breadcrumb\":{\"@id\":\"https:\\\/\\\/conexmetals.com\\\/pt-br\\\/produto\\\/grampos-de-aterramento-com-parafuso-em-u\\\/#breadcrumb\"},\"inLanguage\":\"pt-BR\",\"potentialAction\":[{\"@type\":\"ReadAction\",\"target\":[\"https:\\\/\\\/conexmetals.com\\\/pt-br\\\/produto\\\/grampos-de-aterramento-com-parafuso-em-u\\\/\"]}]},{\"@type\":\"ImageObject\",\"inLanguage\":\"pt-BR\",\"@id\":\"https:\\\/\\\/conexmetals.com\\\/pt-br\\\/produto\\\/grampos-de-aterramento-com-parafuso-em-u\\\/#primaryimage\",\"url\":\"https:\\\/\\\/conexmetals.com\\\/wp-content\\\/uploads\\\/2024\\\/12\\\/Grampos-de-Aterramento-com-Parafuso-em-U.webp\",\"contentUrl\":\"https:\\\/\\\/conexmetals.com\\\/wp-content\\\/uploads\\\/2024\\\/12\\\/Grampos-de-Aterramento-com-Parafuso-em-U.webp\",\"width\":350,\"height\":350,\"caption\":\"Grampos de Aterramento com Parafuso em U\"},{\"@type\":\"BreadcrumbList\",\"@id\":\"https:\\\/\\\/conexmetals.com\\\/pt-br\\\/produto\\\/grampos-de-aterramento-com-parafuso-em-u\\\/#breadcrumb\",\"itemListElement\":[{\"@type\":\"ListItem\",\"position\":1,\"name\":\"Home\",\"item\":\"https:\\\/\\\/conexmetals.com\\\/pt-br\\\/lar\\\/\"},{\"@type\":\"ListItem\",\"position\":2,\"name\":\"Products\",\"item\":\"https:\\\/\\\/conexmetals.com\\\/products\\\/\"},{\"@type\":\"ListItem\",\"position\":3,\"name\":\"Grampos de Aterramento com Parafuso em U\"}]},{\"@type\":\"WebSite\",\"@id\":\"https:\\\/\\\/conexmetals.com\\\/pt-br\\\/#website\",\"url\":\"https:\\\/\\\/conexmetals.com\\\/pt-br\\\/\",\"name\":\"Conex Metals Brass Fittings Brass Parts Copper Parts Brass Components Brass Plumbing Fittings India\",\"description\":\"Manufacturer of Bronze Fittings casting Copper Brass parts components\",\"publisher\":{\"@id\":\"https:\\\/\\\/conexmetals.com\\\/pt-br\\\/#organization\"},\"potentialAction\":[{\"@type\":\"SearchAction\",\"target\":{\"@type\":\"EntryPoint\",\"urlTemplate\":\"https:\\\/\\\/conexmetals.com\\\/pt-br\\\/?s={search_term_string}\"},\"query-input\":{\"@type\":\"PropertyValueSpecification\",\"valueRequired\":true,\"valueName\":\"search_term_string\"}}],\"inLanguage\":\"pt-BR\"},{\"@type\":\"Organization\",\"@id\":\"https:\\\/\\\/conexmetals.com\\\/pt-br\\\/#organization\",\"name\":\"Conex Metals Brass Fittings Brass Parts Copper Parts Brass Components Brass Plumbing Fittings India\",\"url\":\"https:\\\/\\\/conexmetals.com\\\/pt-br\\\/\",\"logo\":{\"@type\":\"ImageObject\",\"inLanguage\":\"pt-BR\",\"@id\":\"https:\\\/\\\/conexmetals.com\\\/pt-br\\\/#\\\/schema\\\/logo\\\/image\\\/\",\"url\":\"https:\\\/\\\/conexmetals.com\\\/wp-content\\\/uploads\\\/2024\\\/03\\\/conex-metals-logo.webp\",\"contentUrl\":\"https:\\\/\\\/conexmetals.com\\\/wp-content\\\/uploads\\\/2024\\\/03\\\/conex-metals-logo.webp\",\"width\":300,\"height\":121,\"caption\":\"Conex Metals Brass Fittings Brass Parts Copper Parts Brass Components Brass Plumbing Fittings India\"},\"image\":{\"@id\":\"https:\\\/\\\/conexmetals.com\\\/pt-br\\\/#\\\/schema\\\/logo\\\/image\\\/\"},\"sameAs\":[\"https:\\\/\\\/www.facebook.com\\\/conexbrass\",\"https:\\\/\\\/x.com\\\/conexindia\",\"https:\\\/\\\/www.linkedin.com\\\/company\\\/conex-metals-india\\\/\",\"https:\\\/\\\/www.instagram.com\\\/conexindia\\\/\"]}]}<\/script>\n<!-- \/ Yoast SEO plugin. -->","yoast_head_json":{"title":"Grampos de Aterramento com Parafuso em U","description":"A Conex Metals, um renomado fabricante e exportador indiano, \u00e9 especializada em grampos de aterramento com parafuso em U. Nossa linha de produtos inclui grampos em U, grampos banjo, grampos de tubo com parafuso em U e grampos quadrados com parafuso em U, todos fabricados com a\u00e7o inoxid\u00e1vel de alta qualidade. Como fornecedores de grampos em U robustos, atendemos aos mercados indiano e global, garantindo solu\u00e7\u00f5es de aterramento e prote\u00e7\u00e3o contra raios de alta qualidade.","robots":{"index":"index","follow":"follow","max-snippet":"max-snippet:-1","max-image-preview":"max-image-preview:large","max-video-preview":"max-video-preview:-1"},"canonical":"https:\/\/conexmetals.com\/pt-br\/produto\/grampos-de-aterramento-com-parafuso-em-u\/","schema":{"@context":"https:\/\/schema.org","@graph":[{"@type":"WebPage","@id":"https:\/\/conexmetals.com\/pt-br\/produto\/grampos-de-aterramento-com-parafuso-em-u\/","url":"https:\/\/conexmetals.com\/pt-br\/produto\/grampos-de-aterramento-com-parafuso-em-u\/","name":"Grampos de Aterramento com Parafuso em U","isPartOf":{"@id":"https:\/\/conexmetals.com\/pt-br\/#website"},"primaryImageOfPage":{"@id":"https:\/\/conexmetals.com\/pt-br\/produto\/grampos-de-aterramento-com-parafuso-em-u\/#primaryimage"},"image":{"@id":"https:\/\/conexmetals.com\/pt-br\/produto\/grampos-de-aterramento-com-parafuso-em-u\/#primaryimage"},"thumbnailUrl":"https:\/\/conexmetals.com\/wp-content\/uploads\/2024\/12\/Grampos-de-Aterramento-com-Parafuso-em-U.webp","datePublished":"2023-08-18T02:20:20+00:00","dateModified":"2024-12-19T13:42:38+00:00","description":"A Conex Metals, um renomado fabricante e exportador indiano, \u00e9 especializada em grampos de aterramento com parafuso em U. Nossa linha de produtos inclui grampos em U, grampos banjo, grampos de tubo com parafuso em U e grampos quadrados com parafuso em U, todos fabricados com a\u00e7o inoxid\u00e1vel de alta qualidade. Como fornecedores de grampos em U robustos, atendemos aos mercados indiano e global, garantindo solu\u00e7\u00f5es de aterramento e prote\u00e7\u00e3o contra raios de alta qualidade.","breadcrumb":{"@id":"https:\/\/conexmetals.com\/pt-br\/produto\/grampos-de-aterramento-com-parafuso-em-u\/#breadcrumb"},"inLanguage":"pt-BR","potentialAction":[{"@type":"ReadAction","target":["https:\/\/conexmetals.com\/pt-br\/produto\/grampos-de-aterramento-com-parafuso-em-u\/"]}]},{"@type":"ImageObject","inLanguage":"pt-BR","@id":"https:\/\/conexmetals.com\/pt-br\/produto\/grampos-de-aterramento-com-parafuso-em-u\/#primaryimage","url":"https:\/\/conexmetals.com\/wp-content\/uploads\/2024\/12\/Grampos-de-Aterramento-com-Parafuso-em-U.webp","contentUrl":"https:\/\/conexmetals.com\/wp-content\/uploads\/2024\/12\/Grampos-de-Aterramento-com-Parafuso-em-U.webp","width":350,"height":350,"caption":"Grampos de Aterramento com Parafuso em U"},{"@type":"BreadcrumbList","@id":"https:\/\/conexmetals.com\/pt-br\/produto\/grampos-de-aterramento-com-parafuso-em-u\/#breadcrumb","itemListElement":[{"@type":"ListItem","position":1,"name":"Home","item":"https:\/\/conexmetals.com\/pt-br\/lar\/"},{"@type":"ListItem","position":2,"name":"Products","item":"https:\/\/conexmetals.com\/products\/"},{"@type":"ListItem","position":3,"name":"Grampos de Aterramento com Parafuso em U"}]},{"@type":"WebSite","@id":"https:\/\/conexmetals.com\/pt-br\/#website","url":"https:\/\/conexmetals.com\/pt-br\/","name":"Conex Metals Brass Fittings Brass Parts Copper Parts Brass Components Brass Plumbing Fittings India","description":"Manufacturer of Bronze Fittings casting Copper Brass parts components","publisher":{"@id":"https:\/\/conexmetals.com\/pt-br\/#organization"},"potentialAction":[{"@type":"SearchAction","target":{"@type":"EntryPoint","urlTemplate":"https:\/\/conexmetals.com\/pt-br\/?s={search_term_string}"},"query-input":{"@type":"PropertyValueSpecification","valueRequired":true,"valueName":"search_term_string"}}],"inLanguage":"pt-BR"},{"@type":"Organization","@id":"https:\/\/conexmetals.com\/pt-br\/#organization","name":"Conex Metals Brass Fittings Brass Parts Copper Parts Brass Components Brass Plumbing Fittings India","url":"https:\/\/conexmetals.com\/pt-br\/","logo":{"@type":"ImageObject","inLanguage":"pt-BR","@id":"https:\/\/conexmetals.com\/pt-br\/#\/schema\/logo\/image\/","url":"https:\/\/conexmetals.com\/wp-content\/uploads\/2024\/03\/conex-metals-logo.webp","contentUrl":"https:\/\/conexmetals.com\/wp-content\/uploads\/2024\/03\/conex-metals-logo.webp","width":300,"height":121,"caption":"Conex Metals Brass Fittings Brass Parts Copper Parts Brass Components Brass Plumbing Fittings India"},"image":{"@id":"https:\/\/conexmetals.com\/pt-br\/#\/schema\/logo\/image\/"},"sameAs":["https:\/\/www.facebook.com\/conexbrass","https:\/\/x.com\/conexindia","https:\/\/www.linkedin.com\/company\/conex-metals-india\/","https:\/\/www.instagram.com\/conexindia\/"]}]}},"_links":{"self":[{"href":"https:\/\/conexmetals.com\/pt-br\/wp-json\/wp\/v2\/product\/12290","targetHints":{"allow":["GET"]}}],"collection":[{"href":"https:\/\/conexmetals.com\/pt-br\/wp-json\/wp\/v2\/product"}],"about":[{"href":"https:\/\/conexmetals.com\/pt-br\/wp-json\/wp\/v2\/types\/product"}],"wp:featuredmedia":[{"embeddable":true,"href":"https:\/\/conexmetals.com\/pt-br\/wp-json\/wp\/v2\/media\/10252"}],"wp:attachment":[{"href":"https:\/\/conexmetals.com\/pt-br\/wp-json\/wp\/v2\/media?parent=12290"}],"wp:term":[{"taxonomy":"product_brand","embeddable":true,"href":"https:\/\/conexmetals.com\/pt-br\/wp-json\/wp\/v2\/product_brand?post=12290"},{"taxonomy":"product_cat","embeddable":true,"href":"https:\/\/conexmetals.com\/pt-br\/wp-json\/wp\/v2\/product_cat?post=12290"},{"taxonomy":"product_tag","embeddable":true,"href":"https:\/\/conexmetals.com\/pt-br\/wp-json\/wp\/v2\/product_tag?post=12290"}],"curies":[{"name":"wp","href":"https:\/\/api.w.org\/{rel}","templated":true}]}}