{"id":12387,"date":"2023-08-18T10:25:08","date_gmt":"2023-08-18T04:55:08","guid":{"rendered":"https:\/\/conexmetals.com\/?post_type=product&#038;p=12387"},"modified":"2024-12-31T14:40:28","modified_gmt":"2024-12-31T09:10:28","slug":"aterramento-hastes-de-aterramento","status":"publish","type":"product","link":"https:\/\/conexmetals.com\/pt-br\/produto\/aterramento-hastes-de-aterramento\/","title":{"rendered":"Aterramento \u2013 Hastes de aterramento"},"content":{"rendered":"","protected":false},"excerpt":{"rendered":"<p><span>Hastes de aterramento, tamb\u00e9m conhecidas como hastes de aterramento ou eletrodos de aterramento, s\u00e3o hastes de metal que s\u00e3o cravadas no solo para criar uma conex\u00e3o el\u00e9trica de baixa resist\u00eancia entre sistemas ou equipamentos el\u00e9tricos e a Terra. Essas hastes s\u00e3o um componente crucial dos sistemas de aterramento em instala\u00e7\u00f5es el\u00e9tricas e desempenham um papel vital na garantia da seguran\u00e7a el\u00e9trica.<\/span><\/p>\n<p><span>O prop\u00f3sito das hastes de aterramento \u00e9 fornecer um caminho seguro para que as correntes el\u00e9tricas fluam para a Terra no caso de uma falha ou surto el\u00e9trico. Quando ocorre uma falha, o excesso de corrente \u00e9 direcionado para o solo atrav\u00e9s da haste de aterramento, fazendo com que dispositivos de prote\u00e7\u00e3o (como disjuntores ou fus\u00edveis) disparem, desconectando assim o circuito defeituoso da fonte de energia. Isso evita choques el\u00e9tricos, minimiza o risco de inc\u00eandios e protege o equipamento el\u00e9trico contra danos.<\/span><\/p>\n<p><span>As hastes de aterramento Conex Earth s\u00e3o feitas de a\u00e7o de alta resist\u00eancia e baixo carbono, atendendo aos requisitos da BS 4360 Grau 43 A. Cada haste de aterramento \u00e9 ligada molecularmente por liga\u00e7\u00f5es de cobre de alta condutividade e 99,99% puro, cada haste \u00e9 tratada com derivados de Benzol-triozol. As roscas nas hastes s\u00e3o formadas pelo processo de rosqueamento por rolo, dando \u00e0s roscas resist\u00eancia extra, eliminando o risco de lascar as roscas ao cravar as hastes no solo.<\/span><\/p>\n<table id=\"tablepress-279\" class=\"tablepress tablepress-id-279\">\n<caption>\u00a0<\/caption>\n<thead>\n<tr class=\"row-1 odd\">\n<th class=\"column-1\" colspan=\"3\"><span>Terminais de aterramento com liga\u00e7\u00e3o de cobre Hastes de aterramento Hastes de aterramento<\/span><\/th>\n<\/tr>\n<\/thead>\n<tbody class=\"row-hover\">\n<tr class=\"row-2 even\">\n<td class=\"column-1\"><strong><span>Dimens\u00e3o da haste<\/span><br \/>\n<span>(mm)<\/span><\/strong><\/td>\n<td class=\"column-2\"><strong><span>Di\u00e2metro das roscas<\/span><\/strong><\/td>\n<td class=\"column-3\"><strong><span>Matriz de haste real (mm)<\/span><\/strong><\/td>\n<\/tr>\n<tr class=\"row-3 odd\">\n<td class=\"column-1\"><span>09,5 x 1200<\/span><\/td>\n<td class=\"column-2\"><span>sem rosca<\/span><\/td>\n<td class=\"column-3\"><span>9,5<\/span><\/td>\n<\/tr>\n<tr class=\"row-4 even\">\n<td class=\"column-1\"><span>14,5 x 1200<\/span><\/td>\n<td class=\"column-2\"><span>9\/16&#8243;<\/span><\/td>\n<td class=\"column-3\"><span>12,5<\/span><\/td>\n<\/tr>\n<tr class=\"row-5 odd\">\n<td class=\"column-1\"><span>14,5 x 1500<\/span><\/td>\n<td class=\"column-2\"><span>9\/16&#8243;<\/span><\/td>\n<td class=\"column-3\"><span>12,5<\/span><\/td>\n<\/tr>\n<tr class=\"row-6 even\">\n<td class=\"column-1\"><span>14,5 x 1800<\/span><\/td>\n<td class=\"column-2\"><span>9\/16&#8243;<\/span><\/td>\n<td class=\"column-3\"><span>12,5<\/span><\/td>\n<\/tr>\n<tr class=\"row-7 odd\">\n<td class=\"column-1\"><span>16,0 x 1200<\/span><\/td>\n<td class=\"column-2\"><span>5\/8&#8243;<\/span><\/td>\n<td class=\"column-3\"><span>14.2<\/span><\/td>\n<\/tr>\n<tr class=\"row-8 even\">\n<td class=\"column-1\"><span>16,0 x 1500<\/span><\/td>\n<td class=\"column-2\"><span>5\/8&#8243;<\/span><\/td>\n<td class=\"column-3\"><span>14.2<\/span><\/td>\n<\/tr>\n<tr class=\"row-9 odd\">\n<td class=\"column-1\"><span>16,0 x 1800<\/span><\/td>\n<td class=\"column-2\"><span>5\/8&#8243;<\/span><\/td>\n<td class=\"column-3\"><span>14.2<\/span><\/td>\n<\/tr>\n<tr class=\"row-10 even\">\n<td class=\"column-1\"><span>16,0 x 2400<\/span><\/td>\n<td class=\"column-2\"><span>5\/8&#8243;<\/span><\/td>\n<td class=\"column-3\"><span>14.2<\/span><\/td>\n<\/tr>\n<tr class=\"row-11 odd\">\n<td class=\"column-1\"><span>20,0 x 1200<\/span><\/td>\n<td class=\"column-2\"><span>3\/4&#8243;<\/span><\/td>\n<td class=\"column-3\"><span>17.2<\/span><\/td>\n<\/tr>\n<tr class=\"row-12 even\">\n<td class=\"column-1\"><span>20,0 x 1500<\/span><\/td>\n<td class=\"column-2\"><span>3\/4&#8243;<\/span><\/td>\n<td class=\"column-3\"><span>17.2<\/span><\/td>\n<\/tr>\n<tr class=\"row-13 odd\">\n<td class=\"column-1\"><span>20,0 x 1800<\/span><\/td>\n<td class=\"column-2\"><span>3\/4&#8243;<\/span><\/td>\n<td class=\"column-3\"><span>17.2<\/span><\/td>\n<\/tr>\n<tr class=\"row-14 even\">\n<td class=\"column-1\"><span>20,0 x 2400<\/span><\/td>\n<td class=\"column-2\"><span>3\/4&#8243;<\/span><\/td>\n<td class=\"column-3\"><span>17.2<\/span><\/td>\n<\/tr>\n<tr class=\"row-15 odd\">\n<td class=\"column-1\"><span>25,0 x 2400<\/span><\/td>\n<td class=\"column-2\"><span>sem rosca<\/span><\/td>\n<td class=\"column-3\"><span>25,4<\/span><\/td>\n<\/tr>\n<tr class=\"row-16 even\">\n<td class=\"column-1\"><span>25,0 x 3000<\/span><\/td>\n<td class=\"column-2\"><span>sem rosca<\/span><\/td>\n<td class=\"column-3\"><span>25,4<\/span><\/td>\n<\/tr>\n<\/tbody>\n<\/table>\n<p><strong><span>Barras de aterramento de cobre s\u00f3lido<\/span><br \/>\n<\/strong><span>Conex As barras de aterramento de cobre s\u00f3lido s\u00e3o feitas em dois tipos. Rosqueadas externamente e roscadas internamente. Barras de aterramento de cobre s\u00f3lido s\u00e3o usadas onde o fator de corros\u00e3o \u00e9 muito alto e a vida \u00fatil excepcionalmente longa \u00e9 igual\u00e1vel. Portanto, essas barras s\u00e3o fabricadas a partir de cobre trefilado puro e de alta condutividade, conforme BS 2874-C 101. Essas barras tamb\u00e9m est\u00e3o dispon\u00edveis com revestimento de estanho para reduzir o risco de oxida\u00e7\u00e3o e aumentar a vida \u00fatil\u00a0<\/span><strong><span>.<\/span><\/strong><\/p>\n<table id=\"tablepress-278\" class=\"tablepress tablepress-id-278\">\n<caption>\u00a0<\/caption>\n<thead>\n<tr class=\"row-1 odd\">\n<th class=\"column-1\" colspan=\"2\"><span>Barras de aterramento de cobre s\u00f3lido<\/span><\/th>\n<\/tr>\n<\/thead>\n<tbody class=\"row-hover\">\n<tr class=\"row-2 even\">\n<td class=\"column-1\"><strong><span>Di\u00e2metro da haste (mm)<\/span><\/strong><\/td>\n<td class=\"column-2\"><strong><span>Comprimento da haste (mm)<\/span><\/strong><\/td>\n<\/tr>\n<tr class=\"row-3 odd\">\n<td class=\"column-1\"><span>16<\/span><\/td>\n<td class=\"column-2\"><span>1200<\/span><\/td>\n<\/tr>\n<tr class=\"row-4 even\">\n<td class=\"column-1\"><span>16<\/span><\/td>\n<td class=\"column-2\"><span>1500<\/span><\/td>\n<\/tr>\n<tr class=\"row-5 odd\">\n<td class=\"column-1\"><span>20<\/span><\/td>\n<td class=\"column-2\"><span>1200<\/span><\/td>\n<\/tr>\n<tr class=\"row-6 even\">\n<td class=\"column-1\"><span>20<\/span><\/td>\n<td class=\"column-2\"><span>1500<\/span><\/td>\n<\/tr>\n<\/tbody>\n<\/table>\n<p><strong><span>Conex\u00f5es<\/span><\/strong><br \/>\n<span>Cabe\u00e7a de Condu\u00e7\u00e3o A\u00e7o de alta resist\u00eancia reutiliz\u00e1vel.<\/span><br \/>\n<span>Acoplamento Lat\u00e3o ou Bronze Alum\u00ednio.<\/span><br \/>\n<span>Ponta de Condu\u00e7\u00e3o A\u00e7o de liga de alta resist\u00eancia.<\/span><br \/>\n<span>Acoplamento Interno Bronze F\u00f3sforo ou pino de Lat\u00e3o de alta resist\u00eancia.<\/span><\/p>\n<p><strong><span>Embalagem<\/span><br \/>\n<\/strong><span>Conex Aterramento Aterramento Hastes de aterramento Hastes de aterramento As hastes s\u00e3o embaladas individualmente em sacos de tubo de PVC e as hastes s\u00e3o equipadas com tampas pretas em ambas as extremidades, evitando assim que as roscas sejam danificadas durante o manuseio.<\/span><\/p>\n<p><strong><span>Grampo de Terra\u00a0<\/span><\/strong><span><strong>A<\/strong><\/span><br \/>\n<span>Conex fabrica uma vasta gama de grampos de haste de aterramento de aterramento em lat\u00e3o naval, bronze e alum\u00ednio. Grampos especiais conforme as especifica\u00e7\u00f5es do cliente tamb\u00e9m podem ser fornecidos para hastes de aterramento.<\/span><\/p>\n<p><strong><span>Grampo de haste para fita<\/span><\/strong><br \/>\n<span>(grampo A) Acomoda uma ampla variedade de fitas de cobre\/AI.<\/span><\/p>\n<p><strong><span>Grampo de haste para condutor<\/span><\/strong><br \/>\n<span>(grampo G) Dispon\u00edvel em servi\u00e7o leve e pesado.<\/span><br \/>\n<span>Acomoda tamanho de condutor de 10 mm 2 a 120 mm 2 .<\/span><\/p>\n<p><strong><span>Grampo de haste para cabo<\/span><\/strong><br \/>\n<span>(Tipo B) Dispon\u00edvel com parafuso M12 completo com arruela e porcas de lat\u00e3o.<\/span><\/p>\n","protected":false},"featured_media":10375,"template":"","meta":[],"product_brand":[],"product_cat":[377],"product_tag":[],"class_list":{"0":"post-12387","1":"product","2":"type-product","3":"status-publish","4":"has-post-thumbnail","6":"product_cat-produtos-de-aterramento","8":"first","9":"instock","10":"shipping-taxable","11":"product-type-simple"},"yoast_head":"<!-- This site is optimized with the Yoast SEO plugin v27.3 - https:\/\/yoast.com\/product\/yoast-seo-wordpress\/ -->\n<title>Aterramento \u2013 Hastes de aterramento<\/title>\n<meta name=\"description\" content=\"A Conex Metals oferece hastes de aterramento de alta qualidade, incluindo hastes de aterramento de cobre. Nossa ampla linha de equipamentos de aterramento \u00e9 fabricada pelos principais fabricantes, garantindo desempenho superior para todas as suas necessidades de aterramento. Como exportadores e fornecedores confi\u00e1veis, entregamos produtos superiores em todo o mundo.\" \/>\n<meta name=\"robots\" content=\"index, follow, max-snippet:-1, max-image-preview:large, max-video-preview:-1\" \/>\n<link rel=\"canonical\" href=\"https:\/\/conexmetals.com\/pt-br\/produto\/aterramento-hastes-de-aterramento\/\" \/>\n<script type=\"application\/ld+json\" class=\"yoast-schema-graph\">{\"@context\":\"https:\\\/\\\/schema.org\",\"@graph\":[{\"@type\":\"WebPage\",\"@id\":\"https:\\\/\\\/conexmetals.com\\\/pt-br\\\/produto\\\/aterramento-hastes-de-aterramento\\\/\",\"url\":\"https:\\\/\\\/conexmetals.com\\\/pt-br\\\/produto\\\/aterramento-hastes-de-aterramento\\\/\",\"name\":\"Aterramento \u2013 Hastes de aterramento\",\"isPartOf\":{\"@id\":\"https:\\\/\\\/conexmetals.com\\\/pt-br\\\/#website\"},\"primaryImageOfPage\":{\"@id\":\"https:\\\/\\\/conexmetals.com\\\/pt-br\\\/produto\\\/aterramento-hastes-de-aterramento\\\/#primaryimage\"},\"image\":{\"@id\":\"https:\\\/\\\/conexmetals.com\\\/pt-br\\\/produto\\\/aterramento-hastes-de-aterramento\\\/#primaryimage\"},\"thumbnailUrl\":\"https:\\\/\\\/conexmetals.com\\\/wp-content\\\/uploads\\\/2024\\\/12\\\/Aterramento-\u2013-Hastes-de-aterramento.png\",\"datePublished\":\"2023-08-18T04:55:08+00:00\",\"dateModified\":\"2024-12-31T09:10:28+00:00\",\"description\":\"A Conex Metals oferece hastes de aterramento de alta qualidade, incluindo hastes de aterramento de cobre. Nossa ampla linha de equipamentos de aterramento \u00e9 fabricada pelos principais fabricantes, garantindo desempenho superior para todas as suas necessidades de aterramento. Como exportadores e fornecedores confi\u00e1veis, entregamos produtos superiores em todo o mundo.\",\"breadcrumb\":{\"@id\":\"https:\\\/\\\/conexmetals.com\\\/pt-br\\\/produto\\\/aterramento-hastes-de-aterramento\\\/#breadcrumb\"},\"inLanguage\":\"pt-BR\",\"potentialAction\":[{\"@type\":\"ReadAction\",\"target\":[\"https:\\\/\\\/conexmetals.com\\\/pt-br\\\/produto\\\/aterramento-hastes-de-aterramento\\\/\"]}]},{\"@type\":\"ImageObject\",\"inLanguage\":\"pt-BR\",\"@id\":\"https:\\\/\\\/conexmetals.com\\\/pt-br\\\/produto\\\/aterramento-hastes-de-aterramento\\\/#primaryimage\",\"url\":\"https:\\\/\\\/conexmetals.com\\\/wp-content\\\/uploads\\\/2024\\\/12\\\/Aterramento-\u2013-Hastes-de-aterramento.png\",\"contentUrl\":\"https:\\\/\\\/conexmetals.com\\\/wp-content\\\/uploads\\\/2024\\\/12\\\/Aterramento-\u2013-Hastes-de-aterramento.png\",\"width\":350,\"height\":350,\"caption\":\"Aterramento \u2013 Hastes de aterramento\"},{\"@type\":\"BreadcrumbList\",\"@id\":\"https:\\\/\\\/conexmetals.com\\\/pt-br\\\/produto\\\/aterramento-hastes-de-aterramento\\\/#breadcrumb\",\"itemListElement\":[{\"@type\":\"ListItem\",\"position\":1,\"name\":\"Home\",\"item\":\"https:\\\/\\\/conexmetals.com\\\/pt-br\\\/lar\\\/\"},{\"@type\":\"ListItem\",\"position\":2,\"name\":\"Products\",\"item\":\"https:\\\/\\\/conexmetals.com\\\/products\\\/\"},{\"@type\":\"ListItem\",\"position\":3,\"name\":\"Aterramento \u2013 Hastes de aterramento\"}]},{\"@type\":\"WebSite\",\"@id\":\"https:\\\/\\\/conexmetals.com\\\/pt-br\\\/#website\",\"url\":\"https:\\\/\\\/conexmetals.com\\\/pt-br\\\/\",\"name\":\"Conex Metals Brass Fittings Brass Parts Copper Parts Brass Components Brass Plumbing Fittings India\",\"description\":\"Manufacturer of Bronze Fittings casting Copper Brass parts components\",\"publisher\":{\"@id\":\"https:\\\/\\\/conexmetals.com\\\/pt-br\\\/#organization\"},\"potentialAction\":[{\"@type\":\"SearchAction\",\"target\":{\"@type\":\"EntryPoint\",\"urlTemplate\":\"https:\\\/\\\/conexmetals.com\\\/pt-br\\\/?s={search_term_string}\"},\"query-input\":{\"@type\":\"PropertyValueSpecification\",\"valueRequired\":true,\"valueName\":\"search_term_string\"}}],\"inLanguage\":\"pt-BR\"},{\"@type\":\"Organization\",\"@id\":\"https:\\\/\\\/conexmetals.com\\\/pt-br\\\/#organization\",\"name\":\"Conex Metals Brass Fittings Brass Parts Copper Parts Brass Components Brass Plumbing Fittings India\",\"url\":\"https:\\\/\\\/conexmetals.com\\\/pt-br\\\/\",\"logo\":{\"@type\":\"ImageObject\",\"inLanguage\":\"pt-BR\",\"@id\":\"https:\\\/\\\/conexmetals.com\\\/pt-br\\\/#\\\/schema\\\/logo\\\/image\\\/\",\"url\":\"https:\\\/\\\/conexmetals.com\\\/wp-content\\\/uploads\\\/2024\\\/03\\\/conex-metals-logo.webp\",\"contentUrl\":\"https:\\\/\\\/conexmetals.com\\\/wp-content\\\/uploads\\\/2024\\\/03\\\/conex-metals-logo.webp\",\"width\":300,\"height\":121,\"caption\":\"Conex Metals Brass Fittings Brass Parts Copper Parts Brass Components Brass Plumbing Fittings India\"},\"image\":{\"@id\":\"https:\\\/\\\/conexmetals.com\\\/pt-br\\\/#\\\/schema\\\/logo\\\/image\\\/\"},\"sameAs\":[\"https:\\\/\\\/www.facebook.com\\\/conexbrass\",\"https:\\\/\\\/x.com\\\/conexindia\",\"https:\\\/\\\/www.linkedin.com\\\/company\\\/conex-metals-india\\\/\",\"https:\\\/\\\/www.instagram.com\\\/conexindia\\\/\"]}]}<\/script>\n<!-- \/ Yoast SEO plugin. -->","yoast_head_json":{"title":"Aterramento \u2013 Hastes de aterramento","description":"A Conex Metals oferece hastes de aterramento de alta qualidade, incluindo hastes de aterramento de cobre. Nossa ampla linha de equipamentos de aterramento \u00e9 fabricada pelos principais fabricantes, garantindo desempenho superior para todas as suas necessidades de aterramento. Como exportadores e fornecedores confi\u00e1veis, entregamos produtos superiores em todo o mundo.","robots":{"index":"index","follow":"follow","max-snippet":"max-snippet:-1","max-image-preview":"max-image-preview:large","max-video-preview":"max-video-preview:-1"},"canonical":"https:\/\/conexmetals.com\/pt-br\/produto\/aterramento-hastes-de-aterramento\/","schema":{"@context":"https:\/\/schema.org","@graph":[{"@type":"WebPage","@id":"https:\/\/conexmetals.com\/pt-br\/produto\/aterramento-hastes-de-aterramento\/","url":"https:\/\/conexmetals.com\/pt-br\/produto\/aterramento-hastes-de-aterramento\/","name":"Aterramento \u2013 Hastes de aterramento","isPartOf":{"@id":"https:\/\/conexmetals.com\/pt-br\/#website"},"primaryImageOfPage":{"@id":"https:\/\/conexmetals.com\/pt-br\/produto\/aterramento-hastes-de-aterramento\/#primaryimage"},"image":{"@id":"https:\/\/conexmetals.com\/pt-br\/produto\/aterramento-hastes-de-aterramento\/#primaryimage"},"thumbnailUrl":"https:\/\/conexmetals.com\/wp-content\/uploads\/2024\/12\/Aterramento-\u2013-Hastes-de-aterramento.png","datePublished":"2023-08-18T04:55:08+00:00","dateModified":"2024-12-31T09:10:28+00:00","description":"A Conex Metals oferece hastes de aterramento de alta qualidade, incluindo hastes de aterramento de cobre. Nossa ampla linha de equipamentos de aterramento \u00e9 fabricada pelos principais fabricantes, garantindo desempenho superior para todas as suas necessidades de aterramento. Como exportadores e fornecedores confi\u00e1veis, entregamos produtos superiores em todo o mundo.","breadcrumb":{"@id":"https:\/\/conexmetals.com\/pt-br\/produto\/aterramento-hastes-de-aterramento\/#breadcrumb"},"inLanguage":"pt-BR","potentialAction":[{"@type":"ReadAction","target":["https:\/\/conexmetals.com\/pt-br\/produto\/aterramento-hastes-de-aterramento\/"]}]},{"@type":"ImageObject","inLanguage":"pt-BR","@id":"https:\/\/conexmetals.com\/pt-br\/produto\/aterramento-hastes-de-aterramento\/#primaryimage","url":"https:\/\/conexmetals.com\/wp-content\/uploads\/2024\/12\/Aterramento-\u2013-Hastes-de-aterramento.png","contentUrl":"https:\/\/conexmetals.com\/wp-content\/uploads\/2024\/12\/Aterramento-\u2013-Hastes-de-aterramento.png","width":350,"height":350,"caption":"Aterramento \u2013 Hastes de aterramento"},{"@type":"BreadcrumbList","@id":"https:\/\/conexmetals.com\/pt-br\/produto\/aterramento-hastes-de-aterramento\/#breadcrumb","itemListElement":[{"@type":"ListItem","position":1,"name":"Home","item":"https:\/\/conexmetals.com\/pt-br\/lar\/"},{"@type":"ListItem","position":2,"name":"Products","item":"https:\/\/conexmetals.com\/products\/"},{"@type":"ListItem","position":3,"name":"Aterramento \u2013 Hastes de aterramento"}]},{"@type":"WebSite","@id":"https:\/\/conexmetals.com\/pt-br\/#website","url":"https:\/\/conexmetals.com\/pt-br\/","name":"Conex Metals Brass Fittings Brass Parts Copper Parts Brass Components Brass Plumbing Fittings India","description":"Manufacturer of Bronze Fittings casting Copper Brass parts components","publisher":{"@id":"https:\/\/conexmetals.com\/pt-br\/#organization"},"potentialAction":[{"@type":"SearchAction","target":{"@type":"EntryPoint","urlTemplate":"https:\/\/conexmetals.com\/pt-br\/?s={search_term_string}"},"query-input":{"@type":"PropertyValueSpecification","valueRequired":true,"valueName":"search_term_string"}}],"inLanguage":"pt-BR"},{"@type":"Organization","@id":"https:\/\/conexmetals.com\/pt-br\/#organization","name":"Conex Metals Brass Fittings Brass Parts Copper Parts Brass Components Brass Plumbing Fittings India","url":"https:\/\/conexmetals.com\/pt-br\/","logo":{"@type":"ImageObject","inLanguage":"pt-BR","@id":"https:\/\/conexmetals.com\/pt-br\/#\/schema\/logo\/image\/","url":"https:\/\/conexmetals.com\/wp-content\/uploads\/2024\/03\/conex-metals-logo.webp","contentUrl":"https:\/\/conexmetals.com\/wp-content\/uploads\/2024\/03\/conex-metals-logo.webp","width":300,"height":121,"caption":"Conex Metals Brass Fittings Brass Parts Copper Parts Brass Components Brass Plumbing Fittings India"},"image":{"@id":"https:\/\/conexmetals.com\/pt-br\/#\/schema\/logo\/image\/"},"sameAs":["https:\/\/www.facebook.com\/conexbrass","https:\/\/x.com\/conexindia","https:\/\/www.linkedin.com\/company\/conex-metals-india\/","https:\/\/www.instagram.com\/conexindia\/"]}]}},"_links":{"self":[{"href":"https:\/\/conexmetals.com\/pt-br\/wp-json\/wp\/v2\/product\/12387","targetHints":{"allow":["GET"]}}],"collection":[{"href":"https:\/\/conexmetals.com\/pt-br\/wp-json\/wp\/v2\/product"}],"about":[{"href":"https:\/\/conexmetals.com\/pt-br\/wp-json\/wp\/v2\/types\/product"}],"wp:featuredmedia":[{"embeddable":true,"href":"https:\/\/conexmetals.com\/pt-br\/wp-json\/wp\/v2\/media\/10375"}],"wp:attachment":[{"href":"https:\/\/conexmetals.com\/pt-br\/wp-json\/wp\/v2\/media?parent=12387"}],"wp:term":[{"taxonomy":"product_brand","embeddable":true,"href":"https:\/\/conexmetals.com\/pt-br\/wp-json\/wp\/v2\/product_brand?post=12387"},{"taxonomy":"product_cat","embeddable":true,"href":"https:\/\/conexmetals.com\/pt-br\/wp-json\/wp\/v2\/product_cat?post=12387"},{"taxonomy":"product_tag","embeddable":true,"href":"https:\/\/conexmetals.com\/pt-br\/wp-json\/wp\/v2\/product_tag?post=12387"}],"curies":[{"name":"wp","href":"https:\/\/api.w.org\/{rel}","templated":true}]}}