{"id":12391,"date":"2023-08-18T10:41:00","date_gmt":"2023-08-18T05:11:00","guid":{"rendered":"https:\/\/conexmetals.com\/?post_type=product&#038;p=12391"},"modified":"2024-12-31T15:32:10","modified_gmt":"2024-12-31T10:02:10","slug":"hardware-eletronico","status":"publish","type":"product","link":"https:\/\/conexmetals.com\/pt-br\/produto\/hardware-eletronico\/","title":{"rendered":"Hardware Eletr\u00f4nico"},"content":{"rendered":"","protected":false},"excerpt":{"rendered":"<p><span>A Conex Metals Manufacturing \u00e9 especializada na produ\u00e7\u00e3o de componentes de lat\u00e3o de alta qualidade para a ind\u00fastria eletr\u00f4nica, incluindo soquetes, conectores, pinos de cabo e pinos adaptadores. Atendemos a especifica\u00e7\u00f5es personalizadas, garantindo que cada componente atenda \u00e0s necessidades exatas de nossos clientes. Nossos componentes eletr\u00f4nicos de lat\u00e3o s\u00e3o fornecidos n\u00e3o apenas para toda a \u00cdndia, mas tamb\u00e9m globalmente.<\/span><\/p>\n<p><strong><span>Nossa linha de produtos inclui:<\/span><\/strong><\/p>\n<ul>\n<li><span>Componentes eletr\u00f4nicos de lat\u00e3o<\/span><\/li>\n<li><span>Conectores de lat\u00e3o<\/span><\/li>\n<li><span>Soquetes de lat\u00e3o<\/span><\/li>\n<li><span>Pinos de lat\u00e3o<\/span><\/li>\n<li><span>Pinos adaptadores de lat\u00e3o<\/span><\/li>\n<\/ul>\n<p>&nbsp;<\/p>\n<p><strong><span>Materiais utilizados:<\/span><\/strong><\/p>\n<ul>\n<li><span>Lat\u00e3o de corte livre grau 319 ou BS 249<\/span><\/li>\n<li><span>Composi\u00e7\u00f5es de lat\u00e3o personalizadas adaptadas \u00e0s necessidades do cliente<\/span><\/li>\n<\/ul>\n<p>&nbsp;<\/p>\n<p><strong><span>Op\u00e7\u00f5es de encadeamento:<\/span><\/strong><\/p>\n<ul>\n<li><span>ISO M\u00e9trica, MM, PG, BSW, BSP, BSB, BSF, BA, NPT, NPTF, UNC, UNF, UNEF, entre outras<\/span><\/li>\n<li><span>Rosqueamento personalizado com base nos projetos do cliente<\/span><\/li>\n<\/ul>\n<p>&nbsp;<\/p>\n<p><strong><span>Especifica\u00e7\u00f5es de tamanho:<\/span><\/strong><\/p>\n<ul>\n<li><span>Especifica\u00e7\u00f5es padr\u00e3o ou projetos personalizados adaptados \u00e0s necessidades do cliente<\/span><\/li>\n<\/ul>\n<p>&nbsp;<\/p>\n<p><strong><span>Acabamento e revestimento:<\/span><\/strong><\/p>\n<ul>\n<li><span>Dispon\u00edvel em natural, n\u00edquel, estanho ou qualquer outro acabamento conforme os requisitos do cliente<\/span><\/li>\n<\/ul>\n<p>&nbsp;<\/p>\n<p><span>Podemos desenvolver e fornecer qualquer tipo de componente eletr\u00f4nico de lat\u00e3o, projetado com precis\u00e3o para atender \u00e0s suas especifica\u00e7\u00f5es.<\/span><\/p>\n<p><a href=\"https:\/\/conexmetals.com\/product\/thumb-screws\/\"><img decoding=\"async\" class=\"alignnone wp-image-2121 size-thumbnail lazy loaded\" src=\"https:\/\/conexmetals.com\/wp-content\/uploads\/2023\/12\/Thumb-Screws-150x150.png\" alt=\"Parafusos de polegar\" width=\"150\" height=\"150\" data-src=\"https:\/\/conexmetals.com\/wp-content\/uploads\/2023\/12\/Thumb-Screws-150x150.png\" data-was-processed=\"true\" \/><\/a>\u00a0\u00a0<a href=\"https:\/\/conexmetals.com\/product\/hex-coupling-nuts\/\"><img decoding=\"async\" class=\"alignnone wp-image-2112 size-thumbnail lazy loaded\" src=\"https:\/\/conexmetals.com\/wp-content\/uploads\/2023\/12\/Hex-Coupling-Nuts-150x150.png\" alt=\"Porcas de acoplamento sextavadas\" width=\"150\" height=\"150\" data-src=\"https:\/\/conexmetals.com\/wp-content\/uploads\/2023\/12\/Hex-Coupling-Nuts-150x150.png\" data-was-processed=\"true\" \/>\u00a0\u00a0<\/a><a href=\"https:\/\/conexmetals.com\/product\/female-couplers\/\"><img decoding=\"async\" class=\"alignnone wp-image-1746 size-thumbnail lazy loaded\" src=\"https:\/\/conexmetals.com\/wp-content\/uploads\/2023\/11\/Female-Couplers-150x150.jpg\" alt=\"Acopladores Femininos\" width=\"150\" height=\"150\" data-src=\"https:\/\/conexmetals.com\/wp-content\/uploads\/2023\/11\/Female-Couplers-150x150.jpg\" data-was-processed=\"true\" srcset=\"https:\/\/conexmetals.com\/wp-content\/uploads\/2023\/11\/Female-Couplers-150x150.jpg 150w, https:\/\/conexmetals.com\/wp-content\/uploads\/2023\/11\/Female-Couplers-300x300.jpg 300w, https:\/\/conexmetals.com\/wp-content\/uploads\/2023\/11\/Female-Couplers-100x100.jpg 100w, https:\/\/conexmetals.com\/wp-content\/uploads\/2023\/11\/Female-Couplers.jpg 350w\" sizes=\"(max-width: 150px) 100vw, 150px\" \/><\/a>\u00a0<a href=\"https:\/\/conexmetals.com\/product\/brass-pins-for-chargers\/\"><img loading=\"lazy\" decoding=\"async\" class=\"alignnone wp-image-2150 size-thumbnail lazy loaded\" src=\"https:\/\/conexmetals.com\/wp-content\/uploads\/2023\/08\/Electrical-Pin-Plugs-Sockets-150x150.png\" alt=\"Pinos de lat\u00e3o para tomadas el\u00e9tricas\" width=\"150\" height=\"150\" data-src=\"https:\/\/conexmetals.com\/wp-content\/uploads\/2023\/08\/Electrical-Pin-Plugs-Sockets-150x150.png\" data-was-processed=\"true\" srcset=\"https:\/\/conexmetals.com\/wp-content\/uploads\/2023\/08\/Electrical-Pin-Plugs-Sockets-150x150.png 150w, https:\/\/conexmetals.com\/wp-content\/uploads\/2023\/08\/Electrical-Pin-Plugs-Sockets-300x300.png 300w, https:\/\/conexmetals.com\/wp-content\/uploads\/2023\/08\/Electrical-Pin-Plugs-Sockets-100x100.png 100w, https:\/\/conexmetals.com\/wp-content\/uploads\/2023\/08\/Electrical-Pin-Plugs-Sockets.png 350w\" sizes=\"(max-width: 150px) 100vw, 150px\" \/><\/a><\/p>\n<p>&nbsp;<\/p>\n","protected":false},"featured_media":10318,"template":"","meta":[],"product_brand":[],"product_cat":[476,377],"product_tag":[],"class_list":{"0":"post-12391","1":"product","2":"type-product","3":"status-publish","4":"has-post-thumbnail","6":"product_cat-nao-classificado","7":"product_cat-produtos-de-aterramento","9":"first","10":"instock","11":"shipping-taxable","12":"product-type-simple"},"yoast_head":"<!-- This site is optimized with the Yoast SEO plugin v27.3 - https:\/\/yoast.com\/product\/yoast-seo-wordpress\/ -->\n<title>Hardware Eletr\u00f4nico<\/title>\n<meta name=\"description\" content=\"A Conex Metals oferece hardware eletr\u00f4nico de alta qualidade, incluindo hastes de aterramento, haste de aterramento de cobre e haste de aterramento el\u00e9trica. Nossa fabrica\u00e7\u00e3o especializada garante uma instala\u00e7\u00e3o confi\u00e1vel de hastes de aterramento, bem como hastes de cobre para aterramento e grampos de alta qualidade. Fabricante, exportador e fornecedor confi\u00e1vel da \u00cdndia.\" \/>\n<meta name=\"robots\" content=\"index, follow, max-snippet:-1, max-image-preview:large, max-video-preview:-1\" \/>\n<link rel=\"canonical\" href=\"https:\/\/conexmetals.com\/pt-br\/produto\/hardware-eletronico\/\" \/>\n<script type=\"application\/ld+json\" class=\"yoast-schema-graph\">{\"@context\":\"https:\\\/\\\/schema.org\",\"@graph\":[{\"@type\":\"WebPage\",\"@id\":\"https:\\\/\\\/conexmetals.com\\\/pt-br\\\/produto\\\/hardware-eletronico\\\/\",\"url\":\"https:\\\/\\\/conexmetals.com\\\/pt-br\\\/produto\\\/hardware-eletronico\\\/\",\"name\":\"Hardware Eletr\u00f4nico\",\"isPartOf\":{\"@id\":\"https:\\\/\\\/conexmetals.com\\\/pt-br\\\/#website\"},\"primaryImageOfPage\":{\"@id\":\"https:\\\/\\\/conexmetals.com\\\/pt-br\\\/produto\\\/hardware-eletronico\\\/#primaryimage\"},\"image\":{\"@id\":\"https:\\\/\\\/conexmetals.com\\\/pt-br\\\/produto\\\/hardware-eletronico\\\/#primaryimage\"},\"thumbnailUrl\":\"https:\\\/\\\/conexmetals.com\\\/wp-content\\\/uploads\\\/2024\\\/12\\\/Hardware-Eletronico.png\",\"datePublished\":\"2023-08-18T05:11:00+00:00\",\"dateModified\":\"2024-12-31T10:02:10+00:00\",\"description\":\"A Conex Metals oferece hardware eletr\u00f4nico de alta qualidade, incluindo hastes de aterramento, haste de aterramento de cobre e haste de aterramento el\u00e9trica. Nossa fabrica\u00e7\u00e3o especializada garante uma instala\u00e7\u00e3o confi\u00e1vel de hastes de aterramento, bem como hastes de cobre para aterramento e grampos de alta qualidade. Fabricante, exportador e fornecedor confi\u00e1vel da \u00cdndia.\",\"breadcrumb\":{\"@id\":\"https:\\\/\\\/conexmetals.com\\\/pt-br\\\/produto\\\/hardware-eletronico\\\/#breadcrumb\"},\"inLanguage\":\"pt-BR\",\"potentialAction\":[{\"@type\":\"ReadAction\",\"target\":[\"https:\\\/\\\/conexmetals.com\\\/pt-br\\\/produto\\\/hardware-eletronico\\\/\"]}]},{\"@type\":\"ImageObject\",\"inLanguage\":\"pt-BR\",\"@id\":\"https:\\\/\\\/conexmetals.com\\\/pt-br\\\/produto\\\/hardware-eletronico\\\/#primaryimage\",\"url\":\"https:\\\/\\\/conexmetals.com\\\/wp-content\\\/uploads\\\/2024\\\/12\\\/Hardware-Eletronico.png\",\"contentUrl\":\"https:\\\/\\\/conexmetals.com\\\/wp-content\\\/uploads\\\/2024\\\/12\\\/Hardware-Eletronico.png\",\"width\":350,\"height\":350,\"caption\":\"Hardware Eletr\u00f4nico\"},{\"@type\":\"BreadcrumbList\",\"@id\":\"https:\\\/\\\/conexmetals.com\\\/pt-br\\\/produto\\\/hardware-eletronico\\\/#breadcrumb\",\"itemListElement\":[{\"@type\":\"ListItem\",\"position\":1,\"name\":\"Home\",\"item\":\"https:\\\/\\\/conexmetals.com\\\/pt-br\\\/lar\\\/\"},{\"@type\":\"ListItem\",\"position\":2,\"name\":\"Products\",\"item\":\"https:\\\/\\\/conexmetals.com\\\/products\\\/\"},{\"@type\":\"ListItem\",\"position\":3,\"name\":\"Hardware Eletr\u00f4nico\"}]},{\"@type\":\"WebSite\",\"@id\":\"https:\\\/\\\/conexmetals.com\\\/pt-br\\\/#website\",\"url\":\"https:\\\/\\\/conexmetals.com\\\/pt-br\\\/\",\"name\":\"Conex Metals Brass Fittings Brass Parts Copper Parts Brass Components Brass Plumbing Fittings India\",\"description\":\"Manufacturer of Bronze Fittings casting Copper Brass parts components\",\"publisher\":{\"@id\":\"https:\\\/\\\/conexmetals.com\\\/pt-br\\\/#organization\"},\"potentialAction\":[{\"@type\":\"SearchAction\",\"target\":{\"@type\":\"EntryPoint\",\"urlTemplate\":\"https:\\\/\\\/conexmetals.com\\\/pt-br\\\/?s={search_term_string}\"},\"query-input\":{\"@type\":\"PropertyValueSpecification\",\"valueRequired\":true,\"valueName\":\"search_term_string\"}}],\"inLanguage\":\"pt-BR\"},{\"@type\":\"Organization\",\"@id\":\"https:\\\/\\\/conexmetals.com\\\/pt-br\\\/#organization\",\"name\":\"Conex Metals Brass Fittings Brass Parts Copper Parts Brass Components Brass Plumbing Fittings India\",\"url\":\"https:\\\/\\\/conexmetals.com\\\/pt-br\\\/\",\"logo\":{\"@type\":\"ImageObject\",\"inLanguage\":\"pt-BR\",\"@id\":\"https:\\\/\\\/conexmetals.com\\\/pt-br\\\/#\\\/schema\\\/logo\\\/image\\\/\",\"url\":\"https:\\\/\\\/conexmetals.com\\\/wp-content\\\/uploads\\\/2024\\\/03\\\/conex-metals-logo.webp\",\"contentUrl\":\"https:\\\/\\\/conexmetals.com\\\/wp-content\\\/uploads\\\/2024\\\/03\\\/conex-metals-logo.webp\",\"width\":300,\"height\":121,\"caption\":\"Conex Metals Brass Fittings Brass Parts Copper Parts Brass Components Brass Plumbing Fittings India\"},\"image\":{\"@id\":\"https:\\\/\\\/conexmetals.com\\\/pt-br\\\/#\\\/schema\\\/logo\\\/image\\\/\"},\"sameAs\":[\"https:\\\/\\\/www.facebook.com\\\/conexbrass\",\"https:\\\/\\\/x.com\\\/conexindia\",\"https:\\\/\\\/www.linkedin.com\\\/company\\\/conex-metals-india\\\/\",\"https:\\\/\\\/www.instagram.com\\\/conexindia\\\/\"]}]}<\/script>\n<!-- \/ Yoast SEO plugin. -->","yoast_head_json":{"title":"Hardware Eletr\u00f4nico","description":"A Conex Metals oferece hardware eletr\u00f4nico de alta qualidade, incluindo hastes de aterramento, haste de aterramento de cobre e haste de aterramento el\u00e9trica. Nossa fabrica\u00e7\u00e3o especializada garante uma instala\u00e7\u00e3o confi\u00e1vel de hastes de aterramento, bem como hastes de cobre para aterramento e grampos de alta qualidade. Fabricante, exportador e fornecedor confi\u00e1vel da \u00cdndia.","robots":{"index":"index","follow":"follow","max-snippet":"max-snippet:-1","max-image-preview":"max-image-preview:large","max-video-preview":"max-video-preview:-1"},"canonical":"https:\/\/conexmetals.com\/pt-br\/produto\/hardware-eletronico\/","schema":{"@context":"https:\/\/schema.org","@graph":[{"@type":"WebPage","@id":"https:\/\/conexmetals.com\/pt-br\/produto\/hardware-eletronico\/","url":"https:\/\/conexmetals.com\/pt-br\/produto\/hardware-eletronico\/","name":"Hardware Eletr\u00f4nico","isPartOf":{"@id":"https:\/\/conexmetals.com\/pt-br\/#website"},"primaryImageOfPage":{"@id":"https:\/\/conexmetals.com\/pt-br\/produto\/hardware-eletronico\/#primaryimage"},"image":{"@id":"https:\/\/conexmetals.com\/pt-br\/produto\/hardware-eletronico\/#primaryimage"},"thumbnailUrl":"https:\/\/conexmetals.com\/wp-content\/uploads\/2024\/12\/Hardware-Eletronico.png","datePublished":"2023-08-18T05:11:00+00:00","dateModified":"2024-12-31T10:02:10+00:00","description":"A Conex Metals oferece hardware eletr\u00f4nico de alta qualidade, incluindo hastes de aterramento, haste de aterramento de cobre e haste de aterramento el\u00e9trica. Nossa fabrica\u00e7\u00e3o especializada garante uma instala\u00e7\u00e3o confi\u00e1vel de hastes de aterramento, bem como hastes de cobre para aterramento e grampos de alta qualidade. Fabricante, exportador e fornecedor confi\u00e1vel da \u00cdndia.","breadcrumb":{"@id":"https:\/\/conexmetals.com\/pt-br\/produto\/hardware-eletronico\/#breadcrumb"},"inLanguage":"pt-BR","potentialAction":[{"@type":"ReadAction","target":["https:\/\/conexmetals.com\/pt-br\/produto\/hardware-eletronico\/"]}]},{"@type":"ImageObject","inLanguage":"pt-BR","@id":"https:\/\/conexmetals.com\/pt-br\/produto\/hardware-eletronico\/#primaryimage","url":"https:\/\/conexmetals.com\/wp-content\/uploads\/2024\/12\/Hardware-Eletronico.png","contentUrl":"https:\/\/conexmetals.com\/wp-content\/uploads\/2024\/12\/Hardware-Eletronico.png","width":350,"height":350,"caption":"Hardware Eletr\u00f4nico"},{"@type":"BreadcrumbList","@id":"https:\/\/conexmetals.com\/pt-br\/produto\/hardware-eletronico\/#breadcrumb","itemListElement":[{"@type":"ListItem","position":1,"name":"Home","item":"https:\/\/conexmetals.com\/pt-br\/lar\/"},{"@type":"ListItem","position":2,"name":"Products","item":"https:\/\/conexmetals.com\/products\/"},{"@type":"ListItem","position":3,"name":"Hardware Eletr\u00f4nico"}]},{"@type":"WebSite","@id":"https:\/\/conexmetals.com\/pt-br\/#website","url":"https:\/\/conexmetals.com\/pt-br\/","name":"Conex Metals Brass Fittings Brass Parts Copper Parts Brass Components Brass Plumbing Fittings India","description":"Manufacturer of Bronze Fittings casting Copper Brass parts components","publisher":{"@id":"https:\/\/conexmetals.com\/pt-br\/#organization"},"potentialAction":[{"@type":"SearchAction","target":{"@type":"EntryPoint","urlTemplate":"https:\/\/conexmetals.com\/pt-br\/?s={search_term_string}"},"query-input":{"@type":"PropertyValueSpecification","valueRequired":true,"valueName":"search_term_string"}}],"inLanguage":"pt-BR"},{"@type":"Organization","@id":"https:\/\/conexmetals.com\/pt-br\/#organization","name":"Conex Metals Brass Fittings Brass Parts Copper Parts Brass Components Brass Plumbing Fittings India","url":"https:\/\/conexmetals.com\/pt-br\/","logo":{"@type":"ImageObject","inLanguage":"pt-BR","@id":"https:\/\/conexmetals.com\/pt-br\/#\/schema\/logo\/image\/","url":"https:\/\/conexmetals.com\/wp-content\/uploads\/2024\/03\/conex-metals-logo.webp","contentUrl":"https:\/\/conexmetals.com\/wp-content\/uploads\/2024\/03\/conex-metals-logo.webp","width":300,"height":121,"caption":"Conex Metals Brass Fittings Brass Parts Copper Parts Brass Components Brass Plumbing Fittings India"},"image":{"@id":"https:\/\/conexmetals.com\/pt-br\/#\/schema\/logo\/image\/"},"sameAs":["https:\/\/www.facebook.com\/conexbrass","https:\/\/x.com\/conexindia","https:\/\/www.linkedin.com\/company\/conex-metals-india\/","https:\/\/www.instagram.com\/conexindia\/"]}]}},"_links":{"self":[{"href":"https:\/\/conexmetals.com\/pt-br\/wp-json\/wp\/v2\/product\/12391","targetHints":{"allow":["GET"]}}],"collection":[{"href":"https:\/\/conexmetals.com\/pt-br\/wp-json\/wp\/v2\/product"}],"about":[{"href":"https:\/\/conexmetals.com\/pt-br\/wp-json\/wp\/v2\/types\/product"}],"wp:featuredmedia":[{"embeddable":true,"href":"https:\/\/conexmetals.com\/pt-br\/wp-json\/wp\/v2\/media\/10318"}],"wp:attachment":[{"href":"https:\/\/conexmetals.com\/pt-br\/wp-json\/wp\/v2\/media?parent=12391"}],"wp:term":[{"taxonomy":"product_brand","embeddable":true,"href":"https:\/\/conexmetals.com\/pt-br\/wp-json\/wp\/v2\/product_brand?post=12391"},{"taxonomy":"product_cat","embeddable":true,"href":"https:\/\/conexmetals.com\/pt-br\/wp-json\/wp\/v2\/product_cat?post=12391"},{"taxonomy":"product_tag","embeddable":true,"href":"https:\/\/conexmetals.com\/pt-br\/wp-json\/wp\/v2\/product_tag?post=12391"}],"curies":[{"name":"wp","href":"https:\/\/api.w.org\/{rel}","templated":true}]}}