{"id":12400,"date":"2023-08-18T10:27:45","date_gmt":"2023-08-18T04:57:45","guid":{"rendered":"https:\/\/conexmetals.com\/?post_type=product&#038;p=12400"},"modified":"2024-12-31T15:57:09","modified_gmt":"2024-12-31T10:27:09","slug":"fita-de-aterramento-de-cobre-nua","status":"publish","type":"product","link":"https:\/\/conexmetals.com\/pt-br\/produto\/fita-de-aterramento-de-cobre-nua\/","title":{"rendered":"Fita de aterramento de cobre (nua)"},"content":{"rendered":"","protected":false},"excerpt":{"rendered":"<table id=\"tablepress-332\" class=\"tablepress tablepress-id-332\">\n<caption>\u00a0<\/caption>\n<thead>\n<tr class=\"row-1 odd\">\n<th class=\"column-1\" colspan=\"5\"><strong><span>Fita de cobre nua<\/span><\/strong><\/th>\n<\/tr>\n<\/thead>\n<tbody class=\"row-hover\">\n<tr class=\"row-2 even\">\n<td class=\"column-1\"><strong><span>N\u00famero de s\u00e9rie<\/span><\/strong><\/td>\n<td class=\"column-2\"><strong><span>Tamanho da Cond. (Axb)(MM)<\/span><\/strong><\/td>\n<td class=\"column-3\"><strong><span>CSA (mm\u00b2)<\/span><\/strong><\/td>\n<td class=\"column-4\"><strong><span>Peso (KG\/M)<\/span><\/strong><\/td>\n<td class=\"column-5\"><strong><span>Tamanho da bobina (M)<\/span><\/strong><\/td>\n<\/tr>\n<tr class=\"row-3 odd\">\n<td class=\"column-1\"><span>1<\/span><\/td>\n<td class=\"column-2\"><span>12,5&#215;1,5<\/span><\/td>\n<td class=\"column-3\"><span>18,75<\/span><\/td>\n<td class=\"column-4\"><span>0,17<\/span><\/td>\n<td class=\"column-5\"><span>100<\/span><\/td>\n<\/tr>\n<tr class=\"row-4 even\">\n<td class=\"column-1\"><span>2<\/span><\/td>\n<td class=\"column-2\"><span>12,5&#215;3<\/span><\/td>\n<td class=\"column-3\"><span>37,5<\/span><\/td>\n<td class=\"column-4\"><span>0,33<\/span><\/td>\n<td class=\"column-5\"><span>100<\/span><\/td>\n<\/tr>\n<tr class=\"row-5 odd\">\n<td class=\"column-1\"><span>3<\/span><\/td>\n<td class=\"column-2\"><span>20 x 1,5<\/span><\/td>\n<td class=\"column-3\"><span>30<\/span><\/td>\n<td class=\"column-4\"><span>0,27<\/span><\/td>\n<td class=\"column-5\"><span>100<\/span><\/td>\n<\/tr>\n<tr class=\"row-6 even\">\n<td class=\"column-1\"><span>4<\/span><\/td>\n<td class=\"column-2\"><span>20&#215;3<\/span><\/td>\n<td class=\"column-3\"><span>60<\/span><\/td>\n<td class=\"column-4\"><span>0,53<\/span><\/td>\n<td class=\"column-5\"><span>100<\/span><\/td>\n<\/tr>\n<tr class=\"row-7 odd\">\n<td class=\"column-1\"><span>5<\/span><\/td>\n<td class=\"column-2\"><span>25 x 1,5<\/span><\/td>\n<td class=\"column-3\"><span>37,5<\/span><\/td>\n<td class=\"column-4\"><span>0,33<\/span><\/td>\n<td class=\"column-5\"><span>100<\/span><\/td>\n<\/tr>\n<tr class=\"row-8 even\">\n<td class=\"column-1\"><span>6<\/span><\/td>\n<td class=\"column-2\"><span>25&#215;3<\/span><\/td>\n<td class=\"column-3\"><span>75<\/span><\/td>\n<td class=\"column-4\"><span>0,67<\/span><\/td>\n<td class=\"column-5\"><span>25 ou 50<\/span><\/td>\n<\/tr>\n<tr class=\"row-9 odd\">\n<td class=\"column-1\"><span>7<\/span><\/td>\n<td class=\"column-2\"><span>25&#215;4<\/span><\/td>\n<td class=\"column-3\"><span>100<\/span><\/td>\n<td class=\"column-4\"><span>0,89<\/span><\/td>\n<td class=\"column-5\"><span>50<\/span><\/td>\n<\/tr>\n<tr class=\"row-10 even\">\n<td class=\"column-1\"><span>8<\/span><\/td>\n<td class=\"column-2\"><span>25&#215;6<\/span><\/td>\n<td class=\"column-3\"><span>150<\/span><\/td>\n<td class=\"column-4\"><span>1,34<\/span><\/td>\n<td class=\"column-5\"><span>40<\/span><\/td>\n<\/tr>\n<tr class=\"row-11 odd\">\n<td class=\"column-1\"><span>9<\/span><\/td>\n<td class=\"column-2\"><span>30&#215;2<\/span><\/td>\n<td class=\"column-3\"><span>60<\/span><\/td>\n<td class=\"column-4\"><span>0,53<\/span><\/td>\n<td class=\"column-5\"><span>50<\/span><\/td>\n<\/tr>\n<tr class=\"row-12 even\">\n<td class=\"column-1\"><span>10<\/span><\/td>\n<td class=\"column-2\"><span>30&#215;3<\/span><\/td>\n<td class=\"column-3\"><span>90<\/span><\/td>\n<td class=\"column-4\"><span>0,8<\/span><\/td>\n<td class=\"column-5\"><span>50<\/span><\/td>\n<\/tr>\n<tr class=\"row-13 odd\">\n<td class=\"column-1\"><span>11<\/span><\/td>\n<td class=\"column-2\"><span>30&#215;4<\/span><\/td>\n<td class=\"column-3\"><span>120<\/span><\/td>\n<td class=\"column-4\"><span>1.07<\/span><\/td>\n<td class=\"column-5\"><span>40<\/span><\/td>\n<\/tr>\n<tr class=\"row-14 even\">\n<td class=\"column-1\"><span>12<\/span><\/td>\n<td class=\"column-2\"><span>30&#215;5<\/span><\/td>\n<td class=\"column-3\"><span>150<\/span><\/td>\n<td class=\"column-4\"><span>1,33<\/span><\/td>\n<td class=\"column-5\"><span>40<\/span><\/td>\n<\/tr>\n<tr class=\"row-15 odd\">\n<td class=\"column-1\"><span>13<\/span><\/td>\n<td class=\"column-2\"><span>31 x 3<\/span><\/td>\n<td class=\"column-3\"><span>93<\/span><\/td>\n<td class=\"column-4\"><span>0,83<\/span><\/td>\n<td class=\"column-5\"><span>50<\/span><\/td>\n<\/tr>\n<tr class=\"row-16 even\">\n<td class=\"column-1\"><span>14<\/span><\/td>\n<td class=\"column-2\"><span>31 x 6<\/span><\/td>\n<td class=\"column-3\"><span>186<\/span><\/td>\n<td class=\"column-4\"><span>1,65<\/span><\/td>\n<td class=\"column-5\"><span>30<\/span><\/td>\n<\/tr>\n<tr class=\"row-17 odd\">\n<td class=\"column-1\"><span>15<\/span><\/td>\n<td class=\"column-2\"><span>38&#215;3<\/span><\/td>\n<td class=\"column-3\"><span>114<\/span><\/td>\n<td class=\"column-4\"><span>1.01<\/span><\/td>\n<td class=\"column-5\"><span>50<\/span><\/td>\n<\/tr>\n<tr class=\"row-18 even\">\n<td class=\"column-1\"><span>16<\/span><\/td>\n<td class=\"column-2\"><span>38&#215;5<\/span><\/td>\n<td class=\"column-3\"><span>190<\/span><\/td>\n<td class=\"column-4\"><span>1,69<\/span><\/td>\n<td class=\"column-5\"><span>30<\/span><\/td>\n<\/tr>\n<tr class=\"row-19 odd\">\n<td class=\"column-1\"><span>17<\/span><\/td>\n<td class=\"column-2\"><span>38&#215;6<\/span><\/td>\n<td class=\"column-3\"><span>228<\/span><\/td>\n<td class=\"column-4\"><span>2.03<\/span><\/td>\n<td class=\"column-5\"><span>25<\/span><\/td>\n<\/tr>\n<tr class=\"row-20 even\">\n<td class=\"column-1\"><span>18<\/span><\/td>\n<td class=\"column-2\"><span>40&#215;3<\/span><\/td>\n<td class=\"column-3\"><span>120<\/span><\/td>\n<td class=\"column-4\"><span>1.06<\/span><\/td>\n<td class=\"column-5\"><span>40<\/span><\/td>\n<\/tr>\n<tr class=\"row-21 odd\">\n<td class=\"column-1\"><span>19<\/span><\/td>\n<td class=\"column-2\"><span>40&#215;4<\/span><\/td>\n<td class=\"column-3\"><span>160<\/span><\/td>\n<td class=\"column-4\"><span>1,42<\/span><\/td>\n<td class=\"column-5\"><span>30<\/span><\/td>\n<\/tr>\n<tr class=\"row-22 even\">\n<td class=\"column-1\"><span>20<\/span><\/td>\n<td class=\"column-2\"><span>40&#215;5<\/span><\/td>\n<td class=\"column-3\"><span>200<\/span><\/td>\n<td class=\"column-4\"><span>1,78<\/span><\/td>\n<td class=\"column-5\"><span>25<\/span><\/td>\n<\/tr>\n<tr class=\"row-23 odd\">\n<td class=\"column-1\"><span>21<\/span><\/td>\n<td class=\"column-2\"><span>40&#215;6<\/span><\/td>\n<td class=\"column-3\"><span>240<\/span><\/td>\n<td class=\"column-4\"><span>2.13<\/span><\/td>\n<td class=\"column-5\"><span>25<\/span><\/td>\n<\/tr>\n<tr class=\"row-24 even\">\n<td class=\"column-1\"><span>22<\/span><\/td>\n<td class=\"column-2\"><span>50&#215;3<\/span><\/td>\n<td class=\"column-3\"><span>150<\/span><\/td>\n<td class=\"column-4\"><span>1,33<\/span><\/td>\n<td class=\"column-5\"><span>40<\/span><\/td>\n<\/tr>\n<tr class=\"row-25 odd\">\n<td class=\"column-1\"><span>23<\/span><\/td>\n<td class=\"column-2\"><span>50&#215;4<\/span><\/td>\n<td class=\"column-3\"><span>200<\/span><\/td>\n<td class=\"column-4\"><span>1,78<\/span><\/td>\n<td class=\"column-5\"><span>30<\/span><\/td>\n<\/tr>\n<tr class=\"row-26 even\">\n<td class=\"column-1\"><span>24<\/span><\/td>\n<td class=\"column-2\"><span>50&#215;5<\/span><\/td>\n<td class=\"column-3\"><span>250<\/span><\/td>\n<td class=\"column-4\"><span>2.22<\/span><\/td>\n<td class=\"column-5\"><span>20<\/span><\/td>\n<\/tr>\n<tr class=\"row-27 odd\">\n<td class=\"column-1\"><span>25<\/span><\/td>\n<td class=\"column-2\"><span>50&#215;6<\/span><\/td>\n<td class=\"column-3\"><span>300<\/span><\/td>\n<td class=\"column-4\"><span>2,68<\/span><\/td>\n<td class=\"column-5\"><span>20<\/span><\/td>\n<\/tr>\n<\/tbody>\n<\/table>\n<p><img fetchpriority=\"high\" decoding=\"async\" class=\"size-medium wp-image-6612 alignleft lazy loaded\" src=\"https:\/\/conexmetals.com\/wp-content\/uploads\/2023\/08\/bronze-vise-connectors-line-drawing-300x300.jpg\" alt=\"desenho de linha de conectores de torno de bronze\" width=\"300\" height=\"300\" data-src=\"https:\/\/conexmetals.com\/wp-content\/uploads\/2023\/08\/bronze-vise-connectors-line-drawing-300x300.jpg\" data-was-processed=\"true\" srcset=\"https:\/\/conexmetals.com\/wp-content\/uploads\/2023\/08\/bronze-vise-connectors-line-drawing-300x300.jpg 300w, https:\/\/conexmetals.com\/wp-content\/uploads\/2023\/08\/bronze-vise-connectors-line-drawing-150x150.jpg 150w, https:\/\/conexmetals.com\/wp-content\/uploads\/2023\/08\/bronze-vise-connectors-line-drawing-100x100.jpg 100w, https:\/\/conexmetals.com\/wp-content\/uploads\/2023\/08\/bronze-vise-connectors-line-drawing.jpg 350w\" sizes=\"(max-width: 300px) 100vw, 300px\" \/><\/p>\n<p><span>Fita de cobre nua \u00e9 um tipo de condutor el\u00e9trico que consiste em uma tira fina e n\u00e3o isolada de cobre met\u00e1lico. Oferecido pela Conex Metals, seu design exclusivo o torna uma solu\u00e7\u00e3o ideal para v\u00e1rias aplica\u00e7\u00f5es el\u00e9tricas e de aterramento, particularmente onde flexibilidade e facilidade de manuseio s\u00e3o cruciais.<\/span><\/p>\n<p><strong><span>Aplica\u00e7\u00f5es comuns de fita de cobre puro da Conex Metals:<\/span><\/strong><\/p>\n<ul>\n<li><strong><span>Aterramento e liga\u00e7\u00e3o:<\/span><\/strong><span>\u00a0a fita de cobre puro da Conex Metals fornece um caminho de baixa resist\u00eancia para que as correntes el\u00e9tricas fluam com seguran\u00e7a para a Terra, garantindo a seguran\u00e7a e evitando riscos el\u00e9tricos.<\/span><\/li>\n<li><strong><span>Prote\u00e7\u00e3o contra raios:<\/span><\/strong><span>\u00a0\u00c9 instalada em edif\u00edcios e estruturas para interceptar e direcionar com seguran\u00e7a os raios para o solo, protegendo ocupantes e equipamentos.<\/span><\/li>\n<li><strong><span>Blindagem el\u00e9trica:<\/span><\/strong><span>\u00a0A fita \u00e9 usada para proteger cabos e dispositivos eletr\u00f4nicos contra interfer\u00eancia eletromagn\u00e9tica (EMI) e interfer\u00eancia de radiofrequ\u00eancia (RFI).<\/span><\/li>\n<\/ul>\n<p>&nbsp;<\/p>\n<p><strong><span>Vantagens de usar a fita de cobre puro da Conex Metals:<\/span><\/strong><\/p>\n<ul>\n<li><strong><span>Flexibilidade:<\/span><\/strong><span>\u00a0A fita se adapta a v\u00e1rios formatos e superf\u00edcies, facilitando sua instala\u00e7\u00e3o e uso em uma ampla variedade de aplica\u00e7\u00f5es.<\/span><\/li>\n<li><strong><span>Alta Condutividade:<\/span><\/strong><span>\u00a0Garante conex\u00f5es el\u00e9tricas eficientes, mantendo desempenho ideal.<\/span><\/li>\n<\/ul>\n<p>&nbsp;<\/p>\n<p><strong><span>Precau\u00e7\u00f5es:<\/span><\/strong><\/p>\n<ul>\n<li><span>Manuseie com cuidado, pois a fita de cobre desencapada \u00e9 suscet\u00edvel \u00e0 oxida\u00e7\u00e3o e corros\u00e3o quando exposta \u00e0 umidade e ao ar.<\/span><\/li>\n<li><span>Com o tempo, a superf\u00edcie do cobre pode desenvolver uma p\u00e1tina esverdeada, afetando sua apar\u00eancia, mas n\u00e3o sua condutividade el\u00e9trica.<\/span><\/li>\n<\/ul>\n<p>&nbsp;<\/p>\n<p><span>Confie na Conex Metals para fita de cobre nu de alta qualidade que atende \u00e0s suas necessidades de conex\u00e3o el\u00e9trica. Nossos produtos s\u00e3o projetados para efici\u00eancia, flexibilidade e confiabilidade.<\/span><\/p>\n","protected":false},"featured_media":12397,"template":"","meta":[],"product_brand":[],"product_cat":[381],"product_tag":[],"class_list":{"0":"post-12400","1":"product","2":"type-product","3":"status-publish","4":"has-post-thumbnail","6":"product_cat-acessorios-de-aterramento","8":"first","9":"instock","10":"shipping-taxable","11":"product-type-simple"},"yoast_head":"<!-- This site is optimized with the Yoast SEO plugin v27.3 - https:\/\/yoast.com\/product\/yoast-seo-wordpress\/ -->\n<title>Fita de aterramento de cobre (nua)<\/title>\n<meta name=\"description\" content=\"Descubra a fita de cobre nua da Conex Metals, incluindo fita de aterramento de cobre e fita de cobre. Nossa linha de fitas condutivas, fios el\u00e9tricos e acess\u00f3rios para hastes de aterramento garante desempenho superior. L\u00edder fabricante, exportador e fornecedor da \u00cdndia.\" \/>\n<meta name=\"robots\" content=\"index, follow, max-snippet:-1, max-image-preview:large, max-video-preview:-1\" \/>\n<link rel=\"canonical\" href=\"https:\/\/conexmetals.com\/pt-br\/produto\/fita-de-aterramento-de-cobre-nua\/\" \/>\n<script type=\"application\/ld+json\" class=\"yoast-schema-graph\">{\"@context\":\"https:\\\/\\\/schema.org\",\"@graph\":[{\"@type\":\"WebPage\",\"@id\":\"https:\\\/\\\/conexmetals.com\\\/pt-br\\\/produto\\\/fita-de-aterramento-de-cobre-nua\\\/\",\"url\":\"https:\\\/\\\/conexmetals.com\\\/pt-br\\\/produto\\\/fita-de-aterramento-de-cobre-nua\\\/\",\"name\":\"Fita de aterramento de cobre (nua)\",\"isPartOf\":{\"@id\":\"https:\\\/\\\/conexmetals.com\\\/pt-br\\\/#website\"},\"primaryImageOfPage\":{\"@id\":\"https:\\\/\\\/conexmetals.com\\\/pt-br\\\/produto\\\/fita-de-aterramento-de-cobre-nua\\\/#primaryimage\"},\"image\":{\"@id\":\"https:\\\/\\\/conexmetals.com\\\/pt-br\\\/produto\\\/fita-de-aterramento-de-cobre-nua\\\/#primaryimage\"},\"thumbnailUrl\":\"https:\\\/\\\/conexmetals.com\\\/wp-content\\\/uploads\\\/2024\\\/12\\\/Fita-de-aterramento-de-cobre-nua.webp\",\"datePublished\":\"2023-08-18T04:57:45+00:00\",\"dateModified\":\"2024-12-31T10:27:09+00:00\",\"description\":\"Descubra a fita de cobre nua da Conex Metals, incluindo fita de aterramento de cobre e fita de cobre. Nossa linha de fitas condutivas, fios el\u00e9tricos e acess\u00f3rios para hastes de aterramento garante desempenho superior. L\u00edder fabricante, exportador e fornecedor da \u00cdndia.\",\"breadcrumb\":{\"@id\":\"https:\\\/\\\/conexmetals.com\\\/pt-br\\\/produto\\\/fita-de-aterramento-de-cobre-nua\\\/#breadcrumb\"},\"inLanguage\":\"pt-BR\",\"potentialAction\":[{\"@type\":\"ReadAction\",\"target\":[\"https:\\\/\\\/conexmetals.com\\\/pt-br\\\/produto\\\/fita-de-aterramento-de-cobre-nua\\\/\"]}]},{\"@type\":\"ImageObject\",\"inLanguage\":\"pt-BR\",\"@id\":\"https:\\\/\\\/conexmetals.com\\\/pt-br\\\/produto\\\/fita-de-aterramento-de-cobre-nua\\\/#primaryimage\",\"url\":\"https:\\\/\\\/conexmetals.com\\\/wp-content\\\/uploads\\\/2024\\\/12\\\/Fita-de-aterramento-de-cobre-nua.webp\",\"contentUrl\":\"https:\\\/\\\/conexmetals.com\\\/wp-content\\\/uploads\\\/2024\\\/12\\\/Fita-de-aterramento-de-cobre-nua.webp\",\"width\":350,\"height\":350},{\"@type\":\"BreadcrumbList\",\"@id\":\"https:\\\/\\\/conexmetals.com\\\/pt-br\\\/produto\\\/fita-de-aterramento-de-cobre-nua\\\/#breadcrumb\",\"itemListElement\":[{\"@type\":\"ListItem\",\"position\":1,\"name\":\"Home\",\"item\":\"https:\\\/\\\/conexmetals.com\\\/pt-br\\\/lar\\\/\"},{\"@type\":\"ListItem\",\"position\":2,\"name\":\"Products\",\"item\":\"https:\\\/\\\/conexmetals.com\\\/products\\\/\"},{\"@type\":\"ListItem\",\"position\":3,\"name\":\"Fita de aterramento de cobre (nua)\"}]},{\"@type\":\"WebSite\",\"@id\":\"https:\\\/\\\/conexmetals.com\\\/pt-br\\\/#website\",\"url\":\"https:\\\/\\\/conexmetals.com\\\/pt-br\\\/\",\"name\":\"Conex Metals Brass Fittings Brass Parts Copper Parts Brass Components Brass Plumbing Fittings India\",\"description\":\"Manufacturer of Bronze Fittings casting Copper Brass parts components\",\"publisher\":{\"@id\":\"https:\\\/\\\/conexmetals.com\\\/pt-br\\\/#organization\"},\"potentialAction\":[{\"@type\":\"SearchAction\",\"target\":{\"@type\":\"EntryPoint\",\"urlTemplate\":\"https:\\\/\\\/conexmetals.com\\\/pt-br\\\/?s={search_term_string}\"},\"query-input\":{\"@type\":\"PropertyValueSpecification\",\"valueRequired\":true,\"valueName\":\"search_term_string\"}}],\"inLanguage\":\"pt-BR\"},{\"@type\":\"Organization\",\"@id\":\"https:\\\/\\\/conexmetals.com\\\/pt-br\\\/#organization\",\"name\":\"Conex Metals Brass Fittings Brass Parts Copper Parts Brass Components Brass Plumbing Fittings India\",\"url\":\"https:\\\/\\\/conexmetals.com\\\/pt-br\\\/\",\"logo\":{\"@type\":\"ImageObject\",\"inLanguage\":\"pt-BR\",\"@id\":\"https:\\\/\\\/conexmetals.com\\\/pt-br\\\/#\\\/schema\\\/logo\\\/image\\\/\",\"url\":\"https:\\\/\\\/conexmetals.com\\\/wp-content\\\/uploads\\\/2024\\\/03\\\/conex-metals-logo.webp\",\"contentUrl\":\"https:\\\/\\\/conexmetals.com\\\/wp-content\\\/uploads\\\/2024\\\/03\\\/conex-metals-logo.webp\",\"width\":300,\"height\":121,\"caption\":\"Conex Metals Brass Fittings Brass Parts Copper Parts Brass Components Brass Plumbing Fittings India\"},\"image\":{\"@id\":\"https:\\\/\\\/conexmetals.com\\\/pt-br\\\/#\\\/schema\\\/logo\\\/image\\\/\"},\"sameAs\":[\"https:\\\/\\\/www.facebook.com\\\/conexbrass\",\"https:\\\/\\\/x.com\\\/conexindia\",\"https:\\\/\\\/www.linkedin.com\\\/company\\\/conex-metals-india\\\/\",\"https:\\\/\\\/www.instagram.com\\\/conexindia\\\/\"]}]}<\/script>\n<!-- \/ Yoast SEO plugin. -->","yoast_head_json":{"title":"Fita de aterramento de cobre (nua)","description":"Descubra a fita de cobre nua da Conex Metals, incluindo fita de aterramento de cobre e fita de cobre. Nossa linha de fitas condutivas, fios el\u00e9tricos e acess\u00f3rios para hastes de aterramento garante desempenho superior. L\u00edder fabricante, exportador e fornecedor da \u00cdndia.","robots":{"index":"index","follow":"follow","max-snippet":"max-snippet:-1","max-image-preview":"max-image-preview:large","max-video-preview":"max-video-preview:-1"},"canonical":"https:\/\/conexmetals.com\/pt-br\/produto\/fita-de-aterramento-de-cobre-nua\/","schema":{"@context":"https:\/\/schema.org","@graph":[{"@type":"WebPage","@id":"https:\/\/conexmetals.com\/pt-br\/produto\/fita-de-aterramento-de-cobre-nua\/","url":"https:\/\/conexmetals.com\/pt-br\/produto\/fita-de-aterramento-de-cobre-nua\/","name":"Fita de aterramento de cobre (nua)","isPartOf":{"@id":"https:\/\/conexmetals.com\/pt-br\/#website"},"primaryImageOfPage":{"@id":"https:\/\/conexmetals.com\/pt-br\/produto\/fita-de-aterramento-de-cobre-nua\/#primaryimage"},"image":{"@id":"https:\/\/conexmetals.com\/pt-br\/produto\/fita-de-aterramento-de-cobre-nua\/#primaryimage"},"thumbnailUrl":"https:\/\/conexmetals.com\/wp-content\/uploads\/2024\/12\/Fita-de-aterramento-de-cobre-nua.webp","datePublished":"2023-08-18T04:57:45+00:00","dateModified":"2024-12-31T10:27:09+00:00","description":"Descubra a fita de cobre nua da Conex Metals, incluindo fita de aterramento de cobre e fita de cobre. Nossa linha de fitas condutivas, fios el\u00e9tricos e acess\u00f3rios para hastes de aterramento garante desempenho superior. L\u00edder fabricante, exportador e fornecedor da \u00cdndia.","breadcrumb":{"@id":"https:\/\/conexmetals.com\/pt-br\/produto\/fita-de-aterramento-de-cobre-nua\/#breadcrumb"},"inLanguage":"pt-BR","potentialAction":[{"@type":"ReadAction","target":["https:\/\/conexmetals.com\/pt-br\/produto\/fita-de-aterramento-de-cobre-nua\/"]}]},{"@type":"ImageObject","inLanguage":"pt-BR","@id":"https:\/\/conexmetals.com\/pt-br\/produto\/fita-de-aterramento-de-cobre-nua\/#primaryimage","url":"https:\/\/conexmetals.com\/wp-content\/uploads\/2024\/12\/Fita-de-aterramento-de-cobre-nua.webp","contentUrl":"https:\/\/conexmetals.com\/wp-content\/uploads\/2024\/12\/Fita-de-aterramento-de-cobre-nua.webp","width":350,"height":350},{"@type":"BreadcrumbList","@id":"https:\/\/conexmetals.com\/pt-br\/produto\/fita-de-aterramento-de-cobre-nua\/#breadcrumb","itemListElement":[{"@type":"ListItem","position":1,"name":"Home","item":"https:\/\/conexmetals.com\/pt-br\/lar\/"},{"@type":"ListItem","position":2,"name":"Products","item":"https:\/\/conexmetals.com\/products\/"},{"@type":"ListItem","position":3,"name":"Fita de aterramento de cobre (nua)"}]},{"@type":"WebSite","@id":"https:\/\/conexmetals.com\/pt-br\/#website","url":"https:\/\/conexmetals.com\/pt-br\/","name":"Conex Metals Brass Fittings Brass Parts Copper Parts Brass Components Brass Plumbing Fittings India","description":"Manufacturer of Bronze Fittings casting Copper Brass parts components","publisher":{"@id":"https:\/\/conexmetals.com\/pt-br\/#organization"},"potentialAction":[{"@type":"SearchAction","target":{"@type":"EntryPoint","urlTemplate":"https:\/\/conexmetals.com\/pt-br\/?s={search_term_string}"},"query-input":{"@type":"PropertyValueSpecification","valueRequired":true,"valueName":"search_term_string"}}],"inLanguage":"pt-BR"},{"@type":"Organization","@id":"https:\/\/conexmetals.com\/pt-br\/#organization","name":"Conex Metals Brass Fittings Brass Parts Copper Parts Brass Components Brass Plumbing Fittings India","url":"https:\/\/conexmetals.com\/pt-br\/","logo":{"@type":"ImageObject","inLanguage":"pt-BR","@id":"https:\/\/conexmetals.com\/pt-br\/#\/schema\/logo\/image\/","url":"https:\/\/conexmetals.com\/wp-content\/uploads\/2024\/03\/conex-metals-logo.webp","contentUrl":"https:\/\/conexmetals.com\/wp-content\/uploads\/2024\/03\/conex-metals-logo.webp","width":300,"height":121,"caption":"Conex Metals Brass Fittings Brass Parts Copper Parts Brass Components Brass Plumbing Fittings India"},"image":{"@id":"https:\/\/conexmetals.com\/pt-br\/#\/schema\/logo\/image\/"},"sameAs":["https:\/\/www.facebook.com\/conexbrass","https:\/\/x.com\/conexindia","https:\/\/www.linkedin.com\/company\/conex-metals-india\/","https:\/\/www.instagram.com\/conexindia\/"]}]}},"_links":{"self":[{"href":"https:\/\/conexmetals.com\/pt-br\/wp-json\/wp\/v2\/product\/12400","targetHints":{"allow":["GET"]}}],"collection":[{"href":"https:\/\/conexmetals.com\/pt-br\/wp-json\/wp\/v2\/product"}],"about":[{"href":"https:\/\/conexmetals.com\/pt-br\/wp-json\/wp\/v2\/types\/product"}],"wp:featuredmedia":[{"embeddable":true,"href":"https:\/\/conexmetals.com\/pt-br\/wp-json\/wp\/v2\/media\/12397"}],"wp:attachment":[{"href":"https:\/\/conexmetals.com\/pt-br\/wp-json\/wp\/v2\/media?parent=12400"}],"wp:term":[{"taxonomy":"product_brand","embeddable":true,"href":"https:\/\/conexmetals.com\/pt-br\/wp-json\/wp\/v2\/product_brand?post=12400"},{"taxonomy":"product_cat","embeddable":true,"href":"https:\/\/conexmetals.com\/pt-br\/wp-json\/wp\/v2\/product_cat?post=12400"},{"taxonomy":"product_tag","embeddable":true,"href":"https:\/\/conexmetals.com\/pt-br\/wp-json\/wp\/v2\/product_tag?post=12400"}],"curies":[{"name":"wp","href":"https:\/\/api.w.org\/{rel}","templated":true}]}}