{"id":12415,"date":"2023-08-18T10:29:06","date_gmt":"2023-08-18T04:59:06","guid":{"rendered":"https:\/\/conexmetals.com\/?post_type=product&#038;p=12415"},"modified":"2024-12-31T17:23:10","modified_gmt":"2024-12-31T11:53:10","slug":"clipes-de-fita-dc","status":"publish","type":"product","link":"https:\/\/conexmetals.com\/pt-br\/produto\/clipes-de-fita-dc\/","title":{"rendered":"Clipes de fita DC"},"content":{"rendered":"","protected":false},"excerpt":{"rendered":"<table id=\"tablepress-334\" class=\"tablepress tablepress-id-334\">\n<caption>\u00a0<\/caption>\n<thead>\n<tr class=\"row-1 odd\">\n<th class=\"column-1\" colspan=\"5\"><strong><span>Clipes de fita DC<\/span><\/strong><\/th>\n<th class=\"column-6\"><\/th>\n<\/tr>\n<\/thead>\n<tbody class=\"row-hover\">\n<tr class=\"row-2 even\">\n<td class=\"column-1\"><strong><span>\u00a0Tamanho do condutor mm<\/span><\/strong><\/td>\n<td class=\"column-2\"><strong><span>Material condutor<\/span><\/strong><\/td>\n<td class=\"column-3\"><strong><span>L mm\u00a0\u00a0<\/span><\/strong><\/td>\n<td class=\"column-4\"><strong><span>L mm\u00a0\u00a0\u00a0<\/span><\/strong><\/td>\n<td class=\"column-5\"><strong><span>Hum\u00a0<\/span><\/strong><\/td>\n<td class=\"column-6\"><\/td>\n<\/tr>\n<tr class=\"row-3 odd\">\n<td class=\"column-1\"><span>25 x 3<\/span><\/td>\n<td class=\"column-2\"><span>Goma met\u00e1lica<\/span><\/td>\n<td class=\"column-3\"><span>50<\/span><\/td>\n<td class=\"column-4\"><span>20<\/span><\/td>\n<td class=\"column-5\"><span>10<\/span><\/td>\n<td class=\"column-6\"><\/td>\n<\/tr>\n<tr class=\"row-4 even\">\n<td class=\"column-1\"><span>25 x 6<\/span><\/td>\n<td class=\"column-2\"><span>Goma met\u00e1lica<\/span><\/td>\n<td class=\"column-3\"><span>50<\/span><\/td>\n<td class=\"column-4\"><span>20<\/span><\/td>\n<td class=\"column-5\"><span>12<\/span><\/td>\n<td class=\"column-6\"><\/td>\n<\/tr>\n<tr class=\"row-5 odd\">\n<td class=\"column-1\"><span>31 x 3<\/span><\/td>\n<td class=\"column-2\"><span>Goma met\u00e1lica<\/span><\/td>\n<td class=\"column-3\"><span>60<\/span><\/td>\n<td class=\"column-4\"><span>20<\/span><\/td>\n<td class=\"column-5\"><span>10<\/span><\/td>\n<td class=\"column-6\"><\/td>\n<\/tr>\n<tr class=\"row-6 even\">\n<td class=\"column-1\"><span>31 x 6<\/span><\/td>\n<td class=\"column-2\"><span>Goma met\u00e1lica<\/span><\/td>\n<td class=\"column-3\"><span>60<\/span><\/td>\n<td class=\"column-4\"><span>20<\/span><\/td>\n<td class=\"column-5\"><span>12<\/span><\/td>\n<td class=\"column-6\"><\/td>\n<\/tr>\n<tr class=\"row-7 odd\">\n<td class=\"column-1\"><span>38 x 3<\/span><\/td>\n<td class=\"column-2\"><span>Goma met\u00e1lica<\/span><\/td>\n<td class=\"column-3\"><span>64<\/span><\/td>\n<td class=\"column-4\"><span>20<\/span><\/td>\n<td class=\"column-5\"><span>10<\/span><\/td>\n<td class=\"column-6\"><\/td>\n<\/tr>\n<tr class=\"row-8 even\">\n<td class=\"column-1\"><span>38 x 6<\/span><\/td>\n<td class=\"column-2\"><span>Goma met\u00e1lica<\/span><\/td>\n<td class=\"column-3\"><span>64<\/span><\/td>\n<td class=\"column-4\"><span>20<\/span><\/td>\n<td class=\"column-5\"><span>12<\/span><\/td>\n<td class=\"column-6\"><\/td>\n<\/tr>\n<tr class=\"row-9 odd\">\n<td class=\"column-1\"><span>40 x 4<\/span><\/td>\n<td class=\"column-2\"><span>Goma met\u00e1lica<\/span><\/td>\n<td class=\"column-3\"><\/td>\n<td class=\"column-4\"><\/td>\n<td class=\"column-5\"><\/td>\n<td class=\"column-6\"><\/td>\n<\/tr>\n<tr class=\"row-10 even\">\n<td class=\"column-1\"><span>40 x 6<\/span><\/td>\n<td class=\"column-2\"><span>Goma met\u00e1lica<\/span><\/td>\n<td class=\"column-3\"><\/td>\n<td class=\"column-4\"><\/td>\n<td class=\"column-5\"><\/td>\n<td class=\"column-6\"><\/td>\n<\/tr>\n<tr class=\"row-11 odd\">\n<td class=\"column-1\"><span>50 x 3<\/span><\/td>\n<td class=\"column-2\"><span>Goma met\u00e1lica<\/span><\/td>\n<td class=\"column-3\"><span>80<\/span><\/td>\n<td class=\"column-4\"><span>20<\/span><\/td>\n<td class=\"column-5\"><\/td>\n<td class=\"column-6\"><\/td>\n<\/tr>\n<tr class=\"row-12 even\">\n<td class=\"column-1\"><span>50 x 6<\/span><\/td>\n<td class=\"column-2\"><span>Goma met\u00e1lica<\/span><\/td>\n<td class=\"column-3\"><span>80<\/span><\/td>\n<td class=\"column-4\"><span>20<\/span><\/td>\n<td class=\"column-5\"><\/td>\n<td class=\"column-6\"><\/td>\n<\/tr>\n<tr class=\"row-13 odd\">\n<td class=\"column-1\"><\/td>\n<td class=\"column-2\"><\/td>\n<td class=\"column-3\"><\/td>\n<td class=\"column-4\"><\/td>\n<td class=\"column-5\"><\/td>\n<td class=\"column-6\"><\/td>\n<\/tr>\n<tr class=\"row-14 even\">\n<td class=\"column-1\"><span>25 x 3<\/span><\/td>\n<td class=\"column-2\"><span>Alum\u00ednio<\/span><\/td>\n<td class=\"column-3\"><span>56<\/span><\/td>\n<td class=\"column-4\"><span>20<\/span><\/td>\n<td class=\"column-5\"><span>14<\/span><\/td>\n<td class=\"column-6\"><\/td>\n<\/tr>\n<tr class=\"row-15 odd\">\n<td class=\"column-1\"><span>25 x 6<\/span><\/td>\n<td class=\"column-2\"><span>Alum\u00ednio<\/span><\/td>\n<td class=\"column-3\"><span>58<\/span><\/td>\n<td class=\"column-4\"><span>20<\/span><\/td>\n<td class=\"column-5\"><span>18<\/span><\/td>\n<td class=\"column-6\"><\/td>\n<\/tr>\n<tr class=\"row-16 even\">\n<td class=\"column-1\"><span>31 x 3<\/span><\/td>\n<td class=\"column-2\"><span>Alum\u00ednio<\/span><\/td>\n<td class=\"column-3\"><\/td>\n<td class=\"column-4\"><\/td>\n<td class=\"column-5\"><\/td>\n<td class=\"column-6\"><\/td>\n<\/tr>\n<tr class=\"row-17 odd\">\n<td class=\"column-1\"><span>31 x 6<\/span><\/td>\n<td class=\"column-2\"><span>Alum\u00ednio<\/span><\/td>\n<td class=\"column-3\"><\/td>\n<td class=\"column-4\"><\/td>\n<td class=\"column-5\"><\/td>\n<td class=\"column-6\"><\/td>\n<\/tr>\n<tr class=\"row-18 even\">\n<td class=\"column-1\"><span>38 x 3<\/span><\/td>\n<td class=\"column-2\"><span>Alum\u00ednio<\/span><\/td>\n<td class=\"column-3\"><\/td>\n<td class=\"column-4\"><\/td>\n<td class=\"column-5\"><\/td>\n<td class=\"column-6\"><\/td>\n<\/tr>\n<tr class=\"row-19 odd\">\n<td class=\"column-1\"><span>38 x 6<\/span><\/td>\n<td class=\"column-2\"><span>Alum\u00ednio<\/span><\/td>\n<td class=\"column-3\"><\/td>\n<td class=\"column-4\"><\/td>\n<td class=\"column-5\"><\/td>\n<td class=\"column-6\"><\/td>\n<\/tr>\n<tr class=\"row-20 even\">\n<td class=\"column-1\"><span>40 x 4<\/span><\/td>\n<td class=\"column-2\"><span>Alum\u00ednio<\/span><\/td>\n<td class=\"column-3\"><\/td>\n<td class=\"column-4\"><\/td>\n<td class=\"column-5\"><\/td>\n<td class=\"column-6\"><\/td>\n<\/tr>\n<tr class=\"row-21 odd\">\n<td class=\"column-1\"><span>40 x 6<\/span><\/td>\n<td class=\"column-2\"><span>Alum\u00ednio<\/span><\/td>\n<td class=\"column-3\"><\/td>\n<td class=\"column-4\"><\/td>\n<td class=\"column-5\"><\/td>\n<td class=\"column-6\"><\/td>\n<\/tr>\n<tr class=\"row-22 even\">\n<td class=\"column-1\"><span>50 x 3<\/span><\/td>\n<td class=\"column-2\"><span>Alum\u00ednio<\/span><\/td>\n<td class=\"column-3\"><\/td>\n<td class=\"column-4\"><\/td>\n<td class=\"column-5\"><\/td>\n<td class=\"column-6\"><\/td>\n<\/tr>\n<tr class=\"row-23 odd\">\n<td class=\"column-1\"><span>50 x 6<\/span><\/td>\n<td class=\"column-2\"><span>Alum\u00ednio<\/span><\/td>\n<td class=\"column-3\"><span>91<\/span><\/td>\n<td class=\"column-4\"><span>20<\/span><\/td>\n<td class=\"column-5\"><span>19<\/span><\/td>\n<td class=\"column-6\"><\/td>\n<\/tr>\n<tr class=\"row-24 even\">\n<td class=\"column-1\"><\/td>\n<td class=\"column-2\"><\/td>\n<td class=\"column-3\"><\/td>\n<td class=\"column-4\"><\/td>\n<td class=\"column-5\"><\/td>\n<td class=\"column-6\"><\/td>\n<\/tr>\n<tr class=\"row-25 odd\">\n<td class=\"column-1\"><span>25 x 3<\/span><\/td>\n<td class=\"column-2\"><span>Lat\u00e3o<\/span><\/td>\n<td class=\"column-3\"><span>77<\/span><\/td>\n<td class=\"column-4\"><span>27<\/span><\/td>\n<td class=\"column-5\"><span>25<\/span><\/td>\n<td class=\"column-6\"><\/td>\n<\/tr>\n<tr class=\"row-26 even\">\n<td class=\"column-1\"><span>25 x 6<\/span><\/td>\n<td class=\"column-2\"><span>Lat\u00e3o<\/span><\/td>\n<td class=\"column-3\"><\/td>\n<td class=\"column-4\"><\/td>\n<td class=\"column-5\"><\/td>\n<td class=\"column-6\"><\/td>\n<\/tr>\n<tr class=\"row-27 odd\">\n<td class=\"column-1\"><span>31 x 3<\/span><\/td>\n<td class=\"column-2\"><span>Lat\u00e3o<\/span><\/td>\n<td class=\"column-3\"><\/td>\n<td class=\"column-4\"><\/td>\n<td class=\"column-5\"><\/td>\n<td class=\"column-6\"><\/td>\n<\/tr>\n<tr class=\"row-28 even\">\n<td class=\"column-1\"><span>31 x 6<\/span><\/td>\n<td class=\"column-2\"><span>Lat\u00e3o<\/span><\/td>\n<td class=\"column-3\"><\/td>\n<td class=\"column-4\"><\/td>\n<td class=\"column-5\"><\/td>\n<td class=\"column-6\"><\/td>\n<\/tr>\n<tr class=\"row-29 odd\">\n<td class=\"column-1\"><span>38 x 3<\/span><\/td>\n<td class=\"column-2\"><span>Lat\u00e3o<\/span><\/td>\n<td class=\"column-3\"><\/td>\n<td class=\"column-4\"><\/td>\n<td class=\"column-5\"><\/td>\n<td class=\"column-6\"><\/td>\n<\/tr>\n<tr class=\"row-30 even\">\n<td class=\"column-1\"><span>38 x 6<\/span><\/td>\n<td class=\"column-2\"><span>Lat\u00e3o<\/span><\/td>\n<td class=\"column-3\"><\/td>\n<td class=\"column-4\"><\/td>\n<td class=\"column-5\"><\/td>\n<td class=\"column-6\"><\/td>\n<\/tr>\n<tr class=\"row-31 odd\">\n<td class=\"column-1\"><span>40 x 4<\/span><\/td>\n<td class=\"column-2\"><span>Lat\u00e3o<\/span><\/td>\n<td class=\"column-3\"><\/td>\n<td class=\"column-4\"><\/td>\n<td class=\"column-5\"><\/td>\n<td class=\"column-6\"><\/td>\n<\/tr>\n<tr class=\"row-32 even\">\n<td class=\"column-1\"><span>40 x 6<\/span><\/td>\n<td class=\"column-2\"><span>Lat\u00e3o<\/span><\/td>\n<td class=\"column-3\"><\/td>\n<td class=\"column-4\"><\/td>\n<td class=\"column-5\"><\/td>\n<td class=\"column-6\"><\/td>\n<\/tr>\n<tr class=\"row-33 odd\">\n<td class=\"column-1\"><span>50 x 3<\/span><\/td>\n<td class=\"column-2\"><span>Lat\u00e3o<\/span><\/td>\n<td class=\"column-3\"><\/td>\n<td class=\"column-4\"><\/td>\n<td class=\"column-5\"><\/td>\n<td class=\"column-6\"><\/td>\n<\/tr>\n<tr class=\"row-34 even\">\n<td class=\"column-1\"><span>50 x 6<\/span><\/td>\n<td class=\"column-2\"><span>Lat\u00e3o<\/span><\/td>\n<td class=\"column-3\"><\/td>\n<td class=\"column-4\"><\/td>\n<td class=\"column-5\"><\/td>\n<td class=\"column-6\"><\/td>\n<\/tr>\n<tr class=\"row-35 odd\">\n<td class=\"column-1\"><\/td>\n<td class=\"column-2\"><\/td>\n<td class=\"column-3\"><\/td>\n<td class=\"column-4\"><\/td>\n<td class=\"column-5\"><\/td>\n<td class=\"column-6\"><\/td>\n<\/tr>\n<tr class=\"row-36 even\">\n<td class=\"column-1\"><span>25 x 3<\/span><\/td>\n<td class=\"column-2\"><span>Cobre<\/span><\/td>\n<td class=\"column-3\"><\/td>\n<td class=\"column-4\"><\/td>\n<td class=\"column-5\"><\/td>\n<td class=\"column-6\"><\/td>\n<\/tr>\n<tr class=\"row-37 odd\">\n<td class=\"column-1\"><span>31 x 3<\/span><\/td>\n<td class=\"column-2\"><span>Cobre<\/span><\/td>\n<td class=\"column-3\"><\/td>\n<td class=\"column-4\"><\/td>\n<td class=\"column-5\"><\/td>\n<td class=\"column-6\"><\/td>\n<\/tr>\n<tr class=\"row-38 even\">\n<td class=\"column-1\"><span>50 x 6<\/span><\/td>\n<td class=\"column-2\"><span>Cobre<\/span><\/td>\n<td class=\"column-3\"><\/td>\n<td class=\"column-4\"><\/td>\n<td class=\"column-5\"><\/td>\n<td class=\"column-6\"><\/td>\n<\/tr>\n<\/tbody>\n<\/table>\n<p><img fetchpriority=\"high\" decoding=\"async\" class=\"size-medium wp-image-6700 alignright lazy loaded\" src=\"https:\/\/conexmetals.com\/wp-content\/uploads\/2023\/08\/DC-Tape-Clips-line-drawing-300x300.jpg\" alt=\"Desenho de linha de clipes de fita DC\" width=\"300\" height=\"300\" data-src=\"https:\/\/conexmetals.com\/wp-content\/uploads\/2023\/08\/DC-Tape-Clips-line-drawing-300x300.jpg\" data-was-processed=\"true\" srcset=\"https:\/\/conexmetals.com\/wp-content\/uploads\/2023\/08\/DC-Tape-Clips-line-drawing-300x300.jpg 300w, https:\/\/conexmetals.com\/wp-content\/uploads\/2023\/08\/DC-Tape-Clips-line-drawing-150x150.jpg 150w, https:\/\/conexmetals.com\/wp-content\/uploads\/2023\/08\/DC-Tape-Clips-line-drawing-100x100.jpg 100w, https:\/\/conexmetals.com\/wp-content\/uploads\/2023\/08\/DC-Tape-Clips-line-drawing.jpg 355w\" sizes=\"(max-width: 300px) 100vw, 300px\" \/><span>Clipes de fita DC, tamb\u00e9m conhecidos como clipes de fita de corrente cont\u00ednua ou clipes de cabo, s\u00e3o pequenos clipes de metal ou pl\u00e1stico projetados para prender e prender cabos ou fitas el\u00e9tricas DC (corrente cont\u00ednua) a uma superf\u00edcie fixa. Eles s\u00e3o comumente usados \u200b\u200bem instala\u00e7\u00f5es el\u00e9tricas, tanto em ambientes internos quanto externos, para garantir o gerenciamento adequado dos cabos e evitar que os cabos fiquem ca\u00eddos ou pendurados frouxamente.<\/span><\/p>\n<p><strong><span>Principais caracter\u00edsticas e usos dos clipes de fita DC incluem:<\/span><\/strong><\/p>\n<ol>\n<li><strong><span>Fixa\u00e7\u00e3o de cabos DC:<\/span><\/strong><span>\u00a0clipes de fita DC s\u00e3o usados \u200b\u200bpara segurar cabos de energia DC ou fitas el\u00e9tricas firmemente no lugar. Eles evitam que os cabos se movam ou fiquem emaranhados, o que pode ajudar a manter um sistema el\u00e9trico limpo e organizado.<\/span><\/li>\n<li><strong><span>Preven\u00e7\u00e3o de danos:<\/span><\/strong><span>\u00a0Ao prender os cabos CC, os clipes ajudam a evitar poss\u00edveis danos que podem ser causados \u200b\u200bpelo movimento do cabo ou pela exposi\u00e7\u00e3o a fatores ambientais, como vento, chuva ou vibra\u00e7\u00f5es.<\/span><\/li>\n<li><strong><span>F\u00e1cil instala\u00e7\u00e3o:<\/span><\/strong><span>\u00a0os clipes de fita DC geralmente s\u00e3o f\u00e1ceis de instalar e podem ser fixados em v\u00e1rias superf\u00edcies, como paredes, tetos ou estruturas de suporte, usando parafusos, pregos ou suporte adesivo.<\/span><\/li>\n<li><strong><span>Material:<\/span><\/strong><span>\u00a0Os clipes de fita DC geralmente s\u00e3o feitos de metal, como a\u00e7o ou cobre, ou de materiais pl\u00e1sticos dur\u00e1veis, que fornecem for\u00e7a e resist\u00eancia a fatores ambientais.<\/span><\/li>\n<li><strong><span>Aplica\u00e7\u00e3o:<\/span><\/strong><span>\u00a0Os clipes de fita CC s\u00e3o usados \u200b\u200bem uma variedade de aplica\u00e7\u00f5es, incluindo sistemas el\u00e9tricos automotivos, instala\u00e7\u00f5es de energia solar, bancos de baterias, sistemas el\u00e9tricos mar\u00edtimos e outras configura\u00e7\u00f5es de distribui\u00e7\u00e3o de energia CC.<\/span><\/li>\n<\/ol>\n<p><span>\u00c9 importante escolher o tamanho e o tipo apropriados de clipes de fita DC com base no di\u00e2metro e no tipo de cabos ou fitas que est\u00e3o sendo fixados. Usar o tamanho certo garante um ajuste confort\u00e1vel e gerenciamento eficaz dos cabos. Al\u00e9m disso, ao instalar clipes de fita DC, deve-se tomar cuidado para n\u00e3o danificar o isolamento do cabo ou os condutores, pois isso pode comprometer a integridade el\u00e9trica do sistema.<\/span><\/p>\n","protected":false},"featured_media":12411,"template":"","meta":[],"product_brand":[],"product_cat":[381],"product_tag":[],"class_list":{"0":"post-12415","1":"product","2":"type-product","3":"status-publish","4":"has-post-thumbnail","6":"product_cat-acessorios-de-aterramento","8":"first","9":"instock","10":"shipping-taxable","11":"product-type-simple"},"yoast_head":"<!-- This site is optimized with the Yoast SEO plugin v27.3 - https:\/\/yoast.com\/product\/yoast-seo-wordpress\/ -->\n<title>Clipes de fita DC<\/title>\n<meta name=\"description\" content=\"Clipes de fita DC, clipe de fita de cobre, grampo de haste de aterramento para cabo, grampo de aterramento de cobre, grampo de liga\u00e7\u00e3o \u00e0 terra, clipes de fita DC de lat\u00e3o, grampos de condutores, grampos de fita quadrada, grampos de prote\u00e7\u00e3o contra raios, clipes de fita de liga de cobre, fabricante, exportador, fornecedor, \u00cdndia.\" \/>\n<meta name=\"robots\" content=\"index, follow, max-snippet:-1, max-image-preview:large, max-video-preview:-1\" \/>\n<link rel=\"canonical\" href=\"https:\/\/conexmetals.com\/pt-br\/produto\/clipes-de-fita-dc\/\" \/>\n<script type=\"application\/ld+json\" class=\"yoast-schema-graph\">{\"@context\":\"https:\\\/\\\/schema.org\",\"@graph\":[{\"@type\":\"WebPage\",\"@id\":\"https:\\\/\\\/conexmetals.com\\\/pt-br\\\/produto\\\/clipes-de-fita-dc\\\/\",\"url\":\"https:\\\/\\\/conexmetals.com\\\/pt-br\\\/produto\\\/clipes-de-fita-dc\\\/\",\"name\":\"Clipes de fita DC\",\"isPartOf\":{\"@id\":\"https:\\\/\\\/conexmetals.com\\\/pt-br\\\/#website\"},\"primaryImageOfPage\":{\"@id\":\"https:\\\/\\\/conexmetals.com\\\/pt-br\\\/produto\\\/clipes-de-fita-dc\\\/#primaryimage\"},\"image\":{\"@id\":\"https:\\\/\\\/conexmetals.com\\\/pt-br\\\/produto\\\/clipes-de-fita-dc\\\/#primaryimage\"},\"thumbnailUrl\":\"https:\\\/\\\/conexmetals.com\\\/wp-content\\\/uploads\\\/2024\\\/12\\\/Clipes-de-fita-DC.webp\",\"datePublished\":\"2023-08-18T04:59:06+00:00\",\"dateModified\":\"2024-12-31T11:53:10+00:00\",\"description\":\"Clipes de fita DC, clipe de fita de cobre, grampo de haste de aterramento para cabo, grampo de aterramento de cobre, grampo de liga\u00e7\u00e3o \u00e0 terra, clipes de fita DC de lat\u00e3o, grampos de condutores, grampos de fita quadrada, grampos de prote\u00e7\u00e3o contra raios, clipes de fita de liga de cobre, fabricante, exportador, fornecedor, \u00cdndia.\",\"breadcrumb\":{\"@id\":\"https:\\\/\\\/conexmetals.com\\\/pt-br\\\/produto\\\/clipes-de-fita-dc\\\/#breadcrumb\"},\"inLanguage\":\"pt-BR\",\"potentialAction\":[{\"@type\":\"ReadAction\",\"target\":[\"https:\\\/\\\/conexmetals.com\\\/pt-br\\\/produto\\\/clipes-de-fita-dc\\\/\"]}]},{\"@type\":\"ImageObject\",\"inLanguage\":\"pt-BR\",\"@id\":\"https:\\\/\\\/conexmetals.com\\\/pt-br\\\/produto\\\/clipes-de-fita-dc\\\/#primaryimage\",\"url\":\"https:\\\/\\\/conexmetals.com\\\/wp-content\\\/uploads\\\/2024\\\/12\\\/Clipes-de-fita-DC.webp\",\"contentUrl\":\"https:\\\/\\\/conexmetals.com\\\/wp-content\\\/uploads\\\/2024\\\/12\\\/Clipes-de-fita-DC.webp\",\"width\":350,\"height\":350,\"caption\":\"Clipes de fita DC\"},{\"@type\":\"BreadcrumbList\",\"@id\":\"https:\\\/\\\/conexmetals.com\\\/pt-br\\\/produto\\\/clipes-de-fita-dc\\\/#breadcrumb\",\"itemListElement\":[{\"@type\":\"ListItem\",\"position\":1,\"name\":\"Home\",\"item\":\"https:\\\/\\\/conexmetals.com\\\/pt-br\\\/lar\\\/\"},{\"@type\":\"ListItem\",\"position\":2,\"name\":\"Products\",\"item\":\"https:\\\/\\\/conexmetals.com\\\/products\\\/\"},{\"@type\":\"ListItem\",\"position\":3,\"name\":\"Clipes de fita DC\"}]},{\"@type\":\"WebSite\",\"@id\":\"https:\\\/\\\/conexmetals.com\\\/pt-br\\\/#website\",\"url\":\"https:\\\/\\\/conexmetals.com\\\/pt-br\\\/\",\"name\":\"Conex Metals Brass Fittings Brass Parts Copper Parts Brass Components Brass Plumbing Fittings India\",\"description\":\"Manufacturer of Bronze Fittings casting Copper Brass parts components\",\"publisher\":{\"@id\":\"https:\\\/\\\/conexmetals.com\\\/pt-br\\\/#organization\"},\"potentialAction\":[{\"@type\":\"SearchAction\",\"target\":{\"@type\":\"EntryPoint\",\"urlTemplate\":\"https:\\\/\\\/conexmetals.com\\\/pt-br\\\/?s={search_term_string}\"},\"query-input\":{\"@type\":\"PropertyValueSpecification\",\"valueRequired\":true,\"valueName\":\"search_term_string\"}}],\"inLanguage\":\"pt-BR\"},{\"@type\":\"Organization\",\"@id\":\"https:\\\/\\\/conexmetals.com\\\/pt-br\\\/#organization\",\"name\":\"Conex Metals Brass Fittings Brass Parts Copper Parts Brass Components Brass Plumbing Fittings India\",\"url\":\"https:\\\/\\\/conexmetals.com\\\/pt-br\\\/\",\"logo\":{\"@type\":\"ImageObject\",\"inLanguage\":\"pt-BR\",\"@id\":\"https:\\\/\\\/conexmetals.com\\\/pt-br\\\/#\\\/schema\\\/logo\\\/image\\\/\",\"url\":\"https:\\\/\\\/conexmetals.com\\\/wp-content\\\/uploads\\\/2024\\\/03\\\/conex-metals-logo.webp\",\"contentUrl\":\"https:\\\/\\\/conexmetals.com\\\/wp-content\\\/uploads\\\/2024\\\/03\\\/conex-metals-logo.webp\",\"width\":300,\"height\":121,\"caption\":\"Conex Metals Brass Fittings Brass Parts Copper Parts Brass Components Brass Plumbing Fittings India\"},\"image\":{\"@id\":\"https:\\\/\\\/conexmetals.com\\\/pt-br\\\/#\\\/schema\\\/logo\\\/image\\\/\"},\"sameAs\":[\"https:\\\/\\\/www.facebook.com\\\/conexbrass\",\"https:\\\/\\\/x.com\\\/conexindia\",\"https:\\\/\\\/www.linkedin.com\\\/company\\\/conex-metals-india\\\/\",\"https:\\\/\\\/www.instagram.com\\\/conexindia\\\/\"]}]}<\/script>\n<!-- \/ Yoast SEO plugin. -->","yoast_head_json":{"title":"Clipes de fita DC","description":"Clipes de fita DC, clipe de fita de cobre, grampo de haste de aterramento para cabo, grampo de aterramento de cobre, grampo de liga\u00e7\u00e3o \u00e0 terra, clipes de fita DC de lat\u00e3o, grampos de condutores, grampos de fita quadrada, grampos de prote\u00e7\u00e3o contra raios, clipes de fita de liga de cobre, fabricante, exportador, fornecedor, \u00cdndia.","robots":{"index":"index","follow":"follow","max-snippet":"max-snippet:-1","max-image-preview":"max-image-preview:large","max-video-preview":"max-video-preview:-1"},"canonical":"https:\/\/conexmetals.com\/pt-br\/produto\/clipes-de-fita-dc\/","schema":{"@context":"https:\/\/schema.org","@graph":[{"@type":"WebPage","@id":"https:\/\/conexmetals.com\/pt-br\/produto\/clipes-de-fita-dc\/","url":"https:\/\/conexmetals.com\/pt-br\/produto\/clipes-de-fita-dc\/","name":"Clipes de fita DC","isPartOf":{"@id":"https:\/\/conexmetals.com\/pt-br\/#website"},"primaryImageOfPage":{"@id":"https:\/\/conexmetals.com\/pt-br\/produto\/clipes-de-fita-dc\/#primaryimage"},"image":{"@id":"https:\/\/conexmetals.com\/pt-br\/produto\/clipes-de-fita-dc\/#primaryimage"},"thumbnailUrl":"https:\/\/conexmetals.com\/wp-content\/uploads\/2024\/12\/Clipes-de-fita-DC.webp","datePublished":"2023-08-18T04:59:06+00:00","dateModified":"2024-12-31T11:53:10+00:00","description":"Clipes de fita DC, clipe de fita de cobre, grampo de haste de aterramento para cabo, grampo de aterramento de cobre, grampo de liga\u00e7\u00e3o \u00e0 terra, clipes de fita DC de lat\u00e3o, grampos de condutores, grampos de fita quadrada, grampos de prote\u00e7\u00e3o contra raios, clipes de fita de liga de cobre, fabricante, exportador, fornecedor, \u00cdndia.","breadcrumb":{"@id":"https:\/\/conexmetals.com\/pt-br\/produto\/clipes-de-fita-dc\/#breadcrumb"},"inLanguage":"pt-BR","potentialAction":[{"@type":"ReadAction","target":["https:\/\/conexmetals.com\/pt-br\/produto\/clipes-de-fita-dc\/"]}]},{"@type":"ImageObject","inLanguage":"pt-BR","@id":"https:\/\/conexmetals.com\/pt-br\/produto\/clipes-de-fita-dc\/#primaryimage","url":"https:\/\/conexmetals.com\/wp-content\/uploads\/2024\/12\/Clipes-de-fita-DC.webp","contentUrl":"https:\/\/conexmetals.com\/wp-content\/uploads\/2024\/12\/Clipes-de-fita-DC.webp","width":350,"height":350,"caption":"Clipes de fita DC"},{"@type":"BreadcrumbList","@id":"https:\/\/conexmetals.com\/pt-br\/produto\/clipes-de-fita-dc\/#breadcrumb","itemListElement":[{"@type":"ListItem","position":1,"name":"Home","item":"https:\/\/conexmetals.com\/pt-br\/lar\/"},{"@type":"ListItem","position":2,"name":"Products","item":"https:\/\/conexmetals.com\/products\/"},{"@type":"ListItem","position":3,"name":"Clipes de fita DC"}]},{"@type":"WebSite","@id":"https:\/\/conexmetals.com\/pt-br\/#website","url":"https:\/\/conexmetals.com\/pt-br\/","name":"Conex Metals Brass Fittings Brass Parts Copper Parts Brass Components Brass Plumbing Fittings India","description":"Manufacturer of Bronze Fittings casting Copper Brass parts components","publisher":{"@id":"https:\/\/conexmetals.com\/pt-br\/#organization"},"potentialAction":[{"@type":"SearchAction","target":{"@type":"EntryPoint","urlTemplate":"https:\/\/conexmetals.com\/pt-br\/?s={search_term_string}"},"query-input":{"@type":"PropertyValueSpecification","valueRequired":true,"valueName":"search_term_string"}}],"inLanguage":"pt-BR"},{"@type":"Organization","@id":"https:\/\/conexmetals.com\/pt-br\/#organization","name":"Conex Metals Brass Fittings Brass Parts Copper Parts Brass Components Brass Plumbing Fittings India","url":"https:\/\/conexmetals.com\/pt-br\/","logo":{"@type":"ImageObject","inLanguage":"pt-BR","@id":"https:\/\/conexmetals.com\/pt-br\/#\/schema\/logo\/image\/","url":"https:\/\/conexmetals.com\/wp-content\/uploads\/2024\/03\/conex-metals-logo.webp","contentUrl":"https:\/\/conexmetals.com\/wp-content\/uploads\/2024\/03\/conex-metals-logo.webp","width":300,"height":121,"caption":"Conex Metals Brass Fittings Brass Parts Copper Parts Brass Components Brass Plumbing Fittings India"},"image":{"@id":"https:\/\/conexmetals.com\/pt-br\/#\/schema\/logo\/image\/"},"sameAs":["https:\/\/www.facebook.com\/conexbrass","https:\/\/x.com\/conexindia","https:\/\/www.linkedin.com\/company\/conex-metals-india\/","https:\/\/www.instagram.com\/conexindia\/"]}]}},"_links":{"self":[{"href":"https:\/\/conexmetals.com\/pt-br\/wp-json\/wp\/v2\/product\/12415","targetHints":{"allow":["GET"]}}],"collection":[{"href":"https:\/\/conexmetals.com\/pt-br\/wp-json\/wp\/v2\/product"}],"about":[{"href":"https:\/\/conexmetals.com\/pt-br\/wp-json\/wp\/v2\/types\/product"}],"wp:featuredmedia":[{"embeddable":true,"href":"https:\/\/conexmetals.com\/pt-br\/wp-json\/wp\/v2\/media\/12411"}],"wp:attachment":[{"href":"https:\/\/conexmetals.com\/pt-br\/wp-json\/wp\/v2\/media?parent=12415"}],"wp:term":[{"taxonomy":"product_brand","embeddable":true,"href":"https:\/\/conexmetals.com\/pt-br\/wp-json\/wp\/v2\/product_brand?post=12415"},{"taxonomy":"product_cat","embeddable":true,"href":"https:\/\/conexmetals.com\/pt-br\/wp-json\/wp\/v2\/product_cat?post=12415"},{"taxonomy":"product_tag","embeddable":true,"href":"https:\/\/conexmetals.com\/pt-br\/wp-json\/wp\/v2\/product_tag?post=12415"}],"curies":[{"name":"wp","href":"https:\/\/api.w.org\/{rel}","templated":true}]}}