{"id":12426,"date":"2023-08-18T10:33:28","date_gmt":"2023-08-18T05:03:28","guid":{"rendered":"https:\/\/conexmetals.com\/?post_type=product&#038;p=12426"},"modified":"2024-12-31T17:40:15","modified_gmt":"2024-12-31T12:10:15","slug":"placas-de-aterramento","status":"publish","type":"product","link":"https:\/\/conexmetals.com\/pt-br\/produto\/placas-de-aterramento\/","title":{"rendered":"Placas de aterramento"},"content":{"rendered":"","protected":false},"excerpt":{"rendered":"<table id=\"tablepress-335\" class=\"tablepress tablepress-id-335\">\n<caption>\u00a0<\/caption>\n<thead>\n<tr class=\"row-1 odd\">\n<th class=\"column-1\" colspan=\"2\"><strong><span>Placas Terrestres<\/span><\/strong><\/th>\n<\/tr>\n<\/thead>\n<tbody class=\"row-hover\">\n<tr class=\"row-2 even\">\n<td class=\"column-1\"><strong><span>N\u00famero de s\u00e9rie<\/span><\/strong><\/td>\n<td class=\"column-2\"><strong><span>TAMANHO (A x B x C)<\/span><\/strong><\/td>\n<\/tr>\n<tr class=\"row-3 odd\">\n<td class=\"column-1\"><span>1<\/span><\/td>\n<td class=\"column-2\"><span>600 x 600 x 1,5<\/span><\/td>\n<\/tr>\n<tr class=\"row-4 even\">\n<td class=\"column-1\"><span>2<\/span><\/td>\n<td class=\"column-2\"><span>600 x 600 x 3<\/span><\/td>\n<\/tr>\n<tr class=\"row-5 odd\">\n<td class=\"column-1\"><span>3<\/span><\/td>\n<td class=\"column-2\"><span>600 x 600 x 5<\/span><\/td>\n<\/tr>\n<tr class=\"row-6 even\">\n<td class=\"column-1\"><span>4<\/span><\/td>\n<td class=\"column-2\"><span>500 x 500 x 3<\/span><\/td>\n<\/tr>\n<tr class=\"row-7 odd\">\n<td class=\"column-1\"><span>5<\/span><\/td>\n<td class=\"column-2\"><span>500 x 500 x 5<\/span><\/td>\n<\/tr>\n<tr class=\"row-8 even\">\n<td class=\"column-1\"><span>6<\/span><\/td>\n<td class=\"column-2\"><span>900 x 900 x 3<\/span><\/td>\n<\/tr>\n<tr class=\"row-9 odd\">\n<td class=\"column-1\"><span>7<\/span><\/td>\n<td class=\"column-2\"><span>900 x 900 x 5<\/span><\/td>\n<\/tr>\n<tr class=\"row-10 even\">\n<td class=\"column-1\"><span>8<\/span><\/td>\n<td class=\"column-2\"><span>1000 x 1000 x 3<\/span><\/td>\n<\/tr>\n<tr class=\"row-11 odd\">\n<td class=\"column-1\"><span>9<\/span><\/td>\n<td class=\"column-2\"><span>1000 x 1000 x 5<\/span><\/td>\n<\/tr>\n<\/tbody>\n<\/table>\n<p><img fetchpriority=\"high\" decoding=\"async\" class=\"size-medium wp-image-6704 alignright lazy loaded\" src=\"https:\/\/conexmetals.com\/wp-content\/uploads\/2023\/08\/Threaded-Studs-line-drawing-300x300.jpg\" alt=\"Desenho de linha de pinos roscados\" width=\"300\" height=\"300\" data-src=\"https:\/\/conexmetals.com\/wp-content\/uploads\/2023\/08\/Threaded-Studs-line-drawing-300x300.jpg\" data-was-processed=\"true\" srcset=\"https:\/\/conexmetals.com\/wp-content\/uploads\/2023\/08\/Threaded-Studs-line-drawing-300x300.jpg 300w, https:\/\/conexmetals.com\/wp-content\/uploads\/2023\/08\/Threaded-Studs-line-drawing-150x150.jpg 150w, https:\/\/conexmetals.com\/wp-content\/uploads\/2023\/08\/Threaded-Studs-line-drawing-100x100.jpg 100w, https:\/\/conexmetals.com\/wp-content\/uploads\/2023\/08\/Threaded-Studs-line-drawing.jpg 355w\" sizes=\"(max-width: 300px) 100vw, 300px\" \/><span>Placas de aterramento, tamb\u00e9m conhecidas como placas de aterramento ou eletrodos de aterramento, s\u00e3o componentes usados \u200b\u200bem sistemas de aterramento para estabelecer uma conex\u00e3o el\u00e9trica de baixa resist\u00eancia com a Terra. Elas s\u00e3o enterradas no solo e servem como uma interface entre o sistema ou equipamento el\u00e9trico e a superf\u00edcie condutora da Terra.<\/span><\/p>\n<p><span>Principais caracter\u00edsticas e usos das placas de aterramento incluem:<\/span><\/p>\n<ol>\n<li><strong><span>Material:<\/span><\/strong><span>\u00a0As placas de aterramento s\u00e3o normalmente feitas de metal, como cobre ou a\u00e7o galvanizado, para fornecer boa condutividade el\u00e9trica e resist\u00eancia \u00e0 corros\u00e3o.<\/span><\/li>\n<li><strong><span>Enterro:<\/span><\/strong><span>\u00a0Placas de terra s\u00e3o enterradas no solo, garantindo que estejam em contato direto com o solo da Terra. A profundidade do enterro pode variar dependendo dos c\u00f3digos el\u00e9tricos locais e das condi\u00e7\u00f5es do solo.<\/span><\/li>\n<li><strong><span>Sistema de aterramento:<\/span><\/strong><span>\u00a0As placas de aterramento s\u00e3o parte integrante dos sistemas de aterramento, projetados para proteger contra falhas el\u00e9tricas, raios e cargas est\u00e1ticas.<\/span><\/li>\n<li><strong><span>Conex\u00e3o:<\/span><\/strong><span>\u00a0O condutor de aterramento do sistema ou equipamento el\u00e9trico \u00e9 conectado \u00e0 placa de aterramento usando um fio ou cabo de aterramento, estabelecendo uma conex\u00e3o el\u00e9trica confi\u00e1vel com a Terra.<\/span><\/li>\n<li><strong><span>Tamanho<\/span><\/strong><span>\u00a0: O tamanho da placa de aterramento \u00e9 determinado por fatores como a corrente de falha esperada, a resistividade do solo e os requisitos espec\u00edficos do sistema de aterramento.<\/span><\/li>\n<li><strong><span>Resist\u00eancia do Aterramento:<\/span><\/strong><span>\u00a0Placas de aterramento desempenham um papel significativo na determina\u00e7\u00e3o da resist\u00eancia geral do aterramento do sistema de aterramento. Uma resist\u00eancia de aterramento mais baixa ajuda a garantir a dissipa\u00e7\u00e3o efetiva de correntes de falha e raios.<\/span><\/li>\n<li><strong><span>Prote\u00e7\u00e3o contra raios<\/span><\/strong><span>\u00a0: al\u00e9m de fornecer um caminho seguro para correntes de falha, sistemas de aterramento com placas de aterramento tamb\u00e9m s\u00e3o usados \u200b\u200bem sistemas de prote\u00e7\u00e3o contra raios para dispersar com seguran\u00e7a as correntes de raios no solo.<\/span><\/li>\n<\/ol>\n<p><span>Placas de aterramento s\u00e3o comumente usadas em v\u00e1rias aplica\u00e7\u00f5es el\u00e9tricas, incluindo ambientes residenciais, comerciais e industriais. Elas s\u00e3o encontradas em sistemas de aterramento para pain\u00e9is el\u00e9tricos, subesta\u00e7\u00f5es, transformadores, sistemas de prote\u00e7\u00e3o contra raios, equipamentos de telecomunica\u00e7\u00f5es e muito mais.<\/span><\/p>\n","protected":false},"featured_media":12420,"template":"","meta":[],"product_brand":[],"product_cat":[381],"product_tag":[],"class_list":{"0":"post-12426","1":"product","2":"type-product","3":"status-publish","4":"has-post-thumbnail","6":"product_cat-acessorios-de-aterramento","8":"first","9":"instock","10":"shipping-taxable","11":"product-type-simple"},"yoast_head":"<!-- This site is optimized with the Yoast SEO plugin v27.3 - https:\/\/yoast.com\/product\/yoast-seo-wordpress\/ -->\n<title>Placas de aterramento<\/title>\n<meta name=\"description\" content=\"A Conex Metals fornece placas de aterramento de cobre de alta qualidade, confi\u00e1veis para fabricantes, exportadores e fornecedores. Nossos produtos garantem solu\u00e7\u00f5es de aterramento confi\u00e1veis. L\u00edder fabricante, exportador e fornecedor da \u00cdndia.\" \/>\n<meta name=\"robots\" content=\"index, follow, max-snippet:-1, max-image-preview:large, max-video-preview:-1\" \/>\n<link rel=\"canonical\" href=\"https:\/\/conexmetals.com\/pt-br\/produto\/placas-de-aterramento\/\" \/>\n<script type=\"application\/ld+json\" class=\"yoast-schema-graph\">{\"@context\":\"https:\\\/\\\/schema.org\",\"@graph\":[{\"@type\":\"WebPage\",\"@id\":\"https:\\\/\\\/conexmetals.com\\\/pt-br\\\/produto\\\/placas-de-aterramento\\\/\",\"url\":\"https:\\\/\\\/conexmetals.com\\\/pt-br\\\/produto\\\/placas-de-aterramento\\\/\",\"name\":\"Placas de aterramento\",\"isPartOf\":{\"@id\":\"https:\\\/\\\/conexmetals.com\\\/pt-br\\\/#website\"},\"primaryImageOfPage\":{\"@id\":\"https:\\\/\\\/conexmetals.com\\\/pt-br\\\/produto\\\/placas-de-aterramento\\\/#primaryimage\"},\"image\":{\"@id\":\"https:\\\/\\\/conexmetals.com\\\/pt-br\\\/produto\\\/placas-de-aterramento\\\/#primaryimage\"},\"thumbnailUrl\":\"https:\\\/\\\/conexmetals.com\\\/wp-content\\\/uploads\\\/2024\\\/12\\\/Placas-de-aterramento.webp\",\"datePublished\":\"2023-08-18T05:03:28+00:00\",\"dateModified\":\"2024-12-31T12:10:15+00:00\",\"description\":\"A Conex Metals fornece placas de aterramento de cobre de alta qualidade, confi\u00e1veis para fabricantes, exportadores e fornecedores. Nossos produtos garantem solu\u00e7\u00f5es de aterramento confi\u00e1veis. L\u00edder fabricante, exportador e fornecedor da \u00cdndia.\",\"breadcrumb\":{\"@id\":\"https:\\\/\\\/conexmetals.com\\\/pt-br\\\/produto\\\/placas-de-aterramento\\\/#breadcrumb\"},\"inLanguage\":\"pt-BR\",\"potentialAction\":[{\"@type\":\"ReadAction\",\"target\":[\"https:\\\/\\\/conexmetals.com\\\/pt-br\\\/produto\\\/placas-de-aterramento\\\/\"]}]},{\"@type\":\"ImageObject\",\"inLanguage\":\"pt-BR\",\"@id\":\"https:\\\/\\\/conexmetals.com\\\/pt-br\\\/produto\\\/placas-de-aterramento\\\/#primaryimage\",\"url\":\"https:\\\/\\\/conexmetals.com\\\/wp-content\\\/uploads\\\/2024\\\/12\\\/Placas-de-aterramento.webp\",\"contentUrl\":\"https:\\\/\\\/conexmetals.com\\\/wp-content\\\/uploads\\\/2024\\\/12\\\/Placas-de-aterramento.webp\",\"width\":350,\"height\":350,\"caption\":\"Placas de aterramento\"},{\"@type\":\"BreadcrumbList\",\"@id\":\"https:\\\/\\\/conexmetals.com\\\/pt-br\\\/produto\\\/placas-de-aterramento\\\/#breadcrumb\",\"itemListElement\":[{\"@type\":\"ListItem\",\"position\":1,\"name\":\"Home\",\"item\":\"https:\\\/\\\/conexmetals.com\\\/pt-br\\\/lar\\\/\"},{\"@type\":\"ListItem\",\"position\":2,\"name\":\"Products\",\"item\":\"https:\\\/\\\/conexmetals.com\\\/products\\\/\"},{\"@type\":\"ListItem\",\"position\":3,\"name\":\"Placas de aterramento\"}]},{\"@type\":\"WebSite\",\"@id\":\"https:\\\/\\\/conexmetals.com\\\/pt-br\\\/#website\",\"url\":\"https:\\\/\\\/conexmetals.com\\\/pt-br\\\/\",\"name\":\"Conex Metals Brass Fittings Brass Parts Copper Parts Brass Components Brass Plumbing Fittings India\",\"description\":\"Manufacturer of Bronze Fittings casting Copper Brass parts components\",\"publisher\":{\"@id\":\"https:\\\/\\\/conexmetals.com\\\/pt-br\\\/#organization\"},\"potentialAction\":[{\"@type\":\"SearchAction\",\"target\":{\"@type\":\"EntryPoint\",\"urlTemplate\":\"https:\\\/\\\/conexmetals.com\\\/pt-br\\\/?s={search_term_string}\"},\"query-input\":{\"@type\":\"PropertyValueSpecification\",\"valueRequired\":true,\"valueName\":\"search_term_string\"}}],\"inLanguage\":\"pt-BR\"},{\"@type\":\"Organization\",\"@id\":\"https:\\\/\\\/conexmetals.com\\\/pt-br\\\/#organization\",\"name\":\"Conex Metals Brass Fittings Brass Parts Copper Parts Brass Components Brass Plumbing Fittings India\",\"url\":\"https:\\\/\\\/conexmetals.com\\\/pt-br\\\/\",\"logo\":{\"@type\":\"ImageObject\",\"inLanguage\":\"pt-BR\",\"@id\":\"https:\\\/\\\/conexmetals.com\\\/pt-br\\\/#\\\/schema\\\/logo\\\/image\\\/\",\"url\":\"https:\\\/\\\/conexmetals.com\\\/wp-content\\\/uploads\\\/2024\\\/03\\\/conex-metals-logo.webp\",\"contentUrl\":\"https:\\\/\\\/conexmetals.com\\\/wp-content\\\/uploads\\\/2024\\\/03\\\/conex-metals-logo.webp\",\"width\":300,\"height\":121,\"caption\":\"Conex Metals Brass Fittings Brass Parts Copper Parts Brass Components Brass Plumbing Fittings India\"},\"image\":{\"@id\":\"https:\\\/\\\/conexmetals.com\\\/pt-br\\\/#\\\/schema\\\/logo\\\/image\\\/\"},\"sameAs\":[\"https:\\\/\\\/www.facebook.com\\\/conexbrass\",\"https:\\\/\\\/x.com\\\/conexindia\",\"https:\\\/\\\/www.linkedin.com\\\/company\\\/conex-metals-india\\\/\",\"https:\\\/\\\/www.instagram.com\\\/conexindia\\\/\"]}]}<\/script>\n<!-- \/ Yoast SEO plugin. -->","yoast_head_json":{"title":"Placas de aterramento","description":"A Conex Metals fornece placas de aterramento de cobre de alta qualidade, confi\u00e1veis para fabricantes, exportadores e fornecedores. Nossos produtos garantem solu\u00e7\u00f5es de aterramento confi\u00e1veis. L\u00edder fabricante, exportador e fornecedor da \u00cdndia.","robots":{"index":"index","follow":"follow","max-snippet":"max-snippet:-1","max-image-preview":"max-image-preview:large","max-video-preview":"max-video-preview:-1"},"canonical":"https:\/\/conexmetals.com\/pt-br\/produto\/placas-de-aterramento\/","schema":{"@context":"https:\/\/schema.org","@graph":[{"@type":"WebPage","@id":"https:\/\/conexmetals.com\/pt-br\/produto\/placas-de-aterramento\/","url":"https:\/\/conexmetals.com\/pt-br\/produto\/placas-de-aterramento\/","name":"Placas de aterramento","isPartOf":{"@id":"https:\/\/conexmetals.com\/pt-br\/#website"},"primaryImageOfPage":{"@id":"https:\/\/conexmetals.com\/pt-br\/produto\/placas-de-aterramento\/#primaryimage"},"image":{"@id":"https:\/\/conexmetals.com\/pt-br\/produto\/placas-de-aterramento\/#primaryimage"},"thumbnailUrl":"https:\/\/conexmetals.com\/wp-content\/uploads\/2024\/12\/Placas-de-aterramento.webp","datePublished":"2023-08-18T05:03:28+00:00","dateModified":"2024-12-31T12:10:15+00:00","description":"A Conex Metals fornece placas de aterramento de cobre de alta qualidade, confi\u00e1veis para fabricantes, exportadores e fornecedores. Nossos produtos garantem solu\u00e7\u00f5es de aterramento confi\u00e1veis. L\u00edder fabricante, exportador e fornecedor da \u00cdndia.","breadcrumb":{"@id":"https:\/\/conexmetals.com\/pt-br\/produto\/placas-de-aterramento\/#breadcrumb"},"inLanguage":"pt-BR","potentialAction":[{"@type":"ReadAction","target":["https:\/\/conexmetals.com\/pt-br\/produto\/placas-de-aterramento\/"]}]},{"@type":"ImageObject","inLanguage":"pt-BR","@id":"https:\/\/conexmetals.com\/pt-br\/produto\/placas-de-aterramento\/#primaryimage","url":"https:\/\/conexmetals.com\/wp-content\/uploads\/2024\/12\/Placas-de-aterramento.webp","contentUrl":"https:\/\/conexmetals.com\/wp-content\/uploads\/2024\/12\/Placas-de-aterramento.webp","width":350,"height":350,"caption":"Placas de aterramento"},{"@type":"BreadcrumbList","@id":"https:\/\/conexmetals.com\/pt-br\/produto\/placas-de-aterramento\/#breadcrumb","itemListElement":[{"@type":"ListItem","position":1,"name":"Home","item":"https:\/\/conexmetals.com\/pt-br\/lar\/"},{"@type":"ListItem","position":2,"name":"Products","item":"https:\/\/conexmetals.com\/products\/"},{"@type":"ListItem","position":3,"name":"Placas de aterramento"}]},{"@type":"WebSite","@id":"https:\/\/conexmetals.com\/pt-br\/#website","url":"https:\/\/conexmetals.com\/pt-br\/","name":"Conex Metals Brass Fittings Brass Parts Copper Parts Brass Components Brass Plumbing Fittings India","description":"Manufacturer of Bronze Fittings casting Copper Brass parts components","publisher":{"@id":"https:\/\/conexmetals.com\/pt-br\/#organization"},"potentialAction":[{"@type":"SearchAction","target":{"@type":"EntryPoint","urlTemplate":"https:\/\/conexmetals.com\/pt-br\/?s={search_term_string}"},"query-input":{"@type":"PropertyValueSpecification","valueRequired":true,"valueName":"search_term_string"}}],"inLanguage":"pt-BR"},{"@type":"Organization","@id":"https:\/\/conexmetals.com\/pt-br\/#organization","name":"Conex Metals Brass Fittings Brass Parts Copper Parts Brass Components Brass Plumbing Fittings India","url":"https:\/\/conexmetals.com\/pt-br\/","logo":{"@type":"ImageObject","inLanguage":"pt-BR","@id":"https:\/\/conexmetals.com\/pt-br\/#\/schema\/logo\/image\/","url":"https:\/\/conexmetals.com\/wp-content\/uploads\/2024\/03\/conex-metals-logo.webp","contentUrl":"https:\/\/conexmetals.com\/wp-content\/uploads\/2024\/03\/conex-metals-logo.webp","width":300,"height":121,"caption":"Conex Metals Brass Fittings Brass Parts Copper Parts Brass Components Brass Plumbing Fittings India"},"image":{"@id":"https:\/\/conexmetals.com\/pt-br\/#\/schema\/logo\/image\/"},"sameAs":["https:\/\/www.facebook.com\/conexbrass","https:\/\/x.com\/conexindia","https:\/\/www.linkedin.com\/company\/conex-metals-india\/","https:\/\/www.instagram.com\/conexindia\/"]}]}},"_links":{"self":[{"href":"https:\/\/conexmetals.com\/pt-br\/wp-json\/wp\/v2\/product\/12426","targetHints":{"allow":["GET"]}}],"collection":[{"href":"https:\/\/conexmetals.com\/pt-br\/wp-json\/wp\/v2\/product"}],"about":[{"href":"https:\/\/conexmetals.com\/pt-br\/wp-json\/wp\/v2\/types\/product"}],"wp:featuredmedia":[{"embeddable":true,"href":"https:\/\/conexmetals.com\/pt-br\/wp-json\/wp\/v2\/media\/12420"}],"wp:attachment":[{"href":"https:\/\/conexmetals.com\/pt-br\/wp-json\/wp\/v2\/media?parent=12426"}],"wp:term":[{"taxonomy":"product_brand","embeddable":true,"href":"https:\/\/conexmetals.com\/pt-br\/wp-json\/wp\/v2\/product_brand?post=12426"},{"taxonomy":"product_cat","embeddable":true,"href":"https:\/\/conexmetals.com\/pt-br\/wp-json\/wp\/v2\/product_cat?post=12426"},{"taxonomy":"product_tag","embeddable":true,"href":"https:\/\/conexmetals.com\/pt-br\/wp-json\/wp\/v2\/product_tag?post=12426"}],"curies":[{"name":"wp","href":"https:\/\/api.w.org\/{rel}","templated":true}]}}