{"id":12592,"date":"2023-08-18T10:36:44","date_gmt":"2023-08-18T05:06:44","guid":{"rendered":"https:\/\/conexmetals.com\/?post_type=product&#038;p=12592"},"modified":"2025-01-02T15:30:27","modified_gmt":"2025-01-02T10:00:27","slug":"picas-de-haste-de-aterramento","status":"publish","type":"product","link":"https:\/\/conexmetals.com\/pt-br\/produto\/picas-de-haste-de-aterramento\/","title":{"rendered":"Picas de haste de aterramento"},"content":{"rendered":"","protected":false},"excerpt":{"rendered":"<div class=\"elementor-element elementor-element-672075d elementor-widget__width-initial e-transform elementor-widget-mobile__width-initial elementor-widget elementor-widget-woocommerce-product-images\" data-id=\"672075d\" data-element_type=\"widget\" data-settings=\"{&quot;_transform_scale_effect&quot;:{&quot;unit&quot;:&quot;px&quot;,&quot;size&quot;:1,&quot;sizes&quot;:[]},&quot;_transform_scale_effect_tablet&quot;:{&quot;unit&quot;:&quot;px&quot;,&quot;size&quot;:&quot;&quot;,&quot;sizes&quot;:[]},&quot;_transform_scale_effect_mobile&quot;:{&quot;unit&quot;:&quot;px&quot;,&quot;size&quot;:&quot;&quot;,&quot;sizes&quot;:[]}}\" data-widget_type=\"woocommerce-product-images.default\">\n<div class=\"elementor-widget-container\">\n<div class=\"woocommerce-product-gallery woocommerce-product-gallery--with-images woocommerce-product-gallery--columns-4 images\" data-columns=\"4\">\n<div class=\"woocommerce-product-gallery__wrapper\">\n<div class=\"woocommerce-product-gallery__image\" data-thumb=\"https:\/\/conexmetals.com\/wp-content\/uploads\/2023\/08\/Earth-Rod-Spikes-100x100.webp\" data-thumb-alt=\"Earth Rod Spikes\" data-thumb-srcset=\"https:\/\/conexmetals.com\/wp-content\/uploads\/2023\/08\/Earth-Rod-Spikes-100x100.webp 100w, https:\/\/conexmetals.com\/wp-content\/uploads\/2023\/08\/Earth-Rod-Spikes-300x300.webp 300w, https:\/\/conexmetals.com\/wp-content\/uploads\/2023\/08\/Earth-Rod-Spikes-150x150.webp 150w, https:\/\/conexmetals.com\/wp-content\/uploads\/2023\/08\/Earth-Rod-Spikes.webp 350w\"><\/div>\n<\/div>\n<\/div>\n<\/div>\n<\/div>\n<div class=\"elementor-element elementor-element-36d2ab8 elementor-widget elementor-widget-woocommerce-product-short-description\" data-id=\"36d2ab8\" data-element_type=\"widget\" data-widget_type=\"woocommerce-product-short-description.default\">\n<div class=\"elementor-widget-container\">\n<div class=\"woocommerce-product-details__short-description\">\n<p><img fetchpriority=\"high\" decoding=\"async\" class=\"size-full wp-image-6715 alignleft lazy loaded\" src=\"https:\/\/conexmetals.com\/wp-content\/uploads\/2023\/08\/Earth-Rod-Spikes-line-drawing.jpg\" alt=\"Desenho de linha de picos de haste de terra\" width=\"301\" height=\"182\" data-src=\"https:\/\/conexmetals.com\/wp-content\/uploads\/2023\/08\/Earth-Rod-Spikes-line-drawing.jpg\" data-was-processed=\"true\" \/>Os pinos de haste de aterramento, tamb\u00e9m conhecidos como pinos de haste de aterramento ou pinos de haste de aterramento, s\u00e3o dispositivos usados \u200b\u200bpara criar um eletrodo de aterramento ao crav\u00e1-los no solo. Eles servem ao mesmo prop\u00f3sito que as hastes de aterramento comuns, fornecendo um caminho de baixa resist\u00eancia para que as correntes el\u00e9tricas fluam para a Terra em sistemas de aterramento el\u00e9trico. A diferen\u00e7a est\u00e1 em seu design e m\u00e9todo de instala\u00e7\u00e3o.<\/p>\n<p>&nbsp;<\/p>\n<p>&nbsp;<\/p>\n<table id=\"tablepress-337\" class=\"tablepress tablepress-id-337\">\n<caption>\u00a0<\/caption>\n<thead>\n<tr class=\"row-1 odd\">\n<th class=\"column-1\" colspan=\"5\"><strong>Picos de haste de terra<\/strong><\/th>\n<\/tr>\n<\/thead>\n<tbody class=\"row-hover\">\n<tr class=\"row-2 even\">\n<td class=\"column-1\"><strong>D mm<\/strong><\/td>\n<td class=\"column-2\"><strong>L mm<\/strong><\/td>\n<td class=\"column-3\"><strong>Tamanho da rosca<\/strong><\/td>\n<td class=\"column-4\"><strong>L1 mm<\/strong><\/td>\n<td class=\"column-5\"><strong>Peso unit\u00e1rio Kg<\/strong><\/td>\n<\/tr>\n<tr class=\"row-3 odd\">\n<td class=\"column-1\">16<\/td>\n<td class=\"column-2\">42<\/td>\n<td class=\"column-3\">M10<\/td>\n<td class=\"column-4\">20<\/td>\n<td class=\"column-5\">0,03<\/td>\n<\/tr>\n<tr class=\"row-4 even\">\n<td class=\"column-1\">20<\/td>\n<td class=\"column-2\">51<\/td>\n<td class=\"column-3\">M10<\/td>\n<td class=\"column-4\">20<\/td>\n<td class=\"column-5\">0,06<\/td>\n<\/tr>\n<tr class=\"row-5 odd\">\n<td class=\"column-1\">25<\/td>\n<td class=\"column-2\">60<\/td>\n<td class=\"column-3\">M12<\/td>\n<td class=\"column-4\">25<\/td>\n<td class=\"column-5\">0,1<\/td>\n<\/tr>\n<\/tbody>\n<\/table>\n<p><img decoding=\"async\" class=\"size-full wp-image-6714 alignright lazy loaded\" src=\"https:\/\/conexmetals.com\/wp-content\/uploads\/2023\/08\/Earth-Rod-Spikes.jpg\" alt=\"Picos de haste de terra\" width=\"271\" height=\"267\" data-src=\"https:\/\/conexmetals.com\/wp-content\/uploads\/2023\/08\/Earth-Rod-Spikes.jpg\" data-was-processed=\"true\" srcset=\"https:\/\/conexmetals.com\/wp-content\/uploads\/2023\/08\/Earth-Rod-Spikes.jpg 271w, https:\/\/conexmetals.com\/wp-content\/uploads\/2023\/08\/Earth-Rod-Spikes-100x100.jpg 100w\" sizes=\"(max-width: 271px) 100vw, 271px\" \/><\/p>\n<p><strong>As principais caracter\u00edsticas das hastes de aterramento incluem:<\/strong><\/p>\n<ol>\n<li>Design: As hastes de aterramento geralmente t\u00eam uma extremidade pontiaguda ou um formato semelhante a um espig\u00e3o, o que facilita a penetra\u00e7\u00e3o no solo em compara\u00e7\u00e3o \u00e0s hastes de aterramento tradicionais.<\/li>\n<li>Material: Assim como as hastes de aterramento comuns, os pinos de aterramento s\u00e3o geralmente feitos de cobre ou a\u00e7o galvanizado para garantir boa condutividade el\u00e9trica e resist\u00eancia \u00e0 corros\u00e3o.<\/li>\n<li>Comprimento: Os pinos de haste de aterramento v\u00eam em v\u00e1rios comprimentos, dependendo da aplica\u00e7\u00e3o espec\u00edfica e das condi\u00e7\u00f5es do solo. Os comprimentos comuns variam de alguns p\u00e9s a v\u00e1rios p\u00e9s.<\/li>\n<li>Instala\u00e7\u00e3o: Os pinos de haste de aterramento s\u00e3o cravados no solo usando uma marreta ou outras ferramentas adequadas. A ponta pontiaguda facilita a penetra\u00e7\u00e3o em diferentes tipos de solo, incluindo terrenos duros ou rochosos.<\/li>\n<li>Fio de aterramento: Depois que a haste de aterramento estiver corretamente instalada no solo, um fio de aterramento \u00e9 conectado a ela para estabelecer a conex\u00e3o el\u00e9trica entre o equipamento ou sistema el\u00e9trico e o solo.<\/li>\n<li>Sistema de eletrodo de aterramento: em instala\u00e7\u00f5es maiores ou onde v\u00e1rios pontos de aterramento s\u00e3o necess\u00e1rios, v\u00e1rios pinos de haste de aterramento podem ser instalados como parte de um sistema de eletrodo de aterramento, criando uma rede interconectada para aterramento eficaz.<\/li>\n<\/ol>\n<p>Os pinos de haste de aterramento s\u00e3o comumente usados \u200b\u200bem v\u00e1rias aplica\u00e7\u00f5es el\u00e9tricas, incluindo ambientes residenciais, comerciais e industriais, onde cravar uma haste no solo usando m\u00e9todos tradicionais pode ser desafiador ou impratic\u00e1vel. Eles fornecem uma solu\u00e7\u00e3o de aterramento confi\u00e1vel, garantindo a seguran\u00e7a el\u00e9trica ao desviar correntes de falha para a Terra e prevenir riscos el\u00e9tricos.<\/p>\n<\/div>\n<\/div>\n<\/div>\n","protected":false},"featured_media":12516,"template":"","meta":[],"product_brand":[],"product_cat":[381],"product_tag":[],"class_list":{"0":"post-12592","1":"product","2":"type-product","3":"status-publish","4":"has-post-thumbnail","6":"product_cat-acessorios-de-aterramento","8":"first","9":"instock","10":"shipping-taxable","11":"product-type-simple"},"yoast_head":"<!-- This site is optimized with the Yoast SEO plugin v27.3 - https:\/\/yoast.com\/product\/yoast-seo-wordpress\/ -->\n<title>Picas de haste de aterramento<\/title>\n<meta name=\"description\" content=\"A Conex Metals oferece Hastes de Aterramento com Liga\u00e7\u00e3o de Cobre, Picas de Haste de Aterramento e Hastes de Aterramento. Nossos componentes do sistema de aterramento, incluindo as Hastes de Aterramento de Cobre e Conectores de Haste de Aterramento, garantem desempenho superior. Fabricante, exportador e fornecedor confi\u00e1vel da \u00cdndia.\" \/>\n<meta name=\"robots\" content=\"index, follow, max-snippet:-1, max-image-preview:large, max-video-preview:-1\" \/>\n<link rel=\"canonical\" href=\"https:\/\/conexmetals.com\/pt-br\/produto\/picas-de-haste-de-aterramento\/\" \/>\n<script type=\"application\/ld+json\" class=\"yoast-schema-graph\">{\"@context\":\"https:\\\/\\\/schema.org\",\"@graph\":[{\"@type\":\"WebPage\",\"@id\":\"https:\\\/\\\/conexmetals.com\\\/pt-br\\\/produto\\\/picas-de-haste-de-aterramento\\\/\",\"url\":\"https:\\\/\\\/conexmetals.com\\\/pt-br\\\/produto\\\/picas-de-haste-de-aterramento\\\/\",\"name\":\"Picas de haste de aterramento\",\"isPartOf\":{\"@id\":\"https:\\\/\\\/conexmetals.com\\\/pt-br\\\/#website\"},\"primaryImageOfPage\":{\"@id\":\"https:\\\/\\\/conexmetals.com\\\/pt-br\\\/produto\\\/picas-de-haste-de-aterramento\\\/#primaryimage\"},\"image\":{\"@id\":\"https:\\\/\\\/conexmetals.com\\\/pt-br\\\/produto\\\/picas-de-haste-de-aterramento\\\/#primaryimage\"},\"thumbnailUrl\":\"https:\\\/\\\/conexmetals.com\\\/wp-content\\\/uploads\\\/2025\\\/01\\\/Picas-de-haste-de-aterramento.webp\",\"datePublished\":\"2023-08-18T05:06:44+00:00\",\"dateModified\":\"2025-01-02T10:00:27+00:00\",\"description\":\"A Conex Metals oferece Hastes de Aterramento com Liga\u00e7\u00e3o de Cobre, Picas de Haste de Aterramento e Hastes de Aterramento. Nossos componentes do sistema de aterramento, incluindo as Hastes de Aterramento de Cobre e Conectores de Haste de Aterramento, garantem desempenho superior. Fabricante, exportador e fornecedor confi\u00e1vel da \u00cdndia.\",\"breadcrumb\":{\"@id\":\"https:\\\/\\\/conexmetals.com\\\/pt-br\\\/produto\\\/picas-de-haste-de-aterramento\\\/#breadcrumb\"},\"inLanguage\":\"pt-BR\",\"potentialAction\":[{\"@type\":\"ReadAction\",\"target\":[\"https:\\\/\\\/conexmetals.com\\\/pt-br\\\/produto\\\/picas-de-haste-de-aterramento\\\/\"]}]},{\"@type\":\"ImageObject\",\"inLanguage\":\"pt-BR\",\"@id\":\"https:\\\/\\\/conexmetals.com\\\/pt-br\\\/produto\\\/picas-de-haste-de-aterramento\\\/#primaryimage\",\"url\":\"https:\\\/\\\/conexmetals.com\\\/wp-content\\\/uploads\\\/2025\\\/01\\\/Picas-de-haste-de-aterramento.webp\",\"contentUrl\":\"https:\\\/\\\/conexmetals.com\\\/wp-content\\\/uploads\\\/2025\\\/01\\\/Picas-de-haste-de-aterramento.webp\",\"width\":350,\"height\":350,\"caption\":\"Picas de haste de aterramento\"},{\"@type\":\"BreadcrumbList\",\"@id\":\"https:\\\/\\\/conexmetals.com\\\/pt-br\\\/produto\\\/picas-de-haste-de-aterramento\\\/#breadcrumb\",\"itemListElement\":[{\"@type\":\"ListItem\",\"position\":1,\"name\":\"Home\",\"item\":\"https:\\\/\\\/conexmetals.com\\\/pt-br\\\/lar\\\/\"},{\"@type\":\"ListItem\",\"position\":2,\"name\":\"Products\",\"item\":\"https:\\\/\\\/conexmetals.com\\\/products\\\/\"},{\"@type\":\"ListItem\",\"position\":3,\"name\":\"Picas de haste de aterramento\"}]},{\"@type\":\"WebSite\",\"@id\":\"https:\\\/\\\/conexmetals.com\\\/pt-br\\\/#website\",\"url\":\"https:\\\/\\\/conexmetals.com\\\/pt-br\\\/\",\"name\":\"Conex Metals Brass Fittings Brass Parts Copper Parts Brass Components Brass Plumbing Fittings India\",\"description\":\"Manufacturer of Bronze Fittings casting Copper Brass parts components\",\"publisher\":{\"@id\":\"https:\\\/\\\/conexmetals.com\\\/pt-br\\\/#organization\"},\"potentialAction\":[{\"@type\":\"SearchAction\",\"target\":{\"@type\":\"EntryPoint\",\"urlTemplate\":\"https:\\\/\\\/conexmetals.com\\\/pt-br\\\/?s={search_term_string}\"},\"query-input\":{\"@type\":\"PropertyValueSpecification\",\"valueRequired\":true,\"valueName\":\"search_term_string\"}}],\"inLanguage\":\"pt-BR\"},{\"@type\":\"Organization\",\"@id\":\"https:\\\/\\\/conexmetals.com\\\/pt-br\\\/#organization\",\"name\":\"Conex Metals Brass Fittings Brass Parts Copper Parts Brass Components Brass Plumbing Fittings India\",\"url\":\"https:\\\/\\\/conexmetals.com\\\/pt-br\\\/\",\"logo\":{\"@type\":\"ImageObject\",\"inLanguage\":\"pt-BR\",\"@id\":\"https:\\\/\\\/conexmetals.com\\\/pt-br\\\/#\\\/schema\\\/logo\\\/image\\\/\",\"url\":\"https:\\\/\\\/conexmetals.com\\\/wp-content\\\/uploads\\\/2024\\\/03\\\/conex-metals-logo.webp\",\"contentUrl\":\"https:\\\/\\\/conexmetals.com\\\/wp-content\\\/uploads\\\/2024\\\/03\\\/conex-metals-logo.webp\",\"width\":300,\"height\":121,\"caption\":\"Conex Metals Brass Fittings Brass Parts Copper Parts Brass Components Brass Plumbing Fittings India\"},\"image\":{\"@id\":\"https:\\\/\\\/conexmetals.com\\\/pt-br\\\/#\\\/schema\\\/logo\\\/image\\\/\"},\"sameAs\":[\"https:\\\/\\\/www.facebook.com\\\/conexbrass\",\"https:\\\/\\\/x.com\\\/conexindia\",\"https:\\\/\\\/www.linkedin.com\\\/company\\\/conex-metals-india\\\/\",\"https:\\\/\\\/www.instagram.com\\\/conexindia\\\/\"]}]}<\/script>\n<!-- \/ Yoast SEO plugin. -->","yoast_head_json":{"title":"Picas de haste de aterramento","description":"A Conex Metals oferece Hastes de Aterramento com Liga\u00e7\u00e3o de Cobre, Picas de Haste de Aterramento e Hastes de Aterramento. Nossos componentes do sistema de aterramento, incluindo as Hastes de Aterramento de Cobre e Conectores de Haste de Aterramento, garantem desempenho superior. Fabricante, exportador e fornecedor confi\u00e1vel da \u00cdndia.","robots":{"index":"index","follow":"follow","max-snippet":"max-snippet:-1","max-image-preview":"max-image-preview:large","max-video-preview":"max-video-preview:-1"},"canonical":"https:\/\/conexmetals.com\/pt-br\/produto\/picas-de-haste-de-aterramento\/","schema":{"@context":"https:\/\/schema.org","@graph":[{"@type":"WebPage","@id":"https:\/\/conexmetals.com\/pt-br\/produto\/picas-de-haste-de-aterramento\/","url":"https:\/\/conexmetals.com\/pt-br\/produto\/picas-de-haste-de-aterramento\/","name":"Picas de haste de aterramento","isPartOf":{"@id":"https:\/\/conexmetals.com\/pt-br\/#website"},"primaryImageOfPage":{"@id":"https:\/\/conexmetals.com\/pt-br\/produto\/picas-de-haste-de-aterramento\/#primaryimage"},"image":{"@id":"https:\/\/conexmetals.com\/pt-br\/produto\/picas-de-haste-de-aterramento\/#primaryimage"},"thumbnailUrl":"https:\/\/conexmetals.com\/wp-content\/uploads\/2025\/01\/Picas-de-haste-de-aterramento.webp","datePublished":"2023-08-18T05:06:44+00:00","dateModified":"2025-01-02T10:00:27+00:00","description":"A Conex Metals oferece Hastes de Aterramento com Liga\u00e7\u00e3o de Cobre, Picas de Haste de Aterramento e Hastes de Aterramento. Nossos componentes do sistema de aterramento, incluindo as Hastes de Aterramento de Cobre e Conectores de Haste de Aterramento, garantem desempenho superior. Fabricante, exportador e fornecedor confi\u00e1vel da \u00cdndia.","breadcrumb":{"@id":"https:\/\/conexmetals.com\/pt-br\/produto\/picas-de-haste-de-aterramento\/#breadcrumb"},"inLanguage":"pt-BR","potentialAction":[{"@type":"ReadAction","target":["https:\/\/conexmetals.com\/pt-br\/produto\/picas-de-haste-de-aterramento\/"]}]},{"@type":"ImageObject","inLanguage":"pt-BR","@id":"https:\/\/conexmetals.com\/pt-br\/produto\/picas-de-haste-de-aterramento\/#primaryimage","url":"https:\/\/conexmetals.com\/wp-content\/uploads\/2025\/01\/Picas-de-haste-de-aterramento.webp","contentUrl":"https:\/\/conexmetals.com\/wp-content\/uploads\/2025\/01\/Picas-de-haste-de-aterramento.webp","width":350,"height":350,"caption":"Picas de haste de aterramento"},{"@type":"BreadcrumbList","@id":"https:\/\/conexmetals.com\/pt-br\/produto\/picas-de-haste-de-aterramento\/#breadcrumb","itemListElement":[{"@type":"ListItem","position":1,"name":"Home","item":"https:\/\/conexmetals.com\/pt-br\/lar\/"},{"@type":"ListItem","position":2,"name":"Products","item":"https:\/\/conexmetals.com\/products\/"},{"@type":"ListItem","position":3,"name":"Picas de haste de aterramento"}]},{"@type":"WebSite","@id":"https:\/\/conexmetals.com\/pt-br\/#website","url":"https:\/\/conexmetals.com\/pt-br\/","name":"Conex Metals Brass Fittings Brass Parts Copper Parts Brass Components Brass Plumbing Fittings India","description":"Manufacturer of Bronze Fittings casting Copper Brass parts components","publisher":{"@id":"https:\/\/conexmetals.com\/pt-br\/#organization"},"potentialAction":[{"@type":"SearchAction","target":{"@type":"EntryPoint","urlTemplate":"https:\/\/conexmetals.com\/pt-br\/?s={search_term_string}"},"query-input":{"@type":"PropertyValueSpecification","valueRequired":true,"valueName":"search_term_string"}}],"inLanguage":"pt-BR"},{"@type":"Organization","@id":"https:\/\/conexmetals.com\/pt-br\/#organization","name":"Conex Metals Brass Fittings Brass Parts Copper Parts Brass Components Brass Plumbing Fittings India","url":"https:\/\/conexmetals.com\/pt-br\/","logo":{"@type":"ImageObject","inLanguage":"pt-BR","@id":"https:\/\/conexmetals.com\/pt-br\/#\/schema\/logo\/image\/","url":"https:\/\/conexmetals.com\/wp-content\/uploads\/2024\/03\/conex-metals-logo.webp","contentUrl":"https:\/\/conexmetals.com\/wp-content\/uploads\/2024\/03\/conex-metals-logo.webp","width":300,"height":121,"caption":"Conex Metals Brass Fittings Brass Parts Copper Parts Brass Components Brass Plumbing Fittings India"},"image":{"@id":"https:\/\/conexmetals.com\/pt-br\/#\/schema\/logo\/image\/"},"sameAs":["https:\/\/www.facebook.com\/conexbrass","https:\/\/x.com\/conexindia","https:\/\/www.linkedin.com\/company\/conex-metals-india\/","https:\/\/www.instagram.com\/conexindia\/"]}]}},"_links":{"self":[{"href":"https:\/\/conexmetals.com\/pt-br\/wp-json\/wp\/v2\/product\/12592","targetHints":{"allow":["GET"]}}],"collection":[{"href":"https:\/\/conexmetals.com\/pt-br\/wp-json\/wp\/v2\/product"}],"about":[{"href":"https:\/\/conexmetals.com\/pt-br\/wp-json\/wp\/v2\/types\/product"}],"wp:featuredmedia":[{"embeddable":true,"href":"https:\/\/conexmetals.com\/pt-br\/wp-json\/wp\/v2\/media\/12516"}],"wp:attachment":[{"href":"https:\/\/conexmetals.com\/pt-br\/wp-json\/wp\/v2\/media?parent=12592"}],"wp:term":[{"taxonomy":"product_brand","embeddable":true,"href":"https:\/\/conexmetals.com\/pt-br\/wp-json\/wp\/v2\/product_brand?post=12592"},{"taxonomy":"product_cat","embeddable":true,"href":"https:\/\/conexmetals.com\/pt-br\/wp-json\/wp\/v2\/product_cat?post=12592"},{"taxonomy":"product_tag","embeddable":true,"href":"https:\/\/conexmetals.com\/pt-br\/wp-json\/wp\/v2\/product_tag?post=12592"}],"curies":[{"name":"wp","href":"https:\/\/api.w.org\/{rel}","templated":true}]}}