{"id":12596,"date":"2023-08-18T10:31:39","date_gmt":"2023-08-18T05:01:39","guid":{"rendered":"https:\/\/conexmetals.com\/?post_type=product&#038;p=12596"},"modified":"2025-01-02T15:38:47","modified_gmt":"2025-01-02T10:08:47","slug":"conexoes-e-conectores-de-tranca-flexivel","status":"publish","type":"product","link":"https:\/\/conexmetals.com\/pt-br\/produto\/conexoes-e-conectores-de-tranca-flexivel\/","title":{"rendered":"Conex\u00f5es e conectores de tran\u00e7a flex\u00edvel"},"content":{"rendered":"","protected":false},"excerpt":{"rendered":"<table id=\"tablepress-338\" class=\"tablepress tablepress-id-338\">\n<caption>\u00a0<\/caption>\n<thead>\n<tr class=\"row-1 odd\">\n<th class=\"column-1\" colspan=\"5\"><strong><span>Liga\u00e7\u00f5es e conectores de tran\u00e7as flex\u00edveis<\/span><\/strong><\/th>\n<\/tr>\n<\/thead>\n<tbody class=\"row-hover\">\n<tr class=\"row-2 even\">\n<td class=\"column-1\"><strong><span>Dimens\u00f5es gerais da tran\u00e7a (mm)<\/span><\/strong><\/td>\n<td class=\"column-2\"><strong><span>Comprimento (mm)<\/span><\/strong><\/td>\n<td class=\"column-3\"><strong><span>Di\u00e2metro do furo (a) (mm)<\/span><\/strong><\/td>\n<td class=\"column-4\"><strong><span>\u00c1rea da se\u00e7\u00e3o transversal (mm\u00b2)<\/span><\/strong><\/td>\n<td class=\"column-5\"><strong><span>Peso cada (kg)<\/span><\/strong><\/td>\n<\/tr>\n<tr class=\"row-3 odd\">\n<td class=\"column-1\"><span>12 x 1<\/span><\/td>\n<td class=\"column-2\"><span>200<\/span><\/td>\n<td class=\"column-3\"><span>\u00d8 7<\/span><\/td>\n<td class=\"column-4\"><span>6\u00a0<\/span><\/td>\n<td class=\"column-5\"><span>0,01\u00a0<\/span><\/td>\n<\/tr>\n<tr class=\"row-4 even\">\n<td class=\"column-1\"><span>19 x 2,5<\/span><\/td>\n<td class=\"column-2\"><span>200<\/span><\/td>\n<td class=\"column-3\"><span>\u00d8 9<\/span><\/td>\n<td class=\"column-4\"><span>16\u00a0<\/span><\/td>\n<td class=\"column-5\"><span>0,03\u00a0<\/span><\/td>\n<\/tr>\n<tr class=\"row-5 odd\">\n<td class=\"column-1\"><span>25 x 3<\/span><\/td>\n<td class=\"column-2\"><span>200<\/span><\/td>\n<td class=\"column-3\"><span>\u00d8 11\u00a0<\/span><\/td>\n<td class=\"column-4\"><span>25\u00a0<\/span><\/td>\n<td class=\"column-5\"><span>0,05\u00a0<\/span><\/td>\n<\/tr>\n<tr class=\"row-6 even\">\n<td class=\"column-1\"><span>25 x 3,5\u00a0<\/span><\/td>\n<td class=\"column-2\"><span>200\u00a0<\/span><\/td>\n<td class=\"column-3\"><span>\u00d8 11\u00a0<\/span><\/td>\n<td class=\"column-4\"><span>35\u00a0<\/span><\/td>\n<td class=\"column-5\"><span>0,09\u00a0<\/span><\/td>\n<\/tr>\n<tr class=\"row-7 odd\">\n<td class=\"column-1\"><span>25 x 3,5\u00a0<\/span><\/td>\n<td class=\"column-2\"><span>400\u00a0<\/span><\/td>\n<td class=\"column-3\"><span>\u00d8 11\u00a0<\/span><\/td>\n<td class=\"column-4\"><span>35\u00a0<\/span><\/td>\n<td class=\"column-5\"><span>0,15\u00a0<\/span><\/td>\n<\/tr>\n<tr class=\"row-8 even\">\n<td class=\"column-1\"><span>30 x 5\u00a0<\/span><\/td>\n<td class=\"column-2\"><span>200\u00a0<\/span><\/td>\n<td class=\"column-3\"><span>\u00d8 11\u00a0<\/span><\/td>\n<td class=\"column-4\"><span>50\u00a0<\/span><\/td>\n<td class=\"column-5\"><span>0,10\u00a0<\/span><\/td>\n<\/tr>\n<tr class=\"row-9 odd\">\n<td class=\"column-1\"><span>32 x 6\u00a0<\/span><\/td>\n<td class=\"column-2\"><span>200\u00a0<\/span><\/td>\n<td class=\"column-3\"><span>\u00d8 13\u00a0<\/span><\/td>\n<td class=\"column-4\"><span>70\u00a0<\/span><\/td>\n<td class=\"column-5\"><span>0,13\u00a0<\/span><\/td>\n<\/tr>\n<tr class=\"row-10 even\">\n<td class=\"column-1\"><span>37 x 6\u00a0<\/span><\/td>\n<td class=\"column-2\"><span>200\u00a0<\/span><\/td>\n<td class=\"column-3\"><span>\u00d8 13\u00a0<\/span><\/td>\n<td class=\"column-4\"><span>95\u00a0<\/span><\/td>\n<td class=\"column-5\"><span>0,19\u00a0<\/span><\/td>\n<\/tr>\n<tr class=\"row-11 odd\">\n<td class=\"column-1\"><span>45 x 6\u00a0<\/span><\/td>\n<td class=\"column-2\"><span>200\u00a0<\/span><\/td>\n<td class=\"column-3\"><span>\u00d8 17\u00a0<\/span><\/td>\n<td class=\"column-4\"><span>120\u00a0<\/span><\/td>\n<td class=\"column-5\"><span>0,23\u00a0<\/span><\/td>\n<\/tr>\n<tr class=\"row-12 even\">\n<td class=\"column-1\" colspan=\"5\"><strong><span>Tran\u00e7a de cobre estanhado<\/span><\/strong><\/td>\n<\/tr>\n<tr class=\"row-13 odd\">\n<td class=\"column-1\"><span>12 x 1\u00a0<\/span><\/td>\n<td class=\"column-2\"><span>200\u00a0<\/span><\/td>\n<td class=\"column-3\"><span>\u00d8 7\u00a0<\/span><\/td>\n<td class=\"column-4\"><span>6\u00a0<\/span><\/td>\n<td class=\"column-5\"><span>0,01\u00a0<\/span><\/td>\n<\/tr>\n<tr class=\"row-14 even\">\n<td class=\"column-1\"><span>19 x 2,5\u00a0<\/span><\/td>\n<td class=\"column-2\"><span>200\u00a0<\/span><\/td>\n<td class=\"column-3\"><span>\u00d8 9\u00a0<\/span><\/td>\n<td class=\"column-4\"><span>16\u00a0<\/span><\/td>\n<td class=\"column-5\"><span>0,03\u00a0<\/span><\/td>\n<\/tr>\n<tr class=\"row-15 odd\">\n<td class=\"column-1\"><span>25 x 3\u00a0<\/span><\/td>\n<td class=\"column-2\"><span>200\u00a0<\/span><\/td>\n<td class=\"column-3\"><span>\u00d8 11\u00a0<\/span><\/td>\n<td class=\"column-4\"><span>25\u00a0<\/span><\/td>\n<td class=\"column-5\"><span>0,05\u00a0<\/span><\/td>\n<\/tr>\n<tr class=\"row-16 even\">\n<td class=\"column-1\"><span>25 x 3,5<\/span><\/td>\n<td class=\"column-2\"><span>200\u00a0<\/span><\/td>\n<td class=\"column-3\"><span>\u00d8 11\u00a0<\/span><\/td>\n<td class=\"column-4\"><span>35\u00a0<\/span><\/td>\n<td class=\"column-5\"><span>0,09\u00a0<\/span><\/td>\n<\/tr>\n<tr class=\"row-17 odd\">\n<td class=\"column-1\"><span>25 x 3,5\u00a0<\/span><\/td>\n<td class=\"column-2\"><span>400\u00a0<\/span><\/td>\n<td class=\"column-3\"><span>\u00d8 11\u00a0<\/span><\/td>\n<td class=\"column-4\"><span>35\u00a0<\/span><\/td>\n<td class=\"column-5\"><span>0,15\u00a0<\/span><\/td>\n<\/tr>\n<tr class=\"row-18 even\">\n<td class=\"column-1\"><span>30 x 5\u00a0<\/span><\/td>\n<td class=\"column-2\"><span>200\u00a0<\/span><\/td>\n<td class=\"column-3\"><span>\u00d8 11\u00a0<\/span><\/td>\n<td class=\"column-4\"><span>50\u00a0<\/span><\/td>\n<td class=\"column-5\"><span>0,10\u00a0<\/span><\/td>\n<\/tr>\n<tr class=\"row-19 odd\">\n<td class=\"column-1\"><span>32 x 6\u00a0<\/span><\/td>\n<td class=\"column-2\"><span>200\u00a0<\/span><\/td>\n<td class=\"column-3\"><span>\u00d8 13\u00a0<\/span><\/td>\n<td class=\"column-4\"><span>70\u00a0<\/span><\/td>\n<td class=\"column-5\"><span>0,13\u00a0<\/span><\/td>\n<\/tr>\n<tr class=\"row-20 even\">\n<td class=\"column-1\"><span>37 x 6\u00a0<\/span><\/td>\n<td class=\"column-2\"><span>200\u00a0<\/span><\/td>\n<td class=\"column-3\"><span>\u00d8 13\u00a0<\/span><\/td>\n<td class=\"column-4\"><span>95\u00a0<\/span><\/td>\n<td class=\"column-5\"><span>0,19\u00a0<\/span><\/td>\n<\/tr>\n<tr class=\"row-21 odd\">\n<td class=\"column-1\"><span>45 x 6\u00a0<\/span><\/td>\n<td class=\"column-2\"><span>200\u00a0<\/span><\/td>\n<td class=\"column-3\"><span>\u00d8 17\u00a0<\/span><\/td>\n<td class=\"column-4\"><span>120\u00a0<\/span><\/td>\n<td class=\"column-5\"><span>0,23\u00a0<\/span><\/td>\n<\/tr>\n<\/tbody>\n<\/table>\n<p><span>Liga\u00e7\u00f5es e conectores de tran\u00e7a flex\u00edvel s\u00e3o componentes el\u00e9tricos especializados usados \u200b\u200bpara estabelecer conex\u00f5es el\u00e9tricas flex\u00edveis e confi\u00e1veis \u200b\u200bentre elementos condutores. Eles s\u00e3o comumente usados \u200b\u200bem v\u00e1rias aplica\u00e7\u00f5es onde a flexibilidade \u00e9 necess\u00e1ria devido \u00e0 vibra\u00e7\u00e3o, movimento ou expans\u00e3o\/contra\u00e7\u00e3o t\u00e9rmica.<\/span><\/p>\n<p><strong><span>Principais caracter\u00edsticas e usos de conectores e liga\u00e7\u00f5es tran\u00e7adas flex\u00edveis incluem:<\/span><\/strong><\/p>\n<ol>\n<li><span>Constru\u00e7\u00e3o: Liga\u00e7\u00f5es e conectores de tran\u00e7a flex\u00edvel s\u00e3o tipicamente feitos de m\u00faltiplos fios finos de materiais de alta condutividade, como cobre ou cobre estanhado. Esses fios s\u00e3o tran\u00e7ados juntos para formar uma liga\u00e7\u00e3o ou conector flex\u00edvel e altamente condutivo.<\/span><\/li>\n<li><span>Flexibilidade: A constru\u00e7\u00e3o tran\u00e7ada permite que as liga\u00e7\u00f5es e conectores sejam altamente flex\u00edveis e capazes de acomodar movimentos e tens\u00f5es mec\u00e2nicas sem comprometer a conex\u00e3o el\u00e9trica.<\/span><\/li>\n<li><span>Liga\u00e7\u00e3o el\u00e9trica: Liga\u00e7\u00f5es de tran\u00e7a flex\u00edvel s\u00e3o usadas para estabelecer conex\u00f5es el\u00e9tricas entre v\u00e1rios elementos condutores, como barramentos, eletrodos de aterramento, pain\u00e9is el\u00e9tricos e equipamentos. Elas garantem conex\u00f5es de baixa resist\u00eancia, reduzindo o risco de falhas el\u00e9tricas.<\/span><\/li>\n<li><span>Aterramento e liga\u00e7\u00e3o: Em aplica\u00e7\u00f5es de aterramento e liga\u00e7\u00e3o el\u00e9trica, liga\u00e7\u00f5es e conectores de tran\u00e7a flex\u00edvel s\u00e3o frequentemente usados \u200b\u200bpara criar conex\u00f5es confi\u00e1veis \u200b\u200be seguras entre diferentes componentes met\u00e1licos. Eles ajudam a estabelecer uma rede de aterramento eficaz para proteger contra riscos el\u00e9tricos.<\/span><\/li>\n<li><span>Capacidade de condu\u00e7\u00e3o de corrente: Os m\u00faltiplos fios em tran\u00e7as flex\u00edveis aumentam a capacidade de condu\u00e7\u00e3o de corrente da liga\u00e7\u00e3o ou conector, permitindo que eles lidem com aplica\u00e7\u00f5es de alta corrente de forma eficaz.<\/span><\/li>\n<li><span>Expans\u00e3o t\u00e9rmica: conectores e liga\u00e7\u00f5es tran\u00e7adas flex\u00edveis s\u00e3o capazes de acomodar expans\u00e3o e contra\u00e7\u00e3o t\u00e9rmica em sistemas el\u00e9tricos sem comprometer a conex\u00e3o, tornando-os adequados para aplica\u00e7\u00f5es sujeitas a varia\u00e7\u00f5es de temperatura.<\/span><\/li>\n<li><span>Supress\u00e3o de interfer\u00eancia eletromagn\u00e9tica (EMI): Em alguns casos, tran\u00e7as flex\u00edveis s\u00e3o usadas para blindagem EMI para minimizar a interfer\u00eancia eletromagn\u00e9tica em circuitos eletr\u00f4nicos sens\u00edveis.<\/span><\/li>\n<li><span>Tipos de termina\u00e7\u00e3o: conectores e liga\u00e7\u00f5es tran\u00e7adas flex\u00edveis podem ser projetados com v\u00e1rios tipos de termina\u00e7\u00e3o, incluindo terminais, terminais ou conectores personalizados, para atender a requisitos espec\u00edficos da aplica\u00e7\u00e3o.<\/span><\/li>\n<\/ol>\n<p><span>Conectores e liga\u00e7\u00f5es tran\u00e7adas flex\u00edveis s\u00e3o encontrados em uma ampla gama de ind\u00fastrias e aplica\u00e7\u00f5es, incluindo sistemas de distribui\u00e7\u00e3o de energia el\u00e9trica, equipamentos industriais, telecomunica\u00e7\u00f5es, aeroespacial, automotivo e muito mais.<\/span><\/p>\n","protected":false},"featured_media":12602,"template":"","meta":[],"product_brand":[],"product_cat":[381],"product_tag":[],"class_list":{"0":"post-12596","1":"product","2":"type-product","3":"status-publish","4":"has-post-thumbnail","6":"product_cat-acessorios-de-aterramento","8":"first","9":"instock","10":"shipping-taxable","11":"product-type-simple"},"yoast_head":"<!-- This site is optimized with the Yoast SEO plugin v27.3 - https:\/\/yoast.com\/product\/yoast-seo-wordpress\/ -->\n<title>Conex\u00f5es e conectores de tran\u00e7a flex\u00edvel<\/title>\n<meta name=\"description\" content=\"Explore as Conex\u00f5es e Conectores de Tran\u00e7a Flex\u00edvel da Conex Metals, apresentando Correias de Aterramento Tran\u00e7adas e Correias de Aterramento de Cobre. Nossos Conectores Flex\u00edveis de Cobre e Conectores Tran\u00e7ados de Alta Condutividade garantem desempenho superior. Fabricante, exportador e fornecedor l\u00edder da \u00cdndia.\" \/>\n<meta name=\"robots\" content=\"index, follow, max-snippet:-1, max-image-preview:large, max-video-preview:-1\" \/>\n<link rel=\"canonical\" href=\"https:\/\/conexmetals.com\/pt-br\/produto\/conexoes-e-conectores-de-tranca-flexivel\/\" \/>\n<script type=\"application\/ld+json\" class=\"yoast-schema-graph\">{\"@context\":\"https:\\\/\\\/schema.org\",\"@graph\":[{\"@type\":\"WebPage\",\"@id\":\"https:\\\/\\\/conexmetals.com\\\/pt-br\\\/produto\\\/conexoes-e-conectores-de-tranca-flexivel\\\/\",\"url\":\"https:\\\/\\\/conexmetals.com\\\/pt-br\\\/produto\\\/conexoes-e-conectores-de-tranca-flexivel\\\/\",\"name\":\"Conex\u00f5es e conectores de tran\u00e7a flex\u00edvel\",\"isPartOf\":{\"@id\":\"https:\\\/\\\/conexmetals.com\\\/pt-br\\\/#website\"},\"primaryImageOfPage\":{\"@id\":\"https:\\\/\\\/conexmetals.com\\\/pt-br\\\/produto\\\/conexoes-e-conectores-de-tranca-flexivel\\\/#primaryimage\"},\"image\":{\"@id\":\"https:\\\/\\\/conexmetals.com\\\/pt-br\\\/produto\\\/conexoes-e-conectores-de-tranca-flexivel\\\/#primaryimage\"},\"thumbnailUrl\":\"https:\\\/\\\/conexmetals.com\\\/wp-content\\\/uploads\\\/2023\\\/08\\\/Flexible-Braid-Bonds-And-Connectors.webp\",\"datePublished\":\"2023-08-18T05:01:39+00:00\",\"dateModified\":\"2025-01-02T10:08:47+00:00\",\"description\":\"Explore as Conex\u00f5es e Conectores de Tran\u00e7a Flex\u00edvel da Conex Metals, apresentando Correias de Aterramento Tran\u00e7adas e Correias de Aterramento de Cobre. Nossos Conectores Flex\u00edveis de Cobre e Conectores Tran\u00e7ados de Alta Condutividade garantem desempenho superior. Fabricante, exportador e fornecedor l\u00edder da \u00cdndia.\",\"breadcrumb\":{\"@id\":\"https:\\\/\\\/conexmetals.com\\\/pt-br\\\/produto\\\/conexoes-e-conectores-de-tranca-flexivel\\\/#breadcrumb\"},\"inLanguage\":\"pt-BR\",\"potentialAction\":[{\"@type\":\"ReadAction\",\"target\":[\"https:\\\/\\\/conexmetals.com\\\/pt-br\\\/produto\\\/conexoes-e-conectores-de-tranca-flexivel\\\/\"]}]},{\"@type\":\"ImageObject\",\"inLanguage\":\"pt-BR\",\"@id\":\"https:\\\/\\\/conexmetals.com\\\/pt-br\\\/produto\\\/conexoes-e-conectores-de-tranca-flexivel\\\/#primaryimage\",\"url\":\"https:\\\/\\\/conexmetals.com\\\/wp-content\\\/uploads\\\/2023\\\/08\\\/Flexible-Braid-Bonds-And-Connectors.webp\",\"contentUrl\":\"https:\\\/\\\/conexmetals.com\\\/wp-content\\\/uploads\\\/2023\\\/08\\\/Flexible-Braid-Bonds-And-Connectors.webp\",\"width\":350,\"height\":350,\"caption\":\"Flexible Braid Bonds and Connectors\"},{\"@type\":\"BreadcrumbList\",\"@id\":\"https:\\\/\\\/conexmetals.com\\\/pt-br\\\/produto\\\/conexoes-e-conectores-de-tranca-flexivel\\\/#breadcrumb\",\"itemListElement\":[{\"@type\":\"ListItem\",\"position\":1,\"name\":\"Home\",\"item\":\"https:\\\/\\\/conexmetals.com\\\/pt-br\\\/lar\\\/\"},{\"@type\":\"ListItem\",\"position\":2,\"name\":\"Products\",\"item\":\"https:\\\/\\\/conexmetals.com\\\/products\\\/\"},{\"@type\":\"ListItem\",\"position\":3,\"name\":\"Conex\u00f5es e conectores de tran\u00e7a flex\u00edvel\"}]},{\"@type\":\"WebSite\",\"@id\":\"https:\\\/\\\/conexmetals.com\\\/pt-br\\\/#website\",\"url\":\"https:\\\/\\\/conexmetals.com\\\/pt-br\\\/\",\"name\":\"Conex Metals Brass Fittings Brass Parts Copper Parts Brass Components Brass Plumbing Fittings India\",\"description\":\"Manufacturer of Bronze Fittings casting Copper Brass parts components\",\"publisher\":{\"@id\":\"https:\\\/\\\/conexmetals.com\\\/pt-br\\\/#organization\"},\"potentialAction\":[{\"@type\":\"SearchAction\",\"target\":{\"@type\":\"EntryPoint\",\"urlTemplate\":\"https:\\\/\\\/conexmetals.com\\\/pt-br\\\/?s={search_term_string}\"},\"query-input\":{\"@type\":\"PropertyValueSpecification\",\"valueRequired\":true,\"valueName\":\"search_term_string\"}}],\"inLanguage\":\"pt-BR\"},{\"@type\":\"Organization\",\"@id\":\"https:\\\/\\\/conexmetals.com\\\/pt-br\\\/#organization\",\"name\":\"Conex Metals Brass Fittings Brass Parts Copper Parts Brass Components Brass Plumbing Fittings India\",\"url\":\"https:\\\/\\\/conexmetals.com\\\/pt-br\\\/\",\"logo\":{\"@type\":\"ImageObject\",\"inLanguage\":\"pt-BR\",\"@id\":\"https:\\\/\\\/conexmetals.com\\\/pt-br\\\/#\\\/schema\\\/logo\\\/image\\\/\",\"url\":\"https:\\\/\\\/conexmetals.com\\\/wp-content\\\/uploads\\\/2024\\\/03\\\/conex-metals-logo.webp\",\"contentUrl\":\"https:\\\/\\\/conexmetals.com\\\/wp-content\\\/uploads\\\/2024\\\/03\\\/conex-metals-logo.webp\",\"width\":300,\"height\":121,\"caption\":\"Conex Metals Brass Fittings Brass Parts Copper Parts Brass Components Brass Plumbing Fittings India\"},\"image\":{\"@id\":\"https:\\\/\\\/conexmetals.com\\\/pt-br\\\/#\\\/schema\\\/logo\\\/image\\\/\"},\"sameAs\":[\"https:\\\/\\\/www.facebook.com\\\/conexbrass\",\"https:\\\/\\\/x.com\\\/conexindia\",\"https:\\\/\\\/www.linkedin.com\\\/company\\\/conex-metals-india\\\/\",\"https:\\\/\\\/www.instagram.com\\\/conexindia\\\/\"]}]}<\/script>\n<!-- \/ Yoast SEO plugin. -->","yoast_head_json":{"title":"Conex\u00f5es e conectores de tran\u00e7a flex\u00edvel","description":"Explore as Conex\u00f5es e Conectores de Tran\u00e7a Flex\u00edvel da Conex Metals, apresentando Correias de Aterramento Tran\u00e7adas e Correias de Aterramento de Cobre. Nossos Conectores Flex\u00edveis de Cobre e Conectores Tran\u00e7ados de Alta Condutividade garantem desempenho superior. Fabricante, exportador e fornecedor l\u00edder da \u00cdndia.","robots":{"index":"index","follow":"follow","max-snippet":"max-snippet:-1","max-image-preview":"max-image-preview:large","max-video-preview":"max-video-preview:-1"},"canonical":"https:\/\/conexmetals.com\/pt-br\/produto\/conexoes-e-conectores-de-tranca-flexivel\/","schema":{"@context":"https:\/\/schema.org","@graph":[{"@type":"WebPage","@id":"https:\/\/conexmetals.com\/pt-br\/produto\/conexoes-e-conectores-de-tranca-flexivel\/","url":"https:\/\/conexmetals.com\/pt-br\/produto\/conexoes-e-conectores-de-tranca-flexivel\/","name":"Conex\u00f5es e conectores de tran\u00e7a flex\u00edvel","isPartOf":{"@id":"https:\/\/conexmetals.com\/pt-br\/#website"},"primaryImageOfPage":{"@id":"https:\/\/conexmetals.com\/pt-br\/produto\/conexoes-e-conectores-de-tranca-flexivel\/#primaryimage"},"image":{"@id":"https:\/\/conexmetals.com\/pt-br\/produto\/conexoes-e-conectores-de-tranca-flexivel\/#primaryimage"},"thumbnailUrl":"https:\/\/conexmetals.com\/wp-content\/uploads\/2023\/08\/Flexible-Braid-Bonds-And-Connectors.webp","datePublished":"2023-08-18T05:01:39+00:00","dateModified":"2025-01-02T10:08:47+00:00","description":"Explore as Conex\u00f5es e Conectores de Tran\u00e7a Flex\u00edvel da Conex Metals, apresentando Correias de Aterramento Tran\u00e7adas e Correias de Aterramento de Cobre. Nossos Conectores Flex\u00edveis de Cobre e Conectores Tran\u00e7ados de Alta Condutividade garantem desempenho superior. Fabricante, exportador e fornecedor l\u00edder da \u00cdndia.","breadcrumb":{"@id":"https:\/\/conexmetals.com\/pt-br\/produto\/conexoes-e-conectores-de-tranca-flexivel\/#breadcrumb"},"inLanguage":"pt-BR","potentialAction":[{"@type":"ReadAction","target":["https:\/\/conexmetals.com\/pt-br\/produto\/conexoes-e-conectores-de-tranca-flexivel\/"]}]},{"@type":"ImageObject","inLanguage":"pt-BR","@id":"https:\/\/conexmetals.com\/pt-br\/produto\/conexoes-e-conectores-de-tranca-flexivel\/#primaryimage","url":"https:\/\/conexmetals.com\/wp-content\/uploads\/2023\/08\/Flexible-Braid-Bonds-And-Connectors.webp","contentUrl":"https:\/\/conexmetals.com\/wp-content\/uploads\/2023\/08\/Flexible-Braid-Bonds-And-Connectors.webp","width":350,"height":350,"caption":"Flexible Braid Bonds and Connectors"},{"@type":"BreadcrumbList","@id":"https:\/\/conexmetals.com\/pt-br\/produto\/conexoes-e-conectores-de-tranca-flexivel\/#breadcrumb","itemListElement":[{"@type":"ListItem","position":1,"name":"Home","item":"https:\/\/conexmetals.com\/pt-br\/lar\/"},{"@type":"ListItem","position":2,"name":"Products","item":"https:\/\/conexmetals.com\/products\/"},{"@type":"ListItem","position":3,"name":"Conex\u00f5es e conectores de tran\u00e7a flex\u00edvel"}]},{"@type":"WebSite","@id":"https:\/\/conexmetals.com\/pt-br\/#website","url":"https:\/\/conexmetals.com\/pt-br\/","name":"Conex Metals Brass Fittings Brass Parts Copper Parts Brass Components Brass Plumbing Fittings India","description":"Manufacturer of Bronze Fittings casting Copper Brass parts components","publisher":{"@id":"https:\/\/conexmetals.com\/pt-br\/#organization"},"potentialAction":[{"@type":"SearchAction","target":{"@type":"EntryPoint","urlTemplate":"https:\/\/conexmetals.com\/pt-br\/?s={search_term_string}"},"query-input":{"@type":"PropertyValueSpecification","valueRequired":true,"valueName":"search_term_string"}}],"inLanguage":"pt-BR"},{"@type":"Organization","@id":"https:\/\/conexmetals.com\/pt-br\/#organization","name":"Conex Metals Brass Fittings Brass Parts Copper Parts Brass Components Brass Plumbing Fittings India","url":"https:\/\/conexmetals.com\/pt-br\/","logo":{"@type":"ImageObject","inLanguage":"pt-BR","@id":"https:\/\/conexmetals.com\/pt-br\/#\/schema\/logo\/image\/","url":"https:\/\/conexmetals.com\/wp-content\/uploads\/2024\/03\/conex-metals-logo.webp","contentUrl":"https:\/\/conexmetals.com\/wp-content\/uploads\/2024\/03\/conex-metals-logo.webp","width":300,"height":121,"caption":"Conex Metals Brass Fittings Brass Parts Copper Parts Brass Components Brass Plumbing Fittings India"},"image":{"@id":"https:\/\/conexmetals.com\/pt-br\/#\/schema\/logo\/image\/"},"sameAs":["https:\/\/www.facebook.com\/conexbrass","https:\/\/x.com\/conexindia","https:\/\/www.linkedin.com\/company\/conex-metals-india\/","https:\/\/www.instagram.com\/conexindia\/"]}]}},"_links":{"self":[{"href":"https:\/\/conexmetals.com\/pt-br\/wp-json\/wp\/v2\/product\/12596","targetHints":{"allow":["GET"]}}],"collection":[{"href":"https:\/\/conexmetals.com\/pt-br\/wp-json\/wp\/v2\/product"}],"about":[{"href":"https:\/\/conexmetals.com\/pt-br\/wp-json\/wp\/v2\/types\/product"}],"wp:featuredmedia":[{"embeddable":true,"href":"https:\/\/conexmetals.com\/pt-br\/wp-json\/wp\/v2\/media\/12602"}],"wp:attachment":[{"href":"https:\/\/conexmetals.com\/pt-br\/wp-json\/wp\/v2\/media?parent=12596"}],"wp:term":[{"taxonomy":"product_brand","embeddable":true,"href":"https:\/\/conexmetals.com\/pt-br\/wp-json\/wp\/v2\/product_brand?post=12596"},{"taxonomy":"product_cat","embeddable":true,"href":"https:\/\/conexmetals.com\/pt-br\/wp-json\/wp\/v2\/product_cat?post=12596"},{"taxonomy":"product_tag","embeddable":true,"href":"https:\/\/conexmetals.com\/pt-br\/wp-json\/wp\/v2\/product_tag?post=12596"}],"curies":[{"name":"wp","href":"https:\/\/api.w.org\/{rel}","templated":true}]}}