{"id":12615,"date":"2023-08-18T10:39:41","date_gmt":"2023-08-18T05:09:41","guid":{"rendered":"https:\/\/conexmetals.com\/?post_type=product&#038;p=12615"},"modified":"2025-01-02T17:07:55","modified_gmt":"2025-01-02T11:37:55","slug":"pontos-de-aterramento-multiplos","status":"publish","type":"product","link":"https:\/\/conexmetals.com\/pt-br\/produto\/pontos-de-aterramento-multiplos\/","title":{"rendered":"Pontos de aterramento m\u00faltiplos"},"content":{"rendered":"","protected":false},"excerpt":{"rendered":"<p><strong><img fetchpriority=\"high\" decoding=\"async\" class=\"alignnone wp-image-12301 size-full lazy loaded\" src=\"https:\/\/conexmetals.com\/wp-content\/uploads\/2023\/08\/Multi-Point.webp\" alt=\"Multiponto\" width=\"600\" height=\"320\" data-src=\"https:\/\/conexmetals.com\/wp-content\/uploads\/2023\/08\/Multi-Point.webp\" data-was-processed=\"true\" srcset=\"https:\/\/conexmetals.com\/wp-content\/uploads\/2023\/08\/Multi-Point.webp 600w, https:\/\/conexmetals.com\/wp-content\/uploads\/2023\/08\/Multi-Point-300x160.webp 300w\" sizes=\"(max-width: 600px) 100vw, 600px\" \/><\/strong><\/p>\n<table id=\"tablepress-391\" class=\"tablepress tablepress-id-391\">\n<caption>\u00a0<\/caption>\n<thead>\n<tr class=\"row-1 odd\">\n<th class=\"column-1\" colspan=\"3\"><strong><span>Dimens\u00e3o<\/span><\/strong><\/th>\n<\/tr>\n<\/thead>\n<tbody class=\"row-hover\">\n<tr class=\"row-2 even\">\n<td class=\"column-1\"><strong><span>Rod Dia.<\/span><\/strong><\/td>\n<td class=\"column-2\"><strong><span>Di\u00e2metro da rosca.<\/span><\/strong><\/td>\n<td class=\"column-3\"><strong><span>Comprimento da haste<\/span><\/strong><\/td>\n<\/tr>\n<tr class=\"row-3 odd\">\n<td class=\"column-1\"><span>15<\/span><\/td>\n<td class=\"column-2\"><span>5\/8&#8242;<\/span><\/td>\n<td class=\"column-3\"><span>500<\/span><\/td>\n<\/tr>\n<tr class=\"row-4 even\">\n<td class=\"column-1\"><span>15<\/span><\/td>\n<td class=\"column-2\"><span>5\/8&#8242;<\/span><\/td>\n<td class=\"column-3\"><span>1000<\/span><\/td>\n<\/tr>\n<tr class=\"row-5 odd\">\n<td class=\"column-1\"><span>15<\/span><\/td>\n<td class=\"column-2\"><span>5\/8&#8242;<\/span><\/td>\n<td class=\"column-3\"><span>2000<\/span><\/td>\n<\/tr>\n<\/tbody>\n<\/table>\n<p><strong><span>V\u00e1rios pontos de alta qualidade para aterramento e prote\u00e7\u00e3o contra raios<\/span><\/strong><\/p>\n<p><span>Nossos\u00a0<\/span><strong><span>Multiple Points<\/span><\/strong><span>\u00a0s\u00e3o meticulosamente criados usando tecnologia avan\u00e7ada e materiais premium para oferecer desempenho excepcional, durabilidade e facilidade de uso. Fabricados com precis\u00e3o, esses produtos garantem exatid\u00e3o dimensional, funcionalidade robusta e uma experi\u00eancia de instala\u00e7\u00e3o perfeita.<\/span><\/p>\n<p><span>Projetados para uso com terminais de ar de cobre, nossos\u00a0<\/span><strong><span>Multiple Points<\/span><\/strong><span>\u00a0integram-se perfeitamente em redes de termina\u00e7\u00e3o de ar. O corpo multiponto \u00e9 feito de liga de cobre de alta qualidade, enquanto os spikes s\u00e3o compostos de cobre puro, garantindo confiabilidade e desempenho.<\/span><\/p>\n<p><strong><span>Aplica\u00e7\u00f5es e Recursos<\/span><\/strong><\/p>\n<p><strong><span>Multiple Points<\/span><\/strong><span>\u00a0servem como componentes cr\u00edticos para sistemas de aterramento e prote\u00e7\u00e3o contra raios, fornecendo caminhos de baixa resist\u00eancia para correntes de falha. Feitos de materiais como cobre, bronze ou bronze, eles v\u00eam em v\u00e1rios di\u00e2metros de haste variando de 14,2 mm a 19,8 mm. Esses produtos tamb\u00e9m podem ser personalizados em termos de acabamento e cor para atender a requisitos espec\u00edficos.<\/span><\/p>\n<p><strong><span>Gama de produtos<\/span><\/strong><\/p>\n<ul>\n<li><strong><span>Hastes de aterramento de m\u00faltiplos pontos<\/span><\/strong><\/li>\n<li><strong><span>Selas de haste de ar de m\u00faltiplos pontos<\/span><\/strong><\/li>\n<li><strong><span>Terminais de Terra Multiponto<\/span><\/strong><\/li>\n<li><strong><span>Terminais A\u00e9reos Multiponto<\/span><\/strong><\/li>\n<li><strong><span>Solu\u00e7\u00f5es de aterramento multiponto personalizadas<\/span><\/strong><\/li>\n<\/ul>\n<p><strong><span>Caracter\u00edsticas principais<\/span><\/strong><\/p>\n<ul>\n<li><span>Resist\u00eancia \u00e0s intemp\u00e9ries aprimorada<\/span><\/li>\n<li><span>Leve e robusto<\/span><\/li>\n<li><span>Constru\u00e7\u00e3o \u00e0 prova de corros\u00e3o<\/span><\/li>\n<li><span>Precis\u00e3o dimensional superior<\/span><\/li>\n<li><span>F\u00e1cil manuseio e instala\u00e7\u00e3o<\/span><\/li>\n<li><span>Excelente acabamento<\/span><\/li>\n<\/ul>\n<p><strong><span>Benef\u00edcios<\/span><\/strong><\/p>\n<ul>\n<li><span>Alta resist\u00eancia \u00e0 corros\u00e3o<\/span><\/li>\n<li><span>Condutividade el\u00e9trica excepcional<\/span><\/li>\n<li><span>Design sem manuten\u00e7\u00e3o<\/span><\/li>\n<\/ul>\n<p><strong><span>Especifica\u00e7\u00f5es<\/span><\/strong><\/p>\n<ul>\n<li><strong><span>Material<\/span><\/strong><span>\u00a0: Cobre, Bronze, Lat\u00e3o<\/span><\/li>\n<li><strong><span>Di\u00e2metro da haste<\/span><\/strong><span>\u00a0: 16-5\/8\u201d a 19-3\/4\u201d<\/span><\/li>\n<li><strong><span>Normas<\/span><\/strong><span>\u00a0: BS:EN 62561-2<\/span><\/li>\n<li><strong><span>Acabamento<\/span><\/strong><span>\u00a0: Lat\u00e3o<\/span><\/li>\n<li><strong><span>C\u00f3digo do produto<\/span><\/strong><span>\u00a0: Personaliz\u00e1vel<\/span><\/li>\n<\/ul>\n<p><strong><span>Por que escolher nossos pontos m\u00faltiplos?<\/span><\/strong><\/p>\n<p><span>Nossos\u00a0<\/span><strong><span>Multiple Points<\/span><\/strong><span>\u00a0ganharam popularidade significativa como componentes essenciais em instala\u00e7\u00f5es el\u00e9tricas, abordando problemas como interfer\u00eancia de loop de aterramento e zumbido da rede el\u00e9trica. Fabricados em instala\u00e7\u00f5es de \u00faltima gera\u00e7\u00e3o, esses produtos s\u00e3o adequados para aplica\u00e7\u00f5es residenciais e industriais.<\/span><\/p>\n<p><span>Tamb\u00e9m oferecemos\u00a0<\/span><strong><span>mecanismos multiponto<\/span><\/strong><span>\u00a0para aumentar a resist\u00eancia e a integridade das veda\u00e7\u00f5es de portas, geralmente pareados com acabamentos correspondentes para complementar o design. Esses mecanismos contribuem para reduzir a deforma\u00e7\u00e3o e aumentar a durabilidade.<\/span><\/p>\n<p><span>Escolha entre uma ampla sele\u00e7\u00e3o de\u00a0<\/span><strong><span>Multiple Points<\/span><\/strong><span>\u00a0para atender \u00e0s necessidades espec\u00edficas do seu projeto, todos dispon\u00edveis a pre\u00e7os competitivos.<\/span><\/p>\n","protected":false},"featured_media":12536,"template":"","meta":[],"product_brand":[],"product_cat":[381],"product_tag":[],"class_list":{"0":"post-12615","1":"product","2":"type-product","3":"status-publish","4":"has-post-thumbnail","6":"product_cat-acessorios-de-aterramento","8":"first","9":"instock","10":"shipping-taxable","11":"product-type-simple"},"yoast_head":"<!-- This site is optimized with the Yoast SEO plugin v27.3 - https:\/\/yoast.com\/product\/yoast-seo-wordpress\/ -->\n<title>Pontos de aterramento m\u00faltiplos<\/title>\n<meta name=\"description\" content=\"A Conex Metals \u00e9 especializada em Pontos de Aterramento M\u00faltiplos, incluindo Pontos M\u00faltiplos de Cobre e Componentes do Sistema de Aterramento. Nossos Conectores El\u00e9tricos de Aterramento e Pontos de Aterramento Industriais oferecem solu\u00e7\u00f5es de aterramento seguras e eficientes. Fabricante, exportador e fornecedor l\u00edder da \u00cdndia.\" \/>\n<meta name=\"robots\" content=\"index, follow, max-snippet:-1, max-image-preview:large, max-video-preview:-1\" \/>\n<link rel=\"canonical\" href=\"https:\/\/conexmetals.com\/pt-br\/produto\/pontos-de-aterramento-multiplos\/\" \/>\n<script type=\"application\/ld+json\" class=\"yoast-schema-graph\">{\"@context\":\"https:\\\/\\\/schema.org\",\"@graph\":[{\"@type\":\"WebPage\",\"@id\":\"https:\\\/\\\/conexmetals.com\\\/pt-br\\\/produto\\\/pontos-de-aterramento-multiplos\\\/\",\"url\":\"https:\\\/\\\/conexmetals.com\\\/pt-br\\\/produto\\\/pontos-de-aterramento-multiplos\\\/\",\"name\":\"Pontos de aterramento m\u00faltiplos\",\"isPartOf\":{\"@id\":\"https:\\\/\\\/conexmetals.com\\\/pt-br\\\/#website\"},\"primaryImageOfPage\":{\"@id\":\"https:\\\/\\\/conexmetals.com\\\/pt-br\\\/produto\\\/pontos-de-aterramento-multiplos\\\/#primaryimage\"},\"image\":{\"@id\":\"https:\\\/\\\/conexmetals.com\\\/pt-br\\\/produto\\\/pontos-de-aterramento-multiplos\\\/#primaryimage\"},\"thumbnailUrl\":\"https:\\\/\\\/conexmetals.com\\\/wp-content\\\/uploads\\\/2025\\\/01\\\/Pontos-de-aterramento-multiplos.webp\",\"datePublished\":\"2023-08-18T05:09:41+00:00\",\"dateModified\":\"2025-01-02T11:37:55+00:00\",\"description\":\"A Conex Metals \u00e9 especializada em Pontos de Aterramento M\u00faltiplos, incluindo Pontos M\u00faltiplos de Cobre e Componentes do Sistema de Aterramento. Nossos Conectores El\u00e9tricos de Aterramento e Pontos de Aterramento Industriais oferecem solu\u00e7\u00f5es de aterramento seguras e eficientes. Fabricante, exportador e fornecedor l\u00edder da \u00cdndia.\",\"breadcrumb\":{\"@id\":\"https:\\\/\\\/conexmetals.com\\\/pt-br\\\/produto\\\/pontos-de-aterramento-multiplos\\\/#breadcrumb\"},\"inLanguage\":\"pt-BR\",\"potentialAction\":[{\"@type\":\"ReadAction\",\"target\":[\"https:\\\/\\\/conexmetals.com\\\/pt-br\\\/produto\\\/pontos-de-aterramento-multiplos\\\/\"]}]},{\"@type\":\"ImageObject\",\"inLanguage\":\"pt-BR\",\"@id\":\"https:\\\/\\\/conexmetals.com\\\/pt-br\\\/produto\\\/pontos-de-aterramento-multiplos\\\/#primaryimage\",\"url\":\"https:\\\/\\\/conexmetals.com\\\/wp-content\\\/uploads\\\/2025\\\/01\\\/Pontos-de-aterramento-multiplos.webp\",\"contentUrl\":\"https:\\\/\\\/conexmetals.com\\\/wp-content\\\/uploads\\\/2025\\\/01\\\/Pontos-de-aterramento-multiplos.webp\",\"width\":350,\"height\":350,\"caption\":\"Pontos de aterramento m\u00faltiplos\"},{\"@type\":\"BreadcrumbList\",\"@id\":\"https:\\\/\\\/conexmetals.com\\\/pt-br\\\/produto\\\/pontos-de-aterramento-multiplos\\\/#breadcrumb\",\"itemListElement\":[{\"@type\":\"ListItem\",\"position\":1,\"name\":\"Home\",\"item\":\"https:\\\/\\\/conexmetals.com\\\/pt-br\\\/lar\\\/\"},{\"@type\":\"ListItem\",\"position\":2,\"name\":\"Products\",\"item\":\"https:\\\/\\\/conexmetals.com\\\/products\\\/\"},{\"@type\":\"ListItem\",\"position\":3,\"name\":\"Pontos de aterramento m\u00faltiplos\"}]},{\"@type\":\"WebSite\",\"@id\":\"https:\\\/\\\/conexmetals.com\\\/pt-br\\\/#website\",\"url\":\"https:\\\/\\\/conexmetals.com\\\/pt-br\\\/\",\"name\":\"Conex Metals Brass Fittings Brass Parts Copper Parts Brass Components Brass Plumbing Fittings India\",\"description\":\"Manufacturer of Bronze Fittings casting Copper Brass parts components\",\"publisher\":{\"@id\":\"https:\\\/\\\/conexmetals.com\\\/pt-br\\\/#organization\"},\"potentialAction\":[{\"@type\":\"SearchAction\",\"target\":{\"@type\":\"EntryPoint\",\"urlTemplate\":\"https:\\\/\\\/conexmetals.com\\\/pt-br\\\/?s={search_term_string}\"},\"query-input\":{\"@type\":\"PropertyValueSpecification\",\"valueRequired\":true,\"valueName\":\"search_term_string\"}}],\"inLanguage\":\"pt-BR\"},{\"@type\":\"Organization\",\"@id\":\"https:\\\/\\\/conexmetals.com\\\/pt-br\\\/#organization\",\"name\":\"Conex Metals Brass Fittings Brass Parts Copper Parts Brass Components Brass Plumbing Fittings India\",\"url\":\"https:\\\/\\\/conexmetals.com\\\/pt-br\\\/\",\"logo\":{\"@type\":\"ImageObject\",\"inLanguage\":\"pt-BR\",\"@id\":\"https:\\\/\\\/conexmetals.com\\\/pt-br\\\/#\\\/schema\\\/logo\\\/image\\\/\",\"url\":\"https:\\\/\\\/conexmetals.com\\\/wp-content\\\/uploads\\\/2024\\\/03\\\/conex-metals-logo.webp\",\"contentUrl\":\"https:\\\/\\\/conexmetals.com\\\/wp-content\\\/uploads\\\/2024\\\/03\\\/conex-metals-logo.webp\",\"width\":300,\"height\":121,\"caption\":\"Conex Metals Brass Fittings Brass Parts Copper Parts Brass Components Brass Plumbing Fittings India\"},\"image\":{\"@id\":\"https:\\\/\\\/conexmetals.com\\\/pt-br\\\/#\\\/schema\\\/logo\\\/image\\\/\"},\"sameAs\":[\"https:\\\/\\\/www.facebook.com\\\/conexbrass\",\"https:\\\/\\\/x.com\\\/conexindia\",\"https:\\\/\\\/www.linkedin.com\\\/company\\\/conex-metals-india\\\/\",\"https:\\\/\\\/www.instagram.com\\\/conexindia\\\/\"]}]}<\/script>\n<!-- \/ Yoast SEO plugin. -->","yoast_head_json":{"title":"Pontos de aterramento m\u00faltiplos","description":"A Conex Metals \u00e9 especializada em Pontos de Aterramento M\u00faltiplos, incluindo Pontos M\u00faltiplos de Cobre e Componentes do Sistema de Aterramento. Nossos Conectores El\u00e9tricos de Aterramento e Pontos de Aterramento Industriais oferecem solu\u00e7\u00f5es de aterramento seguras e eficientes. Fabricante, exportador e fornecedor l\u00edder da \u00cdndia.","robots":{"index":"index","follow":"follow","max-snippet":"max-snippet:-1","max-image-preview":"max-image-preview:large","max-video-preview":"max-video-preview:-1"},"canonical":"https:\/\/conexmetals.com\/pt-br\/produto\/pontos-de-aterramento-multiplos\/","schema":{"@context":"https:\/\/schema.org","@graph":[{"@type":"WebPage","@id":"https:\/\/conexmetals.com\/pt-br\/produto\/pontos-de-aterramento-multiplos\/","url":"https:\/\/conexmetals.com\/pt-br\/produto\/pontos-de-aterramento-multiplos\/","name":"Pontos de aterramento m\u00faltiplos","isPartOf":{"@id":"https:\/\/conexmetals.com\/pt-br\/#website"},"primaryImageOfPage":{"@id":"https:\/\/conexmetals.com\/pt-br\/produto\/pontos-de-aterramento-multiplos\/#primaryimage"},"image":{"@id":"https:\/\/conexmetals.com\/pt-br\/produto\/pontos-de-aterramento-multiplos\/#primaryimage"},"thumbnailUrl":"https:\/\/conexmetals.com\/wp-content\/uploads\/2025\/01\/Pontos-de-aterramento-multiplos.webp","datePublished":"2023-08-18T05:09:41+00:00","dateModified":"2025-01-02T11:37:55+00:00","description":"A Conex Metals \u00e9 especializada em Pontos de Aterramento M\u00faltiplos, incluindo Pontos M\u00faltiplos de Cobre e Componentes do Sistema de Aterramento. Nossos Conectores El\u00e9tricos de Aterramento e Pontos de Aterramento Industriais oferecem solu\u00e7\u00f5es de aterramento seguras e eficientes. Fabricante, exportador e fornecedor l\u00edder da \u00cdndia.","breadcrumb":{"@id":"https:\/\/conexmetals.com\/pt-br\/produto\/pontos-de-aterramento-multiplos\/#breadcrumb"},"inLanguage":"pt-BR","potentialAction":[{"@type":"ReadAction","target":["https:\/\/conexmetals.com\/pt-br\/produto\/pontos-de-aterramento-multiplos\/"]}]},{"@type":"ImageObject","inLanguage":"pt-BR","@id":"https:\/\/conexmetals.com\/pt-br\/produto\/pontos-de-aterramento-multiplos\/#primaryimage","url":"https:\/\/conexmetals.com\/wp-content\/uploads\/2025\/01\/Pontos-de-aterramento-multiplos.webp","contentUrl":"https:\/\/conexmetals.com\/wp-content\/uploads\/2025\/01\/Pontos-de-aterramento-multiplos.webp","width":350,"height":350,"caption":"Pontos de aterramento m\u00faltiplos"},{"@type":"BreadcrumbList","@id":"https:\/\/conexmetals.com\/pt-br\/produto\/pontos-de-aterramento-multiplos\/#breadcrumb","itemListElement":[{"@type":"ListItem","position":1,"name":"Home","item":"https:\/\/conexmetals.com\/pt-br\/lar\/"},{"@type":"ListItem","position":2,"name":"Products","item":"https:\/\/conexmetals.com\/products\/"},{"@type":"ListItem","position":3,"name":"Pontos de aterramento m\u00faltiplos"}]},{"@type":"WebSite","@id":"https:\/\/conexmetals.com\/pt-br\/#website","url":"https:\/\/conexmetals.com\/pt-br\/","name":"Conex Metals Brass Fittings Brass Parts Copper Parts Brass Components Brass Plumbing Fittings India","description":"Manufacturer of Bronze Fittings casting Copper Brass parts components","publisher":{"@id":"https:\/\/conexmetals.com\/pt-br\/#organization"},"potentialAction":[{"@type":"SearchAction","target":{"@type":"EntryPoint","urlTemplate":"https:\/\/conexmetals.com\/pt-br\/?s={search_term_string}"},"query-input":{"@type":"PropertyValueSpecification","valueRequired":true,"valueName":"search_term_string"}}],"inLanguage":"pt-BR"},{"@type":"Organization","@id":"https:\/\/conexmetals.com\/pt-br\/#organization","name":"Conex Metals Brass Fittings Brass Parts Copper Parts Brass Components Brass Plumbing Fittings India","url":"https:\/\/conexmetals.com\/pt-br\/","logo":{"@type":"ImageObject","inLanguage":"pt-BR","@id":"https:\/\/conexmetals.com\/pt-br\/#\/schema\/logo\/image\/","url":"https:\/\/conexmetals.com\/wp-content\/uploads\/2024\/03\/conex-metals-logo.webp","contentUrl":"https:\/\/conexmetals.com\/wp-content\/uploads\/2024\/03\/conex-metals-logo.webp","width":300,"height":121,"caption":"Conex Metals Brass Fittings Brass Parts Copper Parts Brass Components Brass Plumbing Fittings India"},"image":{"@id":"https:\/\/conexmetals.com\/pt-br\/#\/schema\/logo\/image\/"},"sameAs":["https:\/\/www.facebook.com\/conexbrass","https:\/\/x.com\/conexindia","https:\/\/www.linkedin.com\/company\/conex-metals-india\/","https:\/\/www.instagram.com\/conexindia\/"]}]}},"_links":{"self":[{"href":"https:\/\/conexmetals.com\/pt-br\/wp-json\/wp\/v2\/product\/12615","targetHints":{"allow":["GET"]}}],"collection":[{"href":"https:\/\/conexmetals.com\/pt-br\/wp-json\/wp\/v2\/product"}],"about":[{"href":"https:\/\/conexmetals.com\/pt-br\/wp-json\/wp\/v2\/types\/product"}],"wp:featuredmedia":[{"embeddable":true,"href":"https:\/\/conexmetals.com\/pt-br\/wp-json\/wp\/v2\/media\/12536"}],"wp:attachment":[{"href":"https:\/\/conexmetals.com\/pt-br\/wp-json\/wp\/v2\/media?parent=12615"}],"wp:term":[{"taxonomy":"product_brand","embeddable":true,"href":"https:\/\/conexmetals.com\/pt-br\/wp-json\/wp\/v2\/product_brand?post=12615"},{"taxonomy":"product_cat","embeddable":true,"href":"https:\/\/conexmetals.com\/pt-br\/wp-json\/wp\/v2\/product_cat?post=12615"},{"taxonomy":"product_tag","embeddable":true,"href":"https:\/\/conexmetals.com\/pt-br\/wp-json\/wp\/v2\/product_tag?post=12615"}],"curies":[{"name":"wp","href":"https:\/\/api.w.org\/{rel}","templated":true}]}}