{"id":12620,"date":"2023-08-18T10:34:36","date_gmt":"2023-08-18T05:04:36","guid":{"rendered":"https:\/\/conexmetals.com\/?post_type=product&#038;p=12620"},"modified":"2025-01-02T17:19:28","modified_gmt":"2025-01-02T11:49:28","slug":"bracadeiras-de-teste-oblongas","status":"publish","type":"product","link":"https:\/\/conexmetals.com\/pt-br\/produto\/bracadeiras-de-teste-oblongas\/","title":{"rendered":"Bra\u00e7adeiras de teste oblongas"},"content":{"rendered":"","protected":false},"excerpt":{"rendered":"<div class=\"elementor-element elementor-element-672075d elementor-widget__width-initial e-transform elementor-widget-mobile__width-initial elementor-widget elementor-widget-woocommerce-product-images\" data-id=\"672075d\" data-element_type=\"widget\" data-settings=\"{&quot;_transform_scale_effect&quot;:{&quot;unit&quot;:&quot;px&quot;,&quot;size&quot;:1,&quot;sizes&quot;:[]},&quot;_transform_scale_effect_tablet&quot;:{&quot;unit&quot;:&quot;px&quot;,&quot;size&quot;:&quot;&quot;,&quot;sizes&quot;:[]},&quot;_transform_scale_effect_mobile&quot;:{&quot;unit&quot;:&quot;px&quot;,&quot;size&quot;:&quot;&quot;,&quot;sizes&quot;:[]}}\" data-widget_type=\"woocommerce-product-images.default\">\n<div class=\"elementor-widget-container\">\n<div class=\"woocommerce-product-gallery woocommerce-product-gallery--with-images woocommerce-product-gallery--columns-4 images\" data-columns=\"4\">\n<div class=\"woocommerce-product-gallery__wrapper\">\n<div class=\"woocommerce-product-gallery__image\" data-thumb=\"https:\/\/conexmetals.com\/wp-content\/uploads\/2023\/08\/Oblong-Test-Clamps-100x100.webp\" data-thumb-alt=\"Oblong-Test-Clamps\" data-thumb-srcset=\"https:\/\/conexmetals.com\/wp-content\/uploads\/2023\/08\/Oblong-Test-Clamps-100x100.webp 100w, https:\/\/conexmetals.com\/wp-content\/uploads\/2023\/08\/Oblong-Test-Clamps-300x300.webp 300w, https:\/\/conexmetals.com\/wp-content\/uploads\/2023\/08\/Oblong-Test-Clamps-150x150.webp 150w, https:\/\/conexmetals.com\/wp-content\/uploads\/2023\/08\/Oblong-Test-Clamps.webp 350w\"><\/div>\n<\/div>\n<\/div>\n<\/div>\n<\/div>\n<div class=\"elementor-element elementor-element-36d2ab8 elementor-widget elementor-widget-woocommerce-product-short-description\" data-id=\"36d2ab8\" data-element_type=\"widget\" data-widget_type=\"woocommerce-product-short-description.default\">\n<div class=\"elementor-widget-container\">\n<div class=\"woocommerce-product-details__short-description\">\n<p><img fetchpriority=\"high\" decoding=\"async\" class=\"alignnone wp-image-6744 size-full lazy loaded\" src=\"https:\/\/conexmetals.com\/wp-content\/uploads\/2023\/08\/Oblong-Test-Clamps-line-drawing.jpg\" alt=\"Desenho de linha de grampos de teste oblongos\" width=\"829\" height=\"300\" data-src=\"https:\/\/conexmetals.com\/wp-content\/uploads\/2023\/08\/Oblong-Test-Clamps-line-drawing.jpg\" data-was-processed=\"true\" srcset=\"https:\/\/conexmetals.com\/wp-content\/uploads\/2023\/08\/Oblong-Test-Clamps-line-drawing.jpg 829w, https:\/\/conexmetals.com\/wp-content\/uploads\/2023\/08\/Oblong-Test-Clamps-line-drawing-300x109.jpg 300w, https:\/\/conexmetals.com\/wp-content\/uploads\/2023\/08\/Oblong-Test-Clamps-line-drawing-768x278.jpg 768w, https:\/\/conexmetals.com\/wp-content\/uploads\/2023\/08\/Oblong-Test-Clamps-line-drawing-700x253.jpg 700w\" sizes=\"(max-width: 829px) 100vw, 829px\" \/><\/p>\n<p>&nbsp;<\/p>\n<table id=\"tablepress-343\" class=\"tablepress tablepress-id-343\">\n<caption>\u00a0<\/caption>\n<thead>\n<tr class=\"row-1 odd\">\n<th class=\"column-1\" colspan=\"5\"><strong><span>Fitas de cobre nuas<\/span><\/strong><\/th>\n<\/tr>\n<\/thead>\n<tbody class=\"row-hover\">\n<tr class=\"row-2 even\">\n<td class=\"column-1\"><strong><span>Tamanho m\u00e1ximo do condutor mm<\/span><\/strong><\/td>\n<td class=\"column-2\"><strong><span>L mm<\/span><\/strong><\/td>\n<td class=\"column-3\"><strong><span>L mm<\/span><\/strong><\/td>\n<td class=\"column-4\"><strong><span>Hum<\/span><\/strong><\/td>\n<td class=\"column-5\"><strong><span>Peso unit\u00e1rio kg<\/span><\/strong><\/td>\n<\/tr>\n<tr class=\"row-3 odd\">\n<td class=\"column-1\"><span>26 x 8<\/span><\/td>\n<td class=\"column-2\"><span>68<\/span><\/td>\n<td class=\"column-3\"><span>40<\/span><\/td>\n<td class=\"column-4\"><span>23<\/span><\/td>\n<td class=\"column-5\"><span>0,34<\/span><\/td>\n<\/tr>\n<tr class=\"row-4 even\">\n<td class=\"column-1\"><span>51 x 10<\/span><\/td>\n<td class=\"column-2\"><span>90<\/span><\/td>\n<td class=\"column-3\"><span>63<\/span><\/td>\n<td class=\"column-4\"><span>26<\/span><\/td>\n<td class=\"column-5\"><span>0,58<\/span><\/td>\n<\/tr>\n<tr class=\"row-5 odd\">\n<td class=\"column-1\" colspan=\"5\"><span>Material: Bronze<\/span><\/td>\n<\/tr>\n<\/tbody>\n<\/table>\n<table id=\"tablepress-342\" class=\"tablepress tablepress-id-342\">\n<caption>\u00a0<\/caption>\n<thead>\n<tr class=\"row-1 odd\">\n<th class=\"column-1\" colspan=\"5\"><strong><span>Fita de cobre coberta de chumbo<\/span><\/strong><\/th>\n<\/tr>\n<\/thead>\n<tbody class=\"row-hover\">\n<tr class=\"row-2 even\">\n<td class=\"column-1\"><strong><span>Tamanho m\u00e1ximo do condutor mm<\/span><\/strong><\/td>\n<td class=\"column-2\"><strong><span>L mm<\/span><\/strong><\/td>\n<td class=\"column-3\"><strong><span>L mm<\/span><\/strong><\/td>\n<td class=\"column-4\"><strong><span>Hum<\/span><\/strong><\/td>\n<td class=\"column-5\"><strong><span>Peso unit\u00e1rio kg<\/span><\/strong><\/td>\n<\/tr>\n<tr class=\"row-3 odd\">\n<td class=\"column-1\"><span>26 x 8<\/span><\/td>\n<td class=\"column-2\"><span>90<\/span><\/td>\n<td class=\"column-3\"><span>45<\/span><\/td>\n<td class=\"column-4\"><span>24<\/span><\/td>\n<td class=\"column-5\"><span>0,34<\/span><\/td>\n<\/tr>\n<tr class=\"row-4 even\">\n<td class=\"column-1\" colspan=\"5\"><span>Material: Bronze F\u00f3sforo<\/span><\/td>\n<\/tr>\n<\/tbody>\n<\/table>\n<table id=\"tablepress-344\" class=\"tablepress tablepress-id-344\">\n<caption>\u00a0<\/caption>\n<thead>\n<tr class=\"row-1 odd\">\n<th class=\"column-1\" colspan=\"5\"><strong><span>Fita de Alum\u00ednio Nua<\/span><\/strong><\/th>\n<\/tr>\n<\/thead>\n<tbody class=\"row-hover\">\n<tr class=\"row-2 even\">\n<td class=\"column-1\"><strong><span>Tamanho m\u00e1ximo do condutor mm<\/span><\/strong><\/td>\n<td class=\"column-2\"><strong><span>L mm<\/span><\/strong><\/td>\n<td class=\"column-3\"><strong><span>L mm<\/span><\/strong><\/td>\n<td class=\"column-4\"><strong><span>Hum<\/span><\/strong><\/td>\n<td class=\"column-5\"><strong><span>Peso unit\u00e1rio kg<\/span><\/strong><\/td>\n<\/tr>\n<tr class=\"row-3 odd\">\n<td class=\"column-1\"><span>26 x 8<\/span><\/td>\n<td class=\"column-2\"><span>68<\/span><\/td>\n<td class=\"column-3\"><span>40<\/span><\/td>\n<td class=\"column-4\"><span>23<\/span><\/td>\n<td class=\"column-5\"><span>0,11<\/span><\/td>\n<\/tr>\n<tr class=\"row-4 even\">\n<td class=\"column-1\" colspan=\"5\"><span>Material: Alum\u00ednio<\/span><\/td>\n<\/tr>\n<\/tbody>\n<\/table>\n<p>&nbsp;<\/p>\n<p><span>Grampos de teste oblongos, tamb\u00e9m conhecidos como grampos de teste retangulares ou grampos de teste planos, s\u00e3o acess\u00f3rios de teste el\u00e9trico especializados usados \u200b\u200bpara estabelecer conex\u00f5es el\u00e9tricas tempor\u00e1rias para testes e medi\u00e7\u00f5es. Eles s\u00e3o comumente usados \u200b\u200bem eletr\u00f4nicos, laborat\u00f3rios el\u00e9tricos e ambientes de teste.<\/span><\/p>\n<p><span>Principais caracter\u00edsticas e usos dos grampos de teste oblongos incluem:<\/span><\/p>\n<ol>\n<li><span>Design: Os grampos de teste oblongos t\u00eam um formato retangular ou oblongo, normalmente com um parafuso ou um mecanismo de mola para segurar com seguran\u00e7a o condutor que est\u00e1 sendo testado.<\/span><\/li>\n<li><span>Versatilidade: Essas pin\u00e7as podem acomodar v\u00e1rios tipos de condutores, como fios, cabos, tiras planas ou cabos de teste, permitindo flexibilidade no teste de diferentes circuitos el\u00e9tricos.<\/span><\/li>\n<li><span>Conex\u00f5es tempor\u00e1rias: Os grampos de teste oblongos s\u00e3o projetados para conex\u00f5es tempor\u00e1rias, permitindo f\u00e1cil fixa\u00e7\u00e3o e remo\u00e7\u00e3o de cabos de teste ou outros equipamentos de teste sem danificar os condutores.<\/span><\/li>\n<li><span>Testes el\u00e9tricos: Esses grampos s\u00e3o comumente usados \u200b\u200bem testes e medi\u00e7\u00f5es el\u00e9tricas, como testes de tens\u00e3o, corrente, resist\u00eancia e continuidade.<\/span><\/li>\n<li><span>Uso em laborat\u00f3rio: Grampos de teste oblongos encontram aplica\u00e7\u00f5es em laborat\u00f3rios eletr\u00f4nicos e ambientes educacionais, onde s\u00e3o usados \u200b\u200bdurante experimentos e atividades pr\u00e1ticas de aprendizagem.<\/span><\/li>\n<li><span>Reparo e solu\u00e7\u00e3o de problemas: em cen\u00e1rios de reparo e solu\u00e7\u00e3o de problemas el\u00e9tricos, os grampos de teste oblongos permitem que os t\u00e9cnicos fa\u00e7am conex\u00f5es r\u00e1pidas e confi\u00e1veis \u200b\u200bpara fins de diagn\u00f3stico.<\/span><\/li>\n<li><span>Seguran\u00e7a el\u00e9trica: O uso adequado de grampos de teste oblongos ajuda a garantir a seguran\u00e7a dos procedimentos de teste, pois eles fornecem conex\u00f5es seguras e reduzem o risco de desconex\u00f5es acidentais durante as medi\u00e7\u00f5es.<\/span><\/li>\n<li><span>F\u00e1cil opera\u00e7\u00e3o: os grampos de teste oblongos s\u00e3o projetados para f\u00e1cil opera\u00e7\u00e3o com uma m\u00e3o, permitindo que os t\u00e9cnicos usem a outra m\u00e3o para manipular equipamentos de teste ou registrar medi\u00e7\u00f5es.<\/span><\/li>\n<\/ol>\n<p><span>\u00c9 essencial usar grampos de teste oblongos corretamente para evitar qualquer risco de choque el\u00e9trico ou danos ao equipamento de teste. Antes de fazer qualquer conex\u00e3o, certifique-se de que a energia esteja desligada e que o equipamento de teste esteja adequadamente classificado para as medi\u00e7\u00f5es pretendidas.<\/span><\/p>\n<\/div>\n<\/div>\n<\/div>\n","protected":false},"featured_media":12541,"template":"","meta":[],"product_brand":[],"product_cat":[381],"product_tag":[],"class_list":{"0":"post-12620","1":"product","2":"type-product","3":"status-publish","4":"has-post-thumbnail","6":"product_cat-acessorios-de-aterramento","8":"first","9":"instock","10":"shipping-taxable","11":"product-type-simple"},"yoast_head":"<!-- This site is optimized with the Yoast SEO plugin v27.3 - https:\/\/yoast.com\/product\/yoast-seo-wordpress\/ -->\n<title>Bra\u00e7adeiras de teste oblongas<\/title>\n<meta name=\"description\" content=\"A Conex Metals oferece bra\u00e7adeiras de teste oblongas, bra\u00e7adeiras de aterramento, varas e bra\u00e7adeiras de aterramento, bra\u00e7adeiras grandes de aterramento, aterramento de tubos e bra\u00e7adeiras de cobre para tubos. Fabricante, exportador e fornecedor confi\u00e1vel da \u00cdndia.\" \/>\n<meta name=\"robots\" content=\"index, follow, max-snippet:-1, max-image-preview:large, max-video-preview:-1\" \/>\n<link rel=\"canonical\" href=\"https:\/\/conexmetals.com\/pt-br\/produto\/bracadeiras-de-teste-oblongas\/\" \/>\n<script type=\"application\/ld+json\" class=\"yoast-schema-graph\">{\"@context\":\"https:\\\/\\\/schema.org\",\"@graph\":[{\"@type\":\"WebPage\",\"@id\":\"https:\\\/\\\/conexmetals.com\\\/pt-br\\\/produto\\\/bracadeiras-de-teste-oblongas\\\/\",\"url\":\"https:\\\/\\\/conexmetals.com\\\/pt-br\\\/produto\\\/bracadeiras-de-teste-oblongas\\\/\",\"name\":\"Bra\u00e7adeiras de teste oblongas\",\"isPartOf\":{\"@id\":\"https:\\\/\\\/conexmetals.com\\\/pt-br\\\/#website\"},\"primaryImageOfPage\":{\"@id\":\"https:\\\/\\\/conexmetals.com\\\/pt-br\\\/produto\\\/bracadeiras-de-teste-oblongas\\\/#primaryimage\"},\"image\":{\"@id\":\"https:\\\/\\\/conexmetals.com\\\/pt-br\\\/produto\\\/bracadeiras-de-teste-oblongas\\\/#primaryimage\"},\"thumbnailUrl\":\"https:\\\/\\\/conexmetals.com\\\/wp-content\\\/uploads\\\/2025\\\/01\\\/Bracadeiras-de-teste-oblongas.webp\",\"datePublished\":\"2023-08-18T05:04:36+00:00\",\"dateModified\":\"2025-01-02T11:49:28+00:00\",\"description\":\"A Conex Metals oferece bra\u00e7adeiras de teste oblongas, bra\u00e7adeiras de aterramento, varas e bra\u00e7adeiras de aterramento, bra\u00e7adeiras grandes de aterramento, aterramento de tubos e bra\u00e7adeiras de cobre para tubos. Fabricante, exportador e fornecedor confi\u00e1vel da \u00cdndia.\",\"breadcrumb\":{\"@id\":\"https:\\\/\\\/conexmetals.com\\\/pt-br\\\/produto\\\/bracadeiras-de-teste-oblongas\\\/#breadcrumb\"},\"inLanguage\":\"pt-BR\",\"potentialAction\":[{\"@type\":\"ReadAction\",\"target\":[\"https:\\\/\\\/conexmetals.com\\\/pt-br\\\/produto\\\/bracadeiras-de-teste-oblongas\\\/\"]}]},{\"@type\":\"ImageObject\",\"inLanguage\":\"pt-BR\",\"@id\":\"https:\\\/\\\/conexmetals.com\\\/pt-br\\\/produto\\\/bracadeiras-de-teste-oblongas\\\/#primaryimage\",\"url\":\"https:\\\/\\\/conexmetals.com\\\/wp-content\\\/uploads\\\/2025\\\/01\\\/Bracadeiras-de-teste-oblongas.webp\",\"contentUrl\":\"https:\\\/\\\/conexmetals.com\\\/wp-content\\\/uploads\\\/2025\\\/01\\\/Bracadeiras-de-teste-oblongas.webp\",\"width\":350,\"height\":350,\"caption\":\"Bra\u00e7adeiras de teste oblongas\"},{\"@type\":\"BreadcrumbList\",\"@id\":\"https:\\\/\\\/conexmetals.com\\\/pt-br\\\/produto\\\/bracadeiras-de-teste-oblongas\\\/#breadcrumb\",\"itemListElement\":[{\"@type\":\"ListItem\",\"position\":1,\"name\":\"Home\",\"item\":\"https:\\\/\\\/conexmetals.com\\\/pt-br\\\/lar\\\/\"},{\"@type\":\"ListItem\",\"position\":2,\"name\":\"Products\",\"item\":\"https:\\\/\\\/conexmetals.com\\\/products\\\/\"},{\"@type\":\"ListItem\",\"position\":3,\"name\":\"Bra\u00e7adeiras de teste oblongas\"}]},{\"@type\":\"WebSite\",\"@id\":\"https:\\\/\\\/conexmetals.com\\\/pt-br\\\/#website\",\"url\":\"https:\\\/\\\/conexmetals.com\\\/pt-br\\\/\",\"name\":\"Conex Metals Brass Fittings Brass Parts Copper Parts Brass Components Brass Plumbing Fittings India\",\"description\":\"Manufacturer of Bronze Fittings casting Copper Brass parts components\",\"publisher\":{\"@id\":\"https:\\\/\\\/conexmetals.com\\\/pt-br\\\/#organization\"},\"potentialAction\":[{\"@type\":\"SearchAction\",\"target\":{\"@type\":\"EntryPoint\",\"urlTemplate\":\"https:\\\/\\\/conexmetals.com\\\/pt-br\\\/?s={search_term_string}\"},\"query-input\":{\"@type\":\"PropertyValueSpecification\",\"valueRequired\":true,\"valueName\":\"search_term_string\"}}],\"inLanguage\":\"pt-BR\"},{\"@type\":\"Organization\",\"@id\":\"https:\\\/\\\/conexmetals.com\\\/pt-br\\\/#organization\",\"name\":\"Conex Metals Brass Fittings Brass Parts Copper Parts Brass Components Brass Plumbing Fittings India\",\"url\":\"https:\\\/\\\/conexmetals.com\\\/pt-br\\\/\",\"logo\":{\"@type\":\"ImageObject\",\"inLanguage\":\"pt-BR\",\"@id\":\"https:\\\/\\\/conexmetals.com\\\/pt-br\\\/#\\\/schema\\\/logo\\\/image\\\/\",\"url\":\"https:\\\/\\\/conexmetals.com\\\/wp-content\\\/uploads\\\/2024\\\/03\\\/conex-metals-logo.webp\",\"contentUrl\":\"https:\\\/\\\/conexmetals.com\\\/wp-content\\\/uploads\\\/2024\\\/03\\\/conex-metals-logo.webp\",\"width\":300,\"height\":121,\"caption\":\"Conex Metals Brass Fittings Brass Parts Copper Parts Brass Components Brass Plumbing Fittings India\"},\"image\":{\"@id\":\"https:\\\/\\\/conexmetals.com\\\/pt-br\\\/#\\\/schema\\\/logo\\\/image\\\/\"},\"sameAs\":[\"https:\\\/\\\/www.facebook.com\\\/conexbrass\",\"https:\\\/\\\/x.com\\\/conexindia\",\"https:\\\/\\\/www.linkedin.com\\\/company\\\/conex-metals-india\\\/\",\"https:\\\/\\\/www.instagram.com\\\/conexindia\\\/\"]}]}<\/script>\n<!-- \/ Yoast SEO plugin. -->","yoast_head_json":{"title":"Bra\u00e7adeiras de teste oblongas","description":"A Conex Metals oferece bra\u00e7adeiras de teste oblongas, bra\u00e7adeiras de aterramento, varas e bra\u00e7adeiras de aterramento, bra\u00e7adeiras grandes de aterramento, aterramento de tubos e bra\u00e7adeiras de cobre para tubos. Fabricante, exportador e fornecedor confi\u00e1vel da \u00cdndia.","robots":{"index":"index","follow":"follow","max-snippet":"max-snippet:-1","max-image-preview":"max-image-preview:large","max-video-preview":"max-video-preview:-1"},"canonical":"https:\/\/conexmetals.com\/pt-br\/produto\/bracadeiras-de-teste-oblongas\/","schema":{"@context":"https:\/\/schema.org","@graph":[{"@type":"WebPage","@id":"https:\/\/conexmetals.com\/pt-br\/produto\/bracadeiras-de-teste-oblongas\/","url":"https:\/\/conexmetals.com\/pt-br\/produto\/bracadeiras-de-teste-oblongas\/","name":"Bra\u00e7adeiras de teste oblongas","isPartOf":{"@id":"https:\/\/conexmetals.com\/pt-br\/#website"},"primaryImageOfPage":{"@id":"https:\/\/conexmetals.com\/pt-br\/produto\/bracadeiras-de-teste-oblongas\/#primaryimage"},"image":{"@id":"https:\/\/conexmetals.com\/pt-br\/produto\/bracadeiras-de-teste-oblongas\/#primaryimage"},"thumbnailUrl":"https:\/\/conexmetals.com\/wp-content\/uploads\/2025\/01\/Bracadeiras-de-teste-oblongas.webp","datePublished":"2023-08-18T05:04:36+00:00","dateModified":"2025-01-02T11:49:28+00:00","description":"A Conex Metals oferece bra\u00e7adeiras de teste oblongas, bra\u00e7adeiras de aterramento, varas e bra\u00e7adeiras de aterramento, bra\u00e7adeiras grandes de aterramento, aterramento de tubos e bra\u00e7adeiras de cobre para tubos. Fabricante, exportador e fornecedor confi\u00e1vel da \u00cdndia.","breadcrumb":{"@id":"https:\/\/conexmetals.com\/pt-br\/produto\/bracadeiras-de-teste-oblongas\/#breadcrumb"},"inLanguage":"pt-BR","potentialAction":[{"@type":"ReadAction","target":["https:\/\/conexmetals.com\/pt-br\/produto\/bracadeiras-de-teste-oblongas\/"]}]},{"@type":"ImageObject","inLanguage":"pt-BR","@id":"https:\/\/conexmetals.com\/pt-br\/produto\/bracadeiras-de-teste-oblongas\/#primaryimage","url":"https:\/\/conexmetals.com\/wp-content\/uploads\/2025\/01\/Bracadeiras-de-teste-oblongas.webp","contentUrl":"https:\/\/conexmetals.com\/wp-content\/uploads\/2025\/01\/Bracadeiras-de-teste-oblongas.webp","width":350,"height":350,"caption":"Bra\u00e7adeiras de teste oblongas"},{"@type":"BreadcrumbList","@id":"https:\/\/conexmetals.com\/pt-br\/produto\/bracadeiras-de-teste-oblongas\/#breadcrumb","itemListElement":[{"@type":"ListItem","position":1,"name":"Home","item":"https:\/\/conexmetals.com\/pt-br\/lar\/"},{"@type":"ListItem","position":2,"name":"Products","item":"https:\/\/conexmetals.com\/products\/"},{"@type":"ListItem","position":3,"name":"Bra\u00e7adeiras de teste oblongas"}]},{"@type":"WebSite","@id":"https:\/\/conexmetals.com\/pt-br\/#website","url":"https:\/\/conexmetals.com\/pt-br\/","name":"Conex Metals Brass Fittings Brass Parts Copper Parts Brass Components Brass Plumbing Fittings India","description":"Manufacturer of Bronze Fittings casting Copper Brass parts components","publisher":{"@id":"https:\/\/conexmetals.com\/pt-br\/#organization"},"potentialAction":[{"@type":"SearchAction","target":{"@type":"EntryPoint","urlTemplate":"https:\/\/conexmetals.com\/pt-br\/?s={search_term_string}"},"query-input":{"@type":"PropertyValueSpecification","valueRequired":true,"valueName":"search_term_string"}}],"inLanguage":"pt-BR"},{"@type":"Organization","@id":"https:\/\/conexmetals.com\/pt-br\/#organization","name":"Conex Metals Brass Fittings Brass Parts Copper Parts Brass Components Brass Plumbing Fittings India","url":"https:\/\/conexmetals.com\/pt-br\/","logo":{"@type":"ImageObject","inLanguage":"pt-BR","@id":"https:\/\/conexmetals.com\/pt-br\/#\/schema\/logo\/image\/","url":"https:\/\/conexmetals.com\/wp-content\/uploads\/2024\/03\/conex-metals-logo.webp","contentUrl":"https:\/\/conexmetals.com\/wp-content\/uploads\/2024\/03\/conex-metals-logo.webp","width":300,"height":121,"caption":"Conex Metals Brass Fittings Brass Parts Copper Parts Brass Components Brass Plumbing Fittings India"},"image":{"@id":"https:\/\/conexmetals.com\/pt-br\/#\/schema\/logo\/image\/"},"sameAs":["https:\/\/www.facebook.com\/conexbrass","https:\/\/x.com\/conexindia","https:\/\/www.linkedin.com\/company\/conex-metals-india\/","https:\/\/www.instagram.com\/conexindia\/"]}]}},"_links":{"self":[{"href":"https:\/\/conexmetals.com\/pt-br\/wp-json\/wp\/v2\/product\/12620","targetHints":{"allow":["GET"]}}],"collection":[{"href":"https:\/\/conexmetals.com\/pt-br\/wp-json\/wp\/v2\/product"}],"about":[{"href":"https:\/\/conexmetals.com\/pt-br\/wp-json\/wp\/v2\/types\/product"}],"wp:featuredmedia":[{"embeddable":true,"href":"https:\/\/conexmetals.com\/pt-br\/wp-json\/wp\/v2\/media\/12541"}],"wp:attachment":[{"href":"https:\/\/conexmetals.com\/pt-br\/wp-json\/wp\/v2\/media?parent=12620"}],"wp:term":[{"taxonomy":"product_brand","embeddable":true,"href":"https:\/\/conexmetals.com\/pt-br\/wp-json\/wp\/v2\/product_brand?post=12620"},{"taxonomy":"product_cat","embeddable":true,"href":"https:\/\/conexmetals.com\/pt-br\/wp-json\/wp\/v2\/product_cat?post=12620"},{"taxonomy":"product_tag","embeddable":true,"href":"https:\/\/conexmetals.com\/pt-br\/wp-json\/wp\/v2\/product_tag?post=12620"}],"curies":[{"name":"wp","href":"https:\/\/api.w.org\/{rel}","templated":true}]}}