{"id":12635,"date":"2023-08-18T10:32:52","date_gmt":"2023-08-18T05:02:52","guid":{"rendered":"https:\/\/conexmetals.com\/?post_type=product&#038;p=12635"},"modified":"2025-01-03T12:45:35","modified_gmt":"2025-01-03T07:15:35","slug":"conexoes-rwp-para-tubos-de-agua-da-chuva","status":"publish","type":"product","link":"https:\/\/conexmetals.com\/pt-br\/produto\/conexoes-rwp-para-tubos-de-agua-da-chuva\/","title":{"rendered":"Conex\u00f5es RWP para Tubos de \u00c1gua da Chuva"},"content":{"rendered":"","protected":false},"excerpt":{"rendered":"<div class=\"elementor-element elementor-element-d6f7035 elementor-widget elementor-widget-woocommerce-product-title elementor-page-title elementor-widget-heading\" data-id=\"d6f7035\" data-element_type=\"widget\" data-widget_type=\"woocommerce-product-title.default\">\n<div class=\"elementor-widget-container\">\n<p class=\"product_title entry-title elementor-heading-title elementor-size-default\">\n<\/div>\n<\/div>\n<div class=\"elementor-element elementor-element-672075d elementor-widget__width-initial e-transform elementor-widget-mobile__width-initial elementor-widget elementor-widget-woocommerce-product-images\" data-id=\"672075d\" data-element_type=\"widget\" data-settings=\"{&quot;_transform_scale_effect&quot;:{&quot;unit&quot;:&quot;px&quot;,&quot;size&quot;:1,&quot;sizes&quot;:[]},&quot;_transform_scale_effect_tablet&quot;:{&quot;unit&quot;:&quot;px&quot;,&quot;size&quot;:&quot;&quot;,&quot;sizes&quot;:[]},&quot;_transform_scale_effect_mobile&quot;:{&quot;unit&quot;:&quot;px&quot;,&quot;size&quot;:&quot;&quot;,&quot;sizes&quot;:[]}}\" data-widget_type=\"woocommerce-product-images.default\">\n<div class=\"elementor-widget-container\">\n<div class=\"woocommerce-product-gallery woocommerce-product-gallery--with-images woocommerce-product-gallery--columns-4 images\" data-columns=\"4\">\n<div class=\"woocommerce-product-gallery__wrapper\">\n<div class=\"woocommerce-product-gallery__image\" data-thumb=\"https:\/\/conexmetals.com\/wp-content\/uploads\/2023\/08\/Rain-Water-Pipe-Rwp-Bonds-100x100.webp\" data-thumb-alt=\"Rain-Water-Pipe-Rwp-Bonds\" data-thumb-srcset=\"https:\/\/conexmetals.com\/wp-content\/uploads\/2023\/08\/Rain-Water-Pipe-Rwp-Bonds-100x100.webp 100w, https:\/\/conexmetals.com\/wp-content\/uploads\/2023\/08\/Rain-Water-Pipe-Rwp-Bonds-300x300.webp 300w, https:\/\/conexmetals.com\/wp-content\/uploads\/2023\/08\/Rain-Water-Pipe-Rwp-Bonds-150x150.webp 150w, https:\/\/conexmetals.com\/wp-content\/uploads\/2023\/08\/Rain-Water-Pipe-Rwp-Bonds.webp 350w\"><\/div>\n<\/div>\n<\/div>\n<\/div>\n<\/div>\n<div class=\"elementor-element elementor-element-36d2ab8 elementor-widget elementor-widget-woocommerce-product-short-description\" data-id=\"36d2ab8\" data-element_type=\"widget\" data-widget_type=\"woocommerce-product-short-description.default\">\n<div class=\"elementor-widget-container\">\n<div class=\"woocommerce-product-details__short-description\">\n<table id=\"tablepress-341\" class=\"tablepress tablepress-id-341\">\n<caption>\u00a0<\/caption>\n<thead>\n<tr class=\"row-1 odd\">\n<th class=\"column-1\" colspan=\"4\"><strong><span>T\u00edtulos RWP para encanamento de \u00e1guas pluviais<\/span><\/strong><\/th>\n<\/tr>\n<\/thead>\n<tbody class=\"row-hover\">\n<tr class=\"row-2 even\">\n<td class=\"column-1\"><strong><span>Largura m\u00e1xima da fita (mm)<\/span><\/strong><\/td>\n<td class=\"column-2\"><strong><span>Tamanho do parafuso<\/span><\/strong><\/td>\n<td class=\"column-3\"><strong><span>Material condutor<\/span><\/strong><\/td>\n<td class=\"column-4\"><strong><span>Peso cada (kg)<\/span><\/strong><\/td>\n<\/tr>\n<tr class=\"row-3 odd\">\n<td class=\"column-1\"><span>26<\/span><\/td>\n<td class=\"column-2\"><span>M10<\/span><\/td>\n<td class=\"column-3\"><span>Cobre<\/span><\/td>\n<td class=\"column-4\"><span>0,12<\/span><\/td>\n<\/tr>\n<tr class=\"row-4 even\">\n<td class=\"column-1\"><span>26<\/span><\/td>\n<td class=\"column-2\"><span>M10<\/span><\/td>\n<td class=\"column-3\"><span>Alum\u00ednio<\/span><\/td>\n<td class=\"column-4\"><span>0,07g<\/span><\/td>\n<\/tr>\n<\/tbody>\n<\/table>\n<p><img fetchpriority=\"high\" decoding=\"async\" class=\"size-full wp-image-6740 alignright lazy loaded\" src=\"https:\/\/conexmetals.com\/wp-content\/uploads\/2023\/08\/rwp-line-drawing.png\" alt=\"desenho de linha rwp\" width=\"250\" height=\"250\" data-src=\"https:\/\/conexmetals.com\/wp-content\/uploads\/2023\/08\/rwp-line-drawing.png\" data-was-processed=\"true\" srcset=\"https:\/\/conexmetals.com\/wp-content\/uploads\/2023\/08\/rwp-line-drawing.png 250w, https:\/\/conexmetals.com\/wp-content\/uploads\/2023\/08\/rwp-line-drawing-150x150.png 150w, https:\/\/conexmetals.com\/wp-content\/uploads\/2023\/08\/rwp-line-drawing-100x100.png 100w\" sizes=\"(max-width: 250px) 100vw, 250px\" \/><span>As liga\u00e7\u00f5es Rain Water Pipe (RWP), tamb\u00e9m conhecidas como liga\u00e7\u00f5es de downpipe de \u00e1guas pluviais ou liga\u00e7\u00f5es de calhas, s\u00e3o conex\u00f5es el\u00e9tricas usadas para fornecer aterramento eficaz para canos ou calhas de \u00e1guas pluviais. Elas s\u00e3o um componente importante de sistemas de prote\u00e7\u00e3o contra raios e aterramento, garantindo a dissipa\u00e7\u00e3o segura de correntes de raios e prevenindo riscos el\u00e9tricos que podem surgir devido a raios nos canos de \u00e1guas pluviais do edif\u00edcio.<\/span><\/p>\n<p><span>Principais caracter\u00edsticas e usos dos t\u00edtulos RWP incluem:<\/span><\/p>\n<ol>\n<li><span>Seguran\u00e7a el\u00e9trica: as liga\u00e7\u00f5es RWP s\u00e3o projetadas para direcionar com seguran\u00e7a as correntes de raios para longe de canos de \u00e1guas pluviais e calhas, reduzindo o risco de danos estruturais e riscos el\u00e9tricos.<\/span><\/li>\n<li><span>Prote\u00e7\u00e3o contra raios: Em um sistema de prote\u00e7\u00e3o contra raios, as liga\u00e7\u00f5es RWP ajudam a criar um caminho de baixa resist\u00eancia para que as correntes dos raios viajem com seguran\u00e7a at\u00e9 o sistema de aterramento, que dispersa a energia el\u00e9trica no solo.<\/span><\/li>\n<li><span>Material: As liga\u00e7\u00f5es RWP s\u00e3o normalmente feitas de materiais de alta condutividade, como cobre ou cobre estanhado, pois esses materiais oferecem excelente condutividade el\u00e9trica e resist\u00eancia \u00e0 corros\u00e3o.<\/span><\/li>\n<li><span>Conex\u00e3o: As liga\u00e7\u00f5es RWP s\u00e3o fixadas com seguran\u00e7a aos canos de \u00e1guas pluviais e depois conectadas ao sistema de aterramento principal do edif\u00edcio, garantindo um caminho confi\u00e1vel e cont\u00ednuo para a corrente el\u00e9trica.<\/span><\/li>\n<li><span>Conformidade: As liga\u00e7\u00f5es RWP s\u00e3o instaladas de acordo com os padr\u00f5es reconhecidos da ind\u00fastria e os c\u00f3digos el\u00e9tricos locais para garantir a conformidade com os requisitos de seguran\u00e7a.<\/span><\/li>\n<li><span>Inspe\u00e7\u00e3o e Manuten\u00e7\u00e3o: A inspe\u00e7\u00e3o e manuten\u00e7\u00e3o regulares de t\u00edtulos RWP s\u00e3o essenciais para garantir sua efic\u00e1cia e integridade cont\u00ednuas. T\u00edtulos danificados ou corro\u00eddos devem ser prontamente reparados ou substitu\u00eddos.<\/span><\/li>\n<\/ol>\n<p><span>Canos e calhas de \u00e1guas pluviais geralmente ficam localizados no exterior de edif\u00edcios e s\u00e3o suscet\u00edveis a serem atingidos por raios durante tempestades. Sem aterramento adequado, um raio em um cano de \u00e1guas pluviais pode levar a danos el\u00e9tricos, inc\u00eandios ou problemas estruturais.<\/span><\/p>\n<\/div>\n<\/div>\n<\/div>\n","protected":false},"featured_media":12546,"template":"","meta":[],"product_brand":[],"product_cat":[381],"product_tag":[],"class_list":{"0":"post-12635","1":"product","2":"type-product","3":"status-publish","4":"has-post-thumbnail","6":"product_cat-acessorios-de-aterramento","8":"first","9":"instock","10":"shipping-taxable","11":"product-type-simple"},"yoast_head":"<!-- This site is optimized with the Yoast SEO plugin v27.3 - https:\/\/yoast.com\/product\/yoast-seo-wordpress\/ -->\n<title>Conex\u00f5es RWP para Tubos de \u00c1gua da Chuva<\/title>\n<meta name=\"description\" content=\"Explore as Conex\u00f5es RWP para Tubos de \u00c1gua da Chuva da Conex Metals, incluindo bra\u00e7adeiras de aterramento para tubos de \u00e1gua da chuva e solu\u00e7\u00f5es de liga\u00e7\u00e3o de calhas pluviais. Nossos produtos garantem prote\u00e7\u00e3o eficaz contra raios e aterramento seguro. Fabricante, exportador e fornecedor confi\u00e1vel da \u00cdndia.\" \/>\n<meta name=\"robots\" content=\"index, follow, max-snippet:-1, max-image-preview:large, max-video-preview:-1\" \/>\n<link rel=\"canonical\" href=\"https:\/\/conexmetals.com\/pt-br\/produto\/conexoes-rwp-para-tubos-de-agua-da-chuva\/\" \/>\n<script type=\"application\/ld+json\" class=\"yoast-schema-graph\">{\"@context\":\"https:\\\/\\\/schema.org\",\"@graph\":[{\"@type\":\"WebPage\",\"@id\":\"https:\\\/\\\/conexmetals.com\\\/pt-br\\\/produto\\\/conexoes-rwp-para-tubos-de-agua-da-chuva\\\/\",\"url\":\"https:\\\/\\\/conexmetals.com\\\/pt-br\\\/produto\\\/conexoes-rwp-para-tubos-de-agua-da-chuva\\\/\",\"name\":\"Conex\u00f5es RWP para Tubos de \u00c1gua da Chuva\",\"isPartOf\":{\"@id\":\"https:\\\/\\\/conexmetals.com\\\/pt-br\\\/#website\"},\"primaryImageOfPage\":{\"@id\":\"https:\\\/\\\/conexmetals.com\\\/pt-br\\\/produto\\\/conexoes-rwp-para-tubos-de-agua-da-chuva\\\/#primaryimage\"},\"image\":{\"@id\":\"https:\\\/\\\/conexmetals.com\\\/pt-br\\\/produto\\\/conexoes-rwp-para-tubos-de-agua-da-chuva\\\/#primaryimage\"},\"thumbnailUrl\":\"https:\\\/\\\/conexmetals.com\\\/wp-content\\\/uploads\\\/2025\\\/01\\\/Conexoes-RWP-para-Tubos-de-Agua-da-Chuva.webp\",\"datePublished\":\"2023-08-18T05:02:52+00:00\",\"dateModified\":\"2025-01-03T07:15:35+00:00\",\"description\":\"Explore as Conex\u00f5es RWP para Tubos de \u00c1gua da Chuva da Conex Metals, incluindo bra\u00e7adeiras de aterramento para tubos de \u00e1gua da chuva e solu\u00e7\u00f5es de liga\u00e7\u00e3o de calhas pluviais. Nossos produtos garantem prote\u00e7\u00e3o eficaz contra raios e aterramento seguro. Fabricante, exportador e fornecedor confi\u00e1vel da \u00cdndia.\",\"breadcrumb\":{\"@id\":\"https:\\\/\\\/conexmetals.com\\\/pt-br\\\/produto\\\/conexoes-rwp-para-tubos-de-agua-da-chuva\\\/#breadcrumb\"},\"inLanguage\":\"pt-BR\",\"potentialAction\":[{\"@type\":\"ReadAction\",\"target\":[\"https:\\\/\\\/conexmetals.com\\\/pt-br\\\/produto\\\/conexoes-rwp-para-tubos-de-agua-da-chuva\\\/\"]}]},{\"@type\":\"ImageObject\",\"inLanguage\":\"pt-BR\",\"@id\":\"https:\\\/\\\/conexmetals.com\\\/pt-br\\\/produto\\\/conexoes-rwp-para-tubos-de-agua-da-chuva\\\/#primaryimage\",\"url\":\"https:\\\/\\\/conexmetals.com\\\/wp-content\\\/uploads\\\/2025\\\/01\\\/Conexoes-RWP-para-Tubos-de-Agua-da-Chuva.webp\",\"contentUrl\":\"https:\\\/\\\/conexmetals.com\\\/wp-content\\\/uploads\\\/2025\\\/01\\\/Conexoes-RWP-para-Tubos-de-Agua-da-Chuva.webp\",\"width\":350,\"height\":350,\"caption\":\"Conex\u00f5es RWP para Tubos de \u00c1gua da Chuva\"},{\"@type\":\"BreadcrumbList\",\"@id\":\"https:\\\/\\\/conexmetals.com\\\/pt-br\\\/produto\\\/conexoes-rwp-para-tubos-de-agua-da-chuva\\\/#breadcrumb\",\"itemListElement\":[{\"@type\":\"ListItem\",\"position\":1,\"name\":\"Home\",\"item\":\"https:\\\/\\\/conexmetals.com\\\/pt-br\\\/lar\\\/\"},{\"@type\":\"ListItem\",\"position\":2,\"name\":\"Products\",\"item\":\"https:\\\/\\\/conexmetals.com\\\/products\\\/\"},{\"@type\":\"ListItem\",\"position\":3,\"name\":\"Conex\u00f5es RWP para Tubos de \u00c1gua da Chuva\"}]},{\"@type\":\"WebSite\",\"@id\":\"https:\\\/\\\/conexmetals.com\\\/pt-br\\\/#website\",\"url\":\"https:\\\/\\\/conexmetals.com\\\/pt-br\\\/\",\"name\":\"Conex Metals Brass Fittings Brass Parts Copper Parts Brass Components Brass Plumbing Fittings India\",\"description\":\"Manufacturer of Bronze Fittings casting Copper Brass parts components\",\"publisher\":{\"@id\":\"https:\\\/\\\/conexmetals.com\\\/pt-br\\\/#organization\"},\"potentialAction\":[{\"@type\":\"SearchAction\",\"target\":{\"@type\":\"EntryPoint\",\"urlTemplate\":\"https:\\\/\\\/conexmetals.com\\\/pt-br\\\/?s={search_term_string}\"},\"query-input\":{\"@type\":\"PropertyValueSpecification\",\"valueRequired\":true,\"valueName\":\"search_term_string\"}}],\"inLanguage\":\"pt-BR\"},{\"@type\":\"Organization\",\"@id\":\"https:\\\/\\\/conexmetals.com\\\/pt-br\\\/#organization\",\"name\":\"Conex Metals Brass Fittings Brass Parts Copper Parts Brass Components Brass Plumbing Fittings India\",\"url\":\"https:\\\/\\\/conexmetals.com\\\/pt-br\\\/\",\"logo\":{\"@type\":\"ImageObject\",\"inLanguage\":\"pt-BR\",\"@id\":\"https:\\\/\\\/conexmetals.com\\\/pt-br\\\/#\\\/schema\\\/logo\\\/image\\\/\",\"url\":\"https:\\\/\\\/conexmetals.com\\\/wp-content\\\/uploads\\\/2024\\\/03\\\/conex-metals-logo.webp\",\"contentUrl\":\"https:\\\/\\\/conexmetals.com\\\/wp-content\\\/uploads\\\/2024\\\/03\\\/conex-metals-logo.webp\",\"width\":300,\"height\":121,\"caption\":\"Conex Metals Brass Fittings Brass Parts Copper Parts Brass Components Brass Plumbing Fittings India\"},\"image\":{\"@id\":\"https:\\\/\\\/conexmetals.com\\\/pt-br\\\/#\\\/schema\\\/logo\\\/image\\\/\"},\"sameAs\":[\"https:\\\/\\\/www.facebook.com\\\/conexbrass\",\"https:\\\/\\\/x.com\\\/conexindia\",\"https:\\\/\\\/www.linkedin.com\\\/company\\\/conex-metals-india\\\/\",\"https:\\\/\\\/www.instagram.com\\\/conexindia\\\/\"]}]}<\/script>\n<!-- \/ Yoast SEO plugin. -->","yoast_head_json":{"title":"Conex\u00f5es RWP para Tubos de \u00c1gua da Chuva","description":"Explore as Conex\u00f5es RWP para Tubos de \u00c1gua da Chuva da Conex Metals, incluindo bra\u00e7adeiras de aterramento para tubos de \u00e1gua da chuva e solu\u00e7\u00f5es de liga\u00e7\u00e3o de calhas pluviais. Nossos produtos garantem prote\u00e7\u00e3o eficaz contra raios e aterramento seguro. Fabricante, exportador e fornecedor confi\u00e1vel da \u00cdndia.","robots":{"index":"index","follow":"follow","max-snippet":"max-snippet:-1","max-image-preview":"max-image-preview:large","max-video-preview":"max-video-preview:-1"},"canonical":"https:\/\/conexmetals.com\/pt-br\/produto\/conexoes-rwp-para-tubos-de-agua-da-chuva\/","schema":{"@context":"https:\/\/schema.org","@graph":[{"@type":"WebPage","@id":"https:\/\/conexmetals.com\/pt-br\/produto\/conexoes-rwp-para-tubos-de-agua-da-chuva\/","url":"https:\/\/conexmetals.com\/pt-br\/produto\/conexoes-rwp-para-tubos-de-agua-da-chuva\/","name":"Conex\u00f5es RWP para Tubos de \u00c1gua da Chuva","isPartOf":{"@id":"https:\/\/conexmetals.com\/pt-br\/#website"},"primaryImageOfPage":{"@id":"https:\/\/conexmetals.com\/pt-br\/produto\/conexoes-rwp-para-tubos-de-agua-da-chuva\/#primaryimage"},"image":{"@id":"https:\/\/conexmetals.com\/pt-br\/produto\/conexoes-rwp-para-tubos-de-agua-da-chuva\/#primaryimage"},"thumbnailUrl":"https:\/\/conexmetals.com\/wp-content\/uploads\/2025\/01\/Conexoes-RWP-para-Tubos-de-Agua-da-Chuva.webp","datePublished":"2023-08-18T05:02:52+00:00","dateModified":"2025-01-03T07:15:35+00:00","description":"Explore as Conex\u00f5es RWP para Tubos de \u00c1gua da Chuva da Conex Metals, incluindo bra\u00e7adeiras de aterramento para tubos de \u00e1gua da chuva e solu\u00e7\u00f5es de liga\u00e7\u00e3o de calhas pluviais. Nossos produtos garantem prote\u00e7\u00e3o eficaz contra raios e aterramento seguro. Fabricante, exportador e fornecedor confi\u00e1vel da \u00cdndia.","breadcrumb":{"@id":"https:\/\/conexmetals.com\/pt-br\/produto\/conexoes-rwp-para-tubos-de-agua-da-chuva\/#breadcrumb"},"inLanguage":"pt-BR","potentialAction":[{"@type":"ReadAction","target":["https:\/\/conexmetals.com\/pt-br\/produto\/conexoes-rwp-para-tubos-de-agua-da-chuva\/"]}]},{"@type":"ImageObject","inLanguage":"pt-BR","@id":"https:\/\/conexmetals.com\/pt-br\/produto\/conexoes-rwp-para-tubos-de-agua-da-chuva\/#primaryimage","url":"https:\/\/conexmetals.com\/wp-content\/uploads\/2025\/01\/Conexoes-RWP-para-Tubos-de-Agua-da-Chuva.webp","contentUrl":"https:\/\/conexmetals.com\/wp-content\/uploads\/2025\/01\/Conexoes-RWP-para-Tubos-de-Agua-da-Chuva.webp","width":350,"height":350,"caption":"Conex\u00f5es RWP para Tubos de \u00c1gua da Chuva"},{"@type":"BreadcrumbList","@id":"https:\/\/conexmetals.com\/pt-br\/produto\/conexoes-rwp-para-tubos-de-agua-da-chuva\/#breadcrumb","itemListElement":[{"@type":"ListItem","position":1,"name":"Home","item":"https:\/\/conexmetals.com\/pt-br\/lar\/"},{"@type":"ListItem","position":2,"name":"Products","item":"https:\/\/conexmetals.com\/products\/"},{"@type":"ListItem","position":3,"name":"Conex\u00f5es RWP para Tubos de \u00c1gua da Chuva"}]},{"@type":"WebSite","@id":"https:\/\/conexmetals.com\/pt-br\/#website","url":"https:\/\/conexmetals.com\/pt-br\/","name":"Conex Metals Brass Fittings Brass Parts Copper Parts Brass Components Brass Plumbing Fittings India","description":"Manufacturer of Bronze Fittings casting Copper Brass parts components","publisher":{"@id":"https:\/\/conexmetals.com\/pt-br\/#organization"},"potentialAction":[{"@type":"SearchAction","target":{"@type":"EntryPoint","urlTemplate":"https:\/\/conexmetals.com\/pt-br\/?s={search_term_string}"},"query-input":{"@type":"PropertyValueSpecification","valueRequired":true,"valueName":"search_term_string"}}],"inLanguage":"pt-BR"},{"@type":"Organization","@id":"https:\/\/conexmetals.com\/pt-br\/#organization","name":"Conex Metals Brass Fittings Brass Parts Copper Parts Brass Components Brass Plumbing Fittings India","url":"https:\/\/conexmetals.com\/pt-br\/","logo":{"@type":"ImageObject","inLanguage":"pt-BR","@id":"https:\/\/conexmetals.com\/pt-br\/#\/schema\/logo\/image\/","url":"https:\/\/conexmetals.com\/wp-content\/uploads\/2024\/03\/conex-metals-logo.webp","contentUrl":"https:\/\/conexmetals.com\/wp-content\/uploads\/2024\/03\/conex-metals-logo.webp","width":300,"height":121,"caption":"Conex Metals Brass Fittings Brass Parts Copper Parts Brass Components Brass Plumbing Fittings India"},"image":{"@id":"https:\/\/conexmetals.com\/pt-br\/#\/schema\/logo\/image\/"},"sameAs":["https:\/\/www.facebook.com\/conexbrass","https:\/\/x.com\/conexindia","https:\/\/www.linkedin.com\/company\/conex-metals-india\/","https:\/\/www.instagram.com\/conexindia\/"]}]}},"_links":{"self":[{"href":"https:\/\/conexmetals.com\/pt-br\/wp-json\/wp\/v2\/product\/12635","targetHints":{"allow":["GET"]}}],"collection":[{"href":"https:\/\/conexmetals.com\/pt-br\/wp-json\/wp\/v2\/product"}],"about":[{"href":"https:\/\/conexmetals.com\/pt-br\/wp-json\/wp\/v2\/types\/product"}],"wp:featuredmedia":[{"embeddable":true,"href":"https:\/\/conexmetals.com\/pt-br\/wp-json\/wp\/v2\/media\/12546"}],"wp:attachment":[{"href":"https:\/\/conexmetals.com\/pt-br\/wp-json\/wp\/v2\/media?parent=12635"}],"wp:term":[{"taxonomy":"product_brand","embeddable":true,"href":"https:\/\/conexmetals.com\/pt-br\/wp-json\/wp\/v2\/product_brand?post=12635"},{"taxonomy":"product_cat","embeddable":true,"href":"https:\/\/conexmetals.com\/pt-br\/wp-json\/wp\/v2\/product_cat?post=12635"},{"taxonomy":"product_tag","embeddable":true,"href":"https:\/\/conexmetals.com\/pt-br\/wp-json\/wp\/v2\/product_tag?post=12635"}],"curies":[{"name":"wp","href":"https:\/\/api.w.org\/{rel}","templated":true}]}}