{"id":12640,"date":"2023-08-18T10:36:09","date_gmt":"2023-08-18T05:06:09","guid":{"rendered":"https:\/\/conexmetals.com\/?post_type=product&#038;p=12640"},"modified":"2025-01-03T13:01:36","modified_gmt":"2025-01-03T07:31:36","slug":"bracadeiras-de-barra-para-cabo","status":"publish","type":"product","link":"https:\/\/conexmetals.com\/pt-br\/produto\/bracadeiras-de-barra-para-cabo\/","title":{"rendered":"Bra\u00e7adeiras de barra para cabo"},"content":{"rendered":"","protected":false},"excerpt":{"rendered":"<div class=\"elementor-element elementor-element-d6f7035 elementor-widget elementor-widget-woocommerce-product-title elementor-page-title elementor-widget-heading\" data-id=\"d6f7035\" data-element_type=\"widget\" data-widget_type=\"woocommerce-product-title.default\">\n<div class=\"elementor-widget-container\">\n<p class=\"product_title entry-title elementor-heading-title elementor-size-default\">\u00a0<img fetchpriority=\"high\" decoding=\"async\" class=\"alignnone wp-image-6751 size-full lazy loaded\" src=\"https:\/\/conexmetals.com\/wp-content\/uploads\/2023\/08\/Earth-Rod-to-Cable.jpg\" alt=\"Haste de aterramento para cabo\" width=\"732\" height=\"250\" data-src=\"https:\/\/conexmetals.com\/wp-content\/uploads\/2023\/08\/Earth-Rod-to-Cable.jpg\" data-was-processed=\"true\" srcset=\"https:\/\/conexmetals.com\/wp-content\/uploads\/2023\/08\/Earth-Rod-to-Cable.jpg 732w, https:\/\/conexmetals.com\/wp-content\/uploads\/2023\/08\/Earth-Rod-to-Cable-300x102.jpg 300w, https:\/\/conexmetals.com\/wp-content\/uploads\/2023\/08\/Earth-Rod-to-Cable-700x239.jpg 700w\" sizes=\"(max-width: 732px) 100vw, 732px\" \/><\/p>\n<\/div>\n<\/div>\n<div class=\"elementor-element elementor-element-36d2ab8 elementor-widget elementor-widget-woocommerce-product-short-description\" data-id=\"36d2ab8\" data-element_type=\"widget\" data-widget_type=\"woocommerce-product-short-description.default\">\n<div class=\"elementor-widget-container\">\n<div class=\"woocommerce-product-details__short-description\">\n<p>&nbsp;<\/p>\n<table id=\"tablepress-347\" class=\"tablepress tablepress-id-347\">\n<caption>\u00a0<\/caption>\n<thead>\n<tr class=\"row-1 odd\">\n<th class=\"column-1\" colspan=\"7\"><strong><span>Haste de aterramento para cabo<\/span><\/strong><\/th>\n<\/tr>\n<\/thead>\n<tbody class=\"row-hover\">\n<tr class=\"row-2 even\">\n<td class=\"column-1\"><strong><span>Haste da haste de aterramento \u00d8 mm<\/span><\/strong><\/td>\n<td class=\"column-2\"><strong><span>Faixa do condutor mm\u00a0<\/span><sup><span>2<\/span><\/sup><\/strong><\/td>\n<td class=\"column-3\"><strong><span>L mm<\/span><\/strong><\/td>\n<td class=\"column-4\"><strong><span>L mm<\/span><\/strong><\/td>\n<td class=\"column-5\"><strong><span>Hum<\/span><\/strong><\/td>\n<td class=\"column-6\"><strong><span>Peso unit\u00e1rio kg<\/span><\/strong><\/td>\n<td class=\"column-7\"><strong><span>Papel<\/span><\/strong><\/td>\n<\/tr>\n<tr class=\"row-3 odd\">\n<td class=\"column-1\"><span>9,5<\/span><\/td>\n<td class=\"column-2\"><span>6-35<\/span><\/td>\n<td class=\"column-3\"><span>32<\/span><\/td>\n<td class=\"column-4\"><span>20<\/span><\/td>\n<td class=\"column-5\"><span>16<\/span><\/td>\n<td class=\"column-6\"><span>0,04<\/span><\/td>\n<td class=\"column-7\"><span>UM<\/span><\/td>\n<\/tr>\n<tr class=\"row-4 even\">\n<td class=\"column-1\" rowspan=\"3\"><span>12.7<\/span><\/td>\n<td class=\"column-2\"><span>6-35<\/span><\/td>\n<td class=\"column-3\"><span>34<\/span><\/td>\n<td class=\"column-4\"><span>25<\/span><\/td>\n<td class=\"column-5\"><span>15<\/span><\/td>\n<td class=\"column-6\"><span>0,05<\/span><\/td>\n<td class=\"column-7\"><span>B<\/span><\/td>\n<\/tr>\n<tr class=\"row-5 odd\">\n<td class=\"column-2\"><span>35-70<\/span><\/td>\n<td class=\"column-3\"><span>41<\/span><\/td>\n<td class=\"column-4\"><span>25<\/span><\/td>\n<td class=\"column-5\"><span>17<\/span><\/td>\n<td class=\"column-6\"><span>0,08<\/span><\/td>\n<td class=\"column-7\"><span>C<\/span><\/td>\n<\/tr>\n<tr class=\"row-6 even\">\n<td class=\"column-2\"><span>6-16<\/span><\/td>\n<td class=\"column-3\"><span>34<\/span><\/td>\n<td class=\"column-4\"><span>25<\/span><\/td>\n<td class=\"column-5\"><span>15<\/span><\/td>\n<td class=\"column-6\"><span>0,05<\/span><\/td>\n<td class=\"column-7\"><span>B<\/span><\/td>\n<\/tr>\n<tr class=\"row-7 odd\">\n<td class=\"column-1\" rowspan=\"3\"><span>14.2<\/span><\/td>\n<td class=\"column-2\"><span>16-70<\/span><\/td>\n<td class=\"column-3\"><span>41<\/span><\/td>\n<td class=\"column-4\"><span>25<\/span><\/td>\n<td class=\"column-5\"><span>17<\/span><\/td>\n<td class=\"column-6\"><span>0,08<\/span><\/td>\n<td class=\"column-7\"><span>C<\/span><\/td>\n<\/tr>\n<tr class=\"row-8 even\">\n<td class=\"column-2\"><span>70-185<\/span><\/td>\n<td class=\"column-3\"><span>48<\/span><\/td>\n<td class=\"column-4\"><span>30<\/span><\/td>\n<td class=\"column-5\"><span>19<\/span><\/td>\n<td class=\"column-6\"><span>0,1<\/span><\/td>\n<td class=\"column-7\"><span>E<\/span><\/td>\n<\/tr>\n<tr class=\"row-9 odd\">\n<td class=\"column-2\"><span>6-16<\/span><\/td>\n<td class=\"column-3\"><span>34<\/span><\/td>\n<td class=\"column-4\"><span>25<\/span><\/td>\n<td class=\"column-5\"><span>15<\/span><\/td>\n<td class=\"column-6\"><span>0,05<\/span><\/td>\n<td class=\"column-7\"><span>B<\/span><\/td>\n<\/tr>\n<tr class=\"row-10 even\">\n<td class=\"column-1\" rowspan=\"2\"><span>15.0<\/span><\/td>\n<td class=\"column-2\"><span>16-70<\/span><\/td>\n<td class=\"column-3\"><span>41<\/span><\/td>\n<td class=\"column-4\"><span>25<\/span><\/td>\n<td class=\"column-5\"><span>17<\/span><\/td>\n<td class=\"column-6\"><span>0,08<\/span><\/td>\n<td class=\"column-7\"><span>C<\/span><\/td>\n<\/tr>\n<tr class=\"row-11 odd\">\n<td class=\"column-2\"><span>70-150<\/span><\/td>\n<td class=\"column-3\"><span>48<\/span><\/td>\n<td class=\"column-4\"><span>30<\/span><\/td>\n<td class=\"column-5\"><span>19<\/span><\/td>\n<td class=\"column-6\"><span>0,1<\/span><\/td>\n<td class=\"column-7\"><span>E<\/span><\/td>\n<\/tr>\n<tr class=\"row-12 even\">\n<td class=\"column-1\" rowspan=\"2\"><span>16.0<\/span><\/td>\n<td class=\"column-2\"><span>6-70<\/span><\/td>\n<td class=\"column-3\"><span>41<\/span><\/td>\n<td class=\"column-4\"><span>25<\/span><\/td>\n<td class=\"column-5\"><span>17<\/span><\/td>\n<td class=\"column-6\"><span>0,08<\/span><\/td>\n<td class=\"column-7\"><span>C<\/span><\/td>\n<\/tr>\n<tr class=\"row-13 odd\">\n<td class=\"column-2\"><span>70-120<\/span><\/td>\n<td class=\"column-3\"><span>48<\/span><\/td>\n<td class=\"column-4\"><span>30<\/span><\/td>\n<td class=\"column-5\"><span>19<\/span><\/td>\n<td class=\"column-6\"><span>0,1<\/span><\/td>\n<td class=\"column-7\"><span>E<\/span><\/td>\n<\/tr>\n<tr class=\"row-14 even\">\n<td class=\"column-1\"><span>17.2<\/span><\/td>\n<td class=\"column-2\"><span>6-95<\/span><\/td>\n<td class=\"column-3\"><span>48<\/span><\/td>\n<td class=\"column-4\"><span>30<\/span><\/td>\n<td class=\"column-5\"><span>19<\/span><\/td>\n<td class=\"column-6\"><span>0,1<\/span><\/td>\n<td class=\"column-7\"><span>E<\/span><\/td>\n<\/tr>\n<tr class=\"row-15 odd\">\n<td class=\"column-1\"><span>20.0<\/span><\/td>\n<td class=\"column-2\"><span>6-70<\/span><\/td>\n<td class=\"column-3\"><span>48<\/span><\/td>\n<td class=\"column-4\"><span>30<\/span><\/td>\n<td class=\"column-5\"><span>19<\/span><\/td>\n<td class=\"column-6\"><span>0,1<\/span><\/td>\n<td class=\"column-7\"><span>E<\/span><\/td>\n<\/tr>\n<\/tbody>\n<\/table>\n<p><strong><img decoding=\"async\" class=\"size-full wp-image-6766 alignright lazy loaded\" src=\"https:\/\/conexmetals.com\/wp-content\/uploads\/2023\/08\/Rod-To-Cable-Clamps-line-drawing.jpg\" alt=\"Desenho de linha de grampos de haste para cabo\" width=\"295\" height=\"300\" data-src=\"https:\/\/conexmetals.com\/wp-content\/uploads\/2023\/08\/Rod-To-Cable-Clamps-line-drawing.jpg\" data-was-processed=\"true\" \/><span>Material:\u00a0<\/span><\/strong><span>\u00a0Bronze com parafuso de fixa\u00e7\u00e3o de bronze fosforoso M10 x 25 mm.<\/span><br \/>\n<span>(ERR1035 em lat\u00e3o naval com parafuso de fixa\u00e7\u00e3o de a\u00e7o inoxid\u00e1vel M6 x 20 mm).<\/span><br \/>\n<span>* Adequado para uso com condutor de cobre circular s\u00f3lido de 8 mm de \u00d8.<\/span>&nbsp;<\/p>\n<p><span>Grampos de haste para cabo, tamb\u00e9m conhecidos como grampos de haste para fio ou grampos de haste para fio terra, s\u00e3o acess\u00f3rios el\u00e9tricos especializados usados \u200b\u200bpara estabelecer uma conex\u00e3o mec\u00e2nica e el\u00e9trica entre uma haste de aterramento (ou haste de aterramento) e um condutor de aterramento, normalmente um cabo de cobre ou alum\u00ednio. Esses grampos s\u00e3o um componente essencial dos sistemas de aterramento, fornecendo um caminho confi\u00e1vel para que as correntes de falha se dissipem com seguran\u00e7a no solo.<\/span><\/p>\n<p><span>Principais caracter\u00edsticas e usos dos grampos de haste para cabo incluem:<\/span><\/p>\n<ol>\n<li><span>Design: Os grampos de haste para cabo geralmente consistem em duas partes: um grampo que segura firmemente o condutor de aterramento (cabo) e um parafuso ou porca que conecta o grampo \u00e0 haste de aterramento.<\/span><\/li>\n<li><span>Material: As bra\u00e7adeiras de haste para cabo s\u00e3o feitas de materiais de alta condutividade, como cobre ou bronze, para garantir uma conex\u00e3o de baixa resist\u00eancia.<\/span><\/li>\n<li><span>Tamanho: O tamanho do grampo \u00e9 projetado para acomodar o di\u00e2metro espec\u00edfico do condutor de aterramento, garantindo uma conex\u00e3o firme e eficaz.<\/span><\/li>\n<li><span>Instala\u00e7\u00e3o: Grampos de haste para cabo s\u00e3o relativamente f\u00e1ceis de instalar. O cabo \u00e9 inserido no grampo, e o grampo \u00e9 ent\u00e3o fixado \u00e0 haste de aterramento usando o parafuso ou porca fornecido.<\/span><\/li>\n<li><span>Sistema de aterramento: As bra\u00e7adeiras de haste para cabo s\u00e3o uma parte cr\u00edtica do sistema de aterramento, garantindo a liga\u00e7\u00e3o adequada entre o condutor de aterramento e o eletrodo de aterramento (haste).<\/span><\/li>\n<li><span>Prote\u00e7\u00e3o contra raios: Em sistemas de prote\u00e7\u00e3o contra raios, bra\u00e7adeiras de haste para cabo s\u00e3o usadas para conectar o condutor descendente (cabo) do sistema de prote\u00e7\u00e3o contra raios \u00e0 haste de aterramento, fornecendo um caminho seguro para as correntes dos raios descarregarem no solo.<\/span><\/li>\n<li><span>Seguran\u00e7a el\u00e9trica: bra\u00e7adeiras de haste para cabo instaladas corretamente garantem a continuidade do sistema de aterramento, reduzindo o risco de perigos el\u00e9tricos e fornecendo um caminho confi\u00e1vel para correntes de falha.<\/span><\/li>\n<li><span>Aplica\u00e7\u00f5es externas: Grampos de haste para cabo s\u00e3o comumente usados \u200b\u200bem instala\u00e7\u00f5es externas, como postes de servi\u00e7os p\u00fablicos, torres de comunica\u00e7\u00e3o, subesta\u00e7\u00f5es el\u00e9tricas e outras estruturas aterradas.<\/span><\/li>\n<\/ol>\n<\/div>\n<\/div>\n<\/div>\n","protected":false},"featured_media":12551,"template":"","meta":[],"product_brand":[],"product_cat":[381],"product_tag":[],"class_list":{"0":"post-12640","1":"product","2":"type-product","3":"status-publish","4":"has-post-thumbnail","6":"product_cat-acessorios-de-aterramento","8":"first","9":"instock","10":"shipping-taxable","11":"product-type-simple"},"yoast_head":"<!-- This site is optimized with the Yoast SEO plugin v27.3 - https:\/\/yoast.com\/product\/yoast-seo-wordpress\/ -->\n<title>Bra\u00e7adeiras de barra para cabo<\/title>\n<meta name=\"description\" content=\"A Conex Metals oferece bra\u00e7adeiras premium de barra para cabo, incluindo bra\u00e7adeiras de barra de terra e bra\u00e7adeiras de cobre para aterramento. Nossas bra\u00e7adeiras de fio de aterramento e conectores mec\u00e2nicos garantem conex\u00f5es seguras. Fabricante, exportador e fornecedor l\u00edder da \u00cdndia.\" \/>\n<meta name=\"robots\" content=\"index, follow, max-snippet:-1, max-image-preview:large, max-video-preview:-1\" \/>\n<link rel=\"canonical\" href=\"https:\/\/conexmetals.com\/pt-br\/produto\/bracadeiras-de-barra-para-cabo\/\" \/>\n<script type=\"application\/ld+json\" class=\"yoast-schema-graph\">{\"@context\":\"https:\\\/\\\/schema.org\",\"@graph\":[{\"@type\":\"WebPage\",\"@id\":\"https:\\\/\\\/conexmetals.com\\\/pt-br\\\/produto\\\/bracadeiras-de-barra-para-cabo\\\/\",\"url\":\"https:\\\/\\\/conexmetals.com\\\/pt-br\\\/produto\\\/bracadeiras-de-barra-para-cabo\\\/\",\"name\":\"Bra\u00e7adeiras de barra para cabo\",\"isPartOf\":{\"@id\":\"https:\\\/\\\/conexmetals.com\\\/pt-br\\\/#website\"},\"primaryImageOfPage\":{\"@id\":\"https:\\\/\\\/conexmetals.com\\\/pt-br\\\/produto\\\/bracadeiras-de-barra-para-cabo\\\/#primaryimage\"},\"image\":{\"@id\":\"https:\\\/\\\/conexmetals.com\\\/pt-br\\\/produto\\\/bracadeiras-de-barra-para-cabo\\\/#primaryimage\"},\"thumbnailUrl\":\"https:\\\/\\\/conexmetals.com\\\/wp-content\\\/uploads\\\/2025\\\/01\\\/Bracadeiras-de-barra-para-cabo.webp\",\"datePublished\":\"2023-08-18T05:06:09+00:00\",\"dateModified\":\"2025-01-03T07:31:36+00:00\",\"description\":\"A Conex Metals oferece bra\u00e7adeiras premium de barra para cabo, incluindo bra\u00e7adeiras de barra de terra e bra\u00e7adeiras de cobre para aterramento. Nossas bra\u00e7adeiras de fio de aterramento e conectores mec\u00e2nicos garantem conex\u00f5es seguras. Fabricante, exportador e fornecedor l\u00edder da \u00cdndia.\",\"breadcrumb\":{\"@id\":\"https:\\\/\\\/conexmetals.com\\\/pt-br\\\/produto\\\/bracadeiras-de-barra-para-cabo\\\/#breadcrumb\"},\"inLanguage\":\"pt-BR\",\"potentialAction\":[{\"@type\":\"ReadAction\",\"target\":[\"https:\\\/\\\/conexmetals.com\\\/pt-br\\\/produto\\\/bracadeiras-de-barra-para-cabo\\\/\"]}]},{\"@type\":\"ImageObject\",\"inLanguage\":\"pt-BR\",\"@id\":\"https:\\\/\\\/conexmetals.com\\\/pt-br\\\/produto\\\/bracadeiras-de-barra-para-cabo\\\/#primaryimage\",\"url\":\"https:\\\/\\\/conexmetals.com\\\/wp-content\\\/uploads\\\/2025\\\/01\\\/Bracadeiras-de-barra-para-cabo.webp\",\"contentUrl\":\"https:\\\/\\\/conexmetals.com\\\/wp-content\\\/uploads\\\/2025\\\/01\\\/Bracadeiras-de-barra-para-cabo.webp\",\"width\":350,\"height\":350,\"caption\":\"Bra\u00e7adeiras de barra para cabo\"},{\"@type\":\"BreadcrumbList\",\"@id\":\"https:\\\/\\\/conexmetals.com\\\/pt-br\\\/produto\\\/bracadeiras-de-barra-para-cabo\\\/#breadcrumb\",\"itemListElement\":[{\"@type\":\"ListItem\",\"position\":1,\"name\":\"Home\",\"item\":\"https:\\\/\\\/conexmetals.com\\\/pt-br\\\/lar\\\/\"},{\"@type\":\"ListItem\",\"position\":2,\"name\":\"Products\",\"item\":\"https:\\\/\\\/conexmetals.com\\\/products\\\/\"},{\"@type\":\"ListItem\",\"position\":3,\"name\":\"Bra\u00e7adeiras de barra para cabo\"}]},{\"@type\":\"WebSite\",\"@id\":\"https:\\\/\\\/conexmetals.com\\\/pt-br\\\/#website\",\"url\":\"https:\\\/\\\/conexmetals.com\\\/pt-br\\\/\",\"name\":\"Conex Metals Brass Fittings Brass Parts Copper Parts Brass Components Brass Plumbing Fittings India\",\"description\":\"Manufacturer of Bronze Fittings casting Copper Brass parts components\",\"publisher\":{\"@id\":\"https:\\\/\\\/conexmetals.com\\\/pt-br\\\/#organization\"},\"potentialAction\":[{\"@type\":\"SearchAction\",\"target\":{\"@type\":\"EntryPoint\",\"urlTemplate\":\"https:\\\/\\\/conexmetals.com\\\/pt-br\\\/?s={search_term_string}\"},\"query-input\":{\"@type\":\"PropertyValueSpecification\",\"valueRequired\":true,\"valueName\":\"search_term_string\"}}],\"inLanguage\":\"pt-BR\"},{\"@type\":\"Organization\",\"@id\":\"https:\\\/\\\/conexmetals.com\\\/pt-br\\\/#organization\",\"name\":\"Conex Metals Brass Fittings Brass Parts Copper Parts Brass Components Brass Plumbing Fittings India\",\"url\":\"https:\\\/\\\/conexmetals.com\\\/pt-br\\\/\",\"logo\":{\"@type\":\"ImageObject\",\"inLanguage\":\"pt-BR\",\"@id\":\"https:\\\/\\\/conexmetals.com\\\/pt-br\\\/#\\\/schema\\\/logo\\\/image\\\/\",\"url\":\"https:\\\/\\\/conexmetals.com\\\/wp-content\\\/uploads\\\/2024\\\/03\\\/conex-metals-logo.webp\",\"contentUrl\":\"https:\\\/\\\/conexmetals.com\\\/wp-content\\\/uploads\\\/2024\\\/03\\\/conex-metals-logo.webp\",\"width\":300,\"height\":121,\"caption\":\"Conex Metals Brass Fittings Brass Parts Copper Parts Brass Components Brass Plumbing Fittings India\"},\"image\":{\"@id\":\"https:\\\/\\\/conexmetals.com\\\/pt-br\\\/#\\\/schema\\\/logo\\\/image\\\/\"},\"sameAs\":[\"https:\\\/\\\/www.facebook.com\\\/conexbrass\",\"https:\\\/\\\/x.com\\\/conexindia\",\"https:\\\/\\\/www.linkedin.com\\\/company\\\/conex-metals-india\\\/\",\"https:\\\/\\\/www.instagram.com\\\/conexindia\\\/\"]}]}<\/script>\n<!-- \/ Yoast SEO plugin. -->","yoast_head_json":{"title":"Bra\u00e7adeiras de barra para cabo","description":"A Conex Metals oferece bra\u00e7adeiras premium de barra para cabo, incluindo bra\u00e7adeiras de barra de terra e bra\u00e7adeiras de cobre para aterramento. Nossas bra\u00e7adeiras de fio de aterramento e conectores mec\u00e2nicos garantem conex\u00f5es seguras. Fabricante, exportador e fornecedor l\u00edder da \u00cdndia.","robots":{"index":"index","follow":"follow","max-snippet":"max-snippet:-1","max-image-preview":"max-image-preview:large","max-video-preview":"max-video-preview:-1"},"canonical":"https:\/\/conexmetals.com\/pt-br\/produto\/bracadeiras-de-barra-para-cabo\/","schema":{"@context":"https:\/\/schema.org","@graph":[{"@type":"WebPage","@id":"https:\/\/conexmetals.com\/pt-br\/produto\/bracadeiras-de-barra-para-cabo\/","url":"https:\/\/conexmetals.com\/pt-br\/produto\/bracadeiras-de-barra-para-cabo\/","name":"Bra\u00e7adeiras de barra para cabo","isPartOf":{"@id":"https:\/\/conexmetals.com\/pt-br\/#website"},"primaryImageOfPage":{"@id":"https:\/\/conexmetals.com\/pt-br\/produto\/bracadeiras-de-barra-para-cabo\/#primaryimage"},"image":{"@id":"https:\/\/conexmetals.com\/pt-br\/produto\/bracadeiras-de-barra-para-cabo\/#primaryimage"},"thumbnailUrl":"https:\/\/conexmetals.com\/wp-content\/uploads\/2025\/01\/Bracadeiras-de-barra-para-cabo.webp","datePublished":"2023-08-18T05:06:09+00:00","dateModified":"2025-01-03T07:31:36+00:00","description":"A Conex Metals oferece bra\u00e7adeiras premium de barra para cabo, incluindo bra\u00e7adeiras de barra de terra e bra\u00e7adeiras de cobre para aterramento. Nossas bra\u00e7adeiras de fio de aterramento e conectores mec\u00e2nicos garantem conex\u00f5es seguras. Fabricante, exportador e fornecedor l\u00edder da \u00cdndia.","breadcrumb":{"@id":"https:\/\/conexmetals.com\/pt-br\/produto\/bracadeiras-de-barra-para-cabo\/#breadcrumb"},"inLanguage":"pt-BR","potentialAction":[{"@type":"ReadAction","target":["https:\/\/conexmetals.com\/pt-br\/produto\/bracadeiras-de-barra-para-cabo\/"]}]},{"@type":"ImageObject","inLanguage":"pt-BR","@id":"https:\/\/conexmetals.com\/pt-br\/produto\/bracadeiras-de-barra-para-cabo\/#primaryimage","url":"https:\/\/conexmetals.com\/wp-content\/uploads\/2025\/01\/Bracadeiras-de-barra-para-cabo.webp","contentUrl":"https:\/\/conexmetals.com\/wp-content\/uploads\/2025\/01\/Bracadeiras-de-barra-para-cabo.webp","width":350,"height":350,"caption":"Bra\u00e7adeiras de barra para cabo"},{"@type":"BreadcrumbList","@id":"https:\/\/conexmetals.com\/pt-br\/produto\/bracadeiras-de-barra-para-cabo\/#breadcrumb","itemListElement":[{"@type":"ListItem","position":1,"name":"Home","item":"https:\/\/conexmetals.com\/pt-br\/lar\/"},{"@type":"ListItem","position":2,"name":"Products","item":"https:\/\/conexmetals.com\/products\/"},{"@type":"ListItem","position":3,"name":"Bra\u00e7adeiras de barra para cabo"}]},{"@type":"WebSite","@id":"https:\/\/conexmetals.com\/pt-br\/#website","url":"https:\/\/conexmetals.com\/pt-br\/","name":"Conex Metals Brass Fittings Brass Parts Copper Parts Brass Components Brass Plumbing Fittings India","description":"Manufacturer of Bronze Fittings casting Copper Brass parts components","publisher":{"@id":"https:\/\/conexmetals.com\/pt-br\/#organization"},"potentialAction":[{"@type":"SearchAction","target":{"@type":"EntryPoint","urlTemplate":"https:\/\/conexmetals.com\/pt-br\/?s={search_term_string}"},"query-input":{"@type":"PropertyValueSpecification","valueRequired":true,"valueName":"search_term_string"}}],"inLanguage":"pt-BR"},{"@type":"Organization","@id":"https:\/\/conexmetals.com\/pt-br\/#organization","name":"Conex Metals Brass Fittings Brass Parts Copper Parts Brass Components Brass Plumbing Fittings India","url":"https:\/\/conexmetals.com\/pt-br\/","logo":{"@type":"ImageObject","inLanguage":"pt-BR","@id":"https:\/\/conexmetals.com\/pt-br\/#\/schema\/logo\/image\/","url":"https:\/\/conexmetals.com\/wp-content\/uploads\/2024\/03\/conex-metals-logo.webp","contentUrl":"https:\/\/conexmetals.com\/wp-content\/uploads\/2024\/03\/conex-metals-logo.webp","width":300,"height":121,"caption":"Conex Metals Brass Fittings Brass Parts Copper Parts Brass Components Brass Plumbing Fittings India"},"image":{"@id":"https:\/\/conexmetals.com\/pt-br\/#\/schema\/logo\/image\/"},"sameAs":["https:\/\/www.facebook.com\/conexbrass","https:\/\/x.com\/conexindia","https:\/\/www.linkedin.com\/company\/conex-metals-india\/","https:\/\/www.instagram.com\/conexindia\/"]}]}},"_links":{"self":[{"href":"https:\/\/conexmetals.com\/pt-br\/wp-json\/wp\/v2\/product\/12640","targetHints":{"allow":["GET"]}}],"collection":[{"href":"https:\/\/conexmetals.com\/pt-br\/wp-json\/wp\/v2\/product"}],"about":[{"href":"https:\/\/conexmetals.com\/pt-br\/wp-json\/wp\/v2\/types\/product"}],"wp:featuredmedia":[{"embeddable":true,"href":"https:\/\/conexmetals.com\/pt-br\/wp-json\/wp\/v2\/media\/12551"}],"wp:attachment":[{"href":"https:\/\/conexmetals.com\/pt-br\/wp-json\/wp\/v2\/media?parent=12640"}],"wp:term":[{"taxonomy":"product_brand","embeddable":true,"href":"https:\/\/conexmetals.com\/pt-br\/wp-json\/wp\/v2\/product_brand?post=12640"},{"taxonomy":"product_cat","embeddable":true,"href":"https:\/\/conexmetals.com\/pt-br\/wp-json\/wp\/v2\/product_cat?post=12640"},{"taxonomy":"product_tag","embeddable":true,"href":"https:\/\/conexmetals.com\/pt-br\/wp-json\/wp\/v2\/product_tag?post=12640"}],"curies":[{"name":"wp","href":"https:\/\/api.w.org\/{rel}","templated":true}]}}