{"id":12648,"date":"2023-08-18T10:32:17","date_gmt":"2023-08-18T05:02:17","guid":{"rendered":"https:\/\/conexmetals.com\/?post_type=product&#038;p=12648"},"modified":"2025-01-03T14:50:04","modified_gmt":"2025-01-03T09:20:04","slug":"grampos-a-de-barra-para-fita","status":"publish","type":"product","link":"https:\/\/conexmetals.com\/pt-br\/produto\/grampos-a-de-barra-para-fita\/","title":{"rendered":"Grampos A de Barra para Fita"},"content":{"rendered":"","protected":false},"excerpt":{"rendered":"<table id=\"tablepress-348\" class=\"tablepress tablepress-id-348\">\n<caption>\u00a0<\/caption>\n<thead>\n<tr class=\"row-1 odd\">\n<th class=\"column-1\" colspan=\"8\"><strong><span>Grampos A para fita de haste<\/span><\/strong><\/th>\n<\/tr>\n<\/thead>\n<tbody class=\"row-hover\">\n<tr class=\"row-2 even\">\n<td class=\"column-1\"><strong><span>Haste de haste de aterramento mm<\/span><\/strong><\/td>\n<td class=\"column-2\"><strong><span>Tamanho m\u00e1ximo da fita mm<\/span><\/strong><\/td>\n<td class=\"column-3\"><strong><span>L mm<\/span><\/strong><\/td>\n<td class=\"column-4\"><strong><span>L mm<\/span><\/strong><\/td>\n<td class=\"column-5\"><strong><span>Hum<\/span><\/strong><\/td>\n<td class=\"column-6\"><strong><span>Peso unit\u00e1rio kg<\/span><\/strong><\/td>\n<td class=\"column-7\"><strong><span>Quantidade da embalagem<\/span><\/strong><\/td>\n<td class=\"column-8\"><strong><span>N\u00famero da pe\u00e7a AN Wallis<\/span><\/strong><\/td>\n<\/tr>\n<tr class=\"row-3 odd\">\n<td class=\"column-1\" rowspan=\"4\"><span>Hastes de 14,2 mm<\/span><\/td>\n<td class=\"column-2\"><span>26 x 14<\/span><\/td>\n<td class=\"column-3\"><span>43<\/span><\/td>\n<td class=\"column-4\"><span>37<\/span><\/td>\n<td class=\"column-5\"><span>17<\/span><\/td>\n<td class=\"column-6\"><span>0,1<\/span><\/td>\n<td class=\"column-7\"><span>50<\/span><\/td>\n<td class=\"column-8\"><span>Era 1625<\/span><\/td>\n<\/tr>\n<tr class=\"row-4 even\">\n<td class=\"column-2\"><span>32 x 14<\/span><\/td>\n<td class=\"column-3\"><span>43<\/span><\/td>\n<td class=\"column-4\"><span>45<\/span><\/td>\n<td class=\"column-5\"><span>18<\/span><\/td>\n<td class=\"column-6\"><span>0,2<\/span><\/td>\n<td class=\"column-7\"><span>25<\/span><\/td>\n<td class=\"column-8\"><span>Era 1631<\/span><\/td>\n<\/tr>\n<tr class=\"row-5 odd\">\n<td class=\"column-2\"><span>39 x 14<\/span><\/td>\n<td class=\"column-3\"><span>44<\/span><\/td>\n<td class=\"column-4\"><span>51<\/span><\/td>\n<td class=\"column-5\"><span>22<\/span><\/td>\n<td class=\"column-6\"><span>0,25<\/span><\/td>\n<td class=\"column-7\"><span>25<\/span><\/td>\n<td class=\"column-8\"><span>Era 1638<\/span><\/td>\n<\/tr>\n<tr class=\"row-6 even\">\n<td class=\"column-2\"><span>51 x 16<\/span><\/td>\n<td class=\"column-3\"><span>47<\/span><\/td>\n<td class=\"column-4\"><span>64<\/span><\/td>\n<td class=\"column-5\"><span>20<\/span><\/td>\n<td class=\"column-6\"><span>0,21<\/span><\/td>\n<td class=\"column-7\"><span>25<\/span><\/td>\n<td class=\"column-8\"><span>Era 1650<\/span><\/td>\n<\/tr>\n<tr class=\"row-7 odd\">\n<td class=\"column-1\"><\/td>\n<td class=\"column-2\"><\/td>\n<td class=\"column-3\"><\/td>\n<td class=\"column-4\"><\/td>\n<td class=\"column-5\"><\/td>\n<td class=\"column-6\"><\/td>\n<td class=\"column-7\"><\/td>\n<td class=\"column-8\"><\/td>\n<\/tr>\n<tr class=\"row-8 even\">\n<td class=\"column-1\" rowspan=\"4\"><span>Hastes de 15,0 mm<\/span><\/td>\n<td class=\"column-2\"><span>26 x 13<\/span><\/td>\n<td class=\"column-3\"><span>43<\/span><\/td>\n<td class=\"column-4\"><span>37<\/span><\/td>\n<td class=\"column-5\"><span>17<\/span><\/td>\n<td class=\"column-6\"><span>0,1<\/span><\/td>\n<td class=\"column-7\"><span>50<\/span><\/td>\n<td class=\"column-8\"><span>Era 1625<\/span><\/td>\n<\/tr>\n<tr class=\"row-9 odd\">\n<td class=\"column-2\"><span>32 x 13<\/span><\/td>\n<td class=\"column-3\"><span>43<\/span><\/td>\n<td class=\"column-4\"><span>45<\/span><\/td>\n<td class=\"column-5\"><span>18<\/span><\/td>\n<td class=\"column-6\"><span>0,2<\/span><\/td>\n<td class=\"column-7\"><span>25<\/span><\/td>\n<td class=\"column-8\"><span>Era 1631<\/span><\/td>\n<\/tr>\n<tr class=\"row-10 even\">\n<td class=\"column-2\"><span>39 x 13<\/span><\/td>\n<td class=\"column-3\"><span>44<\/span><\/td>\n<td class=\"column-4\"><span>51<\/span><\/td>\n<td class=\"column-5\"><span>22<\/span><\/td>\n<td class=\"column-6\"><span>0,25<\/span><\/td>\n<td class=\"column-7\"><span>25<\/span><\/td>\n<td class=\"column-8\"><span>Era 1638<\/span><\/td>\n<\/tr>\n<tr class=\"row-11 odd\">\n<td class=\"column-2\"><span>51 x 15<\/span><\/td>\n<td class=\"column-3\"><span>47<\/span><\/td>\n<td class=\"column-4\"><span>64<\/span><\/td>\n<td class=\"column-5\"><span>20<\/span><\/td>\n<td class=\"column-6\"><span>0,21<\/span><\/td>\n<td class=\"column-7\"><span>25<\/span><\/td>\n<td class=\"column-8\"><span>Era 1650<\/span><\/td>\n<\/tr>\n<tr class=\"row-12 even\">\n<td class=\"column-1\"><\/td>\n<td class=\"column-2\"><\/td>\n<td class=\"column-3\"><\/td>\n<td class=\"column-4\"><\/td>\n<td class=\"column-5\"><\/td>\n<td class=\"column-6\"><\/td>\n<td class=\"column-7\"><\/td>\n<td class=\"column-8\"><\/td>\n<\/tr>\n<tr class=\"row-13 odd\">\n<td class=\"column-1\" rowspan=\"4\"><span>Hastes de 16,0 mm<\/span><\/td>\n<td class=\"column-2\"><span>26 x 12<\/span><\/td>\n<td class=\"column-3\"><span>43<\/span><\/td>\n<td class=\"column-4\"><span>37<\/span><\/td>\n<td class=\"column-5\"><span>17<\/span><\/td>\n<td class=\"column-6\"><span>0,1<\/span><\/td>\n<td class=\"column-7\"><span>50<\/span><\/td>\n<td class=\"column-8\"><span>Era 1625<\/span><\/td>\n<\/tr>\n<tr class=\"row-14 even\">\n<td class=\"column-2\"><span>32 x 12<\/span><\/td>\n<td class=\"column-3\"><span>43<\/span><\/td>\n<td class=\"column-4\"><span>45<\/span><\/td>\n<td class=\"column-5\"><span>18<\/span><\/td>\n<td class=\"column-6\"><span>0,2<\/span><\/td>\n<td class=\"column-7\"><span>25<\/span><\/td>\n<td class=\"column-8\"><span>Era 1631<\/span><\/td>\n<\/tr>\n<tr class=\"row-15 odd\">\n<td class=\"column-2\"><span>39 x 12<\/span><\/td>\n<td class=\"column-3\"><span>44<\/span><\/td>\n<td class=\"column-4\"><span>51<\/span><\/td>\n<td class=\"column-5\"><span>22<\/span><\/td>\n<td class=\"column-6\"><span>0,25<\/span><\/td>\n<td class=\"column-7\"><span>25<\/span><\/td>\n<td class=\"column-8\"><span>Era 1638<\/span><\/td>\n<\/tr>\n<tr class=\"row-16 even\">\n<td class=\"column-2\"><span>51 x 14<\/span><\/td>\n<td class=\"column-3\"><span>47<\/span><\/td>\n<td class=\"column-4\"><span>64<\/span><\/td>\n<td class=\"column-5\"><span>20<\/span><\/td>\n<td class=\"column-6\"><span>0,21<\/span><\/td>\n<td class=\"column-7\"><span>25<\/span><\/td>\n<td class=\"column-8\"><span>Era 1650<\/span><\/td>\n<\/tr>\n<tr class=\"row-17 odd\">\n<td class=\"column-1\"><\/td>\n<td class=\"column-2\"><\/td>\n<td class=\"column-3\"><\/td>\n<td class=\"column-4\"><\/td>\n<td class=\"column-5\"><\/td>\n<td class=\"column-6\"><\/td>\n<td class=\"column-7\"><\/td>\n<td class=\"column-8\"><\/td>\n<\/tr>\n<tr class=\"row-18 even\">\n<td class=\"column-1\" rowspan=\"3\"><span>Hastes de 17,2 mm<\/span><\/td>\n<td class=\"column-2\"><span>26 x 11<\/span><\/td>\n<td class=\"column-3\"><span>43<\/span><\/td>\n<td class=\"column-4\"><span>37<\/span><\/td>\n<td class=\"column-5\"><span>17<\/span><\/td>\n<td class=\"column-6\"><span>0,1<\/span><\/td>\n<td class=\"column-7\"><span>50<\/span><\/td>\n<td class=\"column-8\"><span>Era 1625<\/span><\/td>\n<\/tr>\n<tr class=\"row-19 odd\">\n<td class=\"column-2\"><span>32 x 11<\/span><\/td>\n<td class=\"column-3\"><span>43<\/span><\/td>\n<td class=\"column-4\"><span>45<\/span><\/td>\n<td class=\"column-5\"><span>18<\/span><\/td>\n<td class=\"column-6\"><span>0,2<\/span><\/td>\n<td class=\"column-7\"><span>25<\/span><\/td>\n<td class=\"column-8\"><span>Era 1631<\/span><\/td>\n<\/tr>\n<tr class=\"row-20 even\">\n<td class=\"column-2\"><span>39 x 11<\/span><\/td>\n<td class=\"column-3\"><span>44<\/span><\/td>\n<td class=\"column-4\"><span>51<\/span><\/td>\n<td class=\"column-5\"><span>22<\/span><\/td>\n<td class=\"column-6\"><span>0,25<\/span><\/td>\n<td class=\"column-7\"><span>25<\/span><\/td>\n<td class=\"column-8\"><span>Era 1638<\/span><\/td>\n<\/tr>\n<tr class=\"row-21 odd\">\n<td class=\"column-1\"><\/td>\n<td class=\"column-2\"><\/td>\n<td class=\"column-3\"><\/td>\n<td class=\"column-4\"><\/td>\n<td class=\"column-5\"><\/td>\n<td class=\"column-6\"><\/td>\n<td class=\"column-7\"><\/td>\n<td class=\"column-8\"><\/td>\n<\/tr>\n<tr class=\"row-22 even\">\n<td class=\"column-1\" rowspan=\"5\"><span>Hastes de 20,0 mm<\/span><\/td>\n<td class=\"column-2\"><span>26 x 8<\/span><\/td>\n<td class=\"column-3\"><span>43<\/span><\/td>\n<td class=\"column-4\"><span>37<\/span><\/td>\n<td class=\"column-5\"><span>17<\/span><\/td>\n<td class=\"column-6\"><span>0,1<\/span><\/td>\n<td class=\"column-7\"><span>50<\/span><\/td>\n<td class=\"column-8\"><span>Era 1625<\/span><\/td>\n<\/tr>\n<tr class=\"row-23 odd\">\n<td class=\"column-2\"><span>32 x 8<\/span><\/td>\n<td class=\"column-3\"><span>43<\/span><\/td>\n<td class=\"column-4\"><span>45<\/span><\/td>\n<td class=\"column-5\"><span>18<\/span><\/td>\n<td class=\"column-6\"><span>0,2<\/span><\/td>\n<td class=\"column-7\"><span>25<\/span><\/td>\n<td class=\"column-8\"><span>Era 1631<\/span><\/td>\n<\/tr>\n<tr class=\"row-24 even\">\n<td class=\"column-2\"><span>39 x 8<\/span><\/td>\n<td class=\"column-3\"><span>44<\/span><\/td>\n<td class=\"column-4\"><span>51<\/span><\/td>\n<td class=\"column-5\"><span>22<\/span><\/td>\n<td class=\"column-6\"><span>0,25<\/span><\/td>\n<td class=\"column-7\"><span>25<\/span><\/td>\n<td class=\"column-8\"><span>Era 1638<\/span><\/td>\n<\/tr>\n<tr class=\"row-25 odd\">\n<td class=\"column-2\"><span>51 x 10<\/span><\/td>\n<td class=\"column-3\"><span>47<\/span><\/td>\n<td class=\"column-4\"><span>64<\/span><\/td>\n<td class=\"column-5\"><span>20<\/span><\/td>\n<td class=\"column-6\"><span>0,21<\/span><\/td>\n<td class=\"column-7\"><span>25<\/span><\/td>\n<td class=\"column-8\"><span>Era 1650<\/span><\/td>\n<\/tr>\n<tr class=\"row-26 even\">\n<td class=\"column-2\"><span>26 x 16<\/span><\/td>\n<td class=\"column-3\"><span>55<\/span><\/td>\n<td class=\"column-4\"><span>40<\/span><\/td>\n<td class=\"column-5\"><span>25<\/span><\/td>\n<td class=\"column-6\"><span>0,2<\/span><\/td>\n<td class=\"column-7\"><span>10<\/span><\/td>\n<td class=\"column-8\"><span>Era 2525<\/span><\/td>\n<\/tr>\n<tr class=\"row-27 odd\">\n<td class=\"column-1\"><\/td>\n<td class=\"column-2\"><\/td>\n<td class=\"column-3\"><\/td>\n<td class=\"column-4\"><\/td>\n<td class=\"column-5\"><\/td>\n<td class=\"column-6\"><\/td>\n<td class=\"column-7\"><\/td>\n<td class=\"column-8\"><\/td>\n<\/tr>\n<tr class=\"row-28 even\">\n<td class=\"column-1\"><span>Hastes de 25mm<\/span><\/td>\n<td class=\"column-2\"><span>26 x 11<\/span><\/td>\n<td class=\"column-3\"><span>55<\/span><\/td>\n<td class=\"column-4\"><span>40<\/span><\/td>\n<td class=\"column-5\"><span>25<\/span><\/td>\n<td class=\"column-6\"><span>0,2<\/span><\/td>\n<td class=\"column-7\"><span>10<\/span><\/td>\n<td class=\"column-8\"><span>Era 2525<\/span><\/td>\n<\/tr>\n<\/tbody>\n<\/table>\n<p><img fetchpriority=\"high\" decoding=\"async\" class=\"size-medium wp-image-6768 alignright lazy loaded\" src=\"https:\/\/conexmetals.com\/wp-content\/uploads\/2023\/08\/Rod-To-Tape-A-Clamps-line-drawing-300x273.jpg\" alt=\"Desenho de linha de grampos A de haste para fita\" width=\"300\" height=\"273\" data-src=\"https:\/\/conexmetals.com\/wp-content\/uploads\/2023\/08\/Rod-To-Tape-A-Clamps-line-drawing-300x273.jpg\" data-was-processed=\"true\" srcset=\"https:\/\/conexmetals.com\/wp-content\/uploads\/2023\/08\/Rod-To-Tape-A-Clamps-line-drawing-300x273.jpg 300w, https:\/\/conexmetals.com\/wp-content\/uploads\/2023\/08\/Rod-To-Tape-A-Clamps-line-drawing.jpg 401w\" sizes=\"(max-width: 300px) 100vw, 300px\" \/><span>Grampos A de haste para fita, tamb\u00e9m conhecidos como grampos de haste para fita plana, s\u00e3o acess\u00f3rios el\u00e9tricos especializados usados \u200b\u200bpara conectar um condutor de fita de cobre ou alum\u00ednio a uma haste de aterramento. Eles s\u00e3o comumente usados \u200b\u200bem sistemas de aterramento e prote\u00e7\u00e3o contra raios para estabelecer uma conex\u00e3o el\u00e9trica confi\u00e1vel entre o condutor de fita horizontal e a haste de aterramento vertical.<\/span><\/p>\n<p><span>Principais caracter\u00edsticas e usos dos grampos A de haste para fita incluem:<\/span><\/p>\n<ol>\n<li><span>Constru\u00e7\u00e3o: Grampos A de haste para fita s\u00e3o normalmente feitos de materiais de alta resist\u00eancia e resistentes \u00e0 corros\u00e3o, como liga de cobre ou bronze. Isso garante que o grampo forne\u00e7a uma conex\u00e3o dur\u00e1vel e duradoura.<\/span><\/li>\n<li><span>Design: O formato em \u201cA\u201d do grampo permite que ele segure firmemente o condutor de fita plana enquanto se encaixa ao redor da haste de aterramento.<\/span><\/li>\n<li><span>Conex\u00e3o: A haste para grampo de fita A \u00e9 fixada \u00e0 haste de aterramento com parafusos ou porcas, criando uma conex\u00e3o mec\u00e2nica s\u00f3lida.<\/span><\/li>\n<li><span>Termina\u00e7\u00e3o da fita: O condutor da fita \u00e9 inserido no grampo e preso com parafusos para estabelecer uma conex\u00e3o el\u00e9trica de baixa resist\u00eancia.<\/span><\/li>\n<li><span>Versatilidade: Esses grampos s\u00e3o adequados para v\u00e1rios tamanhos de condutores de fita plana, permitindo flexibilidade no design e na instala\u00e7\u00e3o.<\/span><\/li>\n<li><span>Aterramento e liga\u00e7\u00e3o: Grampos tipo A para haste e fita s\u00e3o essenciais para criar conex\u00f5es de aterramento e liga\u00e7\u00e3o eficazes em sistemas el\u00e9tricos e de prote\u00e7\u00e3o contra raios.<\/span><\/li>\n<li><span>Prote\u00e7\u00e3o contra raios: Em sistemas de prote\u00e7\u00e3o contra raios, essas bra\u00e7adeiras ajudam a estabelecer um caminho seguro para que as correntes dos raios descarreguem do terminal de ar (para-raios) atrav\u00e9s do condutor de fita at\u00e9 a haste de aterramento e para o solo.<\/span><\/li>\n<li><span>Seguran\u00e7a el\u00e9trica: Grampos tipo A para haste e fita instalados corretamente garantem a continuidade do sistema de aterramento, reduzindo o risco de perigos el\u00e9tricos e fornecendo um caminho confi\u00e1vel para correntes de falha.<\/span><\/li>\n<\/ol>\n<p><span>Ao instalar grampos A de haste para fita, \u00e9 crucial garantir o torque adequado nos parafusos ou porcas para obter o contato el\u00e9trico necess\u00e1rio entre a fita e o grampo. Seguir as diretrizes do fabricante e os padr\u00f5es da ind\u00fastria \u00e9 essencial para garantir sistemas de aterramento e prote\u00e7\u00e3o contra raios confi\u00e1veis \u200b\u200be compat\u00edveis.<\/span><\/p>\n","protected":false},"featured_media":12556,"template":"","meta":[],"product_brand":[],"product_cat":[381],"product_tag":[],"class_list":{"0":"post-12648","1":"product","2":"type-product","3":"status-publish","4":"has-post-thumbnail","6":"product_cat-acessorios-de-aterramento","8":"first","9":"instock","10":"shipping-taxable","11":"product-type-simple"},"yoast_head":"<!-- This site is optimized with the Yoast SEO plugin v27.3 - https:\/\/yoast.com\/product\/yoast-seo-wordpress\/ -->\n<title>Grampos A de Barra para Fita<\/title>\n<meta name=\"description\" content=\"Descubra os Grampos A de Barra para Fita da Conex Metals, incluindo Grampos de Liga\u00e7\u00e3o \u00e0 Terra e Grampos de Barra de Terra. Nossos var\u00f5es de cobre com alta resist\u00eancia \u00e0 corros\u00e3o e grampos de aterramento em bronze-alum\u00ednio garantem conex\u00f5es mecanicamente fortes. Fabricante, exportador e fornecedor confi\u00e1vel da \u00cdndia.\" \/>\n<meta name=\"robots\" content=\"index, follow, max-snippet:-1, max-image-preview:large, max-video-preview:-1\" \/>\n<link rel=\"canonical\" href=\"https:\/\/conexmetals.com\/pt-br\/produto\/grampos-a-de-barra-para-fita\/\" \/>\n<script type=\"application\/ld+json\" class=\"yoast-schema-graph\">{\"@context\":\"https:\\\/\\\/schema.org\",\"@graph\":[{\"@type\":\"WebPage\",\"@id\":\"https:\\\/\\\/conexmetals.com\\\/pt-br\\\/produto\\\/grampos-a-de-barra-para-fita\\\/\",\"url\":\"https:\\\/\\\/conexmetals.com\\\/pt-br\\\/produto\\\/grampos-a-de-barra-para-fita\\\/\",\"name\":\"Grampos A de Barra para Fita\",\"isPartOf\":{\"@id\":\"https:\\\/\\\/conexmetals.com\\\/pt-br\\\/#website\"},\"primaryImageOfPage\":{\"@id\":\"https:\\\/\\\/conexmetals.com\\\/pt-br\\\/produto\\\/grampos-a-de-barra-para-fita\\\/#primaryimage\"},\"image\":{\"@id\":\"https:\\\/\\\/conexmetals.com\\\/pt-br\\\/produto\\\/grampos-a-de-barra-para-fita\\\/#primaryimage\"},\"thumbnailUrl\":\"https:\\\/\\\/conexmetals.com\\\/wp-content\\\/uploads\\\/2025\\\/01\\\/Grampos-A-de-Barra-para-Fita.webp\",\"datePublished\":\"2023-08-18T05:02:17+00:00\",\"dateModified\":\"2025-01-03T09:20:04+00:00\",\"description\":\"Descubra os Grampos A de Barra para Fita da Conex Metals, incluindo Grampos de Liga\u00e7\u00e3o \u00e0 Terra e Grampos de Barra de Terra. Nossos var\u00f5es de cobre com alta resist\u00eancia \u00e0 corros\u00e3o e grampos de aterramento em bronze-alum\u00ednio garantem conex\u00f5es mecanicamente fortes. Fabricante, exportador e fornecedor confi\u00e1vel da \u00cdndia.\",\"breadcrumb\":{\"@id\":\"https:\\\/\\\/conexmetals.com\\\/pt-br\\\/produto\\\/grampos-a-de-barra-para-fita\\\/#breadcrumb\"},\"inLanguage\":\"pt-BR\",\"potentialAction\":[{\"@type\":\"ReadAction\",\"target\":[\"https:\\\/\\\/conexmetals.com\\\/pt-br\\\/produto\\\/grampos-a-de-barra-para-fita\\\/\"]}]},{\"@type\":\"ImageObject\",\"inLanguage\":\"pt-BR\",\"@id\":\"https:\\\/\\\/conexmetals.com\\\/pt-br\\\/produto\\\/grampos-a-de-barra-para-fita\\\/#primaryimage\",\"url\":\"https:\\\/\\\/conexmetals.com\\\/wp-content\\\/uploads\\\/2025\\\/01\\\/Grampos-A-de-Barra-para-Fita.webp\",\"contentUrl\":\"https:\\\/\\\/conexmetals.com\\\/wp-content\\\/uploads\\\/2025\\\/01\\\/Grampos-A-de-Barra-para-Fita.webp\",\"width\":350,\"height\":350,\"caption\":\"Grampos A de Barra para Fita\"},{\"@type\":\"BreadcrumbList\",\"@id\":\"https:\\\/\\\/conexmetals.com\\\/pt-br\\\/produto\\\/grampos-a-de-barra-para-fita\\\/#breadcrumb\",\"itemListElement\":[{\"@type\":\"ListItem\",\"position\":1,\"name\":\"Home\",\"item\":\"https:\\\/\\\/conexmetals.com\\\/pt-br\\\/lar\\\/\"},{\"@type\":\"ListItem\",\"position\":2,\"name\":\"Products\",\"item\":\"https:\\\/\\\/conexmetals.com\\\/products\\\/\"},{\"@type\":\"ListItem\",\"position\":3,\"name\":\"Grampos A de Barra para Fita\"}]},{\"@type\":\"WebSite\",\"@id\":\"https:\\\/\\\/conexmetals.com\\\/pt-br\\\/#website\",\"url\":\"https:\\\/\\\/conexmetals.com\\\/pt-br\\\/\",\"name\":\"Conex Metals Brass Fittings Brass Parts Copper Parts Brass Components Brass Plumbing Fittings India\",\"description\":\"Manufacturer of Bronze Fittings casting Copper Brass parts components\",\"publisher\":{\"@id\":\"https:\\\/\\\/conexmetals.com\\\/pt-br\\\/#organization\"},\"potentialAction\":[{\"@type\":\"SearchAction\",\"target\":{\"@type\":\"EntryPoint\",\"urlTemplate\":\"https:\\\/\\\/conexmetals.com\\\/pt-br\\\/?s={search_term_string}\"},\"query-input\":{\"@type\":\"PropertyValueSpecification\",\"valueRequired\":true,\"valueName\":\"search_term_string\"}}],\"inLanguage\":\"pt-BR\"},{\"@type\":\"Organization\",\"@id\":\"https:\\\/\\\/conexmetals.com\\\/pt-br\\\/#organization\",\"name\":\"Conex Metals Brass Fittings Brass Parts Copper Parts Brass Components Brass Plumbing Fittings India\",\"url\":\"https:\\\/\\\/conexmetals.com\\\/pt-br\\\/\",\"logo\":{\"@type\":\"ImageObject\",\"inLanguage\":\"pt-BR\",\"@id\":\"https:\\\/\\\/conexmetals.com\\\/pt-br\\\/#\\\/schema\\\/logo\\\/image\\\/\",\"url\":\"https:\\\/\\\/conexmetals.com\\\/wp-content\\\/uploads\\\/2024\\\/03\\\/conex-metals-logo.webp\",\"contentUrl\":\"https:\\\/\\\/conexmetals.com\\\/wp-content\\\/uploads\\\/2024\\\/03\\\/conex-metals-logo.webp\",\"width\":300,\"height\":121,\"caption\":\"Conex Metals Brass Fittings Brass Parts Copper Parts Brass Components Brass Plumbing Fittings India\"},\"image\":{\"@id\":\"https:\\\/\\\/conexmetals.com\\\/pt-br\\\/#\\\/schema\\\/logo\\\/image\\\/\"},\"sameAs\":[\"https:\\\/\\\/www.facebook.com\\\/conexbrass\",\"https:\\\/\\\/x.com\\\/conexindia\",\"https:\\\/\\\/www.linkedin.com\\\/company\\\/conex-metals-india\\\/\",\"https:\\\/\\\/www.instagram.com\\\/conexindia\\\/\"]}]}<\/script>\n<!-- \/ Yoast SEO plugin. -->","yoast_head_json":{"title":"Grampos A de Barra para Fita","description":"Descubra os Grampos A de Barra para Fita da Conex Metals, incluindo Grampos de Liga\u00e7\u00e3o \u00e0 Terra e Grampos de Barra de Terra. Nossos var\u00f5es de cobre com alta resist\u00eancia \u00e0 corros\u00e3o e grampos de aterramento em bronze-alum\u00ednio garantem conex\u00f5es mecanicamente fortes. Fabricante, exportador e fornecedor confi\u00e1vel da \u00cdndia.","robots":{"index":"index","follow":"follow","max-snippet":"max-snippet:-1","max-image-preview":"max-image-preview:large","max-video-preview":"max-video-preview:-1"},"canonical":"https:\/\/conexmetals.com\/pt-br\/produto\/grampos-a-de-barra-para-fita\/","schema":{"@context":"https:\/\/schema.org","@graph":[{"@type":"WebPage","@id":"https:\/\/conexmetals.com\/pt-br\/produto\/grampos-a-de-barra-para-fita\/","url":"https:\/\/conexmetals.com\/pt-br\/produto\/grampos-a-de-barra-para-fita\/","name":"Grampos A de Barra para Fita","isPartOf":{"@id":"https:\/\/conexmetals.com\/pt-br\/#website"},"primaryImageOfPage":{"@id":"https:\/\/conexmetals.com\/pt-br\/produto\/grampos-a-de-barra-para-fita\/#primaryimage"},"image":{"@id":"https:\/\/conexmetals.com\/pt-br\/produto\/grampos-a-de-barra-para-fita\/#primaryimage"},"thumbnailUrl":"https:\/\/conexmetals.com\/wp-content\/uploads\/2025\/01\/Grampos-A-de-Barra-para-Fita.webp","datePublished":"2023-08-18T05:02:17+00:00","dateModified":"2025-01-03T09:20:04+00:00","description":"Descubra os Grampos A de Barra para Fita da Conex Metals, incluindo Grampos de Liga\u00e7\u00e3o \u00e0 Terra e Grampos de Barra de Terra. Nossos var\u00f5es de cobre com alta resist\u00eancia \u00e0 corros\u00e3o e grampos de aterramento em bronze-alum\u00ednio garantem conex\u00f5es mecanicamente fortes. Fabricante, exportador e fornecedor confi\u00e1vel da \u00cdndia.","breadcrumb":{"@id":"https:\/\/conexmetals.com\/pt-br\/produto\/grampos-a-de-barra-para-fita\/#breadcrumb"},"inLanguage":"pt-BR","potentialAction":[{"@type":"ReadAction","target":["https:\/\/conexmetals.com\/pt-br\/produto\/grampos-a-de-barra-para-fita\/"]}]},{"@type":"ImageObject","inLanguage":"pt-BR","@id":"https:\/\/conexmetals.com\/pt-br\/produto\/grampos-a-de-barra-para-fita\/#primaryimage","url":"https:\/\/conexmetals.com\/wp-content\/uploads\/2025\/01\/Grampos-A-de-Barra-para-Fita.webp","contentUrl":"https:\/\/conexmetals.com\/wp-content\/uploads\/2025\/01\/Grampos-A-de-Barra-para-Fita.webp","width":350,"height":350,"caption":"Grampos A de Barra para Fita"},{"@type":"BreadcrumbList","@id":"https:\/\/conexmetals.com\/pt-br\/produto\/grampos-a-de-barra-para-fita\/#breadcrumb","itemListElement":[{"@type":"ListItem","position":1,"name":"Home","item":"https:\/\/conexmetals.com\/pt-br\/lar\/"},{"@type":"ListItem","position":2,"name":"Products","item":"https:\/\/conexmetals.com\/products\/"},{"@type":"ListItem","position":3,"name":"Grampos A de Barra para Fita"}]},{"@type":"WebSite","@id":"https:\/\/conexmetals.com\/pt-br\/#website","url":"https:\/\/conexmetals.com\/pt-br\/","name":"Conex Metals Brass Fittings Brass Parts Copper Parts Brass Components Brass Plumbing Fittings India","description":"Manufacturer of Bronze Fittings casting Copper Brass parts components","publisher":{"@id":"https:\/\/conexmetals.com\/pt-br\/#organization"},"potentialAction":[{"@type":"SearchAction","target":{"@type":"EntryPoint","urlTemplate":"https:\/\/conexmetals.com\/pt-br\/?s={search_term_string}"},"query-input":{"@type":"PropertyValueSpecification","valueRequired":true,"valueName":"search_term_string"}}],"inLanguage":"pt-BR"},{"@type":"Organization","@id":"https:\/\/conexmetals.com\/pt-br\/#organization","name":"Conex Metals Brass Fittings Brass Parts Copper Parts Brass Components Brass Plumbing Fittings India","url":"https:\/\/conexmetals.com\/pt-br\/","logo":{"@type":"ImageObject","inLanguage":"pt-BR","@id":"https:\/\/conexmetals.com\/pt-br\/#\/schema\/logo\/image\/","url":"https:\/\/conexmetals.com\/wp-content\/uploads\/2024\/03\/conex-metals-logo.webp","contentUrl":"https:\/\/conexmetals.com\/wp-content\/uploads\/2024\/03\/conex-metals-logo.webp","width":300,"height":121,"caption":"Conex Metals Brass Fittings Brass Parts Copper Parts Brass Components Brass Plumbing Fittings India"},"image":{"@id":"https:\/\/conexmetals.com\/pt-br\/#\/schema\/logo\/image\/"},"sameAs":["https:\/\/www.facebook.com\/conexbrass","https:\/\/x.com\/conexindia","https:\/\/www.linkedin.com\/company\/conex-metals-india\/","https:\/\/www.instagram.com\/conexindia\/"]}]}},"_links":{"self":[{"href":"https:\/\/conexmetals.com\/pt-br\/wp-json\/wp\/v2\/product\/12648","targetHints":{"allow":["GET"]}}],"collection":[{"href":"https:\/\/conexmetals.com\/pt-br\/wp-json\/wp\/v2\/product"}],"about":[{"href":"https:\/\/conexmetals.com\/pt-br\/wp-json\/wp\/v2\/types\/product"}],"wp:featuredmedia":[{"embeddable":true,"href":"https:\/\/conexmetals.com\/pt-br\/wp-json\/wp\/v2\/media\/12556"}],"wp:attachment":[{"href":"https:\/\/conexmetals.com\/pt-br\/wp-json\/wp\/v2\/media?parent=12648"}],"wp:term":[{"taxonomy":"product_brand","embeddable":true,"href":"https:\/\/conexmetals.com\/pt-br\/wp-json\/wp\/v2\/product_brand?post=12648"},{"taxonomy":"product_cat","embeddable":true,"href":"https:\/\/conexmetals.com\/pt-br\/wp-json\/wp\/v2\/product_cat?post=12648"},{"taxonomy":"product_tag","embeddable":true,"href":"https:\/\/conexmetals.com\/pt-br\/wp-json\/wp\/v2\/product_tag?post=12648"}],"curies":[{"name":"wp","href":"https:\/\/api.w.org\/{rel}","templated":true}]}}